{"id":1848799,"date":"2024-09-17T17:00:23","date_gmt":"2024-09-17T14:00:23","guid":{"rendered":"http:\/\/ruuby.ee\/?post_type=product&#038;p=1848799"},"modified":"2026-04-08T01:28:32","modified_gmt":"2026-04-07T22:28:32","slug":"patti-oslo-heegeldatud-manguasi-lammas-trikooga","status":"publish","type":"product","link":"https:\/\/ruuby.ee\/en\/pood\/lapsed\/pehmed-manguasjad\/patti-oslo-heegeldatud-manguasi-lammas-trikooga\/","title":{"rendered":"Patti OSLO &#8211; Heegeldatud m\u00e4nguasi, Lammas trikooga"},"content":{"rendered":"<p>Eksklusiivselt k\u00e4sitsi valmistatud GOTS-sertifikaadiga orgaanilisest puuvillast. Meie maagiliste k\u00e4tega osavad naisk\u00e4sit\u00f6\u00f6lised valmistavad iga t\u00fcki armastusega, kasutades traditsioonilisi tehnikaid. Iga ese on t\u00f5eliselt ainulaadne ja kannab selle valmistanud k\u00e4sit\u00f6\u00f6lise individuaalsust. K\u00f5ik meie m\u00e4nguasjad on tundliku naha jaoks ohutud.<\/p>\n<p>Disainitud Norras<br \/>\nEetiliselt k\u00e4sitsi valmistatud T\u00fcrkiye linnas<\/p>\n<p>&#8211; 100% orgaaniline puuvill<br \/>\n&#8211; H\u00fcpoallergeenne, antibakteriaalne<br \/>\n&#8211; Mittetoksilised v\u00e4rvained: keskkonnas\u00f5bralikud v\u00e4rvained<br \/>\n&#8211; T\u00e4idised: taaskasutatud pol\u00fcester (\u00fclemaailmne ringlussev\u00f5tu standard)<br \/>\n&#8211; Suurus: umbes 26 cm<\/p>\n<p>Vastab CE standarditele<br \/>\nSobib alates s\u00fcnnist<\/p>\n<p><strong>Puhastusjuhised<\/strong><br \/>\nKasutage alati pehmet pesuainet ja jahedat vett.<br \/>\nPunktpuhastus v\u00f5i k\u00e4sipesu 30\u00baC \u00f5rna ts\u00fckliga. Pigistage \u00f5rnalt ja asetage kuivama.<\/p>","protected":false},"excerpt":{"rendered":"<p>Meie lambake on suveks valmis elegantse ja moeka ujumistrikooga.<\/p>","protected":false},"featured_media":1848800,"comment_status":"closed","ping_status":"closed","template":"","meta":[],"product_brand":[],"product_cat":[22,849],"product_tag":[],"class_list":{"0":"post-1848799","1":"product","2":"type-product","3":"status-publish","4":"has-post-thumbnail","6":"product_cat-lapsed","7":"product_cat-pehmed-manguasjad","9":"first","10":"instock","11":"taxable","12":"shipping-taxable","13":"purchasable","14":"product-type-simple"},"yoast_head":"<!-- This site is optimized with the Yoast SEO plugin v27.3 - https:\/\/yoast.com\/product\/yoast-seo-wordpress\/ -->\n<title>Patti OSLO - Heegeldatud m\u00e4nguasi, Lammas trikooga - RUUBY<\/title>\n<meta name=\"robots\" content=\"index, follow, max-snippet:-1, max-image-preview:large, max-video-preview:-1\" \/>\n<link rel=\"canonical\" href=\"http:\/\/ruuby.ee\/en\/pood\/lapsed\/pehmed-manguasjad\/patti-oslo-heegeldatud-manguasi-lammas-trikooga\/\" \/>\n<meta property=\"og:locale\" content=\"en_GB\" \/>\n<meta property=\"og:type\" content=\"article\" \/>\n<meta property=\"og:title\" content=\"Patti OSLO - Heegeldatud m\u00e4nguasi, Lammas trikooga - RUUBY\" \/>\n<meta property=\"og:description\" content=\"Meie lambake on suveks valmis elegantse ja moeka ujumistrikooga.\" \/>\n<meta property=\"og:url\" content=\"http:\/\/ruuby.ee\/en\/pood\/lapsed\/pehmed-manguasjad\/patti-oslo-heegeldatud-manguasi-lammas-trikooga\/\" \/>\n<meta property=\"og:site_name\" content=\"RUUBY\" \/>\n<meta property=\"article:publisher\" content=\"https:\/\/www.facebook.com\/ruubyconcept\" \/>\n<meta property=\"article:modified_time\" content=\"2026-04-07T22:28:32+00:00\" \/>\n<meta property=\"og:image\" content=\"http:\/\/ruuby.ee\/wp-content\/uploads\/2024\/09\/Screenshot-2024-09-17-at-17.03.00.png\" \/>\n\t<meta property=\"og:image:width\" content=\"1492\" \/>\n\t<meta property=\"og:image:height\" content=\"1364\" \/>\n\t<meta property=\"og:image:type\" content=\"image\/png\" \/>\n<meta name=\"twitter:card\" content=\"summary_large_image\" \/>\n<meta name=\"twitter:label1\" content=\"Estimated reading time\" \/>\n\t<meta name=\"twitter:data1\" content=\"1 minute\" \/>\n<script type=\"application\/ld+json\" class=\"yoast-schema-graph\">{\"@context\":\"https:\\\/\\\/schema.org\",\"@graph\":[{\"@type\":[\"WebPage\",\"ItemPage\"],\"@id\":\"http:\\\/\\\/ruuby.ee\\\/pood\\\/lapsed\\\/pehmed-manguasjad\\\/patti-oslo-heegeldatud-manguasi-lammas-trikooga\\\/\",\"url\":\"http:\\\/\\\/ruuby.ee\\\/pood\\\/lapsed\\\/pehmed-manguasjad\\\/patti-oslo-heegeldatud-manguasi-lammas-trikooga\\\/\",\"name\":\"Patti OSLO - Heegeldatud m\u00e4nguasi, Lammas trikooga - RUUBY\",\"isPartOf\":{\"@id\":\"http:\\\/\\\/ruuby.ee\\\/en\\\/#website\"},\"primaryImageOfPage\":{\"@id\":\"http:\\\/\\\/ruuby.ee\\\/pood\\\/lapsed\\\/pehmed-manguasjad\\\/patti-oslo-heegeldatud-manguasi-lammas-trikooga\\\/#primaryimage\"},\"image\":{\"@id\":\"http:\\\/\\\/ruuby.ee\\\/pood\\\/lapsed\\\/pehmed-manguasjad\\\/patti-oslo-heegeldatud-manguasi-lammas-trikooga\\\/#primaryimage\"},\"thumbnailUrl\":\"https:\\\/\\\/ruuby.ee\\\/wp-content\\\/uploads\\\/2024\\\/09\\\/Screenshot-2024-09-17-at-17.03.00.png\",\"datePublished\":\"2024-09-17T14:00:23+00:00\",\"dateModified\":\"2026-04-07T22:28:32+00:00\",\"breadcrumb\":{\"@id\":\"http:\\\/\\\/ruuby.ee\\\/pood\\\/lapsed\\\/pehmed-manguasjad\\\/patti-oslo-heegeldatud-manguasi-lammas-trikooga\\\/#breadcrumb\"},\"inLanguage\":\"en-GB\",\"potentialAction\":[{\"@type\":\"ReadAction\",\"target\":[\"http:\\\/\\\/ruuby.ee\\\/pood\\\/lapsed\\\/pehmed-manguasjad\\\/patti-oslo-heegeldatud-manguasi-lammas-trikooga\\\/\"]}]},{\"@type\":\"ImageObject\",\"inLanguage\":\"en-GB\",\"@id\":\"http:\\\/\\\/ruuby.ee\\\/pood\\\/lapsed\\\/pehmed-manguasjad\\\/patti-oslo-heegeldatud-manguasi-lammas-trikooga\\\/#primaryimage\",\"url\":\"https:\\\/\\\/ruuby.ee\\\/wp-content\\\/uploads\\\/2024\\\/09\\\/Screenshot-2024-09-17-at-17.03.00.png\",\"contentUrl\":\"https:\\\/\\\/ruuby.ee\\\/wp-content\\\/uploads\\\/2024\\\/09\\\/Screenshot-2024-09-17-at-17.03.00.png\",\"width\":1492,\"height\":1364},{\"@type\":\"BreadcrumbList\",\"@id\":\"http:\\\/\\\/ruuby.ee\\\/pood\\\/lapsed\\\/pehmed-manguasjad\\\/patti-oslo-heegeldatud-manguasi-lammas-trikooga\\\/#breadcrumb\",\"itemListElement\":[{\"@type\":\"ListItem\",\"position\":1,\"name\":\"Kdu\",\"item\":\"http:\\\/\\\/ruuby.ee\\\/en\\\/\"},{\"@type\":\"ListItem\",\"position\":2,\"name\":\"Pood\",\"item\":\"http:\\\/\\\/ruuby.ee\\\/en\\\/pood\\\/\"},{\"@type\":\"ListItem\",\"position\":3,\"name\":\"Patti OSLO &#8211; Heegeldatud m\u00e4nguasi, Lammas trikooga\"}]},{\"@type\":\"WebSite\",\"@id\":\"http:\\\/\\\/ruuby.ee\\\/en\\\/#website\",\"url\":\"http:\\\/\\\/ruuby.ee\\\/en\\\/\",\"name\":\"RUUBY\",\"description\":\"Ruubys on \u00fchendatud elustiil ja disain\",\"publisher\":{\"@id\":\"http:\\\/\\\/ruuby.ee\\\/en\\\/#organization\"},\"alternateName\":\"Ruuby Disain\",\"potentialAction\":[{\"@type\":\"SearchAction\",\"target\":{\"@type\":\"EntryPoint\",\"urlTemplate\":\"http:\\\/\\\/ruuby.ee\\\/en\\\/?s={search_term_string}\"},\"query-input\":{\"@type\":\"PropertyValueSpecification\",\"valueRequired\":true,\"valueName\":\"search_term_string\"}}],\"inLanguage\":\"en-GB\"},{\"@type\":\"Organization\",\"@id\":\"http:\\\/\\\/ruuby.ee\\\/en\\\/#organization\",\"name\":\"Ruuby Disain O\u00dc\",\"alternateName\":\"Ruuby\",\"url\":\"http:\\\/\\\/ruuby.ee\\\/en\\\/\",\"logo\":{\"@type\":\"ImageObject\",\"inLanguage\":\"en-GB\",\"@id\":\"http:\\\/\\\/ruuby.ee\\\/en\\\/#\\\/schema\\\/logo\\\/image\\\/\",\"url\":\"https:\\\/\\\/ruuby.ee\\\/wp-content\\\/uploads\\\/2023\\\/06\\\/cropped-Black-White-Elegant-Circle-Signature-Fashion-Logo-12_large.png\",\"contentUrl\":\"https:\\\/\\\/ruuby.ee\\\/wp-content\\\/uploads\\\/2023\\\/06\\\/cropped-Black-White-Elegant-Circle-Signature-Fashion-Logo-12_large.png\",\"width\":1280,\"height\":747,\"caption\":\"Ruuby Disain O\u00dc\"},\"image\":{\"@id\":\"http:\\\/\\\/ruuby.ee\\\/en\\\/#\\\/schema\\\/logo\\\/image\\\/\"},\"sameAs\":[\"https:\\\/\\\/www.facebook.com\\\/ruubyconcept\",\"https:\\\/\\\/www.instagram.com\\\/ruuby_concept\\\/\"]}]}<\/script>\n<!-- \/ Yoast SEO plugin. -->","yoast_head_json":{"title":"Patti OSLO - Heegeldatud m\u00e4nguasi, Lammas trikooga - RUUBY","robots":{"index":"index","follow":"follow","max-snippet":"max-snippet:-1","max-image-preview":"max-image-preview:large","max-video-preview":"max-video-preview:-1"},"canonical":"http:\/\/ruuby.ee\/en\/pood\/lapsed\/pehmed-manguasjad\/patti-oslo-heegeldatud-manguasi-lammas-trikooga\/","og_locale":"en_GB","og_type":"article","og_title":"Patti OSLO - Heegeldatud m\u00e4nguasi, Lammas trikooga - RUUBY","og_description":"Meie lambake on suveks valmis elegantse ja moeka ujumistrikooga.","og_url":"http:\/\/ruuby.ee\/en\/pood\/lapsed\/pehmed-manguasjad\/patti-oslo-heegeldatud-manguasi-lammas-trikooga\/","og_site_name":"RUUBY","article_publisher":"https:\/\/www.facebook.com\/ruubyconcept","article_modified_time":"2026-04-07T22:28:32+00:00","og_image":[{"width":1492,"height":1364,"url":"http:\/\/ruuby.ee\/wp-content\/uploads\/2024\/09\/Screenshot-2024-09-17-at-17.03.00.png","type":"image\/png"}],"twitter_card":"summary_large_image","twitter_misc":{"Estimated reading time":"1 minute"},"schema":{"@context":"https:\/\/schema.org","@graph":[{"@type":["WebPage","ItemPage"],"@id":"http:\/\/ruuby.ee\/pood\/lapsed\/pehmed-manguasjad\/patti-oslo-heegeldatud-manguasi-lammas-trikooga\/","url":"http:\/\/ruuby.ee\/pood\/lapsed\/pehmed-manguasjad\/patti-oslo-heegeldatud-manguasi-lammas-trikooga\/","name":"Patti OSLO - Heegeldatud m\u00e4nguasi, Lammas trikooga - RUUBY","isPartOf":{"@id":"http:\/\/ruuby.ee\/en\/#website"},"primaryImageOfPage":{"@id":"http:\/\/ruuby.ee\/pood\/lapsed\/pehmed-manguasjad\/patti-oslo-heegeldatud-manguasi-lammas-trikooga\/#primaryimage"},"image":{"@id":"http:\/\/ruuby.ee\/pood\/lapsed\/pehmed-manguasjad\/patti-oslo-heegeldatud-manguasi-lammas-trikooga\/#primaryimage"},"thumbnailUrl":"https:\/\/ruuby.ee\/wp-content\/uploads\/2024\/09\/Screenshot-2024-09-17-at-17.03.00.png","datePublished":"2024-09-17T14:00:23+00:00","dateModified":"2026-04-07T22:28:32+00:00","breadcrumb":{"@id":"http:\/\/ruuby.ee\/pood\/lapsed\/pehmed-manguasjad\/patti-oslo-heegeldatud-manguasi-lammas-trikooga\/#breadcrumb"},"inLanguage":"en-GB","potentialAction":[{"@type":"ReadAction","target":["http:\/\/ruuby.ee\/pood\/lapsed\/pehmed-manguasjad\/patti-oslo-heegeldatud-manguasi-lammas-trikooga\/"]}]},{"@type":"ImageObject","inLanguage":"en-GB","@id":"http:\/\/ruuby.ee\/pood\/lapsed\/pehmed-manguasjad\/patti-oslo-heegeldatud-manguasi-lammas-trikooga\/#primaryimage","url":"https:\/\/ruuby.ee\/wp-content\/uploads\/2024\/09\/Screenshot-2024-09-17-at-17.03.00.png","contentUrl":"https:\/\/ruuby.ee\/wp-content\/uploads\/2024\/09\/Screenshot-2024-09-17-at-17.03.00.png","width":1492,"height":1364},{"@type":"BreadcrumbList","@id":"http:\/\/ruuby.ee\/pood\/lapsed\/pehmed-manguasjad\/patti-oslo-heegeldatud-manguasi-lammas-trikooga\/#breadcrumb","itemListElement":[{"@type":"ListItem","position":1,"name":"Kdu","item":"http:\/\/ruuby.ee\/en\/"},{"@type":"ListItem","position":2,"name":"Pood","item":"http:\/\/ruuby.ee\/en\/pood\/"},{"@type":"ListItem","position":3,"name":"Patti OSLO &#8211; Heegeldatud m\u00e4nguasi, Lammas trikooga"}]},{"@type":"WebSite","@id":"http:\/\/ruuby.ee\/en\/#website","url":"http:\/\/ruuby.ee\/en\/","name":"RUUBY","description":"Ruubys on \u00fchendatud elustiil ja disain","publisher":{"@id":"http:\/\/ruuby.ee\/en\/#organization"},"alternateName":"Ruuby Disain","potentialAction":[{"@type":"SearchAction","target":{"@type":"EntryPoint","urlTemplate":"http:\/\/ruuby.ee\/en\/?s={search_term_string}"},"query-input":{"@type":"PropertyValueSpecification","valueRequired":true,"valueName":"search_term_string"}}],"inLanguage":"en-GB"},{"@type":"Organization","@id":"http:\/\/ruuby.ee\/en\/#organization","name":"Ruuby Disain O\u00dc","alternateName":"Ruuby","url":"http:\/\/ruuby.ee\/en\/","logo":{"@type":"ImageObject","inLanguage":"en-GB","@id":"http:\/\/ruuby.ee\/en\/#\/schema\/logo\/image\/","url":"https:\/\/ruuby.ee\/wp-content\/uploads\/2023\/06\/cropped-Black-White-Elegant-Circle-Signature-Fashion-Logo-12_large.png","contentUrl":"https:\/\/ruuby.ee\/wp-content\/uploads\/2023\/06\/cropped-Black-White-Elegant-Circle-Signature-Fashion-Logo-12_large.png","width":1280,"height":747,"caption":"Ruuby Disain O\u00dc"},"image":{"@id":"http:\/\/ruuby.ee\/en\/#\/schema\/logo\/image\/"},"sameAs":["https:\/\/www.facebook.com\/ruubyconcept","https:\/\/www.instagram.com\/ruuby_concept\/"]}]}},"jetpack_sharing_enabled":true,"_links":{"self":[{"href":"https:\/\/ruuby.ee\/en\/wp-json\/wp\/v2\/product\/1848799","targetHints":{"allow":["GET"]}}],"collection":[{"href":"https:\/\/ruuby.ee\/en\/wp-json\/wp\/v2\/product"}],"about":[{"href":"https:\/\/ruuby.ee\/en\/wp-json\/wp\/v2\/types\/product"}],"replies":[{"embeddable":true,"href":"https:\/\/ruuby.ee\/en\/wp-json\/wp\/v2\/comments?post=1848799"}],"wp:featuredmedia":[{"embeddable":true,"href":"https:\/\/ruuby.ee\/en\/wp-json\/wp\/v2\/media\/1848800"}],"wp:attachment":[{"href":"https:\/\/ruuby.ee\/en\/wp-json\/wp\/v2\/media?parent=1848799"}],"wp:term":[{"taxonomy":"product_brand","embeddable":true,"href":"https:\/\/ruuby.ee\/en\/wp-json\/wp\/v2\/product_brand?post=1848799"},{"taxonomy":"product_cat","embeddable":true,"href":"https:\/\/ruuby.ee\/en\/wp-json\/wp\/v2\/product_cat?post=1848799"},{"taxonomy":"product_tag","embeddable":true,"href":"https:\/\/ruuby.ee\/en\/wp-json\/wp\/v2\/product_tag?post=1848799"}],"curies":[{"name":"wp","href":"https:\/\/api.w.org\/{rel}","templated":true}]}}