{"id":1848632,"date":"2024-09-11T13:27:18","date_gmt":"2024-09-11T10:27:18","guid":{"rendered":"http:\/\/ruuby.ee\/?post_type=product&#038;p=1848632"},"modified":"2026-04-08T01:28:33","modified_gmt":"2026-04-07T22:28:33","slug":"nore-lohnastatud-vahapala-kookos-vanilje-mandel","status":"publish","type":"product","link":"https:\/\/ruuby.ee\/en\/pood\/kodusisustus\/kuunlad\/vahapalad\/nore-lohnastatud-vahapala-kookos-vanilje-mandel\/","title":{"rendered":"NORE &#8211; l\u00f5hnastatud vahapala, Kookos-vanilje-mandel"},"content":{"rendered":"<p><span class=\"OYPEnA text-decoration-none text-strikethrough-none\">Kreemine ja suveho\u0303nguline kooslus, milles p\u00f5imuvad troopiline kookos, magus vanilje ja rikkalik mandel. Lo\u0303hnale lisavad tsitruselist v\u00e4rskust apelsin ja bergamott.<\/span><\/p>\n<p>Nore l\u00f5hnastatud vahapalad valmivad k\u00e4sit\u00f6\u00f6na k\u00f5rge kvaliteediga 100% sojavahast ning k\u00f5rgekvaliteedilistest aroomi\u00f5lidest.<\/p>\n<p>L\u00f5hnastatud vahapalad sobivad kasutamiseks keraamilises aroomilambis v\u00f5i elektroonilises vahasulatajas. Aseta vahapala aroomilambi n\u00f5usse ning s\u00fc\u00fcta alumises avas teek\u00fc\u00fcnal. Keraamiseses aroomilambis kasuta 4h teek\u00fc\u00fcnalt (mitte kasutada 8h teek\u00fc\u00fcnalt, see v\u00f5ib kahjustada teie aroomilampi). \u00c4ra p\u00f5leta k\u00fc\u00fcnalt j\u00e4relvalveta ega kergelt s\u00fcttivate esemete l\u00e4hedal. Hoia lastele ja loomadele k\u00e4ttesaamatus kohas.<\/p>\n<p>Karbis on 18 vahapala.<\/p>\n<p>Tunne enda vahapaladest r\u00f5\u00f5mu!<\/p>\n<p>&nbsp;<\/p>","protected":false},"excerpt":{"rendered":"<p>Kreemine ja suveho\u0303nguline kooslus, milles p\u00f5imuvad troopiline kookos, magus vanilje ja rikkalik mandel. Lo\u0303hnale lisavad tsitruselist v\u00e4rskust apelsin ja bergamott. Nore l\u00f5hnastatud vahapalad valmivad k\u00e4sit\u00f6\u00f6na k\u00f5rge kvaliteediga 100% sojavahast ning k\u00f5rgekvaliteedilistest aroomi\u00f5lidest. L\u00f5hnastatud vahapalad sobivad kasutamiseks keraamilises aroomilambis v\u00f5i elektroonilises vahasulatajas. Aseta vahapala aroomilambi n\u00f5usse ning s\u00fc\u00fcta alumises avas teek\u00fc\u00fcnal. Keraamiseses aroomilambis kasuta 4h teek\u00fc\u00fcnalt [&hellip;]<\/p>\n","protected":false},"featured_media":1848633,"comment_status":"open","ping_status":"closed","template":"","meta":[],"product_brand":[],"product_cat":[54,743],"product_tag":[],"class_list":{"0":"post-1848632","1":"product","2":"type-product","3":"status-publish","4":"has-post-thumbnail","6":"product_cat-kuunlad","7":"product_cat-vahapalad","9":"first","10":"instock","11":"taxable","12":"shipping-taxable","13":"purchasable","14":"product-type-simple"},"yoast_head":"<!-- This site is optimized with the Yoast SEO plugin v27.3 - https:\/\/yoast.com\/product\/yoast-seo-wordpress\/ -->\n<title>NORE - l\u00f5hnastatud vahapala, Kookos-vanilje-mandel - RUUBY<\/title>\n<meta name=\"robots\" content=\"index, follow, max-snippet:-1, max-image-preview:large, max-video-preview:-1\" \/>\n<link rel=\"canonical\" href=\"https:\/\/ruuby.ee\/en\/pood\/kodusisustus\/kuunlad\/vahapalad\/nore-lohnastatud-vahapala-kookos-vanilje-mandel\/\" \/>\n<meta property=\"og:locale\" content=\"en_GB\" \/>\n<meta property=\"og:type\" content=\"article\" \/>\n<meta property=\"og:title\" content=\"NORE - l\u00f5hnastatud vahapala, Kookos-vanilje-mandel - RUUBY\" \/>\n<meta property=\"og:description\" content=\"Kreemine ja suveho\u0303nguline kooslus, milles p\u00f5imuvad troopiline kookos, magus vanilje ja rikkalik mandel. Lo\u0303hnale lisavad tsitruselist v\u00e4rskust apelsin ja bergamott. Nore l\u00f5hnastatud vahapalad valmivad k\u00e4sit\u00f6\u00f6na k\u00f5rge kvaliteediga 100% sojavahast ning k\u00f5rgekvaliteedilistest aroomi\u00f5lidest. L\u00f5hnastatud vahapalad sobivad kasutamiseks keraamilises aroomilambis v\u00f5i elektroonilises vahasulatajas. Aseta vahapala aroomilambi n\u00f5usse ning s\u00fc\u00fcta alumises avas teek\u00fc\u00fcnal. Keraamiseses aroomilambis kasuta 4h teek\u00fc\u00fcnalt [&hellip;]\" \/>\n<meta property=\"og:url\" content=\"https:\/\/ruuby.ee\/en\/pood\/kodusisustus\/kuunlad\/vahapalad\/nore-lohnastatud-vahapala-kookos-vanilje-mandel\/\" \/>\n<meta property=\"og:site_name\" content=\"RUUBY\" \/>\n<meta property=\"article:publisher\" content=\"https:\/\/www.facebook.com\/ruubyconcept\" \/>\n<meta property=\"article:modified_time\" content=\"2026-04-07T22:28:33+00:00\" \/>\n<meta property=\"og:image\" content=\"https:\/\/ruuby.ee\/wp-content\/uploads\/2024\/09\/Screenshot-2024-09-11-at-13.27.27.png\" \/>\n\t<meta property=\"og:image:width\" content=\"896\" \/>\n\t<meta property=\"og:image:height\" content=\"1118\" \/>\n\t<meta property=\"og:image:type\" content=\"image\/png\" \/>\n<meta name=\"twitter:card\" content=\"summary_large_image\" \/>\n<meta name=\"twitter:label1\" content=\"Estimated reading time\" \/>\n\t<meta name=\"twitter:data1\" content=\"1 minute\" \/>\n<script type=\"application\/ld+json\" class=\"yoast-schema-graph\">{\"@context\":\"https:\\\/\\\/schema.org\",\"@graph\":[{\"@type\":[\"WebPage\",\"ItemPage\"],\"@id\":\"https:\\\/\\\/ruuby.ee\\\/pood\\\/kodusisustus\\\/kuunlad\\\/vahapalad\\\/nore-lohnastatud-vahapala-kookos-vanilje-mandel\\\/\",\"url\":\"https:\\\/\\\/ruuby.ee\\\/pood\\\/kodusisustus\\\/kuunlad\\\/vahapalad\\\/nore-lohnastatud-vahapala-kookos-vanilje-mandel\\\/\",\"name\":\"NORE - l\u00f5hnastatud vahapala, Kookos-vanilje-mandel - RUUBY\",\"isPartOf\":{\"@id\":\"https:\\\/\\\/ruuby.ee\\\/#website\"},\"primaryImageOfPage\":{\"@id\":\"https:\\\/\\\/ruuby.ee\\\/pood\\\/kodusisustus\\\/kuunlad\\\/vahapalad\\\/nore-lohnastatud-vahapala-kookos-vanilje-mandel\\\/#primaryimage\"},\"image\":{\"@id\":\"https:\\\/\\\/ruuby.ee\\\/pood\\\/kodusisustus\\\/kuunlad\\\/vahapalad\\\/nore-lohnastatud-vahapala-kookos-vanilje-mandel\\\/#primaryimage\"},\"thumbnailUrl\":\"https:\\\/\\\/ruuby.ee\\\/wp-content\\\/uploads\\\/2024\\\/09\\\/Screenshot-2024-09-11-at-13.27.27.png\",\"datePublished\":\"2024-09-11T10:27:18+00:00\",\"dateModified\":\"2026-04-07T22:28:33+00:00\",\"breadcrumb\":{\"@id\":\"https:\\\/\\\/ruuby.ee\\\/pood\\\/kodusisustus\\\/kuunlad\\\/vahapalad\\\/nore-lohnastatud-vahapala-kookos-vanilje-mandel\\\/#breadcrumb\"},\"inLanguage\":\"en-GB\",\"potentialAction\":[{\"@type\":\"ReadAction\",\"target\":[\"https:\\\/\\\/ruuby.ee\\\/pood\\\/kodusisustus\\\/kuunlad\\\/vahapalad\\\/nore-lohnastatud-vahapala-kookos-vanilje-mandel\\\/\"]}]},{\"@type\":\"ImageObject\",\"inLanguage\":\"en-GB\",\"@id\":\"https:\\\/\\\/ruuby.ee\\\/pood\\\/kodusisustus\\\/kuunlad\\\/vahapalad\\\/nore-lohnastatud-vahapala-kookos-vanilje-mandel\\\/#primaryimage\",\"url\":\"https:\\\/\\\/ruuby.ee\\\/wp-content\\\/uploads\\\/2024\\\/09\\\/Screenshot-2024-09-11-at-13.27.27.png\",\"contentUrl\":\"https:\\\/\\\/ruuby.ee\\\/wp-content\\\/uploads\\\/2024\\\/09\\\/Screenshot-2024-09-11-at-13.27.27.png\",\"width\":896,\"height\":1118},{\"@type\":\"BreadcrumbList\",\"@id\":\"https:\\\/\\\/ruuby.ee\\\/pood\\\/kodusisustus\\\/kuunlad\\\/vahapalad\\\/nore-lohnastatud-vahapala-kookos-vanilje-mandel\\\/#breadcrumb\",\"itemListElement\":[{\"@type\":\"ListItem\",\"position\":1,\"name\":\"Kdu\",\"item\":\"https:\\\/\\\/ruuby.ee\\\/\"},{\"@type\":\"ListItem\",\"position\":2,\"name\":\"Pood\",\"item\":\"https:\\\/\\\/ruuby.ee\\\/pood\\\/\"},{\"@type\":\"ListItem\",\"position\":3,\"name\":\"NORE &#8211; l\u00f5hnastatud vahapala, Kookos-vanilje-mandel\"}]},{\"@type\":\"WebSite\",\"@id\":\"https:\\\/\\\/ruuby.ee\\\/#website\",\"url\":\"https:\\\/\\\/ruuby.ee\\\/\",\"name\":\"RUUBY\",\"description\":\"Ruubys on \u00fchendatud elustiil ja disain\",\"publisher\":{\"@id\":\"https:\\\/\\\/ruuby.ee\\\/#organization\"},\"alternateName\":\"Ruuby Disain\",\"potentialAction\":[{\"@type\":\"SearchAction\",\"target\":{\"@type\":\"EntryPoint\",\"urlTemplate\":\"https:\\\/\\\/ruuby.ee\\\/?s={search_term_string}\"},\"query-input\":{\"@type\":\"PropertyValueSpecification\",\"valueRequired\":true,\"valueName\":\"search_term_string\"}}],\"inLanguage\":\"en-GB\"},{\"@type\":\"Organization\",\"@id\":\"https:\\\/\\\/ruuby.ee\\\/#organization\",\"name\":\"Ruuby Disain O\u00dc\",\"alternateName\":\"Ruuby\",\"url\":\"https:\\\/\\\/ruuby.ee\\\/\",\"logo\":{\"@type\":\"ImageObject\",\"inLanguage\":\"en-GB\",\"@id\":\"https:\\\/\\\/ruuby.ee\\\/#\\\/schema\\\/logo\\\/image\\\/\",\"url\":\"https:\\\/\\\/ruuby.ee\\\/wp-content\\\/uploads\\\/2023\\\/06\\\/cropped-Black-White-Elegant-Circle-Signature-Fashion-Logo-12_large.png\",\"contentUrl\":\"https:\\\/\\\/ruuby.ee\\\/wp-content\\\/uploads\\\/2023\\\/06\\\/cropped-Black-White-Elegant-Circle-Signature-Fashion-Logo-12_large.png\",\"width\":1280,\"height\":747,\"caption\":\"Ruuby Disain O\u00dc\"},\"image\":{\"@id\":\"https:\\\/\\\/ruuby.ee\\\/#\\\/schema\\\/logo\\\/image\\\/\"},\"sameAs\":[\"https:\\\/\\\/www.facebook.com\\\/ruubyconcept\",\"https:\\\/\\\/www.instagram.com\\\/ruuby_concept\\\/\"]}]}<\/script>\n<!-- \/ Yoast SEO plugin. -->","yoast_head_json":{"title":"NORE - l\u00f5hnastatud vahapala, Kookos-vanilje-mandel - RUUBY","robots":{"index":"index","follow":"follow","max-snippet":"max-snippet:-1","max-image-preview":"max-image-preview:large","max-video-preview":"max-video-preview:-1"},"canonical":"https:\/\/ruuby.ee\/en\/pood\/kodusisustus\/kuunlad\/vahapalad\/nore-lohnastatud-vahapala-kookos-vanilje-mandel\/","og_locale":"en_GB","og_type":"article","og_title":"NORE - l\u00f5hnastatud vahapala, Kookos-vanilje-mandel - RUUBY","og_description":"Kreemine ja suveho\u0303nguline kooslus, milles p\u00f5imuvad troopiline kookos, magus vanilje ja rikkalik mandel. Lo\u0303hnale lisavad tsitruselist v\u00e4rskust apelsin ja bergamott. Nore l\u00f5hnastatud vahapalad valmivad k\u00e4sit\u00f6\u00f6na k\u00f5rge kvaliteediga 100% sojavahast ning k\u00f5rgekvaliteedilistest aroomi\u00f5lidest. L\u00f5hnastatud vahapalad sobivad kasutamiseks keraamilises aroomilambis v\u00f5i elektroonilises vahasulatajas. Aseta vahapala aroomilambi n\u00f5usse ning s\u00fc\u00fcta alumises avas teek\u00fc\u00fcnal. Keraamiseses aroomilambis kasuta 4h teek\u00fc\u00fcnalt [&hellip;]","og_url":"https:\/\/ruuby.ee\/en\/pood\/kodusisustus\/kuunlad\/vahapalad\/nore-lohnastatud-vahapala-kookos-vanilje-mandel\/","og_site_name":"RUUBY","article_publisher":"https:\/\/www.facebook.com\/ruubyconcept","article_modified_time":"2026-04-07T22:28:33+00:00","og_image":[{"width":896,"height":1118,"url":"https:\/\/ruuby.ee\/wp-content\/uploads\/2024\/09\/Screenshot-2024-09-11-at-13.27.27.png","type":"image\/png"}],"twitter_card":"summary_large_image","twitter_misc":{"Estimated reading time":"1 minute"},"schema":{"@context":"https:\/\/schema.org","@graph":[{"@type":["WebPage","ItemPage"],"@id":"https:\/\/ruuby.ee\/pood\/kodusisustus\/kuunlad\/vahapalad\/nore-lohnastatud-vahapala-kookos-vanilje-mandel\/","url":"https:\/\/ruuby.ee\/pood\/kodusisustus\/kuunlad\/vahapalad\/nore-lohnastatud-vahapala-kookos-vanilje-mandel\/","name":"NORE - l\u00f5hnastatud vahapala, Kookos-vanilje-mandel - RUUBY","isPartOf":{"@id":"https:\/\/ruuby.ee\/#website"},"primaryImageOfPage":{"@id":"https:\/\/ruuby.ee\/pood\/kodusisustus\/kuunlad\/vahapalad\/nore-lohnastatud-vahapala-kookos-vanilje-mandel\/#primaryimage"},"image":{"@id":"https:\/\/ruuby.ee\/pood\/kodusisustus\/kuunlad\/vahapalad\/nore-lohnastatud-vahapala-kookos-vanilje-mandel\/#primaryimage"},"thumbnailUrl":"https:\/\/ruuby.ee\/wp-content\/uploads\/2024\/09\/Screenshot-2024-09-11-at-13.27.27.png","datePublished":"2024-09-11T10:27:18+00:00","dateModified":"2026-04-07T22:28:33+00:00","breadcrumb":{"@id":"https:\/\/ruuby.ee\/pood\/kodusisustus\/kuunlad\/vahapalad\/nore-lohnastatud-vahapala-kookos-vanilje-mandel\/#breadcrumb"},"inLanguage":"en-GB","potentialAction":[{"@type":"ReadAction","target":["https:\/\/ruuby.ee\/pood\/kodusisustus\/kuunlad\/vahapalad\/nore-lohnastatud-vahapala-kookos-vanilje-mandel\/"]}]},{"@type":"ImageObject","inLanguage":"en-GB","@id":"https:\/\/ruuby.ee\/pood\/kodusisustus\/kuunlad\/vahapalad\/nore-lohnastatud-vahapala-kookos-vanilje-mandel\/#primaryimage","url":"https:\/\/ruuby.ee\/wp-content\/uploads\/2024\/09\/Screenshot-2024-09-11-at-13.27.27.png","contentUrl":"https:\/\/ruuby.ee\/wp-content\/uploads\/2024\/09\/Screenshot-2024-09-11-at-13.27.27.png","width":896,"height":1118},{"@type":"BreadcrumbList","@id":"https:\/\/ruuby.ee\/pood\/kodusisustus\/kuunlad\/vahapalad\/nore-lohnastatud-vahapala-kookos-vanilje-mandel\/#breadcrumb","itemListElement":[{"@type":"ListItem","position":1,"name":"Kdu","item":"https:\/\/ruuby.ee\/"},{"@type":"ListItem","position":2,"name":"Pood","item":"https:\/\/ruuby.ee\/pood\/"},{"@type":"ListItem","position":3,"name":"NORE &#8211; l\u00f5hnastatud vahapala, Kookos-vanilje-mandel"}]},{"@type":"WebSite","@id":"https:\/\/ruuby.ee\/#website","url":"https:\/\/ruuby.ee\/","name":"RUUBY","description":"Ruubys on \u00fchendatud elustiil ja disain","publisher":{"@id":"https:\/\/ruuby.ee\/#organization"},"alternateName":"Ruuby Disain","potentialAction":[{"@type":"SearchAction","target":{"@type":"EntryPoint","urlTemplate":"https:\/\/ruuby.ee\/?s={search_term_string}"},"query-input":{"@type":"PropertyValueSpecification","valueRequired":true,"valueName":"search_term_string"}}],"inLanguage":"en-GB"},{"@type":"Organization","@id":"https:\/\/ruuby.ee\/#organization","name":"Ruuby Disain O\u00dc","alternateName":"Ruuby","url":"https:\/\/ruuby.ee\/","logo":{"@type":"ImageObject","inLanguage":"en-GB","@id":"https:\/\/ruuby.ee\/#\/schema\/logo\/image\/","url":"https:\/\/ruuby.ee\/wp-content\/uploads\/2023\/06\/cropped-Black-White-Elegant-Circle-Signature-Fashion-Logo-12_large.png","contentUrl":"https:\/\/ruuby.ee\/wp-content\/uploads\/2023\/06\/cropped-Black-White-Elegant-Circle-Signature-Fashion-Logo-12_large.png","width":1280,"height":747,"caption":"Ruuby Disain O\u00dc"},"image":{"@id":"https:\/\/ruuby.ee\/#\/schema\/logo\/image\/"},"sameAs":["https:\/\/www.facebook.com\/ruubyconcept","https:\/\/www.instagram.com\/ruuby_concept\/"]}]}},"jetpack_sharing_enabled":true,"_links":{"self":[{"href":"https:\/\/ruuby.ee\/en\/wp-json\/wp\/v2\/product\/1848632","targetHints":{"allow":["GET"]}}],"collection":[{"href":"https:\/\/ruuby.ee\/en\/wp-json\/wp\/v2\/product"}],"about":[{"href":"https:\/\/ruuby.ee\/en\/wp-json\/wp\/v2\/types\/product"}],"replies":[{"embeddable":true,"href":"https:\/\/ruuby.ee\/en\/wp-json\/wp\/v2\/comments?post=1848632"}],"wp:featuredmedia":[{"embeddable":true,"href":"https:\/\/ruuby.ee\/en\/wp-json\/wp\/v2\/media\/1848633"}],"wp:attachment":[{"href":"https:\/\/ruuby.ee\/en\/wp-json\/wp\/v2\/media?parent=1848632"}],"wp:term":[{"taxonomy":"product_brand","embeddable":true,"href":"https:\/\/ruuby.ee\/en\/wp-json\/wp\/v2\/product_brand?post=1848632"},{"taxonomy":"product_cat","embeddable":true,"href":"https:\/\/ruuby.ee\/en\/wp-json\/wp\/v2\/product_cat?post=1848632"},{"taxonomy":"product_tag","embeddable":true,"href":"https:\/\/ruuby.ee\/en\/wp-json\/wp\/v2\/product_tag?post=1848632"}],"curies":[{"name":"wp","href":"https:\/\/api.w.org\/{rel}","templated":true}]}}