{"id":1848607,"date":"2024-09-10T16:33:26","date_gmt":"2024-09-10T13:33:26","guid":{"rendered":"http:\/\/ruuby.ee\/?post_type=product&#038;p=1848607"},"modified":"2026-04-08T01:28:33","modified_gmt":"2026-04-07T22:28:33","slug":"ayaida-termo-joogipudel-korrega","status":"publish","type":"product","link":"https:\/\/ruuby.ee\/en\/pood\/aksessuaarid\/joogipudelid-ja-haara-kaasa-valik\/joogipudelid-joogipudelid-ja-haara-kaasa-valik\/ayaida-termo-joogipudel-korrega\/","title":{"rendered":"AYA&amp;IDA &#8211; Termo joogipudel k\u00f5rrega, Creamy Beige, 885ml"},"content":{"rendered":"<p>AYA&amp;IDA termo joogipudel k\u00f5rrega, mis s\u00e4ilib k\u00fclmas 12 tundi ja j\u00e4\u00e4s 36 tundi, on mahukas kaasav\u00f5etav k\u00f5rre ja k\u00e4epidemega tass, mis tagab teie vedeliku omastamise liikvel olles. Joo vett, mahla, smuutisid ja muid k\u00fclmi jooke l\u00e4bi kaanes oleva k\u00f5rre. Kui soovite seda kasutada kuumade jookide jaoks, kasutage kaanes olevat v\u00e4ikest avaust.<\/p>\n<p>V\u00e4ike nipp: Kaant saab peale keerata, kahel viisil, et tassi nautida saaksid nii parema- kui ka vasakuk\u00e4elised.<\/p>\n<p>AYA&amp;IDA termo joogipudel k\u00f5rrega on valmistatud esmaklassilisest roostevabast terasest 18\/8, kaas ise aga tritaanist. P\u00f5hk on valmistatud plaatina silikoonist ja k\u00f5ik materjalid on vabad kahjulikest kemikaalidest. Tass on laboratoorselt sertifitseeritud ja vastab LFGB-le (toiduga kokkupuutumise testimine). Tass on n\u00f5udepesumasinas pestav.<\/p>\n<p><strong>Kaasas lisak\u00f5rs.<\/strong><\/p>\n<p>Mahutavus: 885 ml<br \/>\nAlumine: 7 cm<br \/>\nK\u00f5rgus: 24 cm<br \/>\nKaal: 537 g<\/p>\n<p>Iga m\u00fc\u00fcdud k\u00f5rrega termotopsi kohta annetab AYA&amp;IDA fond UNICEFi kaudu abivajavatele lastele 100 liitrit puhast vett.<\/p>\n<p>J\u00e4reltellitava toote tarne 10 t\u00f6\u00f6p\u00e4eva.<\/p>","protected":false},"excerpt":{"rendered":"<p>AYA&amp;IDA termo joogipudel k\u00f5rrega, mis s\u00e4ilib k\u00fclmas 12 tundi ja j\u00e4\u00e4s 36 tundi, on mahukas kaasav\u00f5etav k\u00f5rre ja k\u00e4epidemega tass, mis tagab teie vedeliku omastamise liikvel olles. Joo vett, mahla, smuutisid ja muid k\u00fclmi jooke l\u00e4bi kaanes oleva k\u00f5rre. Kui soovite seda kasutada kuumade jookide jaoks, kasutage kaanes olevat v\u00e4ikest avaust. V\u00e4ike nipp: Kaant saab [&hellip;]<\/p>\n","protected":false},"featured_media":1848608,"comment_status":"closed","ping_status":"closed","template":"","meta":[],"product_brand":[],"product_cat":[838,463,840],"product_tag":[],"class_list":{"0":"post-1848607","1":"product","2":"type-product","3":"status-publish","4":"has-post-thumbnail","6":"product_cat-joogipudelid-joogipudelid-ja-haara-kaasa-valik","7":"product_cat-joogipudelid-ja-haara-kaasa-valik","8":"product_cat-korrega-joogipudelid","10":"first","11":"onbackorder","12":"taxable","13":"shipping-taxable","14":"purchasable","15":"product-type-simple"},"yoast_head":"<!-- This site is optimized with the Yoast SEO plugin v27.3 - https:\/\/yoast.com\/product\/yoast-seo-wordpress\/ -->\n<title>AYA&amp;IDA - Termo joogipudel k\u00f5rrega, Creamy Beige, 885ml - RUUBY<\/title>\n<meta name=\"robots\" content=\"index, follow, max-snippet:-1, max-image-preview:large, max-video-preview:-1\" \/>\n<link rel=\"canonical\" href=\"http:\/\/ruuby.ee\/en\/pood\/aksessuaarid\/joogipudelid-ja-haara-kaasa-valik\/joogipudelid-joogipudelid-ja-haara-kaasa-valik\/ayaida-termo-joogipudel-korrega\/\" \/>\n<meta property=\"og:locale\" content=\"en_GB\" \/>\n<meta property=\"og:type\" content=\"article\" \/>\n<meta property=\"og:title\" content=\"AYA&amp;IDA - Termo joogipudel k\u00f5rrega, Creamy Beige, 885ml - RUUBY\" \/>\n<meta property=\"og:description\" content=\"AYA&amp;IDA termo joogipudel k\u00f5rrega, mis s\u00e4ilib k\u00fclmas 12 tundi ja j\u00e4\u00e4s 36 tundi, on mahukas kaasav\u00f5etav k\u00f5rre ja k\u00e4epidemega tass, mis tagab teie vedeliku omastamise liikvel olles. Joo vett, mahla, smuutisid ja muid k\u00fclmi jooke l\u00e4bi kaanes oleva k\u00f5rre. Kui soovite seda kasutada kuumade jookide jaoks, kasutage kaanes olevat v\u00e4ikest avaust. V\u00e4ike nipp: Kaant saab [&hellip;]\" \/>\n<meta property=\"og:url\" content=\"http:\/\/ruuby.ee\/en\/pood\/aksessuaarid\/joogipudelid-ja-haara-kaasa-valik\/joogipudelid-joogipudelid-ja-haara-kaasa-valik\/ayaida-termo-joogipudel-korrega\/\" \/>\n<meta property=\"og:site_name\" content=\"RUUBY\" \/>\n<meta property=\"article:publisher\" content=\"https:\/\/www.facebook.com\/ruubyconcept\" \/>\n<meta property=\"article:modified_time\" content=\"2026-04-07T22:28:33+00:00\" \/>\n<meta property=\"og:image\" content=\"http:\/\/ruuby.ee\/wp-content\/uploads\/2024\/09\/1787-1-1024x1024.png\" \/>\n\t<meta property=\"og:image:width\" content=\"1024\" \/>\n\t<meta property=\"og:image:height\" content=\"1024\" \/>\n\t<meta property=\"og:image:type\" content=\"image\/png\" \/>\n<meta name=\"twitter:card\" content=\"summary_large_image\" \/>\n<meta name=\"twitter:label1\" content=\"Estimated reading time\" \/>\n\t<meta name=\"twitter:data1\" content=\"1 minute\" \/>\n<script type=\"application\/ld+json\" class=\"yoast-schema-graph\">{\"@context\":\"https:\\\/\\\/schema.org\",\"@graph\":[{\"@type\":[\"WebPage\",\"ItemPage\"],\"@id\":\"http:\\\/\\\/ruuby.ee\\\/pood\\\/aksessuaarid\\\/joogipudelid-ja-haara-kaasa-valik\\\/joogipudelid-joogipudelid-ja-haara-kaasa-valik\\\/ayaida-termo-joogipudel-korrega\\\/\",\"url\":\"http:\\\/\\\/ruuby.ee\\\/pood\\\/aksessuaarid\\\/joogipudelid-ja-haara-kaasa-valik\\\/joogipudelid-joogipudelid-ja-haara-kaasa-valik\\\/ayaida-termo-joogipudel-korrega\\\/\",\"name\":\"AYA&amp;IDA - Termo joogipudel k\u00f5rrega, Creamy Beige, 885ml - RUUBY\",\"isPartOf\":{\"@id\":\"http:\\\/\\\/ruuby.ee\\\/en\\\/#website\"},\"primaryImageOfPage\":{\"@id\":\"http:\\\/\\\/ruuby.ee\\\/pood\\\/aksessuaarid\\\/joogipudelid-ja-haara-kaasa-valik\\\/joogipudelid-joogipudelid-ja-haara-kaasa-valik\\\/ayaida-termo-joogipudel-korrega\\\/#primaryimage\"},\"image\":{\"@id\":\"http:\\\/\\\/ruuby.ee\\\/pood\\\/aksessuaarid\\\/joogipudelid-ja-haara-kaasa-valik\\\/joogipudelid-joogipudelid-ja-haara-kaasa-valik\\\/ayaida-termo-joogipudel-korrega\\\/#primaryimage\"},\"thumbnailUrl\":\"https:\\\/\\\/ruuby.ee\\\/wp-content\\\/uploads\\\/2024\\\/09\\\/1787-1.png\",\"datePublished\":\"2024-09-10T13:33:26+00:00\",\"dateModified\":\"2026-04-07T22:28:33+00:00\",\"breadcrumb\":{\"@id\":\"http:\\\/\\\/ruuby.ee\\\/pood\\\/aksessuaarid\\\/joogipudelid-ja-haara-kaasa-valik\\\/joogipudelid-joogipudelid-ja-haara-kaasa-valik\\\/ayaida-termo-joogipudel-korrega\\\/#breadcrumb\"},\"inLanguage\":\"en-GB\",\"potentialAction\":[{\"@type\":\"ReadAction\",\"target\":[\"http:\\\/\\\/ruuby.ee\\\/pood\\\/aksessuaarid\\\/joogipudelid-ja-haara-kaasa-valik\\\/joogipudelid-joogipudelid-ja-haara-kaasa-valik\\\/ayaida-termo-joogipudel-korrega\\\/\"]}]},{\"@type\":\"ImageObject\",\"inLanguage\":\"en-GB\",\"@id\":\"http:\\\/\\\/ruuby.ee\\\/pood\\\/aksessuaarid\\\/joogipudelid-ja-haara-kaasa-valik\\\/joogipudelid-joogipudelid-ja-haara-kaasa-valik\\\/ayaida-termo-joogipudel-korrega\\\/#primaryimage\",\"url\":\"https:\\\/\\\/ruuby.ee\\\/wp-content\\\/uploads\\\/2024\\\/09\\\/1787-1.png\",\"contentUrl\":\"https:\\\/\\\/ruuby.ee\\\/wp-content\\\/uploads\\\/2024\\\/09\\\/1787-1.png\",\"width\":4061,\"height\":4061},{\"@type\":\"BreadcrumbList\",\"@id\":\"http:\\\/\\\/ruuby.ee\\\/pood\\\/aksessuaarid\\\/joogipudelid-ja-haara-kaasa-valik\\\/joogipudelid-joogipudelid-ja-haara-kaasa-valik\\\/ayaida-termo-joogipudel-korrega\\\/#breadcrumb\",\"itemListElement\":[{\"@type\":\"ListItem\",\"position\":1,\"name\":\"Kdu\",\"item\":\"http:\\\/\\\/ruuby.ee\\\/en\\\/\"},{\"@type\":\"ListItem\",\"position\":2,\"name\":\"Pood\",\"item\":\"http:\\\/\\\/ruuby.ee\\\/en\\\/pood\\\/\"},{\"@type\":\"ListItem\",\"position\":3,\"name\":\"AYA&amp;IDA &#8211; Termo joogipudel k\u00f5rrega, Creamy Beige, 885ml\"}]},{\"@type\":\"WebSite\",\"@id\":\"http:\\\/\\\/ruuby.ee\\\/en\\\/#website\",\"url\":\"http:\\\/\\\/ruuby.ee\\\/en\\\/\",\"name\":\"RUUBY\",\"description\":\"Ruubys on \u00fchendatud elustiil ja disain\",\"publisher\":{\"@id\":\"http:\\\/\\\/ruuby.ee\\\/en\\\/#organization\"},\"alternateName\":\"Ruuby Disain\",\"potentialAction\":[{\"@type\":\"SearchAction\",\"target\":{\"@type\":\"EntryPoint\",\"urlTemplate\":\"http:\\\/\\\/ruuby.ee\\\/en\\\/?s={search_term_string}\"},\"query-input\":{\"@type\":\"PropertyValueSpecification\",\"valueRequired\":true,\"valueName\":\"search_term_string\"}}],\"inLanguage\":\"en-GB\"},{\"@type\":\"Organization\",\"@id\":\"http:\\\/\\\/ruuby.ee\\\/en\\\/#organization\",\"name\":\"Ruuby Disain O\u00dc\",\"alternateName\":\"Ruuby\",\"url\":\"http:\\\/\\\/ruuby.ee\\\/en\\\/\",\"logo\":{\"@type\":\"ImageObject\",\"inLanguage\":\"en-GB\",\"@id\":\"http:\\\/\\\/ruuby.ee\\\/en\\\/#\\\/schema\\\/logo\\\/image\\\/\",\"url\":\"https:\\\/\\\/ruuby.ee\\\/wp-content\\\/uploads\\\/2023\\\/06\\\/cropped-Black-White-Elegant-Circle-Signature-Fashion-Logo-12_large.png\",\"contentUrl\":\"https:\\\/\\\/ruuby.ee\\\/wp-content\\\/uploads\\\/2023\\\/06\\\/cropped-Black-White-Elegant-Circle-Signature-Fashion-Logo-12_large.png\",\"width\":1280,\"height\":747,\"caption\":\"Ruuby Disain O\u00dc\"},\"image\":{\"@id\":\"http:\\\/\\\/ruuby.ee\\\/en\\\/#\\\/schema\\\/logo\\\/image\\\/\"},\"sameAs\":[\"https:\\\/\\\/www.facebook.com\\\/ruubyconcept\",\"https:\\\/\\\/www.instagram.com\\\/ruuby_concept\\\/\"]}]}<\/script>\n<!-- \/ Yoast SEO plugin. -->","yoast_head_json":{"title":"AYA&amp;IDA - Termo joogipudel k\u00f5rrega, Creamy Beige, 885ml - RUUBY","robots":{"index":"index","follow":"follow","max-snippet":"max-snippet:-1","max-image-preview":"max-image-preview:large","max-video-preview":"max-video-preview:-1"},"canonical":"http:\/\/ruuby.ee\/en\/pood\/aksessuaarid\/joogipudelid-ja-haara-kaasa-valik\/joogipudelid-joogipudelid-ja-haara-kaasa-valik\/ayaida-termo-joogipudel-korrega\/","og_locale":"en_GB","og_type":"article","og_title":"AYA&amp;IDA - Termo joogipudel k\u00f5rrega, Creamy Beige, 885ml - RUUBY","og_description":"AYA&amp;IDA termo joogipudel k\u00f5rrega, mis s\u00e4ilib k\u00fclmas 12 tundi ja j\u00e4\u00e4s 36 tundi, on mahukas kaasav\u00f5etav k\u00f5rre ja k\u00e4epidemega tass, mis tagab teie vedeliku omastamise liikvel olles. Joo vett, mahla, smuutisid ja muid k\u00fclmi jooke l\u00e4bi kaanes oleva k\u00f5rre. Kui soovite seda kasutada kuumade jookide jaoks, kasutage kaanes olevat v\u00e4ikest avaust. V\u00e4ike nipp: Kaant saab [&hellip;]","og_url":"http:\/\/ruuby.ee\/en\/pood\/aksessuaarid\/joogipudelid-ja-haara-kaasa-valik\/joogipudelid-joogipudelid-ja-haara-kaasa-valik\/ayaida-termo-joogipudel-korrega\/","og_site_name":"RUUBY","article_publisher":"https:\/\/www.facebook.com\/ruubyconcept","article_modified_time":"2026-04-07T22:28:33+00:00","og_image":[{"width":1024,"height":1024,"url":"http:\/\/ruuby.ee\/wp-content\/uploads\/2024\/09\/1787-1-1024x1024.png","type":"image\/png"}],"twitter_card":"summary_large_image","twitter_misc":{"Estimated reading time":"1 minute"},"schema":{"@context":"https:\/\/schema.org","@graph":[{"@type":["WebPage","ItemPage"],"@id":"http:\/\/ruuby.ee\/pood\/aksessuaarid\/joogipudelid-ja-haara-kaasa-valik\/joogipudelid-joogipudelid-ja-haara-kaasa-valik\/ayaida-termo-joogipudel-korrega\/","url":"http:\/\/ruuby.ee\/pood\/aksessuaarid\/joogipudelid-ja-haara-kaasa-valik\/joogipudelid-joogipudelid-ja-haara-kaasa-valik\/ayaida-termo-joogipudel-korrega\/","name":"AYA&amp;IDA - Termo joogipudel k\u00f5rrega, Creamy Beige, 885ml - RUUBY","isPartOf":{"@id":"http:\/\/ruuby.ee\/en\/#website"},"primaryImageOfPage":{"@id":"http:\/\/ruuby.ee\/pood\/aksessuaarid\/joogipudelid-ja-haara-kaasa-valik\/joogipudelid-joogipudelid-ja-haara-kaasa-valik\/ayaida-termo-joogipudel-korrega\/#primaryimage"},"image":{"@id":"http:\/\/ruuby.ee\/pood\/aksessuaarid\/joogipudelid-ja-haara-kaasa-valik\/joogipudelid-joogipudelid-ja-haara-kaasa-valik\/ayaida-termo-joogipudel-korrega\/#primaryimage"},"thumbnailUrl":"https:\/\/ruuby.ee\/wp-content\/uploads\/2024\/09\/1787-1.png","datePublished":"2024-09-10T13:33:26+00:00","dateModified":"2026-04-07T22:28:33+00:00","breadcrumb":{"@id":"http:\/\/ruuby.ee\/pood\/aksessuaarid\/joogipudelid-ja-haara-kaasa-valik\/joogipudelid-joogipudelid-ja-haara-kaasa-valik\/ayaida-termo-joogipudel-korrega\/#breadcrumb"},"inLanguage":"en-GB","potentialAction":[{"@type":"ReadAction","target":["http:\/\/ruuby.ee\/pood\/aksessuaarid\/joogipudelid-ja-haara-kaasa-valik\/joogipudelid-joogipudelid-ja-haara-kaasa-valik\/ayaida-termo-joogipudel-korrega\/"]}]},{"@type":"ImageObject","inLanguage":"en-GB","@id":"http:\/\/ruuby.ee\/pood\/aksessuaarid\/joogipudelid-ja-haara-kaasa-valik\/joogipudelid-joogipudelid-ja-haara-kaasa-valik\/ayaida-termo-joogipudel-korrega\/#primaryimage","url":"https:\/\/ruuby.ee\/wp-content\/uploads\/2024\/09\/1787-1.png","contentUrl":"https:\/\/ruuby.ee\/wp-content\/uploads\/2024\/09\/1787-1.png","width":4061,"height":4061},{"@type":"BreadcrumbList","@id":"http:\/\/ruuby.ee\/pood\/aksessuaarid\/joogipudelid-ja-haara-kaasa-valik\/joogipudelid-joogipudelid-ja-haara-kaasa-valik\/ayaida-termo-joogipudel-korrega\/#breadcrumb","itemListElement":[{"@type":"ListItem","position":1,"name":"Kdu","item":"http:\/\/ruuby.ee\/en\/"},{"@type":"ListItem","position":2,"name":"Pood","item":"http:\/\/ruuby.ee\/en\/pood\/"},{"@type":"ListItem","position":3,"name":"AYA&amp;IDA &#8211; Termo joogipudel k\u00f5rrega, Creamy Beige, 885ml"}]},{"@type":"WebSite","@id":"http:\/\/ruuby.ee\/en\/#website","url":"http:\/\/ruuby.ee\/en\/","name":"RUUBY","description":"Ruubys on \u00fchendatud elustiil ja disain","publisher":{"@id":"http:\/\/ruuby.ee\/en\/#organization"},"alternateName":"Ruuby Disain","potentialAction":[{"@type":"SearchAction","target":{"@type":"EntryPoint","urlTemplate":"http:\/\/ruuby.ee\/en\/?s={search_term_string}"},"query-input":{"@type":"PropertyValueSpecification","valueRequired":true,"valueName":"search_term_string"}}],"inLanguage":"en-GB"},{"@type":"Organization","@id":"http:\/\/ruuby.ee\/en\/#organization","name":"Ruuby Disain O\u00dc","alternateName":"Ruuby","url":"http:\/\/ruuby.ee\/en\/","logo":{"@type":"ImageObject","inLanguage":"en-GB","@id":"http:\/\/ruuby.ee\/en\/#\/schema\/logo\/image\/","url":"https:\/\/ruuby.ee\/wp-content\/uploads\/2023\/06\/cropped-Black-White-Elegant-Circle-Signature-Fashion-Logo-12_large.png","contentUrl":"https:\/\/ruuby.ee\/wp-content\/uploads\/2023\/06\/cropped-Black-White-Elegant-Circle-Signature-Fashion-Logo-12_large.png","width":1280,"height":747,"caption":"Ruuby Disain O\u00dc"},"image":{"@id":"http:\/\/ruuby.ee\/en\/#\/schema\/logo\/image\/"},"sameAs":["https:\/\/www.facebook.com\/ruubyconcept","https:\/\/www.instagram.com\/ruuby_concept\/"]}]}},"jetpack_sharing_enabled":true,"_links":{"self":[{"href":"https:\/\/ruuby.ee\/en\/wp-json\/wp\/v2\/product\/1848607","targetHints":{"allow":["GET"]}}],"collection":[{"href":"https:\/\/ruuby.ee\/en\/wp-json\/wp\/v2\/product"}],"about":[{"href":"https:\/\/ruuby.ee\/en\/wp-json\/wp\/v2\/types\/product"}],"replies":[{"embeddable":true,"href":"https:\/\/ruuby.ee\/en\/wp-json\/wp\/v2\/comments?post=1848607"}],"wp:featuredmedia":[{"embeddable":true,"href":"https:\/\/ruuby.ee\/en\/wp-json\/wp\/v2\/media\/1848608"}],"wp:attachment":[{"href":"https:\/\/ruuby.ee\/en\/wp-json\/wp\/v2\/media?parent=1848607"}],"wp:term":[{"taxonomy":"product_brand","embeddable":true,"href":"https:\/\/ruuby.ee\/en\/wp-json\/wp\/v2\/product_brand?post=1848607"},{"taxonomy":"product_cat","embeddable":true,"href":"https:\/\/ruuby.ee\/en\/wp-json\/wp\/v2\/product_cat?post=1848607"},{"taxonomy":"product_tag","embeddable":true,"href":"https:\/\/ruuby.ee\/en\/wp-json\/wp\/v2\/product_tag?post=1848607"}],"curies":[{"name":"wp","href":"https:\/\/api.w.org\/{rel}","templated":true}]}}