{"id":1845730,"date":"2024-06-26T16:15:17","date_gmt":"2024-06-26T13:15:17","guid":{"rendered":"http:\/\/ruuby.ee\/?post_type=product&#038;p=1845730"},"modified":"2026-04-06T01:26:25","modified_gmt":"2026-04-05T22:26:25","slug":"izipizi-kids-plus-d-paikeseprillid-3-5-aastat-dyed-green-uus","status":"publish","type":"product","link":"https:\/\/ruuby.ee\/en\/pood\/aksessuaarid\/prillid\/izipizi-sun-3-5-a\/izipizi-kids-plus-d-paikeseprillid-3-5-aastat-dyed-green-uus\/","title":{"rendered":"IZIPIZI KIDS PLUS #D p\u00e4ikeseprillid (3-5.a) &#8211; Dyed Green"},"content":{"rendered":"<p>ZIPIZI hoolitseb teie pisikeste eest oma KIDS + p\u00e4ikeseprillidega lastele vanuses 3-5 aastat (pea\u00fcmberm\u00f5\u00f5t 46-53 cm).<\/p>\n<p>Lapse silmal\u00e4\u00e4ts on UVA-kiirgust l\u00e4bilaskev ja muutub l\u00e4bimatuks alles t\u00e4iskasvanueas. Seet\u00f5ttu on vaja kaitsta laste v\u00f5rkkesta p\u00e4ikesefiltritega.<\/p>\n<p>Paindlikud ja mugavad vedruhingedega k\u00e4ed, mis kohanduvad iga n\u00e4okuju ja suurusega. Kergel raamil on pehme puudutusefekt, mis on puudutamisel meeldiv.<\/p>\n<p>Meie mudelid kaitsevad laste silmi igas olukorras, linnast kuni maal seikluste ja vaba\u00f5hutegevusteni, nii suvel kui talvel! Meie 100% UV-kategooria 3 (UV 400) polariseeritud hallid l\u00e4\u00e4tsed pakuvad maksimaalset kaitset, austades samas looduslikke v\u00e4rve. Need v\u00e4hendavad valguse intensiivsust ja kaitsevad teie imikuid pimestamise eest. \u00dclipaindlikud, bisfenool-A ja h\u00fcpoallergeensed raamid sobivad suurep\u00e4raselt laste igap\u00e4evaellu. Sirged sangad t\u00e4hendavad, et need kohanduvad ka teie laste kasvuga. Neil on optimaalseks hoidmiseks eemaldatav silikoonriba. Meie KIDS+ on laste v\u00e4ljas\u00f5itude jaoks uued esmatarbekaubad, mis pakuvad garanteeritud armsust ja kaitset! Lapse silmal\u00e4\u00e4ts on UVA-kiirgust l\u00e4bilaskev ja muutub l\u00e4bimatuks alles t\u00e4iskasvanueas. Seet\u00f5ttu on vaja kaitsta laste v\u00f5rkkesta p\u00e4ikesefiltritega. Meie laste mudelid on 100% UV (UV 400) 3. kategooria polariseeritud l\u00e4\u00e4tsed pakuvad teie laste silmadele t\u00f5husat kaitset ultraviolettkiirte (UV) ja pimestamise eest.<\/p>\n<p>Spetsiaalselt laste vajadustele kohandatud raamid<\/p>\n<p>\u00dclipaindlikud ja \u00fclikindlad IZIPIZI raamid sobivad ideaalselt teie laste igap\u00e4evasteks seiklusteks ja kohanduvad t\u00e4nu sirgetele k\u00e4tele nende kasvuga. Garanteeritud bisfenool A-vaba ja h\u00fcpoallergeenne.<\/p>\n<p>See mudel vastab rahvusvahelistele p\u00e4ikeseprillide standarditele.<\/p>","protected":false},"excerpt":{"rendered":"<p>P\u00e4ikeseprillid lastele vanuses 3-5 aastat (pea\u00fcmberm\u00f5\u00f5t 46-53 cm). Polariseeritud l\u00e4\u00e4tsed &#8211; 100% UV-kaitse (UV 400), 3. kategooria &#8211; Unisex, universaalne mudel &#8211; Pehme puudutusega efektiga raamid &#8211; Hoiukott ja silikoonpael on karbis kaasas.<\/p>","protected":false},"featured_media":1852464,"comment_status":"open","ping_status":"closed","template":"","meta":[],"product_brand":[],"product_cat":[1026,1022,319,61],"product_tag":[],"class_list":{"0":"post-1845730","1":"product","2":"type-product","3":"status-publish","4":"has-post-thumbnail","6":"product_cat-izipizi","7":"product_cat-izipizi-sun-3-5-a","8":"product_cat-paikeseprillid","9":"product_cat-prillid","11":"first","12":"outofstock","13":"taxable","14":"shipping-taxable","15":"purchasable","16":"product-type-simple"},"yoast_head":"<!-- This site is optimized with the Yoast SEO plugin v27.2 - https:\/\/yoast.com\/product\/yoast-seo-wordpress\/ -->\n<title>IZIPIZI KIDS PLUS #D p\u00e4ikeseprillid (3-5.a) - Dyed Green - RUUBY<\/title>\n<meta name=\"robots\" content=\"index, follow, max-snippet:-1, max-image-preview:large, max-video-preview:-1\" \/>\n<link rel=\"canonical\" href=\"http:\/\/ruuby.ee\/en\/pood\/aksessuaarid\/prillid\/izipizi-sun-3-5-a\/izipizi-kids-plus-d-paikeseprillid-3-5-aastat-dyed-green-uus\/\" \/>\n<meta property=\"og:locale\" content=\"en_GB\" \/>\n<meta property=\"og:type\" content=\"article\" \/>\n<meta property=\"og:title\" content=\"IZIPIZI KIDS PLUS #D p\u00e4ikeseprillid (3-5.a) - Dyed Green - RUUBY\" \/>\n<meta property=\"og:description\" content=\"P\u00e4ikeseprillid lastele vanuses 3-5 aastat (pea\u00fcmberm\u00f5\u00f5t 46-53 cm). Polariseeritud l\u00e4\u00e4tsed - 100% UV-kaitse (UV 400), 3. kategooria - Unisex, universaalne mudel - Pehme puudutusega efektiga raamid - Hoiukott ja silikoonpael on karbis kaasas.\" \/>\n<meta property=\"og:url\" content=\"http:\/\/ruuby.ee\/en\/pood\/aksessuaarid\/prillid\/izipizi-sun-3-5-a\/izipizi-kids-plus-d-paikeseprillid-3-5-aastat-dyed-green-uus\/\" \/>\n<meta property=\"og:site_name\" content=\"RUUBY\" \/>\n<meta property=\"article:publisher\" content=\"https:\/\/www.facebook.com\/ruubyconcept\" \/>\n<meta property=\"article:modified_time\" content=\"2026-04-05T22:26:25+00:00\" \/>\n<meta property=\"og:image\" content=\"http:\/\/ruuby.ee\/wp-content\/uploads\/2024\/06\/Screenshot-2025-04-01-at-20.36.17.png\" \/>\n\t<meta property=\"og:image:width\" content=\"818\" \/>\n\t<meta property=\"og:image:height\" content=\"694\" \/>\n\t<meta property=\"og:image:type\" content=\"image\/png\" \/>\n<meta name=\"twitter:card\" content=\"summary_large_image\" \/>\n<meta name=\"twitter:label1\" content=\"Estimated reading time\" \/>\n\t<meta name=\"twitter:data1\" content=\"2 minutes\" \/>\n<script type=\"application\/ld+json\" class=\"yoast-schema-graph\">{\"@context\":\"https:\/\/schema.org\",\"@graph\":[{\"@type\":[\"WebPage\",\"ItemPage\"],\"@id\":\"http:\/\/ruuby.ee\/pood\/aksessuaarid\/prillid\/izipizi-sun-3-5-a\/izipizi-kids-plus-d-paikeseprillid-3-5-aastat-dyed-green-uus\/\",\"url\":\"http:\/\/ruuby.ee\/pood\/aksessuaarid\/prillid\/izipizi-sun-3-5-a\/izipizi-kids-plus-d-paikeseprillid-3-5-aastat-dyed-green-uus\/\",\"name\":\"IZIPIZI KIDS PLUS #D p\u00e4ikeseprillid (3-5.a) - Dyed Green - RUUBY\",\"isPartOf\":{\"@id\":\"http:\/\/ruuby.ee\/#website\"},\"primaryImageOfPage\":{\"@id\":\"http:\/\/ruuby.ee\/pood\/aksessuaarid\/prillid\/izipizi-sun-3-5-a\/izipizi-kids-plus-d-paikeseprillid-3-5-aastat-dyed-green-uus\/#primaryimage\"},\"image\":{\"@id\":\"http:\/\/ruuby.ee\/pood\/aksessuaarid\/prillid\/izipizi-sun-3-5-a\/izipizi-kids-plus-d-paikeseprillid-3-5-aastat-dyed-green-uus\/#primaryimage\"},\"thumbnailUrl\":\"https:\/\/ruuby.ee\/wp-content\/uploads\/2024\/06\/Screenshot-2025-04-01-at-20.36.17.png\",\"datePublished\":\"2024-06-26T13:15:17+00:00\",\"dateModified\":\"2026-04-05T22:26:25+00:00\",\"breadcrumb\":{\"@id\":\"http:\/\/ruuby.ee\/pood\/aksessuaarid\/prillid\/izipizi-sun-3-5-a\/izipizi-kids-plus-d-paikeseprillid-3-5-aastat-dyed-green-uus\/#breadcrumb\"},\"inLanguage\":\"en-GB\",\"potentialAction\":[{\"@type\":\"ReadAction\",\"target\":[\"http:\/\/ruuby.ee\/pood\/aksessuaarid\/prillid\/izipizi-sun-3-5-a\/izipizi-kids-plus-d-paikeseprillid-3-5-aastat-dyed-green-uus\/\"]}]},{\"@type\":\"ImageObject\",\"inLanguage\":\"en-GB\",\"@id\":\"http:\/\/ruuby.ee\/pood\/aksessuaarid\/prillid\/izipizi-sun-3-5-a\/izipizi-kids-plus-d-paikeseprillid-3-5-aastat-dyed-green-uus\/#primaryimage\",\"url\":\"https:\/\/ruuby.ee\/wp-content\/uploads\/2024\/06\/Screenshot-2025-04-01-at-20.36.17.png\",\"contentUrl\":\"https:\/\/ruuby.ee\/wp-content\/uploads\/2024\/06\/Screenshot-2025-04-01-at-20.36.17.png\",\"width\":818,\"height\":694},{\"@type\":\"BreadcrumbList\",\"@id\":\"http:\/\/ruuby.ee\/pood\/aksessuaarid\/prillid\/izipizi-sun-3-5-a\/izipizi-kids-plus-d-paikeseprillid-3-5-aastat-dyed-green-uus\/#breadcrumb\",\"itemListElement\":[{\"@type\":\"ListItem\",\"position\":1,\"name\":\"Kdu\",\"item\":\"http:\/\/ruuby.ee\/\"},{\"@type\":\"ListItem\",\"position\":2,\"name\":\"Pood\",\"item\":\"https:\/\/ruuby.ee\/en\/pood\/\"},{\"@type\":\"ListItem\",\"position\":3,\"name\":\"IZIPIZI KIDS PLUS #D p\u00e4ikeseprillid (3-5.a) &#8211; Dyed Green\"}]},{\"@type\":\"WebSite\",\"@id\":\"http:\/\/ruuby.ee\/#website\",\"url\":\"http:\/\/ruuby.ee\/\",\"name\":\"RUUBY\",\"description\":\"Ruubys on \u00fchendatud elustiil ja disain\",\"publisher\":{\"@id\":\"http:\/\/ruuby.ee\/#organization\"},\"alternateName\":\"Ruuby Disain\",\"potentialAction\":[{\"@type\":\"SearchAction\",\"target\":{\"@type\":\"EntryPoint\",\"urlTemplate\":\"http:\/\/ruuby.ee\/?s={search_term_string}\"},\"query-input\":{\"@type\":\"PropertyValueSpecification\",\"valueRequired\":true,\"valueName\":\"search_term_string\"}}],\"inLanguage\":\"en-GB\"},{\"@type\":\"Organization\",\"@id\":\"http:\/\/ruuby.ee\/#organization\",\"name\":\"Ruuby Disain O\u00dc\",\"alternateName\":\"Ruuby\",\"url\":\"http:\/\/ruuby.ee\/\",\"logo\":{\"@type\":\"ImageObject\",\"inLanguage\":\"en-GB\",\"@id\":\"http:\/\/ruuby.ee\/#\/schema\/logo\/image\/\",\"url\":\"https:\/\/ruuby.ee\/wp-content\/uploads\/2023\/06\/cropped-Black-White-Elegant-Circle-Signature-Fashion-Logo-12_large.png\",\"contentUrl\":\"https:\/\/ruuby.ee\/wp-content\/uploads\/2023\/06\/cropped-Black-White-Elegant-Circle-Signature-Fashion-Logo-12_large.png\",\"width\":1280,\"height\":747,\"caption\":\"Ruuby Disain O\u00dc\"},\"image\":{\"@id\":\"http:\/\/ruuby.ee\/#\/schema\/logo\/image\/\"},\"sameAs\":[\"https:\/\/www.facebook.com\/ruubyconcept\",\"https:\/\/www.instagram.com\/ruuby_concept\/\"]}]}<\/script>\n<!-- \/ Yoast SEO plugin. -->","yoast_head_json":{"title":"IZIPIZI KIDS PLUS #D p\u00e4ikeseprillid (3-5.a) - Dyed Green - RUUBY","robots":{"index":"index","follow":"follow","max-snippet":"max-snippet:-1","max-image-preview":"max-image-preview:large","max-video-preview":"max-video-preview:-1"},"canonical":"http:\/\/ruuby.ee\/en\/pood\/aksessuaarid\/prillid\/izipizi-sun-3-5-a\/izipizi-kids-plus-d-paikeseprillid-3-5-aastat-dyed-green-uus\/","og_locale":"en_GB","og_type":"article","og_title":"IZIPIZI KIDS PLUS #D p\u00e4ikeseprillid (3-5.a) - Dyed Green - RUUBY","og_description":"P\u00e4ikeseprillid lastele vanuses 3-5 aastat (pea\u00fcmberm\u00f5\u00f5t 46-53 cm). Polariseeritud l\u00e4\u00e4tsed - 100% UV-kaitse (UV 400), 3. kategooria - Unisex, universaalne mudel - Pehme puudutusega efektiga raamid - Hoiukott ja silikoonpael on karbis kaasas.","og_url":"http:\/\/ruuby.ee\/en\/pood\/aksessuaarid\/prillid\/izipizi-sun-3-5-a\/izipizi-kids-plus-d-paikeseprillid-3-5-aastat-dyed-green-uus\/","og_site_name":"RUUBY","article_publisher":"https:\/\/www.facebook.com\/ruubyconcept","article_modified_time":"2026-04-05T22:26:25+00:00","og_image":[{"width":818,"height":694,"url":"http:\/\/ruuby.ee\/wp-content\/uploads\/2024\/06\/Screenshot-2025-04-01-at-20.36.17.png","type":"image\/png"}],"twitter_card":"summary_large_image","twitter_misc":{"Estimated reading time":"2 minutes"},"schema":{"@context":"https:\/\/schema.org","@graph":[{"@type":["WebPage","ItemPage"],"@id":"http:\/\/ruuby.ee\/pood\/aksessuaarid\/prillid\/izipizi-sun-3-5-a\/izipizi-kids-plus-d-paikeseprillid-3-5-aastat-dyed-green-uus\/","url":"http:\/\/ruuby.ee\/pood\/aksessuaarid\/prillid\/izipizi-sun-3-5-a\/izipizi-kids-plus-d-paikeseprillid-3-5-aastat-dyed-green-uus\/","name":"IZIPIZI KIDS PLUS #D p\u00e4ikeseprillid (3-5.a) - Dyed Green - RUUBY","isPartOf":{"@id":"http:\/\/ruuby.ee\/#website"},"primaryImageOfPage":{"@id":"http:\/\/ruuby.ee\/pood\/aksessuaarid\/prillid\/izipizi-sun-3-5-a\/izipizi-kids-plus-d-paikeseprillid-3-5-aastat-dyed-green-uus\/#primaryimage"},"image":{"@id":"http:\/\/ruuby.ee\/pood\/aksessuaarid\/prillid\/izipizi-sun-3-5-a\/izipizi-kids-plus-d-paikeseprillid-3-5-aastat-dyed-green-uus\/#primaryimage"},"thumbnailUrl":"https:\/\/ruuby.ee\/wp-content\/uploads\/2024\/06\/Screenshot-2025-04-01-at-20.36.17.png","datePublished":"2024-06-26T13:15:17+00:00","dateModified":"2026-04-05T22:26:25+00:00","breadcrumb":{"@id":"http:\/\/ruuby.ee\/pood\/aksessuaarid\/prillid\/izipizi-sun-3-5-a\/izipizi-kids-plus-d-paikeseprillid-3-5-aastat-dyed-green-uus\/#breadcrumb"},"inLanguage":"en-GB","potentialAction":[{"@type":"ReadAction","target":["http:\/\/ruuby.ee\/pood\/aksessuaarid\/prillid\/izipizi-sun-3-5-a\/izipizi-kids-plus-d-paikeseprillid-3-5-aastat-dyed-green-uus\/"]}]},{"@type":"ImageObject","inLanguage":"en-GB","@id":"http:\/\/ruuby.ee\/pood\/aksessuaarid\/prillid\/izipizi-sun-3-5-a\/izipizi-kids-plus-d-paikeseprillid-3-5-aastat-dyed-green-uus\/#primaryimage","url":"https:\/\/ruuby.ee\/wp-content\/uploads\/2024\/06\/Screenshot-2025-04-01-at-20.36.17.png","contentUrl":"https:\/\/ruuby.ee\/wp-content\/uploads\/2024\/06\/Screenshot-2025-04-01-at-20.36.17.png","width":818,"height":694},{"@type":"BreadcrumbList","@id":"http:\/\/ruuby.ee\/pood\/aksessuaarid\/prillid\/izipizi-sun-3-5-a\/izipizi-kids-plus-d-paikeseprillid-3-5-aastat-dyed-green-uus\/#breadcrumb","itemListElement":[{"@type":"ListItem","position":1,"name":"Kdu","item":"http:\/\/ruuby.ee\/"},{"@type":"ListItem","position":2,"name":"Pood","item":"https:\/\/ruuby.ee\/en\/pood\/"},{"@type":"ListItem","position":3,"name":"IZIPIZI KIDS PLUS #D p\u00e4ikeseprillid (3-5.a) &#8211; Dyed Green"}]},{"@type":"WebSite","@id":"http:\/\/ruuby.ee\/#website","url":"http:\/\/ruuby.ee\/","name":"RUUBY","description":"Ruubys on \u00fchendatud elustiil ja disain","publisher":{"@id":"http:\/\/ruuby.ee\/#organization"},"alternateName":"Ruuby Disain","potentialAction":[{"@type":"SearchAction","target":{"@type":"EntryPoint","urlTemplate":"http:\/\/ruuby.ee\/?s={search_term_string}"},"query-input":{"@type":"PropertyValueSpecification","valueRequired":true,"valueName":"search_term_string"}}],"inLanguage":"en-GB"},{"@type":"Organization","@id":"http:\/\/ruuby.ee\/#organization","name":"Ruuby Disain O\u00dc","alternateName":"Ruuby","url":"http:\/\/ruuby.ee\/","logo":{"@type":"ImageObject","inLanguage":"en-GB","@id":"http:\/\/ruuby.ee\/#\/schema\/logo\/image\/","url":"https:\/\/ruuby.ee\/wp-content\/uploads\/2023\/06\/cropped-Black-White-Elegant-Circle-Signature-Fashion-Logo-12_large.png","contentUrl":"https:\/\/ruuby.ee\/wp-content\/uploads\/2023\/06\/cropped-Black-White-Elegant-Circle-Signature-Fashion-Logo-12_large.png","width":1280,"height":747,"caption":"Ruuby Disain O\u00dc"},"image":{"@id":"http:\/\/ruuby.ee\/#\/schema\/logo\/image\/"},"sameAs":["https:\/\/www.facebook.com\/ruubyconcept","https:\/\/www.instagram.com\/ruuby_concept\/"]}]}},"jetpack_sharing_enabled":true,"_links":{"self":[{"href":"https:\/\/ruuby.ee\/en\/wp-json\/wp\/v2\/product\/1845730","targetHints":{"allow":["GET"]}}],"collection":[{"href":"https:\/\/ruuby.ee\/en\/wp-json\/wp\/v2\/product"}],"about":[{"href":"https:\/\/ruuby.ee\/en\/wp-json\/wp\/v2\/types\/product"}],"replies":[{"embeddable":true,"href":"https:\/\/ruuby.ee\/en\/wp-json\/wp\/v2\/comments?post=1845730"}],"wp:featuredmedia":[{"embeddable":true,"href":"https:\/\/ruuby.ee\/en\/wp-json\/wp\/v2\/media\/1852464"}],"wp:attachment":[{"href":"https:\/\/ruuby.ee\/en\/wp-json\/wp\/v2\/media?parent=1845730"}],"wp:term":[{"taxonomy":"product_brand","embeddable":true,"href":"https:\/\/ruuby.ee\/en\/wp-json\/wp\/v2\/product_brand?post=1845730"},{"taxonomy":"product_cat","embeddable":true,"href":"https:\/\/ruuby.ee\/en\/wp-json\/wp\/v2\/product_cat?post=1845730"},{"taxonomy":"product_tag","embeddable":true,"href":"https:\/\/ruuby.ee\/en\/wp-json\/wp\/v2\/product_tag?post=1845730"}],"curies":[{"name":"wp","href":"https:\/\/api.w.org\/{rel}","templated":true}]}}