{"id":1845689,"date":"2024-06-26T13:22:46","date_gmt":"2024-06-26T10:22:46","guid":{"rendered":"http:\/\/ruuby.ee\/?post_type=product&#038;p=1845689"},"modified":"2026-04-06T01:26:25","modified_gmt":"2026-04-05T22:26:25","slug":"muubs-puhvetkapp-wing","status":"publish","type":"product","link":"https:\/\/ruuby.ee\/en\/pood\/kodusisustus\/moobel\/kapid\/muubs-puhvetkapp-wing\/","title":{"rendered":"MUUBS &#8211; puhvetkapp Wing, tumepruun"},"content":{"rendered":"<p>Wing puhvetkapi peened ja viimistletud detailid muudavad selle disainielemendi ainulaadseks disainientusiastlikuks koduks.<\/p>\n<p>Euroopas t\u00e4istammest valmistatud kapp toob teie interj\u00f6\u00f6ri puhta p\u00f5hjamaise ilme. Iga ukse taga on riiul, mida saab reguleerida ja asetada soovitud k\u00f5rgusele.<\/p>\n<p>P\u00e4ritolumaa: Taani.<\/p>\n<p>M\u00f5\u00f5dud: L185XD45XH72 CM<\/p>\n<p>Enne esmakordset kasutamist soovitame tamme \u00f5litada. Palun j\u00e4rgige pudelil olevaid juhiseid. Oluline on k\u00f5ik tammepuidust pinnad ja toote k\u00fcljed esimesel korral \u00f5litada \u2013 et puit oleks k\u00fcllastunud ja v\u00e4lditaks k\u00f5verdumist. Tootmise k\u00e4igus on puitu \u00f5litatud, kuid sellest ei piisa, et pinda vastavalt vajadusele k\u00fcllastada.<\/p>\n<p>\u00d5litamise m\u00f5ju v\u00e4heneb pidevalt ja seet\u00f5ttu soovitame puitu \u00f5litada mitu korda aastas &#8211; ca 3-4 korda. Esimese kuue kuu jooksul p\u00e4rast ostmist soovitame \u00f5liga t\u00f6\u00f6delda kord kuus.<\/p>\n<p>T\u00e4ispuit on elav materjal. Niiskuse k\u00f5ikumised, temperatuuride erinevused ja puupliitide kuiv kuumus v\u00f5ivad p\u00f5hjustada puidu karedaks muutumist ja kergesti k\u00f5veraks muutumist. \u00d5ige hoolduse ja hoolduse korral viivad \u00fclaltoodud muudatused siiski miinimumini. Suve soojematel kuudel puu laieneb ja puitu saab kergesti kaarduda. Talvel puu t\u00f5mbub kokku ja suvel k\u00f5verdunud puit taandub.<\/p>\n<p>&nbsp;<\/p>\n<p>&nbsp;<\/p>","protected":false},"excerpt":{"rendered":"<p>Tiib on ilus eraldiseisva esemena, kuid saate ka puhvetkappi kaunistada, et see sobiks teie kodu isikup\u00e4raga. Massiivne tamm tagab kauakestva m\u00f6\u00f6blieseme, mis toob teie koju ja igap\u00e4evaellu hinge ja karedust.<\/p>","protected":false},"featured_media":1845698,"comment_status":"open","ping_status":"closed","template":"","meta":[],"product_brand":[],"product_cat":[56],"product_tag":[],"class_list":{"0":"post-1845689","1":"product","2":"type-product","3":"status-publish","4":"has-post-thumbnail","6":"product_cat-kapid","8":"first","9":"onbackorder","10":"taxable","11":"shipping-taxable","12":"purchasable","13":"product-type-simple"},"yoast_head":"<!-- This site is optimized with the Yoast SEO plugin v27.2 - https:\/\/yoast.com\/product\/yoast-seo-wordpress\/ -->\n<title>MUUBS - puhvetkapp Wing, tumepruun - RUUBY<\/title>\n<meta name=\"robots\" content=\"index, follow, max-snippet:-1, max-image-preview:large, max-video-preview:-1\" \/>\n<link rel=\"canonical\" href=\"https:\/\/ruuby.ee\/en\/pood\/kodusisustus\/moobel\/kapid\/muubs-puhvetkapp-wing\/\" \/>\n<meta property=\"og:locale\" content=\"en_GB\" \/>\n<meta property=\"og:type\" content=\"article\" \/>\n<meta property=\"og:title\" content=\"MUUBS - puhvetkapp Wing, tumepruun - RUUBY\" \/>\n<meta property=\"og:description\" content=\"Tiib on ilus eraldiseisva esemena, kuid saate ka puhvetkappi kaunistada, et see sobiks teie kodu isikup\u00e4raga. Massiivne tamm tagab kauakestva m\u00f6\u00f6blieseme, mis toob teie koju ja igap\u00e4evaellu hinge ja karedust.\" \/>\n<meta property=\"og:url\" content=\"https:\/\/ruuby.ee\/en\/pood\/kodusisustus\/moobel\/kapid\/muubs-puhvetkapp-wing\/\" \/>\n<meta property=\"og:site_name\" content=\"RUUBY\" \/>\n<meta property=\"article:publisher\" content=\"https:\/\/www.facebook.com\/ruubyconcept\" \/>\n<meta property=\"article:modified_time\" content=\"2026-04-05T22:26:25+00:00\" \/>\n<meta property=\"og:image\" content=\"https:\/\/ruuby.ee\/wp-content\/uploads\/2024\/06\/Screenshot-2024-06-26-at-13.28.50-880x1024.png\" \/>\n\t<meta property=\"og:image:width\" content=\"880\" \/>\n\t<meta property=\"og:image:height\" content=\"1024\" \/>\n\t<meta property=\"og:image:type\" content=\"image\/png\" \/>\n<meta name=\"twitter:card\" content=\"summary_large_image\" \/>\n<meta name=\"twitter:label1\" content=\"Estimated reading time\" \/>\n\t<meta name=\"twitter:data1\" content=\"2 minutes\" \/>\n<script type=\"application\/ld+json\" class=\"yoast-schema-graph\">{\"@context\":\"https:\/\/schema.org\",\"@graph\":[{\"@type\":[\"WebPage\",\"ItemPage\"],\"@id\":\"https:\/\/ruuby.ee\/en\/pood\/kodusisustus\/moobel\/kapid\/muubs-puhvetkapp-wing\/\",\"url\":\"https:\/\/ruuby.ee\/en\/pood\/kodusisustus\/moobel\/kapid\/muubs-puhvetkapp-wing\/\",\"name\":\"MUUBS - puhvetkapp Wing, tumepruun - RUUBY\",\"isPartOf\":{\"@id\":\"http:\/\/ruuby.ee\/#website\"},\"primaryImageOfPage\":{\"@id\":\"https:\/\/ruuby.ee\/en\/pood\/kodusisustus\/moobel\/kapid\/muubs-puhvetkapp-wing\/#primaryimage\"},\"image\":{\"@id\":\"https:\/\/ruuby.ee\/en\/pood\/kodusisustus\/moobel\/kapid\/muubs-puhvetkapp-wing\/#primaryimage\"},\"thumbnailUrl\":\"https:\/\/ruuby.ee\/wp-content\/uploads\/2024\/06\/Screenshot-2024-06-26-at-13.28.50.png\",\"datePublished\":\"2024-06-26T10:22:46+00:00\",\"dateModified\":\"2026-04-05T22:26:25+00:00\",\"breadcrumb\":{\"@id\":\"https:\/\/ruuby.ee\/en\/pood\/kodusisustus\/moobel\/kapid\/muubs-puhvetkapp-wing\/#breadcrumb\"},\"inLanguage\":\"en-GB\",\"potentialAction\":[{\"@type\":\"ReadAction\",\"target\":[\"https:\/\/ruuby.ee\/en\/pood\/kodusisustus\/moobel\/kapid\/muubs-puhvetkapp-wing\/\"]}]},{\"@type\":\"ImageObject\",\"inLanguage\":\"en-GB\",\"@id\":\"https:\/\/ruuby.ee\/en\/pood\/kodusisustus\/moobel\/kapid\/muubs-puhvetkapp-wing\/#primaryimage\",\"url\":\"https:\/\/ruuby.ee\/wp-content\/uploads\/2024\/06\/Screenshot-2024-06-26-at-13.28.50.png\",\"contentUrl\":\"https:\/\/ruuby.ee\/wp-content\/uploads\/2024\/06\/Screenshot-2024-06-26-at-13.28.50.png\",\"width\":1060,\"height\":1234},{\"@type\":\"BreadcrumbList\",\"@id\":\"https:\/\/ruuby.ee\/en\/pood\/kodusisustus\/moobel\/kapid\/muubs-puhvetkapp-wing\/#breadcrumb\",\"itemListElement\":[{\"@type\":\"ListItem\",\"position\":1,\"name\":\"Kdu\",\"item\":\"http:\/\/ruuby.ee\/\"},{\"@type\":\"ListItem\",\"position\":2,\"name\":\"Pood\",\"item\":\"https:\/\/ruuby.ee\/en\/pood\/\"},{\"@type\":\"ListItem\",\"position\":3,\"name\":\"MUUBS &#8211; puhvetkapp Wing, tumepruun\"}]},{\"@type\":\"WebSite\",\"@id\":\"http:\/\/ruuby.ee\/#website\",\"url\":\"http:\/\/ruuby.ee\/\",\"name\":\"RUUBY\",\"description\":\"Ruubys on \u00fchendatud elustiil ja disain\",\"publisher\":{\"@id\":\"http:\/\/ruuby.ee\/#organization\"},\"alternateName\":\"Ruuby Disain\",\"potentialAction\":[{\"@type\":\"SearchAction\",\"target\":{\"@type\":\"EntryPoint\",\"urlTemplate\":\"http:\/\/ruuby.ee\/?s={search_term_string}\"},\"query-input\":{\"@type\":\"PropertyValueSpecification\",\"valueRequired\":true,\"valueName\":\"search_term_string\"}}],\"inLanguage\":\"en-GB\"},{\"@type\":\"Organization\",\"@id\":\"http:\/\/ruuby.ee\/#organization\",\"name\":\"Ruuby Disain O\u00dc\",\"alternateName\":\"Ruuby\",\"url\":\"http:\/\/ruuby.ee\/\",\"logo\":{\"@type\":\"ImageObject\",\"inLanguage\":\"en-GB\",\"@id\":\"http:\/\/ruuby.ee\/#\/schema\/logo\/image\/\",\"url\":\"https:\/\/ruuby.ee\/wp-content\/uploads\/2023\/06\/cropped-Black-White-Elegant-Circle-Signature-Fashion-Logo-12_large.png\",\"contentUrl\":\"https:\/\/ruuby.ee\/wp-content\/uploads\/2023\/06\/cropped-Black-White-Elegant-Circle-Signature-Fashion-Logo-12_large.png\",\"width\":1280,\"height\":747,\"caption\":\"Ruuby Disain O\u00dc\"},\"image\":{\"@id\":\"http:\/\/ruuby.ee\/#\/schema\/logo\/image\/\"},\"sameAs\":[\"https:\/\/www.facebook.com\/ruubyconcept\",\"https:\/\/www.instagram.com\/ruuby_concept\/\"]}]}<\/script>\n<!-- \/ Yoast SEO plugin. -->","yoast_head_json":{"title":"MUUBS - puhvetkapp Wing, tumepruun - RUUBY","robots":{"index":"index","follow":"follow","max-snippet":"max-snippet:-1","max-image-preview":"max-image-preview:large","max-video-preview":"max-video-preview:-1"},"canonical":"https:\/\/ruuby.ee\/en\/pood\/kodusisustus\/moobel\/kapid\/muubs-puhvetkapp-wing\/","og_locale":"en_GB","og_type":"article","og_title":"MUUBS - puhvetkapp Wing, tumepruun - RUUBY","og_description":"Tiib on ilus eraldiseisva esemena, kuid saate ka puhvetkappi kaunistada, et see sobiks teie kodu isikup\u00e4raga. Massiivne tamm tagab kauakestva m\u00f6\u00f6blieseme, mis toob teie koju ja igap\u00e4evaellu hinge ja karedust.","og_url":"https:\/\/ruuby.ee\/en\/pood\/kodusisustus\/moobel\/kapid\/muubs-puhvetkapp-wing\/","og_site_name":"RUUBY","article_publisher":"https:\/\/www.facebook.com\/ruubyconcept","article_modified_time":"2026-04-05T22:26:25+00:00","og_image":[{"width":880,"height":1024,"url":"https:\/\/ruuby.ee\/wp-content\/uploads\/2024\/06\/Screenshot-2024-06-26-at-13.28.50-880x1024.png","type":"image\/png"}],"twitter_card":"summary_large_image","twitter_misc":{"Estimated reading time":"2 minutes"},"schema":{"@context":"https:\/\/schema.org","@graph":[{"@type":["WebPage","ItemPage"],"@id":"https:\/\/ruuby.ee\/en\/pood\/kodusisustus\/moobel\/kapid\/muubs-puhvetkapp-wing\/","url":"https:\/\/ruuby.ee\/en\/pood\/kodusisustus\/moobel\/kapid\/muubs-puhvetkapp-wing\/","name":"MUUBS - puhvetkapp Wing, tumepruun - RUUBY","isPartOf":{"@id":"http:\/\/ruuby.ee\/#website"},"primaryImageOfPage":{"@id":"https:\/\/ruuby.ee\/en\/pood\/kodusisustus\/moobel\/kapid\/muubs-puhvetkapp-wing\/#primaryimage"},"image":{"@id":"https:\/\/ruuby.ee\/en\/pood\/kodusisustus\/moobel\/kapid\/muubs-puhvetkapp-wing\/#primaryimage"},"thumbnailUrl":"https:\/\/ruuby.ee\/wp-content\/uploads\/2024\/06\/Screenshot-2024-06-26-at-13.28.50.png","datePublished":"2024-06-26T10:22:46+00:00","dateModified":"2026-04-05T22:26:25+00:00","breadcrumb":{"@id":"https:\/\/ruuby.ee\/en\/pood\/kodusisustus\/moobel\/kapid\/muubs-puhvetkapp-wing\/#breadcrumb"},"inLanguage":"en-GB","potentialAction":[{"@type":"ReadAction","target":["https:\/\/ruuby.ee\/en\/pood\/kodusisustus\/moobel\/kapid\/muubs-puhvetkapp-wing\/"]}]},{"@type":"ImageObject","inLanguage":"en-GB","@id":"https:\/\/ruuby.ee\/en\/pood\/kodusisustus\/moobel\/kapid\/muubs-puhvetkapp-wing\/#primaryimage","url":"https:\/\/ruuby.ee\/wp-content\/uploads\/2024\/06\/Screenshot-2024-06-26-at-13.28.50.png","contentUrl":"https:\/\/ruuby.ee\/wp-content\/uploads\/2024\/06\/Screenshot-2024-06-26-at-13.28.50.png","width":1060,"height":1234},{"@type":"BreadcrumbList","@id":"https:\/\/ruuby.ee\/en\/pood\/kodusisustus\/moobel\/kapid\/muubs-puhvetkapp-wing\/#breadcrumb","itemListElement":[{"@type":"ListItem","position":1,"name":"Kdu","item":"http:\/\/ruuby.ee\/"},{"@type":"ListItem","position":2,"name":"Pood","item":"https:\/\/ruuby.ee\/en\/pood\/"},{"@type":"ListItem","position":3,"name":"MUUBS &#8211; puhvetkapp Wing, tumepruun"}]},{"@type":"WebSite","@id":"http:\/\/ruuby.ee\/#website","url":"http:\/\/ruuby.ee\/","name":"RUUBY","description":"Ruubys on \u00fchendatud elustiil ja disain","publisher":{"@id":"http:\/\/ruuby.ee\/#organization"},"alternateName":"Ruuby Disain","potentialAction":[{"@type":"SearchAction","target":{"@type":"EntryPoint","urlTemplate":"http:\/\/ruuby.ee\/?s={search_term_string}"},"query-input":{"@type":"PropertyValueSpecification","valueRequired":true,"valueName":"search_term_string"}}],"inLanguage":"en-GB"},{"@type":"Organization","@id":"http:\/\/ruuby.ee\/#organization","name":"Ruuby Disain O\u00dc","alternateName":"Ruuby","url":"http:\/\/ruuby.ee\/","logo":{"@type":"ImageObject","inLanguage":"en-GB","@id":"http:\/\/ruuby.ee\/#\/schema\/logo\/image\/","url":"https:\/\/ruuby.ee\/wp-content\/uploads\/2023\/06\/cropped-Black-White-Elegant-Circle-Signature-Fashion-Logo-12_large.png","contentUrl":"https:\/\/ruuby.ee\/wp-content\/uploads\/2023\/06\/cropped-Black-White-Elegant-Circle-Signature-Fashion-Logo-12_large.png","width":1280,"height":747,"caption":"Ruuby Disain O\u00dc"},"image":{"@id":"http:\/\/ruuby.ee\/#\/schema\/logo\/image\/"},"sameAs":["https:\/\/www.facebook.com\/ruubyconcept","https:\/\/www.instagram.com\/ruuby_concept\/"]}]}},"jetpack_sharing_enabled":true,"_links":{"self":[{"href":"https:\/\/ruuby.ee\/en\/wp-json\/wp\/v2\/product\/1845689","targetHints":{"allow":["GET"]}}],"collection":[{"href":"https:\/\/ruuby.ee\/en\/wp-json\/wp\/v2\/product"}],"about":[{"href":"https:\/\/ruuby.ee\/en\/wp-json\/wp\/v2\/types\/product"}],"replies":[{"embeddable":true,"href":"https:\/\/ruuby.ee\/en\/wp-json\/wp\/v2\/comments?post=1845689"}],"wp:featuredmedia":[{"embeddable":true,"href":"https:\/\/ruuby.ee\/en\/wp-json\/wp\/v2\/media\/1845698"}],"wp:attachment":[{"href":"https:\/\/ruuby.ee\/en\/wp-json\/wp\/v2\/media?parent=1845689"}],"wp:term":[{"taxonomy":"product_brand","embeddable":true,"href":"https:\/\/ruuby.ee\/en\/wp-json\/wp\/v2\/product_brand?post=1845689"},{"taxonomy":"product_cat","embeddable":true,"href":"https:\/\/ruuby.ee\/en\/wp-json\/wp\/v2\/product_cat?post=1845689"},{"taxonomy":"product_tag","embeddable":true,"href":"https:\/\/ruuby.ee\/en\/wp-json\/wp\/v2\/product_tag?post=1845689"}],"curies":[{"name":"wp","href":"https:\/\/api.w.org\/{rel}","templated":true}]}}