{"id":1845411,"date":"2024-05-31T14:45:26","date_gmt":"2024-05-31T11:45:26","guid":{"rendered":"http:\/\/ruuby.ee\/?post_type=product&#038;p=1845411"},"modified":"2026-04-08T01:28:34","modified_gmt":"2026-04-07T22:28:34","slug":"sticky-lemon-markmik","status":"publish","type":"product","link":"https:\/\/ruuby.ee\/en\/pood\/lapsed\/meisterdamine\/markmikud\/sticky-lemon-markmik\/","title":{"rendered":"Sticky Lemon &#8211; m\u00e4rkmik"},"content":{"rendered":"<p>Eriti tore idee t\u00e4iendada m\u00f5nda kingipakki v\u00f5i pakkuda r\u00f5\u00f5mu oma tegemistesse.<\/p>\n<p>Siit leiad Sticky Lemoni m\u00e4rkmiku, kus sees on kleebitavad m\u00e4rkmepaberid. M\u00e4rkepaberid annavad alati sinu kalendrisse ja tegemistesse juurde iseloomu. Ehk aitab paremini leida \u00fclesse k\u00f5ik vajaliku ja k\u00f5ige t\u00e4htsamad tegevused ja meeldetuletused.<\/p>\n<p>Hea viis ka j\u00e4tta meeldetuletuseks koju m\u00e4rkmeid ustele, seintele, kappidele, et vajalikud asjad meelest ei l\u00e4heks!<\/p>\n<p>Suurus: 10,5 x 14,8 cm &#8211; erinevad m\u00e4rkmepaberid raamatus.<\/p>\n<p>&nbsp;<\/p>","protected":false},"excerpt":{"rendered":"<p>Eriti tore idee t\u00e4iendada m\u00f5nda kingipakki v\u00f5i pakkuda r\u00f5\u00f5mu oma tegemistesse. Siit leiad Sticky Lemoni m\u00e4rkmiku, kus sees on kleebitavad m\u00e4rkmepaberid. M\u00e4rkepaberid annavad alati sinu kalendrisse ja tegemistesse juurde iseloomu. Ehk aitab paremini leida \u00fclesse k\u00f5ik vajaliku ja k\u00f5ige t\u00e4htsamad tegevused ja meeldetuletused. Hea viis ka j\u00e4tta meeldetuletuseks koju m\u00e4rkmeid ustele, seintele, kappidele, et vajalikud [&hellip;]<\/p>\n","protected":false},"featured_media":1845413,"comment_status":"closed","ping_status":"closed","template":"","meta":[],"product_brand":[],"product_cat":[666],"product_tag":[],"class_list":{"0":"post-1845411","1":"product","2":"type-product","3":"status-publish","4":"has-post-thumbnail","6":"product_cat-markmikud","8":"first","9":"instock","10":"taxable","11":"shipping-taxable","12":"purchasable","13":"product-type-simple"},"yoast_head":"<!-- This site is optimized with the Yoast SEO plugin v27.3 - https:\/\/yoast.com\/product\/yoast-seo-wordpress\/ -->\n<title>Sticky Lemon - m\u00e4rkmik - RUUBY<\/title>\n<meta name=\"robots\" content=\"index, follow, max-snippet:-1, max-image-preview:large, max-video-preview:-1\" \/>\n<link rel=\"canonical\" href=\"http:\/\/ruuby.ee\/en\/pood\/lapsed\/meisterdamine\/markmikud\/sticky-lemon-markmik\/\" \/>\n<meta property=\"og:locale\" content=\"en_GB\" \/>\n<meta property=\"og:type\" content=\"article\" \/>\n<meta property=\"og:title\" content=\"Sticky Lemon - m\u00e4rkmik - RUUBY\" \/>\n<meta property=\"og:description\" content=\"Eriti tore idee t\u00e4iendada m\u00f5nda kingipakki v\u00f5i pakkuda r\u00f5\u00f5mu oma tegemistesse. Siit leiad Sticky Lemoni m\u00e4rkmiku, kus sees on kleebitavad m\u00e4rkmepaberid. M\u00e4rkepaberid annavad alati sinu kalendrisse ja tegemistesse juurde iseloomu. Ehk aitab paremini leida \u00fclesse k\u00f5ik vajaliku ja k\u00f5ige t\u00e4htsamad tegevused ja meeldetuletused. Hea viis ka j\u00e4tta meeldetuletuseks koju m\u00e4rkmeid ustele, seintele, kappidele, et vajalikud [&hellip;]\" \/>\n<meta property=\"og:url\" content=\"http:\/\/ruuby.ee\/en\/pood\/lapsed\/meisterdamine\/markmikud\/sticky-lemon-markmik\/\" \/>\n<meta property=\"og:site_name\" content=\"RUUBY\" \/>\n<meta property=\"article:publisher\" content=\"https:\/\/www.facebook.com\/ruubyconcept\" \/>\n<meta property=\"article:modified_time\" content=\"2026-04-07T22:28:34+00:00\" \/>\n<meta property=\"og:image\" content=\"http:\/\/ruuby.ee\/wp-content\/uploads\/2024\/05\/Screenshot-2024-05-31-at-14.19.43.png\" \/>\n\t<meta property=\"og:image:width\" content=\"698\" \/>\n\t<meta property=\"og:image:height\" content=\"1062\" \/>\n\t<meta property=\"og:image:type\" content=\"image\/png\" \/>\n<meta name=\"twitter:card\" content=\"summary_large_image\" \/>\n<meta name=\"twitter:label1\" content=\"Estimated reading time\" \/>\n\t<meta name=\"twitter:data1\" content=\"1 minute\" \/>\n<script type=\"application\/ld+json\" class=\"yoast-schema-graph\">{\"@context\":\"https:\\\/\\\/schema.org\",\"@graph\":[{\"@type\":[\"WebPage\",\"ItemPage\"],\"@id\":\"http:\\\/\\\/ruuby.ee\\\/pood\\\/lapsed\\\/meisterdamine\\\/markmikud\\\/sticky-lemon-markmik\\\/\",\"url\":\"http:\\\/\\\/ruuby.ee\\\/pood\\\/lapsed\\\/meisterdamine\\\/markmikud\\\/sticky-lemon-markmik\\\/\",\"name\":\"Sticky Lemon - m\u00e4rkmik - RUUBY\",\"isPartOf\":{\"@id\":\"http:\\\/\\\/ruuby.ee\\\/en\\\/#website\"},\"primaryImageOfPage\":{\"@id\":\"http:\\\/\\\/ruuby.ee\\\/pood\\\/lapsed\\\/meisterdamine\\\/markmikud\\\/sticky-lemon-markmik\\\/#primaryimage\"},\"image\":{\"@id\":\"http:\\\/\\\/ruuby.ee\\\/pood\\\/lapsed\\\/meisterdamine\\\/markmikud\\\/sticky-lemon-markmik\\\/#primaryimage\"},\"thumbnailUrl\":\"https:\\\/\\\/ruuby.ee\\\/wp-content\\\/uploads\\\/2024\\\/05\\\/Screenshot-2024-05-31-at-14.19.43.png\",\"datePublished\":\"2024-05-31T11:45:26+00:00\",\"dateModified\":\"2026-04-07T22:28:34+00:00\",\"breadcrumb\":{\"@id\":\"http:\\\/\\\/ruuby.ee\\\/pood\\\/lapsed\\\/meisterdamine\\\/markmikud\\\/sticky-lemon-markmik\\\/#breadcrumb\"},\"inLanguage\":\"en-GB\",\"potentialAction\":[{\"@type\":\"ReadAction\",\"target\":[\"http:\\\/\\\/ruuby.ee\\\/pood\\\/lapsed\\\/meisterdamine\\\/markmikud\\\/sticky-lemon-markmik\\\/\"]}]},{\"@type\":\"ImageObject\",\"inLanguage\":\"en-GB\",\"@id\":\"http:\\\/\\\/ruuby.ee\\\/pood\\\/lapsed\\\/meisterdamine\\\/markmikud\\\/sticky-lemon-markmik\\\/#primaryimage\",\"url\":\"https:\\\/\\\/ruuby.ee\\\/wp-content\\\/uploads\\\/2024\\\/05\\\/Screenshot-2024-05-31-at-14.19.43.png\",\"contentUrl\":\"https:\\\/\\\/ruuby.ee\\\/wp-content\\\/uploads\\\/2024\\\/05\\\/Screenshot-2024-05-31-at-14.19.43.png\",\"width\":698,\"height\":1062},{\"@type\":\"BreadcrumbList\",\"@id\":\"http:\\\/\\\/ruuby.ee\\\/pood\\\/lapsed\\\/meisterdamine\\\/markmikud\\\/sticky-lemon-markmik\\\/#breadcrumb\",\"itemListElement\":[{\"@type\":\"ListItem\",\"position\":1,\"name\":\"Kdu\",\"item\":\"http:\\\/\\\/ruuby.ee\\\/en\\\/\"},{\"@type\":\"ListItem\",\"position\":2,\"name\":\"Pood\",\"item\":\"http:\\\/\\\/ruuby.ee\\\/en\\\/pood\\\/\"},{\"@type\":\"ListItem\",\"position\":3,\"name\":\"Sticky Lemon &#8211; m\u00e4rkmik\"}]},{\"@type\":\"WebSite\",\"@id\":\"http:\\\/\\\/ruuby.ee\\\/en\\\/#website\",\"url\":\"http:\\\/\\\/ruuby.ee\\\/en\\\/\",\"name\":\"RUUBY\",\"description\":\"Ruubys on \u00fchendatud elustiil ja disain\",\"publisher\":{\"@id\":\"http:\\\/\\\/ruuby.ee\\\/en\\\/#organization\"},\"alternateName\":\"Ruuby Disain\",\"potentialAction\":[{\"@type\":\"SearchAction\",\"target\":{\"@type\":\"EntryPoint\",\"urlTemplate\":\"http:\\\/\\\/ruuby.ee\\\/en\\\/?s={search_term_string}\"},\"query-input\":{\"@type\":\"PropertyValueSpecification\",\"valueRequired\":true,\"valueName\":\"search_term_string\"}}],\"inLanguage\":\"en-GB\"},{\"@type\":\"Organization\",\"@id\":\"http:\\\/\\\/ruuby.ee\\\/en\\\/#organization\",\"name\":\"Ruuby Disain O\u00dc\",\"alternateName\":\"Ruuby\",\"url\":\"http:\\\/\\\/ruuby.ee\\\/en\\\/\",\"logo\":{\"@type\":\"ImageObject\",\"inLanguage\":\"en-GB\",\"@id\":\"http:\\\/\\\/ruuby.ee\\\/en\\\/#\\\/schema\\\/logo\\\/image\\\/\",\"url\":\"https:\\\/\\\/ruuby.ee\\\/wp-content\\\/uploads\\\/2023\\\/06\\\/cropped-Black-White-Elegant-Circle-Signature-Fashion-Logo-12_large.png\",\"contentUrl\":\"https:\\\/\\\/ruuby.ee\\\/wp-content\\\/uploads\\\/2023\\\/06\\\/cropped-Black-White-Elegant-Circle-Signature-Fashion-Logo-12_large.png\",\"width\":1280,\"height\":747,\"caption\":\"Ruuby Disain O\u00dc\"},\"image\":{\"@id\":\"http:\\\/\\\/ruuby.ee\\\/en\\\/#\\\/schema\\\/logo\\\/image\\\/\"},\"sameAs\":[\"https:\\\/\\\/www.facebook.com\\\/ruubyconcept\",\"https:\\\/\\\/www.instagram.com\\\/ruuby_concept\\\/\"]}]}<\/script>\n<!-- \/ Yoast SEO plugin. -->","yoast_head_json":{"title":"Sticky Lemon - m\u00e4rkmik - RUUBY","robots":{"index":"index","follow":"follow","max-snippet":"max-snippet:-1","max-image-preview":"max-image-preview:large","max-video-preview":"max-video-preview:-1"},"canonical":"http:\/\/ruuby.ee\/en\/pood\/lapsed\/meisterdamine\/markmikud\/sticky-lemon-markmik\/","og_locale":"en_GB","og_type":"article","og_title":"Sticky Lemon - m\u00e4rkmik - RUUBY","og_description":"Eriti tore idee t\u00e4iendada m\u00f5nda kingipakki v\u00f5i pakkuda r\u00f5\u00f5mu oma tegemistesse. Siit leiad Sticky Lemoni m\u00e4rkmiku, kus sees on kleebitavad m\u00e4rkmepaberid. M\u00e4rkepaberid annavad alati sinu kalendrisse ja tegemistesse juurde iseloomu. Ehk aitab paremini leida \u00fclesse k\u00f5ik vajaliku ja k\u00f5ige t\u00e4htsamad tegevused ja meeldetuletused. Hea viis ka j\u00e4tta meeldetuletuseks koju m\u00e4rkmeid ustele, seintele, kappidele, et vajalikud [&hellip;]","og_url":"http:\/\/ruuby.ee\/en\/pood\/lapsed\/meisterdamine\/markmikud\/sticky-lemon-markmik\/","og_site_name":"RUUBY","article_publisher":"https:\/\/www.facebook.com\/ruubyconcept","article_modified_time":"2026-04-07T22:28:34+00:00","og_image":[{"width":698,"height":1062,"url":"http:\/\/ruuby.ee\/wp-content\/uploads\/2024\/05\/Screenshot-2024-05-31-at-14.19.43.png","type":"image\/png"}],"twitter_card":"summary_large_image","twitter_misc":{"Estimated reading time":"1 minute"},"schema":{"@context":"https:\/\/schema.org","@graph":[{"@type":["WebPage","ItemPage"],"@id":"http:\/\/ruuby.ee\/pood\/lapsed\/meisterdamine\/markmikud\/sticky-lemon-markmik\/","url":"http:\/\/ruuby.ee\/pood\/lapsed\/meisterdamine\/markmikud\/sticky-lemon-markmik\/","name":"Sticky Lemon - m\u00e4rkmik - RUUBY","isPartOf":{"@id":"http:\/\/ruuby.ee\/en\/#website"},"primaryImageOfPage":{"@id":"http:\/\/ruuby.ee\/pood\/lapsed\/meisterdamine\/markmikud\/sticky-lemon-markmik\/#primaryimage"},"image":{"@id":"http:\/\/ruuby.ee\/pood\/lapsed\/meisterdamine\/markmikud\/sticky-lemon-markmik\/#primaryimage"},"thumbnailUrl":"https:\/\/ruuby.ee\/wp-content\/uploads\/2024\/05\/Screenshot-2024-05-31-at-14.19.43.png","datePublished":"2024-05-31T11:45:26+00:00","dateModified":"2026-04-07T22:28:34+00:00","breadcrumb":{"@id":"http:\/\/ruuby.ee\/pood\/lapsed\/meisterdamine\/markmikud\/sticky-lemon-markmik\/#breadcrumb"},"inLanguage":"en-GB","potentialAction":[{"@type":"ReadAction","target":["http:\/\/ruuby.ee\/pood\/lapsed\/meisterdamine\/markmikud\/sticky-lemon-markmik\/"]}]},{"@type":"ImageObject","inLanguage":"en-GB","@id":"http:\/\/ruuby.ee\/pood\/lapsed\/meisterdamine\/markmikud\/sticky-lemon-markmik\/#primaryimage","url":"https:\/\/ruuby.ee\/wp-content\/uploads\/2024\/05\/Screenshot-2024-05-31-at-14.19.43.png","contentUrl":"https:\/\/ruuby.ee\/wp-content\/uploads\/2024\/05\/Screenshot-2024-05-31-at-14.19.43.png","width":698,"height":1062},{"@type":"BreadcrumbList","@id":"http:\/\/ruuby.ee\/pood\/lapsed\/meisterdamine\/markmikud\/sticky-lemon-markmik\/#breadcrumb","itemListElement":[{"@type":"ListItem","position":1,"name":"Kdu","item":"http:\/\/ruuby.ee\/en\/"},{"@type":"ListItem","position":2,"name":"Pood","item":"http:\/\/ruuby.ee\/en\/pood\/"},{"@type":"ListItem","position":3,"name":"Sticky Lemon &#8211; m\u00e4rkmik"}]},{"@type":"WebSite","@id":"http:\/\/ruuby.ee\/en\/#website","url":"http:\/\/ruuby.ee\/en\/","name":"RUUBY","description":"Ruubys on \u00fchendatud elustiil ja disain","publisher":{"@id":"http:\/\/ruuby.ee\/en\/#organization"},"alternateName":"Ruuby Disain","potentialAction":[{"@type":"SearchAction","target":{"@type":"EntryPoint","urlTemplate":"http:\/\/ruuby.ee\/en\/?s={search_term_string}"},"query-input":{"@type":"PropertyValueSpecification","valueRequired":true,"valueName":"search_term_string"}}],"inLanguage":"en-GB"},{"@type":"Organization","@id":"http:\/\/ruuby.ee\/en\/#organization","name":"Ruuby Disain O\u00dc","alternateName":"Ruuby","url":"http:\/\/ruuby.ee\/en\/","logo":{"@type":"ImageObject","inLanguage":"en-GB","@id":"http:\/\/ruuby.ee\/en\/#\/schema\/logo\/image\/","url":"https:\/\/ruuby.ee\/wp-content\/uploads\/2023\/06\/cropped-Black-White-Elegant-Circle-Signature-Fashion-Logo-12_large.png","contentUrl":"https:\/\/ruuby.ee\/wp-content\/uploads\/2023\/06\/cropped-Black-White-Elegant-Circle-Signature-Fashion-Logo-12_large.png","width":1280,"height":747,"caption":"Ruuby Disain O\u00dc"},"image":{"@id":"http:\/\/ruuby.ee\/en\/#\/schema\/logo\/image\/"},"sameAs":["https:\/\/www.facebook.com\/ruubyconcept","https:\/\/www.instagram.com\/ruuby_concept\/"]}]}},"jetpack_sharing_enabled":true,"_links":{"self":[{"href":"https:\/\/ruuby.ee\/en\/wp-json\/wp\/v2\/product\/1845411","targetHints":{"allow":["GET"]}}],"collection":[{"href":"https:\/\/ruuby.ee\/en\/wp-json\/wp\/v2\/product"}],"about":[{"href":"https:\/\/ruuby.ee\/en\/wp-json\/wp\/v2\/types\/product"}],"replies":[{"embeddable":true,"href":"https:\/\/ruuby.ee\/en\/wp-json\/wp\/v2\/comments?post=1845411"}],"wp:featuredmedia":[{"embeddable":true,"href":"https:\/\/ruuby.ee\/en\/wp-json\/wp\/v2\/media\/1845413"}],"wp:attachment":[{"href":"https:\/\/ruuby.ee\/en\/wp-json\/wp\/v2\/media?parent=1845411"}],"wp:term":[{"taxonomy":"product_brand","embeddable":true,"href":"https:\/\/ruuby.ee\/en\/wp-json\/wp\/v2\/product_brand?post=1845411"},{"taxonomy":"product_cat","embeddable":true,"href":"https:\/\/ruuby.ee\/en\/wp-json\/wp\/v2\/product_cat?post=1845411"},{"taxonomy":"product_tag","embeddable":true,"href":"https:\/\/ruuby.ee\/en\/wp-json\/wp\/v2\/product_tag?post=1845411"}],"curies":[{"name":"wp","href":"https:\/\/api.w.org\/{rel}","templated":true}]}}