{"id":1845317,"date":"2024-05-25T14:02:41","date_gmt":"2024-05-25T11:02:41","guid":{"rendered":"http:\/\/ruuby.ee\/?post_type=product&#038;p=1845317"},"modified":"2026-04-08T01:28:34","modified_gmt":"2026-04-07T22:28:34","slug":"umage-paevavoodi-lounge-around","status":"publish","type":"product","link":"https:\/\/ruuby.ee\/en\/pood\/kodusisustus\/moobel\/lauad\/umage-paevavoodi-lounge-around\/","title":{"rendered":"Umage &#8211; Tumba \/ kohvilaud, Lounge Around Shuffle"},"content":{"rendered":"<p>Laiendage Lounge Aroundi diivan lamamistooliks, hoidke l\u00e4heduses lisaistmena puhv v\u00f5i muutke kohvilaua kasutusv\u00f5imalusi \u2013 see multifunktsionaalne ese on teie elutoa seadistusele ideaalne t\u00e4iendus.<\/p>\n<p>Lounge Around Shuffle on saadaval koos istmepadjaga, et tagada pehme koht teie jalgadele puhkamiseks v\u00f5i k\u00fclalistele istumiseks, kui seda kasutatakse pouffi v\u00f5i lamamistoolina. Kasutage seda ilma istmepadjata ja see muutub t\u00e4iuslikuks kohvilauaks, \u00f5itsvate lilledega vaasiks v\u00f5i lihtsalt virnaks teie lemmikajakirju.<\/p>\n<p>Lounge Around Shuffle\u2019i v\u00e4ljendusviis juhib viiteid nii Skandinaavia kui Jaapani disainikultuurile ja elustiilile, tuues esile loodusliku materjali lihtsuse.<\/p>\n<p>Lounge Around Shuffle on saadaval tammepuidust patjadega 100% taaskasutatud Horizonsi tekstiili neljas standardv\u00e4rvis \u2013 et t\u00e4iendada teie teisi Lounge Aroundi kujundusi. Kui soovite Lounge Around Shuffle&#8217;i kasutada ainult kohvilauana, saate selle ilma istmepadjata osta siit.<\/p>\n<p>M\u00f5\u00f5dud: H: 40.3 W: 71.4 D: 71.4 cm<\/p>\n<p>Materjal: T\u00e4ispuidust tamm, MDF, teras (plaaditud messing) ja pol\u00fcester (Horizons S).<\/p>\n<p>Kaal: 11,5kg<\/p>","protected":false},"excerpt":{"rendered":"<p>Lounge Around Shuffle on koht teie s\u00f5pradele, jalgadele v\u00f5i kohvile ning ideaalne kaaslane l\u00f5\u00f5gastumiseks.<\/p>\n<p>&nbsp;<\/p>\n<p>&nbsp;<\/p>","protected":false},"featured_media":1845350,"comment_status":"closed","ping_status":"closed","template":"","meta":[],"product_brand":[],"product_cat":[744,556],"product_tag":[],"class_list":{"0":"post-1845317","1":"product","2":"type-product","3":"status-publish","4":"has-post-thumbnail","6":"product_cat-diivanid-ja-paevavoodid","7":"product_cat-lauad","9":"first","10":"onbackorder","11":"taxable","12":"shipping-taxable","13":"purchasable","14":"product-type-variable","15":"rtwpvs-product"},"yoast_head":"<!-- This site is optimized with the Yoast SEO plugin v27.3 - https:\/\/yoast.com\/product\/yoast-seo-wordpress\/ -->\n<title>Umage - Tumba \/ kohvilaud, Lounge Around Shuffle - RUUBY<\/title>\n<meta name=\"robots\" content=\"index, follow, max-snippet:-1, max-image-preview:large, max-video-preview:-1\" \/>\n<link rel=\"canonical\" href=\"https:\/\/ruuby.ee\/en\/pood\/kodusisustus\/moobel\/lauad\/umage-paevavoodi-lounge-around\/\" \/>\n<meta property=\"og:locale\" content=\"en_GB\" \/>\n<meta property=\"og:type\" content=\"article\" \/>\n<meta property=\"og:title\" content=\"Umage - Tumba \/ kohvilaud, Lounge Around Shuffle - RUUBY\" \/>\n<meta property=\"og:description\" content=\"Lounge Around Shuffle on koht teie s\u00f5pradele, jalgadele v\u00f5i kohvile ning ideaalne kaaslane l\u00f5\u00f5gastumiseks.  &nbsp;  &nbsp;\" \/>\n<meta property=\"og:url\" content=\"https:\/\/ruuby.ee\/en\/pood\/kodusisustus\/moobel\/lauad\/umage-paevavoodi-lounge-around\/\" \/>\n<meta property=\"og:site_name\" content=\"RUUBY\" \/>\n<meta property=\"article:publisher\" content=\"https:\/\/www.facebook.com\/ruubyconcept\" \/>\n<meta property=\"article:modified_time\" content=\"2026-04-07T22:28:34+00:00\" \/>\n<meta property=\"og:image\" content=\"https:\/\/ruuby.ee\/wp-content\/uploads\/2024\/05\/Screenshot-2024-05-25-at-14.15.27.png\" \/>\n\t<meta property=\"og:image:width\" content=\"1062\" \/>\n\t<meta property=\"og:image:height\" content=\"922\" \/>\n\t<meta property=\"og:image:type\" content=\"image\/png\" \/>\n<meta name=\"twitter:card\" content=\"summary_large_image\" \/>\n<meta name=\"twitter:label1\" content=\"Estimated reading time\" \/>\n\t<meta name=\"twitter:data1\" content=\"1 minute\" \/>\n<script type=\"application\/ld+json\" class=\"yoast-schema-graph\">{\"@context\":\"https:\\\/\\\/schema.org\",\"@graph\":[{\"@type\":[\"WebPage\",\"ItemPage\"],\"@id\":\"https:\\\/\\\/ruuby.ee\\\/pood\\\/kodusisustus\\\/moobel\\\/lauad\\\/umage-paevavoodi-lounge-around\\\/\",\"url\":\"https:\\\/\\\/ruuby.ee\\\/pood\\\/kodusisustus\\\/moobel\\\/lauad\\\/umage-paevavoodi-lounge-around\\\/\",\"name\":\"Umage - Tumba \\\/ kohvilaud, Lounge Around Shuffle - RUUBY\",\"isPartOf\":{\"@id\":\"http:\\\/\\\/ruuby.ee\\\/#website\"},\"primaryImageOfPage\":{\"@id\":\"https:\\\/\\\/ruuby.ee\\\/pood\\\/kodusisustus\\\/moobel\\\/lauad\\\/umage-paevavoodi-lounge-around\\\/#primaryimage\"},\"image\":{\"@id\":\"https:\\\/\\\/ruuby.ee\\\/pood\\\/kodusisustus\\\/moobel\\\/lauad\\\/umage-paevavoodi-lounge-around\\\/#primaryimage\"},\"thumbnailUrl\":\"https:\\\/\\\/ruuby.ee\\\/wp-content\\\/uploads\\\/2024\\\/05\\\/Screenshot-2024-05-25-at-14.15.27.png\",\"datePublished\":\"2024-05-25T11:02:41+00:00\",\"dateModified\":\"2026-04-07T22:28:34+00:00\",\"breadcrumb\":{\"@id\":\"https:\\\/\\\/ruuby.ee\\\/pood\\\/kodusisustus\\\/moobel\\\/lauad\\\/umage-paevavoodi-lounge-around\\\/#breadcrumb\"},\"inLanguage\":\"en-GB\",\"potentialAction\":[{\"@type\":\"ReadAction\",\"target\":[\"https:\\\/\\\/ruuby.ee\\\/pood\\\/kodusisustus\\\/moobel\\\/lauad\\\/umage-paevavoodi-lounge-around\\\/\"]}]},{\"@type\":\"ImageObject\",\"inLanguage\":\"en-GB\",\"@id\":\"https:\\\/\\\/ruuby.ee\\\/pood\\\/kodusisustus\\\/moobel\\\/lauad\\\/umage-paevavoodi-lounge-around\\\/#primaryimage\",\"url\":\"https:\\\/\\\/ruuby.ee\\\/wp-content\\\/uploads\\\/2024\\\/05\\\/Screenshot-2024-05-25-at-14.15.27.png\",\"contentUrl\":\"https:\\\/\\\/ruuby.ee\\\/wp-content\\\/uploads\\\/2024\\\/05\\\/Screenshot-2024-05-25-at-14.15.27.png\",\"width\":1062,\"height\":922},{\"@type\":\"BreadcrumbList\",\"@id\":\"https:\\\/\\\/ruuby.ee\\\/pood\\\/kodusisustus\\\/moobel\\\/lauad\\\/umage-paevavoodi-lounge-around\\\/#breadcrumb\",\"itemListElement\":[{\"@type\":\"ListItem\",\"position\":1,\"name\":\"Kdu\",\"item\":\"http:\\\/\\\/ruuby.ee\\\/\"},{\"@type\":\"ListItem\",\"position\":2,\"name\":\"Pood\",\"item\":\"http:\\\/\\\/ruuby.ee\\\/pood\\\/\"},{\"@type\":\"ListItem\",\"position\":3,\"name\":\"Umage &#8211; Tumba \\\/ kohvilaud, Lounge Around Shuffle\"}]},{\"@type\":\"WebSite\",\"@id\":\"http:\\\/\\\/ruuby.ee\\\/#website\",\"url\":\"http:\\\/\\\/ruuby.ee\\\/\",\"name\":\"RUUBY\",\"description\":\"Ruubys on \u00fchendatud elustiil ja disain\",\"publisher\":{\"@id\":\"http:\\\/\\\/ruuby.ee\\\/#organization\"},\"alternateName\":\"Ruuby Disain\",\"potentialAction\":[{\"@type\":\"SearchAction\",\"target\":{\"@type\":\"EntryPoint\",\"urlTemplate\":\"http:\\\/\\\/ruuby.ee\\\/?s={search_term_string}\"},\"query-input\":{\"@type\":\"PropertyValueSpecification\",\"valueRequired\":true,\"valueName\":\"search_term_string\"}}],\"inLanguage\":\"en-GB\"},{\"@type\":\"Organization\",\"@id\":\"http:\\\/\\\/ruuby.ee\\\/#organization\",\"name\":\"Ruuby Disain O\u00dc\",\"alternateName\":\"Ruuby\",\"url\":\"http:\\\/\\\/ruuby.ee\\\/\",\"logo\":{\"@type\":\"ImageObject\",\"inLanguage\":\"en-GB\",\"@id\":\"http:\\\/\\\/ruuby.ee\\\/#\\\/schema\\\/logo\\\/image\\\/\",\"url\":\"https:\\\/\\\/ruuby.ee\\\/wp-content\\\/uploads\\\/2023\\\/06\\\/cropped-Black-White-Elegant-Circle-Signature-Fashion-Logo-12_large.png\",\"contentUrl\":\"https:\\\/\\\/ruuby.ee\\\/wp-content\\\/uploads\\\/2023\\\/06\\\/cropped-Black-White-Elegant-Circle-Signature-Fashion-Logo-12_large.png\",\"width\":1280,\"height\":747,\"caption\":\"Ruuby Disain O\u00dc\"},\"image\":{\"@id\":\"http:\\\/\\\/ruuby.ee\\\/#\\\/schema\\\/logo\\\/image\\\/\"},\"sameAs\":[\"https:\\\/\\\/www.facebook.com\\\/ruubyconcept\",\"https:\\\/\\\/www.instagram.com\\\/ruuby_concept\\\/\"]}]}<\/script>\n<!-- \/ Yoast SEO plugin. -->","yoast_head_json":{"title":"Umage - Tumba \/ kohvilaud, Lounge Around Shuffle - RUUBY","robots":{"index":"index","follow":"follow","max-snippet":"max-snippet:-1","max-image-preview":"max-image-preview:large","max-video-preview":"max-video-preview:-1"},"canonical":"https:\/\/ruuby.ee\/en\/pood\/kodusisustus\/moobel\/lauad\/umage-paevavoodi-lounge-around\/","og_locale":"en_GB","og_type":"article","og_title":"Umage - Tumba \/ kohvilaud, Lounge Around Shuffle - RUUBY","og_description":"Lounge Around Shuffle on koht teie s\u00f5pradele, jalgadele v\u00f5i kohvile ning ideaalne kaaslane l\u00f5\u00f5gastumiseks.  &nbsp;  &nbsp;","og_url":"https:\/\/ruuby.ee\/en\/pood\/kodusisustus\/moobel\/lauad\/umage-paevavoodi-lounge-around\/","og_site_name":"RUUBY","article_publisher":"https:\/\/www.facebook.com\/ruubyconcept","article_modified_time":"2026-04-07T22:28:34+00:00","og_image":[{"width":1062,"height":922,"url":"https:\/\/ruuby.ee\/wp-content\/uploads\/2024\/05\/Screenshot-2024-05-25-at-14.15.27.png","type":"image\/png"}],"twitter_card":"summary_large_image","twitter_misc":{"Estimated reading time":"1 minute"},"schema":{"@context":"https:\/\/schema.org","@graph":[{"@type":["WebPage","ItemPage"],"@id":"https:\/\/ruuby.ee\/pood\/kodusisustus\/moobel\/lauad\/umage-paevavoodi-lounge-around\/","url":"https:\/\/ruuby.ee\/pood\/kodusisustus\/moobel\/lauad\/umage-paevavoodi-lounge-around\/","name":"Umage - Tumba \/ kohvilaud, Lounge Around Shuffle - RUUBY","isPartOf":{"@id":"http:\/\/ruuby.ee\/#website"},"primaryImageOfPage":{"@id":"https:\/\/ruuby.ee\/pood\/kodusisustus\/moobel\/lauad\/umage-paevavoodi-lounge-around\/#primaryimage"},"image":{"@id":"https:\/\/ruuby.ee\/pood\/kodusisustus\/moobel\/lauad\/umage-paevavoodi-lounge-around\/#primaryimage"},"thumbnailUrl":"https:\/\/ruuby.ee\/wp-content\/uploads\/2024\/05\/Screenshot-2024-05-25-at-14.15.27.png","datePublished":"2024-05-25T11:02:41+00:00","dateModified":"2026-04-07T22:28:34+00:00","breadcrumb":{"@id":"https:\/\/ruuby.ee\/pood\/kodusisustus\/moobel\/lauad\/umage-paevavoodi-lounge-around\/#breadcrumb"},"inLanguage":"en-GB","potentialAction":[{"@type":"ReadAction","target":["https:\/\/ruuby.ee\/pood\/kodusisustus\/moobel\/lauad\/umage-paevavoodi-lounge-around\/"]}]},{"@type":"ImageObject","inLanguage":"en-GB","@id":"https:\/\/ruuby.ee\/pood\/kodusisustus\/moobel\/lauad\/umage-paevavoodi-lounge-around\/#primaryimage","url":"https:\/\/ruuby.ee\/wp-content\/uploads\/2024\/05\/Screenshot-2024-05-25-at-14.15.27.png","contentUrl":"https:\/\/ruuby.ee\/wp-content\/uploads\/2024\/05\/Screenshot-2024-05-25-at-14.15.27.png","width":1062,"height":922},{"@type":"BreadcrumbList","@id":"https:\/\/ruuby.ee\/pood\/kodusisustus\/moobel\/lauad\/umage-paevavoodi-lounge-around\/#breadcrumb","itemListElement":[{"@type":"ListItem","position":1,"name":"Kdu","item":"http:\/\/ruuby.ee\/"},{"@type":"ListItem","position":2,"name":"Pood","item":"http:\/\/ruuby.ee\/pood\/"},{"@type":"ListItem","position":3,"name":"Umage &#8211; Tumba \/ kohvilaud, Lounge Around Shuffle"}]},{"@type":"WebSite","@id":"http:\/\/ruuby.ee\/#website","url":"http:\/\/ruuby.ee\/","name":"RUUBY","description":"Ruubys on \u00fchendatud elustiil ja disain","publisher":{"@id":"http:\/\/ruuby.ee\/#organization"},"alternateName":"Ruuby Disain","potentialAction":[{"@type":"SearchAction","target":{"@type":"EntryPoint","urlTemplate":"http:\/\/ruuby.ee\/?s={search_term_string}"},"query-input":{"@type":"PropertyValueSpecification","valueRequired":true,"valueName":"search_term_string"}}],"inLanguage":"en-GB"},{"@type":"Organization","@id":"http:\/\/ruuby.ee\/#organization","name":"Ruuby Disain O\u00dc","alternateName":"Ruuby","url":"http:\/\/ruuby.ee\/","logo":{"@type":"ImageObject","inLanguage":"en-GB","@id":"http:\/\/ruuby.ee\/#\/schema\/logo\/image\/","url":"https:\/\/ruuby.ee\/wp-content\/uploads\/2023\/06\/cropped-Black-White-Elegant-Circle-Signature-Fashion-Logo-12_large.png","contentUrl":"https:\/\/ruuby.ee\/wp-content\/uploads\/2023\/06\/cropped-Black-White-Elegant-Circle-Signature-Fashion-Logo-12_large.png","width":1280,"height":747,"caption":"Ruuby Disain O\u00dc"},"image":{"@id":"http:\/\/ruuby.ee\/#\/schema\/logo\/image\/"},"sameAs":["https:\/\/www.facebook.com\/ruubyconcept","https:\/\/www.instagram.com\/ruuby_concept\/"]}]}},"jetpack_sharing_enabled":true,"_links":{"self":[{"href":"https:\/\/ruuby.ee\/en\/wp-json\/wp\/v2\/product\/1845317","targetHints":{"allow":["GET"]}}],"collection":[{"href":"https:\/\/ruuby.ee\/en\/wp-json\/wp\/v2\/product"}],"about":[{"href":"https:\/\/ruuby.ee\/en\/wp-json\/wp\/v2\/types\/product"}],"replies":[{"embeddable":true,"href":"https:\/\/ruuby.ee\/en\/wp-json\/wp\/v2\/comments?post=1845317"}],"wp:featuredmedia":[{"embeddable":true,"href":"https:\/\/ruuby.ee\/en\/wp-json\/wp\/v2\/media\/1845350"}],"wp:attachment":[{"href":"https:\/\/ruuby.ee\/en\/wp-json\/wp\/v2\/media?parent=1845317"}],"wp:term":[{"taxonomy":"product_brand","embeddable":true,"href":"https:\/\/ruuby.ee\/en\/wp-json\/wp\/v2\/product_brand?post=1845317"},{"taxonomy":"product_cat","embeddable":true,"href":"https:\/\/ruuby.ee\/en\/wp-json\/wp\/v2\/product_cat?post=1845317"},{"taxonomy":"product_tag","embeddable":true,"href":"https:\/\/ruuby.ee\/en\/wp-json\/wp\/v2\/product_tag?post=1845317"}],"curies":[{"name":"wp","href":"https:\/\/api.w.org\/{rel}","templated":true}]}}