{"id":1844763,"date":"2024-05-04T14:07:04","date_gmt":"2024-05-04T11:07:04","guid":{"rendered":"http:\/\/ruuby.ee\/?post_type=product&#038;p=1844763"},"modified":"2026-04-08T01:28:34","modified_gmt":"2026-04-07T22:28:34","slug":"luuv-laste-vannivaht-pirn-200ml","status":"publish","type":"product","link":"https:\/\/ruuby.ee\/en\/pood\/lapsed\/beebikaubad\/hooldus\/luuv-laste-vannivaht-pirn-200ml\/","title":{"rendered":"LUUV Laste vannivaht, PIRN 200ml"},"content":{"rendered":"<p>Muuda vannisk\u00e4ik magusaks, m\u00e4nguliseks ja vahvaks! LUUV laste vannivaht pole mitte ainult sertifitseeritud \u00fcle maailma tunnustatud ECOCERT \/ COSMOS \u00f6kosertifikaadiga, vaid muudab ka iga vannisk\u00e4igu \u00fcheks toredaks vahuseks seikluseks. Rikkalik ja sametiselt pehme vaht, mis p\u00e4rineb hoolikalt valitud taimsetest pesuainetest, hellitab su pisikese \u00f5rna nahka ning ei p\u00f5hjusta \u00e4rritust ega kuivust. Vannivahu m\u00f5nusalt mahlane pirniaroom, mis on \u00fcdini looduslik ja allergeenivaba, loob aga veelgi imelisema vannielamuse.<\/p>\n<p><strong>Kasutamine:<\/strong><\/p>\n<p>Lisa vannivaht soojale jooksvale vanniveele ning vahupidu v\u00f5ib alata!<\/p>\n<p><strong>Koostisosad:<\/strong><\/p>\n<p>INCI: Aqua, Coco-Glucoside, Sodium Coco-Sulfate, Cocamidopropyl Betaine, Aroma, Glyceryl Oleate, Sodium Benzoate, Potassium Sorbate,Citric Acid<\/p>\n<p>Looduslikkuse protsent: 98,72%<br \/>\n100% vegan<\/p>\n<p>&nbsp;<\/p>\n<p>&nbsp;<\/p>\n<p>Toode on valmistatud j\u00e4rgides head tootmistava ning on valmistatud Eestis. Tootel on COSMOS ECOCERT sertifikaat, mis t\u00e4hendab, et mitmeid tootmise, koostisainete ja toodete aspekte kontrollib s\u00f5ltumatu p\u00e4dev asutus.<\/p>\n<p>J\u00e4tkusuutlikkus on LUUV-ile v\u00e4ga s\u00fcdamel\u00e4hedane teema ja teeme pidevat t\u00f6\u00f6d, et v\u00e4hendada enda jalaj\u00e4lge ja hoida loodust ja planeeti. Kasutame enda tuubitoodetes PCR (post-consumer recycled) plastikut ja mitmetel toodetel ka v\u00e4hendatud plastikumahuga pakendeid. Teeme koost\u00f6\u00f6d Tootjavastutusorganisatsiooniga, et meie pakendid j\u00f5uaksid \u00f5igetesse kogumiskonteineritesse ning neile saaks anda omakorda uue elu.<\/p>","protected":false},"excerpt":{"rendered":"<div class=\"woocommerce-product-details__short-description\">\n<ul>\n<li>Looduslik<\/li>\n<li aria-level=\"1\">Ei sisalda allergeene<\/li>\n<li aria-level=\"1\">Ei \u00e4rrita ega kuivata nahka<\/li>\n<li aria-level=\"1\">Mahlane pirniaroom<\/li>\n<li aria-level=\"1\">ECOCERT\/COSMOS<\/li>\n<\/ul>\n<\/div>","protected":false},"featured_media":1844764,"comment_status":"open","ping_status":"closed","template":"","meta":[],"product_brand":[],"product_cat":[680,22,677],"product_tag":[],"class_list":{"0":"post-1844763","1":"product","2":"type-product","3":"status-publish","4":"has-post-thumbnail","6":"product_cat-hooldus","7":"product_cat-lapsed","8":"product_cat-vann","10":"first","11":"instock","12":"taxable","13":"shipping-taxable","14":"purchasable","15":"product-type-simple"},"yoast_head":"<!-- This site is optimized with the Yoast SEO plugin v27.3 - https:\/\/yoast.com\/product\/yoast-seo-wordpress\/ -->\n<title>LUUV Laste vannivaht, PIRN 200ml - RUUBY<\/title>\n<meta name=\"robots\" content=\"index, follow, max-snippet:-1, max-image-preview:large, max-video-preview:-1\" \/>\n<link rel=\"canonical\" href=\"https:\/\/ruuby.ee\/en\/pood\/lapsed\/beebikaubad\/hooldus\/luuv-laste-vannivaht-pirn-200ml\/\" \/>\n<meta property=\"og:locale\" content=\"en_GB\" \/>\n<meta property=\"og:type\" content=\"article\" \/>\n<meta property=\"og:title\" content=\"LUUV Laste vannivaht, PIRN 200ml - RUUBY\" \/>\n<meta property=\"og:description\" content=\"Looduslik  Ei sisalda allergeene  Ei \u00e4rrita ega kuivata nahka  Mahlane pirniaroom  ECOCERT\/COSMOS\" \/>\n<meta property=\"og:url\" content=\"https:\/\/ruuby.ee\/en\/pood\/lapsed\/beebikaubad\/hooldus\/luuv-laste-vannivaht-pirn-200ml\/\" \/>\n<meta property=\"og:site_name\" content=\"RUUBY\" \/>\n<meta property=\"article:publisher\" content=\"https:\/\/www.facebook.com\/ruubyconcept\" \/>\n<meta property=\"article:modified_time\" content=\"2026-04-07T22:28:34+00:00\" \/>\n<meta property=\"og:image\" content=\"https:\/\/ruuby.ee\/wp-content\/uploads\/2024\/05\/Screenshot-2024-05-04-at-14.03.43.png\" \/>\n\t<meta property=\"og:image:width\" content=\"998\" \/>\n\t<meta property=\"og:image:height\" content=\"1282\" \/>\n\t<meta property=\"og:image:type\" content=\"image\/png\" \/>\n<meta name=\"twitter:card\" content=\"summary_large_image\" \/>\n<meta name=\"twitter:label1\" content=\"Estimated reading time\" \/>\n\t<meta name=\"twitter:data1\" content=\"2 minutes\" \/>\n<script type=\"application\/ld+json\" class=\"yoast-schema-graph\">{\"@context\":\"https:\\\/\\\/schema.org\",\"@graph\":[{\"@type\":[\"WebPage\",\"ItemPage\"],\"@id\":\"https:\\\/\\\/ruuby.ee\\\/pood\\\/lapsed\\\/beebikaubad\\\/hooldus\\\/luuv-laste-vannivaht-pirn-200ml\\\/\",\"url\":\"https:\\\/\\\/ruuby.ee\\\/pood\\\/lapsed\\\/beebikaubad\\\/hooldus\\\/luuv-laste-vannivaht-pirn-200ml\\\/\",\"name\":\"LUUV Laste vannivaht, PIRN 200ml - RUUBY\",\"isPartOf\":{\"@id\":\"http:\\\/\\\/ruuby.ee\\\/en\\\/#website\"},\"primaryImageOfPage\":{\"@id\":\"https:\\\/\\\/ruuby.ee\\\/pood\\\/lapsed\\\/beebikaubad\\\/hooldus\\\/luuv-laste-vannivaht-pirn-200ml\\\/#primaryimage\"},\"image\":{\"@id\":\"https:\\\/\\\/ruuby.ee\\\/pood\\\/lapsed\\\/beebikaubad\\\/hooldus\\\/luuv-laste-vannivaht-pirn-200ml\\\/#primaryimage\"},\"thumbnailUrl\":\"https:\\\/\\\/ruuby.ee\\\/wp-content\\\/uploads\\\/2024\\\/05\\\/Screenshot-2024-05-04-at-14.03.43.png\",\"datePublished\":\"2024-05-04T11:07:04+00:00\",\"dateModified\":\"2026-04-07T22:28:34+00:00\",\"breadcrumb\":{\"@id\":\"https:\\\/\\\/ruuby.ee\\\/pood\\\/lapsed\\\/beebikaubad\\\/hooldus\\\/luuv-laste-vannivaht-pirn-200ml\\\/#breadcrumb\"},\"inLanguage\":\"en-GB\",\"potentialAction\":[{\"@type\":\"ReadAction\",\"target\":[\"https:\\\/\\\/ruuby.ee\\\/pood\\\/lapsed\\\/beebikaubad\\\/hooldus\\\/luuv-laste-vannivaht-pirn-200ml\\\/\"]}]},{\"@type\":\"ImageObject\",\"inLanguage\":\"en-GB\",\"@id\":\"https:\\\/\\\/ruuby.ee\\\/pood\\\/lapsed\\\/beebikaubad\\\/hooldus\\\/luuv-laste-vannivaht-pirn-200ml\\\/#primaryimage\",\"url\":\"https:\\\/\\\/ruuby.ee\\\/wp-content\\\/uploads\\\/2024\\\/05\\\/Screenshot-2024-05-04-at-14.03.43.png\",\"contentUrl\":\"https:\\\/\\\/ruuby.ee\\\/wp-content\\\/uploads\\\/2024\\\/05\\\/Screenshot-2024-05-04-at-14.03.43.png\",\"width\":998,\"height\":1282},{\"@type\":\"BreadcrumbList\",\"@id\":\"https:\\\/\\\/ruuby.ee\\\/pood\\\/lapsed\\\/beebikaubad\\\/hooldus\\\/luuv-laste-vannivaht-pirn-200ml\\\/#breadcrumb\",\"itemListElement\":[{\"@type\":\"ListItem\",\"position\":1,\"name\":\"Kdu\",\"item\":\"http:\\\/\\\/ruuby.ee\\\/en\\\/\"},{\"@type\":\"ListItem\",\"position\":2,\"name\":\"Pood\",\"item\":\"http:\\\/\\\/ruuby.ee\\\/en\\\/pood\\\/\"},{\"@type\":\"ListItem\",\"position\":3,\"name\":\"LUUV Laste vannivaht, PIRN 200ml\"}]},{\"@type\":\"WebSite\",\"@id\":\"http:\\\/\\\/ruuby.ee\\\/en\\\/#website\",\"url\":\"http:\\\/\\\/ruuby.ee\\\/en\\\/\",\"name\":\"RUUBY\",\"description\":\"Ruubys on \u00fchendatud elustiil ja disain\",\"publisher\":{\"@id\":\"http:\\\/\\\/ruuby.ee\\\/en\\\/#organization\"},\"alternateName\":\"Ruuby Disain\",\"potentialAction\":[{\"@type\":\"SearchAction\",\"target\":{\"@type\":\"EntryPoint\",\"urlTemplate\":\"http:\\\/\\\/ruuby.ee\\\/en\\\/?s={search_term_string}\"},\"query-input\":{\"@type\":\"PropertyValueSpecification\",\"valueRequired\":true,\"valueName\":\"search_term_string\"}}],\"inLanguage\":\"en-GB\"},{\"@type\":\"Organization\",\"@id\":\"http:\\\/\\\/ruuby.ee\\\/en\\\/#organization\",\"name\":\"Ruuby Disain O\u00dc\",\"alternateName\":\"Ruuby\",\"url\":\"http:\\\/\\\/ruuby.ee\\\/en\\\/\",\"logo\":{\"@type\":\"ImageObject\",\"inLanguage\":\"en-GB\",\"@id\":\"http:\\\/\\\/ruuby.ee\\\/en\\\/#\\\/schema\\\/logo\\\/image\\\/\",\"url\":\"https:\\\/\\\/ruuby.ee\\\/wp-content\\\/uploads\\\/2023\\\/06\\\/cropped-Black-White-Elegant-Circle-Signature-Fashion-Logo-12_large.png\",\"contentUrl\":\"https:\\\/\\\/ruuby.ee\\\/wp-content\\\/uploads\\\/2023\\\/06\\\/cropped-Black-White-Elegant-Circle-Signature-Fashion-Logo-12_large.png\",\"width\":1280,\"height\":747,\"caption\":\"Ruuby Disain O\u00dc\"},\"image\":{\"@id\":\"http:\\\/\\\/ruuby.ee\\\/en\\\/#\\\/schema\\\/logo\\\/image\\\/\"},\"sameAs\":[\"https:\\\/\\\/www.facebook.com\\\/ruubyconcept\",\"https:\\\/\\\/www.instagram.com\\\/ruuby_concept\\\/\"]}]}<\/script>\n<!-- \/ Yoast SEO plugin. -->","yoast_head_json":{"title":"LUUV Laste vannivaht, PIRN 200ml - RUUBY","robots":{"index":"index","follow":"follow","max-snippet":"max-snippet:-1","max-image-preview":"max-image-preview:large","max-video-preview":"max-video-preview:-1"},"canonical":"https:\/\/ruuby.ee\/en\/pood\/lapsed\/beebikaubad\/hooldus\/luuv-laste-vannivaht-pirn-200ml\/","og_locale":"en_GB","og_type":"article","og_title":"LUUV Laste vannivaht, PIRN 200ml - RUUBY","og_description":"Looduslik  Ei sisalda allergeene  Ei \u00e4rrita ega kuivata nahka  Mahlane pirniaroom  ECOCERT\/COSMOS","og_url":"https:\/\/ruuby.ee\/en\/pood\/lapsed\/beebikaubad\/hooldus\/luuv-laste-vannivaht-pirn-200ml\/","og_site_name":"RUUBY","article_publisher":"https:\/\/www.facebook.com\/ruubyconcept","article_modified_time":"2026-04-07T22:28:34+00:00","og_image":[{"width":998,"height":1282,"url":"https:\/\/ruuby.ee\/wp-content\/uploads\/2024\/05\/Screenshot-2024-05-04-at-14.03.43.png","type":"image\/png"}],"twitter_card":"summary_large_image","twitter_misc":{"Estimated reading time":"2 minutes"},"schema":{"@context":"https:\/\/schema.org","@graph":[{"@type":["WebPage","ItemPage"],"@id":"https:\/\/ruuby.ee\/pood\/lapsed\/beebikaubad\/hooldus\/luuv-laste-vannivaht-pirn-200ml\/","url":"https:\/\/ruuby.ee\/pood\/lapsed\/beebikaubad\/hooldus\/luuv-laste-vannivaht-pirn-200ml\/","name":"LUUV Laste vannivaht, PIRN 200ml - RUUBY","isPartOf":{"@id":"http:\/\/ruuby.ee\/en\/#website"},"primaryImageOfPage":{"@id":"https:\/\/ruuby.ee\/pood\/lapsed\/beebikaubad\/hooldus\/luuv-laste-vannivaht-pirn-200ml\/#primaryimage"},"image":{"@id":"https:\/\/ruuby.ee\/pood\/lapsed\/beebikaubad\/hooldus\/luuv-laste-vannivaht-pirn-200ml\/#primaryimage"},"thumbnailUrl":"https:\/\/ruuby.ee\/wp-content\/uploads\/2024\/05\/Screenshot-2024-05-04-at-14.03.43.png","datePublished":"2024-05-04T11:07:04+00:00","dateModified":"2026-04-07T22:28:34+00:00","breadcrumb":{"@id":"https:\/\/ruuby.ee\/pood\/lapsed\/beebikaubad\/hooldus\/luuv-laste-vannivaht-pirn-200ml\/#breadcrumb"},"inLanguage":"en-GB","potentialAction":[{"@type":"ReadAction","target":["https:\/\/ruuby.ee\/pood\/lapsed\/beebikaubad\/hooldus\/luuv-laste-vannivaht-pirn-200ml\/"]}]},{"@type":"ImageObject","inLanguage":"en-GB","@id":"https:\/\/ruuby.ee\/pood\/lapsed\/beebikaubad\/hooldus\/luuv-laste-vannivaht-pirn-200ml\/#primaryimage","url":"https:\/\/ruuby.ee\/wp-content\/uploads\/2024\/05\/Screenshot-2024-05-04-at-14.03.43.png","contentUrl":"https:\/\/ruuby.ee\/wp-content\/uploads\/2024\/05\/Screenshot-2024-05-04-at-14.03.43.png","width":998,"height":1282},{"@type":"BreadcrumbList","@id":"https:\/\/ruuby.ee\/pood\/lapsed\/beebikaubad\/hooldus\/luuv-laste-vannivaht-pirn-200ml\/#breadcrumb","itemListElement":[{"@type":"ListItem","position":1,"name":"Kdu","item":"http:\/\/ruuby.ee\/en\/"},{"@type":"ListItem","position":2,"name":"Pood","item":"http:\/\/ruuby.ee\/en\/pood\/"},{"@type":"ListItem","position":3,"name":"LUUV Laste vannivaht, PIRN 200ml"}]},{"@type":"WebSite","@id":"http:\/\/ruuby.ee\/en\/#website","url":"http:\/\/ruuby.ee\/en\/","name":"RUUBY","description":"Ruubys on \u00fchendatud elustiil ja disain","publisher":{"@id":"http:\/\/ruuby.ee\/en\/#organization"},"alternateName":"Ruuby Disain","potentialAction":[{"@type":"SearchAction","target":{"@type":"EntryPoint","urlTemplate":"http:\/\/ruuby.ee\/en\/?s={search_term_string}"},"query-input":{"@type":"PropertyValueSpecification","valueRequired":true,"valueName":"search_term_string"}}],"inLanguage":"en-GB"},{"@type":"Organization","@id":"http:\/\/ruuby.ee\/en\/#organization","name":"Ruuby Disain O\u00dc","alternateName":"Ruuby","url":"http:\/\/ruuby.ee\/en\/","logo":{"@type":"ImageObject","inLanguage":"en-GB","@id":"http:\/\/ruuby.ee\/en\/#\/schema\/logo\/image\/","url":"https:\/\/ruuby.ee\/wp-content\/uploads\/2023\/06\/cropped-Black-White-Elegant-Circle-Signature-Fashion-Logo-12_large.png","contentUrl":"https:\/\/ruuby.ee\/wp-content\/uploads\/2023\/06\/cropped-Black-White-Elegant-Circle-Signature-Fashion-Logo-12_large.png","width":1280,"height":747,"caption":"Ruuby Disain O\u00dc"},"image":{"@id":"http:\/\/ruuby.ee\/en\/#\/schema\/logo\/image\/"},"sameAs":["https:\/\/www.facebook.com\/ruubyconcept","https:\/\/www.instagram.com\/ruuby_concept\/"]}]}},"jetpack_sharing_enabled":true,"_links":{"self":[{"href":"https:\/\/ruuby.ee\/en\/wp-json\/wp\/v2\/product\/1844763","targetHints":{"allow":["GET"]}}],"collection":[{"href":"https:\/\/ruuby.ee\/en\/wp-json\/wp\/v2\/product"}],"about":[{"href":"https:\/\/ruuby.ee\/en\/wp-json\/wp\/v2\/types\/product"}],"replies":[{"embeddable":true,"href":"https:\/\/ruuby.ee\/en\/wp-json\/wp\/v2\/comments?post=1844763"}],"wp:featuredmedia":[{"embeddable":true,"href":"https:\/\/ruuby.ee\/en\/wp-json\/wp\/v2\/media\/1844764"}],"wp:attachment":[{"href":"https:\/\/ruuby.ee\/en\/wp-json\/wp\/v2\/media?parent=1844763"}],"wp:term":[{"taxonomy":"product_brand","embeddable":true,"href":"https:\/\/ruuby.ee\/en\/wp-json\/wp\/v2\/product_brand?post=1844763"},{"taxonomy":"product_cat","embeddable":true,"href":"https:\/\/ruuby.ee\/en\/wp-json\/wp\/v2\/product_cat?post=1844763"},{"taxonomy":"product_tag","embeddable":true,"href":"https:\/\/ruuby.ee\/en\/wp-json\/wp\/v2\/product_tag?post=1844763"}],"curies":[{"name":"wp","href":"https:\/\/api.w.org\/{rel}","templated":true}]}}