{"id":1844746,"date":"2024-05-04T13:45:48","date_gmt":"2024-05-04T10:45:48","guid":{"rendered":"http:\/\/ruuby.ee\/?post_type=product&#038;p=1844746"},"modified":"2026-04-05T01:25:29","modified_gmt":"2026-04-04T22:25:29","slug":"luuv-huulelaige-perfect","status":"publish","type":"product","link":"https:\/\/ruuby.ee\/en\/pood\/kosmeetika\/huuled\/luuv-huulelaige-perfect\/","title":{"rendered":"LUUV huulel\u00e4ige PERFECT"},"content":{"rendered":"<p>LUUV Lip Gloss Balm \u2013 huulte uus parim s\u00f5ber, mis kingib neile kauni tooni, sillerdava l\u00e4ike ning oi-kui-palju hoolt ja armastust! Gloss Balm sisaldab ploomi\u00f5li, mis annab huultele luksusliku elastsuse, ning kandelillavaha, mis muudab need vastupandamatult pehmeks. Palsami mahlane toon on \u00fcdini looduslik ning p\u00e4rineb peedist, redisest ja kartulist. Huulepalsami mitte-kleepuv ja kauap\u00fcsiv tekstuur muudab selle ideaalseks igap\u00e4evaseks kaaslaseks. Gloss Balm on 100% taimse koostisosaga millesse pole lisatud \u00fchtegi maitse- ega l\u00f5hnaainet. See on nii puhas, et v\u00f5id lausa seda s\u00fc\u00fca!\u00a0Toode on ECOCERT\/COSMOS sertifitseeritud, seega v\u00f5id olla kindel, et kasutad toodet, mis on hea nii sinule kui ka meie armsale planeedile.<\/p>\n<p><strong>Auhinnad:<\/strong><br \/>\n2023 Global Makeup Awards \u2013 Best lip balm, h\u00f5bemedal<br \/>\n2021 Global Green beauty awards -Best Vegan Makeup, h\u00f5bemedal<\/p>\n<p><strong>Toimeained:<\/strong><\/p>\n<p><strong>Ploomi\u00f5li<\/strong> on tegelikult ploomituuma\u00f5li, st seda saadakse ploomikivist. Tegemist on kalli ja luksusliku \u00f5liga. K\u00fclmpressitud ploomi\u00f5li t\u00f6\u00f6deldakse \u00e4\u00e4rmiselt v\u00e4he, seet\u00f5ttu on tal m\u00f5nus ise\u00e4ralik magus-mandli l\u00f5hn. On v\u00e4ga s\u00fcgavniisutava toimega ja sobib h\u00e4sti tundlikule nahale. Suurep\u00e4rane just n\u00e4ohooldus ja huulehooldustoodetesse. Taastab naha elastust, ei ummista poore, annab nahale eluj\u00f5udu ja s\u00e4ra. Sisaldab palju oomega 3 ja 6 rasvhappeid.<\/p>\n<p><span data-sheets-root=\"1\" data-sheets-value=\"{&quot;1&quot;:2,&quot;2&quot;:&quot;Taimne vaha, sisaldab kandelillat ja sojat, pehmendavate ja kaitsvate omadustega nahale. 100% taastuvatest ressurssidest.&quot;}\" data-sheets-userformat=\"{&quot;2&quot;:10300,&quot;5&quot;:{&quot;1&quot;:[{&quot;1&quot;:2,&quot;2&quot;:0,&quot;5&quot;:{&quot;1&quot;:2,&quot;2&quot;:0}},{&quot;1&quot;:0,&quot;2&quot;:0,&quot;3&quot;:3},{&quot;1&quot;:1,&quot;2&quot;:0,&quot;4&quot;:1}]},&quot;6&quot;:{&quot;1&quot;:[{&quot;1&quot;:2,&quot;2&quot;:0,&quot;5&quot;:{&quot;1&quot;:2,&quot;2&quot;:0}},{&quot;1&quot;:0,&quot;2&quot;:0,&quot;3&quot;:3},{&quot;1&quot;:1,&quot;2&quot;:0,&quot;4&quot;:1}]},&quot;7&quot;:{&quot;1&quot;:[{&quot;1&quot;:2,&quot;2&quot;:0,&quot;5&quot;:{&quot;1&quot;:2,&quot;2&quot;:0}},{&quot;1&quot;:0,&quot;2&quot;:0,&quot;3&quot;:3},{&quot;1&quot;:1,&quot;2&quot;:0,&quot;4&quot;:1}]},&quot;8&quot;:{&quot;1&quot;:[{&quot;1&quot;:2,&quot;2&quot;:0,&quot;5&quot;:{&quot;1&quot;:2,&quot;2&quot;:0}},{&quot;1&quot;:0,&quot;2&quot;:0,&quot;3&quot;:3},{&quot;1&quot;:1,&quot;2&quot;:0,&quot;4&quot;:1}]},&quot;14&quot;:{&quot;1&quot;:2,&quot;2&quot;:8271764},&quot;16&quot;:11}\" data-sheets-formula=\"=VLOOKUP(R[0]C[-1],Tooraine!C[-1]:C[0],2,FALSE)\">Huulel\u00e4ikes on ka <strong>taimne vaha,<\/strong> mis sisaldab kandelillat ja sojat ja on pehmendavate ja kaitsvate omadustega nahale. 100% taastuvatest ressurssidest.<\/span><\/p>\n<p><span data-sheets-root=\"1\" data-sheets-value=\"{&quot;1&quot;:2,&quot;2&quot;:&quot;Taimsed trigl\u00fctseriidid. Annab nahale pehme, siidise tunde, aitab toote head laialikanduvust. Sobib suurep\u00e4raselt just toitvamatesse kreemidesse ja v\u00f5ietesse. &quot;}\" data-sheets-userformat=\"{&quot;2&quot;:10300,&quot;5&quot;:{&quot;1&quot;:[{&quot;1&quot;:2,&quot;2&quot;:0,&quot;5&quot;:{&quot;1&quot;:2,&quot;2&quot;:0}},{&quot;1&quot;:0,&quot;2&quot;:0,&quot;3&quot;:3},{&quot;1&quot;:1,&quot;2&quot;:0,&quot;4&quot;:1}]},&quot;6&quot;:{&quot;1&quot;:[{&quot;1&quot;:2,&quot;2&quot;:0,&quot;5&quot;:{&quot;1&quot;:2,&quot;2&quot;:0}},{&quot;1&quot;:0,&quot;2&quot;:0,&quot;3&quot;:3},{&quot;1&quot;:1,&quot;2&quot;:0,&quot;4&quot;:1}]},&quot;7&quot;:{&quot;1&quot;:[{&quot;1&quot;:2,&quot;2&quot;:0,&quot;5&quot;:{&quot;1&quot;:2,&quot;2&quot;:0}},{&quot;1&quot;:0,&quot;2&quot;:0,&quot;3&quot;:3},{&quot;1&quot;:1,&quot;2&quot;:0,&quot;4&quot;:1}]},&quot;8&quot;:{&quot;1&quot;:[{&quot;1&quot;:2,&quot;2&quot;:0,&quot;5&quot;:{&quot;1&quot;:2,&quot;2&quot;:0}},{&quot;1&quot;:0,&quot;2&quot;:0,&quot;3&quot;:3},{&quot;1&quot;:1,&quot;2&quot;:0,&quot;4&quot;:1}]},&quot;14&quot;:{&quot;1&quot;:2,&quot;2&quot;:8271764},&quot;16&quot;:11}\" data-sheets-formula=\"=VLOOKUP(R[0]C[-1],Tooraine!C[-1]:C[0],2,FALSE)\"><strong>Taimsed trigl\u00fctseriidid <\/strong>annavad nahale pehme, siidise tunde ja aitab toote head laialikanduvust. Sobib suurep\u00e4raselt just toitvamatesse kreemidesse ja v\u00f5ietesse.<\/span><\/p>\n<p><strong>Koostisosad:<\/strong><\/p>\n<p>INCI: Oleic\/Linoleic\/Linolenic Polyglycerides, Olus Oil, Hydrogenated Vegetable Oil, Euphorbia Cerifera (Candelilla) Wax, Prunus Domestica (Plum) Seed oil, Oryza Sativa (Rice) Starch, Glyceryl stearate, Raphanus Sativus (Radish) Root Extract, Ipomoea Batatas Root Extract, Mica, CI 77891, Titanium Dioxide, Octyldodecanol, Jojoba Esters, Trihydroxystearin, Citric Acid, Acacia Senegal Gum, Maltodextrin<\/p>\n<p>Looduslikkuse protsent: 100%<br \/>\n100% vegan<\/p>\n<p>&nbsp;<\/p>\n<p>&nbsp;<\/p>\n<p>Toode on valmistatud j\u00e4rgides head tootmistava ning on valmistatud Eestis. Tootel on COSMOS ECOCERT sertifikaat, mis t\u00e4hendab, et mitmeid tootmise, koostisainete ja toodete aspekte kontrollib s\u00f5ltumatu p\u00e4dev asutus.<\/p>\n<p>J\u00e4tkusuutlikkus on LUUV-ile v\u00e4ga s\u00fcdamel\u00e4hedane teema ja teeme pidevat t\u00f6\u00f6d, et v\u00e4hendada enda jalaj\u00e4lge ja hoida loodust ja planeeti. Kasutame enda tuubitoodetes PCR (post-consumer recycled) plastikut ja mitmetel toodetel ka v\u00e4hendatud plastikumahuga pakendeid. Teeme koost\u00f6\u00f6d Tootjavastutusorganisatsiooniga, et meie pakendid j\u00f5uaksid \u00f5igetesse kogumiskonteineritesse ning neile saaks anda omakorda uue elu.<\/p>\n<p>&nbsp;<\/p>\n","protected":false},"excerpt":{"rendered":"<ul>\n<li>Kaunis toon ja l\u00e4ige<\/li>\n<li>Niisutav ja hooldav<\/li>\n<li>Mitte-kleepuv<\/li>\n<li>Kauap\u00fcsiv<\/li>\n<li>100% taimsed koostisosad, ei ole lisatud maitse- ega l\u00f5hnaaineid<\/li>\n<li>ECOCERT\/COSMOS sertifitseeritud<\/li>\n<\/ul>","protected":false},"featured_media":1853539,"comment_status":"open","ping_status":"closed","template":"","meta":[],"product_brand":[],"product_cat":[687,25],"product_tag":[],"class_list":{"0":"post-1844746","1":"product","2":"type-product","3":"status-publish","4":"has-post-thumbnail","6":"product_cat-huuled","7":"product_cat-kosmeetika","9":"first","10":"outofstock","11":"taxable","12":"shipping-taxable","13":"purchasable","14":"product-type-simple"},"yoast_head":"<!-- This site is optimized with the Yoast SEO plugin v27.2 - https:\/\/yoast.com\/product\/yoast-seo-wordpress\/ -->\n<title>LUUV huulel\u00e4ige PERFECT - RUUBY<\/title>\n<meta name=\"robots\" content=\"index, follow, max-snippet:-1, max-image-preview:large, max-video-preview:-1\" \/>\n<link rel=\"canonical\" href=\"https:\/\/ruuby.ee\/en\/pood\/kosmeetika\/huuled\/luuv-huulelaige-perfect\/\" \/>\n<meta property=\"og:locale\" content=\"en_GB\" \/>\n<meta property=\"og:type\" content=\"article\" \/>\n<meta property=\"og:title\" content=\"LUUV huulel\u00e4ige PERFECT - RUUBY\" \/>\n<meta property=\"og:description\" content=\"Kaunis toon ja l\u00e4ige  Niisutav ja hooldav  Mitte-kleepuv  Kauap\u00fcsiv  100% taimsed koostisosad, ei ole lisatud maitse- ega l\u00f5hnaaineid  ECOCERT\/COSMOS sertifitseeritud\" \/>\n<meta property=\"og:url\" content=\"https:\/\/ruuby.ee\/en\/pood\/kosmeetika\/huuled\/luuv-huulelaige-perfect\/\" \/>\n<meta property=\"og:site_name\" content=\"RUUBY\" \/>\n<meta property=\"article:publisher\" content=\"https:\/\/www.facebook.com\/ruubyconcept\" \/>\n<meta property=\"article:modified_time\" content=\"2026-04-04T22:25:29+00:00\" \/>\n<meta property=\"og:image\" content=\"https:\/\/ruuby.ee\/wp-content\/uploads\/2024\/05\/IMG_9770.png\" \/>\n\t<meta property=\"og:image:width\" content=\"1229\" \/>\n\t<meta property=\"og:image:height\" content=\"1536\" \/>\n\t<meta property=\"og:image:type\" content=\"image\/png\" \/>\n<meta name=\"twitter:card\" content=\"summary_large_image\" \/>\n<meta name=\"twitter:label1\" content=\"Estimated reading time\" \/>\n\t<meta name=\"twitter:data1\" content=\"3 minutes\" \/>\n<script type=\"application\/ld+json\" class=\"yoast-schema-graph\">{\"@context\":\"https:\/\/schema.org\",\"@graph\":[{\"@type\":[\"WebPage\",\"ItemPage\"],\"@id\":\"https:\/\/ruuby.ee\/en\/pood\/kosmeetika\/huuled\/luuv-huulelaige-perfect\/\",\"url\":\"https:\/\/ruuby.ee\/en\/pood\/kosmeetika\/huuled\/luuv-huulelaige-perfect\/\",\"name\":\"LUUV huulel\u00e4ige PERFECT - RUUBY\",\"isPartOf\":{\"@id\":\"http:\/\/ruuby.ee\/#website\"},\"primaryImageOfPage\":{\"@id\":\"https:\/\/ruuby.ee\/en\/pood\/kosmeetika\/huuled\/luuv-huulelaige-perfect\/#primaryimage\"},\"image\":{\"@id\":\"https:\/\/ruuby.ee\/en\/pood\/kosmeetika\/huuled\/luuv-huulelaige-perfect\/#primaryimage\"},\"thumbnailUrl\":\"https:\/\/ruuby.ee\/wp-content\/uploads\/2024\/05\/IMG_9770.png\",\"datePublished\":\"2024-05-04T10:45:48+00:00\",\"dateModified\":\"2026-04-04T22:25:29+00:00\",\"breadcrumb\":{\"@id\":\"https:\/\/ruuby.ee\/en\/pood\/kosmeetika\/huuled\/luuv-huulelaige-perfect\/#breadcrumb\"},\"inLanguage\":\"en-GB\",\"potentialAction\":[{\"@type\":\"ReadAction\",\"target\":[\"https:\/\/ruuby.ee\/en\/pood\/kosmeetika\/huuled\/luuv-huulelaige-perfect\/\"]}]},{\"@type\":\"ImageObject\",\"inLanguage\":\"en-GB\",\"@id\":\"https:\/\/ruuby.ee\/en\/pood\/kosmeetika\/huuled\/luuv-huulelaige-perfect\/#primaryimage\",\"url\":\"https:\/\/ruuby.ee\/wp-content\/uploads\/2024\/05\/IMG_9770.png\",\"contentUrl\":\"https:\/\/ruuby.ee\/wp-content\/uploads\/2024\/05\/IMG_9770.png\",\"width\":1229,\"height\":1536},{\"@type\":\"BreadcrumbList\",\"@id\":\"https:\/\/ruuby.ee\/en\/pood\/kosmeetika\/huuled\/luuv-huulelaige-perfect\/#breadcrumb\",\"itemListElement\":[{\"@type\":\"ListItem\",\"position\":1,\"name\":\"Kdu\",\"item\":\"http:\/\/ruuby.ee\/\"},{\"@type\":\"ListItem\",\"position\":2,\"name\":\"Pood\",\"item\":\"https:\/\/ruuby.ee\/en\/pood\/\"},{\"@type\":\"ListItem\",\"position\":3,\"name\":\"LUUV huulel\u00e4ige PERFECT\"}]},{\"@type\":\"WebSite\",\"@id\":\"http:\/\/ruuby.ee\/#website\",\"url\":\"http:\/\/ruuby.ee\/\",\"name\":\"RUUBY\",\"description\":\"Ruubys on \u00fchendatud elustiil ja disain\",\"publisher\":{\"@id\":\"http:\/\/ruuby.ee\/#organization\"},\"alternateName\":\"Ruuby Disain\",\"potentialAction\":[{\"@type\":\"SearchAction\",\"target\":{\"@type\":\"EntryPoint\",\"urlTemplate\":\"http:\/\/ruuby.ee\/?s={search_term_string}\"},\"query-input\":{\"@type\":\"PropertyValueSpecification\",\"valueRequired\":true,\"valueName\":\"search_term_string\"}}],\"inLanguage\":\"en-GB\"},{\"@type\":\"Organization\",\"@id\":\"http:\/\/ruuby.ee\/#organization\",\"name\":\"Ruuby Disain O\u00dc\",\"alternateName\":\"Ruuby\",\"url\":\"http:\/\/ruuby.ee\/\",\"logo\":{\"@type\":\"ImageObject\",\"inLanguage\":\"en-GB\",\"@id\":\"http:\/\/ruuby.ee\/#\/schema\/logo\/image\/\",\"url\":\"https:\/\/ruuby.ee\/wp-content\/uploads\/2023\/06\/cropped-Black-White-Elegant-Circle-Signature-Fashion-Logo-12_large.png\",\"contentUrl\":\"https:\/\/ruuby.ee\/wp-content\/uploads\/2023\/06\/cropped-Black-White-Elegant-Circle-Signature-Fashion-Logo-12_large.png\",\"width\":1280,\"height\":747,\"caption\":\"Ruuby Disain O\u00dc\"},\"image\":{\"@id\":\"http:\/\/ruuby.ee\/#\/schema\/logo\/image\/\"},\"sameAs\":[\"https:\/\/www.facebook.com\/ruubyconcept\",\"https:\/\/www.instagram.com\/ruuby_concept\/\"]}]}<\/script>\n<!-- \/ Yoast SEO plugin. -->","yoast_head_json":{"title":"LUUV huulel\u00e4ige PERFECT - RUUBY","robots":{"index":"index","follow":"follow","max-snippet":"max-snippet:-1","max-image-preview":"max-image-preview:large","max-video-preview":"max-video-preview:-1"},"canonical":"https:\/\/ruuby.ee\/en\/pood\/kosmeetika\/huuled\/luuv-huulelaige-perfect\/","og_locale":"en_GB","og_type":"article","og_title":"LUUV huulel\u00e4ige PERFECT - RUUBY","og_description":"Kaunis toon ja l\u00e4ige  Niisutav ja hooldav  Mitte-kleepuv  Kauap\u00fcsiv  100% taimsed koostisosad, ei ole lisatud maitse- ega l\u00f5hnaaineid  ECOCERT\/COSMOS sertifitseeritud","og_url":"https:\/\/ruuby.ee\/en\/pood\/kosmeetika\/huuled\/luuv-huulelaige-perfect\/","og_site_name":"RUUBY","article_publisher":"https:\/\/www.facebook.com\/ruubyconcept","article_modified_time":"2026-04-04T22:25:29+00:00","og_image":[{"width":1229,"height":1536,"url":"https:\/\/ruuby.ee\/wp-content\/uploads\/2024\/05\/IMG_9770.png","type":"image\/png"}],"twitter_card":"summary_large_image","twitter_misc":{"Estimated reading time":"3 minutes"},"schema":{"@context":"https:\/\/schema.org","@graph":[{"@type":["WebPage","ItemPage"],"@id":"https:\/\/ruuby.ee\/en\/pood\/kosmeetika\/huuled\/luuv-huulelaige-perfect\/","url":"https:\/\/ruuby.ee\/en\/pood\/kosmeetika\/huuled\/luuv-huulelaige-perfect\/","name":"LUUV huulel\u00e4ige PERFECT - RUUBY","isPartOf":{"@id":"http:\/\/ruuby.ee\/#website"},"primaryImageOfPage":{"@id":"https:\/\/ruuby.ee\/en\/pood\/kosmeetika\/huuled\/luuv-huulelaige-perfect\/#primaryimage"},"image":{"@id":"https:\/\/ruuby.ee\/en\/pood\/kosmeetika\/huuled\/luuv-huulelaige-perfect\/#primaryimage"},"thumbnailUrl":"https:\/\/ruuby.ee\/wp-content\/uploads\/2024\/05\/IMG_9770.png","datePublished":"2024-05-04T10:45:48+00:00","dateModified":"2026-04-04T22:25:29+00:00","breadcrumb":{"@id":"https:\/\/ruuby.ee\/en\/pood\/kosmeetika\/huuled\/luuv-huulelaige-perfect\/#breadcrumb"},"inLanguage":"en-GB","potentialAction":[{"@type":"ReadAction","target":["https:\/\/ruuby.ee\/en\/pood\/kosmeetika\/huuled\/luuv-huulelaige-perfect\/"]}]},{"@type":"ImageObject","inLanguage":"en-GB","@id":"https:\/\/ruuby.ee\/en\/pood\/kosmeetika\/huuled\/luuv-huulelaige-perfect\/#primaryimage","url":"https:\/\/ruuby.ee\/wp-content\/uploads\/2024\/05\/IMG_9770.png","contentUrl":"https:\/\/ruuby.ee\/wp-content\/uploads\/2024\/05\/IMG_9770.png","width":1229,"height":1536},{"@type":"BreadcrumbList","@id":"https:\/\/ruuby.ee\/en\/pood\/kosmeetika\/huuled\/luuv-huulelaige-perfect\/#breadcrumb","itemListElement":[{"@type":"ListItem","position":1,"name":"Kdu","item":"http:\/\/ruuby.ee\/"},{"@type":"ListItem","position":2,"name":"Pood","item":"https:\/\/ruuby.ee\/en\/pood\/"},{"@type":"ListItem","position":3,"name":"LUUV huulel\u00e4ige PERFECT"}]},{"@type":"WebSite","@id":"http:\/\/ruuby.ee\/#website","url":"http:\/\/ruuby.ee\/","name":"RUUBY","description":"Ruubys on \u00fchendatud elustiil ja disain","publisher":{"@id":"http:\/\/ruuby.ee\/#organization"},"alternateName":"Ruuby Disain","potentialAction":[{"@type":"SearchAction","target":{"@type":"EntryPoint","urlTemplate":"http:\/\/ruuby.ee\/?s={search_term_string}"},"query-input":{"@type":"PropertyValueSpecification","valueRequired":true,"valueName":"search_term_string"}}],"inLanguage":"en-GB"},{"@type":"Organization","@id":"http:\/\/ruuby.ee\/#organization","name":"Ruuby Disain O\u00dc","alternateName":"Ruuby","url":"http:\/\/ruuby.ee\/","logo":{"@type":"ImageObject","inLanguage":"en-GB","@id":"http:\/\/ruuby.ee\/#\/schema\/logo\/image\/","url":"https:\/\/ruuby.ee\/wp-content\/uploads\/2023\/06\/cropped-Black-White-Elegant-Circle-Signature-Fashion-Logo-12_large.png","contentUrl":"https:\/\/ruuby.ee\/wp-content\/uploads\/2023\/06\/cropped-Black-White-Elegant-Circle-Signature-Fashion-Logo-12_large.png","width":1280,"height":747,"caption":"Ruuby Disain O\u00dc"},"image":{"@id":"http:\/\/ruuby.ee\/#\/schema\/logo\/image\/"},"sameAs":["https:\/\/www.facebook.com\/ruubyconcept","https:\/\/www.instagram.com\/ruuby_concept\/"]}]}},"jetpack_sharing_enabled":true,"_links":{"self":[{"href":"https:\/\/ruuby.ee\/en\/wp-json\/wp\/v2\/product\/1844746","targetHints":{"allow":["GET"]}}],"collection":[{"href":"https:\/\/ruuby.ee\/en\/wp-json\/wp\/v2\/product"}],"about":[{"href":"https:\/\/ruuby.ee\/en\/wp-json\/wp\/v2\/types\/product"}],"replies":[{"embeddable":true,"href":"https:\/\/ruuby.ee\/en\/wp-json\/wp\/v2\/comments?post=1844746"}],"wp:featuredmedia":[{"embeddable":true,"href":"https:\/\/ruuby.ee\/en\/wp-json\/wp\/v2\/media\/1853539"}],"wp:attachment":[{"href":"https:\/\/ruuby.ee\/en\/wp-json\/wp\/v2\/media?parent=1844746"}],"wp:term":[{"taxonomy":"product_brand","embeddable":true,"href":"https:\/\/ruuby.ee\/en\/wp-json\/wp\/v2\/product_brand?post=1844746"},{"taxonomy":"product_cat","embeddable":true,"href":"https:\/\/ruuby.ee\/en\/wp-json\/wp\/v2\/product_cat?post=1844746"},{"taxonomy":"product_tag","embeddable":true,"href":"https:\/\/ruuby.ee\/en\/wp-json\/wp\/v2\/product_tag?post=1844746"}],"curies":[{"name":"wp","href":"https:\/\/api.w.org\/{rel}","templated":true}]}}