{"id":1844733,"date":"2024-05-04T13:14:44","date_gmt":"2024-05-04T10:14:44","guid":{"rendered":"http:\/\/ruuby.ee\/?post_type=product&#038;p=1844733"},"modified":"2026-04-05T01:25:29","modified_gmt":"2026-04-04T22:25:29","slug":"luuv-looduslik-porgandi-kuivoli-aaloega-100ml","status":"publish","type":"product","link":"https:\/\/ruuby.ee\/en\/pood\/kosmeetika\/isepruunistad\/luuv-looduslik-porgandi-kuivoli-aaloega-100ml\/","title":{"rendered":"LUUV looduslik porgandi kuiv\u00f5li aaloega 100ml"},"content":{"rendered":"<p>Loomulik s\u00e4rav jume ilma p\u00e4evitamise ja isepruunistajateta? Jah, LUUV Porgandi kuiv\u00f5liga on see v\u00f5imalik! See kuiv\u00f5li on looduslik vitamiinipomm, mis niisutab Su nahka s\u00fcgavuti ning taastab selle s\u00e4ra ja elastsuse. Porgandi\u00f5lis sisalduv A-vitamiin ja beetakaroteen annavad nahale kauni tervisliku jume, kuid ei isepruunista nahka. Kuiv\u00f5lis leidub ka rohkesti antioks\u00fcdante ja E-vitamiini, mis aitavad s\u00e4ilitada naha nooruslikkust. Aaloe m\u00f5jub aga rahustavalt ning pakub pikaajalist niisutust.<\/p>\n<p>Kuiv\u00f5lil on geeljas kergesti hajutatav tekstuur, mis imendub kiiresti ning ei j\u00e4ta nahka rasvaseks ega kleepuvaks. Selle m\u00f5nus tsitruseline l\u00f5hn m\u00f5jub v\u00e4rskendavalt ja meeli l\u00f5\u00f5gastavalt. Porgandi kuiv\u00f5li on loodud k\u00f5iki nahat\u00fc\u00fcpe silmas pidades, see ei ummista poore ning sobib h\u00e4sti igap\u00e4evaseks nahahoolduseks. Porgandi kuiv\u00f5li aaloega on looduslik, vegan ning sisaldab ainult h\u00e4id koostisosasid.<\/p>\n<p><strong>Kasutamine:<\/strong><\/p>\n<p>Kanna sobiv kogus toodet puhtale nahale. Sobib igap\u00e4evaseks kasutamiseks k\u00f5ikidele nahat\u00fc\u00fcpidele.<\/p>\n<p><strong>Toimeained:<\/strong><\/p>\n<p><strong>Porgandi\u00f5li<\/strong> (t\u00e4psemalt porgandi seemne\u00f5li) sisaldab palju karoteeni, mis annab jumet parandava efekti. Porgandi\u00f5li on alati mingis kandja\u00f5lis (st lahjendatuna) kuna iseseisvalt on ta liiga intensiivne. Sisaldab rohkelt A-vitamiini. Porganid\u00f5li looduslik SPF on u 40 aga kuna ta on lahjendatud siis j\u00e4\u00e4b u SPF 10.<\/p>\n<p><strong>Aaloet\u00a0<\/strong>on kasutatud rahvameditisiinis juba sajandeid. Aaloe on v\u00e4ga hea naha niisutaja ja \u00e4rrituste leevendaja, seep\u00e4rast aitab ka suurep\u00e4raselt p\u00e4ikesep\u00f5letuse puhul. Aaloe on rahustava toimega ja kannab hapnikku nahas. Teeb naha siidiseks ja pehmeks.<\/p>\n<p><span data-sheets-root=\"1\" data-sheets-value=\"{&quot;1&quot;:2,&quot;2&quot;:&quot;Kasutatakse enamasti toote l\u00f5hnastamiseks - v\u00e4rske, magusa tsitruselise aroomiga. Eeterlikud \u00f5lid on v\u00f5imelised l\u00e4bi naha minema. Annab kohese tujut\u00f5stva, energiat andva tunde. Tsitrused sobivad naha kirgastamiseks.&quot;}\" data-sheets-userformat=\"{&quot;2&quot;:316,&quot;5&quot;:{&quot;1&quot;:[{&quot;1&quot;:2,&quot;2&quot;:0,&quot;5&quot;:{&quot;1&quot;:2,&quot;2&quot;:0}},{&quot;1&quot;:0,&quot;2&quot;:0,&quot;3&quot;:3},{&quot;1&quot;:1,&quot;2&quot;:0,&quot;4&quot;:1}]},&quot;6&quot;:{&quot;1&quot;:[{&quot;1&quot;:2,&quot;2&quot;:0,&quot;5&quot;:{&quot;1&quot;:2,&quot;2&quot;:0}},{&quot;1&quot;:0,&quot;2&quot;:0,&quot;3&quot;:3},{&quot;1&quot;:1,&quot;2&quot;:0,&quot;4&quot;:1}]},&quot;7&quot;:{&quot;1&quot;:[{&quot;1&quot;:2,&quot;2&quot;:0,&quot;5&quot;:{&quot;1&quot;:2,&quot;2&quot;:0}},{&quot;1&quot;:0,&quot;2&quot;:0,&quot;3&quot;:3},{&quot;1&quot;:1,&quot;2&quot;:0,&quot;4&quot;:1}]},&quot;8&quot;:{&quot;1&quot;:[{&quot;1&quot;:2,&quot;2&quot;:0,&quot;5&quot;:{&quot;1&quot;:2,&quot;2&quot;:0}},{&quot;1&quot;:0,&quot;2&quot;:0,&quot;3&quot;:3},{&quot;1&quot;:1,&quot;2&quot;:0,&quot;4&quot;:1}]},&quot;11&quot;:4}\" data-sheets-formula=\"=VLOOKUP(R[0]C[-1],Tooraine!C[-1]:C[0],2,FALSE)\"><strong>Apelsini eeterlikku \u00f5li<\/strong> kasutatakse enamasti toote l\u00f5hnastamiseks \u2013 v\u00e4rske, magusa tsitruselise aroomiga. Eeterlikud \u00f5lid on v\u00f5imelised l\u00e4bi naha minema. Annab kohese tujut\u00f5stva, energiat andva tunde. Tsitrused sobivad naha kirgastamiseks.<\/span><\/p>\n<p><strong>Koostisosad:<\/strong><\/p>\n<p>INCI: Aqua, Aloe Barbadenis, Helianthus Annuus &amp; Beta Carotene (Carrot oil), Citrus Reticulata (Mandarin Oil),\u00a0 Citrus Sinensis (Orange Oil), Xanthan Gum, Sodium Benzoate, Potassium Sorbate, Citric Acid, Parfum, Citral, Lomonene, Linalool<\/p>\n<p>100% vegan<\/p>\n<p>&nbsp;<\/p>\n<p>Toode on valmistatud Eestis ja toote valmimisel on j\u00e4rgitud head tootmistava.<\/p>\n<p>J\u00e4tkusuutlikkus on LUUV-ile v\u00e4ga s\u00fcdamel\u00e4hedane teema ja teeme pidevat t\u00f6\u00f6d, et v\u00e4hendada enda jalaj\u00e4lge ja hoida loodust ja planeeti. Kasutame enda tuubitoodetes PCR (post-consumer recycled) plastikut ja mitmetel toodetel ka v\u00e4hendatud plastikumahuga pakendeid. Teeme koost\u00f6\u00f6d Tootjavastutusorganisatsiooniga, et meie pakendid j\u00f5uaksid \u00f5igetesse kogumiskonteineritesse ning neile saaks anda omakorda uue elu.<\/p>\n","protected":false},"excerpt":{"rendered":"<div class=\"woocommerce-product-details__short-description\">\n<ul>\n<li aria-level=\"1\">Niisutab s\u00fcgavuti ja parandab naha elastsust<\/li>\n<li aria-level=\"1\">Parandab jumet<\/li>\n<li aria-level=\"1\">Geeljas tekstuuriga kuiv\u00f5li imendub kiiresti<\/li>\n<li aria-level=\"1\">Sobib k\u00f5ikidele nahat\u00fc\u00fcpidele<\/li>\n<li aria-level=\"1\">Looduslik SPF10<\/li>\n<\/ul>\n<\/div>","protected":false},"featured_media":1844734,"comment_status":"open","ping_status":"closed","template":"","meta":[],"product_brand":[],"product_cat":[689,690,25],"product_tag":[],"class_list":{"0":"post-1844733","1":"product","2":"type-product","3":"status-publish","4":"has-post-thumbnail","6":"product_cat-isepruunistad","7":"product_cat-kehahooldus","8":"product_cat-kosmeetika","10":"first","11":"outofstock","12":"taxable","13":"shipping-taxable","14":"purchasable","15":"product-type-simple"},"yoast_head":"<!-- This site is optimized with the Yoast SEO plugin v27.2 - https:\/\/yoast.com\/product\/yoast-seo-wordpress\/ -->\n<title>LUUV looduslik porgandi kuiv\u00f5li aaloega 100ml - RUUBY<\/title>\n<meta name=\"robots\" content=\"index, follow, max-snippet:-1, max-image-preview:large, max-video-preview:-1\" \/>\n<link rel=\"canonical\" href=\"https:\/\/ruuby.ee\/en\/pood\/kosmeetika\/isepruunistad\/luuv-looduslik-porgandi-kuivoli-aaloega-100ml\/\" \/>\n<meta property=\"og:locale\" content=\"en_GB\" \/>\n<meta property=\"og:type\" content=\"article\" \/>\n<meta property=\"og:title\" content=\"LUUV looduslik porgandi kuiv\u00f5li aaloega 100ml - RUUBY\" \/>\n<meta property=\"og:description\" content=\"Niisutab s\u00fcgavuti ja parandab naha elastsust  Parandab jumet  Geeljas tekstuuriga kuiv\u00f5li imendub kiiresti  Sobib k\u00f5ikidele nahat\u00fc\u00fcpidele  Looduslik SPF10\" \/>\n<meta property=\"og:url\" content=\"https:\/\/ruuby.ee\/en\/pood\/kosmeetika\/isepruunistad\/luuv-looduslik-porgandi-kuivoli-aaloega-100ml\/\" \/>\n<meta property=\"og:site_name\" content=\"RUUBY\" \/>\n<meta property=\"article:publisher\" content=\"https:\/\/www.facebook.com\/ruubyconcept\" \/>\n<meta property=\"article:modified_time\" content=\"2026-04-04T22:25:29+00:00\" \/>\n<meta property=\"og:image\" content=\"https:\/\/ruuby.ee\/wp-content\/uploads\/2024\/05\/Screenshot-2024-05-04-at-13.09.17.png\" \/>\n\t<meta property=\"og:image:width\" content=\"974\" \/>\n\t<meta property=\"og:image:height\" content=\"1132\" \/>\n\t<meta property=\"og:image:type\" content=\"image\/png\" \/>\n<meta name=\"twitter:card\" content=\"summary_large_image\" \/>\n<meta name=\"twitter:label1\" content=\"Estimated reading time\" \/>\n\t<meta name=\"twitter:data1\" content=\"2 minutes\" \/>\n<script type=\"application\/ld+json\" class=\"yoast-schema-graph\">{\"@context\":\"https:\/\/schema.org\",\"@graph\":[{\"@type\":[\"WebPage\",\"ItemPage\"],\"@id\":\"https:\/\/ruuby.ee\/en\/pood\/kosmeetika\/isepruunistad\/luuv-looduslik-porgandi-kuivoli-aaloega-100ml\/\",\"url\":\"https:\/\/ruuby.ee\/en\/pood\/kosmeetika\/isepruunistad\/luuv-looduslik-porgandi-kuivoli-aaloega-100ml\/\",\"name\":\"LUUV looduslik porgandi kuiv\u00f5li aaloega 100ml - RUUBY\",\"isPartOf\":{\"@id\":\"http:\/\/ruuby.ee\/#website\"},\"primaryImageOfPage\":{\"@id\":\"https:\/\/ruuby.ee\/en\/pood\/kosmeetika\/isepruunistad\/luuv-looduslik-porgandi-kuivoli-aaloega-100ml\/#primaryimage\"},\"image\":{\"@id\":\"https:\/\/ruuby.ee\/en\/pood\/kosmeetika\/isepruunistad\/luuv-looduslik-porgandi-kuivoli-aaloega-100ml\/#primaryimage\"},\"thumbnailUrl\":\"https:\/\/ruuby.ee\/wp-content\/uploads\/2024\/05\/Screenshot-2024-05-04-at-13.09.17.png\",\"datePublished\":\"2024-05-04T10:14:44+00:00\",\"dateModified\":\"2026-04-04T22:25:29+00:00\",\"breadcrumb\":{\"@id\":\"https:\/\/ruuby.ee\/en\/pood\/kosmeetika\/isepruunistad\/luuv-looduslik-porgandi-kuivoli-aaloega-100ml\/#breadcrumb\"},\"inLanguage\":\"en-GB\",\"potentialAction\":[{\"@type\":\"ReadAction\",\"target\":[\"https:\/\/ruuby.ee\/en\/pood\/kosmeetika\/isepruunistad\/luuv-looduslik-porgandi-kuivoli-aaloega-100ml\/\"]}]},{\"@type\":\"ImageObject\",\"inLanguage\":\"en-GB\",\"@id\":\"https:\/\/ruuby.ee\/en\/pood\/kosmeetika\/isepruunistad\/luuv-looduslik-porgandi-kuivoli-aaloega-100ml\/#primaryimage\",\"url\":\"https:\/\/ruuby.ee\/wp-content\/uploads\/2024\/05\/Screenshot-2024-05-04-at-13.09.17.png\",\"contentUrl\":\"https:\/\/ruuby.ee\/wp-content\/uploads\/2024\/05\/Screenshot-2024-05-04-at-13.09.17.png\",\"width\":974,\"height\":1132},{\"@type\":\"BreadcrumbList\",\"@id\":\"https:\/\/ruuby.ee\/en\/pood\/kosmeetika\/isepruunistad\/luuv-looduslik-porgandi-kuivoli-aaloega-100ml\/#breadcrumb\",\"itemListElement\":[{\"@type\":\"ListItem\",\"position\":1,\"name\":\"Kdu\",\"item\":\"http:\/\/ruuby.ee\/\"},{\"@type\":\"ListItem\",\"position\":2,\"name\":\"Pood\",\"item\":\"https:\/\/ruuby.ee\/en\/pood\/\"},{\"@type\":\"ListItem\",\"position\":3,\"name\":\"LUUV looduslik porgandi kuiv\u00f5li aaloega 100ml\"}]},{\"@type\":\"WebSite\",\"@id\":\"http:\/\/ruuby.ee\/#website\",\"url\":\"http:\/\/ruuby.ee\/\",\"name\":\"RUUBY\",\"description\":\"Ruubys on \u00fchendatud elustiil ja disain\",\"publisher\":{\"@id\":\"http:\/\/ruuby.ee\/#organization\"},\"alternateName\":\"Ruuby Disain\",\"potentialAction\":[{\"@type\":\"SearchAction\",\"target\":{\"@type\":\"EntryPoint\",\"urlTemplate\":\"http:\/\/ruuby.ee\/?s={search_term_string}\"},\"query-input\":{\"@type\":\"PropertyValueSpecification\",\"valueRequired\":true,\"valueName\":\"search_term_string\"}}],\"inLanguage\":\"en-GB\"},{\"@type\":\"Organization\",\"@id\":\"http:\/\/ruuby.ee\/#organization\",\"name\":\"Ruuby Disain O\u00dc\",\"alternateName\":\"Ruuby\",\"url\":\"http:\/\/ruuby.ee\/\",\"logo\":{\"@type\":\"ImageObject\",\"inLanguage\":\"en-GB\",\"@id\":\"http:\/\/ruuby.ee\/#\/schema\/logo\/image\/\",\"url\":\"https:\/\/ruuby.ee\/wp-content\/uploads\/2023\/06\/cropped-Black-White-Elegant-Circle-Signature-Fashion-Logo-12_large.png\",\"contentUrl\":\"https:\/\/ruuby.ee\/wp-content\/uploads\/2023\/06\/cropped-Black-White-Elegant-Circle-Signature-Fashion-Logo-12_large.png\",\"width\":1280,\"height\":747,\"caption\":\"Ruuby Disain O\u00dc\"},\"image\":{\"@id\":\"http:\/\/ruuby.ee\/#\/schema\/logo\/image\/\"},\"sameAs\":[\"https:\/\/www.facebook.com\/ruubyconcept\",\"https:\/\/www.instagram.com\/ruuby_concept\/\"]}]}<\/script>\n<!-- \/ Yoast SEO plugin. -->","yoast_head_json":{"title":"LUUV looduslik porgandi kuiv\u00f5li aaloega 100ml - RUUBY","robots":{"index":"index","follow":"follow","max-snippet":"max-snippet:-1","max-image-preview":"max-image-preview:large","max-video-preview":"max-video-preview:-1"},"canonical":"https:\/\/ruuby.ee\/en\/pood\/kosmeetika\/isepruunistad\/luuv-looduslik-porgandi-kuivoli-aaloega-100ml\/","og_locale":"en_GB","og_type":"article","og_title":"LUUV looduslik porgandi kuiv\u00f5li aaloega 100ml - RUUBY","og_description":"Niisutab s\u00fcgavuti ja parandab naha elastsust  Parandab jumet  Geeljas tekstuuriga kuiv\u00f5li imendub kiiresti  Sobib k\u00f5ikidele nahat\u00fc\u00fcpidele  Looduslik SPF10","og_url":"https:\/\/ruuby.ee\/en\/pood\/kosmeetika\/isepruunistad\/luuv-looduslik-porgandi-kuivoli-aaloega-100ml\/","og_site_name":"RUUBY","article_publisher":"https:\/\/www.facebook.com\/ruubyconcept","article_modified_time":"2026-04-04T22:25:29+00:00","og_image":[{"width":974,"height":1132,"url":"https:\/\/ruuby.ee\/wp-content\/uploads\/2024\/05\/Screenshot-2024-05-04-at-13.09.17.png","type":"image\/png"}],"twitter_card":"summary_large_image","twitter_misc":{"Estimated reading time":"2 minutes"},"schema":{"@context":"https:\/\/schema.org","@graph":[{"@type":["WebPage","ItemPage"],"@id":"https:\/\/ruuby.ee\/en\/pood\/kosmeetika\/isepruunistad\/luuv-looduslik-porgandi-kuivoli-aaloega-100ml\/","url":"https:\/\/ruuby.ee\/en\/pood\/kosmeetika\/isepruunistad\/luuv-looduslik-porgandi-kuivoli-aaloega-100ml\/","name":"LUUV looduslik porgandi kuiv\u00f5li aaloega 100ml - RUUBY","isPartOf":{"@id":"http:\/\/ruuby.ee\/#website"},"primaryImageOfPage":{"@id":"https:\/\/ruuby.ee\/en\/pood\/kosmeetika\/isepruunistad\/luuv-looduslik-porgandi-kuivoli-aaloega-100ml\/#primaryimage"},"image":{"@id":"https:\/\/ruuby.ee\/en\/pood\/kosmeetika\/isepruunistad\/luuv-looduslik-porgandi-kuivoli-aaloega-100ml\/#primaryimage"},"thumbnailUrl":"https:\/\/ruuby.ee\/wp-content\/uploads\/2024\/05\/Screenshot-2024-05-04-at-13.09.17.png","datePublished":"2024-05-04T10:14:44+00:00","dateModified":"2026-04-04T22:25:29+00:00","breadcrumb":{"@id":"https:\/\/ruuby.ee\/en\/pood\/kosmeetika\/isepruunistad\/luuv-looduslik-porgandi-kuivoli-aaloega-100ml\/#breadcrumb"},"inLanguage":"en-GB","potentialAction":[{"@type":"ReadAction","target":["https:\/\/ruuby.ee\/en\/pood\/kosmeetika\/isepruunistad\/luuv-looduslik-porgandi-kuivoli-aaloega-100ml\/"]}]},{"@type":"ImageObject","inLanguage":"en-GB","@id":"https:\/\/ruuby.ee\/en\/pood\/kosmeetika\/isepruunistad\/luuv-looduslik-porgandi-kuivoli-aaloega-100ml\/#primaryimage","url":"https:\/\/ruuby.ee\/wp-content\/uploads\/2024\/05\/Screenshot-2024-05-04-at-13.09.17.png","contentUrl":"https:\/\/ruuby.ee\/wp-content\/uploads\/2024\/05\/Screenshot-2024-05-04-at-13.09.17.png","width":974,"height":1132},{"@type":"BreadcrumbList","@id":"https:\/\/ruuby.ee\/en\/pood\/kosmeetika\/isepruunistad\/luuv-looduslik-porgandi-kuivoli-aaloega-100ml\/#breadcrumb","itemListElement":[{"@type":"ListItem","position":1,"name":"Kdu","item":"http:\/\/ruuby.ee\/"},{"@type":"ListItem","position":2,"name":"Pood","item":"https:\/\/ruuby.ee\/en\/pood\/"},{"@type":"ListItem","position":3,"name":"LUUV looduslik porgandi kuiv\u00f5li aaloega 100ml"}]},{"@type":"WebSite","@id":"http:\/\/ruuby.ee\/#website","url":"http:\/\/ruuby.ee\/","name":"RUUBY","description":"Ruubys on \u00fchendatud elustiil ja disain","publisher":{"@id":"http:\/\/ruuby.ee\/#organization"},"alternateName":"Ruuby Disain","potentialAction":[{"@type":"SearchAction","target":{"@type":"EntryPoint","urlTemplate":"http:\/\/ruuby.ee\/?s={search_term_string}"},"query-input":{"@type":"PropertyValueSpecification","valueRequired":true,"valueName":"search_term_string"}}],"inLanguage":"en-GB"},{"@type":"Organization","@id":"http:\/\/ruuby.ee\/#organization","name":"Ruuby Disain O\u00dc","alternateName":"Ruuby","url":"http:\/\/ruuby.ee\/","logo":{"@type":"ImageObject","inLanguage":"en-GB","@id":"http:\/\/ruuby.ee\/#\/schema\/logo\/image\/","url":"https:\/\/ruuby.ee\/wp-content\/uploads\/2023\/06\/cropped-Black-White-Elegant-Circle-Signature-Fashion-Logo-12_large.png","contentUrl":"https:\/\/ruuby.ee\/wp-content\/uploads\/2023\/06\/cropped-Black-White-Elegant-Circle-Signature-Fashion-Logo-12_large.png","width":1280,"height":747,"caption":"Ruuby Disain O\u00dc"},"image":{"@id":"http:\/\/ruuby.ee\/#\/schema\/logo\/image\/"},"sameAs":["https:\/\/www.facebook.com\/ruubyconcept","https:\/\/www.instagram.com\/ruuby_concept\/"]}]}},"jetpack_sharing_enabled":true,"_links":{"self":[{"href":"https:\/\/ruuby.ee\/en\/wp-json\/wp\/v2\/product\/1844733","targetHints":{"allow":["GET"]}}],"collection":[{"href":"https:\/\/ruuby.ee\/en\/wp-json\/wp\/v2\/product"}],"about":[{"href":"https:\/\/ruuby.ee\/en\/wp-json\/wp\/v2\/types\/product"}],"replies":[{"embeddable":true,"href":"https:\/\/ruuby.ee\/en\/wp-json\/wp\/v2\/comments?post=1844733"}],"wp:featuredmedia":[{"embeddable":true,"href":"https:\/\/ruuby.ee\/en\/wp-json\/wp\/v2\/media\/1844734"}],"wp:attachment":[{"href":"https:\/\/ruuby.ee\/en\/wp-json\/wp\/v2\/media?parent=1844733"}],"wp:term":[{"taxonomy":"product_brand","embeddable":true,"href":"https:\/\/ruuby.ee\/en\/wp-json\/wp\/v2\/product_brand?post=1844733"},{"taxonomy":"product_cat","embeddable":true,"href":"https:\/\/ruuby.ee\/en\/wp-json\/wp\/v2\/product_cat?post=1844733"},{"taxonomy":"product_tag","embeddable":true,"href":"https:\/\/ruuby.ee\/en\/wp-json\/wp\/v2\/product_tag?post=1844733"}],"curies":[{"name":"wp","href":"https:\/\/api.w.org\/{rel}","templated":true}]}}