{"id":1844726,"date":"2024-05-04T13:03:48","date_gmt":"2024-05-04T10:03:48","guid":{"rendered":"http:\/\/ruuby.ee\/?post_type=product&#038;p=1844726"},"modified":"2026-04-08T01:28:34","modified_gmt":"2026-04-07T22:28:34","slug":"luuv-isepruunistav-kuivoli-keskmine-100ml","status":"publish","type":"product","link":"https:\/\/ruuby.ee\/en\/pood\/kosmeetika\/isepruunistad\/luuv-isepruunistav-kuivoli-keskmine-100ml\/","title":{"rendered":"LUUV isepruunistav kuiv\u00f5li KESKMINE, 100ml"},"content":{"rendered":"<p>LUUV looduslik isepruunistav kuiv\u00f5li aitab sul saavutada ideaalse p\u00e4ikese poolt hellitatud jume. Meie kuiv\u00f5li imendub kiiresti, j\u00e4ttes naha siidiselt siledaks ilma \u00f5lise v\u00f5i kleepuva kihita. T\u00e4nu geeljale h\u00e4sti hajutatavale struktuurile j\u00e4\u00e4b p\u00e4evitus kaunilt \u00fchtlane ja loomulik. Meie isepruunistaja on l\u00f5hnatu ning jume kulub maha \u00fchtlaselt ja ei kooru maha.<\/p>\n<p>Isepruunistav kuiv\u00f5li hoolitseb samal ajal ka sinu naha eest \u2013 porgandi\u00f5li niisutab nahka s\u00fcgavuti, aaloe rahustab ning antioks\u00fcdandid ja E-vitamiin aitavad s\u00e4ilitada naha nooruslikkust. Lisaks sisaldab see looduslikke isepruunistavaid koostisosi, mis ei kuivata nahka ning sobivad ka tundlikule nahale. LUUV looduslik isepruunistav kuiv\u00f5li muudab sind t\u00f5eliseks p\u00e4ikesejumalannaks!<\/p>\n<p>Toode on t\u00e4iesti vegan ning sertifitseeritud \u00fcle maailma tunnustatud ECOCERT\/COSMOS \u00f6kosertifikaadiga.<\/p>\n<p><strong>Auhinnad:<\/strong><br \/>\n2022 Beauty shortlist awards- Editors choice<br \/>\n2021 Global Green Beauty Awards- Best Natural beauty product, h\u00f5bemedal<\/p>\n<p><strong>Kasutamine:<\/strong><\/p>\n<p>Parima tulemuse saavutamiseks valmista nahk ette \u2013\u00a0 selleks koori enda keha \u00f5livaba kehakoorijaga. Masseeri toode \u00fchtlaselt kogu kehale ning \u00e4ra pese seda maha. Pealekandmiseks soovitame kasutada <strong><a href=\"https:\/\/koopia.ruuby.ee\/pood\/kosmeetika\/isepruunistad\/luuv-aplikaatorkinnas\/\">aplikaatorkinnast. <\/a><\/strong>P\u00e4rast kasutamist pese kindlasti korralikult k\u00e4ed. Tulemusi n\u00e4ed juba 4-6 tunni jooksul.<\/p>\n<p>Pruuni jume saavutamiseks ja s\u00e4ilitamiseks soovitame kuiv\u00f5li kasutada kaks-kolm korda n\u00e4dalas, kuid t\u00e4nu imelistele nahka hooldatavatele omadustele v\u00f5ib sellega asendada ka oma igap\u00e4evase kehakreemi.<\/p>\n<p><strong>Toimeained:<\/strong><\/p>\n<p>DHA (dih\u00fcdroks\u00fcatsetoon) ja erythrulose on looduslikud ained, mis reageerivad naha \u00fclemises kihis olevate surnud rakkudega, tagades kauni ja loomuliku p\u00e4evituse ilma kahjuliku UV-kiirguseta. Neid kahte ainet on uuritud p\u00f5hjalikult ning neil ei ole kahjulikke m\u00f5jusid nahale, nad ei ole teadaolevalt kantserogeensed ning sobivad kasutamiseks ka rasedatele. Siiski v\u00f5ivad m\u00f5ned inimesed olla nende ainete suhtes allergilised (n\u00e4iteks vaarikaallergia), seet\u00f5ttu on soovitatav enne toodete kasutamist teha nahatest.<\/p>\n<p>Looduslik DHA (dih\u00fcdroks\u00fcatsetoon) on v\u00e4rvitu suhkur, mida saadakse taimsetest allikatest nagu suhkruroog v\u00f5i suhkrupeedid. DHA ei tungi naha sarvkihist s\u00fcgavamale ega imendu vereringesse. P\u00e4evitus tekib paar tundi p\u00e4rast toote pealekandmist ning jume kulub maha umbes n\u00e4dala p\u00e4rast. Erythrulose on teine looduslik p\u00e4evitamiskomponent. See on keto-suhkur, mis p\u00e4rineb vaarikatest v\u00f5i teistest punastest marjadest. Erythrulose annab aeglasema ja j\u00e4rk-j\u00e4rgulise p\u00e4evituse. Erythrulose ja DHA-d kombineerides saame \u00fchtlasema ja loomulikuma p\u00e4evituse, kuna nad reageerivad nahaga erinevalt. Erythrulose on ka hea naha niisutaja, tagades p\u00fcsivama p\u00e4evituse.<\/p>\n<p><strong>Koostisosad:<\/strong><\/p>\n<p>INCI: Aqua, Aloe Barbadensis, Glycerin, Dihydroxyacetone, Erythrulose, Helianthus Annuus &amp; Beta Carotene (Carrot oil), Xantham Gum, Sodium benzoate, Potassium sorbate, Citric acid<\/p>\n<p>Looduslikkuse protsent: 99,85%<br \/>\n100% vegan<\/p>","protected":false},"excerpt":{"rendered":"<ul>\n<li aria-level=\"1\">Saavuta loomulik \u00fchtlane p\u00e4evitus<\/li>\n<li aria-level=\"1\">Geeljas h\u00e4sti hajutatav tekstuur<\/li>\n<li aria-level=\"1\">S\u00fcgavalt niisutava toimega<\/li>\n<li aria-level=\"1\">L\u00f5hnatu ning ei m\u00e4\u00e4ri<\/li>\n<li aria-level=\"1\">ECOCERT\/COSMOS<\/li>\n<\/ul>","protected":false},"featured_media":1844728,"comment_status":"open","ping_status":"closed","template":"","meta":[],"product_brand":[],"product_cat":[689,25],"product_tag":[],"class_list":{"0":"post-1844726","1":"product","2":"type-product","3":"status-publish","4":"has-post-thumbnail","6":"product_cat-isepruunistad","7":"product_cat-kosmeetika","9":"first","10":"outofstock","11":"taxable","12":"shipping-taxable","13":"purchasable","14":"product-type-simple"},"yoast_head":"<!-- This site is optimized with the Yoast SEO plugin v27.3 - https:\/\/yoast.com\/product\/yoast-seo-wordpress\/ -->\n<title>LUUV isepruunistav kuiv\u00f5li KESKMINE, 100ml - RUUBY<\/title>\n<meta name=\"robots\" content=\"index, follow, max-snippet:-1, max-image-preview:large, max-video-preview:-1\" \/>\n<link rel=\"canonical\" href=\"https:\/\/ruuby.ee\/en\/pood\/kosmeetika\/isepruunistad\/luuv-isepruunistav-kuivoli-keskmine-100ml\/\" \/>\n<meta property=\"og:locale\" content=\"en_GB\" \/>\n<meta property=\"og:type\" content=\"article\" \/>\n<meta property=\"og:title\" content=\"LUUV isepruunistav kuiv\u00f5li KESKMINE, 100ml - RUUBY\" \/>\n<meta property=\"og:description\" content=\"Saavuta loomulik \u00fchtlane p\u00e4evitus  Geeljas h\u00e4sti hajutatav tekstuur  S\u00fcgavalt niisutava toimega  L\u00f5hnatu ning ei m\u00e4\u00e4ri  ECOCERT\/COSMOS\" \/>\n<meta property=\"og:url\" content=\"https:\/\/ruuby.ee\/en\/pood\/kosmeetika\/isepruunistad\/luuv-isepruunistav-kuivoli-keskmine-100ml\/\" \/>\n<meta property=\"og:site_name\" content=\"RUUBY\" \/>\n<meta property=\"article:publisher\" content=\"https:\/\/www.facebook.com\/ruubyconcept\" \/>\n<meta property=\"article:modified_time\" content=\"2026-04-07T22:28:34+00:00\" \/>\n<meta property=\"og:image\" content=\"https:\/\/ruuby.ee\/wp-content\/uploads\/2024\/05\/Screenshot-2024-05-04-at-12.57.56.png\" \/>\n\t<meta property=\"og:image:width\" content=\"1148\" \/>\n\t<meta property=\"og:image:height\" content=\"1274\" \/>\n\t<meta property=\"og:image:type\" content=\"image\/png\" \/>\n<meta name=\"twitter:card\" content=\"summary_large_image\" \/>\n<meta name=\"twitter:label1\" content=\"Estimated reading time\" \/>\n\t<meta name=\"twitter:data1\" content=\"3 minutes\" \/>\n<script type=\"application\/ld+json\" class=\"yoast-schema-graph\">{\"@context\":\"https:\\\/\\\/schema.org\",\"@graph\":[{\"@type\":[\"WebPage\",\"ItemPage\"],\"@id\":\"https:\\\/\\\/ruuby.ee\\\/pood\\\/kosmeetika\\\/isepruunistad\\\/luuv-isepruunistav-kuivoli-keskmine-100ml\\\/\",\"url\":\"https:\\\/\\\/ruuby.ee\\\/pood\\\/kosmeetika\\\/isepruunistad\\\/luuv-isepruunistav-kuivoli-keskmine-100ml\\\/\",\"name\":\"LUUV isepruunistav kuiv\u00f5li KESKMINE, 100ml - RUUBY\",\"isPartOf\":{\"@id\":\"http:\\\/\\\/ruuby.ee\\\/#website\"},\"primaryImageOfPage\":{\"@id\":\"https:\\\/\\\/ruuby.ee\\\/pood\\\/kosmeetika\\\/isepruunistad\\\/luuv-isepruunistav-kuivoli-keskmine-100ml\\\/#primaryimage\"},\"image\":{\"@id\":\"https:\\\/\\\/ruuby.ee\\\/pood\\\/kosmeetika\\\/isepruunistad\\\/luuv-isepruunistav-kuivoli-keskmine-100ml\\\/#primaryimage\"},\"thumbnailUrl\":\"https:\\\/\\\/ruuby.ee\\\/wp-content\\\/uploads\\\/2024\\\/05\\\/Screenshot-2024-05-04-at-12.57.56.png\",\"datePublished\":\"2024-05-04T10:03:48+00:00\",\"dateModified\":\"2026-04-07T22:28:34+00:00\",\"breadcrumb\":{\"@id\":\"https:\\\/\\\/ruuby.ee\\\/pood\\\/kosmeetika\\\/isepruunistad\\\/luuv-isepruunistav-kuivoli-keskmine-100ml\\\/#breadcrumb\"},\"inLanguage\":\"en-GB\",\"potentialAction\":[{\"@type\":\"ReadAction\",\"target\":[\"https:\\\/\\\/ruuby.ee\\\/pood\\\/kosmeetika\\\/isepruunistad\\\/luuv-isepruunistav-kuivoli-keskmine-100ml\\\/\"]}]},{\"@type\":\"ImageObject\",\"inLanguage\":\"en-GB\",\"@id\":\"https:\\\/\\\/ruuby.ee\\\/pood\\\/kosmeetika\\\/isepruunistad\\\/luuv-isepruunistav-kuivoli-keskmine-100ml\\\/#primaryimage\",\"url\":\"https:\\\/\\\/ruuby.ee\\\/wp-content\\\/uploads\\\/2024\\\/05\\\/Screenshot-2024-05-04-at-12.57.56.png\",\"contentUrl\":\"https:\\\/\\\/ruuby.ee\\\/wp-content\\\/uploads\\\/2024\\\/05\\\/Screenshot-2024-05-04-at-12.57.56.png\",\"width\":1148,\"height\":1274},{\"@type\":\"BreadcrumbList\",\"@id\":\"https:\\\/\\\/ruuby.ee\\\/pood\\\/kosmeetika\\\/isepruunistad\\\/luuv-isepruunistav-kuivoli-keskmine-100ml\\\/#breadcrumb\",\"itemListElement\":[{\"@type\":\"ListItem\",\"position\":1,\"name\":\"Kdu\",\"item\":\"http:\\\/\\\/ruuby.ee\\\/\"},{\"@type\":\"ListItem\",\"position\":2,\"name\":\"Pood\",\"item\":\"http:\\\/\\\/ruuby.ee\\\/pood\\\/\"},{\"@type\":\"ListItem\",\"position\":3,\"name\":\"LUUV isepruunistav kuiv\u00f5li KESKMINE, 100ml\"}]},{\"@type\":\"WebSite\",\"@id\":\"http:\\\/\\\/ruuby.ee\\\/#website\",\"url\":\"http:\\\/\\\/ruuby.ee\\\/\",\"name\":\"RUUBY\",\"description\":\"Ruubys on \u00fchendatud elustiil ja disain\",\"publisher\":{\"@id\":\"http:\\\/\\\/ruuby.ee\\\/#organization\"},\"alternateName\":\"Ruuby Disain\",\"potentialAction\":[{\"@type\":\"SearchAction\",\"target\":{\"@type\":\"EntryPoint\",\"urlTemplate\":\"http:\\\/\\\/ruuby.ee\\\/?s={search_term_string}\"},\"query-input\":{\"@type\":\"PropertyValueSpecification\",\"valueRequired\":true,\"valueName\":\"search_term_string\"}}],\"inLanguage\":\"en-GB\"},{\"@type\":\"Organization\",\"@id\":\"http:\\\/\\\/ruuby.ee\\\/#organization\",\"name\":\"Ruuby Disain O\u00dc\",\"alternateName\":\"Ruuby\",\"url\":\"http:\\\/\\\/ruuby.ee\\\/\",\"logo\":{\"@type\":\"ImageObject\",\"inLanguage\":\"en-GB\",\"@id\":\"http:\\\/\\\/ruuby.ee\\\/#\\\/schema\\\/logo\\\/image\\\/\",\"url\":\"https:\\\/\\\/ruuby.ee\\\/wp-content\\\/uploads\\\/2023\\\/06\\\/cropped-Black-White-Elegant-Circle-Signature-Fashion-Logo-12_large.png\",\"contentUrl\":\"https:\\\/\\\/ruuby.ee\\\/wp-content\\\/uploads\\\/2023\\\/06\\\/cropped-Black-White-Elegant-Circle-Signature-Fashion-Logo-12_large.png\",\"width\":1280,\"height\":747,\"caption\":\"Ruuby Disain O\u00dc\"},\"image\":{\"@id\":\"http:\\\/\\\/ruuby.ee\\\/#\\\/schema\\\/logo\\\/image\\\/\"},\"sameAs\":[\"https:\\\/\\\/www.facebook.com\\\/ruubyconcept\",\"https:\\\/\\\/www.instagram.com\\\/ruuby_concept\\\/\"]}]}<\/script>\n<!-- \/ Yoast SEO plugin. -->","yoast_head_json":{"title":"LUUV isepruunistav kuiv\u00f5li KESKMINE, 100ml - RUUBY","robots":{"index":"index","follow":"follow","max-snippet":"max-snippet:-1","max-image-preview":"max-image-preview:large","max-video-preview":"max-video-preview:-1"},"canonical":"https:\/\/ruuby.ee\/en\/pood\/kosmeetika\/isepruunistad\/luuv-isepruunistav-kuivoli-keskmine-100ml\/","og_locale":"en_GB","og_type":"article","og_title":"LUUV isepruunistav kuiv\u00f5li KESKMINE, 100ml - RUUBY","og_description":"Saavuta loomulik \u00fchtlane p\u00e4evitus  Geeljas h\u00e4sti hajutatav tekstuur  S\u00fcgavalt niisutava toimega  L\u00f5hnatu ning ei m\u00e4\u00e4ri  ECOCERT\/COSMOS","og_url":"https:\/\/ruuby.ee\/en\/pood\/kosmeetika\/isepruunistad\/luuv-isepruunistav-kuivoli-keskmine-100ml\/","og_site_name":"RUUBY","article_publisher":"https:\/\/www.facebook.com\/ruubyconcept","article_modified_time":"2026-04-07T22:28:34+00:00","og_image":[{"width":1148,"height":1274,"url":"https:\/\/ruuby.ee\/wp-content\/uploads\/2024\/05\/Screenshot-2024-05-04-at-12.57.56.png","type":"image\/png"}],"twitter_card":"summary_large_image","twitter_misc":{"Estimated reading time":"3 minutes"},"schema":{"@context":"https:\/\/schema.org","@graph":[{"@type":["WebPage","ItemPage"],"@id":"https:\/\/ruuby.ee\/pood\/kosmeetika\/isepruunistad\/luuv-isepruunistav-kuivoli-keskmine-100ml\/","url":"https:\/\/ruuby.ee\/pood\/kosmeetika\/isepruunistad\/luuv-isepruunistav-kuivoli-keskmine-100ml\/","name":"LUUV isepruunistav kuiv\u00f5li KESKMINE, 100ml - RUUBY","isPartOf":{"@id":"http:\/\/ruuby.ee\/#website"},"primaryImageOfPage":{"@id":"https:\/\/ruuby.ee\/pood\/kosmeetika\/isepruunistad\/luuv-isepruunistav-kuivoli-keskmine-100ml\/#primaryimage"},"image":{"@id":"https:\/\/ruuby.ee\/pood\/kosmeetika\/isepruunistad\/luuv-isepruunistav-kuivoli-keskmine-100ml\/#primaryimage"},"thumbnailUrl":"https:\/\/ruuby.ee\/wp-content\/uploads\/2024\/05\/Screenshot-2024-05-04-at-12.57.56.png","datePublished":"2024-05-04T10:03:48+00:00","dateModified":"2026-04-07T22:28:34+00:00","breadcrumb":{"@id":"https:\/\/ruuby.ee\/pood\/kosmeetika\/isepruunistad\/luuv-isepruunistav-kuivoli-keskmine-100ml\/#breadcrumb"},"inLanguage":"en-GB","potentialAction":[{"@type":"ReadAction","target":["https:\/\/ruuby.ee\/pood\/kosmeetika\/isepruunistad\/luuv-isepruunistav-kuivoli-keskmine-100ml\/"]}]},{"@type":"ImageObject","inLanguage":"en-GB","@id":"https:\/\/ruuby.ee\/pood\/kosmeetika\/isepruunistad\/luuv-isepruunistav-kuivoli-keskmine-100ml\/#primaryimage","url":"https:\/\/ruuby.ee\/wp-content\/uploads\/2024\/05\/Screenshot-2024-05-04-at-12.57.56.png","contentUrl":"https:\/\/ruuby.ee\/wp-content\/uploads\/2024\/05\/Screenshot-2024-05-04-at-12.57.56.png","width":1148,"height":1274},{"@type":"BreadcrumbList","@id":"https:\/\/ruuby.ee\/pood\/kosmeetika\/isepruunistad\/luuv-isepruunistav-kuivoli-keskmine-100ml\/#breadcrumb","itemListElement":[{"@type":"ListItem","position":1,"name":"Kdu","item":"http:\/\/ruuby.ee\/"},{"@type":"ListItem","position":2,"name":"Pood","item":"http:\/\/ruuby.ee\/pood\/"},{"@type":"ListItem","position":3,"name":"LUUV isepruunistav kuiv\u00f5li KESKMINE, 100ml"}]},{"@type":"WebSite","@id":"http:\/\/ruuby.ee\/#website","url":"http:\/\/ruuby.ee\/","name":"RUUBY","description":"Ruubys on \u00fchendatud elustiil ja disain","publisher":{"@id":"http:\/\/ruuby.ee\/#organization"},"alternateName":"Ruuby Disain","potentialAction":[{"@type":"SearchAction","target":{"@type":"EntryPoint","urlTemplate":"http:\/\/ruuby.ee\/?s={search_term_string}"},"query-input":{"@type":"PropertyValueSpecification","valueRequired":true,"valueName":"search_term_string"}}],"inLanguage":"en-GB"},{"@type":"Organization","@id":"http:\/\/ruuby.ee\/#organization","name":"Ruuby Disain O\u00dc","alternateName":"Ruuby","url":"http:\/\/ruuby.ee\/","logo":{"@type":"ImageObject","inLanguage":"en-GB","@id":"http:\/\/ruuby.ee\/#\/schema\/logo\/image\/","url":"https:\/\/ruuby.ee\/wp-content\/uploads\/2023\/06\/cropped-Black-White-Elegant-Circle-Signature-Fashion-Logo-12_large.png","contentUrl":"https:\/\/ruuby.ee\/wp-content\/uploads\/2023\/06\/cropped-Black-White-Elegant-Circle-Signature-Fashion-Logo-12_large.png","width":1280,"height":747,"caption":"Ruuby Disain O\u00dc"},"image":{"@id":"http:\/\/ruuby.ee\/#\/schema\/logo\/image\/"},"sameAs":["https:\/\/www.facebook.com\/ruubyconcept","https:\/\/www.instagram.com\/ruuby_concept\/"]}]}},"jetpack_sharing_enabled":true,"_links":{"self":[{"href":"https:\/\/ruuby.ee\/en\/wp-json\/wp\/v2\/product\/1844726","targetHints":{"allow":["GET"]}}],"collection":[{"href":"https:\/\/ruuby.ee\/en\/wp-json\/wp\/v2\/product"}],"about":[{"href":"https:\/\/ruuby.ee\/en\/wp-json\/wp\/v2\/types\/product"}],"replies":[{"embeddable":true,"href":"https:\/\/ruuby.ee\/en\/wp-json\/wp\/v2\/comments?post=1844726"}],"wp:featuredmedia":[{"embeddable":true,"href":"https:\/\/ruuby.ee\/en\/wp-json\/wp\/v2\/media\/1844728"}],"wp:attachment":[{"href":"https:\/\/ruuby.ee\/en\/wp-json\/wp\/v2\/media?parent=1844726"}],"wp:term":[{"taxonomy":"product_brand","embeddable":true,"href":"https:\/\/ruuby.ee\/en\/wp-json\/wp\/v2\/product_brand?post=1844726"},{"taxonomy":"product_cat","embeddable":true,"href":"https:\/\/ruuby.ee\/en\/wp-json\/wp\/v2\/product_cat?post=1844726"},{"taxonomy":"product_tag","embeddable":true,"href":"https:\/\/ruuby.ee\/en\/wp-json\/wp\/v2\/product_tag?post=1844726"}],"curies":[{"name":"wp","href":"https:\/\/api.w.org\/{rel}","templated":true}]}}