{"id":1844694,"date":"2024-04-30T15:03:25","date_gmt":"2024-04-30T12:03:25","guid":{"rendered":"http:\/\/ruuby.ee\/?post_type=product&#038;p=1844694"},"modified":"2026-04-08T01:28:34","modified_gmt":"2026-04-07T22:28:34","slug":"ciao-gua-sha","status":"publish","type":"product","link":"https:\/\/ruuby.ee\/en\/pood\/kosmeetika\/naohooldus\/ciao-gua-sha\/","title":{"rendered":"CIAO &#8211; Gua Sha"},"content":{"rendered":"<p>Roostevabast terasest gua sha eelised:<\/p>\n<p>Antibakteriaalne \u2013 hoiab \u00e4ra bakterite kogunemise nahal.<\/p>\n<p>Jahutav \u2013 Roostevabast terasest gua sha on loomult k\u00fclm ehk seda ei pea isegi s\u00fcgavk\u00fclma panema.<\/p>\n<p>Keskkonnas\u00f5bralik \u2013 meie gua sha on valmistatud taaskasutatud materjalist ja on 100% taaskasutatavad.<\/p>\n<p>Vastupidav \u2013 roostevabast terasest gua sha kestab igavesti ja ei purune.<\/p>\n<p>100% roostevaba teras<\/p>\n<p><strong>Kasutamine:<\/strong><\/p>\n<p>1. Puhasta oma nahk.<br \/>\n2. Kanna nahale CIAO ilueliksiiri, et nahk oleks piisavalt libe.<br \/>\n3. Hoia Gua Sha t\u00f6\u00f6riista n\u00e4o suhtes 15-45 kraadise nurga all. T\u00f6\u00f6riista lame k\u00fclg peaks olema nahaga kontaktis.<\/p>\n<p>4. Alusta kaelast v\u00f5i l\u00f5ualuust: Alusta \u00f5rnalt gua sha libistamist m\u00f6\u00f6da kaela v\u00f5i l\u00f5ualuud \u00fclespoole suunatud liigutustega. Kasuta kerget kuni m\u00f5\u00f5dukat survet ja arvesta oma naha tundlikkusega.<\/p>\n<p>5. Liiguta gua shad \u00fcles- ja v\u00e4ljapoole j\u00e4rgides n\u00e4o loomulikke kontuure. P\u00f6\u00f6ra erilist t\u00e4helepanu piirkondadele, kus on pinge v\u00f5i paistetus.<\/p>\n<p>6. Korda liigutusi \u00fcle n\u00e4o: Kasuta gua shad erinevatel n\u00e4oosadel, sealhulgas laubal, p\u00f5skedel ja silmade all.<\/p>\n<p>7. Ole eriti \u00f5rn silmade \u00fcmbruses. Kasuta selle piirkonna jaoks v\u00e4iksemat ja kumerat osa.<\/p>\n<p>8. P\u00e4rast kasutamist puhasta Gua Sha leige veega ja \u00f5rnatoimelise seebiga. Kuivata see hoolikalt enne hoiustamist.<\/p>\n<p>NB! Pea meeles, et j\u00e4rjepidevus on v\u00e4ga oluline heade tulemuste saavutamiseks. Kasuta gua shad ettevaatlikult, et v\u00e4ltida \u00e4rritust v\u00f5i ebamugavust.<\/p>","protected":false},"excerpt":{"rendered":"<p>Gua sha kasutamine n\u00e4omassaa\u017eis omab v\u00f5imet ennetada kortse, t\u00e4iustada loomulikku kontuuri ja leevendada lihaspingeid. CIAO gua sha on valmistatud 100% roostevabast terasest. Roostevaba teras on antibakteriaalne, k\u00fclmem ja keskkonnas\u00f5bralikum kui selle alternatiivid. Ohutu ja efektiivne igale nahat\u00fc\u00fcbile.<\/p>\n<p>Gua sha massaa\u017ei kasutegurid:<br \/>\n1. Toetab l\u00fcmfiringet, t\u00e4iustades n\u00e4o loomulikku kontuuri.<br \/>\n2. Leevendab lihaspingeid.<br \/>\n3. Aitab defineerida l\u00f5ualuu ja p\u00f5sesarnade v\u00e4limust.<br \/>\n4. Annab nahale t\u00f5stetud ja pinguldava efekti.<\/p>","protected":false},"featured_media":1844692,"comment_status":"open","ping_status":"closed","template":"","meta":[],"product_brand":[],"product_cat":[25,691],"product_tag":[],"class_list":{"0":"post-1844694","1":"product","2":"type-product","3":"status-publish","4":"has-post-thumbnail","6":"product_cat-kosmeetika","7":"product_cat-naohooldus","9":"first","10":"instock","11":"taxable","12":"shipping-taxable","13":"purchasable","14":"product-type-simple"},"yoast_head":"<!-- This site is optimized with the Yoast SEO plugin v27.3 - https:\/\/yoast.com\/product\/yoast-seo-wordpress\/ -->\n<title>CIAO - Gua Sha - RUUBY<\/title>\n<meta name=\"robots\" content=\"index, follow, max-snippet:-1, max-image-preview:large, max-video-preview:-1\" \/>\n<link rel=\"canonical\" href=\"http:\/\/ruuby.ee\/en\/pood\/kosmeetika\/naohooldus\/ciao-gua-sha\/\" \/>\n<meta property=\"og:locale\" content=\"en_GB\" \/>\n<meta property=\"og:type\" content=\"article\" \/>\n<meta property=\"og:title\" content=\"CIAO - Gua Sha - RUUBY\" \/>\n<meta property=\"og:description\" content=\"Gua sha kasutamine n\u00e4omassaa\u017eis omab v\u00f5imet ennetada kortse, t\u00e4iustada loomulikku kontuuri ja leevendada lihaspingeid. CIAO gua sha on valmistatud 100% roostevabast terasest. Roostevaba teras on antibakteriaalne, k\u00fclmem ja keskkonnas\u00f5bralikum kui selle alternatiivid. Ohutu ja efektiivne igale nahat\u00fc\u00fcbile.  Gua sha massaa\u017ei kasutegurid: 1. Toetab l\u00fcmfiringet, t\u00e4iustades n\u00e4o loomulikku kontuuri. 2. Leevendab lihaspingeid. 3. Aitab defineerida l\u00f5ualuu ja p\u00f5sesarnade v\u00e4limust. 4. Annab nahale t\u00f5stetud ja pinguldava efekti.\" \/>\n<meta property=\"og:url\" content=\"http:\/\/ruuby.ee\/en\/pood\/kosmeetika\/naohooldus\/ciao-gua-sha\/\" \/>\n<meta property=\"og:site_name\" content=\"RUUBY\" \/>\n<meta property=\"article:publisher\" content=\"https:\/\/www.facebook.com\/ruubyconcept\" \/>\n<meta property=\"article:modified_time\" content=\"2026-04-07T22:28:34+00:00\" \/>\n<meta property=\"og:image\" content=\"http:\/\/ruuby.ee\/wp-content\/uploads\/2024\/04\/Screenshot-2024-04-30-at-14.22.58.png\" \/>\n\t<meta property=\"og:image:width\" content=\"782\" \/>\n\t<meta property=\"og:image:height\" content=\"1068\" \/>\n\t<meta property=\"og:image:type\" content=\"image\/png\" \/>\n<meta name=\"twitter:card\" content=\"summary_large_image\" \/>\n<meta name=\"twitter:label1\" content=\"Estimated reading time\" \/>\n\t<meta name=\"twitter:data1\" content=\"2 minutes\" \/>\n<script type=\"application\/ld+json\" class=\"yoast-schema-graph\">{\"@context\":\"https:\\\/\\\/schema.org\",\"@graph\":[{\"@type\":[\"WebPage\",\"ItemPage\"],\"@id\":\"http:\\\/\\\/ruuby.ee\\\/pood\\\/kosmeetika\\\/naohooldus\\\/ciao-gua-sha\\\/\",\"url\":\"http:\\\/\\\/ruuby.ee\\\/pood\\\/kosmeetika\\\/naohooldus\\\/ciao-gua-sha\\\/\",\"name\":\"CIAO - Gua Sha - RUUBY\",\"isPartOf\":{\"@id\":\"http:\\\/\\\/ruuby.ee\\\/#website\"},\"primaryImageOfPage\":{\"@id\":\"http:\\\/\\\/ruuby.ee\\\/pood\\\/kosmeetika\\\/naohooldus\\\/ciao-gua-sha\\\/#primaryimage\"},\"image\":{\"@id\":\"http:\\\/\\\/ruuby.ee\\\/pood\\\/kosmeetika\\\/naohooldus\\\/ciao-gua-sha\\\/#primaryimage\"},\"thumbnailUrl\":\"https:\\\/\\\/ruuby.ee\\\/wp-content\\\/uploads\\\/2024\\\/04\\\/Screenshot-2024-04-30-at-14.22.58.png\",\"datePublished\":\"2024-04-30T12:03:25+00:00\",\"dateModified\":\"2026-04-07T22:28:34+00:00\",\"breadcrumb\":{\"@id\":\"http:\\\/\\\/ruuby.ee\\\/pood\\\/kosmeetika\\\/naohooldus\\\/ciao-gua-sha\\\/#breadcrumb\"},\"inLanguage\":\"en-GB\",\"potentialAction\":[{\"@type\":\"ReadAction\",\"target\":[\"http:\\\/\\\/ruuby.ee\\\/pood\\\/kosmeetika\\\/naohooldus\\\/ciao-gua-sha\\\/\"]}]},{\"@type\":\"ImageObject\",\"inLanguage\":\"en-GB\",\"@id\":\"http:\\\/\\\/ruuby.ee\\\/pood\\\/kosmeetika\\\/naohooldus\\\/ciao-gua-sha\\\/#primaryimage\",\"url\":\"https:\\\/\\\/ruuby.ee\\\/wp-content\\\/uploads\\\/2024\\\/04\\\/Screenshot-2024-04-30-at-14.22.58.png\",\"contentUrl\":\"https:\\\/\\\/ruuby.ee\\\/wp-content\\\/uploads\\\/2024\\\/04\\\/Screenshot-2024-04-30-at-14.22.58.png\",\"width\":782,\"height\":1068},{\"@type\":\"BreadcrumbList\",\"@id\":\"http:\\\/\\\/ruuby.ee\\\/pood\\\/kosmeetika\\\/naohooldus\\\/ciao-gua-sha\\\/#breadcrumb\",\"itemListElement\":[{\"@type\":\"ListItem\",\"position\":1,\"name\":\"Kdu\",\"item\":\"http:\\\/\\\/ruuby.ee\\\/\"},{\"@type\":\"ListItem\",\"position\":2,\"name\":\"Pood\",\"item\":\"http:\\\/\\\/ruuby.ee\\\/pood\\\/\"},{\"@type\":\"ListItem\",\"position\":3,\"name\":\"CIAO &#8211; Gua Sha\"}]},{\"@type\":\"WebSite\",\"@id\":\"http:\\\/\\\/ruuby.ee\\\/#website\",\"url\":\"http:\\\/\\\/ruuby.ee\\\/\",\"name\":\"RUUBY\",\"description\":\"Ruubys on \u00fchendatud elustiil ja disain\",\"publisher\":{\"@id\":\"http:\\\/\\\/ruuby.ee\\\/#organization\"},\"alternateName\":\"Ruuby Disain\",\"potentialAction\":[{\"@type\":\"SearchAction\",\"target\":{\"@type\":\"EntryPoint\",\"urlTemplate\":\"http:\\\/\\\/ruuby.ee\\\/?s={search_term_string}\"},\"query-input\":{\"@type\":\"PropertyValueSpecification\",\"valueRequired\":true,\"valueName\":\"search_term_string\"}}],\"inLanguage\":\"en-GB\"},{\"@type\":\"Organization\",\"@id\":\"http:\\\/\\\/ruuby.ee\\\/#organization\",\"name\":\"Ruuby Disain O\u00dc\",\"alternateName\":\"Ruuby\",\"url\":\"http:\\\/\\\/ruuby.ee\\\/\",\"logo\":{\"@type\":\"ImageObject\",\"inLanguage\":\"en-GB\",\"@id\":\"http:\\\/\\\/ruuby.ee\\\/#\\\/schema\\\/logo\\\/image\\\/\",\"url\":\"https:\\\/\\\/ruuby.ee\\\/wp-content\\\/uploads\\\/2023\\\/06\\\/cropped-Black-White-Elegant-Circle-Signature-Fashion-Logo-12_large.png\",\"contentUrl\":\"https:\\\/\\\/ruuby.ee\\\/wp-content\\\/uploads\\\/2023\\\/06\\\/cropped-Black-White-Elegant-Circle-Signature-Fashion-Logo-12_large.png\",\"width\":1280,\"height\":747,\"caption\":\"Ruuby Disain O\u00dc\"},\"image\":{\"@id\":\"http:\\\/\\\/ruuby.ee\\\/#\\\/schema\\\/logo\\\/image\\\/\"},\"sameAs\":[\"https:\\\/\\\/www.facebook.com\\\/ruubyconcept\",\"https:\\\/\\\/www.instagram.com\\\/ruuby_concept\\\/\"]}]}<\/script>\n<!-- \/ Yoast SEO plugin. -->","yoast_head_json":{"title":"CIAO - Gua Sha - RUUBY","robots":{"index":"index","follow":"follow","max-snippet":"max-snippet:-1","max-image-preview":"max-image-preview:large","max-video-preview":"max-video-preview:-1"},"canonical":"http:\/\/ruuby.ee\/en\/pood\/kosmeetika\/naohooldus\/ciao-gua-sha\/","og_locale":"en_GB","og_type":"article","og_title":"CIAO - Gua Sha - RUUBY","og_description":"Gua sha kasutamine n\u00e4omassaa\u017eis omab v\u00f5imet ennetada kortse, t\u00e4iustada loomulikku kontuuri ja leevendada lihaspingeid. CIAO gua sha on valmistatud 100% roostevabast terasest. Roostevaba teras on antibakteriaalne, k\u00fclmem ja keskkonnas\u00f5bralikum kui selle alternatiivid. Ohutu ja efektiivne igale nahat\u00fc\u00fcbile.  Gua sha massaa\u017ei kasutegurid: 1. Toetab l\u00fcmfiringet, t\u00e4iustades n\u00e4o loomulikku kontuuri. 2. Leevendab lihaspingeid. 3. Aitab defineerida l\u00f5ualuu ja p\u00f5sesarnade v\u00e4limust. 4. Annab nahale t\u00f5stetud ja pinguldava efekti.","og_url":"http:\/\/ruuby.ee\/en\/pood\/kosmeetika\/naohooldus\/ciao-gua-sha\/","og_site_name":"RUUBY","article_publisher":"https:\/\/www.facebook.com\/ruubyconcept","article_modified_time":"2026-04-07T22:28:34+00:00","og_image":[{"width":782,"height":1068,"url":"http:\/\/ruuby.ee\/wp-content\/uploads\/2024\/04\/Screenshot-2024-04-30-at-14.22.58.png","type":"image\/png"}],"twitter_card":"summary_large_image","twitter_misc":{"Estimated reading time":"2 minutes"},"schema":{"@context":"https:\/\/schema.org","@graph":[{"@type":["WebPage","ItemPage"],"@id":"http:\/\/ruuby.ee\/pood\/kosmeetika\/naohooldus\/ciao-gua-sha\/","url":"http:\/\/ruuby.ee\/pood\/kosmeetika\/naohooldus\/ciao-gua-sha\/","name":"CIAO - Gua Sha - RUUBY","isPartOf":{"@id":"http:\/\/ruuby.ee\/#website"},"primaryImageOfPage":{"@id":"http:\/\/ruuby.ee\/pood\/kosmeetika\/naohooldus\/ciao-gua-sha\/#primaryimage"},"image":{"@id":"http:\/\/ruuby.ee\/pood\/kosmeetika\/naohooldus\/ciao-gua-sha\/#primaryimage"},"thumbnailUrl":"https:\/\/ruuby.ee\/wp-content\/uploads\/2024\/04\/Screenshot-2024-04-30-at-14.22.58.png","datePublished":"2024-04-30T12:03:25+00:00","dateModified":"2026-04-07T22:28:34+00:00","breadcrumb":{"@id":"http:\/\/ruuby.ee\/pood\/kosmeetika\/naohooldus\/ciao-gua-sha\/#breadcrumb"},"inLanguage":"en-GB","potentialAction":[{"@type":"ReadAction","target":["http:\/\/ruuby.ee\/pood\/kosmeetika\/naohooldus\/ciao-gua-sha\/"]}]},{"@type":"ImageObject","inLanguage":"en-GB","@id":"http:\/\/ruuby.ee\/pood\/kosmeetika\/naohooldus\/ciao-gua-sha\/#primaryimage","url":"https:\/\/ruuby.ee\/wp-content\/uploads\/2024\/04\/Screenshot-2024-04-30-at-14.22.58.png","contentUrl":"https:\/\/ruuby.ee\/wp-content\/uploads\/2024\/04\/Screenshot-2024-04-30-at-14.22.58.png","width":782,"height":1068},{"@type":"BreadcrumbList","@id":"http:\/\/ruuby.ee\/pood\/kosmeetika\/naohooldus\/ciao-gua-sha\/#breadcrumb","itemListElement":[{"@type":"ListItem","position":1,"name":"Kdu","item":"http:\/\/ruuby.ee\/"},{"@type":"ListItem","position":2,"name":"Pood","item":"http:\/\/ruuby.ee\/pood\/"},{"@type":"ListItem","position":3,"name":"CIAO &#8211; Gua Sha"}]},{"@type":"WebSite","@id":"http:\/\/ruuby.ee\/#website","url":"http:\/\/ruuby.ee\/","name":"RUUBY","description":"Ruubys on \u00fchendatud elustiil ja disain","publisher":{"@id":"http:\/\/ruuby.ee\/#organization"},"alternateName":"Ruuby Disain","potentialAction":[{"@type":"SearchAction","target":{"@type":"EntryPoint","urlTemplate":"http:\/\/ruuby.ee\/?s={search_term_string}"},"query-input":{"@type":"PropertyValueSpecification","valueRequired":true,"valueName":"search_term_string"}}],"inLanguage":"en-GB"},{"@type":"Organization","@id":"http:\/\/ruuby.ee\/#organization","name":"Ruuby Disain O\u00dc","alternateName":"Ruuby","url":"http:\/\/ruuby.ee\/","logo":{"@type":"ImageObject","inLanguage":"en-GB","@id":"http:\/\/ruuby.ee\/#\/schema\/logo\/image\/","url":"https:\/\/ruuby.ee\/wp-content\/uploads\/2023\/06\/cropped-Black-White-Elegant-Circle-Signature-Fashion-Logo-12_large.png","contentUrl":"https:\/\/ruuby.ee\/wp-content\/uploads\/2023\/06\/cropped-Black-White-Elegant-Circle-Signature-Fashion-Logo-12_large.png","width":1280,"height":747,"caption":"Ruuby Disain O\u00dc"},"image":{"@id":"http:\/\/ruuby.ee\/#\/schema\/logo\/image\/"},"sameAs":["https:\/\/www.facebook.com\/ruubyconcept","https:\/\/www.instagram.com\/ruuby_concept\/"]}]}},"jetpack_sharing_enabled":true,"_links":{"self":[{"href":"https:\/\/ruuby.ee\/en\/wp-json\/wp\/v2\/product\/1844694","targetHints":{"allow":["GET"]}}],"collection":[{"href":"https:\/\/ruuby.ee\/en\/wp-json\/wp\/v2\/product"}],"about":[{"href":"https:\/\/ruuby.ee\/en\/wp-json\/wp\/v2\/types\/product"}],"replies":[{"embeddable":true,"href":"https:\/\/ruuby.ee\/en\/wp-json\/wp\/v2\/comments?post=1844694"}],"wp:featuredmedia":[{"embeddable":true,"href":"https:\/\/ruuby.ee\/en\/wp-json\/wp\/v2\/media\/1844692"}],"wp:attachment":[{"href":"https:\/\/ruuby.ee\/en\/wp-json\/wp\/v2\/media?parent=1844694"}],"wp:term":[{"taxonomy":"product_brand","embeddable":true,"href":"https:\/\/ruuby.ee\/en\/wp-json\/wp\/v2\/product_brand?post=1844694"},{"taxonomy":"product_cat","embeddable":true,"href":"https:\/\/ruuby.ee\/en\/wp-json\/wp\/v2\/product_cat?post=1844694"},{"taxonomy":"product_tag","embeddable":true,"href":"https:\/\/ruuby.ee\/en\/wp-json\/wp\/v2\/product_tag?post=1844694"}],"curies":[{"name":"wp","href":"https:\/\/api.w.org\/{rel}","templated":true}]}}