{"id":1844665,"date":"2024-04-30T12:31:10","date_gmt":"2024-04-30T09:31:10","guid":{"rendered":"http:\/\/ruuby.ee\/?post_type=product&#038;p=1844665"},"modified":"2026-04-08T01:28:35","modified_gmt":"2026-04-07T22:28:35","slug":"salt-stone-kehakreem-bergamont-hinoki","status":"publish","type":"product","link":"https:\/\/ruuby.ee\/en\/pood\/kosmeetika\/kehahooldus\/salt-stone-kehakreem-bergamont-hinoki\/","title":{"rendered":"Salt &amp; Stone &#8211; kehakreem Bergamont &amp; Hinoki"},"content":{"rendered":"<p>Kiiresti imenduv igap\u00e4evane kehakreem, mis on infundeeritud merevetikaekstraktide ja niatsiinamiidiga. Selle s\u00fcgavniisutava kreemi toitvad koostisosad imenduvad kiiresti, j\u00e4ttes naha siidiselt pehmeks. Kreem kaitseb nahka tuule, vee ja p\u00e4ikese kuivatavate m\u00f5jude eest.<br \/>\n206ml<\/p>\n<p>L\u00f5hna noodid: Itaalia bergamott, greip, hinoki, vetiver, eukal\u00fcpt, merevaik, apelsini\u00f5is<\/p>\n<ul>\n<li>Merevetikaekstraktid ja spirulina \u2013 antioks\u00fcdantiderikkad ookeanitaimed, mis rahustavad ja taastavad \u00e4rritunud nahka, mis puutub kokku elementidega.<\/li>\n<li>Taimse p\u00e4ritoluga \u00f5lisegu \u2013 looduslike pehmendavate \u00f5lide segu niiskuse taastamiseks ja s\u00e4ilitamiseks. Saadakse jojoba, shea, safloori ja marula \u00f5lidest.<\/li>\n<li>Niatsiinamiid \u2013 tuntud ka kui B3-vitamiin, mis on t\u00f5hus tugevama ja terve nahabarj\u00e4\u00e4ri loomisel, parandades samal ajal naha tekstuuri.<\/li>\n<li>E-vitamiin \u2013 antioks\u00fcdant, mis v\u00f5itleb vabade radikaalidega, mis on p\u00f5hjustatud igap\u00e4evasest kokkupuutest keskkonnaga.<\/li>\n<\/ul>\n<p>Koostis: Vesi (vesi), kapr\u00fc\u00fcl-\/kapriintrigl\u00fctseriid, gl\u00fctseriin, isoprop\u00fc\u00fclm\u00fcristaat, tsetear\u00fc\u00fclolivaat, niatsiinamiid, sheav\u00f5i gl\u00fctseriidid, sorbitaanolivaat, tsetear\u00fc\u00fclalkohol, vetikaekstrakt, spirulina p\u00fcriekstrakt, laminaria digitata ekstrakt, chondrus marocyspuse kelpi ekstrakt, Ekstrakt, Porphyra Umbilicalis ekstrakt, Simmondsia Chinensis (jojoba) seemne\u00f5li, Carthamus Tinctorius (safloor) seemne\u00f5li, pol\u00fcakr\u00fclaadi ristpol\u00fcmeer-6, sklerocarya birrea seemne\u00f5li, tokoferool, l\u00f5hnaaine (parfum), tetranaatriumsaatamaatdiatsetaat, oratsetaatsetaamaatdiatsetaat Riisi)kliiekstrakt, Helianthus Annuus (p\u00e4evalille) ekstrakt, Rosmarinus Officinalis (rosmariini) lehtede ekstrakt, Camellia Sinensise lehtede ekstrakt, fenoks\u00fcetanool, kapr\u00fcl\u00fc\u00fclgl\u00fckool, naatriumh\u00fcdroksiid, sidrunhape, bens\u00fc\u00fclbensoaat, tsitraal, limoneen, linsool.<\/p>\n<p>&nbsp;<\/p>","protected":false},"excerpt":{"rendered":"<p>Kiiresti imenduv igap\u00e4evane kehakreem, mis on infundeeritud merevetikaekstraktide ja niatsiinamiidiga. Selle s\u00fcgavniisutava kreemi toitvad koostisosad imenduvad kiiresti, j\u00e4ttes naha siidiselt pehmeks. Kreem kaitseb nahka tuule, vee ja p\u00e4ikese kuivatavate m\u00f5jude eest. 206ml L\u00f5hna noodid: Itaalia bergamott, greip, hinoki, vetiver, eukal\u00fcpt, merevaik, apelsini\u00f5is Merevetikaekstraktid ja spirulina \u2013 antioks\u00fcdantiderikkad ookeanitaimed, mis rahustavad ja taastavad \u00e4rritunud nahka, mis [&hellip;]<\/p>\n","protected":false},"featured_media":1844669,"comment_status":"open","ping_status":"closed","template":"","meta":[],"product_brand":[],"product_cat":[690,25],"product_tag":[],"class_list":{"0":"post-1844665","1":"product","2":"type-product","3":"status-publish","4":"has-post-thumbnail","6":"product_cat-kehahooldus","7":"product_cat-kosmeetika","9":"first","10":"outofstock","11":"taxable","12":"shipping-taxable","13":"purchasable","14":"product-type-simple"},"yoast_head":"<!-- This site is optimized with the Yoast SEO plugin v27.3 - https:\/\/yoast.com\/product\/yoast-seo-wordpress\/ -->\n<title>Salt &amp; Stone - kehakreem Bergamont &amp; Hinoki - RUUBY<\/title>\n<meta name=\"robots\" content=\"index, follow, max-snippet:-1, max-image-preview:large, max-video-preview:-1\" \/>\n<link rel=\"canonical\" href=\"https:\/\/ruuby.ee\/en\/pood\/kosmeetika\/kehahooldus\/salt-stone-kehakreem-bergamont-hinoki\/\" \/>\n<meta property=\"og:locale\" content=\"en_GB\" \/>\n<meta property=\"og:type\" content=\"article\" \/>\n<meta property=\"og:title\" content=\"Salt &amp; Stone - kehakreem Bergamont &amp; Hinoki - RUUBY\" \/>\n<meta property=\"og:description\" content=\"Kiiresti imenduv igap\u00e4evane kehakreem, mis on infundeeritud merevetikaekstraktide ja niatsiinamiidiga. Selle s\u00fcgavniisutava kreemi toitvad koostisosad imenduvad kiiresti, j\u00e4ttes naha siidiselt pehmeks. Kreem kaitseb nahka tuule, vee ja p\u00e4ikese kuivatavate m\u00f5jude eest. 206ml L\u00f5hna noodid: Itaalia bergamott, greip, hinoki, vetiver, eukal\u00fcpt, merevaik, apelsini\u00f5is Merevetikaekstraktid ja spirulina \u2013 antioks\u00fcdantiderikkad ookeanitaimed, mis rahustavad ja taastavad \u00e4rritunud nahka, mis [&hellip;]\" \/>\n<meta property=\"og:url\" content=\"https:\/\/ruuby.ee\/en\/pood\/kosmeetika\/kehahooldus\/salt-stone-kehakreem-bergamont-hinoki\/\" \/>\n<meta property=\"og:site_name\" content=\"RUUBY\" \/>\n<meta property=\"article:publisher\" content=\"https:\/\/www.facebook.com\/ruubyconcept\" \/>\n<meta property=\"article:modified_time\" content=\"2026-04-07T22:28:35+00:00\" \/>\n<meta property=\"og:image\" content=\"https:\/\/ruuby.ee\/wp-content\/uploads\/2024\/04\/Screenshot-2024-04-30-at-12.26.45.png\" \/>\n\t<meta property=\"og:image:width\" content=\"1062\" \/>\n\t<meta property=\"og:image:height\" content=\"980\" \/>\n\t<meta property=\"og:image:type\" content=\"image\/png\" \/>\n<meta name=\"twitter:card\" content=\"summary_large_image\" \/>\n<meta name=\"twitter:label1\" content=\"Estimated reading time\" \/>\n\t<meta name=\"twitter:data1\" content=\"2 minutes\" \/>\n<script type=\"application\/ld+json\" class=\"yoast-schema-graph\">{\"@context\":\"https:\\\/\\\/schema.org\",\"@graph\":[{\"@type\":[\"WebPage\",\"ItemPage\"],\"@id\":\"https:\\\/\\\/ruuby.ee\\\/en\\\/pood\\\/kosmeetika\\\/kehahooldus\\\/salt-stone-kehakreem-bergamont-hinoki\\\/\",\"url\":\"https:\\\/\\\/ruuby.ee\\\/en\\\/pood\\\/kosmeetika\\\/kehahooldus\\\/salt-stone-kehakreem-bergamont-hinoki\\\/\",\"name\":\"Salt &amp; Stone - kehakreem Bergamont &amp; Hinoki - RUUBY\",\"isPartOf\":{\"@id\":\"http:\\\/\\\/ruuby.ee\\\/#website\"},\"primaryImageOfPage\":{\"@id\":\"https:\\\/\\\/ruuby.ee\\\/en\\\/pood\\\/kosmeetika\\\/kehahooldus\\\/salt-stone-kehakreem-bergamont-hinoki\\\/#primaryimage\"},\"image\":{\"@id\":\"https:\\\/\\\/ruuby.ee\\\/en\\\/pood\\\/kosmeetika\\\/kehahooldus\\\/salt-stone-kehakreem-bergamont-hinoki\\\/#primaryimage\"},\"thumbnailUrl\":\"https:\\\/\\\/ruuby.ee\\\/wp-content\\\/uploads\\\/2024\\\/04\\\/Screenshot-2024-04-30-at-12.26.45.png\",\"datePublished\":\"2024-04-30T09:31:10+00:00\",\"dateModified\":\"2026-04-07T22:28:35+00:00\",\"breadcrumb\":{\"@id\":\"https:\\\/\\\/ruuby.ee\\\/en\\\/pood\\\/kosmeetika\\\/kehahooldus\\\/salt-stone-kehakreem-bergamont-hinoki\\\/#breadcrumb\"},\"inLanguage\":\"en-GB\",\"potentialAction\":[{\"@type\":\"ReadAction\",\"target\":[\"https:\\\/\\\/ruuby.ee\\\/en\\\/pood\\\/kosmeetika\\\/kehahooldus\\\/salt-stone-kehakreem-bergamont-hinoki\\\/\"]}]},{\"@type\":\"ImageObject\",\"inLanguage\":\"en-GB\",\"@id\":\"https:\\\/\\\/ruuby.ee\\\/en\\\/pood\\\/kosmeetika\\\/kehahooldus\\\/salt-stone-kehakreem-bergamont-hinoki\\\/#primaryimage\",\"url\":\"https:\\\/\\\/ruuby.ee\\\/wp-content\\\/uploads\\\/2024\\\/04\\\/Screenshot-2024-04-30-at-12.26.45.png\",\"contentUrl\":\"https:\\\/\\\/ruuby.ee\\\/wp-content\\\/uploads\\\/2024\\\/04\\\/Screenshot-2024-04-30-at-12.26.45.png\",\"width\":1062,\"height\":980},{\"@type\":\"BreadcrumbList\",\"@id\":\"https:\\\/\\\/ruuby.ee\\\/en\\\/pood\\\/kosmeetika\\\/kehahooldus\\\/salt-stone-kehakreem-bergamont-hinoki\\\/#breadcrumb\",\"itemListElement\":[{\"@type\":\"ListItem\",\"position\":1,\"name\":\"Kdu\",\"item\":\"http:\\\/\\\/ruuby.ee\\\/\"},{\"@type\":\"ListItem\",\"position\":2,\"name\":\"Pood\",\"item\":\"http:\\\/\\\/ruuby.ee\\\/pood\\\/\"},{\"@type\":\"ListItem\",\"position\":3,\"name\":\"Salt &amp; Stone &#8211; kehakreem Bergamont &amp; Hinoki\"}]},{\"@type\":\"WebSite\",\"@id\":\"http:\\\/\\\/ruuby.ee\\\/#website\",\"url\":\"http:\\\/\\\/ruuby.ee\\\/\",\"name\":\"RUUBY\",\"description\":\"Ruubys on \u00fchendatud elustiil ja disain\",\"publisher\":{\"@id\":\"http:\\\/\\\/ruuby.ee\\\/#organization\"},\"alternateName\":\"Ruuby Disain\",\"potentialAction\":[{\"@type\":\"SearchAction\",\"target\":{\"@type\":\"EntryPoint\",\"urlTemplate\":\"http:\\\/\\\/ruuby.ee\\\/?s={search_term_string}\"},\"query-input\":{\"@type\":\"PropertyValueSpecification\",\"valueRequired\":true,\"valueName\":\"search_term_string\"}}],\"inLanguage\":\"en-GB\"},{\"@type\":\"Organization\",\"@id\":\"http:\\\/\\\/ruuby.ee\\\/#organization\",\"name\":\"Ruuby Disain O\u00dc\",\"alternateName\":\"Ruuby\",\"url\":\"http:\\\/\\\/ruuby.ee\\\/\",\"logo\":{\"@type\":\"ImageObject\",\"inLanguage\":\"en-GB\",\"@id\":\"http:\\\/\\\/ruuby.ee\\\/#\\\/schema\\\/logo\\\/image\\\/\",\"url\":\"https:\\\/\\\/ruuby.ee\\\/wp-content\\\/uploads\\\/2023\\\/06\\\/cropped-Black-White-Elegant-Circle-Signature-Fashion-Logo-12_large.png\",\"contentUrl\":\"https:\\\/\\\/ruuby.ee\\\/wp-content\\\/uploads\\\/2023\\\/06\\\/cropped-Black-White-Elegant-Circle-Signature-Fashion-Logo-12_large.png\",\"width\":1280,\"height\":747,\"caption\":\"Ruuby Disain O\u00dc\"},\"image\":{\"@id\":\"http:\\\/\\\/ruuby.ee\\\/#\\\/schema\\\/logo\\\/image\\\/\"},\"sameAs\":[\"https:\\\/\\\/www.facebook.com\\\/ruubyconcept\",\"https:\\\/\\\/www.instagram.com\\\/ruuby_concept\\\/\"]}]}<\/script>\n<!-- \/ Yoast SEO plugin. -->","yoast_head_json":{"title":"Salt &amp; Stone - kehakreem Bergamont &amp; Hinoki - RUUBY","robots":{"index":"index","follow":"follow","max-snippet":"max-snippet:-1","max-image-preview":"max-image-preview:large","max-video-preview":"max-video-preview:-1"},"canonical":"https:\/\/ruuby.ee\/en\/pood\/kosmeetika\/kehahooldus\/salt-stone-kehakreem-bergamont-hinoki\/","og_locale":"en_GB","og_type":"article","og_title":"Salt &amp; Stone - kehakreem Bergamont &amp; Hinoki - RUUBY","og_description":"Kiiresti imenduv igap\u00e4evane kehakreem, mis on infundeeritud merevetikaekstraktide ja niatsiinamiidiga. Selle s\u00fcgavniisutava kreemi toitvad koostisosad imenduvad kiiresti, j\u00e4ttes naha siidiselt pehmeks. Kreem kaitseb nahka tuule, vee ja p\u00e4ikese kuivatavate m\u00f5jude eest. 206ml L\u00f5hna noodid: Itaalia bergamott, greip, hinoki, vetiver, eukal\u00fcpt, merevaik, apelsini\u00f5is Merevetikaekstraktid ja spirulina \u2013 antioks\u00fcdantiderikkad ookeanitaimed, mis rahustavad ja taastavad \u00e4rritunud nahka, mis [&hellip;]","og_url":"https:\/\/ruuby.ee\/en\/pood\/kosmeetika\/kehahooldus\/salt-stone-kehakreem-bergamont-hinoki\/","og_site_name":"RUUBY","article_publisher":"https:\/\/www.facebook.com\/ruubyconcept","article_modified_time":"2026-04-07T22:28:35+00:00","og_image":[{"width":1062,"height":980,"url":"https:\/\/ruuby.ee\/wp-content\/uploads\/2024\/04\/Screenshot-2024-04-30-at-12.26.45.png","type":"image\/png"}],"twitter_card":"summary_large_image","twitter_misc":{"Estimated reading time":"2 minutes"},"schema":{"@context":"https:\/\/schema.org","@graph":[{"@type":["WebPage","ItemPage"],"@id":"https:\/\/ruuby.ee\/en\/pood\/kosmeetika\/kehahooldus\/salt-stone-kehakreem-bergamont-hinoki\/","url":"https:\/\/ruuby.ee\/en\/pood\/kosmeetika\/kehahooldus\/salt-stone-kehakreem-bergamont-hinoki\/","name":"Salt &amp; Stone - kehakreem Bergamont &amp; Hinoki - RUUBY","isPartOf":{"@id":"http:\/\/ruuby.ee\/#website"},"primaryImageOfPage":{"@id":"https:\/\/ruuby.ee\/en\/pood\/kosmeetika\/kehahooldus\/salt-stone-kehakreem-bergamont-hinoki\/#primaryimage"},"image":{"@id":"https:\/\/ruuby.ee\/en\/pood\/kosmeetika\/kehahooldus\/salt-stone-kehakreem-bergamont-hinoki\/#primaryimage"},"thumbnailUrl":"https:\/\/ruuby.ee\/wp-content\/uploads\/2024\/04\/Screenshot-2024-04-30-at-12.26.45.png","datePublished":"2024-04-30T09:31:10+00:00","dateModified":"2026-04-07T22:28:35+00:00","breadcrumb":{"@id":"https:\/\/ruuby.ee\/en\/pood\/kosmeetika\/kehahooldus\/salt-stone-kehakreem-bergamont-hinoki\/#breadcrumb"},"inLanguage":"en-GB","potentialAction":[{"@type":"ReadAction","target":["https:\/\/ruuby.ee\/en\/pood\/kosmeetika\/kehahooldus\/salt-stone-kehakreem-bergamont-hinoki\/"]}]},{"@type":"ImageObject","inLanguage":"en-GB","@id":"https:\/\/ruuby.ee\/en\/pood\/kosmeetika\/kehahooldus\/salt-stone-kehakreem-bergamont-hinoki\/#primaryimage","url":"https:\/\/ruuby.ee\/wp-content\/uploads\/2024\/04\/Screenshot-2024-04-30-at-12.26.45.png","contentUrl":"https:\/\/ruuby.ee\/wp-content\/uploads\/2024\/04\/Screenshot-2024-04-30-at-12.26.45.png","width":1062,"height":980},{"@type":"BreadcrumbList","@id":"https:\/\/ruuby.ee\/en\/pood\/kosmeetika\/kehahooldus\/salt-stone-kehakreem-bergamont-hinoki\/#breadcrumb","itemListElement":[{"@type":"ListItem","position":1,"name":"Kdu","item":"http:\/\/ruuby.ee\/"},{"@type":"ListItem","position":2,"name":"Pood","item":"http:\/\/ruuby.ee\/pood\/"},{"@type":"ListItem","position":3,"name":"Salt &amp; Stone &#8211; kehakreem Bergamont &amp; Hinoki"}]},{"@type":"WebSite","@id":"http:\/\/ruuby.ee\/#website","url":"http:\/\/ruuby.ee\/","name":"RUUBY","description":"Ruubys on \u00fchendatud elustiil ja disain","publisher":{"@id":"http:\/\/ruuby.ee\/#organization"},"alternateName":"Ruuby Disain","potentialAction":[{"@type":"SearchAction","target":{"@type":"EntryPoint","urlTemplate":"http:\/\/ruuby.ee\/?s={search_term_string}"},"query-input":{"@type":"PropertyValueSpecification","valueRequired":true,"valueName":"search_term_string"}}],"inLanguage":"en-GB"},{"@type":"Organization","@id":"http:\/\/ruuby.ee\/#organization","name":"Ruuby Disain O\u00dc","alternateName":"Ruuby","url":"http:\/\/ruuby.ee\/","logo":{"@type":"ImageObject","inLanguage":"en-GB","@id":"http:\/\/ruuby.ee\/#\/schema\/logo\/image\/","url":"https:\/\/ruuby.ee\/wp-content\/uploads\/2023\/06\/cropped-Black-White-Elegant-Circle-Signature-Fashion-Logo-12_large.png","contentUrl":"https:\/\/ruuby.ee\/wp-content\/uploads\/2023\/06\/cropped-Black-White-Elegant-Circle-Signature-Fashion-Logo-12_large.png","width":1280,"height":747,"caption":"Ruuby Disain O\u00dc"},"image":{"@id":"http:\/\/ruuby.ee\/#\/schema\/logo\/image\/"},"sameAs":["https:\/\/www.facebook.com\/ruubyconcept","https:\/\/www.instagram.com\/ruuby_concept\/"]}]}},"jetpack_sharing_enabled":true,"_links":{"self":[{"href":"https:\/\/ruuby.ee\/en\/wp-json\/wp\/v2\/product\/1844665","targetHints":{"allow":["GET"]}}],"collection":[{"href":"https:\/\/ruuby.ee\/en\/wp-json\/wp\/v2\/product"}],"about":[{"href":"https:\/\/ruuby.ee\/en\/wp-json\/wp\/v2\/types\/product"}],"replies":[{"embeddable":true,"href":"https:\/\/ruuby.ee\/en\/wp-json\/wp\/v2\/comments?post=1844665"}],"wp:featuredmedia":[{"embeddable":true,"href":"https:\/\/ruuby.ee\/en\/wp-json\/wp\/v2\/media\/1844669"}],"wp:attachment":[{"href":"https:\/\/ruuby.ee\/en\/wp-json\/wp\/v2\/media?parent=1844665"}],"wp:term":[{"taxonomy":"product_brand","embeddable":true,"href":"https:\/\/ruuby.ee\/en\/wp-json\/wp\/v2\/product_brand?post=1844665"},{"taxonomy":"product_cat","embeddable":true,"href":"https:\/\/ruuby.ee\/en\/wp-json\/wp\/v2\/product_cat?post=1844665"},{"taxonomy":"product_tag","embeddable":true,"href":"https:\/\/ruuby.ee\/en\/wp-json\/wp\/v2\/product_tag?post=1844665"}],"curies":[{"name":"wp","href":"https:\/\/api.w.org\/{rel}","templated":true}]}}