{"id":1844419,"date":"2024-04-17T14:29:09","date_gmt":"2024-04-17T11:29:09","guid":{"rendered":"http:\/\/ruuby.ee\/?post_type=product&#038;p=1844419"},"modified":"2026-04-08T01:28:35","modified_gmt":"2026-04-07T22:28:35","slug":"elensen-silence-duo-konsoollaud","status":"publish","type":"product","link":"https:\/\/ruuby.ee\/en\/pood\/kodusisustus\/moobel\/kapid\/elensen-silence-duo-konsoollaud\/","title":{"rendered":"ELENSEN &#8211; Silence Duo konsoollaud"},"content":{"rendered":"<p>Silence DUO konsoolilaud koosneb nurgelisest terasest alusest ja siledast pinnast, mis sobitub p\u00f5hjaga ideaalselt.<\/p>\n<p>See loob t\u00f5eliselt moodsa v\u00e4limuse, mis t\u00f6\u00f6tab suurep\u00e4raselt erinevates ruumides ja t\u00e4iendab teie kodu sisekujundust.<\/p>\n<p>Sobib suurep\u00e4raselt dekoratsioonide jaoks v\u00f5i majapidamistarvetele jms. vajaliku hoidmiseks.<\/p>\n<p>Veelgi moodsama pinnaruumi ja moodsa disaini puudutuse saamiseks proovige kombineerida Silence&#8217;i konsoolilauda Silence k\u00fclglauaga v\u00f5i Silence&#8217;i kohvilauaga. K\u00f5ik Silence&#8217;i lauad on elegantse musta v\u00e4rvi ja mitmek\u00fclgne disain pakub palju praktilist pinda ja n\u00e4eb lihtsalt vapustav v\u00e4lja igas toas.<\/p>\n<p>M\u00d5\u00d5DUD: pikkus: 90 cm, laius: 25 cm, k\u00f5rgus: 80 cm<br \/>\nMATERJALID: pulberv\u00e4rvitud roostevaba teras<\/p>\n<p>Vajadusel saad lasta toote oma soovitud m\u00f5\u00f5tudega teha. Soovi korral v\u00f5ta \u00fchendust ja saadame sulle hinnapakkumise.<\/p>","protected":false},"excerpt":{"rendered":"<p>Silence DUO konsoolilaud koosneb nurgelisest terasest alusest ja siledast pinnast, mis sobitub p\u00f5hjaga ideaalselt. See loob t\u00f5eliselt moodsa v\u00e4limuse, mis t\u00f6\u00f6tab suurep\u00e4raselt erinevates ruumides ja t\u00e4iendab teie kodu sisekujundust. Sobib suurep\u00e4raselt dekoratsioonide jaoks v\u00f5i majapidamistarvetele jms. vajaliku hoidmiseks. Veelgi moodsama pinnaruumi ja moodsa disaini puudutuse saamiseks proovige kombineerida Silence&#8217;i konsoolilauda Silence k\u00fclglauaga v\u00f5i Silence&#8217;i kohvilauaga. [&hellip;]<\/p>\n","protected":false},"featured_media":1844423,"comment_status":"open","ping_status":"closed","template":"","meta":[],"product_brand":[],"product_cat":[56],"product_tag":[],"class_list":{"0":"post-1844419","1":"product","2":"type-product","3":"status-publish","4":"has-post-thumbnail","6":"product_cat-kapid","8":"first","9":"onbackorder","10":"taxable","11":"shipping-taxable","12":"purchasable","13":"product-type-simple"},"yoast_head":"<!-- This site is optimized with the Yoast SEO plugin v27.3 - https:\/\/yoast.com\/product\/yoast-seo-wordpress\/ -->\n<title>ELENSEN - Silence Duo konsoollaud - RUUBY<\/title>\n<meta name=\"robots\" content=\"index, follow, max-snippet:-1, max-image-preview:large, max-video-preview:-1\" \/>\n<link rel=\"canonical\" href=\"http:\/\/ruuby.ee\/en\/pood\/kodusisustus\/moobel\/kapid\/elensen-silence-duo-konsoollaud\/\" \/>\n<meta property=\"og:locale\" content=\"en_GB\" \/>\n<meta property=\"og:type\" content=\"article\" \/>\n<meta property=\"og:title\" content=\"ELENSEN - Silence Duo konsoollaud - RUUBY\" \/>\n<meta property=\"og:description\" content=\"Silence DUO konsoolilaud koosneb nurgelisest terasest alusest ja siledast pinnast, mis sobitub p\u00f5hjaga ideaalselt. See loob t\u00f5eliselt moodsa v\u00e4limuse, mis t\u00f6\u00f6tab suurep\u00e4raselt erinevates ruumides ja t\u00e4iendab teie kodu sisekujundust. Sobib suurep\u00e4raselt dekoratsioonide jaoks v\u00f5i majapidamistarvetele jms. vajaliku hoidmiseks. Veelgi moodsama pinnaruumi ja moodsa disaini puudutuse saamiseks proovige kombineerida Silence&#8217;i konsoolilauda Silence k\u00fclglauaga v\u00f5i Silence&#8217;i kohvilauaga. [&hellip;]\" \/>\n<meta property=\"og:url\" content=\"http:\/\/ruuby.ee\/en\/pood\/kodusisustus\/moobel\/kapid\/elensen-silence-duo-konsoollaud\/\" \/>\n<meta property=\"og:site_name\" content=\"RUUBY\" \/>\n<meta property=\"article:publisher\" content=\"https:\/\/www.facebook.com\/ruubyconcept\" \/>\n<meta property=\"article:modified_time\" content=\"2026-04-07T22:28:35+00:00\" \/>\n<meta property=\"og:image\" content=\"http:\/\/ruuby.ee\/wp-content\/uploads\/2024\/04\/Screenshot-2024-04-17-at-14.25.50.png\" \/>\n\t<meta property=\"og:image:width\" content=\"1120\" \/>\n\t<meta property=\"og:image:height\" content=\"942\" \/>\n\t<meta property=\"og:image:type\" content=\"image\/png\" \/>\n<meta name=\"twitter:card\" content=\"summary_large_image\" \/>\n<meta name=\"twitter:label1\" content=\"Estimated reading time\" \/>\n\t<meta name=\"twitter:data1\" content=\"1 minute\" \/>\n<script type=\"application\/ld+json\" class=\"yoast-schema-graph\">{\"@context\":\"https:\\\/\\\/schema.org\",\"@graph\":[{\"@type\":[\"WebPage\",\"ItemPage\"],\"@id\":\"http:\\\/\\\/ruuby.ee\\\/pood\\\/kodusisustus\\\/moobel\\\/kapid\\\/elensen-silence-duo-konsoollaud\\\/\",\"url\":\"http:\\\/\\\/ruuby.ee\\\/pood\\\/kodusisustus\\\/moobel\\\/kapid\\\/elensen-silence-duo-konsoollaud\\\/\",\"name\":\"ELENSEN - Silence Duo konsoollaud - RUUBY\",\"isPartOf\":{\"@id\":\"http:\\\/\\\/ruuby.ee\\\/en\\\/#website\"},\"primaryImageOfPage\":{\"@id\":\"http:\\\/\\\/ruuby.ee\\\/pood\\\/kodusisustus\\\/moobel\\\/kapid\\\/elensen-silence-duo-konsoollaud\\\/#primaryimage\"},\"image\":{\"@id\":\"http:\\\/\\\/ruuby.ee\\\/pood\\\/kodusisustus\\\/moobel\\\/kapid\\\/elensen-silence-duo-konsoollaud\\\/#primaryimage\"},\"thumbnailUrl\":\"https:\\\/\\\/ruuby.ee\\\/wp-content\\\/uploads\\\/2024\\\/04\\\/Screenshot-2024-04-17-at-14.25.50.png\",\"datePublished\":\"2024-04-17T11:29:09+00:00\",\"dateModified\":\"2026-04-07T22:28:35+00:00\",\"breadcrumb\":{\"@id\":\"http:\\\/\\\/ruuby.ee\\\/pood\\\/kodusisustus\\\/moobel\\\/kapid\\\/elensen-silence-duo-konsoollaud\\\/#breadcrumb\"},\"inLanguage\":\"en-GB\",\"potentialAction\":[{\"@type\":\"ReadAction\",\"target\":[\"http:\\\/\\\/ruuby.ee\\\/pood\\\/kodusisustus\\\/moobel\\\/kapid\\\/elensen-silence-duo-konsoollaud\\\/\"]}]},{\"@type\":\"ImageObject\",\"inLanguage\":\"en-GB\",\"@id\":\"http:\\\/\\\/ruuby.ee\\\/pood\\\/kodusisustus\\\/moobel\\\/kapid\\\/elensen-silence-duo-konsoollaud\\\/#primaryimage\",\"url\":\"https:\\\/\\\/ruuby.ee\\\/wp-content\\\/uploads\\\/2024\\\/04\\\/Screenshot-2024-04-17-at-14.25.50.png\",\"contentUrl\":\"https:\\\/\\\/ruuby.ee\\\/wp-content\\\/uploads\\\/2024\\\/04\\\/Screenshot-2024-04-17-at-14.25.50.png\",\"width\":1120,\"height\":942},{\"@type\":\"BreadcrumbList\",\"@id\":\"http:\\\/\\\/ruuby.ee\\\/pood\\\/kodusisustus\\\/moobel\\\/kapid\\\/elensen-silence-duo-konsoollaud\\\/#breadcrumb\",\"itemListElement\":[{\"@type\":\"ListItem\",\"position\":1,\"name\":\"Kdu\",\"item\":\"http:\\\/\\\/ruuby.ee\\\/en\\\/\"},{\"@type\":\"ListItem\",\"position\":2,\"name\":\"Pood\",\"item\":\"http:\\\/\\\/ruuby.ee\\\/en\\\/pood\\\/\"},{\"@type\":\"ListItem\",\"position\":3,\"name\":\"ELENSEN &#8211; Silence Duo konsoollaud\"}]},{\"@type\":\"WebSite\",\"@id\":\"http:\\\/\\\/ruuby.ee\\\/en\\\/#website\",\"url\":\"http:\\\/\\\/ruuby.ee\\\/en\\\/\",\"name\":\"RUUBY\",\"description\":\"Ruubys on \u00fchendatud elustiil ja disain\",\"publisher\":{\"@id\":\"http:\\\/\\\/ruuby.ee\\\/en\\\/#organization\"},\"alternateName\":\"Ruuby Disain\",\"potentialAction\":[{\"@type\":\"SearchAction\",\"target\":{\"@type\":\"EntryPoint\",\"urlTemplate\":\"http:\\\/\\\/ruuby.ee\\\/en\\\/?s={search_term_string}\"},\"query-input\":{\"@type\":\"PropertyValueSpecification\",\"valueRequired\":true,\"valueName\":\"search_term_string\"}}],\"inLanguage\":\"en-GB\"},{\"@type\":\"Organization\",\"@id\":\"http:\\\/\\\/ruuby.ee\\\/en\\\/#organization\",\"name\":\"Ruuby Disain O\u00dc\",\"alternateName\":\"Ruuby\",\"url\":\"http:\\\/\\\/ruuby.ee\\\/en\\\/\",\"logo\":{\"@type\":\"ImageObject\",\"inLanguage\":\"en-GB\",\"@id\":\"http:\\\/\\\/ruuby.ee\\\/en\\\/#\\\/schema\\\/logo\\\/image\\\/\",\"url\":\"https:\\\/\\\/ruuby.ee\\\/wp-content\\\/uploads\\\/2023\\\/06\\\/cropped-Black-White-Elegant-Circle-Signature-Fashion-Logo-12_large.png\",\"contentUrl\":\"https:\\\/\\\/ruuby.ee\\\/wp-content\\\/uploads\\\/2023\\\/06\\\/cropped-Black-White-Elegant-Circle-Signature-Fashion-Logo-12_large.png\",\"width\":1280,\"height\":747,\"caption\":\"Ruuby Disain O\u00dc\"},\"image\":{\"@id\":\"http:\\\/\\\/ruuby.ee\\\/en\\\/#\\\/schema\\\/logo\\\/image\\\/\"},\"sameAs\":[\"https:\\\/\\\/www.facebook.com\\\/ruubyconcept\",\"https:\\\/\\\/www.instagram.com\\\/ruuby_concept\\\/\"]}]}<\/script>\n<!-- \/ Yoast SEO plugin. -->","yoast_head_json":{"title":"ELENSEN - Silence Duo konsoollaud - RUUBY","robots":{"index":"index","follow":"follow","max-snippet":"max-snippet:-1","max-image-preview":"max-image-preview:large","max-video-preview":"max-video-preview:-1"},"canonical":"http:\/\/ruuby.ee\/en\/pood\/kodusisustus\/moobel\/kapid\/elensen-silence-duo-konsoollaud\/","og_locale":"en_GB","og_type":"article","og_title":"ELENSEN - Silence Duo konsoollaud - RUUBY","og_description":"Silence DUO konsoolilaud koosneb nurgelisest terasest alusest ja siledast pinnast, mis sobitub p\u00f5hjaga ideaalselt. See loob t\u00f5eliselt moodsa v\u00e4limuse, mis t\u00f6\u00f6tab suurep\u00e4raselt erinevates ruumides ja t\u00e4iendab teie kodu sisekujundust. Sobib suurep\u00e4raselt dekoratsioonide jaoks v\u00f5i majapidamistarvetele jms. vajaliku hoidmiseks. Veelgi moodsama pinnaruumi ja moodsa disaini puudutuse saamiseks proovige kombineerida Silence&#8217;i konsoolilauda Silence k\u00fclglauaga v\u00f5i Silence&#8217;i kohvilauaga. [&hellip;]","og_url":"http:\/\/ruuby.ee\/en\/pood\/kodusisustus\/moobel\/kapid\/elensen-silence-duo-konsoollaud\/","og_site_name":"RUUBY","article_publisher":"https:\/\/www.facebook.com\/ruubyconcept","article_modified_time":"2026-04-07T22:28:35+00:00","og_image":[{"width":1120,"height":942,"url":"http:\/\/ruuby.ee\/wp-content\/uploads\/2024\/04\/Screenshot-2024-04-17-at-14.25.50.png","type":"image\/png"}],"twitter_card":"summary_large_image","twitter_misc":{"Estimated reading time":"1 minute"},"schema":{"@context":"https:\/\/schema.org","@graph":[{"@type":["WebPage","ItemPage"],"@id":"http:\/\/ruuby.ee\/pood\/kodusisustus\/moobel\/kapid\/elensen-silence-duo-konsoollaud\/","url":"http:\/\/ruuby.ee\/pood\/kodusisustus\/moobel\/kapid\/elensen-silence-duo-konsoollaud\/","name":"ELENSEN - Silence Duo konsoollaud - RUUBY","isPartOf":{"@id":"http:\/\/ruuby.ee\/en\/#website"},"primaryImageOfPage":{"@id":"http:\/\/ruuby.ee\/pood\/kodusisustus\/moobel\/kapid\/elensen-silence-duo-konsoollaud\/#primaryimage"},"image":{"@id":"http:\/\/ruuby.ee\/pood\/kodusisustus\/moobel\/kapid\/elensen-silence-duo-konsoollaud\/#primaryimage"},"thumbnailUrl":"https:\/\/ruuby.ee\/wp-content\/uploads\/2024\/04\/Screenshot-2024-04-17-at-14.25.50.png","datePublished":"2024-04-17T11:29:09+00:00","dateModified":"2026-04-07T22:28:35+00:00","breadcrumb":{"@id":"http:\/\/ruuby.ee\/pood\/kodusisustus\/moobel\/kapid\/elensen-silence-duo-konsoollaud\/#breadcrumb"},"inLanguage":"en-GB","potentialAction":[{"@type":"ReadAction","target":["http:\/\/ruuby.ee\/pood\/kodusisustus\/moobel\/kapid\/elensen-silence-duo-konsoollaud\/"]}]},{"@type":"ImageObject","inLanguage":"en-GB","@id":"http:\/\/ruuby.ee\/pood\/kodusisustus\/moobel\/kapid\/elensen-silence-duo-konsoollaud\/#primaryimage","url":"https:\/\/ruuby.ee\/wp-content\/uploads\/2024\/04\/Screenshot-2024-04-17-at-14.25.50.png","contentUrl":"https:\/\/ruuby.ee\/wp-content\/uploads\/2024\/04\/Screenshot-2024-04-17-at-14.25.50.png","width":1120,"height":942},{"@type":"BreadcrumbList","@id":"http:\/\/ruuby.ee\/pood\/kodusisustus\/moobel\/kapid\/elensen-silence-duo-konsoollaud\/#breadcrumb","itemListElement":[{"@type":"ListItem","position":1,"name":"Kdu","item":"http:\/\/ruuby.ee\/en\/"},{"@type":"ListItem","position":2,"name":"Pood","item":"http:\/\/ruuby.ee\/en\/pood\/"},{"@type":"ListItem","position":3,"name":"ELENSEN &#8211; Silence Duo konsoollaud"}]},{"@type":"WebSite","@id":"http:\/\/ruuby.ee\/en\/#website","url":"http:\/\/ruuby.ee\/en\/","name":"RUUBY","description":"Ruubys on \u00fchendatud elustiil ja disain","publisher":{"@id":"http:\/\/ruuby.ee\/en\/#organization"},"alternateName":"Ruuby Disain","potentialAction":[{"@type":"SearchAction","target":{"@type":"EntryPoint","urlTemplate":"http:\/\/ruuby.ee\/en\/?s={search_term_string}"},"query-input":{"@type":"PropertyValueSpecification","valueRequired":true,"valueName":"search_term_string"}}],"inLanguage":"en-GB"},{"@type":"Organization","@id":"http:\/\/ruuby.ee\/en\/#organization","name":"Ruuby Disain O\u00dc","alternateName":"Ruuby","url":"http:\/\/ruuby.ee\/en\/","logo":{"@type":"ImageObject","inLanguage":"en-GB","@id":"http:\/\/ruuby.ee\/en\/#\/schema\/logo\/image\/","url":"https:\/\/ruuby.ee\/wp-content\/uploads\/2023\/06\/cropped-Black-White-Elegant-Circle-Signature-Fashion-Logo-12_large.png","contentUrl":"https:\/\/ruuby.ee\/wp-content\/uploads\/2023\/06\/cropped-Black-White-Elegant-Circle-Signature-Fashion-Logo-12_large.png","width":1280,"height":747,"caption":"Ruuby Disain O\u00dc"},"image":{"@id":"http:\/\/ruuby.ee\/en\/#\/schema\/logo\/image\/"},"sameAs":["https:\/\/www.facebook.com\/ruubyconcept","https:\/\/www.instagram.com\/ruuby_concept\/"]}]}},"jetpack_sharing_enabled":true,"_links":{"self":[{"href":"https:\/\/ruuby.ee\/en\/wp-json\/wp\/v2\/product\/1844419","targetHints":{"allow":["GET"]}}],"collection":[{"href":"https:\/\/ruuby.ee\/en\/wp-json\/wp\/v2\/product"}],"about":[{"href":"https:\/\/ruuby.ee\/en\/wp-json\/wp\/v2\/types\/product"}],"replies":[{"embeddable":true,"href":"https:\/\/ruuby.ee\/en\/wp-json\/wp\/v2\/comments?post=1844419"}],"wp:featuredmedia":[{"embeddable":true,"href":"https:\/\/ruuby.ee\/en\/wp-json\/wp\/v2\/media\/1844423"}],"wp:attachment":[{"href":"https:\/\/ruuby.ee\/en\/wp-json\/wp\/v2\/media?parent=1844419"}],"wp:term":[{"taxonomy":"product_brand","embeddable":true,"href":"https:\/\/ruuby.ee\/en\/wp-json\/wp\/v2\/product_brand?post=1844419"},{"taxonomy":"product_cat","embeddable":true,"href":"https:\/\/ruuby.ee\/en\/wp-json\/wp\/v2\/product_cat?post=1844419"},{"taxonomy":"product_tag","embeddable":true,"href":"https:\/\/ruuby.ee\/en\/wp-json\/wp\/v2\/product_tag?post=1844419"}],"curies":[{"name":"wp","href":"https:\/\/api.w.org\/{rel}","templated":true}]}}