{"id":1844399,"date":"2024-04-16T12:26:39","date_gmt":"2024-04-16T09:26:39","guid":{"rendered":"http:\/\/ruuby.ee\/?post_type=product&#038;p=1844399"},"modified":"2026-04-08T01:28:35","modified_gmt":"2026-04-07T22:28:35","slug":"marcella-max-kinkekarp","status":"publish","type":"product","link":"https:\/\/ruuby.ee\/en\/pood\/joulueri\/joulu-kinkekomplektid\/marcella-max-kinkekarp\/","title":{"rendered":"Marcella &#8211; MAX kinkekarp"},"content":{"rendered":"<p>Ilu ja Elegantsuse absoluutne kingitus.<\/p>\n<p>Avage tee s\u00e4rava naha ja l\u00e4ikivate juusteni meie eksklusiivse kingituskarbiga, mis \u00fchendab luksuse ja enesehoolduse t\u00e4iuslikul moel. R\u00f5\u00f5mustage oma meeli ja hellitage oma l\u00e4hedast parimate iluhooldustoodetega, mille oleme hoolikalt valinud, et t\u00f5sta nende igap\u00e4evast rutiini uuele tasemele.<\/p>\n<p><strong>Karbis sisalduv:<\/strong><\/p>\n<p>Looduslik juuksekasvu stimuleeriv \u00f5li (100 ml): Paljastage tervemate ja tihedamate juuste ilu meie k\u00e4sit\u00f6\u00f6na valminud loodusliku juuksekasvu stimuleeriva \u00f5liga. Hoolikalt segatud parimate looduslike koostisosadega toidab see peanahka ja elustab juukseid juurtest otsteni.<\/p>\n<p><strong>Siidine \u00f6\u00f6m\u00fcts:<\/strong> Esitleme meie luksuslikku siidist \u00f6\u00f6m\u00fctsi, mis on \u00fclim lahendus sinu juuste ja voodipesu kaitsmiseks ning lisab \u00f6isele rutiinile elegantsi. Valmistatud siidisest materjalist, loodud hoidmaks \u00e4ra voodilinade m\u00e4\u00e4rdumist, tagades, et sinu voodipesu p\u00fcsib laitmatu. Selle pehme kangas takistab juuste kuivamist ning hoiab sooja, et juukse\u00f5li toimeained paremini imenduks.<\/p>\n<p><strong>Peanaha masseerija:<\/strong> Lisa naudingut ilurutiini peanaha masseerijaga. Stimuleerides veelgi juuste juuri v\u00f5imendab selle kasutamine juukse\u00f5li toimet. Harja ringjate liigutustega kogu peanaha ulatuses.<\/p>\n<p>See kingitus on ideaalne nendele, kes hindavad sisemist s\u00e4ra ja soovivad tunda end enesehoolduse ja luksuse embuses. See on suurep\u00e4rane kingiidee s\u00f5pradele, kes jagavad teie iluhoolitsuse kirge, teie emale, kelle eest hoolitsemine on teile oluline, v\u00f5i teie l\u00e4hedastele, keda soovite \u00fcllatada ja n\u00e4idata, kui palju te neid armastate. Laske neil avastada t\u00f5elise ilu ja elegantsi saladus meie kingikarbis, mis on t\u00e4is r\u00f5\u00f5mu ja hoolitsust.<\/p>\n<p><em>* Karbis sisaldub musta v\u00e4rvi \u00f6\u00f6m\u00fcts.<\/em><\/p>","protected":false},"excerpt":{"rendered":"<p>Ilu ja Elegantsuse absoluutne kingitus. Avage tee s\u00e4rava naha ja l\u00e4ikivate juusteni meie eksklusiivse kingituskarbiga, mis \u00fchendab luksuse ja enesehoolduse t\u00e4iuslikul moel. R\u00f5\u00f5mustage oma meeli ja hellitage oma l\u00e4hedast parimate iluhooldustoodetega, mille oleme hoolikalt valinud, et t\u00f5sta nende igap\u00e4evast rutiini uuele tasemele. Karbis sisalduv: Looduslik juuksekasvu stimuleeriv \u00f5li (100 ml): Paljastage tervemate ja tihedamate juuste [&hellip;]<\/p>\n","protected":false},"featured_media":1844400,"comment_status":"open","ping_status":"closed","template":"","meta":[],"product_brand":[],"product_cat":[954,685,693,25],"product_tag":[],"class_list":{"0":"post-1844399","1":"product","2":"type-product","3":"status-publish","4":"has-post-thumbnail","6":"product_cat-joulu-kinkekomplektid","7":"product_cat-juuksehooldus","8":"product_cat-kinkekomplektid-kosmeetika","9":"product_cat-kosmeetika","11":"first","12":"outofstock","13":"taxable","14":"shipping-taxable","15":"purchasable","16":"product-type-simple"},"yoast_head":"<!-- This site is optimized with the Yoast SEO plugin v27.3 - https:\/\/yoast.com\/product\/yoast-seo-wordpress\/ -->\n<title>Marcella - MAX kinkekarp - RUUBY<\/title>\n<meta name=\"robots\" content=\"index, follow, max-snippet:-1, max-image-preview:large, max-video-preview:-1\" \/>\n<link rel=\"canonical\" href=\"http:\/\/ruuby.ee\/en\/pood\/joulueri\/joulu-kinkekomplektid\/marcella-max-kinkekarp\/\" \/>\n<meta property=\"og:locale\" content=\"en_GB\" \/>\n<meta property=\"og:type\" content=\"article\" \/>\n<meta property=\"og:title\" content=\"Marcella - MAX kinkekarp - RUUBY\" \/>\n<meta property=\"og:description\" content=\"Ilu ja Elegantsuse absoluutne kingitus. Avage tee s\u00e4rava naha ja l\u00e4ikivate juusteni meie eksklusiivse kingituskarbiga, mis \u00fchendab luksuse ja enesehoolduse t\u00e4iuslikul moel. R\u00f5\u00f5mustage oma meeli ja hellitage oma l\u00e4hedast parimate iluhooldustoodetega, mille oleme hoolikalt valinud, et t\u00f5sta nende igap\u00e4evast rutiini uuele tasemele. Karbis sisalduv: Looduslik juuksekasvu stimuleeriv \u00f5li (100 ml): Paljastage tervemate ja tihedamate juuste [&hellip;]\" \/>\n<meta property=\"og:url\" content=\"http:\/\/ruuby.ee\/en\/pood\/joulueri\/joulu-kinkekomplektid\/marcella-max-kinkekarp\/\" \/>\n<meta property=\"og:site_name\" content=\"RUUBY\" \/>\n<meta property=\"article:publisher\" content=\"https:\/\/www.facebook.com\/ruubyconcept\" \/>\n<meta property=\"article:modified_time\" content=\"2026-04-07T22:28:35+00:00\" \/>\n<meta property=\"og:image\" content=\"http:\/\/ruuby.ee\/wp-content\/uploads\/2024\/04\/Screenshot-2024-04-16-at-12.25.30.png\" \/>\n\t<meta property=\"og:image:width\" content=\"1022\" \/>\n\t<meta property=\"og:image:height\" content=\"1136\" \/>\n\t<meta property=\"og:image:type\" content=\"image\/png\" \/>\n<meta name=\"twitter:card\" content=\"summary_large_image\" \/>\n<meta name=\"twitter:label1\" content=\"Estimated reading time\" \/>\n\t<meta name=\"twitter:data1\" content=\"2 minutes\" \/>\n<script type=\"application\/ld+json\" class=\"yoast-schema-graph\">{\"@context\":\"https:\\\/\\\/schema.org\",\"@graph\":[{\"@type\":[\"WebPage\",\"ItemPage\"],\"@id\":\"http:\\\/\\\/ruuby.ee\\\/pood\\\/joulueri\\\/joulu-kinkekomplektid\\\/marcella-max-kinkekarp\\\/\",\"url\":\"http:\\\/\\\/ruuby.ee\\\/pood\\\/joulueri\\\/joulu-kinkekomplektid\\\/marcella-max-kinkekarp\\\/\",\"name\":\"Marcella - MAX kinkekarp - RUUBY\",\"isPartOf\":{\"@id\":\"http:\\\/\\\/ruuby.ee\\\/en\\\/#website\"},\"primaryImageOfPage\":{\"@id\":\"http:\\\/\\\/ruuby.ee\\\/pood\\\/joulueri\\\/joulu-kinkekomplektid\\\/marcella-max-kinkekarp\\\/#primaryimage\"},\"image\":{\"@id\":\"http:\\\/\\\/ruuby.ee\\\/pood\\\/joulueri\\\/joulu-kinkekomplektid\\\/marcella-max-kinkekarp\\\/#primaryimage\"},\"thumbnailUrl\":\"https:\\\/\\\/ruuby.ee\\\/wp-content\\\/uploads\\\/2024\\\/04\\\/Screenshot-2024-04-16-at-12.25.30.png\",\"datePublished\":\"2024-04-16T09:26:39+00:00\",\"dateModified\":\"2026-04-07T22:28:35+00:00\",\"breadcrumb\":{\"@id\":\"http:\\\/\\\/ruuby.ee\\\/pood\\\/joulueri\\\/joulu-kinkekomplektid\\\/marcella-max-kinkekarp\\\/#breadcrumb\"},\"inLanguage\":\"en-GB\",\"potentialAction\":[{\"@type\":\"ReadAction\",\"target\":[\"http:\\\/\\\/ruuby.ee\\\/pood\\\/joulueri\\\/joulu-kinkekomplektid\\\/marcella-max-kinkekarp\\\/\"]}]},{\"@type\":\"ImageObject\",\"inLanguage\":\"en-GB\",\"@id\":\"http:\\\/\\\/ruuby.ee\\\/pood\\\/joulueri\\\/joulu-kinkekomplektid\\\/marcella-max-kinkekarp\\\/#primaryimage\",\"url\":\"https:\\\/\\\/ruuby.ee\\\/wp-content\\\/uploads\\\/2024\\\/04\\\/Screenshot-2024-04-16-at-12.25.30.png\",\"contentUrl\":\"https:\\\/\\\/ruuby.ee\\\/wp-content\\\/uploads\\\/2024\\\/04\\\/Screenshot-2024-04-16-at-12.25.30.png\",\"width\":1022,\"height\":1136},{\"@type\":\"BreadcrumbList\",\"@id\":\"http:\\\/\\\/ruuby.ee\\\/pood\\\/joulueri\\\/joulu-kinkekomplektid\\\/marcella-max-kinkekarp\\\/#breadcrumb\",\"itemListElement\":[{\"@type\":\"ListItem\",\"position\":1,\"name\":\"Kdu\",\"item\":\"http:\\\/\\\/ruuby.ee\\\/en\\\/\"},{\"@type\":\"ListItem\",\"position\":2,\"name\":\"Pood\",\"item\":\"http:\\\/\\\/ruuby.ee\\\/en\\\/pood\\\/\"},{\"@type\":\"ListItem\",\"position\":3,\"name\":\"Marcella &#8211; MAX kinkekarp\"}]},{\"@type\":\"WebSite\",\"@id\":\"http:\\\/\\\/ruuby.ee\\\/en\\\/#website\",\"url\":\"http:\\\/\\\/ruuby.ee\\\/en\\\/\",\"name\":\"RUUBY\",\"description\":\"Ruubys on \u00fchendatud elustiil ja disain\",\"publisher\":{\"@id\":\"http:\\\/\\\/ruuby.ee\\\/en\\\/#organization\"},\"alternateName\":\"Ruuby Disain\",\"potentialAction\":[{\"@type\":\"SearchAction\",\"target\":{\"@type\":\"EntryPoint\",\"urlTemplate\":\"http:\\\/\\\/ruuby.ee\\\/en\\\/?s={search_term_string}\"},\"query-input\":{\"@type\":\"PropertyValueSpecification\",\"valueRequired\":true,\"valueName\":\"search_term_string\"}}],\"inLanguage\":\"en-GB\"},{\"@type\":\"Organization\",\"@id\":\"http:\\\/\\\/ruuby.ee\\\/en\\\/#organization\",\"name\":\"Ruuby Disain O\u00dc\",\"alternateName\":\"Ruuby\",\"url\":\"http:\\\/\\\/ruuby.ee\\\/en\\\/\",\"logo\":{\"@type\":\"ImageObject\",\"inLanguage\":\"en-GB\",\"@id\":\"http:\\\/\\\/ruuby.ee\\\/en\\\/#\\\/schema\\\/logo\\\/image\\\/\",\"url\":\"https:\\\/\\\/ruuby.ee\\\/wp-content\\\/uploads\\\/2023\\\/06\\\/cropped-Black-White-Elegant-Circle-Signature-Fashion-Logo-12_large.png\",\"contentUrl\":\"https:\\\/\\\/ruuby.ee\\\/wp-content\\\/uploads\\\/2023\\\/06\\\/cropped-Black-White-Elegant-Circle-Signature-Fashion-Logo-12_large.png\",\"width\":1280,\"height\":747,\"caption\":\"Ruuby Disain O\u00dc\"},\"image\":{\"@id\":\"http:\\\/\\\/ruuby.ee\\\/en\\\/#\\\/schema\\\/logo\\\/image\\\/\"},\"sameAs\":[\"https:\\\/\\\/www.facebook.com\\\/ruubyconcept\",\"https:\\\/\\\/www.instagram.com\\\/ruuby_concept\\\/\"]}]}<\/script>\n<!-- \/ Yoast SEO plugin. -->","yoast_head_json":{"title":"Marcella - MAX kinkekarp - RUUBY","robots":{"index":"index","follow":"follow","max-snippet":"max-snippet:-1","max-image-preview":"max-image-preview:large","max-video-preview":"max-video-preview:-1"},"canonical":"http:\/\/ruuby.ee\/en\/pood\/joulueri\/joulu-kinkekomplektid\/marcella-max-kinkekarp\/","og_locale":"en_GB","og_type":"article","og_title":"Marcella - MAX kinkekarp - RUUBY","og_description":"Ilu ja Elegantsuse absoluutne kingitus. Avage tee s\u00e4rava naha ja l\u00e4ikivate juusteni meie eksklusiivse kingituskarbiga, mis \u00fchendab luksuse ja enesehoolduse t\u00e4iuslikul moel. R\u00f5\u00f5mustage oma meeli ja hellitage oma l\u00e4hedast parimate iluhooldustoodetega, mille oleme hoolikalt valinud, et t\u00f5sta nende igap\u00e4evast rutiini uuele tasemele. Karbis sisalduv: Looduslik juuksekasvu stimuleeriv \u00f5li (100 ml): Paljastage tervemate ja tihedamate juuste [&hellip;]","og_url":"http:\/\/ruuby.ee\/en\/pood\/joulueri\/joulu-kinkekomplektid\/marcella-max-kinkekarp\/","og_site_name":"RUUBY","article_publisher":"https:\/\/www.facebook.com\/ruubyconcept","article_modified_time":"2026-04-07T22:28:35+00:00","og_image":[{"width":1022,"height":1136,"url":"http:\/\/ruuby.ee\/wp-content\/uploads\/2024\/04\/Screenshot-2024-04-16-at-12.25.30.png","type":"image\/png"}],"twitter_card":"summary_large_image","twitter_misc":{"Estimated reading time":"2 minutes"},"schema":{"@context":"https:\/\/schema.org","@graph":[{"@type":["WebPage","ItemPage"],"@id":"http:\/\/ruuby.ee\/pood\/joulueri\/joulu-kinkekomplektid\/marcella-max-kinkekarp\/","url":"http:\/\/ruuby.ee\/pood\/joulueri\/joulu-kinkekomplektid\/marcella-max-kinkekarp\/","name":"Marcella - MAX kinkekarp - RUUBY","isPartOf":{"@id":"http:\/\/ruuby.ee\/en\/#website"},"primaryImageOfPage":{"@id":"http:\/\/ruuby.ee\/pood\/joulueri\/joulu-kinkekomplektid\/marcella-max-kinkekarp\/#primaryimage"},"image":{"@id":"http:\/\/ruuby.ee\/pood\/joulueri\/joulu-kinkekomplektid\/marcella-max-kinkekarp\/#primaryimage"},"thumbnailUrl":"https:\/\/ruuby.ee\/wp-content\/uploads\/2024\/04\/Screenshot-2024-04-16-at-12.25.30.png","datePublished":"2024-04-16T09:26:39+00:00","dateModified":"2026-04-07T22:28:35+00:00","breadcrumb":{"@id":"http:\/\/ruuby.ee\/pood\/joulueri\/joulu-kinkekomplektid\/marcella-max-kinkekarp\/#breadcrumb"},"inLanguage":"en-GB","potentialAction":[{"@type":"ReadAction","target":["http:\/\/ruuby.ee\/pood\/joulueri\/joulu-kinkekomplektid\/marcella-max-kinkekarp\/"]}]},{"@type":"ImageObject","inLanguage":"en-GB","@id":"http:\/\/ruuby.ee\/pood\/joulueri\/joulu-kinkekomplektid\/marcella-max-kinkekarp\/#primaryimage","url":"https:\/\/ruuby.ee\/wp-content\/uploads\/2024\/04\/Screenshot-2024-04-16-at-12.25.30.png","contentUrl":"https:\/\/ruuby.ee\/wp-content\/uploads\/2024\/04\/Screenshot-2024-04-16-at-12.25.30.png","width":1022,"height":1136},{"@type":"BreadcrumbList","@id":"http:\/\/ruuby.ee\/pood\/joulueri\/joulu-kinkekomplektid\/marcella-max-kinkekarp\/#breadcrumb","itemListElement":[{"@type":"ListItem","position":1,"name":"Kdu","item":"http:\/\/ruuby.ee\/en\/"},{"@type":"ListItem","position":2,"name":"Pood","item":"http:\/\/ruuby.ee\/en\/pood\/"},{"@type":"ListItem","position":3,"name":"Marcella &#8211; MAX kinkekarp"}]},{"@type":"WebSite","@id":"http:\/\/ruuby.ee\/en\/#website","url":"http:\/\/ruuby.ee\/en\/","name":"RUUBY","description":"Ruubys on \u00fchendatud elustiil ja disain","publisher":{"@id":"http:\/\/ruuby.ee\/en\/#organization"},"alternateName":"Ruuby Disain","potentialAction":[{"@type":"SearchAction","target":{"@type":"EntryPoint","urlTemplate":"http:\/\/ruuby.ee\/en\/?s={search_term_string}"},"query-input":{"@type":"PropertyValueSpecification","valueRequired":true,"valueName":"search_term_string"}}],"inLanguage":"en-GB"},{"@type":"Organization","@id":"http:\/\/ruuby.ee\/en\/#organization","name":"Ruuby Disain O\u00dc","alternateName":"Ruuby","url":"http:\/\/ruuby.ee\/en\/","logo":{"@type":"ImageObject","inLanguage":"en-GB","@id":"http:\/\/ruuby.ee\/en\/#\/schema\/logo\/image\/","url":"https:\/\/ruuby.ee\/wp-content\/uploads\/2023\/06\/cropped-Black-White-Elegant-Circle-Signature-Fashion-Logo-12_large.png","contentUrl":"https:\/\/ruuby.ee\/wp-content\/uploads\/2023\/06\/cropped-Black-White-Elegant-Circle-Signature-Fashion-Logo-12_large.png","width":1280,"height":747,"caption":"Ruuby Disain O\u00dc"},"image":{"@id":"http:\/\/ruuby.ee\/en\/#\/schema\/logo\/image\/"},"sameAs":["https:\/\/www.facebook.com\/ruubyconcept","https:\/\/www.instagram.com\/ruuby_concept\/"]}]}},"jetpack_sharing_enabled":true,"_links":{"self":[{"href":"https:\/\/ruuby.ee\/en\/wp-json\/wp\/v2\/product\/1844399","targetHints":{"allow":["GET"]}}],"collection":[{"href":"https:\/\/ruuby.ee\/en\/wp-json\/wp\/v2\/product"}],"about":[{"href":"https:\/\/ruuby.ee\/en\/wp-json\/wp\/v2\/types\/product"}],"replies":[{"embeddable":true,"href":"https:\/\/ruuby.ee\/en\/wp-json\/wp\/v2\/comments?post=1844399"}],"wp:featuredmedia":[{"embeddable":true,"href":"https:\/\/ruuby.ee\/en\/wp-json\/wp\/v2\/media\/1844400"}],"wp:attachment":[{"href":"https:\/\/ruuby.ee\/en\/wp-json\/wp\/v2\/media?parent=1844399"}],"wp:term":[{"taxonomy":"product_brand","embeddable":true,"href":"https:\/\/ruuby.ee\/en\/wp-json\/wp\/v2\/product_brand?post=1844399"},{"taxonomy":"product_cat","embeddable":true,"href":"https:\/\/ruuby.ee\/en\/wp-json\/wp\/v2\/product_cat?post=1844399"},{"taxonomy":"product_tag","embeddable":true,"href":"https:\/\/ruuby.ee\/en\/wp-json\/wp\/v2\/product_tag?post=1844399"}],"curies":[{"name":"wp","href":"https:\/\/api.w.org\/{rel}","templated":true}]}}