{"id":1844036,"date":"2024-04-04T15:57:54","date_gmt":"2024-04-04T12:57:54","guid":{"rendered":"http:\/\/ruuby.ee\/?post_type=product&#038;p=1844036"},"modified":"2026-04-05T01:25:29","modified_gmt":"2026-04-04T22:25:29","slug":"izipizi-sun-c-golden-green","status":"publish","type":"product","link":"https:\/\/ruuby.ee\/en\/pood\/aksessuaarid\/prillid\/izipizi-sun-c\/izipizi-sun-c-golden-green\/","title":{"rendered":"IZIPIZI p\u00e4ikeseprillid &#8211; Golden Green, C"},"content":{"rendered":"<p>#C SUN GOLDEN GREEN: optimaalne kaitse meie 100% UV, 3. kategooria p\u00e4ikeseprillidega. Oma originaalse ja moeka disaini, painduvate sangade ja kummist tekstuuriga #SUN kollektsioon pakub kvaliteeti, stiili ja kerget mugavust.<\/p>\n<p>#SUN kollektsioon on saadaval hea hinnaklassiga. Nii et miks mitte koguda kokku k\u00f5ik mudelid ja kohandada neid iga p\u00e4ev oma stiili v\u00f5i meeleolu j\u00e4rgi.<\/p>\n<p>P\u00e4ike kiirgab n\u00e4htavaid ja n\u00e4htamatuid elektromagnetlaineid. K\u00f5ige kahjulikumad on UV-kiired, mis j\u00e4\u00e4vad ohtlikuks ka pilves, sest pilved neelavad sellest maksimaalselt 10%. UV-kiirgus kahjustab silmarakke. Aja m\u00f6\u00f6dudes l\u00e4heb uuendamine j\u00e4rjest kehvemini. SUN-prillid pakuvad kohandatud kaitset 100% UV-kategooria 3 l\u00e4\u00e4tsedega, mis kaitsevad pimestamise eest ja filtreerivad 100% ultraviolettkiirte (UV) kiirte eest. Paindlikud ja mugavad vedruhingedega k\u00e4ed, mis kohanduvad iga n\u00e4okuju ja suurusega. #C on valmistatud bioloogiliselt saadud kastoor\u00f5lip\u00f5hisest materjalist, mis on \u00fchtaegu tugev ja kerge.<\/p>\n<p>#SUN p\u00e4ikeseprillid: moodne must-have, mis paneb IZIPIZI kogukonna k\u00f5nelema!<\/p>\n<p>&nbsp;<\/p>\n<p>See mudel vastab Euroopa standarditele retseptita prillide jaoks (NF EN 14139) ja rahvusvahelistele p\u00e4ikeseprillide standarditele (ISO 12312-1).<\/p>","protected":false},"excerpt":{"rendered":"<p>#C SUN GOLDEN GREEN: optimaalne kaitse meie 100% UV, 3. kategooria p\u00e4ikeseprillidega. Oma originaalse ja moeka disaini, painduvate sangade ja kummist tekstuuriga #SUN kollektsioon pakub kvaliteeti, stiili ja kerget mugavust. #SUN kollektsioon on saadaval hea hinnaklassiga. Nii et miks mitte koguda kokku k\u00f5ik mudelid ja kohandada neid iga p\u00e4ev oma stiili v\u00f5i meeleolu j\u00e4rgi. P\u00e4ike [&hellip;]<\/p>\n","protected":false},"featured_media":1844037,"comment_status":"open","ping_status":"closed","template":"","meta":[],"product_brand":[],"product_cat":[1026,1023,61],"product_tag":[],"class_list":{"0":"post-1844036","1":"product","2":"type-product","3":"status-publish","4":"has-post-thumbnail","6":"product_cat-izipizi","7":"product_cat-izipizi-sun-c","8":"product_cat-prillid","10":"first","11":"instock","12":"taxable","13":"shipping-taxable","14":"purchasable","15":"product-type-simple"},"yoast_head":"<!-- This site is optimized with the Yoast SEO plugin v27.2 - https:\/\/yoast.com\/product\/yoast-seo-wordpress\/ -->\n<title>IZIPIZI p\u00e4ikeseprillid - Golden Green, C - RUUBY<\/title>\n<meta name=\"robots\" content=\"index, follow, max-snippet:-1, max-image-preview:large, max-video-preview:-1\" \/>\n<link rel=\"canonical\" href=\"http:\/\/ruuby.ee\/en\/pood\/aksessuaarid\/prillid\/izipizi-sun-c\/izipizi-sun-c-golden-green\/\" \/>\n<meta property=\"og:locale\" content=\"en_GB\" \/>\n<meta property=\"og:type\" content=\"article\" \/>\n<meta property=\"og:title\" content=\"IZIPIZI p\u00e4ikeseprillid - Golden Green, C - RUUBY\" \/>\n<meta property=\"og:description\" content=\"#C SUN GOLDEN GREEN: optimaalne kaitse meie 100% UV, 3. kategooria p\u00e4ikeseprillidega. Oma originaalse ja moeka disaini, painduvate sangade ja kummist tekstuuriga #SUN kollektsioon pakub kvaliteeti, stiili ja kerget mugavust. #SUN kollektsioon on saadaval hea hinnaklassiga. Nii et miks mitte koguda kokku k\u00f5ik mudelid ja kohandada neid iga p\u00e4ev oma stiili v\u00f5i meeleolu j\u00e4rgi. P\u00e4ike [&hellip;]\" \/>\n<meta property=\"og:url\" content=\"http:\/\/ruuby.ee\/en\/pood\/aksessuaarid\/prillid\/izipizi-sun-c\/izipizi-sun-c-golden-green\/\" \/>\n<meta property=\"og:site_name\" content=\"RUUBY\" \/>\n<meta property=\"article:publisher\" content=\"https:\/\/www.facebook.com\/ruubyconcept\" \/>\n<meta property=\"article:modified_time\" content=\"2026-04-04T22:25:29+00:00\" \/>\n<meta property=\"og:image\" content=\"http:\/\/ruuby.ee\/wp-content\/uploads\/2024\/04\/Screenshot-2024-04-04-at-15.59.23.png\" \/>\n\t<meta property=\"og:image:width\" content=\"954\" \/>\n\t<meta property=\"og:image:height\" content=\"740\" \/>\n\t<meta property=\"og:image:type\" content=\"image\/png\" \/>\n<meta name=\"twitter:card\" content=\"summary_large_image\" \/>\n<meta name=\"twitter:label1\" content=\"Estimated reading time\" \/>\n\t<meta name=\"twitter:data1\" content=\"2 minutes\" \/>\n<script type=\"application\/ld+json\" class=\"yoast-schema-graph\">{\"@context\":\"https:\/\/schema.org\",\"@graph\":[{\"@type\":[\"WebPage\",\"ItemPage\"],\"@id\":\"http:\/\/ruuby.ee\/pood\/aksessuaarid\/prillid\/izipizi-sun-c\/izipizi-sun-c-golden-green\/\",\"url\":\"http:\/\/ruuby.ee\/pood\/aksessuaarid\/prillid\/izipizi-sun-c\/izipizi-sun-c-golden-green\/\",\"name\":\"IZIPIZI p\u00e4ikeseprillid - Golden Green, C - RUUBY\",\"isPartOf\":{\"@id\":\"http:\/\/ruuby.ee\/#website\"},\"primaryImageOfPage\":{\"@id\":\"http:\/\/ruuby.ee\/pood\/aksessuaarid\/prillid\/izipizi-sun-c\/izipizi-sun-c-golden-green\/#primaryimage\"},\"image\":{\"@id\":\"http:\/\/ruuby.ee\/pood\/aksessuaarid\/prillid\/izipizi-sun-c\/izipizi-sun-c-golden-green\/#primaryimage\"},\"thumbnailUrl\":\"https:\/\/ruuby.ee\/wp-content\/uploads\/2024\/04\/Screenshot-2024-04-04-at-15.59.23.png\",\"datePublished\":\"2024-04-04T12:57:54+00:00\",\"dateModified\":\"2026-04-04T22:25:29+00:00\",\"breadcrumb\":{\"@id\":\"http:\/\/ruuby.ee\/pood\/aksessuaarid\/prillid\/izipizi-sun-c\/izipizi-sun-c-golden-green\/#breadcrumb\"},\"inLanguage\":\"en-GB\",\"potentialAction\":[{\"@type\":\"ReadAction\",\"target\":[\"http:\/\/ruuby.ee\/pood\/aksessuaarid\/prillid\/izipizi-sun-c\/izipizi-sun-c-golden-green\/\"]}]},{\"@type\":\"ImageObject\",\"inLanguage\":\"en-GB\",\"@id\":\"http:\/\/ruuby.ee\/pood\/aksessuaarid\/prillid\/izipizi-sun-c\/izipizi-sun-c-golden-green\/#primaryimage\",\"url\":\"https:\/\/ruuby.ee\/wp-content\/uploads\/2024\/04\/Screenshot-2024-04-04-at-15.59.23.png\",\"contentUrl\":\"https:\/\/ruuby.ee\/wp-content\/uploads\/2024\/04\/Screenshot-2024-04-04-at-15.59.23.png\",\"width\":954,\"height\":740},{\"@type\":\"BreadcrumbList\",\"@id\":\"http:\/\/ruuby.ee\/pood\/aksessuaarid\/prillid\/izipizi-sun-c\/izipizi-sun-c-golden-green\/#breadcrumb\",\"itemListElement\":[{\"@type\":\"ListItem\",\"position\":1,\"name\":\"Kdu\",\"item\":\"http:\/\/ruuby.ee\/\"},{\"@type\":\"ListItem\",\"position\":2,\"name\":\"Pood\",\"item\":\"https:\/\/ruuby.ee\/en\/pood\/\"},{\"@type\":\"ListItem\",\"position\":3,\"name\":\"IZIPIZI p\u00e4ikeseprillid &#8211; Golden Green, C\"}]},{\"@type\":\"WebSite\",\"@id\":\"http:\/\/ruuby.ee\/#website\",\"url\":\"http:\/\/ruuby.ee\/\",\"name\":\"RUUBY\",\"description\":\"Ruubys on \u00fchendatud elustiil ja disain\",\"publisher\":{\"@id\":\"http:\/\/ruuby.ee\/#organization\"},\"alternateName\":\"Ruuby Disain\",\"potentialAction\":[{\"@type\":\"SearchAction\",\"target\":{\"@type\":\"EntryPoint\",\"urlTemplate\":\"http:\/\/ruuby.ee\/?s={search_term_string}\"},\"query-input\":{\"@type\":\"PropertyValueSpecification\",\"valueRequired\":true,\"valueName\":\"search_term_string\"}}],\"inLanguage\":\"en-GB\"},{\"@type\":\"Organization\",\"@id\":\"http:\/\/ruuby.ee\/#organization\",\"name\":\"Ruuby Disain O\u00dc\",\"alternateName\":\"Ruuby\",\"url\":\"http:\/\/ruuby.ee\/\",\"logo\":{\"@type\":\"ImageObject\",\"inLanguage\":\"en-GB\",\"@id\":\"http:\/\/ruuby.ee\/#\/schema\/logo\/image\/\",\"url\":\"https:\/\/ruuby.ee\/wp-content\/uploads\/2023\/06\/cropped-Black-White-Elegant-Circle-Signature-Fashion-Logo-12_large.png\",\"contentUrl\":\"https:\/\/ruuby.ee\/wp-content\/uploads\/2023\/06\/cropped-Black-White-Elegant-Circle-Signature-Fashion-Logo-12_large.png\",\"width\":1280,\"height\":747,\"caption\":\"Ruuby Disain O\u00dc\"},\"image\":{\"@id\":\"http:\/\/ruuby.ee\/#\/schema\/logo\/image\/\"},\"sameAs\":[\"https:\/\/www.facebook.com\/ruubyconcept\",\"https:\/\/www.instagram.com\/ruuby_concept\/\"]}]}<\/script>\n<!-- \/ Yoast SEO plugin. -->","yoast_head_json":{"title":"IZIPIZI p\u00e4ikeseprillid - Golden Green, C - RUUBY","robots":{"index":"index","follow":"follow","max-snippet":"max-snippet:-1","max-image-preview":"max-image-preview:large","max-video-preview":"max-video-preview:-1"},"canonical":"http:\/\/ruuby.ee\/en\/pood\/aksessuaarid\/prillid\/izipizi-sun-c\/izipizi-sun-c-golden-green\/","og_locale":"en_GB","og_type":"article","og_title":"IZIPIZI p\u00e4ikeseprillid - Golden Green, C - RUUBY","og_description":"#C SUN GOLDEN GREEN: optimaalne kaitse meie 100% UV, 3. kategooria p\u00e4ikeseprillidega. Oma originaalse ja moeka disaini, painduvate sangade ja kummist tekstuuriga #SUN kollektsioon pakub kvaliteeti, stiili ja kerget mugavust. #SUN kollektsioon on saadaval hea hinnaklassiga. Nii et miks mitte koguda kokku k\u00f5ik mudelid ja kohandada neid iga p\u00e4ev oma stiili v\u00f5i meeleolu j\u00e4rgi. P\u00e4ike [&hellip;]","og_url":"http:\/\/ruuby.ee\/en\/pood\/aksessuaarid\/prillid\/izipizi-sun-c\/izipizi-sun-c-golden-green\/","og_site_name":"RUUBY","article_publisher":"https:\/\/www.facebook.com\/ruubyconcept","article_modified_time":"2026-04-04T22:25:29+00:00","og_image":[{"width":954,"height":740,"url":"http:\/\/ruuby.ee\/wp-content\/uploads\/2024\/04\/Screenshot-2024-04-04-at-15.59.23.png","type":"image\/png"}],"twitter_card":"summary_large_image","twitter_misc":{"Estimated reading time":"2 minutes"},"schema":{"@context":"https:\/\/schema.org","@graph":[{"@type":["WebPage","ItemPage"],"@id":"http:\/\/ruuby.ee\/pood\/aksessuaarid\/prillid\/izipizi-sun-c\/izipizi-sun-c-golden-green\/","url":"http:\/\/ruuby.ee\/pood\/aksessuaarid\/prillid\/izipizi-sun-c\/izipizi-sun-c-golden-green\/","name":"IZIPIZI p\u00e4ikeseprillid - Golden Green, C - RUUBY","isPartOf":{"@id":"http:\/\/ruuby.ee\/#website"},"primaryImageOfPage":{"@id":"http:\/\/ruuby.ee\/pood\/aksessuaarid\/prillid\/izipizi-sun-c\/izipizi-sun-c-golden-green\/#primaryimage"},"image":{"@id":"http:\/\/ruuby.ee\/pood\/aksessuaarid\/prillid\/izipizi-sun-c\/izipizi-sun-c-golden-green\/#primaryimage"},"thumbnailUrl":"https:\/\/ruuby.ee\/wp-content\/uploads\/2024\/04\/Screenshot-2024-04-04-at-15.59.23.png","datePublished":"2024-04-04T12:57:54+00:00","dateModified":"2026-04-04T22:25:29+00:00","breadcrumb":{"@id":"http:\/\/ruuby.ee\/pood\/aksessuaarid\/prillid\/izipizi-sun-c\/izipizi-sun-c-golden-green\/#breadcrumb"},"inLanguage":"en-GB","potentialAction":[{"@type":"ReadAction","target":["http:\/\/ruuby.ee\/pood\/aksessuaarid\/prillid\/izipizi-sun-c\/izipizi-sun-c-golden-green\/"]}]},{"@type":"ImageObject","inLanguage":"en-GB","@id":"http:\/\/ruuby.ee\/pood\/aksessuaarid\/prillid\/izipizi-sun-c\/izipizi-sun-c-golden-green\/#primaryimage","url":"https:\/\/ruuby.ee\/wp-content\/uploads\/2024\/04\/Screenshot-2024-04-04-at-15.59.23.png","contentUrl":"https:\/\/ruuby.ee\/wp-content\/uploads\/2024\/04\/Screenshot-2024-04-04-at-15.59.23.png","width":954,"height":740},{"@type":"BreadcrumbList","@id":"http:\/\/ruuby.ee\/pood\/aksessuaarid\/prillid\/izipizi-sun-c\/izipizi-sun-c-golden-green\/#breadcrumb","itemListElement":[{"@type":"ListItem","position":1,"name":"Kdu","item":"http:\/\/ruuby.ee\/"},{"@type":"ListItem","position":2,"name":"Pood","item":"https:\/\/ruuby.ee\/en\/pood\/"},{"@type":"ListItem","position":3,"name":"IZIPIZI p\u00e4ikeseprillid &#8211; Golden Green, C"}]},{"@type":"WebSite","@id":"http:\/\/ruuby.ee\/#website","url":"http:\/\/ruuby.ee\/","name":"RUUBY","description":"Ruubys on \u00fchendatud elustiil ja disain","publisher":{"@id":"http:\/\/ruuby.ee\/#organization"},"alternateName":"Ruuby Disain","potentialAction":[{"@type":"SearchAction","target":{"@type":"EntryPoint","urlTemplate":"http:\/\/ruuby.ee\/?s={search_term_string}"},"query-input":{"@type":"PropertyValueSpecification","valueRequired":true,"valueName":"search_term_string"}}],"inLanguage":"en-GB"},{"@type":"Organization","@id":"http:\/\/ruuby.ee\/#organization","name":"Ruuby Disain O\u00dc","alternateName":"Ruuby","url":"http:\/\/ruuby.ee\/","logo":{"@type":"ImageObject","inLanguage":"en-GB","@id":"http:\/\/ruuby.ee\/#\/schema\/logo\/image\/","url":"https:\/\/ruuby.ee\/wp-content\/uploads\/2023\/06\/cropped-Black-White-Elegant-Circle-Signature-Fashion-Logo-12_large.png","contentUrl":"https:\/\/ruuby.ee\/wp-content\/uploads\/2023\/06\/cropped-Black-White-Elegant-Circle-Signature-Fashion-Logo-12_large.png","width":1280,"height":747,"caption":"Ruuby Disain O\u00dc"},"image":{"@id":"http:\/\/ruuby.ee\/#\/schema\/logo\/image\/"},"sameAs":["https:\/\/www.facebook.com\/ruubyconcept","https:\/\/www.instagram.com\/ruuby_concept\/"]}]}},"jetpack_sharing_enabled":true,"_links":{"self":[{"href":"https:\/\/ruuby.ee\/en\/wp-json\/wp\/v2\/product\/1844036","targetHints":{"allow":["GET"]}}],"collection":[{"href":"https:\/\/ruuby.ee\/en\/wp-json\/wp\/v2\/product"}],"about":[{"href":"https:\/\/ruuby.ee\/en\/wp-json\/wp\/v2\/types\/product"}],"replies":[{"embeddable":true,"href":"https:\/\/ruuby.ee\/en\/wp-json\/wp\/v2\/comments?post=1844036"}],"wp:featuredmedia":[{"embeddable":true,"href":"https:\/\/ruuby.ee\/en\/wp-json\/wp\/v2\/media\/1844037"}],"wp:attachment":[{"href":"https:\/\/ruuby.ee\/en\/wp-json\/wp\/v2\/media?parent=1844036"}],"wp:term":[{"taxonomy":"product_brand","embeddable":true,"href":"https:\/\/ruuby.ee\/en\/wp-json\/wp\/v2\/product_brand?post=1844036"},{"taxonomy":"product_cat","embeddable":true,"href":"https:\/\/ruuby.ee\/en\/wp-json\/wp\/v2\/product_cat?post=1844036"},{"taxonomy":"product_tag","embeddable":true,"href":"https:\/\/ruuby.ee\/en\/wp-json\/wp\/v2\/product_tag?post=1844036"}],"curies":[{"name":"wp","href":"https:\/\/api.w.org\/{rel}","templated":true}]}}