{"id":1843699,"date":"2024-03-13T14:52:13","date_gmt":"2024-03-13T12:52:13","guid":{"rendered":"http:\/\/ruuby.ee\/?post_type=product&#038;p=1843699"},"modified":"2026-04-05T01:25:30","modified_gmt":"2026-04-04T22:25:30","slug":"wouf-telefonikott-leopard","status":"publish","type":"product","link":"https:\/\/ruuby.ee\/en\/pood\/aksessuaarid\/kotid\/wouf-telefonikott-leopard\/","title":{"rendered":"WOUF &#8211; Telefonikott, Leopard"},"content":{"rendered":"<p>100% taaskasutatud kangast valmistatud Leopard crossbody telefonikott hoiab teie telefoni ja muid olulisi asju k\u00e4ep\u00e4rast.<\/p>\n<p>Sellel v\u00e4ikesel kotil on vetth\u00fclgav viimistlus ja reguleeritav rihm, mida saab kanda risti \u00fcle keha, ning sellel on kolm taskut:<\/p>\n<ol>\n<li>lukuga p\u00f5hitasku<\/li>\n<li>lukuga eesmine tasku<\/li>\n<li>lahtine tagatasku.<\/li>\n<\/ol>\n<p>Meie ikoonilise Daily kollektsiooni osana Leopardi telefonikott sulandub sujuvalt teie igap\u00e4evasesse rutiini liikvel olles.<\/p>\n<p>M\u00f5\u00f5dud: 10,5 x 18 x 2 cm<br \/>\nReguleeritav rihma pikkus: 70 cm<\/p>\n<p>100% taaskasutatud kangas tarbimisj\u00e4rgsetest plastpudelitest.<br \/>\n3 mm biop\u00f5hised ja kaitsvad vahud m\u00f5lemal k\u00fcljel.<br \/>\nReguleeritav taaskasutatud n\u00f6\u00f6r nahast pandlaga ja metallist otstega.<br \/>\nVett h\u00fclgav viimistlus.<br \/>\nTaaskasutatud nahast etikett.<br \/>\nTaaskasutatud nahast t\u00f5mmits.<br \/>\nYKK t\u00f5mblukk taaskasutatud pol\u00fcester k\u00fclgedega.<br \/>\nTr\u00fckitud Oeko-Tex\u00ae sertifikaadiga tintidega.<\/p>\n<p>Hooldusjuhised: K\u00e4sitsi pesta k\u00fclmas vees neutraalse seebiga.<\/p>\n<p>Valmistatud Hispaanias.<\/p>","protected":false},"excerpt":{"rendered":"<p>100% taaskasutatud kangast valmistatud Leopard crossbody telefonikott hoiab teie telefoni ja muid olulisi asju k\u00e4ep\u00e4rast. Sellel v\u00e4ikesel kotil on vetth\u00fclgav viimistlus ja reguleeritav rihm, mida saab kanda risti \u00fcle keha, ning sellel on kolm taskut: lukuga p\u00f5hitasku lukuga eesmine tasku lahtine tagatasku. Meie ikoonilise Daily kollektsiooni osana Leopardi telefonikott sulandub sujuvalt teie igap\u00e4evasesse rutiini liikvel [&hellip;]<\/p>\n","protected":false},"featured_media":1843702,"comment_status":"open","ping_status":"closed","template":"","meta":[],"product_brand":[],"product_cat":[33,671],"product_tag":[],"class_list":{"0":"post-1843699","1":"product","2":"type-product","3":"status-publish","4":"has-post-thumbnail","6":"product_cat-kotid","7":"product_cat-telefonikott","9":"first","10":"instock","11":"taxable","12":"shipping-taxable","13":"purchasable","14":"product-type-simple"},"yoast_head":"<!-- This site is optimized with the Yoast SEO plugin v27.2 - https:\/\/yoast.com\/product\/yoast-seo-wordpress\/ -->\n<title>WOUF - Telefonikott, Leopard - RUUBY<\/title>\n<meta name=\"robots\" content=\"index, follow, max-snippet:-1, max-image-preview:large, max-video-preview:-1\" \/>\n<link rel=\"canonical\" href=\"https:\/\/ruuby.ee\/en\/pood\/aksessuaarid\/kotid\/wouf-telefonikott-leopard\/\" \/>\n<meta property=\"og:locale\" content=\"en_GB\" \/>\n<meta property=\"og:type\" content=\"article\" \/>\n<meta property=\"og:title\" content=\"WOUF - Telefonikott, Leopard - RUUBY\" \/>\n<meta property=\"og:description\" content=\"100% taaskasutatud kangast valmistatud Leopard crossbody telefonikott hoiab teie telefoni ja muid olulisi asju k\u00e4ep\u00e4rast. Sellel v\u00e4ikesel kotil on vetth\u00fclgav viimistlus ja reguleeritav rihm, mida saab kanda risti \u00fcle keha, ning sellel on kolm taskut: lukuga p\u00f5hitasku lukuga eesmine tasku lahtine tagatasku. Meie ikoonilise Daily kollektsiooni osana Leopardi telefonikott sulandub sujuvalt teie igap\u00e4evasesse rutiini liikvel [&hellip;]\" \/>\n<meta property=\"og:url\" content=\"https:\/\/ruuby.ee\/en\/pood\/aksessuaarid\/kotid\/wouf-telefonikott-leopard\/\" \/>\n<meta property=\"og:site_name\" content=\"RUUBY\" \/>\n<meta property=\"article:publisher\" content=\"https:\/\/www.facebook.com\/ruubyconcept\" \/>\n<meta property=\"article:modified_time\" content=\"2026-04-04T22:25:30+00:00\" \/>\n<meta property=\"og:image\" content=\"https:\/\/ruuby.ee\/wp-content\/uploads\/2024\/03\/Screenshot-2024-03-13-at-14.48.58.png\" \/>\n\t<meta property=\"og:image:width\" content=\"1122\" \/>\n\t<meta property=\"og:image:height\" content=\"1376\" \/>\n\t<meta property=\"og:image:type\" content=\"image\/png\" \/>\n<meta name=\"twitter:card\" content=\"summary_large_image\" \/>\n<meta name=\"twitter:label1\" content=\"Estimated reading time\" \/>\n\t<meta name=\"twitter:data1\" content=\"1 minute\" \/>\n<script type=\"application\/ld+json\" class=\"yoast-schema-graph\">{\"@context\":\"https:\/\/schema.org\",\"@graph\":[{\"@type\":[\"WebPage\",\"ItemPage\"],\"@id\":\"https:\/\/ruuby.ee\/pood\/aksessuaarid\/kotid\/wouf-telefonikott-leopard\/\",\"url\":\"https:\/\/ruuby.ee\/pood\/aksessuaarid\/kotid\/wouf-telefonikott-leopard\/\",\"name\":\"WOUF - Telefonikott, Leopard - RUUBY\",\"isPartOf\":{\"@id\":\"http:\/\/ruuby.ee\/#website\"},\"primaryImageOfPage\":{\"@id\":\"https:\/\/ruuby.ee\/pood\/aksessuaarid\/kotid\/wouf-telefonikott-leopard\/#primaryimage\"},\"image\":{\"@id\":\"https:\/\/ruuby.ee\/pood\/aksessuaarid\/kotid\/wouf-telefonikott-leopard\/#primaryimage\"},\"thumbnailUrl\":\"https:\/\/ruuby.ee\/wp-content\/uploads\/2024\/03\/Screenshot-2024-03-13-at-14.48.58.png\",\"datePublished\":\"2024-03-13T12:52:13+00:00\",\"dateModified\":\"2026-04-04T22:25:30+00:00\",\"breadcrumb\":{\"@id\":\"https:\/\/ruuby.ee\/pood\/aksessuaarid\/kotid\/wouf-telefonikott-leopard\/#breadcrumb\"},\"inLanguage\":\"en-GB\",\"potentialAction\":[{\"@type\":\"ReadAction\",\"target\":[\"https:\/\/ruuby.ee\/pood\/aksessuaarid\/kotid\/wouf-telefonikott-leopard\/\"]}]},{\"@type\":\"ImageObject\",\"inLanguage\":\"en-GB\",\"@id\":\"https:\/\/ruuby.ee\/pood\/aksessuaarid\/kotid\/wouf-telefonikott-leopard\/#primaryimage\",\"url\":\"https:\/\/ruuby.ee\/wp-content\/uploads\/2024\/03\/Screenshot-2024-03-13-at-14.48.58.png\",\"contentUrl\":\"https:\/\/ruuby.ee\/wp-content\/uploads\/2024\/03\/Screenshot-2024-03-13-at-14.48.58.png\",\"width\":1122,\"height\":1376},{\"@type\":\"BreadcrumbList\",\"@id\":\"https:\/\/ruuby.ee\/pood\/aksessuaarid\/kotid\/wouf-telefonikott-leopard\/#breadcrumb\",\"itemListElement\":[{\"@type\":\"ListItem\",\"position\":1,\"name\":\"Kdu\",\"item\":\"http:\/\/ruuby.ee\/\"},{\"@type\":\"ListItem\",\"position\":2,\"name\":\"Pood\",\"item\":\"https:\/\/ruuby.ee\/en\/pood\/\"},{\"@type\":\"ListItem\",\"position\":3,\"name\":\"WOUF &#8211; Telefonikott, Leopard\"}]},{\"@type\":\"WebSite\",\"@id\":\"http:\/\/ruuby.ee\/#website\",\"url\":\"http:\/\/ruuby.ee\/\",\"name\":\"RUUBY\",\"description\":\"Ruubys on \u00fchendatud elustiil ja disain\",\"publisher\":{\"@id\":\"http:\/\/ruuby.ee\/#organization\"},\"alternateName\":\"Ruuby Disain\",\"potentialAction\":[{\"@type\":\"SearchAction\",\"target\":{\"@type\":\"EntryPoint\",\"urlTemplate\":\"http:\/\/ruuby.ee\/?s={search_term_string}\"},\"query-input\":{\"@type\":\"PropertyValueSpecification\",\"valueRequired\":true,\"valueName\":\"search_term_string\"}}],\"inLanguage\":\"en-GB\"},{\"@type\":\"Organization\",\"@id\":\"http:\/\/ruuby.ee\/#organization\",\"name\":\"Ruuby Disain O\u00dc\",\"alternateName\":\"Ruuby\",\"url\":\"http:\/\/ruuby.ee\/\",\"logo\":{\"@type\":\"ImageObject\",\"inLanguage\":\"en-GB\",\"@id\":\"http:\/\/ruuby.ee\/#\/schema\/logo\/image\/\",\"url\":\"https:\/\/ruuby.ee\/wp-content\/uploads\/2023\/06\/cropped-Black-White-Elegant-Circle-Signature-Fashion-Logo-12_large.png\",\"contentUrl\":\"https:\/\/ruuby.ee\/wp-content\/uploads\/2023\/06\/cropped-Black-White-Elegant-Circle-Signature-Fashion-Logo-12_large.png\",\"width\":1280,\"height\":747,\"caption\":\"Ruuby Disain O\u00dc\"},\"image\":{\"@id\":\"http:\/\/ruuby.ee\/#\/schema\/logo\/image\/\"},\"sameAs\":[\"https:\/\/www.facebook.com\/ruubyconcept\",\"https:\/\/www.instagram.com\/ruuby_concept\/\"]}]}<\/script>\n<!-- \/ Yoast SEO plugin. -->","yoast_head_json":{"title":"WOUF - Telefonikott, Leopard - RUUBY","robots":{"index":"index","follow":"follow","max-snippet":"max-snippet:-1","max-image-preview":"max-image-preview:large","max-video-preview":"max-video-preview:-1"},"canonical":"https:\/\/ruuby.ee\/en\/pood\/aksessuaarid\/kotid\/wouf-telefonikott-leopard\/","og_locale":"en_GB","og_type":"article","og_title":"WOUF - Telefonikott, Leopard - RUUBY","og_description":"100% taaskasutatud kangast valmistatud Leopard crossbody telefonikott hoiab teie telefoni ja muid olulisi asju k\u00e4ep\u00e4rast. Sellel v\u00e4ikesel kotil on vetth\u00fclgav viimistlus ja reguleeritav rihm, mida saab kanda risti \u00fcle keha, ning sellel on kolm taskut: lukuga p\u00f5hitasku lukuga eesmine tasku lahtine tagatasku. Meie ikoonilise Daily kollektsiooni osana Leopardi telefonikott sulandub sujuvalt teie igap\u00e4evasesse rutiini liikvel [&hellip;]","og_url":"https:\/\/ruuby.ee\/en\/pood\/aksessuaarid\/kotid\/wouf-telefonikott-leopard\/","og_site_name":"RUUBY","article_publisher":"https:\/\/www.facebook.com\/ruubyconcept","article_modified_time":"2026-04-04T22:25:30+00:00","og_image":[{"width":1122,"height":1376,"url":"https:\/\/ruuby.ee\/wp-content\/uploads\/2024\/03\/Screenshot-2024-03-13-at-14.48.58.png","type":"image\/png"}],"twitter_card":"summary_large_image","twitter_misc":{"Estimated reading time":"1 minute"},"schema":{"@context":"https:\/\/schema.org","@graph":[{"@type":["WebPage","ItemPage"],"@id":"https:\/\/ruuby.ee\/pood\/aksessuaarid\/kotid\/wouf-telefonikott-leopard\/","url":"https:\/\/ruuby.ee\/pood\/aksessuaarid\/kotid\/wouf-telefonikott-leopard\/","name":"WOUF - Telefonikott, Leopard - RUUBY","isPartOf":{"@id":"http:\/\/ruuby.ee\/#website"},"primaryImageOfPage":{"@id":"https:\/\/ruuby.ee\/pood\/aksessuaarid\/kotid\/wouf-telefonikott-leopard\/#primaryimage"},"image":{"@id":"https:\/\/ruuby.ee\/pood\/aksessuaarid\/kotid\/wouf-telefonikott-leopard\/#primaryimage"},"thumbnailUrl":"https:\/\/ruuby.ee\/wp-content\/uploads\/2024\/03\/Screenshot-2024-03-13-at-14.48.58.png","datePublished":"2024-03-13T12:52:13+00:00","dateModified":"2026-04-04T22:25:30+00:00","breadcrumb":{"@id":"https:\/\/ruuby.ee\/pood\/aksessuaarid\/kotid\/wouf-telefonikott-leopard\/#breadcrumb"},"inLanguage":"en-GB","potentialAction":[{"@type":"ReadAction","target":["https:\/\/ruuby.ee\/pood\/aksessuaarid\/kotid\/wouf-telefonikott-leopard\/"]}]},{"@type":"ImageObject","inLanguage":"en-GB","@id":"https:\/\/ruuby.ee\/pood\/aksessuaarid\/kotid\/wouf-telefonikott-leopard\/#primaryimage","url":"https:\/\/ruuby.ee\/wp-content\/uploads\/2024\/03\/Screenshot-2024-03-13-at-14.48.58.png","contentUrl":"https:\/\/ruuby.ee\/wp-content\/uploads\/2024\/03\/Screenshot-2024-03-13-at-14.48.58.png","width":1122,"height":1376},{"@type":"BreadcrumbList","@id":"https:\/\/ruuby.ee\/pood\/aksessuaarid\/kotid\/wouf-telefonikott-leopard\/#breadcrumb","itemListElement":[{"@type":"ListItem","position":1,"name":"Kdu","item":"http:\/\/ruuby.ee\/"},{"@type":"ListItem","position":2,"name":"Pood","item":"https:\/\/ruuby.ee\/en\/pood\/"},{"@type":"ListItem","position":3,"name":"WOUF &#8211; Telefonikott, Leopard"}]},{"@type":"WebSite","@id":"http:\/\/ruuby.ee\/#website","url":"http:\/\/ruuby.ee\/","name":"RUUBY","description":"Ruubys on \u00fchendatud elustiil ja disain","publisher":{"@id":"http:\/\/ruuby.ee\/#organization"},"alternateName":"Ruuby Disain","potentialAction":[{"@type":"SearchAction","target":{"@type":"EntryPoint","urlTemplate":"http:\/\/ruuby.ee\/?s={search_term_string}"},"query-input":{"@type":"PropertyValueSpecification","valueRequired":true,"valueName":"search_term_string"}}],"inLanguage":"en-GB"},{"@type":"Organization","@id":"http:\/\/ruuby.ee\/#organization","name":"Ruuby Disain O\u00dc","alternateName":"Ruuby","url":"http:\/\/ruuby.ee\/","logo":{"@type":"ImageObject","inLanguage":"en-GB","@id":"http:\/\/ruuby.ee\/#\/schema\/logo\/image\/","url":"https:\/\/ruuby.ee\/wp-content\/uploads\/2023\/06\/cropped-Black-White-Elegant-Circle-Signature-Fashion-Logo-12_large.png","contentUrl":"https:\/\/ruuby.ee\/wp-content\/uploads\/2023\/06\/cropped-Black-White-Elegant-Circle-Signature-Fashion-Logo-12_large.png","width":1280,"height":747,"caption":"Ruuby Disain O\u00dc"},"image":{"@id":"http:\/\/ruuby.ee\/#\/schema\/logo\/image\/"},"sameAs":["https:\/\/www.facebook.com\/ruubyconcept","https:\/\/www.instagram.com\/ruuby_concept\/"]}]}},"jetpack_sharing_enabled":true,"_links":{"self":[{"href":"https:\/\/ruuby.ee\/en\/wp-json\/wp\/v2\/product\/1843699","targetHints":{"allow":["GET"]}}],"collection":[{"href":"https:\/\/ruuby.ee\/en\/wp-json\/wp\/v2\/product"}],"about":[{"href":"https:\/\/ruuby.ee\/en\/wp-json\/wp\/v2\/types\/product"}],"replies":[{"embeddable":true,"href":"https:\/\/ruuby.ee\/en\/wp-json\/wp\/v2\/comments?post=1843699"}],"wp:featuredmedia":[{"embeddable":true,"href":"https:\/\/ruuby.ee\/en\/wp-json\/wp\/v2\/media\/1843702"}],"wp:attachment":[{"href":"https:\/\/ruuby.ee\/en\/wp-json\/wp\/v2\/media?parent=1843699"}],"wp:term":[{"taxonomy":"product_brand","embeddable":true,"href":"https:\/\/ruuby.ee\/en\/wp-json\/wp\/v2\/product_brand?post=1843699"},{"taxonomy":"product_cat","embeddable":true,"href":"https:\/\/ruuby.ee\/en\/wp-json\/wp\/v2\/product_cat?post=1843699"},{"taxonomy":"product_tag","embeddable":true,"href":"https:\/\/ruuby.ee\/en\/wp-json\/wp\/v2\/product_tag?post=1843699"}],"curies":[{"name":"wp","href":"https:\/\/api.w.org\/{rel}","templated":true}]}}