{"id":1843695,"date":"2024-03-13T14:47:48","date_gmt":"2024-03-13T12:47:48","guid":{"rendered":"http:\/\/ruuby.ee\/?post_type=product&#038;p=1843695"},"modified":"2026-04-08T01:28:35","modified_gmt":"2026-04-07T22:28:35","slug":"wouf-isla-pinal-kosmeetikakott","status":"publish","type":"product","link":"https:\/\/ruuby.ee\/en\/pood\/lapsed\/meisterdamine\/pinal\/wouf-isla-pinal-kosmeetikakott\/","title":{"rendered":"WOUF &#8211; Pinal\/kosmeetikakott, Isla"},"content":{"rendered":"<p>H\u00e4davajalike kirjatarvete organiseerimiseks v\u00f5i hoopiski kott kuhu mahutada liikvel olles oma meigitooted?<\/p>\n<p>Sellel kotil on vetth\u00fclgav viimistlus ning see pakub ruumi k\u00f5ige vajaliku kandmiseks. Isla pinal, mis on osa meie ikoonilisest Daily kollektsioonist, sulandub sujuvalt teie igap\u00e4evasesse rutiini.<\/p>\n<p>M\u00f5\u00f5dud: 21 x 7 x 7 cm<\/p>\n<p>100% taaskasutatud kangad tarbimisj\u00e4rgsetest plastpudelitest.<br \/>\nVett h\u00fclgav viimistlus.<br \/>\nTaaskasutatud nahast etikett.<br \/>\nTaaskasutatud nahast t\u00f5mmits.<br \/>\nYKK t\u00f5mblukk taaskasutatud pol\u00fcester k\u00fclgedega.<br \/>\nTr\u00fckitud Oeko-Tex\u00ae sertifikaadiga tintidega.<\/p>\n<p>Hooldusjuhised: K\u00e4sitsi pesta k\u00fclmas vees neutraalse seebiga.<\/p>\n<p>Valmistatud Hispaanias.<\/p>","protected":false},"excerpt":{"rendered":"<p>H\u00e4davajalike kirjatarvete organiseerimiseks v\u00f5i hoopiski kott kuhu mahutada liikvel olles oma meigitooted? Sellel kotil on vetth\u00fclgav viimistlus ning see pakub ruumi k\u00f5ige vajaliku kandmiseks. Isla pinal, mis on osa meie ikoonilisest Daily kollektsioonist, sulandub sujuvalt teie igap\u00e4evasesse rutiini. M\u00f5\u00f5dud: 21 x 7 x 7 cm 100% taaskasutatud kangad tarbimisj\u00e4rgsetest plastpudelitest. Vett h\u00fclgav viimistlus. Taaskasutatud nahast [&hellip;]<\/p>\n","protected":false},"featured_media":1843696,"comment_status":"open","ping_status":"closed","template":"","meta":[],"product_brand":[],"product_cat":[668,33,663,676],"product_tag":[],"class_list":{"0":"post-1843695","1":"product","2":"type-product","3":"status-publish","4":"has-post-thumbnail","6":"product_cat-kosmeetikakott","7":"product_cat-kotid","8":"product_cat-pinal","9":"product_cat-pinalid","11":"first","12":"instock","13":"taxable","14":"shipping-taxable","15":"purchasable","16":"product-type-simple"},"yoast_head":"<!-- This site is optimized with the Yoast SEO plugin v27.3 - https:\/\/yoast.com\/product\/yoast-seo-wordpress\/ -->\n<title>WOUF - Pinal\/kosmeetikakott, Isla - RUUBY<\/title>\n<meta name=\"robots\" content=\"index, follow, max-snippet:-1, max-image-preview:large, max-video-preview:-1\" \/>\n<link rel=\"canonical\" href=\"http:\/\/ruuby.ee\/en\/pood\/lapsed\/meisterdamine\/pinal\/wouf-isla-pinal-kosmeetikakott\/\" \/>\n<meta property=\"og:locale\" content=\"en_GB\" \/>\n<meta property=\"og:type\" content=\"article\" \/>\n<meta property=\"og:title\" content=\"WOUF - Pinal\/kosmeetikakott, Isla - RUUBY\" \/>\n<meta property=\"og:description\" content=\"H\u00e4davajalike kirjatarvete organiseerimiseks v\u00f5i hoopiski kott kuhu mahutada liikvel olles oma meigitooted? Sellel kotil on vetth\u00fclgav viimistlus ning see pakub ruumi k\u00f5ige vajaliku kandmiseks. Isla pinal, mis on osa meie ikoonilisest Daily kollektsioonist, sulandub sujuvalt teie igap\u00e4evasesse rutiini. M\u00f5\u00f5dud: 21 x 7 x 7 cm 100% taaskasutatud kangad tarbimisj\u00e4rgsetest plastpudelitest. Vett h\u00fclgav viimistlus. Taaskasutatud nahast [&hellip;]\" \/>\n<meta property=\"og:url\" content=\"http:\/\/ruuby.ee\/en\/pood\/lapsed\/meisterdamine\/pinal\/wouf-isla-pinal-kosmeetikakott\/\" \/>\n<meta property=\"og:site_name\" content=\"RUUBY\" \/>\n<meta property=\"article:publisher\" content=\"https:\/\/www.facebook.com\/ruubyconcept\" \/>\n<meta property=\"article:modified_time\" content=\"2026-04-07T22:28:35+00:00\" \/>\n<meta property=\"og:image\" content=\"http:\/\/ruuby.ee\/wp-content\/uploads\/2024\/03\/Screenshot-2024-03-13-at-14.39.36.png\" \/>\n\t<meta property=\"og:image:width\" content=\"1118\" \/>\n\t<meta property=\"og:image:height\" content=\"1356\" \/>\n\t<meta property=\"og:image:type\" content=\"image\/png\" \/>\n<meta name=\"twitter:card\" content=\"summary_large_image\" \/>\n<meta name=\"twitter:label1\" content=\"Estimated reading time\" \/>\n\t<meta name=\"twitter:data1\" content=\"1 minute\" \/>\n<script type=\"application\/ld+json\" class=\"yoast-schema-graph\">{\"@context\":\"https:\\\/\\\/schema.org\",\"@graph\":[{\"@type\":[\"WebPage\",\"ItemPage\"],\"@id\":\"http:\\\/\\\/ruuby.ee\\\/pood\\\/lapsed\\\/meisterdamine\\\/pinal\\\/wouf-isla-pinal-kosmeetikakott\\\/\",\"url\":\"http:\\\/\\\/ruuby.ee\\\/pood\\\/lapsed\\\/meisterdamine\\\/pinal\\\/wouf-isla-pinal-kosmeetikakott\\\/\",\"name\":\"WOUF - Pinal\\\/kosmeetikakott, Isla - RUUBY\",\"isPartOf\":{\"@id\":\"http:\\\/\\\/ruuby.ee\\\/en\\\/#website\"},\"primaryImageOfPage\":{\"@id\":\"http:\\\/\\\/ruuby.ee\\\/pood\\\/lapsed\\\/meisterdamine\\\/pinal\\\/wouf-isla-pinal-kosmeetikakott\\\/#primaryimage\"},\"image\":{\"@id\":\"http:\\\/\\\/ruuby.ee\\\/pood\\\/lapsed\\\/meisterdamine\\\/pinal\\\/wouf-isla-pinal-kosmeetikakott\\\/#primaryimage\"},\"thumbnailUrl\":\"https:\\\/\\\/ruuby.ee\\\/wp-content\\\/uploads\\\/2024\\\/03\\\/Screenshot-2024-03-13-at-14.39.36.png\",\"datePublished\":\"2024-03-13T12:47:48+00:00\",\"dateModified\":\"2026-04-07T22:28:35+00:00\",\"breadcrumb\":{\"@id\":\"http:\\\/\\\/ruuby.ee\\\/pood\\\/lapsed\\\/meisterdamine\\\/pinal\\\/wouf-isla-pinal-kosmeetikakott\\\/#breadcrumb\"},\"inLanguage\":\"en-GB\",\"potentialAction\":[{\"@type\":\"ReadAction\",\"target\":[\"http:\\\/\\\/ruuby.ee\\\/pood\\\/lapsed\\\/meisterdamine\\\/pinal\\\/wouf-isla-pinal-kosmeetikakott\\\/\"]}]},{\"@type\":\"ImageObject\",\"inLanguage\":\"en-GB\",\"@id\":\"http:\\\/\\\/ruuby.ee\\\/pood\\\/lapsed\\\/meisterdamine\\\/pinal\\\/wouf-isla-pinal-kosmeetikakott\\\/#primaryimage\",\"url\":\"https:\\\/\\\/ruuby.ee\\\/wp-content\\\/uploads\\\/2024\\\/03\\\/Screenshot-2024-03-13-at-14.39.36.png\",\"contentUrl\":\"https:\\\/\\\/ruuby.ee\\\/wp-content\\\/uploads\\\/2024\\\/03\\\/Screenshot-2024-03-13-at-14.39.36.png\",\"width\":1118,\"height\":1356},{\"@type\":\"BreadcrumbList\",\"@id\":\"http:\\\/\\\/ruuby.ee\\\/pood\\\/lapsed\\\/meisterdamine\\\/pinal\\\/wouf-isla-pinal-kosmeetikakott\\\/#breadcrumb\",\"itemListElement\":[{\"@type\":\"ListItem\",\"position\":1,\"name\":\"Kdu\",\"item\":\"http:\\\/\\\/ruuby.ee\\\/en\\\/\"},{\"@type\":\"ListItem\",\"position\":2,\"name\":\"Pood\",\"item\":\"http:\\\/\\\/ruuby.ee\\\/en\\\/pood\\\/\"},{\"@type\":\"ListItem\",\"position\":3,\"name\":\"WOUF &#8211; Pinal\\\/kosmeetikakott, Isla\"}]},{\"@type\":\"WebSite\",\"@id\":\"http:\\\/\\\/ruuby.ee\\\/en\\\/#website\",\"url\":\"http:\\\/\\\/ruuby.ee\\\/en\\\/\",\"name\":\"RUUBY\",\"description\":\"Ruubys on \u00fchendatud elustiil ja disain\",\"publisher\":{\"@id\":\"http:\\\/\\\/ruuby.ee\\\/en\\\/#organization\"},\"alternateName\":\"Ruuby Disain\",\"potentialAction\":[{\"@type\":\"SearchAction\",\"target\":{\"@type\":\"EntryPoint\",\"urlTemplate\":\"http:\\\/\\\/ruuby.ee\\\/en\\\/?s={search_term_string}\"},\"query-input\":{\"@type\":\"PropertyValueSpecification\",\"valueRequired\":true,\"valueName\":\"search_term_string\"}}],\"inLanguage\":\"en-GB\"},{\"@type\":\"Organization\",\"@id\":\"http:\\\/\\\/ruuby.ee\\\/en\\\/#organization\",\"name\":\"Ruuby Disain O\u00dc\",\"alternateName\":\"Ruuby\",\"url\":\"http:\\\/\\\/ruuby.ee\\\/en\\\/\",\"logo\":{\"@type\":\"ImageObject\",\"inLanguage\":\"en-GB\",\"@id\":\"http:\\\/\\\/ruuby.ee\\\/en\\\/#\\\/schema\\\/logo\\\/image\\\/\",\"url\":\"https:\\\/\\\/ruuby.ee\\\/wp-content\\\/uploads\\\/2023\\\/06\\\/cropped-Black-White-Elegant-Circle-Signature-Fashion-Logo-12_large.png\",\"contentUrl\":\"https:\\\/\\\/ruuby.ee\\\/wp-content\\\/uploads\\\/2023\\\/06\\\/cropped-Black-White-Elegant-Circle-Signature-Fashion-Logo-12_large.png\",\"width\":1280,\"height\":747,\"caption\":\"Ruuby Disain O\u00dc\"},\"image\":{\"@id\":\"http:\\\/\\\/ruuby.ee\\\/en\\\/#\\\/schema\\\/logo\\\/image\\\/\"},\"sameAs\":[\"https:\\\/\\\/www.facebook.com\\\/ruubyconcept\",\"https:\\\/\\\/www.instagram.com\\\/ruuby_concept\\\/\"]}]}<\/script>\n<!-- \/ Yoast SEO plugin. -->","yoast_head_json":{"title":"WOUF - Pinal\/kosmeetikakott, Isla - RUUBY","robots":{"index":"index","follow":"follow","max-snippet":"max-snippet:-1","max-image-preview":"max-image-preview:large","max-video-preview":"max-video-preview:-1"},"canonical":"http:\/\/ruuby.ee\/en\/pood\/lapsed\/meisterdamine\/pinal\/wouf-isla-pinal-kosmeetikakott\/","og_locale":"en_GB","og_type":"article","og_title":"WOUF - Pinal\/kosmeetikakott, Isla - RUUBY","og_description":"H\u00e4davajalike kirjatarvete organiseerimiseks v\u00f5i hoopiski kott kuhu mahutada liikvel olles oma meigitooted? Sellel kotil on vetth\u00fclgav viimistlus ning see pakub ruumi k\u00f5ige vajaliku kandmiseks. Isla pinal, mis on osa meie ikoonilisest Daily kollektsioonist, sulandub sujuvalt teie igap\u00e4evasesse rutiini. M\u00f5\u00f5dud: 21 x 7 x 7 cm 100% taaskasutatud kangad tarbimisj\u00e4rgsetest plastpudelitest. Vett h\u00fclgav viimistlus. Taaskasutatud nahast [&hellip;]","og_url":"http:\/\/ruuby.ee\/en\/pood\/lapsed\/meisterdamine\/pinal\/wouf-isla-pinal-kosmeetikakott\/","og_site_name":"RUUBY","article_publisher":"https:\/\/www.facebook.com\/ruubyconcept","article_modified_time":"2026-04-07T22:28:35+00:00","og_image":[{"width":1118,"height":1356,"url":"http:\/\/ruuby.ee\/wp-content\/uploads\/2024\/03\/Screenshot-2024-03-13-at-14.39.36.png","type":"image\/png"}],"twitter_card":"summary_large_image","twitter_misc":{"Estimated reading time":"1 minute"},"schema":{"@context":"https:\/\/schema.org","@graph":[{"@type":["WebPage","ItemPage"],"@id":"http:\/\/ruuby.ee\/pood\/lapsed\/meisterdamine\/pinal\/wouf-isla-pinal-kosmeetikakott\/","url":"http:\/\/ruuby.ee\/pood\/lapsed\/meisterdamine\/pinal\/wouf-isla-pinal-kosmeetikakott\/","name":"WOUF - Pinal\/kosmeetikakott, Isla - RUUBY","isPartOf":{"@id":"http:\/\/ruuby.ee\/en\/#website"},"primaryImageOfPage":{"@id":"http:\/\/ruuby.ee\/pood\/lapsed\/meisterdamine\/pinal\/wouf-isla-pinal-kosmeetikakott\/#primaryimage"},"image":{"@id":"http:\/\/ruuby.ee\/pood\/lapsed\/meisterdamine\/pinal\/wouf-isla-pinal-kosmeetikakott\/#primaryimage"},"thumbnailUrl":"https:\/\/ruuby.ee\/wp-content\/uploads\/2024\/03\/Screenshot-2024-03-13-at-14.39.36.png","datePublished":"2024-03-13T12:47:48+00:00","dateModified":"2026-04-07T22:28:35+00:00","breadcrumb":{"@id":"http:\/\/ruuby.ee\/pood\/lapsed\/meisterdamine\/pinal\/wouf-isla-pinal-kosmeetikakott\/#breadcrumb"},"inLanguage":"en-GB","potentialAction":[{"@type":"ReadAction","target":["http:\/\/ruuby.ee\/pood\/lapsed\/meisterdamine\/pinal\/wouf-isla-pinal-kosmeetikakott\/"]}]},{"@type":"ImageObject","inLanguage":"en-GB","@id":"http:\/\/ruuby.ee\/pood\/lapsed\/meisterdamine\/pinal\/wouf-isla-pinal-kosmeetikakott\/#primaryimage","url":"https:\/\/ruuby.ee\/wp-content\/uploads\/2024\/03\/Screenshot-2024-03-13-at-14.39.36.png","contentUrl":"https:\/\/ruuby.ee\/wp-content\/uploads\/2024\/03\/Screenshot-2024-03-13-at-14.39.36.png","width":1118,"height":1356},{"@type":"BreadcrumbList","@id":"http:\/\/ruuby.ee\/pood\/lapsed\/meisterdamine\/pinal\/wouf-isla-pinal-kosmeetikakott\/#breadcrumb","itemListElement":[{"@type":"ListItem","position":1,"name":"Kdu","item":"http:\/\/ruuby.ee\/en\/"},{"@type":"ListItem","position":2,"name":"Pood","item":"http:\/\/ruuby.ee\/en\/pood\/"},{"@type":"ListItem","position":3,"name":"WOUF &#8211; Pinal\/kosmeetikakott, Isla"}]},{"@type":"WebSite","@id":"http:\/\/ruuby.ee\/en\/#website","url":"http:\/\/ruuby.ee\/en\/","name":"RUUBY","description":"Ruubys on \u00fchendatud elustiil ja disain","publisher":{"@id":"http:\/\/ruuby.ee\/en\/#organization"},"alternateName":"Ruuby Disain","potentialAction":[{"@type":"SearchAction","target":{"@type":"EntryPoint","urlTemplate":"http:\/\/ruuby.ee\/en\/?s={search_term_string}"},"query-input":{"@type":"PropertyValueSpecification","valueRequired":true,"valueName":"search_term_string"}}],"inLanguage":"en-GB"},{"@type":"Organization","@id":"http:\/\/ruuby.ee\/en\/#organization","name":"Ruuby Disain O\u00dc","alternateName":"Ruuby","url":"http:\/\/ruuby.ee\/en\/","logo":{"@type":"ImageObject","inLanguage":"en-GB","@id":"http:\/\/ruuby.ee\/en\/#\/schema\/logo\/image\/","url":"https:\/\/ruuby.ee\/wp-content\/uploads\/2023\/06\/cropped-Black-White-Elegant-Circle-Signature-Fashion-Logo-12_large.png","contentUrl":"https:\/\/ruuby.ee\/wp-content\/uploads\/2023\/06\/cropped-Black-White-Elegant-Circle-Signature-Fashion-Logo-12_large.png","width":1280,"height":747,"caption":"Ruuby Disain O\u00dc"},"image":{"@id":"http:\/\/ruuby.ee\/en\/#\/schema\/logo\/image\/"},"sameAs":["https:\/\/www.facebook.com\/ruubyconcept","https:\/\/www.instagram.com\/ruuby_concept\/"]}]}},"jetpack_sharing_enabled":true,"_links":{"self":[{"href":"https:\/\/ruuby.ee\/en\/wp-json\/wp\/v2\/product\/1843695","targetHints":{"allow":["GET"]}}],"collection":[{"href":"https:\/\/ruuby.ee\/en\/wp-json\/wp\/v2\/product"}],"about":[{"href":"https:\/\/ruuby.ee\/en\/wp-json\/wp\/v2\/types\/product"}],"replies":[{"embeddable":true,"href":"https:\/\/ruuby.ee\/en\/wp-json\/wp\/v2\/comments?post=1843695"}],"wp:featuredmedia":[{"embeddable":true,"href":"https:\/\/ruuby.ee\/en\/wp-json\/wp\/v2\/media\/1843696"}],"wp:attachment":[{"href":"https:\/\/ruuby.ee\/en\/wp-json\/wp\/v2\/media?parent=1843695"}],"wp:term":[{"taxonomy":"product_brand","embeddable":true,"href":"https:\/\/ruuby.ee\/en\/wp-json\/wp\/v2\/product_brand?post=1843695"},{"taxonomy":"product_cat","embeddable":true,"href":"https:\/\/ruuby.ee\/en\/wp-json\/wp\/v2\/product_cat?post=1843695"},{"taxonomy":"product_tag","embeddable":true,"href":"https:\/\/ruuby.ee\/en\/wp-json\/wp\/v2\/product_tag?post=1843695"}],"curies":[{"name":"wp","href":"https:\/\/api.w.org\/{rel}","templated":true}]}}