{"id":1843694,"date":"2024-03-13T14:43:10","date_gmt":"2024-03-13T12:43:10","guid":{"rendered":"http:\/\/ruuby.ee\/?post_type=product&#038;p=1843694"},"modified":"2026-04-08T01:28:35","modified_gmt":"2026-04-07T22:28:35","slug":"wouf-isla-telefonikott","status":"publish","type":"product","link":"https:\/\/ruuby.ee\/en\/pood\/aksessuaarid\/kotid\/wouf-isla-telefonikott\/","title":{"rendered":"WOUF &#8211; Telefonikott, Isla"},"content":{"rendered":"<p>Isla crossbody telefonikott, mis on valmistatud 100% taaskasutatud kangast, on kaasaegne esmatarbekaup, mis hoiab teie telefoni ja muud olulised k\u00e4ep\u00e4rast.<\/p>\n<p>Sellel v\u00e4ikesel kotil on vetth\u00fclgav viimistlus ja reguleeritav rihm, mida saab kanda risti \u00fcle keha, ning sellel on kolm taskut:<\/p>\n<ol>\n<li>lukuga p\u00f5hitasku<\/li>\n<li>lukuga eesmine tasku<\/li>\n<li>lahtine tagatasku.<\/li>\n<\/ol>\n<p>Isla telefonikott, mis on osa meie ikoonilisest Daily kollektsioonist, sulandub sujuvalt teie igap\u00e4evasesse rutiini liikvel olles.<\/p>\n<p>M\u00f5\u00f5dud: 10,5 x 18 x 2 cm<br \/>\nReguleeritav rihma pikkus: 70 cm<\/p>\n<p>100% taaskasutatud kangas tarbimisj\u00e4rgsetest plastpudelitest.<br \/>\n3 mm biop\u00f5hised ja kaitsvad vahud m\u00f5lemal k\u00fcljel.<br \/>\nReguleeritav taaskasutatud n\u00f6\u00f6r nahast pandlaga ja metallist otstega.<br \/>\nVett h\u00fclgav viimistlus.<br \/>\nTaaskasutatud nahast etikett.<br \/>\nTaaskasutatud nahast t\u00f5mmits.<br \/>\nYKK t\u00f5mblukk taaskasutatud pol\u00fcester k\u00fclgedega.<br \/>\nTr\u00fckitud Oeko-Tex\u00ae sertifikaadiga tintidega.<\/p>\n<p>Hooldusjuhised: K\u00e4sitsi pesta k\u00fclmas vees neutraalse seebiga.<\/p>\n<p>Valmistatud Hispaanias<\/p>","protected":false},"excerpt":{"rendered":"<p>Isla crossbody telefonikott, mis on valmistatud 100% taaskasutatud kangast, on kaasaegne esmatarbekaup, mis hoiab teie telefoni ja muud olulised k\u00e4ep\u00e4rast. Sellel v\u00e4ikesel kotil on vetth\u00fclgav viimistlus ja reguleeritav rihm, mida saab kanda risti \u00fcle keha, ning sellel on kolm taskut: lukuga p\u00f5hitasku lukuga eesmine tasku lahtine tagatasku. Isla telefonikott, mis on osa meie ikoonilisest Daily [&hellip;]<\/p>\n","protected":false},"featured_media":1843692,"comment_status":"open","ping_status":"closed","template":"","meta":[],"product_brand":[],"product_cat":[33,671],"product_tag":[],"class_list":{"0":"post-1843694","1":"product","2":"type-product","3":"status-publish","4":"has-post-thumbnail","6":"product_cat-kotid","7":"product_cat-telefonikott","9":"first","10":"instock","11":"taxable","12":"shipping-taxable","13":"purchasable","14":"product-type-simple"},"yoast_head":"<!-- This site is optimized with the Yoast SEO plugin v27.3 - https:\/\/yoast.com\/product\/yoast-seo-wordpress\/ -->\n<title>WOUF - Telefonikott, Isla - RUUBY<\/title>\n<meta name=\"robots\" content=\"index, follow, max-snippet:-1, max-image-preview:large, max-video-preview:-1\" \/>\n<link rel=\"canonical\" href=\"https:\/\/ruuby.ee\/en\/pood\/aksessuaarid\/kotid\/wouf-isla-telefonikott\/\" \/>\n<meta property=\"og:locale\" content=\"en_GB\" \/>\n<meta property=\"og:type\" content=\"article\" \/>\n<meta property=\"og:title\" content=\"WOUF - Telefonikott, Isla - RUUBY\" \/>\n<meta property=\"og:description\" content=\"Isla crossbody telefonikott, mis on valmistatud 100% taaskasutatud kangast, on kaasaegne esmatarbekaup, mis hoiab teie telefoni ja muud olulised k\u00e4ep\u00e4rast. Sellel v\u00e4ikesel kotil on vetth\u00fclgav viimistlus ja reguleeritav rihm, mida saab kanda risti \u00fcle keha, ning sellel on kolm taskut: lukuga p\u00f5hitasku lukuga eesmine tasku lahtine tagatasku. Isla telefonikott, mis on osa meie ikoonilisest Daily [&hellip;]\" \/>\n<meta property=\"og:url\" content=\"https:\/\/ruuby.ee\/en\/pood\/aksessuaarid\/kotid\/wouf-isla-telefonikott\/\" \/>\n<meta property=\"og:site_name\" content=\"RUUBY\" \/>\n<meta property=\"article:publisher\" content=\"https:\/\/www.facebook.com\/ruubyconcept\" \/>\n<meta property=\"article:modified_time\" content=\"2026-04-07T22:28:35+00:00\" \/>\n<meta property=\"og:image\" content=\"https:\/\/ruuby.ee\/wp-content\/uploads\/2024\/03\/Screenshot-2024-03-13-at-14.21.36.png\" \/>\n\t<meta property=\"og:image:width\" content=\"1108\" \/>\n\t<meta property=\"og:image:height\" content=\"1366\" \/>\n\t<meta property=\"og:image:type\" content=\"image\/png\" \/>\n<meta name=\"twitter:card\" content=\"summary_large_image\" \/>\n<meta name=\"twitter:label1\" content=\"Estimated reading time\" \/>\n\t<meta name=\"twitter:data1\" content=\"1 minute\" \/>\n<script type=\"application\/ld+json\" class=\"yoast-schema-graph\">{\"@context\":\"https:\\\/\\\/schema.org\",\"@graph\":[{\"@type\":[\"WebPage\",\"ItemPage\"],\"@id\":\"https:\\\/\\\/ruuby.ee\\\/pood\\\/aksessuaarid\\\/kotid\\\/wouf-isla-telefonikott\\\/\",\"url\":\"https:\\\/\\\/ruuby.ee\\\/pood\\\/aksessuaarid\\\/kotid\\\/wouf-isla-telefonikott\\\/\",\"name\":\"WOUF - Telefonikott, Isla - RUUBY\",\"isPartOf\":{\"@id\":\"http:\\\/\\\/ruuby.ee\\\/en\\\/#website\"},\"primaryImageOfPage\":{\"@id\":\"https:\\\/\\\/ruuby.ee\\\/pood\\\/aksessuaarid\\\/kotid\\\/wouf-isla-telefonikott\\\/#primaryimage\"},\"image\":{\"@id\":\"https:\\\/\\\/ruuby.ee\\\/pood\\\/aksessuaarid\\\/kotid\\\/wouf-isla-telefonikott\\\/#primaryimage\"},\"thumbnailUrl\":\"https:\\\/\\\/ruuby.ee\\\/wp-content\\\/uploads\\\/2024\\\/03\\\/Screenshot-2024-03-13-at-14.21.36.png\",\"datePublished\":\"2024-03-13T12:43:10+00:00\",\"dateModified\":\"2026-04-07T22:28:35+00:00\",\"breadcrumb\":{\"@id\":\"https:\\\/\\\/ruuby.ee\\\/pood\\\/aksessuaarid\\\/kotid\\\/wouf-isla-telefonikott\\\/#breadcrumb\"},\"inLanguage\":\"en-GB\",\"potentialAction\":[{\"@type\":\"ReadAction\",\"target\":[\"https:\\\/\\\/ruuby.ee\\\/pood\\\/aksessuaarid\\\/kotid\\\/wouf-isla-telefonikott\\\/\"]}]},{\"@type\":\"ImageObject\",\"inLanguage\":\"en-GB\",\"@id\":\"https:\\\/\\\/ruuby.ee\\\/pood\\\/aksessuaarid\\\/kotid\\\/wouf-isla-telefonikott\\\/#primaryimage\",\"url\":\"https:\\\/\\\/ruuby.ee\\\/wp-content\\\/uploads\\\/2024\\\/03\\\/Screenshot-2024-03-13-at-14.21.36.png\",\"contentUrl\":\"https:\\\/\\\/ruuby.ee\\\/wp-content\\\/uploads\\\/2024\\\/03\\\/Screenshot-2024-03-13-at-14.21.36.png\",\"width\":1108,\"height\":1366},{\"@type\":\"BreadcrumbList\",\"@id\":\"https:\\\/\\\/ruuby.ee\\\/pood\\\/aksessuaarid\\\/kotid\\\/wouf-isla-telefonikott\\\/#breadcrumb\",\"itemListElement\":[{\"@type\":\"ListItem\",\"position\":1,\"name\":\"Kdu\",\"item\":\"http:\\\/\\\/ruuby.ee\\\/en\\\/\"},{\"@type\":\"ListItem\",\"position\":2,\"name\":\"Pood\",\"item\":\"http:\\\/\\\/ruuby.ee\\\/en\\\/pood\\\/\"},{\"@type\":\"ListItem\",\"position\":3,\"name\":\"WOUF &#8211; Telefonikott, Isla\"}]},{\"@type\":\"WebSite\",\"@id\":\"http:\\\/\\\/ruuby.ee\\\/en\\\/#website\",\"url\":\"http:\\\/\\\/ruuby.ee\\\/en\\\/\",\"name\":\"RUUBY\",\"description\":\"Ruubys on \u00fchendatud elustiil ja disain\",\"publisher\":{\"@id\":\"http:\\\/\\\/ruuby.ee\\\/en\\\/#organization\"},\"alternateName\":\"Ruuby Disain\",\"potentialAction\":[{\"@type\":\"SearchAction\",\"target\":{\"@type\":\"EntryPoint\",\"urlTemplate\":\"http:\\\/\\\/ruuby.ee\\\/en\\\/?s={search_term_string}\"},\"query-input\":{\"@type\":\"PropertyValueSpecification\",\"valueRequired\":true,\"valueName\":\"search_term_string\"}}],\"inLanguage\":\"en-GB\"},{\"@type\":\"Organization\",\"@id\":\"http:\\\/\\\/ruuby.ee\\\/en\\\/#organization\",\"name\":\"Ruuby Disain O\u00dc\",\"alternateName\":\"Ruuby\",\"url\":\"http:\\\/\\\/ruuby.ee\\\/en\\\/\",\"logo\":{\"@type\":\"ImageObject\",\"inLanguage\":\"en-GB\",\"@id\":\"http:\\\/\\\/ruuby.ee\\\/en\\\/#\\\/schema\\\/logo\\\/image\\\/\",\"url\":\"https:\\\/\\\/ruuby.ee\\\/wp-content\\\/uploads\\\/2023\\\/06\\\/cropped-Black-White-Elegant-Circle-Signature-Fashion-Logo-12_large.png\",\"contentUrl\":\"https:\\\/\\\/ruuby.ee\\\/wp-content\\\/uploads\\\/2023\\\/06\\\/cropped-Black-White-Elegant-Circle-Signature-Fashion-Logo-12_large.png\",\"width\":1280,\"height\":747,\"caption\":\"Ruuby Disain O\u00dc\"},\"image\":{\"@id\":\"http:\\\/\\\/ruuby.ee\\\/en\\\/#\\\/schema\\\/logo\\\/image\\\/\"},\"sameAs\":[\"https:\\\/\\\/www.facebook.com\\\/ruubyconcept\",\"https:\\\/\\\/www.instagram.com\\\/ruuby_concept\\\/\"]}]}<\/script>\n<!-- \/ Yoast SEO plugin. -->","yoast_head_json":{"title":"WOUF - Telefonikott, Isla - RUUBY","robots":{"index":"index","follow":"follow","max-snippet":"max-snippet:-1","max-image-preview":"max-image-preview:large","max-video-preview":"max-video-preview:-1"},"canonical":"https:\/\/ruuby.ee\/en\/pood\/aksessuaarid\/kotid\/wouf-isla-telefonikott\/","og_locale":"en_GB","og_type":"article","og_title":"WOUF - Telefonikott, Isla - RUUBY","og_description":"Isla crossbody telefonikott, mis on valmistatud 100% taaskasutatud kangast, on kaasaegne esmatarbekaup, mis hoiab teie telefoni ja muud olulised k\u00e4ep\u00e4rast. Sellel v\u00e4ikesel kotil on vetth\u00fclgav viimistlus ja reguleeritav rihm, mida saab kanda risti \u00fcle keha, ning sellel on kolm taskut: lukuga p\u00f5hitasku lukuga eesmine tasku lahtine tagatasku. Isla telefonikott, mis on osa meie ikoonilisest Daily [&hellip;]","og_url":"https:\/\/ruuby.ee\/en\/pood\/aksessuaarid\/kotid\/wouf-isla-telefonikott\/","og_site_name":"RUUBY","article_publisher":"https:\/\/www.facebook.com\/ruubyconcept","article_modified_time":"2026-04-07T22:28:35+00:00","og_image":[{"width":1108,"height":1366,"url":"https:\/\/ruuby.ee\/wp-content\/uploads\/2024\/03\/Screenshot-2024-03-13-at-14.21.36.png","type":"image\/png"}],"twitter_card":"summary_large_image","twitter_misc":{"Estimated reading time":"1 minute"},"schema":{"@context":"https:\/\/schema.org","@graph":[{"@type":["WebPage","ItemPage"],"@id":"https:\/\/ruuby.ee\/pood\/aksessuaarid\/kotid\/wouf-isla-telefonikott\/","url":"https:\/\/ruuby.ee\/pood\/aksessuaarid\/kotid\/wouf-isla-telefonikott\/","name":"WOUF - Telefonikott, Isla - RUUBY","isPartOf":{"@id":"http:\/\/ruuby.ee\/en\/#website"},"primaryImageOfPage":{"@id":"https:\/\/ruuby.ee\/pood\/aksessuaarid\/kotid\/wouf-isla-telefonikott\/#primaryimage"},"image":{"@id":"https:\/\/ruuby.ee\/pood\/aksessuaarid\/kotid\/wouf-isla-telefonikott\/#primaryimage"},"thumbnailUrl":"https:\/\/ruuby.ee\/wp-content\/uploads\/2024\/03\/Screenshot-2024-03-13-at-14.21.36.png","datePublished":"2024-03-13T12:43:10+00:00","dateModified":"2026-04-07T22:28:35+00:00","breadcrumb":{"@id":"https:\/\/ruuby.ee\/pood\/aksessuaarid\/kotid\/wouf-isla-telefonikott\/#breadcrumb"},"inLanguage":"en-GB","potentialAction":[{"@type":"ReadAction","target":["https:\/\/ruuby.ee\/pood\/aksessuaarid\/kotid\/wouf-isla-telefonikott\/"]}]},{"@type":"ImageObject","inLanguage":"en-GB","@id":"https:\/\/ruuby.ee\/pood\/aksessuaarid\/kotid\/wouf-isla-telefonikott\/#primaryimage","url":"https:\/\/ruuby.ee\/wp-content\/uploads\/2024\/03\/Screenshot-2024-03-13-at-14.21.36.png","contentUrl":"https:\/\/ruuby.ee\/wp-content\/uploads\/2024\/03\/Screenshot-2024-03-13-at-14.21.36.png","width":1108,"height":1366},{"@type":"BreadcrumbList","@id":"https:\/\/ruuby.ee\/pood\/aksessuaarid\/kotid\/wouf-isla-telefonikott\/#breadcrumb","itemListElement":[{"@type":"ListItem","position":1,"name":"Kdu","item":"http:\/\/ruuby.ee\/en\/"},{"@type":"ListItem","position":2,"name":"Pood","item":"http:\/\/ruuby.ee\/en\/pood\/"},{"@type":"ListItem","position":3,"name":"WOUF &#8211; Telefonikott, Isla"}]},{"@type":"WebSite","@id":"http:\/\/ruuby.ee\/en\/#website","url":"http:\/\/ruuby.ee\/en\/","name":"RUUBY","description":"Ruubys on \u00fchendatud elustiil ja disain","publisher":{"@id":"http:\/\/ruuby.ee\/en\/#organization"},"alternateName":"Ruuby Disain","potentialAction":[{"@type":"SearchAction","target":{"@type":"EntryPoint","urlTemplate":"http:\/\/ruuby.ee\/en\/?s={search_term_string}"},"query-input":{"@type":"PropertyValueSpecification","valueRequired":true,"valueName":"search_term_string"}}],"inLanguage":"en-GB"},{"@type":"Organization","@id":"http:\/\/ruuby.ee\/en\/#organization","name":"Ruuby Disain O\u00dc","alternateName":"Ruuby","url":"http:\/\/ruuby.ee\/en\/","logo":{"@type":"ImageObject","inLanguage":"en-GB","@id":"http:\/\/ruuby.ee\/en\/#\/schema\/logo\/image\/","url":"https:\/\/ruuby.ee\/wp-content\/uploads\/2023\/06\/cropped-Black-White-Elegant-Circle-Signature-Fashion-Logo-12_large.png","contentUrl":"https:\/\/ruuby.ee\/wp-content\/uploads\/2023\/06\/cropped-Black-White-Elegant-Circle-Signature-Fashion-Logo-12_large.png","width":1280,"height":747,"caption":"Ruuby Disain O\u00dc"},"image":{"@id":"http:\/\/ruuby.ee\/en\/#\/schema\/logo\/image\/"},"sameAs":["https:\/\/www.facebook.com\/ruubyconcept","https:\/\/www.instagram.com\/ruuby_concept\/"]}]}},"jetpack_sharing_enabled":true,"_links":{"self":[{"href":"https:\/\/ruuby.ee\/en\/wp-json\/wp\/v2\/product\/1843694","targetHints":{"allow":["GET"]}}],"collection":[{"href":"https:\/\/ruuby.ee\/en\/wp-json\/wp\/v2\/product"}],"about":[{"href":"https:\/\/ruuby.ee\/en\/wp-json\/wp\/v2\/types\/product"}],"replies":[{"embeddable":true,"href":"https:\/\/ruuby.ee\/en\/wp-json\/wp\/v2\/comments?post=1843694"}],"wp:featuredmedia":[{"embeddable":true,"href":"https:\/\/ruuby.ee\/en\/wp-json\/wp\/v2\/media\/1843692"}],"wp:attachment":[{"href":"https:\/\/ruuby.ee\/en\/wp-json\/wp\/v2\/media?parent=1843694"}],"wp:term":[{"taxonomy":"product_brand","embeddable":true,"href":"https:\/\/ruuby.ee\/en\/wp-json\/wp\/v2\/product_brand?post=1843694"},{"taxonomy":"product_cat","embeddable":true,"href":"https:\/\/ruuby.ee\/en\/wp-json\/wp\/v2\/product_cat?post=1843694"},{"taxonomy":"product_tag","embeddable":true,"href":"https:\/\/ruuby.ee\/en\/wp-json\/wp\/v2\/product_tag?post=1843694"}],"curies":[{"name":"wp","href":"https:\/\/api.w.org\/{rel}","templated":true}]}}