{"id":1843576,"date":"2024-02-25T00:09:39","date_gmt":"2024-02-24T22:09:39","guid":{"rendered":"http:\/\/ruuby.ee\/?post_type=product&#038;p=1843576"},"modified":"2026-04-05T01:25:30","modified_gmt":"2026-04-04T22:25:30","slug":"umage-komorebi-rectangular","status":"publish","type":"product","link":"https:\/\/ruuby.ee\/en\/pood\/kodusisustus\/valgustus\/laualamabid\/umage-komorebi-rectangular\/","title":{"rendered":"UMAGE &#8211; Komorebi, Rectangular"},"content":{"rendered":"<p>Komorebi kollektsioon koosneb mitmest puidust lamellidest ja tekstiilist valmistatud lambivarjudest. Puidust detailide ja tekstiili kombinatsioon aitab kodu maandada ning muudab atmosf\u00e4\u00e4ri lohutavaks ja meeli\u00fclendavaks rahulikuks.<\/p>\n<p>Komorebi on painduv lambivari, mis on saadaval kolmes erineva kujuga suuruses. Keskmist ja suurt suurust saab olenevalt valitud alusest muuta kolmeks erinevaks kujuks ning mini on saadaval \u00fcmara kujuga.<\/p>\n<p>Disaini paindlikkust r\u00f5hutades saab Komorebi lambivarju kasutada p\u00f5randa-, laua- v\u00f5i rippvalgustina. Riputage Komorebi mini \u00fchte ritta pikka esikusse v\u00f5i \u00fchendage ristk\u00fclik v\u00f5i ruudukujuline Komorebi meedium m\u00f5ne meie p\u00f5randaalusega stiilse p\u00f5randalambi jaoks. V\u00f5imalusi on lugematu arv.<\/p>\n<p>Paindlik disain, kerge, \u00f5huline v\u00e4limus ning suured suuruste ja kujude variatsioonid tagavad, et Komorebi sobib k\u00f5ikidesse interj\u00f6\u00f6ridesse \u2013 nii eramajadesse kui ka hotellidesse, kohvikutesse v\u00f5i restoranidesse \u2013 k\u00f5ikjal, kus soovid tempot maha v\u00f5tta ja meelerahu kogeda.<\/p>\n<p>M\u00f5\u00f5dud:<\/p>\n<p>Keskmine: H: 26 W: 33 D: 20.7 cm<br \/>\nSuur: H: 26 W: 50.6 D: 31.1 cm<\/p>\n<p>Materjal: T\u00e4ispuidust tamm ja pol\u00fcester<\/p>\n<p>Ripp- ja laualambivari<br \/>\n\u00dchildub E26 \/ E27-ga &#8211; max 15W LED (ei kuulu komplekti)<\/p>","protected":false},"excerpt":{"rendered":"<p>Komorebi kollektsioon koosneb mitmest puidust lamellidest ja tekstiilist valmistatud lambivarjudest. Puidust detailide ja tekstiili kombinatsioon aitab kodu maandada ning muudab atmosf\u00e4\u00e4ri lohutavaks ja meeli\u00fclendavaks rahulikuks. Komorebi on painduv lambivari, mis on saadaval kolmes erineva kujuga suuruses. Keskmist ja suurt suurust saab olenevalt valitud alusest muuta kolmeks erinevaks kujuks ning mini on saadaval \u00fcmara kujuga. Disaini [&hellip;]<\/p>\n","protected":false},"featured_media":1843579,"comment_status":"open","ping_status":"closed","template":"","meta":[],"product_brand":[],"product_cat":[798,796,797,59],"product_tag":[],"class_list":{"0":"post-1843576","1":"product","2":"type-product","3":"status-publish","4":"has-post-thumbnail","6":"product_cat-laelambid","7":"product_cat-laualamabid","8":"product_cat-porandalambid","9":"product_cat-valgustus","11":"first","12":"onbackorder","13":"taxable","14":"shipping-taxable","15":"purchasable","16":"product-type-variable","17":"rtwpvs-product"},"yoast_head":"<!-- This site is optimized with the Yoast SEO plugin v27.2 - https:\/\/yoast.com\/product\/yoast-seo-wordpress\/ -->\n<title>UMAGE - Komorebi, Rectangular - RUUBY<\/title>\n<meta name=\"robots\" content=\"index, follow, max-snippet:-1, max-image-preview:large, max-video-preview:-1\" \/>\n<link rel=\"canonical\" href=\"http:\/\/ruuby.ee\/en\/pood\/kodusisustus\/valgustus\/laualamabid\/umage-komorebi-rectangular\/\" \/>\n<meta property=\"og:locale\" content=\"en_GB\" \/>\n<meta property=\"og:type\" content=\"article\" \/>\n<meta property=\"og:title\" content=\"UMAGE - Komorebi, Rectangular - RUUBY\" \/>\n<meta property=\"og:description\" content=\"Komorebi kollektsioon koosneb mitmest puidust lamellidest ja tekstiilist valmistatud lambivarjudest. Puidust detailide ja tekstiili kombinatsioon aitab kodu maandada ning muudab atmosf\u00e4\u00e4ri lohutavaks ja meeli\u00fclendavaks rahulikuks. Komorebi on painduv lambivari, mis on saadaval kolmes erineva kujuga suuruses. Keskmist ja suurt suurust saab olenevalt valitud alusest muuta kolmeks erinevaks kujuks ning mini on saadaval \u00fcmara kujuga. Disaini [&hellip;]\" \/>\n<meta property=\"og:url\" content=\"http:\/\/ruuby.ee\/en\/pood\/kodusisustus\/valgustus\/laualamabid\/umage-komorebi-rectangular\/\" \/>\n<meta property=\"og:site_name\" content=\"RUUBY\" \/>\n<meta property=\"article:publisher\" content=\"https:\/\/www.facebook.com\/ruubyconcept\" \/>\n<meta property=\"article:modified_time\" content=\"2026-04-04T22:25:30+00:00\" \/>\n<meta property=\"og:image\" content=\"http:\/\/ruuby.ee\/wp-content\/uploads\/2024\/02\/Screenshot-2024-02-24-at-22.04.01.png\" \/>\n\t<meta property=\"og:image:width\" content=\"978\" \/>\n\t<meta property=\"og:image:height\" content=\"1048\" \/>\n\t<meta property=\"og:image:type\" content=\"image\/png\" \/>\n<meta name=\"twitter:card\" content=\"summary_large_image\" \/>\n<meta name=\"twitter:label1\" content=\"Estimated reading time\" \/>\n\t<meta name=\"twitter:data1\" content=\"2 minutes\" \/>\n<script type=\"application\/ld+json\" class=\"yoast-schema-graph\">{\"@context\":\"https:\/\/schema.org\",\"@graph\":[{\"@type\":[\"WebPage\",\"ItemPage\"],\"@id\":\"http:\/\/ruuby.ee\/pood\/kodusisustus\/valgustus\/laualamabid\/umage-komorebi-rectangular\/\",\"url\":\"http:\/\/ruuby.ee\/pood\/kodusisustus\/valgustus\/laualamabid\/umage-komorebi-rectangular\/\",\"name\":\"UMAGE - Komorebi, Rectangular - RUUBY\",\"isPartOf\":{\"@id\":\"http:\/\/ruuby.ee\/#website\"},\"primaryImageOfPage\":{\"@id\":\"http:\/\/ruuby.ee\/pood\/kodusisustus\/valgustus\/laualamabid\/umage-komorebi-rectangular\/#primaryimage\"},\"image\":{\"@id\":\"http:\/\/ruuby.ee\/pood\/kodusisustus\/valgustus\/laualamabid\/umage-komorebi-rectangular\/#primaryimage\"},\"thumbnailUrl\":\"https:\/\/ruuby.ee\/wp-content\/uploads\/2024\/02\/Screenshot-2024-02-24-at-22.04.01.png\",\"datePublished\":\"2024-02-24T22:09:39+00:00\",\"dateModified\":\"2026-04-04T22:25:30+00:00\",\"breadcrumb\":{\"@id\":\"http:\/\/ruuby.ee\/pood\/kodusisustus\/valgustus\/laualamabid\/umage-komorebi-rectangular\/#breadcrumb\"},\"inLanguage\":\"en-GB\",\"potentialAction\":[{\"@type\":\"ReadAction\",\"target\":[\"http:\/\/ruuby.ee\/pood\/kodusisustus\/valgustus\/laualamabid\/umage-komorebi-rectangular\/\"]}]},{\"@type\":\"ImageObject\",\"inLanguage\":\"en-GB\",\"@id\":\"http:\/\/ruuby.ee\/pood\/kodusisustus\/valgustus\/laualamabid\/umage-komorebi-rectangular\/#primaryimage\",\"url\":\"https:\/\/ruuby.ee\/wp-content\/uploads\/2024\/02\/Screenshot-2024-02-24-at-22.04.01.png\",\"contentUrl\":\"https:\/\/ruuby.ee\/wp-content\/uploads\/2024\/02\/Screenshot-2024-02-24-at-22.04.01.png\",\"width\":978,\"height\":1048},{\"@type\":\"BreadcrumbList\",\"@id\":\"http:\/\/ruuby.ee\/pood\/kodusisustus\/valgustus\/laualamabid\/umage-komorebi-rectangular\/#breadcrumb\",\"itemListElement\":[{\"@type\":\"ListItem\",\"position\":1,\"name\":\"Kdu\",\"item\":\"http:\/\/ruuby.ee\/\"},{\"@type\":\"ListItem\",\"position\":2,\"name\":\"Pood\",\"item\":\"https:\/\/ruuby.ee\/en\/pood\/\"},{\"@type\":\"ListItem\",\"position\":3,\"name\":\"UMAGE &#8211; Komorebi, Rectangular\"}]},{\"@type\":\"WebSite\",\"@id\":\"http:\/\/ruuby.ee\/#website\",\"url\":\"http:\/\/ruuby.ee\/\",\"name\":\"RUUBY\",\"description\":\"Ruubys on \u00fchendatud elustiil ja disain\",\"publisher\":{\"@id\":\"http:\/\/ruuby.ee\/#organization\"},\"alternateName\":\"Ruuby Disain\",\"potentialAction\":[{\"@type\":\"SearchAction\",\"target\":{\"@type\":\"EntryPoint\",\"urlTemplate\":\"http:\/\/ruuby.ee\/?s={search_term_string}\"},\"query-input\":{\"@type\":\"PropertyValueSpecification\",\"valueRequired\":true,\"valueName\":\"search_term_string\"}}],\"inLanguage\":\"en-GB\"},{\"@type\":\"Organization\",\"@id\":\"http:\/\/ruuby.ee\/#organization\",\"name\":\"Ruuby Disain O\u00dc\",\"alternateName\":\"Ruuby\",\"url\":\"http:\/\/ruuby.ee\/\",\"logo\":{\"@type\":\"ImageObject\",\"inLanguage\":\"en-GB\",\"@id\":\"http:\/\/ruuby.ee\/#\/schema\/logo\/image\/\",\"url\":\"https:\/\/ruuby.ee\/wp-content\/uploads\/2023\/06\/cropped-Black-White-Elegant-Circle-Signature-Fashion-Logo-12_large.png\",\"contentUrl\":\"https:\/\/ruuby.ee\/wp-content\/uploads\/2023\/06\/cropped-Black-White-Elegant-Circle-Signature-Fashion-Logo-12_large.png\",\"width\":1280,\"height\":747,\"caption\":\"Ruuby Disain O\u00dc\"},\"image\":{\"@id\":\"http:\/\/ruuby.ee\/#\/schema\/logo\/image\/\"},\"sameAs\":[\"https:\/\/www.facebook.com\/ruubyconcept\",\"https:\/\/www.instagram.com\/ruuby_concept\/\"]}]}<\/script>\n<!-- \/ Yoast SEO plugin. -->","yoast_head_json":{"title":"UMAGE - Komorebi, Rectangular - RUUBY","robots":{"index":"index","follow":"follow","max-snippet":"max-snippet:-1","max-image-preview":"max-image-preview:large","max-video-preview":"max-video-preview:-1"},"canonical":"http:\/\/ruuby.ee\/en\/pood\/kodusisustus\/valgustus\/laualamabid\/umage-komorebi-rectangular\/","og_locale":"en_GB","og_type":"article","og_title":"UMAGE - Komorebi, Rectangular - RUUBY","og_description":"Komorebi kollektsioon koosneb mitmest puidust lamellidest ja tekstiilist valmistatud lambivarjudest. Puidust detailide ja tekstiili kombinatsioon aitab kodu maandada ning muudab atmosf\u00e4\u00e4ri lohutavaks ja meeli\u00fclendavaks rahulikuks. Komorebi on painduv lambivari, mis on saadaval kolmes erineva kujuga suuruses. Keskmist ja suurt suurust saab olenevalt valitud alusest muuta kolmeks erinevaks kujuks ning mini on saadaval \u00fcmara kujuga. Disaini [&hellip;]","og_url":"http:\/\/ruuby.ee\/en\/pood\/kodusisustus\/valgustus\/laualamabid\/umage-komorebi-rectangular\/","og_site_name":"RUUBY","article_publisher":"https:\/\/www.facebook.com\/ruubyconcept","article_modified_time":"2026-04-04T22:25:30+00:00","og_image":[{"width":978,"height":1048,"url":"http:\/\/ruuby.ee\/wp-content\/uploads\/2024\/02\/Screenshot-2024-02-24-at-22.04.01.png","type":"image\/png"}],"twitter_card":"summary_large_image","twitter_misc":{"Estimated reading time":"2 minutes"},"schema":{"@context":"https:\/\/schema.org","@graph":[{"@type":["WebPage","ItemPage"],"@id":"http:\/\/ruuby.ee\/pood\/kodusisustus\/valgustus\/laualamabid\/umage-komorebi-rectangular\/","url":"http:\/\/ruuby.ee\/pood\/kodusisustus\/valgustus\/laualamabid\/umage-komorebi-rectangular\/","name":"UMAGE - Komorebi, Rectangular - RUUBY","isPartOf":{"@id":"http:\/\/ruuby.ee\/#website"},"primaryImageOfPage":{"@id":"http:\/\/ruuby.ee\/pood\/kodusisustus\/valgustus\/laualamabid\/umage-komorebi-rectangular\/#primaryimage"},"image":{"@id":"http:\/\/ruuby.ee\/pood\/kodusisustus\/valgustus\/laualamabid\/umage-komorebi-rectangular\/#primaryimage"},"thumbnailUrl":"https:\/\/ruuby.ee\/wp-content\/uploads\/2024\/02\/Screenshot-2024-02-24-at-22.04.01.png","datePublished":"2024-02-24T22:09:39+00:00","dateModified":"2026-04-04T22:25:30+00:00","breadcrumb":{"@id":"http:\/\/ruuby.ee\/pood\/kodusisustus\/valgustus\/laualamabid\/umage-komorebi-rectangular\/#breadcrumb"},"inLanguage":"en-GB","potentialAction":[{"@type":"ReadAction","target":["http:\/\/ruuby.ee\/pood\/kodusisustus\/valgustus\/laualamabid\/umage-komorebi-rectangular\/"]}]},{"@type":"ImageObject","inLanguage":"en-GB","@id":"http:\/\/ruuby.ee\/pood\/kodusisustus\/valgustus\/laualamabid\/umage-komorebi-rectangular\/#primaryimage","url":"https:\/\/ruuby.ee\/wp-content\/uploads\/2024\/02\/Screenshot-2024-02-24-at-22.04.01.png","contentUrl":"https:\/\/ruuby.ee\/wp-content\/uploads\/2024\/02\/Screenshot-2024-02-24-at-22.04.01.png","width":978,"height":1048},{"@type":"BreadcrumbList","@id":"http:\/\/ruuby.ee\/pood\/kodusisustus\/valgustus\/laualamabid\/umage-komorebi-rectangular\/#breadcrumb","itemListElement":[{"@type":"ListItem","position":1,"name":"Kdu","item":"http:\/\/ruuby.ee\/"},{"@type":"ListItem","position":2,"name":"Pood","item":"https:\/\/ruuby.ee\/en\/pood\/"},{"@type":"ListItem","position":3,"name":"UMAGE &#8211; Komorebi, Rectangular"}]},{"@type":"WebSite","@id":"http:\/\/ruuby.ee\/#website","url":"http:\/\/ruuby.ee\/","name":"RUUBY","description":"Ruubys on \u00fchendatud elustiil ja disain","publisher":{"@id":"http:\/\/ruuby.ee\/#organization"},"alternateName":"Ruuby Disain","potentialAction":[{"@type":"SearchAction","target":{"@type":"EntryPoint","urlTemplate":"http:\/\/ruuby.ee\/?s={search_term_string}"},"query-input":{"@type":"PropertyValueSpecification","valueRequired":true,"valueName":"search_term_string"}}],"inLanguage":"en-GB"},{"@type":"Organization","@id":"http:\/\/ruuby.ee\/#organization","name":"Ruuby Disain O\u00dc","alternateName":"Ruuby","url":"http:\/\/ruuby.ee\/","logo":{"@type":"ImageObject","inLanguage":"en-GB","@id":"http:\/\/ruuby.ee\/#\/schema\/logo\/image\/","url":"https:\/\/ruuby.ee\/wp-content\/uploads\/2023\/06\/cropped-Black-White-Elegant-Circle-Signature-Fashion-Logo-12_large.png","contentUrl":"https:\/\/ruuby.ee\/wp-content\/uploads\/2023\/06\/cropped-Black-White-Elegant-Circle-Signature-Fashion-Logo-12_large.png","width":1280,"height":747,"caption":"Ruuby Disain O\u00dc"},"image":{"@id":"http:\/\/ruuby.ee\/#\/schema\/logo\/image\/"},"sameAs":["https:\/\/www.facebook.com\/ruubyconcept","https:\/\/www.instagram.com\/ruuby_concept\/"]}]}},"jetpack_sharing_enabled":true,"_links":{"self":[{"href":"https:\/\/ruuby.ee\/en\/wp-json\/wp\/v2\/product\/1843576","targetHints":{"allow":["GET"]}}],"collection":[{"href":"https:\/\/ruuby.ee\/en\/wp-json\/wp\/v2\/product"}],"about":[{"href":"https:\/\/ruuby.ee\/en\/wp-json\/wp\/v2\/types\/product"}],"replies":[{"embeddable":true,"href":"https:\/\/ruuby.ee\/en\/wp-json\/wp\/v2\/comments?post=1843576"}],"wp:featuredmedia":[{"embeddable":true,"href":"https:\/\/ruuby.ee\/en\/wp-json\/wp\/v2\/media\/1843579"}],"wp:attachment":[{"href":"https:\/\/ruuby.ee\/en\/wp-json\/wp\/v2\/media?parent=1843576"}],"wp:term":[{"taxonomy":"product_brand","embeddable":true,"href":"https:\/\/ruuby.ee\/en\/wp-json\/wp\/v2\/product_brand?post=1843576"},{"taxonomy":"product_cat","embeddable":true,"href":"https:\/\/ruuby.ee\/en\/wp-json\/wp\/v2\/product_cat?post=1843576"},{"taxonomy":"product_tag","embeddable":true,"href":"https:\/\/ruuby.ee\/en\/wp-json\/wp\/v2\/product_tag?post=1843576"}],"curies":[{"name":"wp","href":"https:\/\/api.w.org\/{rel}","templated":true}]}}