{"id":1843336,"date":"2024-02-13T15:31:03","date_gmt":"2024-02-13T13:31:03","guid":{"rendered":"http:\/\/ruuby.ee\/?post_type=product&#038;p=1843336"},"modified":"2026-04-05T01:25:30","modified_gmt":"2026-04-04T22:25:30","slug":"umage-asteria-spot-valgusti","status":"publish","type":"product","link":"https:\/\/ruuby.ee\/en\/pood\/kodusisustus\/valgustus\/laelambid\/umage-asteria-spot-valgusti\/","title":{"rendered":"UMAGE Asteria Spot valgusti"},"content":{"rendered":"<p>Asteria Spot on mitmek\u00fclgne kohtvalgusti, mida saab paigaldada lakke v\u00f5i kasutada seinalambina.<\/p>\n<p>Asteria Spoti keskmes on selle v\u00f5ime atmosf\u00e4\u00e4ri muuta. Asteria Spot on varustatud kolme erineva valgusfiltriga, mis v\u00f5imaldavad teil reguleerida valguse temperatuuri ja meeleolu. See teeb Asteria Spotist lambi, mida saate kasutada k\u00f5ikides tubades \u2013 alates sooja ja hubase valgusega esikust kuni k\u00f6\u00f6gini, kus eelistatakse karget praktilist valgust. Lambi vari on paindlik, v\u00f5imaldades reguleerida valguse nurka ja tagada valgustuse just seal, kus seda soovid. Asteria Spoti saab paigaldada s\u00fcvistatuna v\u00f5i otse lae v\u00f5i seina pinnale.<\/p>\n<p>T\u00e4iustage oma elamispinda Asteria Spotiga ja kogege selle elegantse disaini ja kohandatavate valgustusv\u00f5imaluste muutvat j\u00f5udu. Alumiiniumist, poleeritud terasest v\u00f5i kaetud messingist valmistatud Asteria Spotil on stiilne ilme, mis kaunistab iga kodu.<\/p>\n<p>&nbsp;<\/p>\n<p>M\u00f5\u00f5dud: \u00d8: 12 cm H: 14.1 \/ 17.8 cm, kaal: 1,2kg<\/p>\n<p>Pinnale paigaldatav lamp ainult siseruumides kasutamiseks. V\u00f5ib paigaldada s\u00fcvistatult v\u00f5i paigaldada otse pinnale.<\/p>\n<ul>\n<li>H\u00e4mardatav v\u00e4lise dimmeriga, 500 lm, 30000 p\u00f5lemise tundi, 6W COB LED-spot ja draiver sisseehitatud.<\/li>\n<\/ul>","protected":false},"excerpt":{"rendered":"<p>Asteria Spot on mitmek\u00fclgne kohtvalgusti, mida saab paigaldada lakke v\u00f5i kasutada seinalambina. Asteria Spoti keskmes on selle v\u00f5ime atmosf\u00e4\u00e4ri muuta. Asteria Spot on varustatud kolme erineva valgusfiltriga, mis v\u00f5imaldavad teil reguleerida valguse temperatuuri ja meeleolu. See teeb Asteria Spotist lambi, mida saate kasutada k\u00f5ikides tubades \u2013 alates sooja ja hubase valgusega esikust kuni k\u00f6\u00f6gini, kus [&hellip;]<\/p>\n","protected":false},"featured_media":1843344,"comment_status":"open","ping_status":"closed","template":"","meta":[],"product_brand":[],"product_cat":[798,799,59],"product_tag":[],"class_list":{"0":"post-1843336","1":"product","2":"type-product","3":"status-publish","4":"has-post-thumbnail","6":"product_cat-laelambid","7":"product_cat-seinalambid","8":"product_cat-valgustus","10":"first","11":"onbackorder","12":"taxable","13":"shipping-taxable","14":"purchasable","15":"product-type-variable","16":"rtwpvs-product"},"yoast_head":"<!-- This site is optimized with the Yoast SEO plugin v27.2 - https:\/\/yoast.com\/product\/yoast-seo-wordpress\/ -->\n<title>UMAGE Asteria Spot valgusti - RUUBY<\/title>\n<meta name=\"robots\" content=\"index, follow, max-snippet:-1, max-image-preview:large, max-video-preview:-1\" \/>\n<link rel=\"canonical\" href=\"http:\/\/ruuby.ee\/en\/pood\/kodusisustus\/valgustus\/laelambid\/umage-asteria-spot-valgusti\/\" \/>\n<meta property=\"og:locale\" content=\"en_GB\" \/>\n<meta property=\"og:type\" content=\"article\" \/>\n<meta property=\"og:title\" content=\"UMAGE Asteria Spot valgusti - RUUBY\" \/>\n<meta property=\"og:description\" content=\"Asteria Spot on mitmek\u00fclgne kohtvalgusti, mida saab paigaldada lakke v\u00f5i kasutada seinalambina. Asteria Spoti keskmes on selle v\u00f5ime atmosf\u00e4\u00e4ri muuta. Asteria Spot on varustatud kolme erineva valgusfiltriga, mis v\u00f5imaldavad teil reguleerida valguse temperatuuri ja meeleolu. See teeb Asteria Spotist lambi, mida saate kasutada k\u00f5ikides tubades \u2013 alates sooja ja hubase valgusega esikust kuni k\u00f6\u00f6gini, kus [&hellip;]\" \/>\n<meta property=\"og:url\" content=\"http:\/\/ruuby.ee\/en\/pood\/kodusisustus\/valgustus\/laelambid\/umage-asteria-spot-valgusti\/\" \/>\n<meta property=\"og:site_name\" content=\"RUUBY\" \/>\n<meta property=\"article:publisher\" content=\"https:\/\/www.facebook.com\/ruubyconcept\" \/>\n<meta property=\"article:modified_time\" content=\"2026-04-04T22:25:30+00:00\" \/>\n<meta property=\"og:image\" content=\"http:\/\/ruuby.ee\/wp-content\/uploads\/2024\/02\/Screenshot-2024-02-13-at-15.26.56.png\" \/>\n\t<meta property=\"og:image:width\" content=\"1056\" \/>\n\t<meta property=\"og:image:height\" content=\"980\" \/>\n\t<meta property=\"og:image:type\" content=\"image\/png\" \/>\n<meta name=\"twitter:card\" content=\"summary_large_image\" \/>\n<meta name=\"twitter:label1\" content=\"Estimated reading time\" \/>\n\t<meta name=\"twitter:data1\" content=\"2 minutes\" \/>\n<script type=\"application\/ld+json\" class=\"yoast-schema-graph\">{\"@context\":\"https:\/\/schema.org\",\"@graph\":[{\"@type\":[\"WebPage\",\"ItemPage\"],\"@id\":\"http:\/\/ruuby.ee\/pood\/kodusisustus\/valgustus\/laelambid\/umage-asteria-spot-valgusti\/\",\"url\":\"http:\/\/ruuby.ee\/pood\/kodusisustus\/valgustus\/laelambid\/umage-asteria-spot-valgusti\/\",\"name\":\"UMAGE Asteria Spot valgusti - RUUBY\",\"isPartOf\":{\"@id\":\"http:\/\/ruuby.ee\/#website\"},\"primaryImageOfPage\":{\"@id\":\"http:\/\/ruuby.ee\/pood\/kodusisustus\/valgustus\/laelambid\/umage-asteria-spot-valgusti\/#primaryimage\"},\"image\":{\"@id\":\"http:\/\/ruuby.ee\/pood\/kodusisustus\/valgustus\/laelambid\/umage-asteria-spot-valgusti\/#primaryimage\"},\"thumbnailUrl\":\"https:\/\/ruuby.ee\/wp-content\/uploads\/2024\/02\/Screenshot-2024-02-13-at-15.26.56.png\",\"datePublished\":\"2024-02-13T13:31:03+00:00\",\"dateModified\":\"2026-04-04T22:25:30+00:00\",\"breadcrumb\":{\"@id\":\"http:\/\/ruuby.ee\/pood\/kodusisustus\/valgustus\/laelambid\/umage-asteria-spot-valgusti\/#breadcrumb\"},\"inLanguage\":\"en-GB\",\"potentialAction\":[{\"@type\":\"ReadAction\",\"target\":[\"http:\/\/ruuby.ee\/pood\/kodusisustus\/valgustus\/laelambid\/umage-asteria-spot-valgusti\/\"]}]},{\"@type\":\"ImageObject\",\"inLanguage\":\"en-GB\",\"@id\":\"http:\/\/ruuby.ee\/pood\/kodusisustus\/valgustus\/laelambid\/umage-asteria-spot-valgusti\/#primaryimage\",\"url\":\"https:\/\/ruuby.ee\/wp-content\/uploads\/2024\/02\/Screenshot-2024-02-13-at-15.26.56.png\",\"contentUrl\":\"https:\/\/ruuby.ee\/wp-content\/uploads\/2024\/02\/Screenshot-2024-02-13-at-15.26.56.png\",\"width\":1056,\"height\":980},{\"@type\":\"BreadcrumbList\",\"@id\":\"http:\/\/ruuby.ee\/pood\/kodusisustus\/valgustus\/laelambid\/umage-asteria-spot-valgusti\/#breadcrumb\",\"itemListElement\":[{\"@type\":\"ListItem\",\"position\":1,\"name\":\"Kdu\",\"item\":\"http:\/\/ruuby.ee\/\"},{\"@type\":\"ListItem\",\"position\":2,\"name\":\"Pood\",\"item\":\"https:\/\/ruuby.ee\/en\/pood\/\"},{\"@type\":\"ListItem\",\"position\":3,\"name\":\"UMAGE Asteria Spot valgusti\"}]},{\"@type\":\"WebSite\",\"@id\":\"http:\/\/ruuby.ee\/#website\",\"url\":\"http:\/\/ruuby.ee\/\",\"name\":\"RUUBY\",\"description\":\"Ruubys on \u00fchendatud elustiil ja disain\",\"publisher\":{\"@id\":\"http:\/\/ruuby.ee\/#organization\"},\"alternateName\":\"Ruuby Disain\",\"potentialAction\":[{\"@type\":\"SearchAction\",\"target\":{\"@type\":\"EntryPoint\",\"urlTemplate\":\"http:\/\/ruuby.ee\/?s={search_term_string}\"},\"query-input\":{\"@type\":\"PropertyValueSpecification\",\"valueRequired\":true,\"valueName\":\"search_term_string\"}}],\"inLanguage\":\"en-GB\"},{\"@type\":\"Organization\",\"@id\":\"http:\/\/ruuby.ee\/#organization\",\"name\":\"Ruuby Disain O\u00dc\",\"alternateName\":\"Ruuby\",\"url\":\"http:\/\/ruuby.ee\/\",\"logo\":{\"@type\":\"ImageObject\",\"inLanguage\":\"en-GB\",\"@id\":\"http:\/\/ruuby.ee\/#\/schema\/logo\/image\/\",\"url\":\"https:\/\/ruuby.ee\/wp-content\/uploads\/2023\/06\/cropped-Black-White-Elegant-Circle-Signature-Fashion-Logo-12_large.png\",\"contentUrl\":\"https:\/\/ruuby.ee\/wp-content\/uploads\/2023\/06\/cropped-Black-White-Elegant-Circle-Signature-Fashion-Logo-12_large.png\",\"width\":1280,\"height\":747,\"caption\":\"Ruuby Disain O\u00dc\"},\"image\":{\"@id\":\"http:\/\/ruuby.ee\/#\/schema\/logo\/image\/\"},\"sameAs\":[\"https:\/\/www.facebook.com\/ruubyconcept\",\"https:\/\/www.instagram.com\/ruuby_concept\/\"]}]}<\/script>\n<!-- \/ Yoast SEO plugin. -->","yoast_head_json":{"title":"UMAGE Asteria Spot valgusti - RUUBY","robots":{"index":"index","follow":"follow","max-snippet":"max-snippet:-1","max-image-preview":"max-image-preview:large","max-video-preview":"max-video-preview:-1"},"canonical":"http:\/\/ruuby.ee\/en\/pood\/kodusisustus\/valgustus\/laelambid\/umage-asteria-spot-valgusti\/","og_locale":"en_GB","og_type":"article","og_title":"UMAGE Asteria Spot valgusti - RUUBY","og_description":"Asteria Spot on mitmek\u00fclgne kohtvalgusti, mida saab paigaldada lakke v\u00f5i kasutada seinalambina. Asteria Spoti keskmes on selle v\u00f5ime atmosf\u00e4\u00e4ri muuta. Asteria Spot on varustatud kolme erineva valgusfiltriga, mis v\u00f5imaldavad teil reguleerida valguse temperatuuri ja meeleolu. See teeb Asteria Spotist lambi, mida saate kasutada k\u00f5ikides tubades \u2013 alates sooja ja hubase valgusega esikust kuni k\u00f6\u00f6gini, kus [&hellip;]","og_url":"http:\/\/ruuby.ee\/en\/pood\/kodusisustus\/valgustus\/laelambid\/umage-asteria-spot-valgusti\/","og_site_name":"RUUBY","article_publisher":"https:\/\/www.facebook.com\/ruubyconcept","article_modified_time":"2026-04-04T22:25:30+00:00","og_image":[{"width":1056,"height":980,"url":"http:\/\/ruuby.ee\/wp-content\/uploads\/2024\/02\/Screenshot-2024-02-13-at-15.26.56.png","type":"image\/png"}],"twitter_card":"summary_large_image","twitter_misc":{"Estimated reading time":"2 minutes"},"schema":{"@context":"https:\/\/schema.org","@graph":[{"@type":["WebPage","ItemPage"],"@id":"http:\/\/ruuby.ee\/pood\/kodusisustus\/valgustus\/laelambid\/umage-asteria-spot-valgusti\/","url":"http:\/\/ruuby.ee\/pood\/kodusisustus\/valgustus\/laelambid\/umage-asteria-spot-valgusti\/","name":"UMAGE Asteria Spot valgusti - RUUBY","isPartOf":{"@id":"http:\/\/ruuby.ee\/#website"},"primaryImageOfPage":{"@id":"http:\/\/ruuby.ee\/pood\/kodusisustus\/valgustus\/laelambid\/umage-asteria-spot-valgusti\/#primaryimage"},"image":{"@id":"http:\/\/ruuby.ee\/pood\/kodusisustus\/valgustus\/laelambid\/umage-asteria-spot-valgusti\/#primaryimage"},"thumbnailUrl":"https:\/\/ruuby.ee\/wp-content\/uploads\/2024\/02\/Screenshot-2024-02-13-at-15.26.56.png","datePublished":"2024-02-13T13:31:03+00:00","dateModified":"2026-04-04T22:25:30+00:00","breadcrumb":{"@id":"http:\/\/ruuby.ee\/pood\/kodusisustus\/valgustus\/laelambid\/umage-asteria-spot-valgusti\/#breadcrumb"},"inLanguage":"en-GB","potentialAction":[{"@type":"ReadAction","target":["http:\/\/ruuby.ee\/pood\/kodusisustus\/valgustus\/laelambid\/umage-asteria-spot-valgusti\/"]}]},{"@type":"ImageObject","inLanguage":"en-GB","@id":"http:\/\/ruuby.ee\/pood\/kodusisustus\/valgustus\/laelambid\/umage-asteria-spot-valgusti\/#primaryimage","url":"https:\/\/ruuby.ee\/wp-content\/uploads\/2024\/02\/Screenshot-2024-02-13-at-15.26.56.png","contentUrl":"https:\/\/ruuby.ee\/wp-content\/uploads\/2024\/02\/Screenshot-2024-02-13-at-15.26.56.png","width":1056,"height":980},{"@type":"BreadcrumbList","@id":"http:\/\/ruuby.ee\/pood\/kodusisustus\/valgustus\/laelambid\/umage-asteria-spot-valgusti\/#breadcrumb","itemListElement":[{"@type":"ListItem","position":1,"name":"Kdu","item":"http:\/\/ruuby.ee\/"},{"@type":"ListItem","position":2,"name":"Pood","item":"https:\/\/ruuby.ee\/en\/pood\/"},{"@type":"ListItem","position":3,"name":"UMAGE Asteria Spot valgusti"}]},{"@type":"WebSite","@id":"http:\/\/ruuby.ee\/#website","url":"http:\/\/ruuby.ee\/","name":"RUUBY","description":"Ruubys on \u00fchendatud elustiil ja disain","publisher":{"@id":"http:\/\/ruuby.ee\/#organization"},"alternateName":"Ruuby Disain","potentialAction":[{"@type":"SearchAction","target":{"@type":"EntryPoint","urlTemplate":"http:\/\/ruuby.ee\/?s={search_term_string}"},"query-input":{"@type":"PropertyValueSpecification","valueRequired":true,"valueName":"search_term_string"}}],"inLanguage":"en-GB"},{"@type":"Organization","@id":"http:\/\/ruuby.ee\/#organization","name":"Ruuby Disain O\u00dc","alternateName":"Ruuby","url":"http:\/\/ruuby.ee\/","logo":{"@type":"ImageObject","inLanguage":"en-GB","@id":"http:\/\/ruuby.ee\/#\/schema\/logo\/image\/","url":"https:\/\/ruuby.ee\/wp-content\/uploads\/2023\/06\/cropped-Black-White-Elegant-Circle-Signature-Fashion-Logo-12_large.png","contentUrl":"https:\/\/ruuby.ee\/wp-content\/uploads\/2023\/06\/cropped-Black-White-Elegant-Circle-Signature-Fashion-Logo-12_large.png","width":1280,"height":747,"caption":"Ruuby Disain O\u00dc"},"image":{"@id":"http:\/\/ruuby.ee\/#\/schema\/logo\/image\/"},"sameAs":["https:\/\/www.facebook.com\/ruubyconcept","https:\/\/www.instagram.com\/ruuby_concept\/"]}]}},"jetpack_sharing_enabled":true,"_links":{"self":[{"href":"https:\/\/ruuby.ee\/en\/wp-json\/wp\/v2\/product\/1843336","targetHints":{"allow":["GET"]}}],"collection":[{"href":"https:\/\/ruuby.ee\/en\/wp-json\/wp\/v2\/product"}],"about":[{"href":"https:\/\/ruuby.ee\/en\/wp-json\/wp\/v2\/types\/product"}],"replies":[{"embeddable":true,"href":"https:\/\/ruuby.ee\/en\/wp-json\/wp\/v2\/comments?post=1843336"}],"wp:featuredmedia":[{"embeddable":true,"href":"https:\/\/ruuby.ee\/en\/wp-json\/wp\/v2\/media\/1843344"}],"wp:attachment":[{"href":"https:\/\/ruuby.ee\/en\/wp-json\/wp\/v2\/media?parent=1843336"}],"wp:term":[{"taxonomy":"product_brand","embeddable":true,"href":"https:\/\/ruuby.ee\/en\/wp-json\/wp\/v2\/product_brand?post=1843336"},{"taxonomy":"product_cat","embeddable":true,"href":"https:\/\/ruuby.ee\/en\/wp-json\/wp\/v2\/product_cat?post=1843336"},{"taxonomy":"product_tag","embeddable":true,"href":"https:\/\/ruuby.ee\/en\/wp-json\/wp\/v2\/product_tag?post=1843336"}],"curies":[{"name":"wp","href":"https:\/\/api.w.org\/{rel}","templated":true}]}}