{"id":1841794,"date":"2023-12-22T16:09:01","date_gmt":"2023-12-22T14:09:01","guid":{"rendered":"http:\/\/ruuby.ee\/?post_type=product&#038;p=1841794"},"modified":"2026-04-05T01:25:30","modified_gmt":"2026-04-04T22:25:30","slug":"cooee-kandik-graphite","status":"publish","type":"product","link":"https:\/\/ruuby.ee\/en\/pood\/kodusisustus\/soogituba\/cooee-kandik-graphite\/","title":{"rendered":"COOEE &#8211; kandik, Graphite"},"content":{"rendered":"<p>Kaunites harmoneerivates v\u00e4rvides stiilsete kandikutega sari.<\/p>\n<p>Meie kandikuid saab kasutada kaunide vaaside ja k\u00fc\u00fcnlajalgade alusena. Neid on m\u00f5nus kasutada ka vannitoas parf\u00fc\u00fcmide ja ehete jaoks v\u00f5i k\u00f6\u00f6gis \u00f5lide ja v\u00fcrtsidega katta.<\/p>\n<p>M\u00f5\u00f5dud: 39 \u00d7 25 \u00d7 2 cm<\/p>\n<p>&nbsp;<\/p>\n<ul>\n<li><em>Showroomis olev n\u00e4idis kandik on m\u00fc\u00fcgis -50% soodustusega, kandikul esineb kriime. <\/em><em>Ostusoovi korral astu l\u00e4bi meie showroomist Ahtri 6, v\u00f5i kirjuta info@ruuby.ee<\/em><\/li>\n<\/ul>","protected":false},"excerpt":{"rendered":"<p>Kaunites harmoneerivates v\u00e4rvides stiilsete kandikutega sari. Meie kandikuid saab kasutada kaunide vaaside ja k\u00fc\u00fcnlajalgade alusena. Neid on m\u00f5nus kasutada ka vannitoas parf\u00fc\u00fcmide ja ehete jaoks v\u00f5i k\u00f6\u00f6gis \u00f5lide ja v\u00fcrtsidega katta. M\u00f5\u00f5dud: 39 \u00d7 25 \u00d7 2 cm &nbsp; Showroomis olev n\u00e4idis kandik on m\u00fc\u00fcgis -50% soodustusega, kandikul esineb kriime. Ostusoovi korral astu l\u00e4bi meie [&hellip;]<\/p>\n","protected":false},"featured_media":1841797,"comment_status":"open","ping_status":"closed","template":"","meta":[],"product_brand":[],"product_cat":[60],"product_tag":[],"class_list":{"0":"post-1841794","1":"product","2":"type-product","3":"status-publish","4":"has-post-thumbnail","6":"product_cat-soogituba","8":"first","9":"instock","10":"taxable","11":"shipping-taxable","12":"purchasable","13":"product-type-simple"},"yoast_head":"<!-- This site is optimized with the Yoast SEO plugin v27.2 - https:\/\/yoast.com\/product\/yoast-seo-wordpress\/ -->\n<title>COOEE - kandik, Graphite - RUUBY<\/title>\n<meta name=\"robots\" content=\"index, follow, max-snippet:-1, max-image-preview:large, max-video-preview:-1\" \/>\n<link rel=\"canonical\" href=\"https:\/\/ruuby.ee\/en\/pood\/kodusisustus\/soogituba\/cooee-kandik-graphite\/\" \/>\n<meta property=\"og:locale\" content=\"en_GB\" \/>\n<meta property=\"og:type\" content=\"article\" \/>\n<meta property=\"og:title\" content=\"COOEE - kandik, Graphite - RUUBY\" \/>\n<meta property=\"og:description\" content=\"Kaunites harmoneerivates v\u00e4rvides stiilsete kandikutega sari. Meie kandikuid saab kasutada kaunide vaaside ja k\u00fc\u00fcnlajalgade alusena. Neid on m\u00f5nus kasutada ka vannitoas parf\u00fc\u00fcmide ja ehete jaoks v\u00f5i k\u00f6\u00f6gis \u00f5lide ja v\u00fcrtsidega katta. M\u00f5\u00f5dud: 39 \u00d7 25 \u00d7 2 cm &nbsp; Showroomis olev n\u00e4idis kandik on m\u00fc\u00fcgis -50% soodustusega, kandikul esineb kriime. Ostusoovi korral astu l\u00e4bi meie [&hellip;]\" \/>\n<meta property=\"og:url\" content=\"https:\/\/ruuby.ee\/en\/pood\/kodusisustus\/soogituba\/cooee-kandik-graphite\/\" \/>\n<meta property=\"og:site_name\" content=\"RUUBY\" \/>\n<meta property=\"article:publisher\" content=\"https:\/\/www.facebook.com\/ruubyconcept\" \/>\n<meta property=\"article:modified_time\" content=\"2026-04-04T22:25:30+00:00\" \/>\n<meta property=\"og:image\" content=\"https:\/\/ruuby.ee\/wp-content\/uploads\/2023\/12\/Screenshot-2023-12-22-at-16.07.20.png\" \/>\n\t<meta property=\"og:image:width\" content=\"1232\" \/>\n\t<meta property=\"og:image:height\" content=\"830\" \/>\n\t<meta property=\"og:image:type\" content=\"image\/png\" \/>\n<meta name=\"twitter:card\" content=\"summary_large_image\" \/>\n<meta name=\"twitter:label1\" content=\"Estimated reading time\" \/>\n\t<meta name=\"twitter:data1\" content=\"1 minute\" \/>\n<script type=\"application\/ld+json\" class=\"yoast-schema-graph\">{\"@context\":\"https:\/\/schema.org\",\"@graph\":[{\"@type\":[\"WebPage\",\"ItemPage\"],\"@id\":\"https:\/\/ruuby.ee\/en\/pood\/kodusisustus\/soogituba\/cooee-kandik-graphite\/\",\"url\":\"https:\/\/ruuby.ee\/en\/pood\/kodusisustus\/soogituba\/cooee-kandik-graphite\/\",\"name\":\"COOEE - kandik, Graphite - RUUBY\",\"isPartOf\":{\"@id\":\"http:\/\/ruuby.ee\/#website\"},\"primaryImageOfPage\":{\"@id\":\"https:\/\/ruuby.ee\/en\/pood\/kodusisustus\/soogituba\/cooee-kandik-graphite\/#primaryimage\"},\"image\":{\"@id\":\"https:\/\/ruuby.ee\/en\/pood\/kodusisustus\/soogituba\/cooee-kandik-graphite\/#primaryimage\"},\"thumbnailUrl\":\"https:\/\/ruuby.ee\/wp-content\/uploads\/2023\/12\/Screenshot-2023-12-22-at-16.07.20.png\",\"datePublished\":\"2023-12-22T14:09:01+00:00\",\"dateModified\":\"2026-04-04T22:25:30+00:00\",\"breadcrumb\":{\"@id\":\"https:\/\/ruuby.ee\/en\/pood\/kodusisustus\/soogituba\/cooee-kandik-graphite\/#breadcrumb\"},\"inLanguage\":\"en-GB\",\"potentialAction\":[{\"@type\":\"ReadAction\",\"target\":[\"https:\/\/ruuby.ee\/en\/pood\/kodusisustus\/soogituba\/cooee-kandik-graphite\/\"]}]},{\"@type\":\"ImageObject\",\"inLanguage\":\"en-GB\",\"@id\":\"https:\/\/ruuby.ee\/en\/pood\/kodusisustus\/soogituba\/cooee-kandik-graphite\/#primaryimage\",\"url\":\"https:\/\/ruuby.ee\/wp-content\/uploads\/2023\/12\/Screenshot-2023-12-22-at-16.07.20.png\",\"contentUrl\":\"https:\/\/ruuby.ee\/wp-content\/uploads\/2023\/12\/Screenshot-2023-12-22-at-16.07.20.png\",\"width\":1232,\"height\":830},{\"@type\":\"BreadcrumbList\",\"@id\":\"https:\/\/ruuby.ee\/en\/pood\/kodusisustus\/soogituba\/cooee-kandik-graphite\/#breadcrumb\",\"itemListElement\":[{\"@type\":\"ListItem\",\"position\":1,\"name\":\"Kdu\",\"item\":\"http:\/\/ruuby.ee\/\"},{\"@type\":\"ListItem\",\"position\":2,\"name\":\"Pood\",\"item\":\"https:\/\/ruuby.ee\/en\/pood\/\"},{\"@type\":\"ListItem\",\"position\":3,\"name\":\"COOEE &#8211; kandik, Graphite\"}]},{\"@type\":\"WebSite\",\"@id\":\"http:\/\/ruuby.ee\/#website\",\"url\":\"http:\/\/ruuby.ee\/\",\"name\":\"RUUBY\",\"description\":\"Ruubys on \u00fchendatud elustiil ja disain\",\"publisher\":{\"@id\":\"http:\/\/ruuby.ee\/#organization\"},\"alternateName\":\"Ruuby Disain\",\"potentialAction\":[{\"@type\":\"SearchAction\",\"target\":{\"@type\":\"EntryPoint\",\"urlTemplate\":\"http:\/\/ruuby.ee\/?s={search_term_string}\"},\"query-input\":{\"@type\":\"PropertyValueSpecification\",\"valueRequired\":true,\"valueName\":\"search_term_string\"}}],\"inLanguage\":\"en-GB\"},{\"@type\":\"Organization\",\"@id\":\"http:\/\/ruuby.ee\/#organization\",\"name\":\"Ruuby Disain O\u00dc\",\"alternateName\":\"Ruuby\",\"url\":\"http:\/\/ruuby.ee\/\",\"logo\":{\"@type\":\"ImageObject\",\"inLanguage\":\"en-GB\",\"@id\":\"http:\/\/ruuby.ee\/#\/schema\/logo\/image\/\",\"url\":\"https:\/\/ruuby.ee\/wp-content\/uploads\/2023\/06\/cropped-Black-White-Elegant-Circle-Signature-Fashion-Logo-12_large.png\",\"contentUrl\":\"https:\/\/ruuby.ee\/wp-content\/uploads\/2023\/06\/cropped-Black-White-Elegant-Circle-Signature-Fashion-Logo-12_large.png\",\"width\":1280,\"height\":747,\"caption\":\"Ruuby Disain O\u00dc\"},\"image\":{\"@id\":\"http:\/\/ruuby.ee\/#\/schema\/logo\/image\/\"},\"sameAs\":[\"https:\/\/www.facebook.com\/ruubyconcept\",\"https:\/\/www.instagram.com\/ruuby_concept\/\"]}]}<\/script>\n<!-- \/ Yoast SEO plugin. -->","yoast_head_json":{"title":"COOEE - kandik, Graphite - RUUBY","robots":{"index":"index","follow":"follow","max-snippet":"max-snippet:-1","max-image-preview":"max-image-preview:large","max-video-preview":"max-video-preview:-1"},"canonical":"https:\/\/ruuby.ee\/en\/pood\/kodusisustus\/soogituba\/cooee-kandik-graphite\/","og_locale":"en_GB","og_type":"article","og_title":"COOEE - kandik, Graphite - RUUBY","og_description":"Kaunites harmoneerivates v\u00e4rvides stiilsete kandikutega sari. Meie kandikuid saab kasutada kaunide vaaside ja k\u00fc\u00fcnlajalgade alusena. Neid on m\u00f5nus kasutada ka vannitoas parf\u00fc\u00fcmide ja ehete jaoks v\u00f5i k\u00f6\u00f6gis \u00f5lide ja v\u00fcrtsidega katta. M\u00f5\u00f5dud: 39 \u00d7 25 \u00d7 2 cm &nbsp; Showroomis olev n\u00e4idis kandik on m\u00fc\u00fcgis -50% soodustusega, kandikul esineb kriime. Ostusoovi korral astu l\u00e4bi meie [&hellip;]","og_url":"https:\/\/ruuby.ee\/en\/pood\/kodusisustus\/soogituba\/cooee-kandik-graphite\/","og_site_name":"RUUBY","article_publisher":"https:\/\/www.facebook.com\/ruubyconcept","article_modified_time":"2026-04-04T22:25:30+00:00","og_image":[{"width":1232,"height":830,"url":"https:\/\/ruuby.ee\/wp-content\/uploads\/2023\/12\/Screenshot-2023-12-22-at-16.07.20.png","type":"image\/png"}],"twitter_card":"summary_large_image","twitter_misc":{"Estimated reading time":"1 minute"},"schema":{"@context":"https:\/\/schema.org","@graph":[{"@type":["WebPage","ItemPage"],"@id":"https:\/\/ruuby.ee\/en\/pood\/kodusisustus\/soogituba\/cooee-kandik-graphite\/","url":"https:\/\/ruuby.ee\/en\/pood\/kodusisustus\/soogituba\/cooee-kandik-graphite\/","name":"COOEE - kandik, Graphite - RUUBY","isPartOf":{"@id":"http:\/\/ruuby.ee\/#website"},"primaryImageOfPage":{"@id":"https:\/\/ruuby.ee\/en\/pood\/kodusisustus\/soogituba\/cooee-kandik-graphite\/#primaryimage"},"image":{"@id":"https:\/\/ruuby.ee\/en\/pood\/kodusisustus\/soogituba\/cooee-kandik-graphite\/#primaryimage"},"thumbnailUrl":"https:\/\/ruuby.ee\/wp-content\/uploads\/2023\/12\/Screenshot-2023-12-22-at-16.07.20.png","datePublished":"2023-12-22T14:09:01+00:00","dateModified":"2026-04-04T22:25:30+00:00","breadcrumb":{"@id":"https:\/\/ruuby.ee\/en\/pood\/kodusisustus\/soogituba\/cooee-kandik-graphite\/#breadcrumb"},"inLanguage":"en-GB","potentialAction":[{"@type":"ReadAction","target":["https:\/\/ruuby.ee\/en\/pood\/kodusisustus\/soogituba\/cooee-kandik-graphite\/"]}]},{"@type":"ImageObject","inLanguage":"en-GB","@id":"https:\/\/ruuby.ee\/en\/pood\/kodusisustus\/soogituba\/cooee-kandik-graphite\/#primaryimage","url":"https:\/\/ruuby.ee\/wp-content\/uploads\/2023\/12\/Screenshot-2023-12-22-at-16.07.20.png","contentUrl":"https:\/\/ruuby.ee\/wp-content\/uploads\/2023\/12\/Screenshot-2023-12-22-at-16.07.20.png","width":1232,"height":830},{"@type":"BreadcrumbList","@id":"https:\/\/ruuby.ee\/en\/pood\/kodusisustus\/soogituba\/cooee-kandik-graphite\/#breadcrumb","itemListElement":[{"@type":"ListItem","position":1,"name":"Kdu","item":"http:\/\/ruuby.ee\/"},{"@type":"ListItem","position":2,"name":"Pood","item":"https:\/\/ruuby.ee\/en\/pood\/"},{"@type":"ListItem","position":3,"name":"COOEE &#8211; kandik, Graphite"}]},{"@type":"WebSite","@id":"http:\/\/ruuby.ee\/#website","url":"http:\/\/ruuby.ee\/","name":"RUUBY","description":"Ruubys on \u00fchendatud elustiil ja disain","publisher":{"@id":"http:\/\/ruuby.ee\/#organization"},"alternateName":"Ruuby Disain","potentialAction":[{"@type":"SearchAction","target":{"@type":"EntryPoint","urlTemplate":"http:\/\/ruuby.ee\/?s={search_term_string}"},"query-input":{"@type":"PropertyValueSpecification","valueRequired":true,"valueName":"search_term_string"}}],"inLanguage":"en-GB"},{"@type":"Organization","@id":"http:\/\/ruuby.ee\/#organization","name":"Ruuby Disain O\u00dc","alternateName":"Ruuby","url":"http:\/\/ruuby.ee\/","logo":{"@type":"ImageObject","inLanguage":"en-GB","@id":"http:\/\/ruuby.ee\/#\/schema\/logo\/image\/","url":"https:\/\/ruuby.ee\/wp-content\/uploads\/2023\/06\/cropped-Black-White-Elegant-Circle-Signature-Fashion-Logo-12_large.png","contentUrl":"https:\/\/ruuby.ee\/wp-content\/uploads\/2023\/06\/cropped-Black-White-Elegant-Circle-Signature-Fashion-Logo-12_large.png","width":1280,"height":747,"caption":"Ruuby Disain O\u00dc"},"image":{"@id":"http:\/\/ruuby.ee\/#\/schema\/logo\/image\/"},"sameAs":["https:\/\/www.facebook.com\/ruubyconcept","https:\/\/www.instagram.com\/ruuby_concept\/"]}]}},"jetpack_sharing_enabled":true,"_links":{"self":[{"href":"https:\/\/ruuby.ee\/en\/wp-json\/wp\/v2\/product\/1841794","targetHints":{"allow":["GET"]}}],"collection":[{"href":"https:\/\/ruuby.ee\/en\/wp-json\/wp\/v2\/product"}],"about":[{"href":"https:\/\/ruuby.ee\/en\/wp-json\/wp\/v2\/types\/product"}],"replies":[{"embeddable":true,"href":"https:\/\/ruuby.ee\/en\/wp-json\/wp\/v2\/comments?post=1841794"}],"wp:featuredmedia":[{"embeddable":true,"href":"https:\/\/ruuby.ee\/en\/wp-json\/wp\/v2\/media\/1841797"}],"wp:attachment":[{"href":"https:\/\/ruuby.ee\/en\/wp-json\/wp\/v2\/media?parent=1841794"}],"wp:term":[{"taxonomy":"product_brand","embeddable":true,"href":"https:\/\/ruuby.ee\/en\/wp-json\/wp\/v2\/product_brand?post=1841794"},{"taxonomy":"product_cat","embeddable":true,"href":"https:\/\/ruuby.ee\/en\/wp-json\/wp\/v2\/product_cat?post=1841794"},{"taxonomy":"product_tag","embeddable":true,"href":"https:\/\/ruuby.ee\/en\/wp-json\/wp\/v2\/product_tag?post=1841794"}],"curies":[{"name":"wp","href":"https:\/\/api.w.org\/{rel}","templated":true}]}}