{"id":1841190,"date":"2023-12-07T15:56:04","date_gmt":"2023-12-07T13:56:04","guid":{"rendered":"http:\/\/ruuby.ee\/?post_type=product&#038;p=1841190"},"modified":"2026-04-08T01:28:37","modified_gmt":"2026-04-07T22:28:37","slug":"nailmatic-12-varvitavat-tatoveeringut-city-world","status":"publish","type":"product","link":"https:\/\/ruuby.ee\/en\/pood\/lapsed\/meisterdamine\/tattoo\/nailmatic-12-varvitavat-tatoveeringut-city-world\/","title":{"rendered":"Nailmatic &#8211; 12 v\u00e4rvitavat t\u00e4toveeringut &#8211; CITY WORLD"},"content":{"rendered":"<p>New Yorgist inspireeritud linnateemaliste t\u00e4toveeringute v\u00e4rvimiskomplekt: suurep\u00e4rased kujundused nahale kandmiseks!<\/p>\n<p>Suurep\u00e4rane kontseptsioon kohandatud t\u00e4toveeringuteks TATTOOPEN markeritega.<br \/>\n&#8211; 12 v\u00e4ljal\u00f5igatavat t\u00e4toveeringut: rula, hot dog, grafiti, m\u00fcts, hoone\u2026<br \/>\n&#8211; Ideaalne kingitus teie alustavatele kunstnikule!<\/p>\n<p>Veega pealekandmisel p\u00fcsib 3 kuni 7 p\u00e4eva.<br \/>\nM\u00f5eldud lastele, sobib tundlikule nahale, isegi n\u00e4ole.<\/p>\n<p>Nailmaticu eesm\u00e4rk on luua ilma muret tekitamata: uuenduslikud ja keskkonnas\u00f5bralikud kontseptsioonid, mis p\u00f5hinevad v\u00e4rvidel ja l\u00f5bususel. M\u00f5eldud kasutamiseks igas vanuses koos pere ja s\u00f5pradega!<\/p>\n<p>Kuidas kasutada?<br \/>\n&#8211; Kasutage puhtal ja kuival nahal;<br \/>\n&#8211; L\u00f5igake t\u00e4toveering v\u00e4lja, eemaldage l\u00e4bipaistev kile ja kandke kujund vastu nahka;<br \/>\n&#8211; Leota t\u00e4toveeringut niiske kinda v\u00f5i k\u00e4snaga;<br \/>\n&#8211; Lugege 30-ni ja eemaldage \u00f5rnalt, et paljastada oma t\u00e4toveeringu valge l\u00f5uend;<br \/>\n&#8211; V\u00e4rvige t\u00e4toveering TATTOO PEN markeritega;<\/p>\n<p>Mis k\u00f5ige toredam, kui t\u00fcdined v\u00e4rvist, puhasta see veega ja kanna peale uus v\u00e4rv ning sinu tattoo on j\u00e4lle nagu uus!<\/p>\n<p>TATTOO PEN-id leiate meie laste meisterdamise valikust!<\/p>\n<p>T\u00e4toveering on kergesti eemaldatav puhastuspiima v\u00f5i beebi\u00f5liga.<\/p>\n<p>Taaskasutatavad papp- ja plastpakendid.<br \/>\nKomplekti m\u00f5\u00f5dud: 9,6 x 16,3 cm<br \/>\nKaal: 4g<\/p>","protected":false},"excerpt":{"rendered":"<p>New Yorgist inspireeritud linnateemaliste t\u00e4toveeringute v\u00e4rvimiskomplekt: suurep\u00e4rased kujundused nahale kandmiseks! Suurep\u00e4rane kontseptsioon kohandatud t\u00e4toveeringuteks TATTOOPEN markeritega. &#8211; 12 v\u00e4ljal\u00f5igatavat t\u00e4toveeringut: rula, hot dog, grafiti, m\u00fcts, hoone\u2026 &#8211; Ideaalne kingitus teie alustavatele kunstnikule! Veega pealekandmisel p\u00fcsib 3 kuni 7 p\u00e4eva. M\u00f5eldud lastele, sobib tundlikule nahale, isegi n\u00e4ole. Nailmaticu eesm\u00e4rk on luua ilma muret tekitamata: uuenduslikud ja [&hellip;]<\/p>\n","protected":false},"featured_media":1841191,"comment_status":"open","ping_status":"closed","template":"","meta":[],"product_brand":[],"product_cat":[67,658],"product_tag":[],"class_list":{"0":"post-1841190","1":"product","2":"type-product","3":"status-publish","4":"has-post-thumbnail","6":"product_cat-meisterdamine","7":"product_cat-tattoo","9":"first","10":"instock","11":"taxable","12":"shipping-taxable","13":"purchasable","14":"product-type-simple"},"yoast_head":"<!-- This site is optimized with the Yoast SEO plugin v27.3 - https:\/\/yoast.com\/product\/yoast-seo-wordpress\/ -->\n<title>Nailmatic - 12 v\u00e4rvitavat t\u00e4toveeringut - CITY WORLD - RUUBY<\/title>\n<meta name=\"robots\" content=\"index, follow, max-snippet:-1, max-image-preview:large, max-video-preview:-1\" \/>\n<link rel=\"canonical\" href=\"https:\/\/ruuby.ee\/en\/pood\/lapsed\/meisterdamine\/tattoo\/nailmatic-12-varvitavat-tatoveeringut-city-world\/\" \/>\n<meta property=\"og:locale\" content=\"en_GB\" \/>\n<meta property=\"og:type\" content=\"article\" \/>\n<meta property=\"og:title\" content=\"Nailmatic - 12 v\u00e4rvitavat t\u00e4toveeringut - CITY WORLD - RUUBY\" \/>\n<meta property=\"og:description\" content=\"New Yorgist inspireeritud linnateemaliste t\u00e4toveeringute v\u00e4rvimiskomplekt: suurep\u00e4rased kujundused nahale kandmiseks! Suurep\u00e4rane kontseptsioon kohandatud t\u00e4toveeringuteks TATTOOPEN markeritega. &#8211; 12 v\u00e4ljal\u00f5igatavat t\u00e4toveeringut: rula, hot dog, grafiti, m\u00fcts, hoone\u2026 &#8211; Ideaalne kingitus teie alustavatele kunstnikule! Veega pealekandmisel p\u00fcsib 3 kuni 7 p\u00e4eva. M\u00f5eldud lastele, sobib tundlikule nahale, isegi n\u00e4ole. Nailmaticu eesm\u00e4rk on luua ilma muret tekitamata: uuenduslikud ja [&hellip;]\" \/>\n<meta property=\"og:url\" content=\"https:\/\/ruuby.ee\/en\/pood\/lapsed\/meisterdamine\/tattoo\/nailmatic-12-varvitavat-tatoveeringut-city-world\/\" \/>\n<meta property=\"og:site_name\" content=\"RUUBY\" \/>\n<meta property=\"article:publisher\" content=\"https:\/\/www.facebook.com\/ruubyconcept\" \/>\n<meta property=\"article:modified_time\" content=\"2026-04-07T22:28:37+00:00\" \/>\n<meta property=\"og:image\" content=\"https:\/\/ruuby.ee\/wp-content\/uploads\/2023\/12\/Screenshot-2023-12-07-at-15.48.31.png\" \/>\n\t<meta property=\"og:image:width\" content=\"976\" \/>\n\t<meta property=\"og:image:height\" content=\"1232\" \/>\n\t<meta property=\"og:image:type\" content=\"image\/png\" \/>\n<meta name=\"twitter:card\" content=\"summary_large_image\" \/>\n<meta name=\"twitter:label1\" content=\"Estimated reading time\" \/>\n\t<meta name=\"twitter:data1\" content=\"2 minutes\" \/>\n<script type=\"application\/ld+json\" class=\"yoast-schema-graph\">{\"@context\":\"https:\\\/\\\/schema.org\",\"@graph\":[{\"@type\":[\"WebPage\",\"ItemPage\"],\"@id\":\"https:\\\/\\\/ruuby.ee\\\/pood\\\/lapsed\\\/meisterdamine\\\/tattoo\\\/nailmatic-12-varvitavat-tatoveeringut-city-world\\\/\",\"url\":\"https:\\\/\\\/ruuby.ee\\\/pood\\\/lapsed\\\/meisterdamine\\\/tattoo\\\/nailmatic-12-varvitavat-tatoveeringut-city-world\\\/\",\"name\":\"Nailmatic - 12 v\u00e4rvitavat t\u00e4toveeringut - CITY WORLD - RUUBY\",\"isPartOf\":{\"@id\":\"http:\\\/\\\/ruuby.ee\\\/#website\"},\"primaryImageOfPage\":{\"@id\":\"https:\\\/\\\/ruuby.ee\\\/pood\\\/lapsed\\\/meisterdamine\\\/tattoo\\\/nailmatic-12-varvitavat-tatoveeringut-city-world\\\/#primaryimage\"},\"image\":{\"@id\":\"https:\\\/\\\/ruuby.ee\\\/pood\\\/lapsed\\\/meisterdamine\\\/tattoo\\\/nailmatic-12-varvitavat-tatoveeringut-city-world\\\/#primaryimage\"},\"thumbnailUrl\":\"https:\\\/\\\/ruuby.ee\\\/wp-content\\\/uploads\\\/2023\\\/12\\\/Screenshot-2023-12-07-at-15.48.31.png\",\"datePublished\":\"2023-12-07T13:56:04+00:00\",\"dateModified\":\"2026-04-07T22:28:37+00:00\",\"breadcrumb\":{\"@id\":\"https:\\\/\\\/ruuby.ee\\\/pood\\\/lapsed\\\/meisterdamine\\\/tattoo\\\/nailmatic-12-varvitavat-tatoveeringut-city-world\\\/#breadcrumb\"},\"inLanguage\":\"en-GB\",\"potentialAction\":[{\"@type\":\"ReadAction\",\"target\":[\"https:\\\/\\\/ruuby.ee\\\/pood\\\/lapsed\\\/meisterdamine\\\/tattoo\\\/nailmatic-12-varvitavat-tatoveeringut-city-world\\\/\"]}]},{\"@type\":\"ImageObject\",\"inLanguage\":\"en-GB\",\"@id\":\"https:\\\/\\\/ruuby.ee\\\/pood\\\/lapsed\\\/meisterdamine\\\/tattoo\\\/nailmatic-12-varvitavat-tatoveeringut-city-world\\\/#primaryimage\",\"url\":\"https:\\\/\\\/ruuby.ee\\\/wp-content\\\/uploads\\\/2023\\\/12\\\/Screenshot-2023-12-07-at-15.48.31.png\",\"contentUrl\":\"https:\\\/\\\/ruuby.ee\\\/wp-content\\\/uploads\\\/2023\\\/12\\\/Screenshot-2023-12-07-at-15.48.31.png\",\"width\":976,\"height\":1232},{\"@type\":\"BreadcrumbList\",\"@id\":\"https:\\\/\\\/ruuby.ee\\\/pood\\\/lapsed\\\/meisterdamine\\\/tattoo\\\/nailmatic-12-varvitavat-tatoveeringut-city-world\\\/#breadcrumb\",\"itemListElement\":[{\"@type\":\"ListItem\",\"position\":1,\"name\":\"Kdu\",\"item\":\"http:\\\/\\\/ruuby.ee\\\/\"},{\"@type\":\"ListItem\",\"position\":2,\"name\":\"Pood\",\"item\":\"http:\\\/\\\/ruuby.ee\\\/pood\\\/\"},{\"@type\":\"ListItem\",\"position\":3,\"name\":\"Nailmatic &#8211; 12 v\u00e4rvitavat t\u00e4toveeringut &#8211; CITY WORLD\"}]},{\"@type\":\"WebSite\",\"@id\":\"http:\\\/\\\/ruuby.ee\\\/#website\",\"url\":\"http:\\\/\\\/ruuby.ee\\\/\",\"name\":\"RUUBY\",\"description\":\"Ruubys on \u00fchendatud elustiil ja disain\",\"publisher\":{\"@id\":\"http:\\\/\\\/ruuby.ee\\\/#organization\"},\"alternateName\":\"Ruuby Disain\",\"potentialAction\":[{\"@type\":\"SearchAction\",\"target\":{\"@type\":\"EntryPoint\",\"urlTemplate\":\"http:\\\/\\\/ruuby.ee\\\/?s={search_term_string}\"},\"query-input\":{\"@type\":\"PropertyValueSpecification\",\"valueRequired\":true,\"valueName\":\"search_term_string\"}}],\"inLanguage\":\"en-GB\"},{\"@type\":\"Organization\",\"@id\":\"http:\\\/\\\/ruuby.ee\\\/#organization\",\"name\":\"Ruuby Disain O\u00dc\",\"alternateName\":\"Ruuby\",\"url\":\"http:\\\/\\\/ruuby.ee\\\/\",\"logo\":{\"@type\":\"ImageObject\",\"inLanguage\":\"en-GB\",\"@id\":\"http:\\\/\\\/ruuby.ee\\\/#\\\/schema\\\/logo\\\/image\\\/\",\"url\":\"https:\\\/\\\/ruuby.ee\\\/wp-content\\\/uploads\\\/2023\\\/06\\\/cropped-Black-White-Elegant-Circle-Signature-Fashion-Logo-12_large.png\",\"contentUrl\":\"https:\\\/\\\/ruuby.ee\\\/wp-content\\\/uploads\\\/2023\\\/06\\\/cropped-Black-White-Elegant-Circle-Signature-Fashion-Logo-12_large.png\",\"width\":1280,\"height\":747,\"caption\":\"Ruuby Disain O\u00dc\"},\"image\":{\"@id\":\"http:\\\/\\\/ruuby.ee\\\/#\\\/schema\\\/logo\\\/image\\\/\"},\"sameAs\":[\"https:\\\/\\\/www.facebook.com\\\/ruubyconcept\",\"https:\\\/\\\/www.instagram.com\\\/ruuby_concept\\\/\"]}]}<\/script>\n<!-- \/ Yoast SEO plugin. -->","yoast_head_json":{"title":"Nailmatic - 12 v\u00e4rvitavat t\u00e4toveeringut - CITY WORLD - RUUBY","robots":{"index":"index","follow":"follow","max-snippet":"max-snippet:-1","max-image-preview":"max-image-preview:large","max-video-preview":"max-video-preview:-1"},"canonical":"https:\/\/ruuby.ee\/en\/pood\/lapsed\/meisterdamine\/tattoo\/nailmatic-12-varvitavat-tatoveeringut-city-world\/","og_locale":"en_GB","og_type":"article","og_title":"Nailmatic - 12 v\u00e4rvitavat t\u00e4toveeringut - CITY WORLD - RUUBY","og_description":"New Yorgist inspireeritud linnateemaliste t\u00e4toveeringute v\u00e4rvimiskomplekt: suurep\u00e4rased kujundused nahale kandmiseks! Suurep\u00e4rane kontseptsioon kohandatud t\u00e4toveeringuteks TATTOOPEN markeritega. &#8211; 12 v\u00e4ljal\u00f5igatavat t\u00e4toveeringut: rula, hot dog, grafiti, m\u00fcts, hoone\u2026 &#8211; Ideaalne kingitus teie alustavatele kunstnikule! Veega pealekandmisel p\u00fcsib 3 kuni 7 p\u00e4eva. M\u00f5eldud lastele, sobib tundlikule nahale, isegi n\u00e4ole. Nailmaticu eesm\u00e4rk on luua ilma muret tekitamata: uuenduslikud ja [&hellip;]","og_url":"https:\/\/ruuby.ee\/en\/pood\/lapsed\/meisterdamine\/tattoo\/nailmatic-12-varvitavat-tatoveeringut-city-world\/","og_site_name":"RUUBY","article_publisher":"https:\/\/www.facebook.com\/ruubyconcept","article_modified_time":"2026-04-07T22:28:37+00:00","og_image":[{"width":976,"height":1232,"url":"https:\/\/ruuby.ee\/wp-content\/uploads\/2023\/12\/Screenshot-2023-12-07-at-15.48.31.png","type":"image\/png"}],"twitter_card":"summary_large_image","twitter_misc":{"Estimated reading time":"2 minutes"},"schema":{"@context":"https:\/\/schema.org","@graph":[{"@type":["WebPage","ItemPage"],"@id":"https:\/\/ruuby.ee\/pood\/lapsed\/meisterdamine\/tattoo\/nailmatic-12-varvitavat-tatoveeringut-city-world\/","url":"https:\/\/ruuby.ee\/pood\/lapsed\/meisterdamine\/tattoo\/nailmatic-12-varvitavat-tatoveeringut-city-world\/","name":"Nailmatic - 12 v\u00e4rvitavat t\u00e4toveeringut - CITY WORLD - RUUBY","isPartOf":{"@id":"http:\/\/ruuby.ee\/#website"},"primaryImageOfPage":{"@id":"https:\/\/ruuby.ee\/pood\/lapsed\/meisterdamine\/tattoo\/nailmatic-12-varvitavat-tatoveeringut-city-world\/#primaryimage"},"image":{"@id":"https:\/\/ruuby.ee\/pood\/lapsed\/meisterdamine\/tattoo\/nailmatic-12-varvitavat-tatoveeringut-city-world\/#primaryimage"},"thumbnailUrl":"https:\/\/ruuby.ee\/wp-content\/uploads\/2023\/12\/Screenshot-2023-12-07-at-15.48.31.png","datePublished":"2023-12-07T13:56:04+00:00","dateModified":"2026-04-07T22:28:37+00:00","breadcrumb":{"@id":"https:\/\/ruuby.ee\/pood\/lapsed\/meisterdamine\/tattoo\/nailmatic-12-varvitavat-tatoveeringut-city-world\/#breadcrumb"},"inLanguage":"en-GB","potentialAction":[{"@type":"ReadAction","target":["https:\/\/ruuby.ee\/pood\/lapsed\/meisterdamine\/tattoo\/nailmatic-12-varvitavat-tatoveeringut-city-world\/"]}]},{"@type":"ImageObject","inLanguage":"en-GB","@id":"https:\/\/ruuby.ee\/pood\/lapsed\/meisterdamine\/tattoo\/nailmatic-12-varvitavat-tatoveeringut-city-world\/#primaryimage","url":"https:\/\/ruuby.ee\/wp-content\/uploads\/2023\/12\/Screenshot-2023-12-07-at-15.48.31.png","contentUrl":"https:\/\/ruuby.ee\/wp-content\/uploads\/2023\/12\/Screenshot-2023-12-07-at-15.48.31.png","width":976,"height":1232},{"@type":"BreadcrumbList","@id":"https:\/\/ruuby.ee\/pood\/lapsed\/meisterdamine\/tattoo\/nailmatic-12-varvitavat-tatoveeringut-city-world\/#breadcrumb","itemListElement":[{"@type":"ListItem","position":1,"name":"Kdu","item":"http:\/\/ruuby.ee\/"},{"@type":"ListItem","position":2,"name":"Pood","item":"http:\/\/ruuby.ee\/pood\/"},{"@type":"ListItem","position":3,"name":"Nailmatic &#8211; 12 v\u00e4rvitavat t\u00e4toveeringut &#8211; CITY WORLD"}]},{"@type":"WebSite","@id":"http:\/\/ruuby.ee\/#website","url":"http:\/\/ruuby.ee\/","name":"RUUBY","description":"Ruubys on \u00fchendatud elustiil ja disain","publisher":{"@id":"http:\/\/ruuby.ee\/#organization"},"alternateName":"Ruuby Disain","potentialAction":[{"@type":"SearchAction","target":{"@type":"EntryPoint","urlTemplate":"http:\/\/ruuby.ee\/?s={search_term_string}"},"query-input":{"@type":"PropertyValueSpecification","valueRequired":true,"valueName":"search_term_string"}}],"inLanguage":"en-GB"},{"@type":"Organization","@id":"http:\/\/ruuby.ee\/#organization","name":"Ruuby Disain O\u00dc","alternateName":"Ruuby","url":"http:\/\/ruuby.ee\/","logo":{"@type":"ImageObject","inLanguage":"en-GB","@id":"http:\/\/ruuby.ee\/#\/schema\/logo\/image\/","url":"https:\/\/ruuby.ee\/wp-content\/uploads\/2023\/06\/cropped-Black-White-Elegant-Circle-Signature-Fashion-Logo-12_large.png","contentUrl":"https:\/\/ruuby.ee\/wp-content\/uploads\/2023\/06\/cropped-Black-White-Elegant-Circle-Signature-Fashion-Logo-12_large.png","width":1280,"height":747,"caption":"Ruuby Disain O\u00dc"},"image":{"@id":"http:\/\/ruuby.ee\/#\/schema\/logo\/image\/"},"sameAs":["https:\/\/www.facebook.com\/ruubyconcept","https:\/\/www.instagram.com\/ruuby_concept\/"]}]}},"jetpack_sharing_enabled":true,"_links":{"self":[{"href":"https:\/\/ruuby.ee\/en\/wp-json\/wp\/v2\/product\/1841190","targetHints":{"allow":["GET"]}}],"collection":[{"href":"https:\/\/ruuby.ee\/en\/wp-json\/wp\/v2\/product"}],"about":[{"href":"https:\/\/ruuby.ee\/en\/wp-json\/wp\/v2\/types\/product"}],"replies":[{"embeddable":true,"href":"https:\/\/ruuby.ee\/en\/wp-json\/wp\/v2\/comments?post=1841190"}],"wp:featuredmedia":[{"embeddable":true,"href":"https:\/\/ruuby.ee\/en\/wp-json\/wp\/v2\/media\/1841191"}],"wp:attachment":[{"href":"https:\/\/ruuby.ee\/en\/wp-json\/wp\/v2\/media?parent=1841190"}],"wp:term":[{"taxonomy":"product_brand","embeddable":true,"href":"https:\/\/ruuby.ee\/en\/wp-json\/wp\/v2\/product_brand?post=1841190"},{"taxonomy":"product_cat","embeddable":true,"href":"https:\/\/ruuby.ee\/en\/wp-json\/wp\/v2\/product_cat?post=1841190"},{"taxonomy":"product_tag","embeddable":true,"href":"https:\/\/ruuby.ee\/en\/wp-json\/wp\/v2\/product_tag?post=1841190"}],"curies":[{"name":"wp","href":"https:\/\/api.w.org\/{rel}","templated":true}]}}