{"id":1841055,"date":"2023-11-25T14:16:25","date_gmt":"2023-11-25T12:16:25","guid":{"rendered":"http:\/\/ruuby.ee\/?post_type=product&#038;p=1841055"},"modified":"2026-04-08T01:28:37","modified_gmt":"2026-04-07T22:28:37","slug":"pole-to-pole-poorlev-tool-storm","status":"publish","type":"product","link":"https:\/\/ruuby.ee\/en\/pood\/kodusisustus\/moobel\/toolid\/pole-to-pole-poorlev-tool-storm\/","title":{"rendered":"Pole To Pole &#8211; p\u00f6\u00f6rlev tool, Storm"},"content":{"rendered":"<p>Storm p\u00f6\u00f6rlev tool on elegantse ja kaasaegse disainiga, mis t\u00e4iendab vaevata iga interj\u00f6\u00f6ri.<\/p>\n<p>Kvaliteetse automaatse tagasip\u00f6\u00f6ramise s\u00fcsteemiga valmistatud tool on loodud mugavust silmas pidades. Selle tooli \u00fcks silmapaistvamaid omadusi on selle 360-kraadine p\u00f6\u00f6rlemisv\u00f5ime. See v\u00f5imaldab teil h\u00f5lpsalt igas suunas p\u00f6\u00f6rata, v\u00f5imaldades teil suhelda s\u00f5pradega, liituda vestlustega v\u00f5i lihtsalt nautida panoraamvaadet, ilma et peaksite kogu tooli \u00fcmber paigutama.<\/p>\n<p>Mugavuse suurendamiseks on toolil polsterdatud iste ja seljatugi. Padjad on loodud pakkuma optimaalset tuge ja l\u00f5\u00f5gastust, v\u00f5imaldades teil pikka aega mugavalt puhata.<\/p>\n<p>Saadaval v\u00e4rvid: Liivavalge, bee\u017e v\u00f5i pruun<\/p>\n<p>Toote suurus: Laius: 56 CM S\u00fcgavus: 60 CM K\u00f5rgus: 88 CM Istme k\u00f5rgus: 48 CM<\/p>\n<p>Toote materjalid: Iste: vineerist ja metallraam \/ Poroloonist \/ Kangast, Jalad: must pulberv\u00e4rvitud raud.<\/p>","protected":false},"excerpt":{"rendered":"<p>Storm p\u00f6\u00f6rlev tool on elegantse ja kaasaegse disainiga, mis t\u00e4iendab vaevata iga interj\u00f6\u00f6ri. Kvaliteetse automaatse tagasip\u00f6\u00f6ramise s\u00fcsteemiga valmistatud tool on loodud mugavust silmas pidades. Selle tooli \u00fcks silmapaistvamaid omadusi on selle 360-kraadine p\u00f6\u00f6rlemisv\u00f5ime. See v\u00f5imaldab teil h\u00f5lpsalt igas suunas p\u00f6\u00f6rata, v\u00f5imaldades teil suhelda s\u00f5pradega, liituda vestlustega v\u00f5i lihtsalt nautida panoraamvaadet, ilma et peaksite kogu tooli [&hellip;]<\/p>\n","protected":false},"featured_media":1848426,"comment_status":"open","ping_status":"closed","template":"","meta":[],"product_brand":[],"product_cat":[42,1016,555],"product_tag":[],"class_list":{"0":"post-1841055","1":"product","2":"type-product","3":"status-publish","4":"has-post-thumbnail","6":"product_cat-kodusisustus","7":"product_cat-soogitoolid","8":"product_cat-toolid","10":"first","11":"onbackorder","12":"taxable","13":"shipping-taxable","14":"purchasable","15":"product-type-variable","16":"rtwpvs-product"},"yoast_head":"<!-- This site is optimized with the Yoast SEO plugin v27.3 - https:\/\/yoast.com\/product\/yoast-seo-wordpress\/ -->\n<title>Pole To Pole - p\u00f6\u00f6rlev tool, Storm - RUUBY<\/title>\n<meta name=\"robots\" content=\"index, follow, max-snippet:-1, max-image-preview:large, max-video-preview:-1\" \/>\n<link rel=\"canonical\" href=\"http:\/\/ruuby.ee\/en\/pood\/kodusisustus\/moobel\/toolid\/pole-to-pole-poorlev-tool-storm\/\" \/>\n<meta property=\"og:locale\" content=\"en_GB\" \/>\n<meta property=\"og:type\" content=\"article\" \/>\n<meta property=\"og:title\" content=\"Pole To Pole - p\u00f6\u00f6rlev tool, Storm - RUUBY\" \/>\n<meta property=\"og:description\" content=\"Storm p\u00f6\u00f6rlev tool on elegantse ja kaasaegse disainiga, mis t\u00e4iendab vaevata iga interj\u00f6\u00f6ri. Kvaliteetse automaatse tagasip\u00f6\u00f6ramise s\u00fcsteemiga valmistatud tool on loodud mugavust silmas pidades. Selle tooli \u00fcks silmapaistvamaid omadusi on selle 360-kraadine p\u00f6\u00f6rlemisv\u00f5ime. See v\u00f5imaldab teil h\u00f5lpsalt igas suunas p\u00f6\u00f6rata, v\u00f5imaldades teil suhelda s\u00f5pradega, liituda vestlustega v\u00f5i lihtsalt nautida panoraamvaadet, ilma et peaksite kogu tooli [&hellip;]\" \/>\n<meta property=\"og:url\" content=\"http:\/\/ruuby.ee\/en\/pood\/kodusisustus\/moobel\/toolid\/pole-to-pole-poorlev-tool-storm\/\" \/>\n<meta property=\"og:site_name\" content=\"RUUBY\" \/>\n<meta property=\"article:publisher\" content=\"https:\/\/www.facebook.com\/ruubyconcept\" \/>\n<meta property=\"article:modified_time\" content=\"2026-04-07T22:28:37+00:00\" \/>\n<meta property=\"og:image\" content=\"http:\/\/ruuby.ee\/wp-content\/uploads\/2023\/11\/Screenshot-2024-09-05-at-15.55.01.png\" \/>\n\t<meta property=\"og:image:width\" content=\"716\" \/>\n\t<meta property=\"og:image:height\" content=\"722\" \/>\n\t<meta property=\"og:image:type\" content=\"image\/png\" \/>\n<meta name=\"twitter:card\" content=\"summary_large_image\" \/>\n<meta name=\"twitter:label1\" content=\"Estimated reading time\" \/>\n\t<meta name=\"twitter:data1\" content=\"1 minute\" \/>\n<script type=\"application\/ld+json\" class=\"yoast-schema-graph\">{\"@context\":\"https:\\\/\\\/schema.org\",\"@graph\":[{\"@type\":[\"WebPage\",\"ItemPage\"],\"@id\":\"http:\\\/\\\/ruuby.ee\\\/pood\\\/kodusisustus\\\/moobel\\\/toolid\\\/pole-to-pole-poorlev-tool-storm\\\/\",\"url\":\"http:\\\/\\\/ruuby.ee\\\/pood\\\/kodusisustus\\\/moobel\\\/toolid\\\/pole-to-pole-poorlev-tool-storm\\\/\",\"name\":\"Pole To Pole - p\u00f6\u00f6rlev tool, Storm - RUUBY\",\"isPartOf\":{\"@id\":\"http:\\\/\\\/ruuby.ee\\\/en\\\/#website\"},\"primaryImageOfPage\":{\"@id\":\"http:\\\/\\\/ruuby.ee\\\/pood\\\/kodusisustus\\\/moobel\\\/toolid\\\/pole-to-pole-poorlev-tool-storm\\\/#primaryimage\"},\"image\":{\"@id\":\"http:\\\/\\\/ruuby.ee\\\/pood\\\/kodusisustus\\\/moobel\\\/toolid\\\/pole-to-pole-poorlev-tool-storm\\\/#primaryimage\"},\"thumbnailUrl\":\"https:\\\/\\\/ruuby.ee\\\/wp-content\\\/uploads\\\/2023\\\/11\\\/Screenshot-2024-09-05-at-15.55.01.png\",\"datePublished\":\"2023-11-25T12:16:25+00:00\",\"dateModified\":\"2026-04-07T22:28:37+00:00\",\"breadcrumb\":{\"@id\":\"http:\\\/\\\/ruuby.ee\\\/pood\\\/kodusisustus\\\/moobel\\\/toolid\\\/pole-to-pole-poorlev-tool-storm\\\/#breadcrumb\"},\"inLanguage\":\"en-GB\",\"potentialAction\":[{\"@type\":\"ReadAction\",\"target\":[\"http:\\\/\\\/ruuby.ee\\\/pood\\\/kodusisustus\\\/moobel\\\/toolid\\\/pole-to-pole-poorlev-tool-storm\\\/\"]}]},{\"@type\":\"ImageObject\",\"inLanguage\":\"en-GB\",\"@id\":\"http:\\\/\\\/ruuby.ee\\\/pood\\\/kodusisustus\\\/moobel\\\/toolid\\\/pole-to-pole-poorlev-tool-storm\\\/#primaryimage\",\"url\":\"https:\\\/\\\/ruuby.ee\\\/wp-content\\\/uploads\\\/2023\\\/11\\\/Screenshot-2024-09-05-at-15.55.01.png\",\"contentUrl\":\"https:\\\/\\\/ruuby.ee\\\/wp-content\\\/uploads\\\/2023\\\/11\\\/Screenshot-2024-09-05-at-15.55.01.png\",\"width\":716,\"height\":722},{\"@type\":\"BreadcrumbList\",\"@id\":\"http:\\\/\\\/ruuby.ee\\\/pood\\\/kodusisustus\\\/moobel\\\/toolid\\\/pole-to-pole-poorlev-tool-storm\\\/#breadcrumb\",\"itemListElement\":[{\"@type\":\"ListItem\",\"position\":1,\"name\":\"Kdu\",\"item\":\"http:\\\/\\\/ruuby.ee\\\/en\\\/\"},{\"@type\":\"ListItem\",\"position\":2,\"name\":\"Pood\",\"item\":\"http:\\\/\\\/ruuby.ee\\\/en\\\/pood\\\/\"},{\"@type\":\"ListItem\",\"position\":3,\"name\":\"Pole To Pole &#8211; p\u00f6\u00f6rlev tool, Storm\"}]},{\"@type\":\"WebSite\",\"@id\":\"http:\\\/\\\/ruuby.ee\\\/en\\\/#website\",\"url\":\"http:\\\/\\\/ruuby.ee\\\/en\\\/\",\"name\":\"RUUBY\",\"description\":\"Ruubys on \u00fchendatud elustiil ja disain\",\"publisher\":{\"@id\":\"http:\\\/\\\/ruuby.ee\\\/en\\\/#organization\"},\"alternateName\":\"Ruuby Disain\",\"potentialAction\":[{\"@type\":\"SearchAction\",\"target\":{\"@type\":\"EntryPoint\",\"urlTemplate\":\"http:\\\/\\\/ruuby.ee\\\/en\\\/?s={search_term_string}\"},\"query-input\":{\"@type\":\"PropertyValueSpecification\",\"valueRequired\":true,\"valueName\":\"search_term_string\"}}],\"inLanguage\":\"en-GB\"},{\"@type\":\"Organization\",\"@id\":\"http:\\\/\\\/ruuby.ee\\\/en\\\/#organization\",\"name\":\"Ruuby Disain O\u00dc\",\"alternateName\":\"Ruuby\",\"url\":\"http:\\\/\\\/ruuby.ee\\\/en\\\/\",\"logo\":{\"@type\":\"ImageObject\",\"inLanguage\":\"en-GB\",\"@id\":\"http:\\\/\\\/ruuby.ee\\\/en\\\/#\\\/schema\\\/logo\\\/image\\\/\",\"url\":\"https:\\\/\\\/ruuby.ee\\\/wp-content\\\/uploads\\\/2023\\\/06\\\/cropped-Black-White-Elegant-Circle-Signature-Fashion-Logo-12_large.png\",\"contentUrl\":\"https:\\\/\\\/ruuby.ee\\\/wp-content\\\/uploads\\\/2023\\\/06\\\/cropped-Black-White-Elegant-Circle-Signature-Fashion-Logo-12_large.png\",\"width\":1280,\"height\":747,\"caption\":\"Ruuby Disain O\u00dc\"},\"image\":{\"@id\":\"http:\\\/\\\/ruuby.ee\\\/en\\\/#\\\/schema\\\/logo\\\/image\\\/\"},\"sameAs\":[\"https:\\\/\\\/www.facebook.com\\\/ruubyconcept\",\"https:\\\/\\\/www.instagram.com\\\/ruuby_concept\\\/\"]}]}<\/script>\n<!-- \/ Yoast SEO plugin. -->","yoast_head_json":{"title":"Pole To Pole - p\u00f6\u00f6rlev tool, Storm - RUUBY","robots":{"index":"index","follow":"follow","max-snippet":"max-snippet:-1","max-image-preview":"max-image-preview:large","max-video-preview":"max-video-preview:-1"},"canonical":"http:\/\/ruuby.ee\/en\/pood\/kodusisustus\/moobel\/toolid\/pole-to-pole-poorlev-tool-storm\/","og_locale":"en_GB","og_type":"article","og_title":"Pole To Pole - p\u00f6\u00f6rlev tool, Storm - RUUBY","og_description":"Storm p\u00f6\u00f6rlev tool on elegantse ja kaasaegse disainiga, mis t\u00e4iendab vaevata iga interj\u00f6\u00f6ri. Kvaliteetse automaatse tagasip\u00f6\u00f6ramise s\u00fcsteemiga valmistatud tool on loodud mugavust silmas pidades. Selle tooli \u00fcks silmapaistvamaid omadusi on selle 360-kraadine p\u00f6\u00f6rlemisv\u00f5ime. See v\u00f5imaldab teil h\u00f5lpsalt igas suunas p\u00f6\u00f6rata, v\u00f5imaldades teil suhelda s\u00f5pradega, liituda vestlustega v\u00f5i lihtsalt nautida panoraamvaadet, ilma et peaksite kogu tooli [&hellip;]","og_url":"http:\/\/ruuby.ee\/en\/pood\/kodusisustus\/moobel\/toolid\/pole-to-pole-poorlev-tool-storm\/","og_site_name":"RUUBY","article_publisher":"https:\/\/www.facebook.com\/ruubyconcept","article_modified_time":"2026-04-07T22:28:37+00:00","og_image":[{"width":716,"height":722,"url":"http:\/\/ruuby.ee\/wp-content\/uploads\/2023\/11\/Screenshot-2024-09-05-at-15.55.01.png","type":"image\/png"}],"twitter_card":"summary_large_image","twitter_misc":{"Estimated reading time":"1 minute"},"schema":{"@context":"https:\/\/schema.org","@graph":[{"@type":["WebPage","ItemPage"],"@id":"http:\/\/ruuby.ee\/pood\/kodusisustus\/moobel\/toolid\/pole-to-pole-poorlev-tool-storm\/","url":"http:\/\/ruuby.ee\/pood\/kodusisustus\/moobel\/toolid\/pole-to-pole-poorlev-tool-storm\/","name":"Pole To Pole - p\u00f6\u00f6rlev tool, Storm - RUUBY","isPartOf":{"@id":"http:\/\/ruuby.ee\/en\/#website"},"primaryImageOfPage":{"@id":"http:\/\/ruuby.ee\/pood\/kodusisustus\/moobel\/toolid\/pole-to-pole-poorlev-tool-storm\/#primaryimage"},"image":{"@id":"http:\/\/ruuby.ee\/pood\/kodusisustus\/moobel\/toolid\/pole-to-pole-poorlev-tool-storm\/#primaryimage"},"thumbnailUrl":"https:\/\/ruuby.ee\/wp-content\/uploads\/2023\/11\/Screenshot-2024-09-05-at-15.55.01.png","datePublished":"2023-11-25T12:16:25+00:00","dateModified":"2026-04-07T22:28:37+00:00","breadcrumb":{"@id":"http:\/\/ruuby.ee\/pood\/kodusisustus\/moobel\/toolid\/pole-to-pole-poorlev-tool-storm\/#breadcrumb"},"inLanguage":"en-GB","potentialAction":[{"@type":"ReadAction","target":["http:\/\/ruuby.ee\/pood\/kodusisustus\/moobel\/toolid\/pole-to-pole-poorlev-tool-storm\/"]}]},{"@type":"ImageObject","inLanguage":"en-GB","@id":"http:\/\/ruuby.ee\/pood\/kodusisustus\/moobel\/toolid\/pole-to-pole-poorlev-tool-storm\/#primaryimage","url":"https:\/\/ruuby.ee\/wp-content\/uploads\/2023\/11\/Screenshot-2024-09-05-at-15.55.01.png","contentUrl":"https:\/\/ruuby.ee\/wp-content\/uploads\/2023\/11\/Screenshot-2024-09-05-at-15.55.01.png","width":716,"height":722},{"@type":"BreadcrumbList","@id":"http:\/\/ruuby.ee\/pood\/kodusisustus\/moobel\/toolid\/pole-to-pole-poorlev-tool-storm\/#breadcrumb","itemListElement":[{"@type":"ListItem","position":1,"name":"Kdu","item":"http:\/\/ruuby.ee\/en\/"},{"@type":"ListItem","position":2,"name":"Pood","item":"http:\/\/ruuby.ee\/en\/pood\/"},{"@type":"ListItem","position":3,"name":"Pole To Pole &#8211; p\u00f6\u00f6rlev tool, Storm"}]},{"@type":"WebSite","@id":"http:\/\/ruuby.ee\/en\/#website","url":"http:\/\/ruuby.ee\/en\/","name":"RUUBY","description":"Ruubys on \u00fchendatud elustiil ja disain","publisher":{"@id":"http:\/\/ruuby.ee\/en\/#organization"},"alternateName":"Ruuby Disain","potentialAction":[{"@type":"SearchAction","target":{"@type":"EntryPoint","urlTemplate":"http:\/\/ruuby.ee\/en\/?s={search_term_string}"},"query-input":{"@type":"PropertyValueSpecification","valueRequired":true,"valueName":"search_term_string"}}],"inLanguage":"en-GB"},{"@type":"Organization","@id":"http:\/\/ruuby.ee\/en\/#organization","name":"Ruuby Disain O\u00dc","alternateName":"Ruuby","url":"http:\/\/ruuby.ee\/en\/","logo":{"@type":"ImageObject","inLanguage":"en-GB","@id":"http:\/\/ruuby.ee\/en\/#\/schema\/logo\/image\/","url":"https:\/\/ruuby.ee\/wp-content\/uploads\/2023\/06\/cropped-Black-White-Elegant-Circle-Signature-Fashion-Logo-12_large.png","contentUrl":"https:\/\/ruuby.ee\/wp-content\/uploads\/2023\/06\/cropped-Black-White-Elegant-Circle-Signature-Fashion-Logo-12_large.png","width":1280,"height":747,"caption":"Ruuby Disain O\u00dc"},"image":{"@id":"http:\/\/ruuby.ee\/en\/#\/schema\/logo\/image\/"},"sameAs":["https:\/\/www.facebook.com\/ruubyconcept","https:\/\/www.instagram.com\/ruuby_concept\/"]}]}},"jetpack_sharing_enabled":true,"_links":{"self":[{"href":"https:\/\/ruuby.ee\/en\/wp-json\/wp\/v2\/product\/1841055","targetHints":{"allow":["GET"]}}],"collection":[{"href":"https:\/\/ruuby.ee\/en\/wp-json\/wp\/v2\/product"}],"about":[{"href":"https:\/\/ruuby.ee\/en\/wp-json\/wp\/v2\/types\/product"}],"replies":[{"embeddable":true,"href":"https:\/\/ruuby.ee\/en\/wp-json\/wp\/v2\/comments?post=1841055"}],"wp:featuredmedia":[{"embeddable":true,"href":"https:\/\/ruuby.ee\/en\/wp-json\/wp\/v2\/media\/1848426"}],"wp:attachment":[{"href":"https:\/\/ruuby.ee\/en\/wp-json\/wp\/v2\/media?parent=1841055"}],"wp:term":[{"taxonomy":"product_brand","embeddable":true,"href":"https:\/\/ruuby.ee\/en\/wp-json\/wp\/v2\/product_brand?post=1841055"},{"taxonomy":"product_cat","embeddable":true,"href":"https:\/\/ruuby.ee\/en\/wp-json\/wp\/v2\/product_cat?post=1841055"},{"taxonomy":"product_tag","embeddable":true,"href":"https:\/\/ruuby.ee\/en\/wp-json\/wp\/v2\/product_tag?post=1841055"}],"curies":[{"name":"wp","href":"https:\/\/api.w.org\/{rel}","templated":true}]}}