{"id":1841001,"date":"2023-11-21T14:15:24","date_gmt":"2023-11-21T12:15:24","guid":{"rendered":"http:\/\/ruuby.ee\/?post_type=product&#038;p=1841001"},"modified":"2026-04-08T01:28:37","modified_gmt":"2026-04-07T22:28:37","slug":"toot-meigikott-pink-flamingo","status":"publish","type":"product","link":"https:\/\/ruuby.ee\/en\/pood\/lapsed\/laste-kosmeetika\/nagu\/toot-meigikott-pink-flamingo\/","title":{"rendered":"TOOT! &#8211; Meigikott, Pink-Flamingo"},"content":{"rendered":"<p>T\u00e4iendage oma Flamingo kollektsiooni Flamingo meigikotiga! \ud83e\udda9\ud83e\udda9\ud83e\udda9<\/p>\n<ul>\n<li>Valmistatud tugevast lamineeritud l\u00f5uendist<\/li>\n<li>Mustuse- ja veekindel v\u00e4lispind<\/li>\n<li>Hea ka kingituseks<\/li>\n<li>Sega ja sobita teiste Flamingo kollektsiooni toodetega<\/li>\n<li>Mugav meigi kogumiseks v\u00f5i lihtsalt pliiatsi- v\u00f5i s\u00e4ilituskotina \ud83e\udd70.<\/li>\n<\/ul>\n<p>M\u00f5\u00f5dud: 22 x 15 x 6 cm&#8230;sobivad ideaalselt teie harjade, hambaharja v\u00f5i pliiatsitega!<\/p>\n<p>&nbsp;<\/p>\n<p>Miks on tooted, millega lapsed ja teismelised saavad katsetada, sageli t\u00e4is mitte s\u00f5bralikke koostisosi? See peaks muutuma!<\/p>\n<p>TOOTis! meile meeldib anda lastele ja teismelistele ruumi end vabalt v\u00e4ljendada ja muretult katsetada, teades, et nende naha eest hoolitsetakse samal ajal. K\u00f5ik meie tooted sisaldavad v\u00f5imalikult v\u00e4he koostisosi ja ainult neid koostisosi, mis sobivad eriti h\u00e4sti tundlikule (laste) nahale.<\/p>","protected":false},"excerpt":{"rendered":"<p>T\u00e4iendage oma Flamingo kollektsiooni Flamingo meigikotiga! \ud83e\udda9\ud83e\udda9\ud83e\udda9 Valmistatud tugevast lamineeritud l\u00f5uendist Mustuse- ja veekindel v\u00e4lispind Hea ka kingituseks Sega ja sobita teiste Flamingo kollektsiooni toodetega Mugav meigi kogumiseks v\u00f5i lihtsalt pliiatsi- v\u00f5i s\u00e4ilituskotina \ud83e\udd70. M\u00f5\u00f5dud: 22 x 15 x 6 cm&#8230;sobivad ideaalselt teie harjade, hambaharja v\u00f5i pliiatsitega! &nbsp; Miks on tooted, millega lapsed ja teismelised [&hellip;]<\/p>\n","protected":false},"featured_media":1841007,"comment_status":"open","ping_status":"closed","template":"","meta":[],"product_brand":[],"product_cat":[668,344,667],"product_tag":[],"class_list":{"0":"post-1841001","1":"product","2":"type-product","3":"status-publish","4":"has-post-thumbnail","6":"product_cat-kosmeetikakott","7":"product_cat-laste-kosmeetika","8":"product_cat-nagu","10":"first","11":"instock","12":"taxable","13":"shipping-taxable","14":"purchasable","15":"product-type-simple"},"yoast_head":"<!-- This site is optimized with the Yoast SEO plugin v27.3 - https:\/\/yoast.com\/product\/yoast-seo-wordpress\/ -->\n<title>TOOT! - Meigikott, Pink-Flamingo - RUUBY<\/title>\n<meta name=\"robots\" content=\"index, follow, max-snippet:-1, max-image-preview:large, max-video-preview:-1\" \/>\n<link rel=\"canonical\" href=\"http:\/\/ruuby.ee\/en\/pood\/lapsed\/laste-kosmeetika\/nagu\/toot-meigikott-pink-flamingo\/\" \/>\n<meta property=\"og:locale\" content=\"en_GB\" \/>\n<meta property=\"og:type\" content=\"article\" \/>\n<meta property=\"og:title\" content=\"TOOT! - Meigikott, Pink-Flamingo - RUUBY\" \/>\n<meta property=\"og:description\" content=\"T\u00e4iendage oma Flamingo kollektsiooni Flamingo meigikotiga! \ud83e\udda9\ud83e\udda9\ud83e\udda9 Valmistatud tugevast lamineeritud l\u00f5uendist Mustuse- ja veekindel v\u00e4lispind Hea ka kingituseks Sega ja sobita teiste Flamingo kollektsiooni toodetega Mugav meigi kogumiseks v\u00f5i lihtsalt pliiatsi- v\u00f5i s\u00e4ilituskotina \ud83e\udd70. M\u00f5\u00f5dud: 22 x 15 x 6 cm&#8230;sobivad ideaalselt teie harjade, hambaharja v\u00f5i pliiatsitega! &nbsp; Miks on tooted, millega lapsed ja teismelised [&hellip;]\" \/>\n<meta property=\"og:url\" content=\"http:\/\/ruuby.ee\/en\/pood\/lapsed\/laste-kosmeetika\/nagu\/toot-meigikott-pink-flamingo\/\" \/>\n<meta property=\"og:site_name\" content=\"RUUBY\" \/>\n<meta property=\"article:publisher\" content=\"https:\/\/www.facebook.com\/ruubyconcept\" \/>\n<meta property=\"article:modified_time\" content=\"2026-04-07T22:28:37+00:00\" \/>\n<meta property=\"og:image\" content=\"http:\/\/ruuby.ee\/wp-content\/uploads\/2023\/11\/Screenshot-2023-11-21-at-14.15.44.png\" \/>\n\t<meta property=\"og:image:width\" content=\"1592\" \/>\n\t<meta property=\"og:image:height\" content=\"1122\" \/>\n\t<meta property=\"og:image:type\" content=\"image\/png\" \/>\n<meta name=\"twitter:card\" content=\"summary_large_image\" \/>\n<meta name=\"twitter:label1\" content=\"Estimated reading time\" \/>\n\t<meta name=\"twitter:data1\" content=\"1 minute\" \/>\n<script type=\"application\/ld+json\" class=\"yoast-schema-graph\">{\"@context\":\"https:\\\/\\\/schema.org\",\"@graph\":[{\"@type\":[\"WebPage\",\"ItemPage\"],\"@id\":\"http:\\\/\\\/ruuby.ee\\\/pood\\\/lapsed\\\/laste-kosmeetika\\\/nagu\\\/toot-meigikott-pink-flamingo\\\/\",\"url\":\"http:\\\/\\\/ruuby.ee\\\/pood\\\/lapsed\\\/laste-kosmeetika\\\/nagu\\\/toot-meigikott-pink-flamingo\\\/\",\"name\":\"TOOT! - Meigikott, Pink-Flamingo - RUUBY\",\"isPartOf\":{\"@id\":\"http:\\\/\\\/ruuby.ee\\\/en\\\/#website\"},\"primaryImageOfPage\":{\"@id\":\"http:\\\/\\\/ruuby.ee\\\/pood\\\/lapsed\\\/laste-kosmeetika\\\/nagu\\\/toot-meigikott-pink-flamingo\\\/#primaryimage\"},\"image\":{\"@id\":\"http:\\\/\\\/ruuby.ee\\\/pood\\\/lapsed\\\/laste-kosmeetika\\\/nagu\\\/toot-meigikott-pink-flamingo\\\/#primaryimage\"},\"thumbnailUrl\":\"https:\\\/\\\/ruuby.ee\\\/wp-content\\\/uploads\\\/2023\\\/11\\\/Screenshot-2023-11-21-at-14.15.44.png\",\"datePublished\":\"2023-11-21T12:15:24+00:00\",\"dateModified\":\"2026-04-07T22:28:37+00:00\",\"breadcrumb\":{\"@id\":\"http:\\\/\\\/ruuby.ee\\\/pood\\\/lapsed\\\/laste-kosmeetika\\\/nagu\\\/toot-meigikott-pink-flamingo\\\/#breadcrumb\"},\"inLanguage\":\"en-GB\",\"potentialAction\":[{\"@type\":\"ReadAction\",\"target\":[\"http:\\\/\\\/ruuby.ee\\\/pood\\\/lapsed\\\/laste-kosmeetika\\\/nagu\\\/toot-meigikott-pink-flamingo\\\/\"]}]},{\"@type\":\"ImageObject\",\"inLanguage\":\"en-GB\",\"@id\":\"http:\\\/\\\/ruuby.ee\\\/pood\\\/lapsed\\\/laste-kosmeetika\\\/nagu\\\/toot-meigikott-pink-flamingo\\\/#primaryimage\",\"url\":\"https:\\\/\\\/ruuby.ee\\\/wp-content\\\/uploads\\\/2023\\\/11\\\/Screenshot-2023-11-21-at-14.15.44.png\",\"contentUrl\":\"https:\\\/\\\/ruuby.ee\\\/wp-content\\\/uploads\\\/2023\\\/11\\\/Screenshot-2023-11-21-at-14.15.44.png\",\"width\":1592,\"height\":1122},{\"@type\":\"BreadcrumbList\",\"@id\":\"http:\\\/\\\/ruuby.ee\\\/pood\\\/lapsed\\\/laste-kosmeetika\\\/nagu\\\/toot-meigikott-pink-flamingo\\\/#breadcrumb\",\"itemListElement\":[{\"@type\":\"ListItem\",\"position\":1,\"name\":\"Kdu\",\"item\":\"http:\\\/\\\/ruuby.ee\\\/en\\\/\"},{\"@type\":\"ListItem\",\"position\":2,\"name\":\"Pood\",\"item\":\"http:\\\/\\\/ruuby.ee\\\/en\\\/pood\\\/\"},{\"@type\":\"ListItem\",\"position\":3,\"name\":\"TOOT! &#8211; Meigikott, Pink-Flamingo\"}]},{\"@type\":\"WebSite\",\"@id\":\"http:\\\/\\\/ruuby.ee\\\/en\\\/#website\",\"url\":\"http:\\\/\\\/ruuby.ee\\\/en\\\/\",\"name\":\"RUUBY\",\"description\":\"Ruubys on \u00fchendatud elustiil ja disain\",\"publisher\":{\"@id\":\"http:\\\/\\\/ruuby.ee\\\/en\\\/#organization\"},\"alternateName\":\"Ruuby Disain\",\"potentialAction\":[{\"@type\":\"SearchAction\",\"target\":{\"@type\":\"EntryPoint\",\"urlTemplate\":\"http:\\\/\\\/ruuby.ee\\\/en\\\/?s={search_term_string}\"},\"query-input\":{\"@type\":\"PropertyValueSpecification\",\"valueRequired\":true,\"valueName\":\"search_term_string\"}}],\"inLanguage\":\"en-GB\"},{\"@type\":\"Organization\",\"@id\":\"http:\\\/\\\/ruuby.ee\\\/en\\\/#organization\",\"name\":\"Ruuby Disain O\u00dc\",\"alternateName\":\"Ruuby\",\"url\":\"http:\\\/\\\/ruuby.ee\\\/en\\\/\",\"logo\":{\"@type\":\"ImageObject\",\"inLanguage\":\"en-GB\",\"@id\":\"http:\\\/\\\/ruuby.ee\\\/en\\\/#\\\/schema\\\/logo\\\/image\\\/\",\"url\":\"https:\\\/\\\/ruuby.ee\\\/wp-content\\\/uploads\\\/2023\\\/06\\\/cropped-Black-White-Elegant-Circle-Signature-Fashion-Logo-12_large.png\",\"contentUrl\":\"https:\\\/\\\/ruuby.ee\\\/wp-content\\\/uploads\\\/2023\\\/06\\\/cropped-Black-White-Elegant-Circle-Signature-Fashion-Logo-12_large.png\",\"width\":1280,\"height\":747,\"caption\":\"Ruuby Disain O\u00dc\"},\"image\":{\"@id\":\"http:\\\/\\\/ruuby.ee\\\/en\\\/#\\\/schema\\\/logo\\\/image\\\/\"},\"sameAs\":[\"https:\\\/\\\/www.facebook.com\\\/ruubyconcept\",\"https:\\\/\\\/www.instagram.com\\\/ruuby_concept\\\/\"]}]}<\/script>\n<!-- \/ Yoast SEO plugin. -->","yoast_head_json":{"title":"TOOT! - Meigikott, Pink-Flamingo - RUUBY","robots":{"index":"index","follow":"follow","max-snippet":"max-snippet:-1","max-image-preview":"max-image-preview:large","max-video-preview":"max-video-preview:-1"},"canonical":"http:\/\/ruuby.ee\/en\/pood\/lapsed\/laste-kosmeetika\/nagu\/toot-meigikott-pink-flamingo\/","og_locale":"en_GB","og_type":"article","og_title":"TOOT! - Meigikott, Pink-Flamingo - RUUBY","og_description":"T\u00e4iendage oma Flamingo kollektsiooni Flamingo meigikotiga! \ud83e\udda9\ud83e\udda9\ud83e\udda9 Valmistatud tugevast lamineeritud l\u00f5uendist Mustuse- ja veekindel v\u00e4lispind Hea ka kingituseks Sega ja sobita teiste Flamingo kollektsiooni toodetega Mugav meigi kogumiseks v\u00f5i lihtsalt pliiatsi- v\u00f5i s\u00e4ilituskotina \ud83e\udd70. M\u00f5\u00f5dud: 22 x 15 x 6 cm&#8230;sobivad ideaalselt teie harjade, hambaharja v\u00f5i pliiatsitega! &nbsp; Miks on tooted, millega lapsed ja teismelised [&hellip;]","og_url":"http:\/\/ruuby.ee\/en\/pood\/lapsed\/laste-kosmeetika\/nagu\/toot-meigikott-pink-flamingo\/","og_site_name":"RUUBY","article_publisher":"https:\/\/www.facebook.com\/ruubyconcept","article_modified_time":"2026-04-07T22:28:37+00:00","og_image":[{"width":1592,"height":1122,"url":"http:\/\/ruuby.ee\/wp-content\/uploads\/2023\/11\/Screenshot-2023-11-21-at-14.15.44.png","type":"image\/png"}],"twitter_card":"summary_large_image","twitter_misc":{"Estimated reading time":"1 minute"},"schema":{"@context":"https:\/\/schema.org","@graph":[{"@type":["WebPage","ItemPage"],"@id":"http:\/\/ruuby.ee\/pood\/lapsed\/laste-kosmeetika\/nagu\/toot-meigikott-pink-flamingo\/","url":"http:\/\/ruuby.ee\/pood\/lapsed\/laste-kosmeetika\/nagu\/toot-meigikott-pink-flamingo\/","name":"TOOT! - Meigikott, Pink-Flamingo - RUUBY","isPartOf":{"@id":"http:\/\/ruuby.ee\/en\/#website"},"primaryImageOfPage":{"@id":"http:\/\/ruuby.ee\/pood\/lapsed\/laste-kosmeetika\/nagu\/toot-meigikott-pink-flamingo\/#primaryimage"},"image":{"@id":"http:\/\/ruuby.ee\/pood\/lapsed\/laste-kosmeetika\/nagu\/toot-meigikott-pink-flamingo\/#primaryimage"},"thumbnailUrl":"https:\/\/ruuby.ee\/wp-content\/uploads\/2023\/11\/Screenshot-2023-11-21-at-14.15.44.png","datePublished":"2023-11-21T12:15:24+00:00","dateModified":"2026-04-07T22:28:37+00:00","breadcrumb":{"@id":"http:\/\/ruuby.ee\/pood\/lapsed\/laste-kosmeetika\/nagu\/toot-meigikott-pink-flamingo\/#breadcrumb"},"inLanguage":"en-GB","potentialAction":[{"@type":"ReadAction","target":["http:\/\/ruuby.ee\/pood\/lapsed\/laste-kosmeetika\/nagu\/toot-meigikott-pink-flamingo\/"]}]},{"@type":"ImageObject","inLanguage":"en-GB","@id":"http:\/\/ruuby.ee\/pood\/lapsed\/laste-kosmeetika\/nagu\/toot-meigikott-pink-flamingo\/#primaryimage","url":"https:\/\/ruuby.ee\/wp-content\/uploads\/2023\/11\/Screenshot-2023-11-21-at-14.15.44.png","contentUrl":"https:\/\/ruuby.ee\/wp-content\/uploads\/2023\/11\/Screenshot-2023-11-21-at-14.15.44.png","width":1592,"height":1122},{"@type":"BreadcrumbList","@id":"http:\/\/ruuby.ee\/pood\/lapsed\/laste-kosmeetika\/nagu\/toot-meigikott-pink-flamingo\/#breadcrumb","itemListElement":[{"@type":"ListItem","position":1,"name":"Kdu","item":"http:\/\/ruuby.ee\/en\/"},{"@type":"ListItem","position":2,"name":"Pood","item":"http:\/\/ruuby.ee\/en\/pood\/"},{"@type":"ListItem","position":3,"name":"TOOT! &#8211; Meigikott, Pink-Flamingo"}]},{"@type":"WebSite","@id":"http:\/\/ruuby.ee\/en\/#website","url":"http:\/\/ruuby.ee\/en\/","name":"RUUBY","description":"Ruubys on \u00fchendatud elustiil ja disain","publisher":{"@id":"http:\/\/ruuby.ee\/en\/#organization"},"alternateName":"Ruuby Disain","potentialAction":[{"@type":"SearchAction","target":{"@type":"EntryPoint","urlTemplate":"http:\/\/ruuby.ee\/en\/?s={search_term_string}"},"query-input":{"@type":"PropertyValueSpecification","valueRequired":true,"valueName":"search_term_string"}}],"inLanguage":"en-GB"},{"@type":"Organization","@id":"http:\/\/ruuby.ee\/en\/#organization","name":"Ruuby Disain O\u00dc","alternateName":"Ruuby","url":"http:\/\/ruuby.ee\/en\/","logo":{"@type":"ImageObject","inLanguage":"en-GB","@id":"http:\/\/ruuby.ee\/en\/#\/schema\/logo\/image\/","url":"https:\/\/ruuby.ee\/wp-content\/uploads\/2023\/06\/cropped-Black-White-Elegant-Circle-Signature-Fashion-Logo-12_large.png","contentUrl":"https:\/\/ruuby.ee\/wp-content\/uploads\/2023\/06\/cropped-Black-White-Elegant-Circle-Signature-Fashion-Logo-12_large.png","width":1280,"height":747,"caption":"Ruuby Disain O\u00dc"},"image":{"@id":"http:\/\/ruuby.ee\/en\/#\/schema\/logo\/image\/"},"sameAs":["https:\/\/www.facebook.com\/ruubyconcept","https:\/\/www.instagram.com\/ruuby_concept\/"]}]}},"jetpack_sharing_enabled":true,"_links":{"self":[{"href":"https:\/\/ruuby.ee\/en\/wp-json\/wp\/v2\/product\/1841001","targetHints":{"allow":["GET"]}}],"collection":[{"href":"https:\/\/ruuby.ee\/en\/wp-json\/wp\/v2\/product"}],"about":[{"href":"https:\/\/ruuby.ee\/en\/wp-json\/wp\/v2\/types\/product"}],"replies":[{"embeddable":true,"href":"https:\/\/ruuby.ee\/en\/wp-json\/wp\/v2\/comments?post=1841001"}],"wp:featuredmedia":[{"embeddable":true,"href":"https:\/\/ruuby.ee\/en\/wp-json\/wp\/v2\/media\/1841007"}],"wp:attachment":[{"href":"https:\/\/ruuby.ee\/en\/wp-json\/wp\/v2\/media?parent=1841001"}],"wp:term":[{"taxonomy":"product_brand","embeddable":true,"href":"https:\/\/ruuby.ee\/en\/wp-json\/wp\/v2\/product_brand?post=1841001"},{"taxonomy":"product_cat","embeddable":true,"href":"https:\/\/ruuby.ee\/en\/wp-json\/wp\/v2\/product_cat?post=1841001"},{"taxonomy":"product_tag","embeddable":true,"href":"https:\/\/ruuby.ee\/en\/wp-json\/wp\/v2\/product_tag?post=1841001"}],"curies":[{"name":"wp","href":"https:\/\/api.w.org\/{rel}","templated":true}]}}