{"id":1840985,"date":"2023-11-21T13:51:25","date_gmt":"2023-11-21T11:51:25","guid":{"rendered":"http:\/\/ruuby.ee\/?post_type=product&#038;p=1840985"},"modified":"2026-04-08T01:28:37","modified_gmt":"2026-04-07T22:28:37","slug":"toot-looduslik-huulelaige-flamingo-kiss","status":"publish","type":"product","link":"https:\/\/ruuby.ee\/en\/pood\/lapsed\/laste-kosmeetika\/huulelaige\/toot-looduslik-huulelaige-flamingo-kiss\/","title":{"rendered":"TOOT! &#8211; Looduslik huulel\u00e4ige \u2013 Flamingo Kiss"},"content":{"rendered":"<p>L\u00f5puks saavad lapsed ja teismelised ning nende vanemad muretult katsetada!<\/p>\n<p>TOOT! Looduslik huulel\u00e4ige \u2013 Flamingo Kiss sisaldab looduslikke koostisosi, mis teevad tundliku naha r\u00f5\u00f5msaks, seega ilma igasuguse viletsuseta! Ilusa, \u00f5rna roosa s\u00e4raga, eriti t\u00f5elistele \ud83e\udda9\ud83e\udda9\ud83e\udda9f\u00e4nnidele.<\/p>\n<ul>\n<li>Peen roosa s\u00e4ra<\/li>\n<li>Looduslik ja vegan<\/li>\n<li>\u00d5rn tundlikule nahale<\/li>\n<li>Julmusevaba<\/li>\n<li>Valmistatud ilma gluteenita, mikroplastivaba<\/li>\n<\/ul>\n<p>Sisu: 5,5 ml<br \/>\nTehtud Itaalias<br \/>\nSuurus: 9,5 cm<\/p>\n<p>Sobib eriti h\u00e4sti t\u00fcdrukutele ja poistele vanuses 4-99 aastat.<\/p>\n<p>&nbsp;<\/p>\n<p>Miks on tooted, millega lapsed ja teismelised saavad katsetada, sageli t\u00e4is mitte s\u00f5bralikke koostisosi? See peaks muutuma!<\/p>\n<p>TOOTis! meile meeldib anda lastele ja teismelistele ruumi end vabalt v\u00e4ljendada ja muretult katsetada, teades, et nende naha eest hoolitsetakse samal ajal. K\u00f5ik meie tooted sisaldavad v\u00f5imalikult v\u00e4he koostisosi ja ainult neid koostisosi, mis sobivad eriti h\u00e4sti tundlikule (laste) nahale.<\/p>","protected":false},"excerpt":{"rendered":"<p>L\u00f5puks saavad lapsed ja teismelised ning nende vanemad muretult katsetada! TOOT! Looduslik huulel\u00e4ige \u2013 Flamingo Kiss sisaldab looduslikke koostisosi, mis teevad tundliku naha r\u00f5\u00f5msaks, seega ilma igasuguse viletsuseta! Ilusa, \u00f5rna roosa s\u00e4raga, eriti t\u00f5elistele \ud83e\udda9\ud83e\udda9\ud83e\udda9f\u00e4nnidele. Peen roosa s\u00e4ra Looduslik ja vegan \u00d5rn tundlikule nahale Julmusevaba Valmistatud ilma gluteenita, mikroplastivaba Sisu: 5,5 ml Tehtud Itaalias Suurus: [&hellip;]<\/p>\n","protected":false},"featured_media":1848725,"comment_status":"open","ping_status":"closed","template":"","meta":[],"product_brand":[],"product_cat":[654,344,667],"product_tag":[],"class_list":{"0":"post-1840985","1":"product","2":"type-product","3":"status-publish","4":"has-post-thumbnail","6":"product_cat-huulelaige","7":"product_cat-laste-kosmeetika","8":"product_cat-nagu","10":"first","11":"instock","12":"taxable","13":"shipping-taxable","14":"purchasable","15":"product-type-simple"},"yoast_head":"<!-- This site is optimized with the Yoast SEO plugin v27.3 - https:\/\/yoast.com\/product\/yoast-seo-wordpress\/ -->\n<title>TOOT! - Looduslik huulel\u00e4ige \u2013 Flamingo Kiss - RUUBY<\/title>\n<meta name=\"robots\" content=\"index, follow, max-snippet:-1, max-image-preview:large, max-video-preview:-1\" \/>\n<link rel=\"canonical\" href=\"https:\/\/ruuby.ee\/en\/pood\/lapsed\/laste-kosmeetika\/huulelaige\/toot-looduslik-huulelaige-flamingo-kiss\/\" \/>\n<meta property=\"og:locale\" content=\"en_GB\" \/>\n<meta property=\"og:type\" content=\"article\" \/>\n<meta property=\"og:title\" content=\"TOOT! - Looduslik huulel\u00e4ige \u2013 Flamingo Kiss - RUUBY\" \/>\n<meta property=\"og:description\" content=\"L\u00f5puks saavad lapsed ja teismelised ning nende vanemad muretult katsetada! TOOT! Looduslik huulel\u00e4ige \u2013 Flamingo Kiss sisaldab looduslikke koostisosi, mis teevad tundliku naha r\u00f5\u00f5msaks, seega ilma igasuguse viletsuseta! Ilusa, \u00f5rna roosa s\u00e4raga, eriti t\u00f5elistele \ud83e\udda9\ud83e\udda9\ud83e\udda9f\u00e4nnidele. Peen roosa s\u00e4ra Looduslik ja vegan \u00d5rn tundlikule nahale Julmusevaba Valmistatud ilma gluteenita, mikroplastivaba Sisu: 5,5 ml Tehtud Itaalias Suurus: [&hellip;]\" \/>\n<meta property=\"og:url\" content=\"https:\/\/ruuby.ee\/en\/pood\/lapsed\/laste-kosmeetika\/huulelaige\/toot-looduslik-huulelaige-flamingo-kiss\/\" \/>\n<meta property=\"og:site_name\" content=\"RUUBY\" \/>\n<meta property=\"article:publisher\" content=\"https:\/\/www.facebook.com\/ruubyconcept\" \/>\n<meta property=\"article:modified_time\" content=\"2026-04-07T22:28:37+00:00\" \/>\n<meta property=\"og:image\" content=\"https:\/\/ruuby.ee\/wp-content\/uploads\/2023\/11\/Screenshot-2024-09-14-at-14.26.46.png\" \/>\n\t<meta property=\"og:image:width\" content=\"1350\" \/>\n\t<meta property=\"og:image:height\" content=\"1318\" \/>\n\t<meta property=\"og:image:type\" content=\"image\/png\" \/>\n<meta name=\"twitter:card\" content=\"summary_large_image\" \/>\n<meta name=\"twitter:label1\" content=\"Estimated reading time\" \/>\n\t<meta name=\"twitter:data1\" content=\"1 minute\" \/>\n<script type=\"application\/ld+json\" class=\"yoast-schema-graph\">{\"@context\":\"https:\\\/\\\/schema.org\",\"@graph\":[{\"@type\":[\"WebPage\",\"ItemPage\"],\"@id\":\"https:\\\/\\\/ruuby.ee\\\/pood\\\/lapsed\\\/laste-kosmeetika\\\/huulelaige\\\/toot-looduslik-huulelaige-flamingo-kiss\\\/\",\"url\":\"https:\\\/\\\/ruuby.ee\\\/pood\\\/lapsed\\\/laste-kosmeetika\\\/huulelaige\\\/toot-looduslik-huulelaige-flamingo-kiss\\\/\",\"name\":\"TOOT! - Looduslik huulel\u00e4ige \u2013 Flamingo Kiss - RUUBY\",\"isPartOf\":{\"@id\":\"http:\\\/\\\/ruuby.ee\\\/en\\\/#website\"},\"primaryImageOfPage\":{\"@id\":\"https:\\\/\\\/ruuby.ee\\\/pood\\\/lapsed\\\/laste-kosmeetika\\\/huulelaige\\\/toot-looduslik-huulelaige-flamingo-kiss\\\/#primaryimage\"},\"image\":{\"@id\":\"https:\\\/\\\/ruuby.ee\\\/pood\\\/lapsed\\\/laste-kosmeetika\\\/huulelaige\\\/toot-looduslik-huulelaige-flamingo-kiss\\\/#primaryimage\"},\"thumbnailUrl\":\"https:\\\/\\\/ruuby.ee\\\/wp-content\\\/uploads\\\/2023\\\/11\\\/Screenshot-2024-09-14-at-14.26.46.png\",\"datePublished\":\"2023-11-21T11:51:25+00:00\",\"dateModified\":\"2026-04-07T22:28:37+00:00\",\"breadcrumb\":{\"@id\":\"https:\\\/\\\/ruuby.ee\\\/pood\\\/lapsed\\\/laste-kosmeetika\\\/huulelaige\\\/toot-looduslik-huulelaige-flamingo-kiss\\\/#breadcrumb\"},\"inLanguage\":\"en-GB\",\"potentialAction\":[{\"@type\":\"ReadAction\",\"target\":[\"https:\\\/\\\/ruuby.ee\\\/pood\\\/lapsed\\\/laste-kosmeetika\\\/huulelaige\\\/toot-looduslik-huulelaige-flamingo-kiss\\\/\"]}]},{\"@type\":\"ImageObject\",\"inLanguage\":\"en-GB\",\"@id\":\"https:\\\/\\\/ruuby.ee\\\/pood\\\/lapsed\\\/laste-kosmeetika\\\/huulelaige\\\/toot-looduslik-huulelaige-flamingo-kiss\\\/#primaryimage\",\"url\":\"https:\\\/\\\/ruuby.ee\\\/wp-content\\\/uploads\\\/2023\\\/11\\\/Screenshot-2024-09-14-at-14.26.46.png\",\"contentUrl\":\"https:\\\/\\\/ruuby.ee\\\/wp-content\\\/uploads\\\/2023\\\/11\\\/Screenshot-2024-09-14-at-14.26.46.png\",\"width\":1350,\"height\":1318},{\"@type\":\"BreadcrumbList\",\"@id\":\"https:\\\/\\\/ruuby.ee\\\/pood\\\/lapsed\\\/laste-kosmeetika\\\/huulelaige\\\/toot-looduslik-huulelaige-flamingo-kiss\\\/#breadcrumb\",\"itemListElement\":[{\"@type\":\"ListItem\",\"position\":1,\"name\":\"Kdu\",\"item\":\"http:\\\/\\\/ruuby.ee\\\/en\\\/\"},{\"@type\":\"ListItem\",\"position\":2,\"name\":\"Pood\",\"item\":\"http:\\\/\\\/ruuby.ee\\\/en\\\/pood\\\/\"},{\"@type\":\"ListItem\",\"position\":3,\"name\":\"TOOT! &#8211; Looduslik huulel\u00e4ige \u2013 Flamingo Kiss\"}]},{\"@type\":\"WebSite\",\"@id\":\"http:\\\/\\\/ruuby.ee\\\/en\\\/#website\",\"url\":\"http:\\\/\\\/ruuby.ee\\\/en\\\/\",\"name\":\"RUUBY\",\"description\":\"Ruubys on \u00fchendatud elustiil ja disain\",\"publisher\":{\"@id\":\"http:\\\/\\\/ruuby.ee\\\/en\\\/#organization\"},\"alternateName\":\"Ruuby Disain\",\"potentialAction\":[{\"@type\":\"SearchAction\",\"target\":{\"@type\":\"EntryPoint\",\"urlTemplate\":\"http:\\\/\\\/ruuby.ee\\\/en\\\/?s={search_term_string}\"},\"query-input\":{\"@type\":\"PropertyValueSpecification\",\"valueRequired\":true,\"valueName\":\"search_term_string\"}}],\"inLanguage\":\"en-GB\"},{\"@type\":\"Organization\",\"@id\":\"http:\\\/\\\/ruuby.ee\\\/en\\\/#organization\",\"name\":\"Ruuby Disain O\u00dc\",\"alternateName\":\"Ruuby\",\"url\":\"http:\\\/\\\/ruuby.ee\\\/en\\\/\",\"logo\":{\"@type\":\"ImageObject\",\"inLanguage\":\"en-GB\",\"@id\":\"http:\\\/\\\/ruuby.ee\\\/en\\\/#\\\/schema\\\/logo\\\/image\\\/\",\"url\":\"https:\\\/\\\/ruuby.ee\\\/wp-content\\\/uploads\\\/2023\\\/06\\\/cropped-Black-White-Elegant-Circle-Signature-Fashion-Logo-12_large.png\",\"contentUrl\":\"https:\\\/\\\/ruuby.ee\\\/wp-content\\\/uploads\\\/2023\\\/06\\\/cropped-Black-White-Elegant-Circle-Signature-Fashion-Logo-12_large.png\",\"width\":1280,\"height\":747,\"caption\":\"Ruuby Disain O\u00dc\"},\"image\":{\"@id\":\"http:\\\/\\\/ruuby.ee\\\/en\\\/#\\\/schema\\\/logo\\\/image\\\/\"},\"sameAs\":[\"https:\\\/\\\/www.facebook.com\\\/ruubyconcept\",\"https:\\\/\\\/www.instagram.com\\\/ruuby_concept\\\/\"]}]}<\/script>\n<!-- \/ Yoast SEO plugin. -->","yoast_head_json":{"title":"TOOT! - Looduslik huulel\u00e4ige \u2013 Flamingo Kiss - RUUBY","robots":{"index":"index","follow":"follow","max-snippet":"max-snippet:-1","max-image-preview":"max-image-preview:large","max-video-preview":"max-video-preview:-1"},"canonical":"https:\/\/ruuby.ee\/en\/pood\/lapsed\/laste-kosmeetika\/huulelaige\/toot-looduslik-huulelaige-flamingo-kiss\/","og_locale":"en_GB","og_type":"article","og_title":"TOOT! - Looduslik huulel\u00e4ige \u2013 Flamingo Kiss - RUUBY","og_description":"L\u00f5puks saavad lapsed ja teismelised ning nende vanemad muretult katsetada! TOOT! Looduslik huulel\u00e4ige \u2013 Flamingo Kiss sisaldab looduslikke koostisosi, mis teevad tundliku naha r\u00f5\u00f5msaks, seega ilma igasuguse viletsuseta! Ilusa, \u00f5rna roosa s\u00e4raga, eriti t\u00f5elistele \ud83e\udda9\ud83e\udda9\ud83e\udda9f\u00e4nnidele. Peen roosa s\u00e4ra Looduslik ja vegan \u00d5rn tundlikule nahale Julmusevaba Valmistatud ilma gluteenita, mikroplastivaba Sisu: 5,5 ml Tehtud Itaalias Suurus: [&hellip;]","og_url":"https:\/\/ruuby.ee\/en\/pood\/lapsed\/laste-kosmeetika\/huulelaige\/toot-looduslik-huulelaige-flamingo-kiss\/","og_site_name":"RUUBY","article_publisher":"https:\/\/www.facebook.com\/ruubyconcept","article_modified_time":"2026-04-07T22:28:37+00:00","og_image":[{"width":1350,"height":1318,"url":"https:\/\/ruuby.ee\/wp-content\/uploads\/2023\/11\/Screenshot-2024-09-14-at-14.26.46.png","type":"image\/png"}],"twitter_card":"summary_large_image","twitter_misc":{"Estimated reading time":"1 minute"},"schema":{"@context":"https:\/\/schema.org","@graph":[{"@type":["WebPage","ItemPage"],"@id":"https:\/\/ruuby.ee\/pood\/lapsed\/laste-kosmeetika\/huulelaige\/toot-looduslik-huulelaige-flamingo-kiss\/","url":"https:\/\/ruuby.ee\/pood\/lapsed\/laste-kosmeetika\/huulelaige\/toot-looduslik-huulelaige-flamingo-kiss\/","name":"TOOT! - Looduslik huulel\u00e4ige \u2013 Flamingo Kiss - RUUBY","isPartOf":{"@id":"http:\/\/ruuby.ee\/en\/#website"},"primaryImageOfPage":{"@id":"https:\/\/ruuby.ee\/pood\/lapsed\/laste-kosmeetika\/huulelaige\/toot-looduslik-huulelaige-flamingo-kiss\/#primaryimage"},"image":{"@id":"https:\/\/ruuby.ee\/pood\/lapsed\/laste-kosmeetika\/huulelaige\/toot-looduslik-huulelaige-flamingo-kiss\/#primaryimage"},"thumbnailUrl":"https:\/\/ruuby.ee\/wp-content\/uploads\/2023\/11\/Screenshot-2024-09-14-at-14.26.46.png","datePublished":"2023-11-21T11:51:25+00:00","dateModified":"2026-04-07T22:28:37+00:00","breadcrumb":{"@id":"https:\/\/ruuby.ee\/pood\/lapsed\/laste-kosmeetika\/huulelaige\/toot-looduslik-huulelaige-flamingo-kiss\/#breadcrumb"},"inLanguage":"en-GB","potentialAction":[{"@type":"ReadAction","target":["https:\/\/ruuby.ee\/pood\/lapsed\/laste-kosmeetika\/huulelaige\/toot-looduslik-huulelaige-flamingo-kiss\/"]}]},{"@type":"ImageObject","inLanguage":"en-GB","@id":"https:\/\/ruuby.ee\/pood\/lapsed\/laste-kosmeetika\/huulelaige\/toot-looduslik-huulelaige-flamingo-kiss\/#primaryimage","url":"https:\/\/ruuby.ee\/wp-content\/uploads\/2023\/11\/Screenshot-2024-09-14-at-14.26.46.png","contentUrl":"https:\/\/ruuby.ee\/wp-content\/uploads\/2023\/11\/Screenshot-2024-09-14-at-14.26.46.png","width":1350,"height":1318},{"@type":"BreadcrumbList","@id":"https:\/\/ruuby.ee\/pood\/lapsed\/laste-kosmeetika\/huulelaige\/toot-looduslik-huulelaige-flamingo-kiss\/#breadcrumb","itemListElement":[{"@type":"ListItem","position":1,"name":"Kdu","item":"http:\/\/ruuby.ee\/en\/"},{"@type":"ListItem","position":2,"name":"Pood","item":"http:\/\/ruuby.ee\/en\/pood\/"},{"@type":"ListItem","position":3,"name":"TOOT! &#8211; Looduslik huulel\u00e4ige \u2013 Flamingo Kiss"}]},{"@type":"WebSite","@id":"http:\/\/ruuby.ee\/en\/#website","url":"http:\/\/ruuby.ee\/en\/","name":"RUUBY","description":"Ruubys on \u00fchendatud elustiil ja disain","publisher":{"@id":"http:\/\/ruuby.ee\/en\/#organization"},"alternateName":"Ruuby Disain","potentialAction":[{"@type":"SearchAction","target":{"@type":"EntryPoint","urlTemplate":"http:\/\/ruuby.ee\/en\/?s={search_term_string}"},"query-input":{"@type":"PropertyValueSpecification","valueRequired":true,"valueName":"search_term_string"}}],"inLanguage":"en-GB"},{"@type":"Organization","@id":"http:\/\/ruuby.ee\/en\/#organization","name":"Ruuby Disain O\u00dc","alternateName":"Ruuby","url":"http:\/\/ruuby.ee\/en\/","logo":{"@type":"ImageObject","inLanguage":"en-GB","@id":"http:\/\/ruuby.ee\/en\/#\/schema\/logo\/image\/","url":"https:\/\/ruuby.ee\/wp-content\/uploads\/2023\/06\/cropped-Black-White-Elegant-Circle-Signature-Fashion-Logo-12_large.png","contentUrl":"https:\/\/ruuby.ee\/wp-content\/uploads\/2023\/06\/cropped-Black-White-Elegant-Circle-Signature-Fashion-Logo-12_large.png","width":1280,"height":747,"caption":"Ruuby Disain O\u00dc"},"image":{"@id":"http:\/\/ruuby.ee\/en\/#\/schema\/logo\/image\/"},"sameAs":["https:\/\/www.facebook.com\/ruubyconcept","https:\/\/www.instagram.com\/ruuby_concept\/"]}]}},"jetpack_sharing_enabled":true,"_links":{"self":[{"href":"https:\/\/ruuby.ee\/en\/wp-json\/wp\/v2\/product\/1840985","targetHints":{"allow":["GET"]}}],"collection":[{"href":"https:\/\/ruuby.ee\/en\/wp-json\/wp\/v2\/product"}],"about":[{"href":"https:\/\/ruuby.ee\/en\/wp-json\/wp\/v2\/types\/product"}],"replies":[{"embeddable":true,"href":"https:\/\/ruuby.ee\/en\/wp-json\/wp\/v2\/comments?post=1840985"}],"wp:featuredmedia":[{"embeddable":true,"href":"https:\/\/ruuby.ee\/en\/wp-json\/wp\/v2\/media\/1848725"}],"wp:attachment":[{"href":"https:\/\/ruuby.ee\/en\/wp-json\/wp\/v2\/media?parent=1840985"}],"wp:term":[{"taxonomy":"product_brand","embeddable":true,"href":"https:\/\/ruuby.ee\/en\/wp-json\/wp\/v2\/product_brand?post=1840985"},{"taxonomy":"product_cat","embeddable":true,"href":"https:\/\/ruuby.ee\/en\/wp-json\/wp\/v2\/product_cat?post=1840985"},{"taxonomy":"product_tag","embeddable":true,"href":"https:\/\/ruuby.ee\/en\/wp-json\/wp\/v2\/product_tag?post=1840985"}],"curies":[{"name":"wp","href":"https:\/\/api.w.org\/{rel}","templated":true}]}}