{"id":1840786,"date":"2023-11-14T14:05:40","date_gmt":"2023-11-14T12:05:40","guid":{"rendered":"http:\/\/ruuby.ee\/?post_type=product&#038;p=1840786"},"modified":"2026-04-08T01:28:38","modified_gmt":"2026-04-07T22:28:38","slug":"salt-stone-naturaalne-deodorant-black-rose-oud","status":"publish","type":"product","link":"https:\/\/ruuby.ee\/en\/pood\/kosmeetika\/deodorandid\/salt-stone-naturaalne-deodorant-black-rose-oud\/","title":{"rendered":"SALT &amp; STONE &#8211; naturaalne deodorant, Extra Stength, BLACK ROSE &amp; OUD"},"content":{"rendered":"<p>Eriti tugev looduslik deodorant, mis on loodud 24-tunniseks kaitseks. Merevetikaekstraktid ja h\u00fcaluroonhape niisutavad nahka, probiootikumid aga aitavad l\u00f5hna neutraliseerida. Valmistatud ilma alumiiniumi, alkoholi, parabeenide ja ftalaatideta.<\/p>\n<p>Ronimisel \u00f5itsevad mustade rooside ja liiliate kimbud, mis haaravad su meeli. Soojad kiired l\u00f6\u00f6vad alla. V\u00e4rskendav. V\u00f5imas. Sensuaalne. S\u00fcgava sooja oudi laine kohtub v\u00e4rske vetiveriga. Nelk ja merevaik kutsuvad esile unustatud m\u00e4lestusi, ujudes l\u00f5puks puitunud seedri otsas h\u00f5ljuma.<\/p>\n<p>L\u00f5hn:\u00a0must roos, maikelluke,\u00a0Oud, mahagon,\u00a0vetiver, santal, merevaik<\/p>\n<p>Peamised koostiosad:<\/p>\n<p>Probiootikumid \u2013 looduslikud fermentid, mis tasakaalustavad naha mikrobioomi terve bakterite taseme saavutamiseks, mida sageli ei tasakaalusta liigne higistamine ja aktiivsus.<\/p>\n<p>Spirulina \u2013 antioks\u00fcdantide rikas koostisosa, mis rahustab ja taastab \u00e4rritunud nahka, mis puutub kokku elementidega.<\/p>\n<p>H\u00fcaluroonhape \u2013 niisutav, vett armastav molekul, mis on tuntud oma v\u00f5ime poolest meelitada ligi ja hoida endal 1000 korda suuremat niiskust.<\/p>\n<p>Antioks\u00fcdandid \u2013 looduslikult p\u00f5letikuvastane, tugev kaitse vabade radikaalide ja enneaegse vananemise vastu. Hoiab naha rahustava tunde.<\/p>\n<p>&nbsp;<\/p>\n<p>Kapr\u00fc\u00fcl-\/kapriintrigl\u00fctseriid, tapiokit\u00e4rklis, magneesiumh\u00fcdroksiid, naatriumvesinikkarbonaat, osokeriit, Cocos Nucifera (kookosp\u00e4hkli) \u00f5li, naatriumh\u00fcaluronaat, Spirulina Platensis ekstrakt, aroom (parfum), Butyrospermum Parkii (Sheaflower) Seed Sheaflower v\u00f5i. Lactobacillus Ferment, tokoferool, maltodekstriin.<\/p>\n<p>&nbsp;<\/p>","protected":false},"excerpt":{"rendered":"<p>Auhinnatud deodorant, mis on loodud 48-tunniseks kaitseks. Merevetikaekstraktid ja h\u00fcaluroonhape niisutavad nahka, samal ajal kui probiootikumid aitavad neutraliseerida ebameeldivat l\u00f5hna. Valmistatud ilma alumiiniumi, parabeenide ja ftalaatideta.<\/p>","protected":false},"featured_media":1855057,"comment_status":"open","ping_status":"closed","template":"","meta":[],"product_brand":[],"product_cat":[686,25],"product_tag":[],"class_list":{"0":"post-1840786","1":"product","2":"type-product","3":"status-publish","4":"has-post-thumbnail","6":"product_cat-deodorandid","7":"product_cat-kosmeetika","9":"first","10":"outofstock","11":"taxable","12":"shipping-taxable","13":"purchasable","14":"product-type-simple"},"yoast_head":"<!-- This site is optimized with the Yoast SEO plugin v27.3 - https:\/\/yoast.com\/product\/yoast-seo-wordpress\/ -->\n<title>SALT &amp; STONE - naturaalne deodorant, Extra Stength, BLACK ROSE &amp; OUD - RUUBY<\/title>\n<meta name=\"robots\" content=\"index, follow, max-snippet:-1, max-image-preview:large, max-video-preview:-1\" \/>\n<link rel=\"canonical\" href=\"https:\/\/ruuby.ee\/en\/pood\/kosmeetika\/deodorandid\/salt-stone-naturaalne-deodorant-black-rose-oud\/\" \/>\n<meta property=\"og:locale\" content=\"en_GB\" \/>\n<meta property=\"og:type\" content=\"article\" \/>\n<meta property=\"og:title\" content=\"SALT &amp; STONE - naturaalne deodorant, Extra Stength, BLACK ROSE &amp; OUD - RUUBY\" \/>\n<meta property=\"og:description\" content=\"Auhinnatud deodorant, mis on loodud 48-tunniseks kaitseks. Merevetikaekstraktid ja h\u00fcaluroonhape niisutavad nahka, samal ajal kui probiootikumid aitavad neutraliseerida ebameeldivat l\u00f5hna. Valmistatud ilma alumiiniumi, parabeenide ja ftalaatideta.\" \/>\n<meta property=\"og:url\" content=\"https:\/\/ruuby.ee\/en\/pood\/kosmeetika\/deodorandid\/salt-stone-naturaalne-deodorant-black-rose-oud\/\" \/>\n<meta property=\"og:site_name\" content=\"RUUBY\" \/>\n<meta property=\"article:publisher\" content=\"https:\/\/www.facebook.com\/ruubyconcept\" \/>\n<meta property=\"article:modified_time\" content=\"2026-04-07T22:28:38+00:00\" \/>\n<meta property=\"og:image\" content=\"https:\/\/ruuby.ee\/wp-content\/uploads\/2023\/11\/Screenshot-2025-09-15-at-15.55.47.png\" \/>\n\t<meta property=\"og:image:width\" content=\"816\" \/>\n\t<meta property=\"og:image:height\" content=\"986\" \/>\n\t<meta property=\"og:image:type\" content=\"image\/png\" \/>\n<meta name=\"twitter:card\" content=\"summary_large_image\" \/>\n<meta name=\"twitter:label1\" content=\"Estimated reading time\" \/>\n\t<meta name=\"twitter:data1\" content=\"2 minutes\" \/>\n<script type=\"application\/ld+json\" class=\"yoast-schema-graph\">{\"@context\":\"https:\\\/\\\/schema.org\",\"@graph\":[{\"@type\":[\"WebPage\",\"ItemPage\"],\"@id\":\"https:\\\/\\\/ruuby.ee\\\/en\\\/pood\\\/kosmeetika\\\/deodorandid\\\/salt-stone-naturaalne-deodorant-black-rose-oud\\\/\",\"url\":\"https:\\\/\\\/ruuby.ee\\\/en\\\/pood\\\/kosmeetika\\\/deodorandid\\\/salt-stone-naturaalne-deodorant-black-rose-oud\\\/\",\"name\":\"SALT &amp; STONE - naturaalne deodorant, Extra Stength, BLACK ROSE &amp; OUD - RUUBY\",\"isPartOf\":{\"@id\":\"http:\\\/\\\/ruuby.ee\\\/#website\"},\"primaryImageOfPage\":{\"@id\":\"https:\\\/\\\/ruuby.ee\\\/en\\\/pood\\\/kosmeetika\\\/deodorandid\\\/salt-stone-naturaalne-deodorant-black-rose-oud\\\/#primaryimage\"},\"image\":{\"@id\":\"https:\\\/\\\/ruuby.ee\\\/en\\\/pood\\\/kosmeetika\\\/deodorandid\\\/salt-stone-naturaalne-deodorant-black-rose-oud\\\/#primaryimage\"},\"thumbnailUrl\":\"https:\\\/\\\/ruuby.ee\\\/wp-content\\\/uploads\\\/2023\\\/11\\\/Screenshot-2025-09-15-at-15.55.47.png\",\"datePublished\":\"2023-11-14T12:05:40+00:00\",\"dateModified\":\"2026-04-07T22:28:38+00:00\",\"breadcrumb\":{\"@id\":\"https:\\\/\\\/ruuby.ee\\\/en\\\/pood\\\/kosmeetika\\\/deodorandid\\\/salt-stone-naturaalne-deodorant-black-rose-oud\\\/#breadcrumb\"},\"inLanguage\":\"en-GB\",\"potentialAction\":[{\"@type\":\"ReadAction\",\"target\":[\"https:\\\/\\\/ruuby.ee\\\/en\\\/pood\\\/kosmeetika\\\/deodorandid\\\/salt-stone-naturaalne-deodorant-black-rose-oud\\\/\"]}]},{\"@type\":\"ImageObject\",\"inLanguage\":\"en-GB\",\"@id\":\"https:\\\/\\\/ruuby.ee\\\/en\\\/pood\\\/kosmeetika\\\/deodorandid\\\/salt-stone-naturaalne-deodorant-black-rose-oud\\\/#primaryimage\",\"url\":\"https:\\\/\\\/ruuby.ee\\\/wp-content\\\/uploads\\\/2023\\\/11\\\/Screenshot-2025-09-15-at-15.55.47.png\",\"contentUrl\":\"https:\\\/\\\/ruuby.ee\\\/wp-content\\\/uploads\\\/2023\\\/11\\\/Screenshot-2025-09-15-at-15.55.47.png\",\"width\":816,\"height\":986},{\"@type\":\"BreadcrumbList\",\"@id\":\"https:\\\/\\\/ruuby.ee\\\/en\\\/pood\\\/kosmeetika\\\/deodorandid\\\/salt-stone-naturaalne-deodorant-black-rose-oud\\\/#breadcrumb\",\"itemListElement\":[{\"@type\":\"ListItem\",\"position\":1,\"name\":\"Kdu\",\"item\":\"http:\\\/\\\/ruuby.ee\\\/\"},{\"@type\":\"ListItem\",\"position\":2,\"name\":\"Pood\",\"item\":\"http:\\\/\\\/ruuby.ee\\\/pood\\\/\"},{\"@type\":\"ListItem\",\"position\":3,\"name\":\"SALT &amp; STONE &#8211; naturaalne deodorant, Extra Stength, BLACK ROSE &amp; OUD\"}]},{\"@type\":\"WebSite\",\"@id\":\"http:\\\/\\\/ruuby.ee\\\/#website\",\"url\":\"http:\\\/\\\/ruuby.ee\\\/\",\"name\":\"RUUBY\",\"description\":\"Ruubys on \u00fchendatud elustiil ja disain\",\"publisher\":{\"@id\":\"http:\\\/\\\/ruuby.ee\\\/#organization\"},\"alternateName\":\"Ruuby Disain\",\"potentialAction\":[{\"@type\":\"SearchAction\",\"target\":{\"@type\":\"EntryPoint\",\"urlTemplate\":\"http:\\\/\\\/ruuby.ee\\\/?s={search_term_string}\"},\"query-input\":{\"@type\":\"PropertyValueSpecification\",\"valueRequired\":true,\"valueName\":\"search_term_string\"}}],\"inLanguage\":\"en-GB\"},{\"@type\":\"Organization\",\"@id\":\"http:\\\/\\\/ruuby.ee\\\/#organization\",\"name\":\"Ruuby Disain O\u00dc\",\"alternateName\":\"Ruuby\",\"url\":\"http:\\\/\\\/ruuby.ee\\\/\",\"logo\":{\"@type\":\"ImageObject\",\"inLanguage\":\"en-GB\",\"@id\":\"http:\\\/\\\/ruuby.ee\\\/#\\\/schema\\\/logo\\\/image\\\/\",\"url\":\"https:\\\/\\\/ruuby.ee\\\/wp-content\\\/uploads\\\/2023\\\/06\\\/cropped-Black-White-Elegant-Circle-Signature-Fashion-Logo-12_large.png\",\"contentUrl\":\"https:\\\/\\\/ruuby.ee\\\/wp-content\\\/uploads\\\/2023\\\/06\\\/cropped-Black-White-Elegant-Circle-Signature-Fashion-Logo-12_large.png\",\"width\":1280,\"height\":747,\"caption\":\"Ruuby Disain O\u00dc\"},\"image\":{\"@id\":\"http:\\\/\\\/ruuby.ee\\\/#\\\/schema\\\/logo\\\/image\\\/\"},\"sameAs\":[\"https:\\\/\\\/www.facebook.com\\\/ruubyconcept\",\"https:\\\/\\\/www.instagram.com\\\/ruuby_concept\\\/\"]}]}<\/script>\n<!-- \/ Yoast SEO plugin. -->","yoast_head_json":{"title":"SALT &amp; STONE - naturaalne deodorant, Extra Stength, BLACK ROSE &amp; OUD - RUUBY","robots":{"index":"index","follow":"follow","max-snippet":"max-snippet:-1","max-image-preview":"max-image-preview:large","max-video-preview":"max-video-preview:-1"},"canonical":"https:\/\/ruuby.ee\/en\/pood\/kosmeetika\/deodorandid\/salt-stone-naturaalne-deodorant-black-rose-oud\/","og_locale":"en_GB","og_type":"article","og_title":"SALT &amp; STONE - naturaalne deodorant, Extra Stength, BLACK ROSE &amp; OUD - RUUBY","og_description":"Auhinnatud deodorant, mis on loodud 48-tunniseks kaitseks. Merevetikaekstraktid ja h\u00fcaluroonhape niisutavad nahka, samal ajal kui probiootikumid aitavad neutraliseerida ebameeldivat l\u00f5hna. Valmistatud ilma alumiiniumi, parabeenide ja ftalaatideta.","og_url":"https:\/\/ruuby.ee\/en\/pood\/kosmeetika\/deodorandid\/salt-stone-naturaalne-deodorant-black-rose-oud\/","og_site_name":"RUUBY","article_publisher":"https:\/\/www.facebook.com\/ruubyconcept","article_modified_time":"2026-04-07T22:28:38+00:00","og_image":[{"width":816,"height":986,"url":"https:\/\/ruuby.ee\/wp-content\/uploads\/2023\/11\/Screenshot-2025-09-15-at-15.55.47.png","type":"image\/png"}],"twitter_card":"summary_large_image","twitter_misc":{"Estimated reading time":"2 minutes"},"schema":{"@context":"https:\/\/schema.org","@graph":[{"@type":["WebPage","ItemPage"],"@id":"https:\/\/ruuby.ee\/en\/pood\/kosmeetika\/deodorandid\/salt-stone-naturaalne-deodorant-black-rose-oud\/","url":"https:\/\/ruuby.ee\/en\/pood\/kosmeetika\/deodorandid\/salt-stone-naturaalne-deodorant-black-rose-oud\/","name":"SALT &amp; STONE - naturaalne deodorant, Extra Stength, BLACK ROSE &amp; OUD - RUUBY","isPartOf":{"@id":"http:\/\/ruuby.ee\/#website"},"primaryImageOfPage":{"@id":"https:\/\/ruuby.ee\/en\/pood\/kosmeetika\/deodorandid\/salt-stone-naturaalne-deodorant-black-rose-oud\/#primaryimage"},"image":{"@id":"https:\/\/ruuby.ee\/en\/pood\/kosmeetika\/deodorandid\/salt-stone-naturaalne-deodorant-black-rose-oud\/#primaryimage"},"thumbnailUrl":"https:\/\/ruuby.ee\/wp-content\/uploads\/2023\/11\/Screenshot-2025-09-15-at-15.55.47.png","datePublished":"2023-11-14T12:05:40+00:00","dateModified":"2026-04-07T22:28:38+00:00","breadcrumb":{"@id":"https:\/\/ruuby.ee\/en\/pood\/kosmeetika\/deodorandid\/salt-stone-naturaalne-deodorant-black-rose-oud\/#breadcrumb"},"inLanguage":"en-GB","potentialAction":[{"@type":"ReadAction","target":["https:\/\/ruuby.ee\/en\/pood\/kosmeetika\/deodorandid\/salt-stone-naturaalne-deodorant-black-rose-oud\/"]}]},{"@type":"ImageObject","inLanguage":"en-GB","@id":"https:\/\/ruuby.ee\/en\/pood\/kosmeetika\/deodorandid\/salt-stone-naturaalne-deodorant-black-rose-oud\/#primaryimage","url":"https:\/\/ruuby.ee\/wp-content\/uploads\/2023\/11\/Screenshot-2025-09-15-at-15.55.47.png","contentUrl":"https:\/\/ruuby.ee\/wp-content\/uploads\/2023\/11\/Screenshot-2025-09-15-at-15.55.47.png","width":816,"height":986},{"@type":"BreadcrumbList","@id":"https:\/\/ruuby.ee\/en\/pood\/kosmeetika\/deodorandid\/salt-stone-naturaalne-deodorant-black-rose-oud\/#breadcrumb","itemListElement":[{"@type":"ListItem","position":1,"name":"Kdu","item":"http:\/\/ruuby.ee\/"},{"@type":"ListItem","position":2,"name":"Pood","item":"http:\/\/ruuby.ee\/pood\/"},{"@type":"ListItem","position":3,"name":"SALT &amp; STONE &#8211; naturaalne deodorant, Extra Stength, BLACK ROSE &amp; OUD"}]},{"@type":"WebSite","@id":"http:\/\/ruuby.ee\/#website","url":"http:\/\/ruuby.ee\/","name":"RUUBY","description":"Ruubys on \u00fchendatud elustiil ja disain","publisher":{"@id":"http:\/\/ruuby.ee\/#organization"},"alternateName":"Ruuby Disain","potentialAction":[{"@type":"SearchAction","target":{"@type":"EntryPoint","urlTemplate":"http:\/\/ruuby.ee\/?s={search_term_string}"},"query-input":{"@type":"PropertyValueSpecification","valueRequired":true,"valueName":"search_term_string"}}],"inLanguage":"en-GB"},{"@type":"Organization","@id":"http:\/\/ruuby.ee\/#organization","name":"Ruuby Disain O\u00dc","alternateName":"Ruuby","url":"http:\/\/ruuby.ee\/","logo":{"@type":"ImageObject","inLanguage":"en-GB","@id":"http:\/\/ruuby.ee\/#\/schema\/logo\/image\/","url":"https:\/\/ruuby.ee\/wp-content\/uploads\/2023\/06\/cropped-Black-White-Elegant-Circle-Signature-Fashion-Logo-12_large.png","contentUrl":"https:\/\/ruuby.ee\/wp-content\/uploads\/2023\/06\/cropped-Black-White-Elegant-Circle-Signature-Fashion-Logo-12_large.png","width":1280,"height":747,"caption":"Ruuby Disain O\u00dc"},"image":{"@id":"http:\/\/ruuby.ee\/#\/schema\/logo\/image\/"},"sameAs":["https:\/\/www.facebook.com\/ruubyconcept","https:\/\/www.instagram.com\/ruuby_concept\/"]}]}},"jetpack_sharing_enabled":true,"_links":{"self":[{"href":"https:\/\/ruuby.ee\/en\/wp-json\/wp\/v2\/product\/1840786","targetHints":{"allow":["GET"]}}],"collection":[{"href":"https:\/\/ruuby.ee\/en\/wp-json\/wp\/v2\/product"}],"about":[{"href":"https:\/\/ruuby.ee\/en\/wp-json\/wp\/v2\/types\/product"}],"replies":[{"embeddable":true,"href":"https:\/\/ruuby.ee\/en\/wp-json\/wp\/v2\/comments?post=1840786"}],"wp:featuredmedia":[{"embeddable":true,"href":"https:\/\/ruuby.ee\/en\/wp-json\/wp\/v2\/media\/1855057"}],"wp:attachment":[{"href":"https:\/\/ruuby.ee\/en\/wp-json\/wp\/v2\/media?parent=1840786"}],"wp:term":[{"taxonomy":"product_brand","embeddable":true,"href":"https:\/\/ruuby.ee\/en\/wp-json\/wp\/v2\/product_brand?post=1840786"},{"taxonomy":"product_cat","embeddable":true,"href":"https:\/\/ruuby.ee\/en\/wp-json\/wp\/v2\/product_cat?post=1840786"},{"taxonomy":"product_tag","embeddable":true,"href":"https:\/\/ruuby.ee\/en\/wp-json\/wp\/v2\/product_tag?post=1840786"}],"curies":[{"name":"wp","href":"https:\/\/api.w.org\/{rel}","templated":true}]}}