{"id":1840597,"date":"2023-11-07T00:01:15","date_gmt":"2023-11-06T22:01:15","guid":{"rendered":"http:\/\/ruuby.ee\/?post_type=product&#038;p=1840597"},"modified":"2026-04-08T01:28:38","modified_gmt":"2026-04-07T22:28:38","slug":"marcella-juukseoli","status":"publish","type":"product","link":"https:\/\/ruuby.ee\/en\/pood\/kosmeetika\/juuksehooldus\/marcella-juukseoli\/","title":{"rendered":"Marcella &#8211; juukse\u00f5li"},"content":{"rendered":"<p><strong>Eksklusiivsete looduslike koostisosade elegants<\/strong><\/p>\n<p>K\u00e4sit\u00f6\u00f6na valminud juuksekasvu aktiveeriv \u00f5li on rikastatud looduslike koostisosade harmoonilise segu abil, mis on hoolikalt valitud, et elavdada teie juukseid juurtest otsteni. Iga tilk on tunnistus meie p\u00fchendumisest tipptasemele, tagades, et teie juuksed saavad ainult parima hoolduse. Kukui \u00f5lis sisalduvad oleiin- ja linoolhapped aitavad taastada juuste loomuliku niiskustase, mille tulemusel juuksed muutuvad s\u00e4ravamaks ja eluj\u00f5ulisemaks. Viirukipuu taastab juukse tugevust ja aitab kiirendada loomulikku juuksekasvu. Bali lille oleme valinud tootesse tema magusa l\u00f5hna, mis on \u00fcks k\u00f6itvamaid l\u00f5hnu t\u00e4nu\u00a0 oma meeli\u00fclendavatele ning hinge rahustavale omadusele.<\/p>\n<div class=\"woocommerce-tabs wc-tabs-wrapper\">\n<div id=\"tab-description\" class=\"woocommerce-Tabs-panel woocommerce-Tabs-panel--description panel entry-content wc-tab\" role=\"tabpanel\" aria-labelledby=\"tab-title-description\">\n<p>Luksusliku juuksekasvu aktiveeriva \u00f5li s\u00fcdames on p\u00fchendumus eksklusiivsusele ja puhtusele. Valitud on ainult parimad looduslikud koostisosad, mis on hoolikalt valitud, et toita teie juukseid k\u00f5ige luksuslikumal viisil. Alates kukui\u00f5li elustava m\u00f5just kuni Viirukipuu taastava omadusena on iga element hoolikalt valitud oma v\u00f5ime t\u00f5ttu soodustada juuste tervist ja kasvu.<\/p>\n<p>Marcella hoolikas valmistamisprotsess tagab, et nende toode kehastab t\u00f5elise luksuse olemust. Alates hetkest, mil te seda kasutama hakkate, kogete meie \u00f5li luksuslikku tunnet, mis \u00fcmbritseb teie juukseid, j\u00e4ttes need siledamaks, l\u00e4ikivamaks ja s\u00e4delevamaks kui kunagi varem.<\/p>\n<\/div>\n<\/div>","protected":false},"excerpt":{"rendered":"<p><b>Kasutamine: <\/b><b><br \/>\n<\/b>Ideaalis kasutada 2 korda n\u00e4dalas vahetult enne juuste pesu.<\/p>\n<p>Panna m\u00f5ned tilgad peopessa, h\u00f5\u00f5ruda n\u00e4puotsad kokku ja juuste juurtele m\u00e4\u00e4rida ringjate liigutustega<b>. <\/b>Peas hoida v\u00e4hemalt 30min, soovitatavalt terve \u00f6\u00f6. Pesta v\u00e4lja shampooniga harjumusp\u00e4rasel viisil.<br \/>\nEsimesi positiivseid tulemusi on m\u00e4rgata 1-1,5 kuu m\u00f6\u00f6dudes.<\/p>\n<p><strong>Koostisosad:<\/strong> Kookos\u00f5li, kukui \u00f5li, plumeria \u00f5li, taimeekstraktid.<\/p>\n<p>\ud83c\uddee\ud83c\udde9 Valminud Marcella ainulaadse retsepti alusel Balil.<\/p>\n<p>&nbsp;<\/p>\n<p>Iga ostuga saab kaasa <strong>KINGITUSEKS<\/strong> Marcella 15g n\u00e4okreemi.<\/p>","protected":false},"featured_media":1850421,"comment_status":"open","ping_status":"closed","template":"","meta":[],"product_brand":[],"product_cat":[685,25],"product_tag":[],"class_list":{"0":"post-1840597","1":"product","2":"type-product","3":"status-publish","4":"has-post-thumbnail","6":"product_cat-juuksehooldus","7":"product_cat-kosmeetika","9":"first","10":"instock","11":"taxable","12":"shipping-taxable","13":"purchasable","14":"product-type-simple"},"yoast_head":"<!-- This site is optimized with the Yoast SEO plugin v27.3 - https:\/\/yoast.com\/product\/yoast-seo-wordpress\/ -->\n<title>Marcella - juukse\u00f5li - RUUBY<\/title>\n<meta name=\"robots\" content=\"index, follow, max-snippet:-1, max-image-preview:large, max-video-preview:-1\" \/>\n<link rel=\"canonical\" href=\"https:\/\/ruuby.ee\/en\/pood\/kosmeetika\/juuksehooldus\/marcella-juukseoli\/\" \/>\n<meta property=\"og:locale\" content=\"en_GB\" \/>\n<meta property=\"og:type\" content=\"article\" \/>\n<meta property=\"og:title\" content=\"Marcella - juukse\u00f5li - RUUBY\" \/>\n<meta property=\"og:description\" content=\"Kasutamine:  Ideaalis kasutada 2 korda n\u00e4dalas vahetult enne juuste pesu.  Panna m\u00f5ned tilgad peopessa, h\u00f5\u00f5ruda n\u00e4puotsad kokku ja juuste juurtele m\u00e4\u00e4rida ringjate liigutustega. Peas hoida v\u00e4hemalt 30min, soovitatavalt terve \u00f6\u00f6. Pesta v\u00e4lja shampooniga harjumusp\u00e4rasel viisil. Esimesi positiivseid tulemusi on m\u00e4rgata 1-1,5 kuu m\u00f6\u00f6dudes.  Koostisosad: Kookos\u00f5li, kukui \u00f5li, plumeria \u00f5li, taimeekstraktid.  \ud83c\uddee\ud83c\udde9 Valminud Marcella ainulaadse retsepti alusel Balil.  &nbsp;  Iga ostuga saab kaasa KINGITUSEKS Marcella 15g n\u00e4okreemi.\" \/>\n<meta property=\"og:url\" content=\"https:\/\/ruuby.ee\/en\/pood\/kosmeetika\/juuksehooldus\/marcella-juukseoli\/\" \/>\n<meta property=\"og:site_name\" content=\"RUUBY\" \/>\n<meta property=\"article:publisher\" content=\"https:\/\/www.facebook.com\/ruubyconcept\" \/>\n<meta property=\"article:modified_time\" content=\"2026-04-07T22:28:38+00:00\" \/>\n<meta property=\"og:image\" content=\"https:\/\/ruuby.ee\/wp-content\/uploads\/2023\/11\/Screenshot-2024-11-19-at-16.39.55.png\" \/>\n\t<meta property=\"og:image:width\" content=\"814\" \/>\n\t<meta property=\"og:image:height\" content=\"1018\" \/>\n\t<meta property=\"og:image:type\" content=\"image\/png\" \/>\n<meta name=\"twitter:card\" content=\"summary_large_image\" \/>\n<meta name=\"twitter:label1\" content=\"Estimated reading time\" \/>\n\t<meta name=\"twitter:data1\" content=\"2 minutes\" \/>\n<script type=\"application\/ld+json\" class=\"yoast-schema-graph\">{\"@context\":\"https:\\\/\\\/schema.org\",\"@graph\":[{\"@type\":[\"WebPage\",\"ItemPage\"],\"@id\":\"https:\\\/\\\/ruuby.ee\\\/pood\\\/kosmeetika\\\/juuksehooldus\\\/marcella-juukseoli\\\/\",\"url\":\"https:\\\/\\\/ruuby.ee\\\/pood\\\/kosmeetika\\\/juuksehooldus\\\/marcella-juukseoli\\\/\",\"name\":\"Marcella - juukse\u00f5li - RUUBY\",\"isPartOf\":{\"@id\":\"http:\\\/\\\/ruuby.ee\\\/#website\"},\"primaryImageOfPage\":{\"@id\":\"https:\\\/\\\/ruuby.ee\\\/pood\\\/kosmeetika\\\/juuksehooldus\\\/marcella-juukseoli\\\/#primaryimage\"},\"image\":{\"@id\":\"https:\\\/\\\/ruuby.ee\\\/pood\\\/kosmeetika\\\/juuksehooldus\\\/marcella-juukseoli\\\/#primaryimage\"},\"thumbnailUrl\":\"https:\\\/\\\/ruuby.ee\\\/wp-content\\\/uploads\\\/2023\\\/11\\\/Screenshot-2024-11-19-at-16.39.55.png\",\"datePublished\":\"2023-11-06T22:01:15+00:00\",\"dateModified\":\"2026-04-07T22:28:38+00:00\",\"breadcrumb\":{\"@id\":\"https:\\\/\\\/ruuby.ee\\\/pood\\\/kosmeetika\\\/juuksehooldus\\\/marcella-juukseoli\\\/#breadcrumb\"},\"inLanguage\":\"en-GB\",\"potentialAction\":[{\"@type\":\"ReadAction\",\"target\":[\"https:\\\/\\\/ruuby.ee\\\/pood\\\/kosmeetika\\\/juuksehooldus\\\/marcella-juukseoli\\\/\"]}]},{\"@type\":\"ImageObject\",\"inLanguage\":\"en-GB\",\"@id\":\"https:\\\/\\\/ruuby.ee\\\/pood\\\/kosmeetika\\\/juuksehooldus\\\/marcella-juukseoli\\\/#primaryimage\",\"url\":\"https:\\\/\\\/ruuby.ee\\\/wp-content\\\/uploads\\\/2023\\\/11\\\/Screenshot-2024-11-19-at-16.39.55.png\",\"contentUrl\":\"https:\\\/\\\/ruuby.ee\\\/wp-content\\\/uploads\\\/2023\\\/11\\\/Screenshot-2024-11-19-at-16.39.55.png\",\"width\":814,\"height\":1018},{\"@type\":\"BreadcrumbList\",\"@id\":\"https:\\\/\\\/ruuby.ee\\\/pood\\\/kosmeetika\\\/juuksehooldus\\\/marcella-juukseoli\\\/#breadcrumb\",\"itemListElement\":[{\"@type\":\"ListItem\",\"position\":1,\"name\":\"Kdu\",\"item\":\"http:\\\/\\\/ruuby.ee\\\/\"},{\"@type\":\"ListItem\",\"position\":2,\"name\":\"Pood\",\"item\":\"http:\\\/\\\/ruuby.ee\\\/pood\\\/\"},{\"@type\":\"ListItem\",\"position\":3,\"name\":\"Marcella &#8211; juukse\u00f5li\"}]},{\"@type\":\"WebSite\",\"@id\":\"http:\\\/\\\/ruuby.ee\\\/#website\",\"url\":\"http:\\\/\\\/ruuby.ee\\\/\",\"name\":\"RUUBY\",\"description\":\"Ruubys on \u00fchendatud elustiil ja disain\",\"publisher\":{\"@id\":\"http:\\\/\\\/ruuby.ee\\\/#organization\"},\"alternateName\":\"Ruuby Disain\",\"potentialAction\":[{\"@type\":\"SearchAction\",\"target\":{\"@type\":\"EntryPoint\",\"urlTemplate\":\"http:\\\/\\\/ruuby.ee\\\/?s={search_term_string}\"},\"query-input\":{\"@type\":\"PropertyValueSpecification\",\"valueRequired\":true,\"valueName\":\"search_term_string\"}}],\"inLanguage\":\"en-GB\"},{\"@type\":\"Organization\",\"@id\":\"http:\\\/\\\/ruuby.ee\\\/#organization\",\"name\":\"Ruuby Disain O\u00dc\",\"alternateName\":\"Ruuby\",\"url\":\"http:\\\/\\\/ruuby.ee\\\/\",\"logo\":{\"@type\":\"ImageObject\",\"inLanguage\":\"en-GB\",\"@id\":\"http:\\\/\\\/ruuby.ee\\\/#\\\/schema\\\/logo\\\/image\\\/\",\"url\":\"https:\\\/\\\/ruuby.ee\\\/wp-content\\\/uploads\\\/2023\\\/06\\\/cropped-Black-White-Elegant-Circle-Signature-Fashion-Logo-12_large.png\",\"contentUrl\":\"https:\\\/\\\/ruuby.ee\\\/wp-content\\\/uploads\\\/2023\\\/06\\\/cropped-Black-White-Elegant-Circle-Signature-Fashion-Logo-12_large.png\",\"width\":1280,\"height\":747,\"caption\":\"Ruuby Disain O\u00dc\"},\"image\":{\"@id\":\"http:\\\/\\\/ruuby.ee\\\/#\\\/schema\\\/logo\\\/image\\\/\"},\"sameAs\":[\"https:\\\/\\\/www.facebook.com\\\/ruubyconcept\",\"https:\\\/\\\/www.instagram.com\\\/ruuby_concept\\\/\"]}]}<\/script>\n<!-- \/ Yoast SEO plugin. -->","yoast_head_json":{"title":"Marcella - juukse\u00f5li - RUUBY","robots":{"index":"index","follow":"follow","max-snippet":"max-snippet:-1","max-image-preview":"max-image-preview:large","max-video-preview":"max-video-preview:-1"},"canonical":"https:\/\/ruuby.ee\/en\/pood\/kosmeetika\/juuksehooldus\/marcella-juukseoli\/","og_locale":"en_GB","og_type":"article","og_title":"Marcella - juukse\u00f5li - RUUBY","og_description":"Kasutamine:  Ideaalis kasutada 2 korda n\u00e4dalas vahetult enne juuste pesu.  Panna m\u00f5ned tilgad peopessa, h\u00f5\u00f5ruda n\u00e4puotsad kokku ja juuste juurtele m\u00e4\u00e4rida ringjate liigutustega. Peas hoida v\u00e4hemalt 30min, soovitatavalt terve \u00f6\u00f6. Pesta v\u00e4lja shampooniga harjumusp\u00e4rasel viisil. Esimesi positiivseid tulemusi on m\u00e4rgata 1-1,5 kuu m\u00f6\u00f6dudes.  Koostisosad: Kookos\u00f5li, kukui \u00f5li, plumeria \u00f5li, taimeekstraktid.  \ud83c\uddee\ud83c\udde9 Valminud Marcella ainulaadse retsepti alusel Balil.  &nbsp;  Iga ostuga saab kaasa KINGITUSEKS Marcella 15g n\u00e4okreemi.","og_url":"https:\/\/ruuby.ee\/en\/pood\/kosmeetika\/juuksehooldus\/marcella-juukseoli\/","og_site_name":"RUUBY","article_publisher":"https:\/\/www.facebook.com\/ruubyconcept","article_modified_time":"2026-04-07T22:28:38+00:00","og_image":[{"width":814,"height":1018,"url":"https:\/\/ruuby.ee\/wp-content\/uploads\/2023\/11\/Screenshot-2024-11-19-at-16.39.55.png","type":"image\/png"}],"twitter_card":"summary_large_image","twitter_misc":{"Estimated reading time":"2 minutes"},"schema":{"@context":"https:\/\/schema.org","@graph":[{"@type":["WebPage","ItemPage"],"@id":"https:\/\/ruuby.ee\/pood\/kosmeetika\/juuksehooldus\/marcella-juukseoli\/","url":"https:\/\/ruuby.ee\/pood\/kosmeetika\/juuksehooldus\/marcella-juukseoli\/","name":"Marcella - juukse\u00f5li - RUUBY","isPartOf":{"@id":"http:\/\/ruuby.ee\/#website"},"primaryImageOfPage":{"@id":"https:\/\/ruuby.ee\/pood\/kosmeetika\/juuksehooldus\/marcella-juukseoli\/#primaryimage"},"image":{"@id":"https:\/\/ruuby.ee\/pood\/kosmeetika\/juuksehooldus\/marcella-juukseoli\/#primaryimage"},"thumbnailUrl":"https:\/\/ruuby.ee\/wp-content\/uploads\/2023\/11\/Screenshot-2024-11-19-at-16.39.55.png","datePublished":"2023-11-06T22:01:15+00:00","dateModified":"2026-04-07T22:28:38+00:00","breadcrumb":{"@id":"https:\/\/ruuby.ee\/pood\/kosmeetika\/juuksehooldus\/marcella-juukseoli\/#breadcrumb"},"inLanguage":"en-GB","potentialAction":[{"@type":"ReadAction","target":["https:\/\/ruuby.ee\/pood\/kosmeetika\/juuksehooldus\/marcella-juukseoli\/"]}]},{"@type":"ImageObject","inLanguage":"en-GB","@id":"https:\/\/ruuby.ee\/pood\/kosmeetika\/juuksehooldus\/marcella-juukseoli\/#primaryimage","url":"https:\/\/ruuby.ee\/wp-content\/uploads\/2023\/11\/Screenshot-2024-11-19-at-16.39.55.png","contentUrl":"https:\/\/ruuby.ee\/wp-content\/uploads\/2023\/11\/Screenshot-2024-11-19-at-16.39.55.png","width":814,"height":1018},{"@type":"BreadcrumbList","@id":"https:\/\/ruuby.ee\/pood\/kosmeetika\/juuksehooldus\/marcella-juukseoli\/#breadcrumb","itemListElement":[{"@type":"ListItem","position":1,"name":"Kdu","item":"http:\/\/ruuby.ee\/"},{"@type":"ListItem","position":2,"name":"Pood","item":"http:\/\/ruuby.ee\/pood\/"},{"@type":"ListItem","position":3,"name":"Marcella &#8211; juukse\u00f5li"}]},{"@type":"WebSite","@id":"http:\/\/ruuby.ee\/#website","url":"http:\/\/ruuby.ee\/","name":"RUUBY","description":"Ruubys on \u00fchendatud elustiil ja disain","publisher":{"@id":"http:\/\/ruuby.ee\/#organization"},"alternateName":"Ruuby Disain","potentialAction":[{"@type":"SearchAction","target":{"@type":"EntryPoint","urlTemplate":"http:\/\/ruuby.ee\/?s={search_term_string}"},"query-input":{"@type":"PropertyValueSpecification","valueRequired":true,"valueName":"search_term_string"}}],"inLanguage":"en-GB"},{"@type":"Organization","@id":"http:\/\/ruuby.ee\/#organization","name":"Ruuby Disain O\u00dc","alternateName":"Ruuby","url":"http:\/\/ruuby.ee\/","logo":{"@type":"ImageObject","inLanguage":"en-GB","@id":"http:\/\/ruuby.ee\/#\/schema\/logo\/image\/","url":"https:\/\/ruuby.ee\/wp-content\/uploads\/2023\/06\/cropped-Black-White-Elegant-Circle-Signature-Fashion-Logo-12_large.png","contentUrl":"https:\/\/ruuby.ee\/wp-content\/uploads\/2023\/06\/cropped-Black-White-Elegant-Circle-Signature-Fashion-Logo-12_large.png","width":1280,"height":747,"caption":"Ruuby Disain O\u00dc"},"image":{"@id":"http:\/\/ruuby.ee\/#\/schema\/logo\/image\/"},"sameAs":["https:\/\/www.facebook.com\/ruubyconcept","https:\/\/www.instagram.com\/ruuby_concept\/"]}]}},"jetpack_sharing_enabled":true,"_links":{"self":[{"href":"https:\/\/ruuby.ee\/en\/wp-json\/wp\/v2\/product\/1840597","targetHints":{"allow":["GET"]}}],"collection":[{"href":"https:\/\/ruuby.ee\/en\/wp-json\/wp\/v2\/product"}],"about":[{"href":"https:\/\/ruuby.ee\/en\/wp-json\/wp\/v2\/types\/product"}],"replies":[{"embeddable":true,"href":"https:\/\/ruuby.ee\/en\/wp-json\/wp\/v2\/comments?post=1840597"}],"wp:featuredmedia":[{"embeddable":true,"href":"https:\/\/ruuby.ee\/en\/wp-json\/wp\/v2\/media\/1850421"}],"wp:attachment":[{"href":"https:\/\/ruuby.ee\/en\/wp-json\/wp\/v2\/media?parent=1840597"}],"wp:term":[{"taxonomy":"product_brand","embeddable":true,"href":"https:\/\/ruuby.ee\/en\/wp-json\/wp\/v2\/product_brand?post=1840597"},{"taxonomy":"product_cat","embeddable":true,"href":"https:\/\/ruuby.ee\/en\/wp-json\/wp\/v2\/product_cat?post=1840597"},{"taxonomy":"product_tag","embeddable":true,"href":"https:\/\/ruuby.ee\/en\/wp-json\/wp\/v2\/product_tag?post=1840597"}],"curies":[{"name":"wp","href":"https:\/\/api.w.org\/{rel}","templated":true}]}}