{"id":1840537,"date":"2023-10-25T16:24:19","date_gmt":"2023-10-25T13:24:19","guid":{"rendered":"http:\/\/ruuby.ee\/?post_type=product&#038;p=1840537"},"modified":"2026-04-08T01:28:38","modified_gmt":"2026-04-07T22:28:38","slug":"bonobo-naokreem-raudrohu-pune-kaitseb-taastab-30ml","status":"publish","type":"product","link":"https:\/\/ruuby.ee\/en\/pood\/kosmeetika\/naohooldus\/bonobo-naokreem-raudrohu-pune-kaitseb-taastab-30ml\/","title":{"rendered":"Bonobo &#8211; N\u00e4okreem, Raudrohu &amp; pune, kaitseb &amp; taastab, 30ml"},"content":{"rendered":"<p>\u00d5lide kombinatsioon on valitud eelk\u00f5ige sobima<strong><em> rasusele nahat\u00fc\u00fcbile.<\/em><\/strong><\/p>\n<p>Looduslikult helerohelist tooni ja rohul\u00f5hnaline raudrohu ja pune n\u00e4okreem on t\u00f5eline tugi rasusele nahale. <strong>Raudrohi<\/strong> on energeetiline taim n\u00f5rkuse vastu. Ta annab vastupanuv\u00f5ime ja tasakaalu tegemistes. Raudrohul on ka p\u00f5letikuvastane toime, mis aitab leevendada nahal olevaid marrastusi ja haavakesi. <strong>Punes <\/strong>sisalduvatel eeterlikel \u00f5lidel on v\u00f5ime tappa kahjulikke mikroobe. Lisaks on ka punel p\u00f5letikuvastane toime, mis t\u00f5stab keha kaitsev\u00f5imet ja kiirendab naha paranemisprotsesse.<\/p>\n<p><strong>Shea-v\u00f5i<\/strong> toetab naharakkude uuenemist, m\u00f5judes nahale noorendavalt ja kortse v\u00e4hendavalt.<\/p>\n<p><strong>Kookos\u00f5li<\/strong> kaitseb nahka ultraviolettkiirguse eest, niisutab, omab p\u00f5letikuvastast toimet, leevendab ekseemi, psoriaasi, dermatiiti.<\/p>\n<p><strong>Kakaov\u00f5is<\/strong> on ohtralt A-, C- ja E-vitamiini. See on suurep\u00e4rane niisutaja, kaitstes nahka kuivamise eest.<\/p>\n<p><strong>Viinamarjaseemne\u00f5li<\/strong> on \u00e4\u00e4rmiselt kerge tekstuuriga ning aitab tasakaalustada naha rasueritust.<\/p>\n<p><strong>Kanepiseemne\u00f5lis<\/strong> on ohtralt E- ja A-vitamiini ning antioks\u00fcdante, pidurdades seel\u00e4bi naha vananemisprotsesse.<\/p>\n<p><strong>Aprikoosiseemne\u00f5li<\/strong> on ideaalne naha niisutaja ja v\u00e4hendab p\u00f5letikuriski, sisaldab palju A-vitamiini ning pehmendab ja toidab nahka. Imendub kergesti, t\u00e4nu millele on eriti sobilik rasusele nahale.<\/p>\n<p><strong>Jojooba\u00f5li<\/strong> on esmaklassiline naha niisutaja ja pehmendaja, sisaldades peaaegu k\u00f5iki nahatervise jaoks vajalikke mineraale ja vitamiine. Vitamiinid aitavad vabaneda vabadest radikaalidest, mis p\u00f5hjustavad naha vananemist, mineraalid omakorda tagavad antibakteriaalse toime. Oma olemuselt on jojooba\u00f5li vedel vaha, mis on sarnane naha oma rasule. T\u00e4nu sellele aitab see v\u00e4ga h\u00e4sti rasu tootmist pidurdada v\u00f5i tasakaalustada.<\/p>\n<p>Koostis: Shea-v\u00f5i, kookos\u00f5li, allikavesi, kakaov\u00f5i, viinamarjaseemne\u00f5li, orgaaniline kanepiseemne\u00f5li, aprikoosiseemne\u00f5li, jojoobi \u00f5li, raudrohu &amp; pune \u00fcrt.<\/p>\n<p>S\u00e4ilib 6 kuud peale avamist.<\/p>\n<p>Hoia otsese p\u00e4ikesevalguse eest kaitstult.<\/p>\n<p>Iga kreemiga tuleb kaasa k\u00e4sitsi valmistatud eestimaisest kadakast\u00a0<strong>spaatel.<\/strong><\/p>\n<p>Kadakas on puu, millel on lisaks m\u00f5nusale metsa l\u00f5hnale ka antibakteriaalne toime. T\u00e4nu sellele sobib kadakas eriti h\u00e4sti kokku looduskosmeetika toodetega, kuna hoiab \u00e4ra halbade bakterite juurdep\u00e4\u00e4su Sinu kreemile,\u00a0mist\u00f5ttu s\u00e4ilib toode kauem.<\/p>","protected":false},"excerpt":{"rendered":"<p>\u00d5lide kombinatsioon on valitud eelk\u00f5ige sobima rasusele nahat\u00fc\u00fcbile. Looduslikult helerohelist tooni ja rohul\u00f5hnaline raudrohu ja pune n\u00e4okreem on t\u00f5eline tugi rasusele nahale. Raudrohi on energeetiline taim n\u00f5rkuse vastu. Ta annab vastupanuv\u00f5ime ja tasakaalu tegemistes. Raudrohul on ka p\u00f5letikuvastane toime, mis aitab leevendada nahal olevaid marrastusi ja haavakesi. Punes sisalduvatel eeterlikel \u00f5lidel on v\u00f5ime tappa kahjulikke [&hellip;]<\/p>\n","protected":false},"featured_media":1840541,"comment_status":"open","ping_status":"closed","template":"","meta":[],"product_brand":[],"product_cat":[25,691],"product_tag":[],"class_list":{"0":"post-1840537","1":"product","2":"type-product","3":"status-publish","4":"has-post-thumbnail","6":"product_cat-kosmeetika","7":"product_cat-naohooldus","9":"first","10":"instock","11":"taxable","12":"shipping-taxable","13":"purchasable","14":"product-type-simple"},"yoast_head":"<!-- This site is optimized with the Yoast SEO plugin v27.3 - https:\/\/yoast.com\/product\/yoast-seo-wordpress\/ -->\n<title>Bonobo - N\u00e4okreem, Raudrohu &amp; pune, kaitseb &amp; taastab, 30ml - RUUBY<\/title>\n<meta name=\"robots\" content=\"index, follow, max-snippet:-1, max-image-preview:large, max-video-preview:-1\" \/>\n<link rel=\"canonical\" href=\"https:\/\/ruuby.ee\/en\/pood\/kosmeetika\/naohooldus\/bonobo-naokreem-raudrohu-pune-kaitseb-taastab-30ml\/\" \/>\n<meta property=\"og:locale\" content=\"en_GB\" \/>\n<meta property=\"og:type\" content=\"article\" \/>\n<meta property=\"og:title\" content=\"Bonobo - N\u00e4okreem, Raudrohu &amp; pune, kaitseb &amp; taastab, 30ml - RUUBY\" \/>\n<meta property=\"og:description\" content=\"\u00d5lide kombinatsioon on valitud eelk\u00f5ige sobima rasusele nahat\u00fc\u00fcbile. Looduslikult helerohelist tooni ja rohul\u00f5hnaline raudrohu ja pune n\u00e4okreem on t\u00f5eline tugi rasusele nahale. Raudrohi on energeetiline taim n\u00f5rkuse vastu. Ta annab vastupanuv\u00f5ime ja tasakaalu tegemistes. Raudrohul on ka p\u00f5letikuvastane toime, mis aitab leevendada nahal olevaid marrastusi ja haavakesi. Punes sisalduvatel eeterlikel \u00f5lidel on v\u00f5ime tappa kahjulikke [&hellip;]\" \/>\n<meta property=\"og:url\" content=\"https:\/\/ruuby.ee\/en\/pood\/kosmeetika\/naohooldus\/bonobo-naokreem-raudrohu-pune-kaitseb-taastab-30ml\/\" \/>\n<meta property=\"og:site_name\" content=\"RUUBY\" \/>\n<meta property=\"article:publisher\" content=\"https:\/\/www.facebook.com\/ruubyconcept\" \/>\n<meta property=\"article:modified_time\" content=\"2026-04-07T22:28:38+00:00\" \/>\n<meta property=\"og:image\" content=\"https:\/\/ruuby.ee\/wp-content\/uploads\/2023\/10\/Screenshot-2023-10-25-at-16.23.50.png\" \/>\n\t<meta property=\"og:image:width\" content=\"1204\" \/>\n\t<meta property=\"og:image:height\" content=\"1200\" \/>\n\t<meta property=\"og:image:type\" content=\"image\/png\" \/>\n<meta name=\"twitter:card\" content=\"summary_large_image\" \/>\n<meta name=\"twitter:label1\" content=\"Estimated reading time\" \/>\n\t<meta name=\"twitter:data1\" content=\"2 minutes\" \/>\n<script type=\"application\/ld+json\" class=\"yoast-schema-graph\">{\"@context\":\"https:\\\/\\\/schema.org\",\"@graph\":[{\"@type\":[\"WebPage\",\"ItemPage\"],\"@id\":\"https:\\\/\\\/ruuby.ee\\\/pood\\\/kosmeetika\\\/naohooldus\\\/bonobo-naokreem-raudrohu-pune-kaitseb-taastab-30ml\\\/\",\"url\":\"https:\\\/\\\/ruuby.ee\\\/pood\\\/kosmeetika\\\/naohooldus\\\/bonobo-naokreem-raudrohu-pune-kaitseb-taastab-30ml\\\/\",\"name\":\"Bonobo - N\u00e4okreem, Raudrohu &amp; pune, kaitseb &amp; taastab, 30ml - RUUBY\",\"isPartOf\":{\"@id\":\"http:\\\/\\\/ruuby.ee\\\/#website\"},\"primaryImageOfPage\":{\"@id\":\"https:\\\/\\\/ruuby.ee\\\/pood\\\/kosmeetika\\\/naohooldus\\\/bonobo-naokreem-raudrohu-pune-kaitseb-taastab-30ml\\\/#primaryimage\"},\"image\":{\"@id\":\"https:\\\/\\\/ruuby.ee\\\/pood\\\/kosmeetika\\\/naohooldus\\\/bonobo-naokreem-raudrohu-pune-kaitseb-taastab-30ml\\\/#primaryimage\"},\"thumbnailUrl\":\"https:\\\/\\\/ruuby.ee\\\/wp-content\\\/uploads\\\/2023\\\/10\\\/Screenshot-2023-10-25-at-16.23.50.png\",\"datePublished\":\"2023-10-25T13:24:19+00:00\",\"dateModified\":\"2026-04-07T22:28:38+00:00\",\"breadcrumb\":{\"@id\":\"https:\\\/\\\/ruuby.ee\\\/pood\\\/kosmeetika\\\/naohooldus\\\/bonobo-naokreem-raudrohu-pune-kaitseb-taastab-30ml\\\/#breadcrumb\"},\"inLanguage\":\"en-GB\",\"potentialAction\":[{\"@type\":\"ReadAction\",\"target\":[\"https:\\\/\\\/ruuby.ee\\\/pood\\\/kosmeetika\\\/naohooldus\\\/bonobo-naokreem-raudrohu-pune-kaitseb-taastab-30ml\\\/\"]}]},{\"@type\":\"ImageObject\",\"inLanguage\":\"en-GB\",\"@id\":\"https:\\\/\\\/ruuby.ee\\\/pood\\\/kosmeetika\\\/naohooldus\\\/bonobo-naokreem-raudrohu-pune-kaitseb-taastab-30ml\\\/#primaryimage\",\"url\":\"https:\\\/\\\/ruuby.ee\\\/wp-content\\\/uploads\\\/2023\\\/10\\\/Screenshot-2023-10-25-at-16.23.50.png\",\"contentUrl\":\"https:\\\/\\\/ruuby.ee\\\/wp-content\\\/uploads\\\/2023\\\/10\\\/Screenshot-2023-10-25-at-16.23.50.png\",\"width\":1204,\"height\":1200},{\"@type\":\"BreadcrumbList\",\"@id\":\"https:\\\/\\\/ruuby.ee\\\/pood\\\/kosmeetika\\\/naohooldus\\\/bonobo-naokreem-raudrohu-pune-kaitseb-taastab-30ml\\\/#breadcrumb\",\"itemListElement\":[{\"@type\":\"ListItem\",\"position\":1,\"name\":\"Kdu\",\"item\":\"http:\\\/\\\/ruuby.ee\\\/\"},{\"@type\":\"ListItem\",\"position\":2,\"name\":\"Pood\",\"item\":\"http:\\\/\\\/ruuby.ee\\\/pood\\\/\"},{\"@type\":\"ListItem\",\"position\":3,\"name\":\"Bonobo &#8211; N\u00e4okreem, Raudrohu &amp; pune, kaitseb &amp; taastab, 30ml\"}]},{\"@type\":\"WebSite\",\"@id\":\"http:\\\/\\\/ruuby.ee\\\/#website\",\"url\":\"http:\\\/\\\/ruuby.ee\\\/\",\"name\":\"RUUBY\",\"description\":\"Ruubys on \u00fchendatud elustiil ja disain\",\"publisher\":{\"@id\":\"http:\\\/\\\/ruuby.ee\\\/#organization\"},\"alternateName\":\"Ruuby Disain\",\"potentialAction\":[{\"@type\":\"SearchAction\",\"target\":{\"@type\":\"EntryPoint\",\"urlTemplate\":\"http:\\\/\\\/ruuby.ee\\\/?s={search_term_string}\"},\"query-input\":{\"@type\":\"PropertyValueSpecification\",\"valueRequired\":true,\"valueName\":\"search_term_string\"}}],\"inLanguage\":\"en-GB\"},{\"@type\":\"Organization\",\"@id\":\"http:\\\/\\\/ruuby.ee\\\/#organization\",\"name\":\"Ruuby Disain O\u00dc\",\"alternateName\":\"Ruuby\",\"url\":\"http:\\\/\\\/ruuby.ee\\\/\",\"logo\":{\"@type\":\"ImageObject\",\"inLanguage\":\"en-GB\",\"@id\":\"http:\\\/\\\/ruuby.ee\\\/#\\\/schema\\\/logo\\\/image\\\/\",\"url\":\"https:\\\/\\\/ruuby.ee\\\/wp-content\\\/uploads\\\/2023\\\/06\\\/cropped-Black-White-Elegant-Circle-Signature-Fashion-Logo-12_large.png\",\"contentUrl\":\"https:\\\/\\\/ruuby.ee\\\/wp-content\\\/uploads\\\/2023\\\/06\\\/cropped-Black-White-Elegant-Circle-Signature-Fashion-Logo-12_large.png\",\"width\":1280,\"height\":747,\"caption\":\"Ruuby Disain O\u00dc\"},\"image\":{\"@id\":\"http:\\\/\\\/ruuby.ee\\\/#\\\/schema\\\/logo\\\/image\\\/\"},\"sameAs\":[\"https:\\\/\\\/www.facebook.com\\\/ruubyconcept\",\"https:\\\/\\\/www.instagram.com\\\/ruuby_concept\\\/\"]}]}<\/script>\n<!-- \/ Yoast SEO plugin. -->","yoast_head_json":{"title":"Bonobo - N\u00e4okreem, Raudrohu &amp; pune, kaitseb &amp; taastab, 30ml - RUUBY","robots":{"index":"index","follow":"follow","max-snippet":"max-snippet:-1","max-image-preview":"max-image-preview:large","max-video-preview":"max-video-preview:-1"},"canonical":"https:\/\/ruuby.ee\/en\/pood\/kosmeetika\/naohooldus\/bonobo-naokreem-raudrohu-pune-kaitseb-taastab-30ml\/","og_locale":"en_GB","og_type":"article","og_title":"Bonobo - N\u00e4okreem, Raudrohu &amp; pune, kaitseb &amp; taastab, 30ml - RUUBY","og_description":"\u00d5lide kombinatsioon on valitud eelk\u00f5ige sobima rasusele nahat\u00fc\u00fcbile. Looduslikult helerohelist tooni ja rohul\u00f5hnaline raudrohu ja pune n\u00e4okreem on t\u00f5eline tugi rasusele nahale. Raudrohi on energeetiline taim n\u00f5rkuse vastu. Ta annab vastupanuv\u00f5ime ja tasakaalu tegemistes. Raudrohul on ka p\u00f5letikuvastane toime, mis aitab leevendada nahal olevaid marrastusi ja haavakesi. Punes sisalduvatel eeterlikel \u00f5lidel on v\u00f5ime tappa kahjulikke [&hellip;]","og_url":"https:\/\/ruuby.ee\/en\/pood\/kosmeetika\/naohooldus\/bonobo-naokreem-raudrohu-pune-kaitseb-taastab-30ml\/","og_site_name":"RUUBY","article_publisher":"https:\/\/www.facebook.com\/ruubyconcept","article_modified_time":"2026-04-07T22:28:38+00:00","og_image":[{"width":1204,"height":1200,"url":"https:\/\/ruuby.ee\/wp-content\/uploads\/2023\/10\/Screenshot-2023-10-25-at-16.23.50.png","type":"image\/png"}],"twitter_card":"summary_large_image","twitter_misc":{"Estimated reading time":"2 minutes"},"schema":{"@context":"https:\/\/schema.org","@graph":[{"@type":["WebPage","ItemPage"],"@id":"https:\/\/ruuby.ee\/pood\/kosmeetika\/naohooldus\/bonobo-naokreem-raudrohu-pune-kaitseb-taastab-30ml\/","url":"https:\/\/ruuby.ee\/pood\/kosmeetika\/naohooldus\/bonobo-naokreem-raudrohu-pune-kaitseb-taastab-30ml\/","name":"Bonobo - N\u00e4okreem, Raudrohu &amp; pune, kaitseb &amp; taastab, 30ml - RUUBY","isPartOf":{"@id":"http:\/\/ruuby.ee\/#website"},"primaryImageOfPage":{"@id":"https:\/\/ruuby.ee\/pood\/kosmeetika\/naohooldus\/bonobo-naokreem-raudrohu-pune-kaitseb-taastab-30ml\/#primaryimage"},"image":{"@id":"https:\/\/ruuby.ee\/pood\/kosmeetika\/naohooldus\/bonobo-naokreem-raudrohu-pune-kaitseb-taastab-30ml\/#primaryimage"},"thumbnailUrl":"https:\/\/ruuby.ee\/wp-content\/uploads\/2023\/10\/Screenshot-2023-10-25-at-16.23.50.png","datePublished":"2023-10-25T13:24:19+00:00","dateModified":"2026-04-07T22:28:38+00:00","breadcrumb":{"@id":"https:\/\/ruuby.ee\/pood\/kosmeetika\/naohooldus\/bonobo-naokreem-raudrohu-pune-kaitseb-taastab-30ml\/#breadcrumb"},"inLanguage":"en-GB","potentialAction":[{"@type":"ReadAction","target":["https:\/\/ruuby.ee\/pood\/kosmeetika\/naohooldus\/bonobo-naokreem-raudrohu-pune-kaitseb-taastab-30ml\/"]}]},{"@type":"ImageObject","inLanguage":"en-GB","@id":"https:\/\/ruuby.ee\/pood\/kosmeetika\/naohooldus\/bonobo-naokreem-raudrohu-pune-kaitseb-taastab-30ml\/#primaryimage","url":"https:\/\/ruuby.ee\/wp-content\/uploads\/2023\/10\/Screenshot-2023-10-25-at-16.23.50.png","contentUrl":"https:\/\/ruuby.ee\/wp-content\/uploads\/2023\/10\/Screenshot-2023-10-25-at-16.23.50.png","width":1204,"height":1200},{"@type":"BreadcrumbList","@id":"https:\/\/ruuby.ee\/pood\/kosmeetika\/naohooldus\/bonobo-naokreem-raudrohu-pune-kaitseb-taastab-30ml\/#breadcrumb","itemListElement":[{"@type":"ListItem","position":1,"name":"Kdu","item":"http:\/\/ruuby.ee\/"},{"@type":"ListItem","position":2,"name":"Pood","item":"http:\/\/ruuby.ee\/pood\/"},{"@type":"ListItem","position":3,"name":"Bonobo &#8211; N\u00e4okreem, Raudrohu &amp; pune, kaitseb &amp; taastab, 30ml"}]},{"@type":"WebSite","@id":"http:\/\/ruuby.ee\/#website","url":"http:\/\/ruuby.ee\/","name":"RUUBY","description":"Ruubys on \u00fchendatud elustiil ja disain","publisher":{"@id":"http:\/\/ruuby.ee\/#organization"},"alternateName":"Ruuby Disain","potentialAction":[{"@type":"SearchAction","target":{"@type":"EntryPoint","urlTemplate":"http:\/\/ruuby.ee\/?s={search_term_string}"},"query-input":{"@type":"PropertyValueSpecification","valueRequired":true,"valueName":"search_term_string"}}],"inLanguage":"en-GB"},{"@type":"Organization","@id":"http:\/\/ruuby.ee\/#organization","name":"Ruuby Disain O\u00dc","alternateName":"Ruuby","url":"http:\/\/ruuby.ee\/","logo":{"@type":"ImageObject","inLanguage":"en-GB","@id":"http:\/\/ruuby.ee\/#\/schema\/logo\/image\/","url":"https:\/\/ruuby.ee\/wp-content\/uploads\/2023\/06\/cropped-Black-White-Elegant-Circle-Signature-Fashion-Logo-12_large.png","contentUrl":"https:\/\/ruuby.ee\/wp-content\/uploads\/2023\/06\/cropped-Black-White-Elegant-Circle-Signature-Fashion-Logo-12_large.png","width":1280,"height":747,"caption":"Ruuby Disain O\u00dc"},"image":{"@id":"http:\/\/ruuby.ee\/#\/schema\/logo\/image\/"},"sameAs":["https:\/\/www.facebook.com\/ruubyconcept","https:\/\/www.instagram.com\/ruuby_concept\/"]}]}},"jetpack_sharing_enabled":true,"_links":{"self":[{"href":"https:\/\/ruuby.ee\/en\/wp-json\/wp\/v2\/product\/1840537","targetHints":{"allow":["GET"]}}],"collection":[{"href":"https:\/\/ruuby.ee\/en\/wp-json\/wp\/v2\/product"}],"about":[{"href":"https:\/\/ruuby.ee\/en\/wp-json\/wp\/v2\/types\/product"}],"replies":[{"embeddable":true,"href":"https:\/\/ruuby.ee\/en\/wp-json\/wp\/v2\/comments?post=1840537"}],"wp:featuredmedia":[{"embeddable":true,"href":"https:\/\/ruuby.ee\/en\/wp-json\/wp\/v2\/media\/1840541"}],"wp:attachment":[{"href":"https:\/\/ruuby.ee\/en\/wp-json\/wp\/v2\/media?parent=1840537"}],"wp:term":[{"taxonomy":"product_brand","embeddable":true,"href":"https:\/\/ruuby.ee\/en\/wp-json\/wp\/v2\/product_brand?post=1840537"},{"taxonomy":"product_cat","embeddable":true,"href":"https:\/\/ruuby.ee\/en\/wp-json\/wp\/v2\/product_cat?post=1840537"},{"taxonomy":"product_tag","embeddable":true,"href":"https:\/\/ruuby.ee\/en\/wp-json\/wp\/v2\/product_tag?post=1840537"}],"curies":[{"name":"wp","href":"https:\/\/api.w.org\/{rel}","templated":true}]}}