{"id":1840526,"date":"2023-10-25T16:19:51","date_gmt":"2023-10-25T13:19:51","guid":{"rendered":"http:\/\/ruuby.ee\/?post_type=product&#038;p=1840526"},"modified":"2026-04-08T01:28:38","modified_gmt":"2026-04-07T22:28:38","slug":"bonobo-naokreem-nurmenuku-kortslehe-varskendab-loogastab-30ml","status":"publish","type":"product","link":"https:\/\/ruuby.ee\/en\/pood\/kosmeetika\/naohooldus\/bonobo-naokreem-nurmenuku-kortslehe-varskendab-loogastab-30ml\/","title":{"rendered":"Bonobo &#8211; N\u00e4okreem, Nurmenuku &amp; kortslehe, v\u00e4rskendab &amp; l\u00f5\u00f5gastab, 30ml"},"content":{"rendered":"<p>\u00d5lide kombinatsioon on valitud eelk\u00f5ige sobima <em><strong>kombineeritud\/normaalsele\u00a0nahat\u00fc\u00fcbile.<\/strong><\/em><\/p>\n<p>Oran\u017eikat tooni, tsitruseliselt l\u00f5hnav siidine ja \u00f5rna tekstuuriga n\u00e4okreem l\u00f5\u00f5gastab ja v\u00e4rskendab su nahka ning paneb selle s\u00e4rama. <strong>Nurmenukk<\/strong> on meelerahu ja armastust toetav taim ning sellel on rahustav, puhastav ja antibakteriaalne toime. Veel enam, see on lausa looduslik antibiootikum! <strong>Kortsleht<\/strong>on s\u00fcdant avava v\u00e4ega v\u00f5imas naiste taim, mis l\u00f5\u00f5gastab ning aitab nahal v\u00e4rskust endasse imeda ja seda seal ka hoida.<\/p>\n<p><strong>Shea-v\u00f5i<\/strong> toetab naharakkude uuenemist, m\u00f5judes nahale noorendavalt ja kortse v\u00e4hendavalt.<\/p>\n<p><strong>Kookos\u00f5li<\/strong> kaitseb nahka ultraviolettkiirguse eest, niisutab, omab p\u00f5letikuvastast toimet, leevendab ekseemi, psoriaasi, dermatiiti.<\/p>\n<p><strong>Kakaov\u00f5is<\/strong> on ohtralt A-, C- ja E-vitamiini. See on suurep\u00e4rane niisutaja, kaitstes nahka kuivamise eest.<\/p>\n<p><strong>Porgandi\u00f5lil<\/strong> on pehmendav, noorendav ja kaitsev m\u00f5ju. T\u00e4nu beetakaroteenile ning rohke A-, B-, C-, D-, E- ja F-vitamiinide sisaldusele on porgandi\u00f5li suurep\u00e4rane nahatoonik, mis soodustab naha paranemist, leevendab s\u00fcgelevat nahka ning kaitseb seda p\u00e4ikesekiirguse eest.<\/p>\n<p><strong>Kibuvitsaseemne\u00f5li<\/strong> on kuiv \u00f5li, t\u00e4nu millele imendub v\u00e4ga kiiresti. See sisaldab ohtralt C-vitamiini, mis aitab nahal kollageeni toota ning retinoolhapet, mis v\u00e4hendab kortsusid ja aitab arme ravida.<\/p>\n<p>Koostis: Shea-v\u00f5i, kookos\u00f5li, allikavesi, kakaov\u00f5i, viinamarjaseemne\u00f5li, porgandi \u00f5li, kibuvitsaseemne \u00f5li, nurmenuku &amp; kortslehe \u00fcrt, sidruni &amp; greibi eeterlik \u00f5li.<\/p>\n<p>S\u00e4ilib 6 kuud peale avamist.<\/p>\n<p>Hoia otsese p\u00e4ikesevalguse eest kaitstult.<\/p>\n<p>Iga kreemiga tuleb kaasa k\u00e4sitsi valmistatud eestimaisest kadakast\u00a0<strong>spaatel.<\/strong><\/p>\n<p>Kadakas on puu, millel on lisaks m\u00f5nusale metsa l\u00f5hnale ka antibakteriaalne toime. T\u00e4nu sellele sobib kadakas eriti h\u00e4sti kokku looduskosmeetika toodetega, kuna hoiab \u00e4ra halbade bakterite juurdep\u00e4\u00e4su Sinu kreemile,\u00a0mist\u00f5ttu s\u00e4ilib toode kauem.<\/p>","protected":false},"excerpt":{"rendered":"<p>\u00d5lide kombinatsioon on valitud eelk\u00f5ige sobima kombineeritud\/normaalsele\u00a0nahat\u00fc\u00fcbile. Oran\u017eikat tooni, tsitruseliselt l\u00f5hnav siidine ja \u00f5rna tekstuuriga n\u00e4okreem l\u00f5\u00f5gastab ja v\u00e4rskendab su nahka ning paneb selle s\u00e4rama. Nurmenukk on meelerahu ja armastust toetav taim ning sellel on rahustav, puhastav ja antibakteriaalne toime. Veel enam, see on lausa looduslik antibiootikum! Kortslehton s\u00fcdant avava v\u00e4ega v\u00f5imas naiste taim, mis [&hellip;]<\/p>\n","protected":false},"featured_media":1840532,"comment_status":"open","ping_status":"closed","template":"","meta":[],"product_brand":[],"product_cat":[25,691],"product_tag":[],"class_list":{"0":"post-1840526","1":"product","2":"type-product","3":"status-publish","4":"has-post-thumbnail","6":"product_cat-kosmeetika","7":"product_cat-naohooldus","9":"first","10":"instock","11":"taxable","12":"shipping-taxable","13":"purchasable","14":"product-type-simple"},"yoast_head":"<!-- This site is optimized with the Yoast SEO plugin v27.3 - https:\/\/yoast.com\/product\/yoast-seo-wordpress\/ -->\n<title>Bonobo - N\u00e4okreem, Nurmenuku &amp; kortslehe, v\u00e4rskendab &amp; l\u00f5\u00f5gastab, 30ml - RUUBY<\/title>\n<meta name=\"robots\" content=\"index, follow, max-snippet:-1, max-image-preview:large, max-video-preview:-1\" \/>\n<link rel=\"canonical\" href=\"https:\/\/ruuby.ee\/en\/pood\/kosmeetika\/naohooldus\/bonobo-naokreem-nurmenuku-kortslehe-varskendab-loogastab-30ml\/\" \/>\n<meta property=\"og:locale\" content=\"en_GB\" \/>\n<meta property=\"og:type\" content=\"article\" \/>\n<meta property=\"og:title\" content=\"Bonobo - N\u00e4okreem, Nurmenuku &amp; kortslehe, v\u00e4rskendab &amp; l\u00f5\u00f5gastab, 30ml - RUUBY\" \/>\n<meta property=\"og:description\" content=\"\u00d5lide kombinatsioon on valitud eelk\u00f5ige sobima kombineeritud\/normaalsele\u00a0nahat\u00fc\u00fcbile. Oran\u017eikat tooni, tsitruseliselt l\u00f5hnav siidine ja \u00f5rna tekstuuriga n\u00e4okreem l\u00f5\u00f5gastab ja v\u00e4rskendab su nahka ning paneb selle s\u00e4rama. Nurmenukk on meelerahu ja armastust toetav taim ning sellel on rahustav, puhastav ja antibakteriaalne toime. Veel enam, see on lausa looduslik antibiootikum! Kortslehton s\u00fcdant avava v\u00e4ega v\u00f5imas naiste taim, mis [&hellip;]\" \/>\n<meta property=\"og:url\" content=\"https:\/\/ruuby.ee\/en\/pood\/kosmeetika\/naohooldus\/bonobo-naokreem-nurmenuku-kortslehe-varskendab-loogastab-30ml\/\" \/>\n<meta property=\"og:site_name\" content=\"RUUBY\" \/>\n<meta property=\"article:publisher\" content=\"https:\/\/www.facebook.com\/ruubyconcept\" \/>\n<meta property=\"article:modified_time\" content=\"2026-04-07T22:28:38+00:00\" \/>\n<meta property=\"og:image\" content=\"https:\/\/ruuby.ee\/wp-content\/uploads\/2023\/10\/Screenshot-2023-10-25-at-16.17.19.png\" \/>\n\t<meta property=\"og:image:width\" content=\"1200\" \/>\n\t<meta property=\"og:image:height\" content=\"1204\" \/>\n\t<meta property=\"og:image:type\" content=\"image\/png\" \/>\n<meta name=\"twitter:card\" content=\"summary_large_image\" \/>\n<meta name=\"twitter:label1\" content=\"Estimated reading time\" \/>\n\t<meta name=\"twitter:data1\" content=\"2 minutes\" \/>\n<script type=\"application\/ld+json\" class=\"yoast-schema-graph\">{\"@context\":\"https:\\\/\\\/schema.org\",\"@graph\":[{\"@type\":[\"WebPage\",\"ItemPage\"],\"@id\":\"https:\\\/\\\/ruuby.ee\\\/pood\\\/kosmeetika\\\/naohooldus\\\/bonobo-naokreem-nurmenuku-kortslehe-varskendab-loogastab-30ml\\\/\",\"url\":\"https:\\\/\\\/ruuby.ee\\\/pood\\\/kosmeetika\\\/naohooldus\\\/bonobo-naokreem-nurmenuku-kortslehe-varskendab-loogastab-30ml\\\/\",\"name\":\"Bonobo - N\u00e4okreem, Nurmenuku &amp; kortslehe, v\u00e4rskendab &amp; l\u00f5\u00f5gastab, 30ml - RUUBY\",\"isPartOf\":{\"@id\":\"http:\\\/\\\/ruuby.ee\\\/#website\"},\"primaryImageOfPage\":{\"@id\":\"https:\\\/\\\/ruuby.ee\\\/pood\\\/kosmeetika\\\/naohooldus\\\/bonobo-naokreem-nurmenuku-kortslehe-varskendab-loogastab-30ml\\\/#primaryimage\"},\"image\":{\"@id\":\"https:\\\/\\\/ruuby.ee\\\/pood\\\/kosmeetika\\\/naohooldus\\\/bonobo-naokreem-nurmenuku-kortslehe-varskendab-loogastab-30ml\\\/#primaryimage\"},\"thumbnailUrl\":\"https:\\\/\\\/ruuby.ee\\\/wp-content\\\/uploads\\\/2023\\\/10\\\/Screenshot-2023-10-25-at-16.17.19.png\",\"datePublished\":\"2023-10-25T13:19:51+00:00\",\"dateModified\":\"2026-04-07T22:28:38+00:00\",\"breadcrumb\":{\"@id\":\"https:\\\/\\\/ruuby.ee\\\/pood\\\/kosmeetika\\\/naohooldus\\\/bonobo-naokreem-nurmenuku-kortslehe-varskendab-loogastab-30ml\\\/#breadcrumb\"},\"inLanguage\":\"en-GB\",\"potentialAction\":[{\"@type\":\"ReadAction\",\"target\":[\"https:\\\/\\\/ruuby.ee\\\/pood\\\/kosmeetika\\\/naohooldus\\\/bonobo-naokreem-nurmenuku-kortslehe-varskendab-loogastab-30ml\\\/\"]}]},{\"@type\":\"ImageObject\",\"inLanguage\":\"en-GB\",\"@id\":\"https:\\\/\\\/ruuby.ee\\\/pood\\\/kosmeetika\\\/naohooldus\\\/bonobo-naokreem-nurmenuku-kortslehe-varskendab-loogastab-30ml\\\/#primaryimage\",\"url\":\"https:\\\/\\\/ruuby.ee\\\/wp-content\\\/uploads\\\/2023\\\/10\\\/Screenshot-2023-10-25-at-16.17.19.png\",\"contentUrl\":\"https:\\\/\\\/ruuby.ee\\\/wp-content\\\/uploads\\\/2023\\\/10\\\/Screenshot-2023-10-25-at-16.17.19.png\",\"width\":1200,\"height\":1204},{\"@type\":\"BreadcrumbList\",\"@id\":\"https:\\\/\\\/ruuby.ee\\\/pood\\\/kosmeetika\\\/naohooldus\\\/bonobo-naokreem-nurmenuku-kortslehe-varskendab-loogastab-30ml\\\/#breadcrumb\",\"itemListElement\":[{\"@type\":\"ListItem\",\"position\":1,\"name\":\"Kdu\",\"item\":\"http:\\\/\\\/ruuby.ee\\\/\"},{\"@type\":\"ListItem\",\"position\":2,\"name\":\"Pood\",\"item\":\"http:\\\/\\\/ruuby.ee\\\/pood\\\/\"},{\"@type\":\"ListItem\",\"position\":3,\"name\":\"Bonobo &#8211; N\u00e4okreem, Nurmenuku &amp; kortslehe, v\u00e4rskendab &amp; l\u00f5\u00f5gastab, 30ml\"}]},{\"@type\":\"WebSite\",\"@id\":\"http:\\\/\\\/ruuby.ee\\\/#website\",\"url\":\"http:\\\/\\\/ruuby.ee\\\/\",\"name\":\"RUUBY\",\"description\":\"Ruubys on \u00fchendatud elustiil ja disain\",\"publisher\":{\"@id\":\"http:\\\/\\\/ruuby.ee\\\/#organization\"},\"alternateName\":\"Ruuby Disain\",\"potentialAction\":[{\"@type\":\"SearchAction\",\"target\":{\"@type\":\"EntryPoint\",\"urlTemplate\":\"http:\\\/\\\/ruuby.ee\\\/?s={search_term_string}\"},\"query-input\":{\"@type\":\"PropertyValueSpecification\",\"valueRequired\":true,\"valueName\":\"search_term_string\"}}],\"inLanguage\":\"en-GB\"},{\"@type\":\"Organization\",\"@id\":\"http:\\\/\\\/ruuby.ee\\\/#organization\",\"name\":\"Ruuby Disain O\u00dc\",\"alternateName\":\"Ruuby\",\"url\":\"http:\\\/\\\/ruuby.ee\\\/\",\"logo\":{\"@type\":\"ImageObject\",\"inLanguage\":\"en-GB\",\"@id\":\"http:\\\/\\\/ruuby.ee\\\/#\\\/schema\\\/logo\\\/image\\\/\",\"url\":\"https:\\\/\\\/ruuby.ee\\\/wp-content\\\/uploads\\\/2023\\\/06\\\/cropped-Black-White-Elegant-Circle-Signature-Fashion-Logo-12_large.png\",\"contentUrl\":\"https:\\\/\\\/ruuby.ee\\\/wp-content\\\/uploads\\\/2023\\\/06\\\/cropped-Black-White-Elegant-Circle-Signature-Fashion-Logo-12_large.png\",\"width\":1280,\"height\":747,\"caption\":\"Ruuby Disain O\u00dc\"},\"image\":{\"@id\":\"http:\\\/\\\/ruuby.ee\\\/#\\\/schema\\\/logo\\\/image\\\/\"},\"sameAs\":[\"https:\\\/\\\/www.facebook.com\\\/ruubyconcept\",\"https:\\\/\\\/www.instagram.com\\\/ruuby_concept\\\/\"]}]}<\/script>\n<!-- \/ Yoast SEO plugin. -->","yoast_head_json":{"title":"Bonobo - N\u00e4okreem, Nurmenuku &amp; kortslehe, v\u00e4rskendab &amp; l\u00f5\u00f5gastab, 30ml - RUUBY","robots":{"index":"index","follow":"follow","max-snippet":"max-snippet:-1","max-image-preview":"max-image-preview:large","max-video-preview":"max-video-preview:-1"},"canonical":"https:\/\/ruuby.ee\/en\/pood\/kosmeetika\/naohooldus\/bonobo-naokreem-nurmenuku-kortslehe-varskendab-loogastab-30ml\/","og_locale":"en_GB","og_type":"article","og_title":"Bonobo - N\u00e4okreem, Nurmenuku &amp; kortslehe, v\u00e4rskendab &amp; l\u00f5\u00f5gastab, 30ml - RUUBY","og_description":"\u00d5lide kombinatsioon on valitud eelk\u00f5ige sobima kombineeritud\/normaalsele\u00a0nahat\u00fc\u00fcbile. Oran\u017eikat tooni, tsitruseliselt l\u00f5hnav siidine ja \u00f5rna tekstuuriga n\u00e4okreem l\u00f5\u00f5gastab ja v\u00e4rskendab su nahka ning paneb selle s\u00e4rama. Nurmenukk on meelerahu ja armastust toetav taim ning sellel on rahustav, puhastav ja antibakteriaalne toime. Veel enam, see on lausa looduslik antibiootikum! Kortslehton s\u00fcdant avava v\u00e4ega v\u00f5imas naiste taim, mis [&hellip;]","og_url":"https:\/\/ruuby.ee\/en\/pood\/kosmeetika\/naohooldus\/bonobo-naokreem-nurmenuku-kortslehe-varskendab-loogastab-30ml\/","og_site_name":"RUUBY","article_publisher":"https:\/\/www.facebook.com\/ruubyconcept","article_modified_time":"2026-04-07T22:28:38+00:00","og_image":[{"width":1200,"height":1204,"url":"https:\/\/ruuby.ee\/wp-content\/uploads\/2023\/10\/Screenshot-2023-10-25-at-16.17.19.png","type":"image\/png"}],"twitter_card":"summary_large_image","twitter_misc":{"Estimated reading time":"2 minutes"},"schema":{"@context":"https:\/\/schema.org","@graph":[{"@type":["WebPage","ItemPage"],"@id":"https:\/\/ruuby.ee\/pood\/kosmeetika\/naohooldus\/bonobo-naokreem-nurmenuku-kortslehe-varskendab-loogastab-30ml\/","url":"https:\/\/ruuby.ee\/pood\/kosmeetika\/naohooldus\/bonobo-naokreem-nurmenuku-kortslehe-varskendab-loogastab-30ml\/","name":"Bonobo - N\u00e4okreem, Nurmenuku &amp; kortslehe, v\u00e4rskendab &amp; l\u00f5\u00f5gastab, 30ml - RUUBY","isPartOf":{"@id":"http:\/\/ruuby.ee\/#website"},"primaryImageOfPage":{"@id":"https:\/\/ruuby.ee\/pood\/kosmeetika\/naohooldus\/bonobo-naokreem-nurmenuku-kortslehe-varskendab-loogastab-30ml\/#primaryimage"},"image":{"@id":"https:\/\/ruuby.ee\/pood\/kosmeetika\/naohooldus\/bonobo-naokreem-nurmenuku-kortslehe-varskendab-loogastab-30ml\/#primaryimage"},"thumbnailUrl":"https:\/\/ruuby.ee\/wp-content\/uploads\/2023\/10\/Screenshot-2023-10-25-at-16.17.19.png","datePublished":"2023-10-25T13:19:51+00:00","dateModified":"2026-04-07T22:28:38+00:00","breadcrumb":{"@id":"https:\/\/ruuby.ee\/pood\/kosmeetika\/naohooldus\/bonobo-naokreem-nurmenuku-kortslehe-varskendab-loogastab-30ml\/#breadcrumb"},"inLanguage":"en-GB","potentialAction":[{"@type":"ReadAction","target":["https:\/\/ruuby.ee\/pood\/kosmeetika\/naohooldus\/bonobo-naokreem-nurmenuku-kortslehe-varskendab-loogastab-30ml\/"]}]},{"@type":"ImageObject","inLanguage":"en-GB","@id":"https:\/\/ruuby.ee\/pood\/kosmeetika\/naohooldus\/bonobo-naokreem-nurmenuku-kortslehe-varskendab-loogastab-30ml\/#primaryimage","url":"https:\/\/ruuby.ee\/wp-content\/uploads\/2023\/10\/Screenshot-2023-10-25-at-16.17.19.png","contentUrl":"https:\/\/ruuby.ee\/wp-content\/uploads\/2023\/10\/Screenshot-2023-10-25-at-16.17.19.png","width":1200,"height":1204},{"@type":"BreadcrumbList","@id":"https:\/\/ruuby.ee\/pood\/kosmeetika\/naohooldus\/bonobo-naokreem-nurmenuku-kortslehe-varskendab-loogastab-30ml\/#breadcrumb","itemListElement":[{"@type":"ListItem","position":1,"name":"Kdu","item":"http:\/\/ruuby.ee\/"},{"@type":"ListItem","position":2,"name":"Pood","item":"http:\/\/ruuby.ee\/pood\/"},{"@type":"ListItem","position":3,"name":"Bonobo &#8211; N\u00e4okreem, Nurmenuku &amp; kortslehe, v\u00e4rskendab &amp; l\u00f5\u00f5gastab, 30ml"}]},{"@type":"WebSite","@id":"http:\/\/ruuby.ee\/#website","url":"http:\/\/ruuby.ee\/","name":"RUUBY","description":"Ruubys on \u00fchendatud elustiil ja disain","publisher":{"@id":"http:\/\/ruuby.ee\/#organization"},"alternateName":"Ruuby Disain","potentialAction":[{"@type":"SearchAction","target":{"@type":"EntryPoint","urlTemplate":"http:\/\/ruuby.ee\/?s={search_term_string}"},"query-input":{"@type":"PropertyValueSpecification","valueRequired":true,"valueName":"search_term_string"}}],"inLanguage":"en-GB"},{"@type":"Organization","@id":"http:\/\/ruuby.ee\/#organization","name":"Ruuby Disain O\u00dc","alternateName":"Ruuby","url":"http:\/\/ruuby.ee\/","logo":{"@type":"ImageObject","inLanguage":"en-GB","@id":"http:\/\/ruuby.ee\/#\/schema\/logo\/image\/","url":"https:\/\/ruuby.ee\/wp-content\/uploads\/2023\/06\/cropped-Black-White-Elegant-Circle-Signature-Fashion-Logo-12_large.png","contentUrl":"https:\/\/ruuby.ee\/wp-content\/uploads\/2023\/06\/cropped-Black-White-Elegant-Circle-Signature-Fashion-Logo-12_large.png","width":1280,"height":747,"caption":"Ruuby Disain O\u00dc"},"image":{"@id":"http:\/\/ruuby.ee\/#\/schema\/logo\/image\/"},"sameAs":["https:\/\/www.facebook.com\/ruubyconcept","https:\/\/www.instagram.com\/ruuby_concept\/"]}]}},"jetpack_sharing_enabled":true,"_links":{"self":[{"href":"https:\/\/ruuby.ee\/en\/wp-json\/wp\/v2\/product\/1840526","targetHints":{"allow":["GET"]}}],"collection":[{"href":"https:\/\/ruuby.ee\/en\/wp-json\/wp\/v2\/product"}],"about":[{"href":"https:\/\/ruuby.ee\/en\/wp-json\/wp\/v2\/types\/product"}],"replies":[{"embeddable":true,"href":"https:\/\/ruuby.ee\/en\/wp-json\/wp\/v2\/comments?post=1840526"}],"wp:featuredmedia":[{"embeddable":true,"href":"https:\/\/ruuby.ee\/en\/wp-json\/wp\/v2\/media\/1840532"}],"wp:attachment":[{"href":"https:\/\/ruuby.ee\/en\/wp-json\/wp\/v2\/media?parent=1840526"}],"wp:term":[{"taxonomy":"product_brand","embeddable":true,"href":"https:\/\/ruuby.ee\/en\/wp-json\/wp\/v2\/product_brand?post=1840526"},{"taxonomy":"product_cat","embeddable":true,"href":"https:\/\/ruuby.ee\/en\/wp-json\/wp\/v2\/product_cat?post=1840526"},{"taxonomy":"product_tag","embeddable":true,"href":"https:\/\/ruuby.ee\/en\/wp-json\/wp\/v2\/product_tag?post=1840526"}],"curies":[{"name":"wp","href":"https:\/\/api.w.org\/{rel}","templated":true}]}}