{"id":1840520,"date":"2023-10-25T16:11:46","date_gmt":"2023-10-25T13:11:46","guid":{"rendered":"http:\/\/ruuby.ee\/?post_type=product&#038;p=1840520"},"modified":"2026-04-07T01:27:19","modified_gmt":"2026-04-06T22:27:19","slug":"bonobo-kehakreem-avokaado-sidruni-rahustab-niisutab-60ml","status":"publish","type":"product","link":"https:\/\/ruuby.ee\/en\/pood\/kosmeetika\/kehahooldus\/bonobo-kehakreem-avokaado-sidruni-rahustab-niisutab-60ml\/","title":{"rendered":"Bonobo &#8211; Kehakreem, Avokaado &amp; sidruni, rahustab &amp; niisutab, 60ml"},"content":{"rendered":"<p>Orgaanilisest kanepiseemne\u00f5list tulenevalt kerget rohekat tooni ja sidruni l\u00f5hnaline avokaado kehakreem rahustab ja niisutab Su nahka.<\/p>\n<p>Kreemis olev <strong>aaloe veera v\u00f5i<\/strong> taastab kuiva naha niiskusesisalduse ning t\u00e4nu selle p\u00f5letikuvastasele toimele v\u00f5id seda kasutada ka ekseemi, psoriaasi, p\u00e4ikesep\u00f5letuse v\u00f5i l\u00f5henenud nahapindade raviks.<\/p>\n<p><strong>Avokaado\u00f5li<\/strong> sisaldab palju B-vitamiini ja antioks\u00fcdante, olles sobilik tundlikule nahale.<\/p>\n<p><strong>Shea-v\u00f5i<\/strong> toetab naharakkude uuenemist, m\u00f5judes nahale noorendavalt ja kortse v\u00e4hendavalt.<\/p>\n<p><strong>Kanepiseemne\u00f5lis<\/strong> on ohtralt E- ja A-vitamiini ning antioks\u00fcdante, pidurdades seel\u00e4bi naha vananemisprotsesse.<\/p>\n<p><strong>Viinamarjaseemne\u00f5li<\/strong> on \u00e4\u00e4rmiselt kerge tekstuuriga ning aitab tasakaalustada naha rasueritust.<\/p>\n<p><strong>Sidrun<\/strong>\u00a0toniseerib ja trimmib Su nahka ning paneb selle s\u00e4rama.<\/p>\n<p>Koostis: Shea-v\u00f5i, Aloe Vera v\u00f5i, allikavesi, viinamarjaseemne\u00f5li, avokaado\u00f5li, orgaaniline kanepiseemne\u00f5li, sidruni eeterlik \u00f5li ja ecosafe s\u00e4ilitusaine.<\/p>\n<p>S\u00e4ilib 6 kuud peale avamist.<\/p>\n<p>Hoia otsese p\u00e4ikesevalguse eest kaitstult.<\/p>\n<p>Koostisosad: Butyrospermum Parkrii (Shea) Butter, Cocos Nucifera (Coconut) Oil (And) Aloe Barbadensis Leaf Extract, Aqua, Theobroma Cacao (Cocoa) Seed Butter, Vitis Vinifera (Grape) Seed Oil, Persea Graatissima (Avocado) Oil, Cannabis Sative Seed Oil, Aroma*, d-Limonene*, Linalol*, Citral*, Benzyl Alcohol, Salicylic Acid, Glycerin, Sorbic Acid. \/ * natural essential oils.<\/p>","protected":false},"excerpt":{"rendered":"<p>Orgaanilisest kanepiseemne\u00f5list tulenevalt kerget rohekat tooni ja sidruni l\u00f5hnaline avokaado kehakreem rahustab ja niisutab Su nahka. Kreemis olev aaloe veera v\u00f5i taastab kuiva naha niiskusesisalduse ning t\u00e4nu selle p\u00f5letikuvastasele toimele v\u00f5id seda kasutada ka ekseemi, psoriaasi, p\u00e4ikesep\u00f5letuse v\u00f5i l\u00f5henenud nahapindade raviks. Avokaado\u00f5li sisaldab palju B-vitamiini ja antioks\u00fcdante, olles sobilik tundlikule nahale. Shea-v\u00f5i toetab naharakkude uuenemist, [&hellip;]<\/p>\n","protected":false},"featured_media":1840525,"comment_status":"open","ping_status":"closed","template":"","meta":[],"product_brand":[],"product_cat":[690,25],"product_tag":[],"class_list":{"0":"post-1840520","1":"product","2":"type-product","3":"status-publish","4":"has-post-thumbnail","6":"product_cat-kehahooldus","7":"product_cat-kosmeetika","9":"first","10":"instock","11":"taxable","12":"shipping-taxable","13":"purchasable","14":"product-type-simple"},"yoast_head":"<!-- This site is optimized with the Yoast SEO plugin v27.3 - https:\/\/yoast.com\/product\/yoast-seo-wordpress\/ -->\n<title>Bonobo - Kehakreem, Avokaado &amp; sidruni, rahustab &amp; niisutab, 60ml - RUUBY<\/title>\n<meta name=\"robots\" content=\"index, follow, max-snippet:-1, max-image-preview:large, max-video-preview:-1\" \/>\n<link rel=\"canonical\" href=\"http:\/\/ruuby.ee\/en\/pood\/kosmeetika\/kehahooldus\/bonobo-kehakreem-avokaado-sidruni-rahustab-niisutab-60ml\/\" \/>\n<meta property=\"og:locale\" content=\"en_GB\" \/>\n<meta property=\"og:type\" content=\"article\" \/>\n<meta property=\"og:title\" content=\"Bonobo - Kehakreem, Avokaado &amp; sidruni, rahustab &amp; niisutab, 60ml - RUUBY\" \/>\n<meta property=\"og:description\" content=\"Orgaanilisest kanepiseemne\u00f5list tulenevalt kerget rohekat tooni ja sidruni l\u00f5hnaline avokaado kehakreem rahustab ja niisutab Su nahka. Kreemis olev aaloe veera v\u00f5i taastab kuiva naha niiskusesisalduse ning t\u00e4nu selle p\u00f5letikuvastasele toimele v\u00f5id seda kasutada ka ekseemi, psoriaasi, p\u00e4ikesep\u00f5letuse v\u00f5i l\u00f5henenud nahapindade raviks. Avokaado\u00f5li sisaldab palju B-vitamiini ja antioks\u00fcdante, olles sobilik tundlikule nahale. Shea-v\u00f5i toetab naharakkude uuenemist, [&hellip;]\" \/>\n<meta property=\"og:url\" content=\"http:\/\/ruuby.ee\/en\/pood\/kosmeetika\/kehahooldus\/bonobo-kehakreem-avokaado-sidruni-rahustab-niisutab-60ml\/\" \/>\n<meta property=\"og:site_name\" content=\"RUUBY\" \/>\n<meta property=\"article:publisher\" content=\"https:\/\/www.facebook.com\/ruubyconcept\" \/>\n<meta property=\"article:modified_time\" content=\"2026-04-06T22:27:19+00:00\" \/>\n<meta property=\"og:image\" content=\"http:\/\/ruuby.ee\/wp-content\/uploads\/2023\/10\/Screenshot-2023-10-25-at-16.12.24.png\" \/>\n\t<meta property=\"og:image:width\" content=\"1200\" \/>\n\t<meta property=\"og:image:height\" content=\"1200\" \/>\n\t<meta property=\"og:image:type\" content=\"image\/png\" \/>\n<meta name=\"twitter:card\" content=\"summary_large_image\" \/>\n<meta name=\"twitter:label1\" content=\"Estimated reading time\" \/>\n\t<meta name=\"twitter:data1\" content=\"2 minutes\" \/>\n<script type=\"application\/ld+json\" class=\"yoast-schema-graph\">{\"@context\":\"https:\\\/\\\/schema.org\",\"@graph\":[{\"@type\":[\"WebPage\",\"ItemPage\"],\"@id\":\"http:\\\/\\\/ruuby.ee\\\/pood\\\/kosmeetika\\\/kehahooldus\\\/bonobo-kehakreem-avokaado-sidruni-rahustab-niisutab-60ml\\\/\",\"url\":\"http:\\\/\\\/ruuby.ee\\\/pood\\\/kosmeetika\\\/kehahooldus\\\/bonobo-kehakreem-avokaado-sidruni-rahustab-niisutab-60ml\\\/\",\"name\":\"Bonobo - Kehakreem, Avokaado &amp; sidruni, rahustab &amp; niisutab, 60ml - RUUBY\",\"isPartOf\":{\"@id\":\"http:\\\/\\\/ruuby.ee\\\/en\\\/#website\"},\"primaryImageOfPage\":{\"@id\":\"http:\\\/\\\/ruuby.ee\\\/pood\\\/kosmeetika\\\/kehahooldus\\\/bonobo-kehakreem-avokaado-sidruni-rahustab-niisutab-60ml\\\/#primaryimage\"},\"image\":{\"@id\":\"http:\\\/\\\/ruuby.ee\\\/pood\\\/kosmeetika\\\/kehahooldus\\\/bonobo-kehakreem-avokaado-sidruni-rahustab-niisutab-60ml\\\/#primaryimage\"},\"thumbnailUrl\":\"https:\\\/\\\/ruuby.ee\\\/wp-content\\\/uploads\\\/2023\\\/10\\\/Screenshot-2023-10-25-at-16.12.24.png\",\"datePublished\":\"2023-10-25T13:11:46+00:00\",\"dateModified\":\"2026-04-06T22:27:19+00:00\",\"breadcrumb\":{\"@id\":\"http:\\\/\\\/ruuby.ee\\\/pood\\\/kosmeetika\\\/kehahooldus\\\/bonobo-kehakreem-avokaado-sidruni-rahustab-niisutab-60ml\\\/#breadcrumb\"},\"inLanguage\":\"en-GB\",\"potentialAction\":[{\"@type\":\"ReadAction\",\"target\":[\"http:\\\/\\\/ruuby.ee\\\/pood\\\/kosmeetika\\\/kehahooldus\\\/bonobo-kehakreem-avokaado-sidruni-rahustab-niisutab-60ml\\\/\"]}]},{\"@type\":\"ImageObject\",\"inLanguage\":\"en-GB\",\"@id\":\"http:\\\/\\\/ruuby.ee\\\/pood\\\/kosmeetika\\\/kehahooldus\\\/bonobo-kehakreem-avokaado-sidruni-rahustab-niisutab-60ml\\\/#primaryimage\",\"url\":\"https:\\\/\\\/ruuby.ee\\\/wp-content\\\/uploads\\\/2023\\\/10\\\/Screenshot-2023-10-25-at-16.12.24.png\",\"contentUrl\":\"https:\\\/\\\/ruuby.ee\\\/wp-content\\\/uploads\\\/2023\\\/10\\\/Screenshot-2023-10-25-at-16.12.24.png\",\"width\":1200,\"height\":1200},{\"@type\":\"BreadcrumbList\",\"@id\":\"http:\\\/\\\/ruuby.ee\\\/pood\\\/kosmeetika\\\/kehahooldus\\\/bonobo-kehakreem-avokaado-sidruni-rahustab-niisutab-60ml\\\/#breadcrumb\",\"itemListElement\":[{\"@type\":\"ListItem\",\"position\":1,\"name\":\"Kdu\",\"item\":\"http:\\\/\\\/ruuby.ee\\\/en\\\/\"},{\"@type\":\"ListItem\",\"position\":2,\"name\":\"Pood\",\"item\":\"http:\\\/\\\/ruuby.ee\\\/en\\\/pood\\\/\"},{\"@type\":\"ListItem\",\"position\":3,\"name\":\"Bonobo &#8211; Kehakreem, Avokaado &amp; sidruni, rahustab &amp; niisutab, 60ml\"}]},{\"@type\":\"WebSite\",\"@id\":\"http:\\\/\\\/ruuby.ee\\\/en\\\/#website\",\"url\":\"http:\\\/\\\/ruuby.ee\\\/en\\\/\",\"name\":\"RUUBY\",\"description\":\"Ruubys on \u00fchendatud elustiil ja disain\",\"publisher\":{\"@id\":\"http:\\\/\\\/ruuby.ee\\\/en\\\/#organization\"},\"alternateName\":\"Ruuby Disain\",\"potentialAction\":[{\"@type\":\"SearchAction\",\"target\":{\"@type\":\"EntryPoint\",\"urlTemplate\":\"http:\\\/\\\/ruuby.ee\\\/en\\\/?s={search_term_string}\"},\"query-input\":{\"@type\":\"PropertyValueSpecification\",\"valueRequired\":true,\"valueName\":\"search_term_string\"}}],\"inLanguage\":\"en-GB\"},{\"@type\":\"Organization\",\"@id\":\"http:\\\/\\\/ruuby.ee\\\/en\\\/#organization\",\"name\":\"Ruuby Disain O\u00dc\",\"alternateName\":\"Ruuby\",\"url\":\"http:\\\/\\\/ruuby.ee\\\/en\\\/\",\"logo\":{\"@type\":\"ImageObject\",\"inLanguage\":\"en-GB\",\"@id\":\"http:\\\/\\\/ruuby.ee\\\/en\\\/#\\\/schema\\\/logo\\\/image\\\/\",\"url\":\"https:\\\/\\\/ruuby.ee\\\/wp-content\\\/uploads\\\/2023\\\/06\\\/cropped-Black-White-Elegant-Circle-Signature-Fashion-Logo-12_large.png\",\"contentUrl\":\"https:\\\/\\\/ruuby.ee\\\/wp-content\\\/uploads\\\/2023\\\/06\\\/cropped-Black-White-Elegant-Circle-Signature-Fashion-Logo-12_large.png\",\"width\":1280,\"height\":747,\"caption\":\"Ruuby Disain O\u00dc\"},\"image\":{\"@id\":\"http:\\\/\\\/ruuby.ee\\\/en\\\/#\\\/schema\\\/logo\\\/image\\\/\"},\"sameAs\":[\"https:\\\/\\\/www.facebook.com\\\/ruubyconcept\",\"https:\\\/\\\/www.instagram.com\\\/ruuby_concept\\\/\"]}]}<\/script>\n<!-- \/ Yoast SEO plugin. -->","yoast_head_json":{"title":"Bonobo - Kehakreem, Avokaado &amp; sidruni, rahustab &amp; niisutab, 60ml - RUUBY","robots":{"index":"index","follow":"follow","max-snippet":"max-snippet:-1","max-image-preview":"max-image-preview:large","max-video-preview":"max-video-preview:-1"},"canonical":"http:\/\/ruuby.ee\/en\/pood\/kosmeetika\/kehahooldus\/bonobo-kehakreem-avokaado-sidruni-rahustab-niisutab-60ml\/","og_locale":"en_GB","og_type":"article","og_title":"Bonobo - Kehakreem, Avokaado &amp; sidruni, rahustab &amp; niisutab, 60ml - RUUBY","og_description":"Orgaanilisest kanepiseemne\u00f5list tulenevalt kerget rohekat tooni ja sidruni l\u00f5hnaline avokaado kehakreem rahustab ja niisutab Su nahka. Kreemis olev aaloe veera v\u00f5i taastab kuiva naha niiskusesisalduse ning t\u00e4nu selle p\u00f5letikuvastasele toimele v\u00f5id seda kasutada ka ekseemi, psoriaasi, p\u00e4ikesep\u00f5letuse v\u00f5i l\u00f5henenud nahapindade raviks. Avokaado\u00f5li sisaldab palju B-vitamiini ja antioks\u00fcdante, olles sobilik tundlikule nahale. Shea-v\u00f5i toetab naharakkude uuenemist, [&hellip;]","og_url":"http:\/\/ruuby.ee\/en\/pood\/kosmeetika\/kehahooldus\/bonobo-kehakreem-avokaado-sidruni-rahustab-niisutab-60ml\/","og_site_name":"RUUBY","article_publisher":"https:\/\/www.facebook.com\/ruubyconcept","article_modified_time":"2026-04-06T22:27:19+00:00","og_image":[{"width":1200,"height":1200,"url":"http:\/\/ruuby.ee\/wp-content\/uploads\/2023\/10\/Screenshot-2023-10-25-at-16.12.24.png","type":"image\/png"}],"twitter_card":"summary_large_image","twitter_misc":{"Estimated reading time":"2 minutes"},"schema":{"@context":"https:\/\/schema.org","@graph":[{"@type":["WebPage","ItemPage"],"@id":"http:\/\/ruuby.ee\/pood\/kosmeetika\/kehahooldus\/bonobo-kehakreem-avokaado-sidruni-rahustab-niisutab-60ml\/","url":"http:\/\/ruuby.ee\/pood\/kosmeetika\/kehahooldus\/bonobo-kehakreem-avokaado-sidruni-rahustab-niisutab-60ml\/","name":"Bonobo - Kehakreem, Avokaado &amp; sidruni, rahustab &amp; niisutab, 60ml - RUUBY","isPartOf":{"@id":"http:\/\/ruuby.ee\/en\/#website"},"primaryImageOfPage":{"@id":"http:\/\/ruuby.ee\/pood\/kosmeetika\/kehahooldus\/bonobo-kehakreem-avokaado-sidruni-rahustab-niisutab-60ml\/#primaryimage"},"image":{"@id":"http:\/\/ruuby.ee\/pood\/kosmeetika\/kehahooldus\/bonobo-kehakreem-avokaado-sidruni-rahustab-niisutab-60ml\/#primaryimage"},"thumbnailUrl":"https:\/\/ruuby.ee\/wp-content\/uploads\/2023\/10\/Screenshot-2023-10-25-at-16.12.24.png","datePublished":"2023-10-25T13:11:46+00:00","dateModified":"2026-04-06T22:27:19+00:00","breadcrumb":{"@id":"http:\/\/ruuby.ee\/pood\/kosmeetika\/kehahooldus\/bonobo-kehakreem-avokaado-sidruni-rahustab-niisutab-60ml\/#breadcrumb"},"inLanguage":"en-GB","potentialAction":[{"@type":"ReadAction","target":["http:\/\/ruuby.ee\/pood\/kosmeetika\/kehahooldus\/bonobo-kehakreem-avokaado-sidruni-rahustab-niisutab-60ml\/"]}]},{"@type":"ImageObject","inLanguage":"en-GB","@id":"http:\/\/ruuby.ee\/pood\/kosmeetika\/kehahooldus\/bonobo-kehakreem-avokaado-sidruni-rahustab-niisutab-60ml\/#primaryimage","url":"https:\/\/ruuby.ee\/wp-content\/uploads\/2023\/10\/Screenshot-2023-10-25-at-16.12.24.png","contentUrl":"https:\/\/ruuby.ee\/wp-content\/uploads\/2023\/10\/Screenshot-2023-10-25-at-16.12.24.png","width":1200,"height":1200},{"@type":"BreadcrumbList","@id":"http:\/\/ruuby.ee\/pood\/kosmeetika\/kehahooldus\/bonobo-kehakreem-avokaado-sidruni-rahustab-niisutab-60ml\/#breadcrumb","itemListElement":[{"@type":"ListItem","position":1,"name":"Kdu","item":"http:\/\/ruuby.ee\/en\/"},{"@type":"ListItem","position":2,"name":"Pood","item":"http:\/\/ruuby.ee\/en\/pood\/"},{"@type":"ListItem","position":3,"name":"Bonobo &#8211; Kehakreem, Avokaado &amp; sidruni, rahustab &amp; niisutab, 60ml"}]},{"@type":"WebSite","@id":"http:\/\/ruuby.ee\/en\/#website","url":"http:\/\/ruuby.ee\/en\/","name":"RUUBY","description":"Ruubys on \u00fchendatud elustiil ja disain","publisher":{"@id":"http:\/\/ruuby.ee\/en\/#organization"},"alternateName":"Ruuby Disain","potentialAction":[{"@type":"SearchAction","target":{"@type":"EntryPoint","urlTemplate":"http:\/\/ruuby.ee\/en\/?s={search_term_string}"},"query-input":{"@type":"PropertyValueSpecification","valueRequired":true,"valueName":"search_term_string"}}],"inLanguage":"en-GB"},{"@type":"Organization","@id":"http:\/\/ruuby.ee\/en\/#organization","name":"Ruuby Disain O\u00dc","alternateName":"Ruuby","url":"http:\/\/ruuby.ee\/en\/","logo":{"@type":"ImageObject","inLanguage":"en-GB","@id":"http:\/\/ruuby.ee\/en\/#\/schema\/logo\/image\/","url":"https:\/\/ruuby.ee\/wp-content\/uploads\/2023\/06\/cropped-Black-White-Elegant-Circle-Signature-Fashion-Logo-12_large.png","contentUrl":"https:\/\/ruuby.ee\/wp-content\/uploads\/2023\/06\/cropped-Black-White-Elegant-Circle-Signature-Fashion-Logo-12_large.png","width":1280,"height":747,"caption":"Ruuby Disain O\u00dc"},"image":{"@id":"http:\/\/ruuby.ee\/en\/#\/schema\/logo\/image\/"},"sameAs":["https:\/\/www.facebook.com\/ruubyconcept","https:\/\/www.instagram.com\/ruuby_concept\/"]}]}},"jetpack_sharing_enabled":true,"_links":{"self":[{"href":"https:\/\/ruuby.ee\/en\/wp-json\/wp\/v2\/product\/1840520","targetHints":{"allow":["GET"]}}],"collection":[{"href":"https:\/\/ruuby.ee\/en\/wp-json\/wp\/v2\/product"}],"about":[{"href":"https:\/\/ruuby.ee\/en\/wp-json\/wp\/v2\/types\/product"}],"replies":[{"embeddable":true,"href":"https:\/\/ruuby.ee\/en\/wp-json\/wp\/v2\/comments?post=1840520"}],"wp:featuredmedia":[{"embeddable":true,"href":"https:\/\/ruuby.ee\/en\/wp-json\/wp\/v2\/media\/1840525"}],"wp:attachment":[{"href":"https:\/\/ruuby.ee\/en\/wp-json\/wp\/v2\/media?parent=1840520"}],"wp:term":[{"taxonomy":"product_brand","embeddable":true,"href":"https:\/\/ruuby.ee\/en\/wp-json\/wp\/v2\/product_brand?post=1840520"},{"taxonomy":"product_cat","embeddable":true,"href":"https:\/\/ruuby.ee\/en\/wp-json\/wp\/v2\/product_cat?post=1840520"},{"taxonomy":"product_tag","embeddable":true,"href":"https:\/\/ruuby.ee\/en\/wp-json\/wp\/v2\/product_tag?post=1840520"}],"curies":[{"name":"wp","href":"https:\/\/api.w.org\/{rel}","templated":true}]}}