{"id":1840516,"date":"2023-10-25T16:09:23","date_gmt":"2023-10-25T13:09:23","guid":{"rendered":"http:\/\/ruuby.ee\/?post_type=product&#038;p=1840516"},"modified":"2026-04-08T01:28:38","modified_gmt":"2026-04-07T22:28:38","slug":"bonobo-kehakreem-kookose-laimi-rahustab-ja-niisutab-60ml","status":"publish","type":"product","link":"https:\/\/ruuby.ee\/en\/pood\/kosmeetika\/kehahooldus\/bonobo-kehakreem-kookose-laimi-rahustab-ja-niisutab-60ml\/","title":{"rendered":"Bonobo &#8211; Kehakreem, Kookose &amp; laimi, rahustab ja niisutab, 60ml"},"content":{"rendered":"<p>Valget tooni ja \u00f5rnalt laimil\u00f5hnaline kookose &amp; laimi kehakreem rahustab ja niisutab su nahka. <strong>Kookos\u00f5li<\/strong> on antimikroobse ja p\u00f5letikuvastase toimega ning samal ajal ka \u00fclimalt niisutav. Tsitruseline <strong>laim<\/strong> aga sisaldab ohtralt c-vitamiini ja flavonoide, t\u00e4nu millele on sellel noorendav ja vananemisvastane toime. Lisaks sellele aitab laim v\u00f5idelda akne ja teiste naha ebatasasuste ja plekkidega, pannes selle m\u00f5nusalt s\u00e4rama.<\/p>\n<p><strong>Mangov\u00f5i <\/strong>teeb kreemi eriti siidiseks ja pehmeks.<\/p>\n<p><strong>Kakaov\u00f5i<\/strong><strong>s<\/strong>\u00a0on ohtralt A-, C- ja E-vitamiini. See on suurep\u00e4rane niisutaja, kaitstes nahka kuivamise eest.<\/p>\n<p><strong>Magusa mandli \u00f5li <\/strong>toidab, rahustab ja silub nahka ning on rikas E-vitamiini, kaltsiumi ja magneesiumi poolest.<\/p>\n<p><strong>Kukui p\u00e4hkli \u00f5lil<\/strong> on t\u00e4nu k\u00f5rgele A-, E- ja F-vitamiini sisaldusele vananemisvastane toime. Samuti aitab ravida psoriaasi, ekseemi ja aknet.<\/p>\n<p><strong>Nisuidu\u00f5li<\/strong>\u00a0sisaldab rohkelt E-vitamiini, mis soodustab uute naharakkude teket, h\u00f5lbustab naharakkude varustamist hapnikuga ning parandab naha verevarustust.<\/p>\n<p><strong>Sidrun<\/strong>\u00a0toniseerib ja trimmib su nahka ning paneb selle s\u00e4rama.<\/p>\n<p><strong>Apelsin<\/strong>\u00a0on t\u00f5eline C-vitamiini allikas, mis t\u00f5stab keha vastupanuv\u00f5imet. Lisaks sellele leidub apelsinis ohtralt antioks\u00fcdante, mis aitavad nahal s\u00e4ilitada selle nooruslikkust ja s\u00e4ra.<\/p>\n<p>Koostis: Mangov\u00f5i, kookos\u00f5li, allikavesi, kakaov\u00f5i, magusa mandli \u00f5li, kukui\u00f5li, nisuidu\u00f5li, laimi, sidruni ja apelsini eeterlikud \u00f5lid ning ecosafe s\u00e4ilitusaine.<\/p>\n<p>S\u00e4ilib 6 kuud peale avamist.<\/p>\n<p>Hoia otsese p\u00e4ikesevalguse eest kaitstult.<\/p>\n<p>Koostisosad: Mangifera indica (<em>Mango<\/em>) Seed\u00a0<em>Butter<\/em>, Cocos Nucifera (Coconut) Oil, Aqua, Theobroma Cacao (Cocoa) Seed Butter, Prunus Amygdalus Dulcis (Sweet Almond) Oil, Aleurites Moluccana (Kukui) Seed Oil, Triticum Vulgare (Wheat) Germ Oil, Citrus aurantifolia (Lime) Oil, Citrus Aurantium Dulcis (Orange) Peel Oil, Citrus medica limonum (Lemon) Peel Oil, Benzyl Alcohol, Salicylic Acid, Glycerin, Sorbic Acid.<\/p>","protected":false},"excerpt":{"rendered":"<p>Valget tooni ja \u00f5rnalt laimil\u00f5hnaline kookose &amp; laimi kehakreem rahustab ja niisutab su nahka. Kookos\u00f5li on antimikroobse ja p\u00f5letikuvastase toimega ning samal ajal ka \u00fclimalt niisutav. Tsitruseline laim aga sisaldab ohtralt c-vitamiini ja flavonoide, t\u00e4nu millele on sellel noorendav ja vananemisvastane toime. Lisaks sellele aitab laim v\u00f5idelda akne ja teiste naha ebatasasuste ja plekkidega, pannes [&hellip;]<\/p>\n","protected":false},"featured_media":1840519,"comment_status":"open","ping_status":"closed","template":"","meta":[],"product_brand":[],"product_cat":[690,25],"product_tag":[],"class_list":{"0":"post-1840516","1":"product","2":"type-product","3":"status-publish","4":"has-post-thumbnail","6":"product_cat-kehahooldus","7":"product_cat-kosmeetika","9":"first","10":"instock","11":"taxable","12":"shipping-taxable","13":"purchasable","14":"product-type-simple"},"yoast_head":"<!-- This site is optimized with the Yoast SEO plugin v27.3 - https:\/\/yoast.com\/product\/yoast-seo-wordpress\/ -->\n<title>Bonobo - Kehakreem, Kookose &amp; laimi, rahustab ja niisutab, 60ml - RUUBY<\/title>\n<meta name=\"robots\" content=\"index, follow, max-snippet:-1, max-image-preview:large, max-video-preview:-1\" \/>\n<link rel=\"canonical\" href=\"http:\/\/ruuby.ee\/en\/pood\/kosmeetika\/kehahooldus\/bonobo-kehakreem-kookose-laimi-rahustab-ja-niisutab-60ml\/\" \/>\n<meta property=\"og:locale\" content=\"en_GB\" \/>\n<meta property=\"og:type\" content=\"article\" \/>\n<meta property=\"og:title\" content=\"Bonobo - Kehakreem, Kookose &amp; laimi, rahustab ja niisutab, 60ml - RUUBY\" \/>\n<meta property=\"og:description\" content=\"Valget tooni ja \u00f5rnalt laimil\u00f5hnaline kookose &amp; laimi kehakreem rahustab ja niisutab su nahka. Kookos\u00f5li on antimikroobse ja p\u00f5letikuvastase toimega ning samal ajal ka \u00fclimalt niisutav. Tsitruseline laim aga sisaldab ohtralt c-vitamiini ja flavonoide, t\u00e4nu millele on sellel noorendav ja vananemisvastane toime. Lisaks sellele aitab laim v\u00f5idelda akne ja teiste naha ebatasasuste ja plekkidega, pannes [&hellip;]\" \/>\n<meta property=\"og:url\" content=\"http:\/\/ruuby.ee\/en\/pood\/kosmeetika\/kehahooldus\/bonobo-kehakreem-kookose-laimi-rahustab-ja-niisutab-60ml\/\" \/>\n<meta property=\"og:site_name\" content=\"RUUBY\" \/>\n<meta property=\"article:publisher\" content=\"https:\/\/www.facebook.com\/ruubyconcept\" \/>\n<meta property=\"article:modified_time\" content=\"2026-04-07T22:28:38+00:00\" \/>\n<meta property=\"og:image\" content=\"http:\/\/ruuby.ee\/wp-content\/uploads\/2023\/10\/Screenshot-2023-10-25-at-16.10.01.png\" \/>\n\t<meta property=\"og:image:width\" content=\"1200\" \/>\n\t<meta property=\"og:image:height\" content=\"1200\" \/>\n\t<meta property=\"og:image:type\" content=\"image\/png\" \/>\n<meta name=\"twitter:card\" content=\"summary_large_image\" \/>\n<meta name=\"twitter:label1\" content=\"Estimated reading time\" \/>\n\t<meta name=\"twitter:data1\" content=\"2 minutes\" \/>\n<script type=\"application\/ld+json\" class=\"yoast-schema-graph\">{\"@context\":\"https:\\\/\\\/schema.org\",\"@graph\":[{\"@type\":[\"WebPage\",\"ItemPage\"],\"@id\":\"http:\\\/\\\/ruuby.ee\\\/pood\\\/kosmeetika\\\/kehahooldus\\\/bonobo-kehakreem-kookose-laimi-rahustab-ja-niisutab-60ml\\\/\",\"url\":\"http:\\\/\\\/ruuby.ee\\\/pood\\\/kosmeetika\\\/kehahooldus\\\/bonobo-kehakreem-kookose-laimi-rahustab-ja-niisutab-60ml\\\/\",\"name\":\"Bonobo - Kehakreem, Kookose &amp; laimi, rahustab ja niisutab, 60ml - RUUBY\",\"isPartOf\":{\"@id\":\"http:\\\/\\\/ruuby.ee\\\/en\\\/#website\"},\"primaryImageOfPage\":{\"@id\":\"http:\\\/\\\/ruuby.ee\\\/pood\\\/kosmeetika\\\/kehahooldus\\\/bonobo-kehakreem-kookose-laimi-rahustab-ja-niisutab-60ml\\\/#primaryimage\"},\"image\":{\"@id\":\"http:\\\/\\\/ruuby.ee\\\/pood\\\/kosmeetika\\\/kehahooldus\\\/bonobo-kehakreem-kookose-laimi-rahustab-ja-niisutab-60ml\\\/#primaryimage\"},\"thumbnailUrl\":\"https:\\\/\\\/ruuby.ee\\\/wp-content\\\/uploads\\\/2023\\\/10\\\/Screenshot-2023-10-25-at-16.10.01.png\",\"datePublished\":\"2023-10-25T13:09:23+00:00\",\"dateModified\":\"2026-04-07T22:28:38+00:00\",\"breadcrumb\":{\"@id\":\"http:\\\/\\\/ruuby.ee\\\/pood\\\/kosmeetika\\\/kehahooldus\\\/bonobo-kehakreem-kookose-laimi-rahustab-ja-niisutab-60ml\\\/#breadcrumb\"},\"inLanguage\":\"en-GB\",\"potentialAction\":[{\"@type\":\"ReadAction\",\"target\":[\"http:\\\/\\\/ruuby.ee\\\/pood\\\/kosmeetika\\\/kehahooldus\\\/bonobo-kehakreem-kookose-laimi-rahustab-ja-niisutab-60ml\\\/\"]}]},{\"@type\":\"ImageObject\",\"inLanguage\":\"en-GB\",\"@id\":\"http:\\\/\\\/ruuby.ee\\\/pood\\\/kosmeetika\\\/kehahooldus\\\/bonobo-kehakreem-kookose-laimi-rahustab-ja-niisutab-60ml\\\/#primaryimage\",\"url\":\"https:\\\/\\\/ruuby.ee\\\/wp-content\\\/uploads\\\/2023\\\/10\\\/Screenshot-2023-10-25-at-16.10.01.png\",\"contentUrl\":\"https:\\\/\\\/ruuby.ee\\\/wp-content\\\/uploads\\\/2023\\\/10\\\/Screenshot-2023-10-25-at-16.10.01.png\",\"width\":1200,\"height\":1200},{\"@type\":\"BreadcrumbList\",\"@id\":\"http:\\\/\\\/ruuby.ee\\\/pood\\\/kosmeetika\\\/kehahooldus\\\/bonobo-kehakreem-kookose-laimi-rahustab-ja-niisutab-60ml\\\/#breadcrumb\",\"itemListElement\":[{\"@type\":\"ListItem\",\"position\":1,\"name\":\"Kdu\",\"item\":\"http:\\\/\\\/ruuby.ee\\\/en\\\/\"},{\"@type\":\"ListItem\",\"position\":2,\"name\":\"Pood\",\"item\":\"http:\\\/\\\/ruuby.ee\\\/en\\\/pood\\\/\"},{\"@type\":\"ListItem\",\"position\":3,\"name\":\"Bonobo &#8211; Kehakreem, Kookose &amp; laimi, rahustab ja niisutab, 60ml\"}]},{\"@type\":\"WebSite\",\"@id\":\"http:\\\/\\\/ruuby.ee\\\/en\\\/#website\",\"url\":\"http:\\\/\\\/ruuby.ee\\\/en\\\/\",\"name\":\"RUUBY\",\"description\":\"Ruubys on \u00fchendatud elustiil ja disain\",\"publisher\":{\"@id\":\"http:\\\/\\\/ruuby.ee\\\/en\\\/#organization\"},\"alternateName\":\"Ruuby Disain\",\"potentialAction\":[{\"@type\":\"SearchAction\",\"target\":{\"@type\":\"EntryPoint\",\"urlTemplate\":\"http:\\\/\\\/ruuby.ee\\\/en\\\/?s={search_term_string}\"},\"query-input\":{\"@type\":\"PropertyValueSpecification\",\"valueRequired\":true,\"valueName\":\"search_term_string\"}}],\"inLanguage\":\"en-GB\"},{\"@type\":\"Organization\",\"@id\":\"http:\\\/\\\/ruuby.ee\\\/en\\\/#organization\",\"name\":\"Ruuby Disain O\u00dc\",\"alternateName\":\"Ruuby\",\"url\":\"http:\\\/\\\/ruuby.ee\\\/en\\\/\",\"logo\":{\"@type\":\"ImageObject\",\"inLanguage\":\"en-GB\",\"@id\":\"http:\\\/\\\/ruuby.ee\\\/en\\\/#\\\/schema\\\/logo\\\/image\\\/\",\"url\":\"https:\\\/\\\/ruuby.ee\\\/wp-content\\\/uploads\\\/2023\\\/06\\\/cropped-Black-White-Elegant-Circle-Signature-Fashion-Logo-12_large.png\",\"contentUrl\":\"https:\\\/\\\/ruuby.ee\\\/wp-content\\\/uploads\\\/2023\\\/06\\\/cropped-Black-White-Elegant-Circle-Signature-Fashion-Logo-12_large.png\",\"width\":1280,\"height\":747,\"caption\":\"Ruuby Disain O\u00dc\"},\"image\":{\"@id\":\"http:\\\/\\\/ruuby.ee\\\/en\\\/#\\\/schema\\\/logo\\\/image\\\/\"},\"sameAs\":[\"https:\\\/\\\/www.facebook.com\\\/ruubyconcept\",\"https:\\\/\\\/www.instagram.com\\\/ruuby_concept\\\/\"]}]}<\/script>\n<!-- \/ Yoast SEO plugin. -->","yoast_head_json":{"title":"Bonobo - Kehakreem, Kookose &amp; laimi, rahustab ja niisutab, 60ml - RUUBY","robots":{"index":"index","follow":"follow","max-snippet":"max-snippet:-1","max-image-preview":"max-image-preview:large","max-video-preview":"max-video-preview:-1"},"canonical":"http:\/\/ruuby.ee\/en\/pood\/kosmeetika\/kehahooldus\/bonobo-kehakreem-kookose-laimi-rahustab-ja-niisutab-60ml\/","og_locale":"en_GB","og_type":"article","og_title":"Bonobo - Kehakreem, Kookose &amp; laimi, rahustab ja niisutab, 60ml - RUUBY","og_description":"Valget tooni ja \u00f5rnalt laimil\u00f5hnaline kookose &amp; laimi kehakreem rahustab ja niisutab su nahka. Kookos\u00f5li on antimikroobse ja p\u00f5letikuvastase toimega ning samal ajal ka \u00fclimalt niisutav. Tsitruseline laim aga sisaldab ohtralt c-vitamiini ja flavonoide, t\u00e4nu millele on sellel noorendav ja vananemisvastane toime. Lisaks sellele aitab laim v\u00f5idelda akne ja teiste naha ebatasasuste ja plekkidega, pannes [&hellip;]","og_url":"http:\/\/ruuby.ee\/en\/pood\/kosmeetika\/kehahooldus\/bonobo-kehakreem-kookose-laimi-rahustab-ja-niisutab-60ml\/","og_site_name":"RUUBY","article_publisher":"https:\/\/www.facebook.com\/ruubyconcept","article_modified_time":"2026-04-07T22:28:38+00:00","og_image":[{"width":1200,"height":1200,"url":"http:\/\/ruuby.ee\/wp-content\/uploads\/2023\/10\/Screenshot-2023-10-25-at-16.10.01.png","type":"image\/png"}],"twitter_card":"summary_large_image","twitter_misc":{"Estimated reading time":"2 minutes"},"schema":{"@context":"https:\/\/schema.org","@graph":[{"@type":["WebPage","ItemPage"],"@id":"http:\/\/ruuby.ee\/pood\/kosmeetika\/kehahooldus\/bonobo-kehakreem-kookose-laimi-rahustab-ja-niisutab-60ml\/","url":"http:\/\/ruuby.ee\/pood\/kosmeetika\/kehahooldus\/bonobo-kehakreem-kookose-laimi-rahustab-ja-niisutab-60ml\/","name":"Bonobo - Kehakreem, Kookose &amp; laimi, rahustab ja niisutab, 60ml - RUUBY","isPartOf":{"@id":"http:\/\/ruuby.ee\/en\/#website"},"primaryImageOfPage":{"@id":"http:\/\/ruuby.ee\/pood\/kosmeetika\/kehahooldus\/bonobo-kehakreem-kookose-laimi-rahustab-ja-niisutab-60ml\/#primaryimage"},"image":{"@id":"http:\/\/ruuby.ee\/pood\/kosmeetika\/kehahooldus\/bonobo-kehakreem-kookose-laimi-rahustab-ja-niisutab-60ml\/#primaryimage"},"thumbnailUrl":"https:\/\/ruuby.ee\/wp-content\/uploads\/2023\/10\/Screenshot-2023-10-25-at-16.10.01.png","datePublished":"2023-10-25T13:09:23+00:00","dateModified":"2026-04-07T22:28:38+00:00","breadcrumb":{"@id":"http:\/\/ruuby.ee\/pood\/kosmeetika\/kehahooldus\/bonobo-kehakreem-kookose-laimi-rahustab-ja-niisutab-60ml\/#breadcrumb"},"inLanguage":"en-GB","potentialAction":[{"@type":"ReadAction","target":["http:\/\/ruuby.ee\/pood\/kosmeetika\/kehahooldus\/bonobo-kehakreem-kookose-laimi-rahustab-ja-niisutab-60ml\/"]}]},{"@type":"ImageObject","inLanguage":"en-GB","@id":"http:\/\/ruuby.ee\/pood\/kosmeetika\/kehahooldus\/bonobo-kehakreem-kookose-laimi-rahustab-ja-niisutab-60ml\/#primaryimage","url":"https:\/\/ruuby.ee\/wp-content\/uploads\/2023\/10\/Screenshot-2023-10-25-at-16.10.01.png","contentUrl":"https:\/\/ruuby.ee\/wp-content\/uploads\/2023\/10\/Screenshot-2023-10-25-at-16.10.01.png","width":1200,"height":1200},{"@type":"BreadcrumbList","@id":"http:\/\/ruuby.ee\/pood\/kosmeetika\/kehahooldus\/bonobo-kehakreem-kookose-laimi-rahustab-ja-niisutab-60ml\/#breadcrumb","itemListElement":[{"@type":"ListItem","position":1,"name":"Kdu","item":"http:\/\/ruuby.ee\/en\/"},{"@type":"ListItem","position":2,"name":"Pood","item":"http:\/\/ruuby.ee\/en\/pood\/"},{"@type":"ListItem","position":3,"name":"Bonobo &#8211; Kehakreem, Kookose &amp; laimi, rahustab ja niisutab, 60ml"}]},{"@type":"WebSite","@id":"http:\/\/ruuby.ee\/en\/#website","url":"http:\/\/ruuby.ee\/en\/","name":"RUUBY","description":"Ruubys on \u00fchendatud elustiil ja disain","publisher":{"@id":"http:\/\/ruuby.ee\/en\/#organization"},"alternateName":"Ruuby Disain","potentialAction":[{"@type":"SearchAction","target":{"@type":"EntryPoint","urlTemplate":"http:\/\/ruuby.ee\/en\/?s={search_term_string}"},"query-input":{"@type":"PropertyValueSpecification","valueRequired":true,"valueName":"search_term_string"}}],"inLanguage":"en-GB"},{"@type":"Organization","@id":"http:\/\/ruuby.ee\/en\/#organization","name":"Ruuby Disain O\u00dc","alternateName":"Ruuby","url":"http:\/\/ruuby.ee\/en\/","logo":{"@type":"ImageObject","inLanguage":"en-GB","@id":"http:\/\/ruuby.ee\/en\/#\/schema\/logo\/image\/","url":"https:\/\/ruuby.ee\/wp-content\/uploads\/2023\/06\/cropped-Black-White-Elegant-Circle-Signature-Fashion-Logo-12_large.png","contentUrl":"https:\/\/ruuby.ee\/wp-content\/uploads\/2023\/06\/cropped-Black-White-Elegant-Circle-Signature-Fashion-Logo-12_large.png","width":1280,"height":747,"caption":"Ruuby Disain O\u00dc"},"image":{"@id":"http:\/\/ruuby.ee\/en\/#\/schema\/logo\/image\/"},"sameAs":["https:\/\/www.facebook.com\/ruubyconcept","https:\/\/www.instagram.com\/ruuby_concept\/"]}]}},"jetpack_sharing_enabled":true,"_links":{"self":[{"href":"https:\/\/ruuby.ee\/en\/wp-json\/wp\/v2\/product\/1840516","targetHints":{"allow":["GET"]}}],"collection":[{"href":"https:\/\/ruuby.ee\/en\/wp-json\/wp\/v2\/product"}],"about":[{"href":"https:\/\/ruuby.ee\/en\/wp-json\/wp\/v2\/types\/product"}],"replies":[{"embeddable":true,"href":"https:\/\/ruuby.ee\/en\/wp-json\/wp\/v2\/comments?post=1840516"}],"wp:featuredmedia":[{"embeddable":true,"href":"https:\/\/ruuby.ee\/en\/wp-json\/wp\/v2\/media\/1840519"}],"wp:attachment":[{"href":"https:\/\/ruuby.ee\/en\/wp-json\/wp\/v2\/media?parent=1840516"}],"wp:term":[{"taxonomy":"product_brand","embeddable":true,"href":"https:\/\/ruuby.ee\/en\/wp-json\/wp\/v2\/product_brand?post=1840516"},{"taxonomy":"product_cat","embeddable":true,"href":"https:\/\/ruuby.ee\/en\/wp-json\/wp\/v2\/product_cat?post=1840516"},{"taxonomy":"product_tag","embeddable":true,"href":"https:\/\/ruuby.ee\/en\/wp-json\/wp\/v2\/product_tag?post=1840516"}],"curies":[{"name":"wp","href":"https:\/\/api.w.org\/{rel}","templated":true}]}}