{"id":1840511,"date":"2023-10-25T16:08:55","date_gmt":"2023-10-25T13:08:55","guid":{"rendered":"http:\/\/ruuby.ee\/?post_type=product&#038;p=1840511"},"modified":"2026-04-08T01:28:38","modified_gmt":"2026-04-07T22:28:38","slug":"bonobo-kehakreem-apelsini-porgandi-toidab-annab-sarava-jume-60ml","status":"publish","type":"product","link":"https:\/\/ruuby.ee\/en\/pood\/kosmeetika\/kehahooldus\/bonobo-kehakreem-apelsini-porgandi-toidab-annab-sarava-jume-60ml\/","title":{"rendered":"Bonobo &#8211; Kehakreem, Apelsini &amp; porgandi, toidab &amp; annab s\u00e4rava jume, 60ml"},"content":{"rendered":"<p>Oran\u017eika v\u00e4rvuse ja kergelt tsitruselise l\u00f5hnaga apelsini ja porgandi kehakreem toidab su nahka ja annab sellele s\u00e4rava jume. <strong>Apelsin<\/strong> on t\u00f5eline C-vitamiini allikas, mis t\u00f5stab keha vastupanuv\u00f5imet. Lisaks sellele leidub apelsinis ohtralt antioks\u00fcdante, mis aitavad nahal s\u00e4ilitada selle nooruslikkust ja s\u00e4ra. <strong>Porgandi\u00f5lil<\/strong>on aga pehmendav, noorendav ja kaitsev m\u00f5ju. T\u00e4nu beetakaroteenile ning rohke A-, B-, C-, D-, E- ja F-vitamiinide sisaldusele on porgandi\u00f5li suurep\u00e4rane nahatoonik, mis soodustab naha paranemist, leevendab s\u00fcgelevat nahka ning kaitseb seda p\u00e4ikesekiirguse eest. Kreemis peituv porgandi\u00f5li annab sinu nahale ka m\u00f5nusa kergelt p\u00e4evitunud jume.<\/p>\n<p><strong>Shea-v\u00f5i<\/strong> toetab naharakkude uuenemist, m\u00f5judes nahale noorendavalt ja kortse v\u00e4hendavalt.<\/p>\n<p><strong>Kookos\u00f5li<\/strong> kaitseb nahka ultraviolettkiirguse eest, niisutab, omab p\u00f5letikuvastast toimet, leevendab ekseemi, psoriaasi, dermatiiti.<\/p>\n<p><strong>Avokaado\u00f5li<\/strong> on rikkalikult niisutav, sisaldab palju B-vitamiini ja antioks\u00fcdante. On sobilik tundlikule nahale.<\/p>\n<p><strong>Magusa mandli \u00f5li<\/strong> toidab, rahustab ja silub nahka ning on rikas E-vitamiini, kaltsiumi ja magneesiumi poolest.<\/p>\n<p><strong>Nisuidu\u00f5li<\/strong> sisaldab rohkelt E-vitamiini, mis soodustab uute naharakkude teket, h\u00f5lbustab naharakkude varustamist hapnikuga ning parandab naha verevarustust.<\/p>\n<p>Koostis: Shea-v\u00f5i, kookos\u00f5li, allikavesi, magusa mandli \u00f5li, porgandi\u00f5li, avokaado\u00f5li, \u00a0nisuidu\u00f5li, metsiku apelsini eeterlik \u00f5li ja ecosafe s\u00e4ilitusaine.<\/p>\n<p>S\u00e4ilib 6 kuud peale avamist.<\/p>\n<p>Hoia otsese p\u00e4ikesevalguse eest kaitstult.<\/p>\n<p>Koostisosad: Butyrospermum Parkii (Shea) Butter, Cocos Nucifera (Coconut) Oil, Aqua, Theobroma Cacao (Cocoa) Seed Butter, Prunus Amygdalus Dulcis (Sweet Almond) Oil, Daucus Carota Stavia (Carrot) Seed Oil, Persea Gratissima (Avocado) Oil, Triticum Vulgare (Wheat) Germ Oil, Citrus Aurantium Dulcis (Orange) Peel Oil, Benzyl Alcohol, Salicylic Acid, Glycerin, Sorbic Acid.<\/p>","protected":false},"excerpt":{"rendered":"<p>Oran\u017eika v\u00e4rvuse ja kergelt tsitruselise l\u00f5hnaga apelsini ja porgandi kehakreem toidab su nahka ja annab sellele s\u00e4rava jume. Apelsin on t\u00f5eline C-vitamiini allikas, mis t\u00f5stab keha vastupanuv\u00f5imet. Lisaks sellele leidub apelsinis ohtralt antioks\u00fcdante, mis aitavad nahal s\u00e4ilitada selle nooruslikkust ja s\u00e4ra. Porgandi\u00f5lilon aga pehmendav, noorendav ja kaitsev m\u00f5ju. T\u00e4nu beetakaroteenile ning rohke A-, B-, C-, [&hellip;]<\/p>\n","protected":false},"featured_media":1840515,"comment_status":"open","ping_status":"closed","template":"","meta":[],"product_brand":[],"product_cat":[690,25],"product_tag":[],"class_list":{"0":"post-1840511","1":"product","2":"type-product","3":"status-publish","4":"has-post-thumbnail","6":"product_cat-kehahooldus","7":"product_cat-kosmeetika","9":"first","10":"instock","11":"taxable","12":"shipping-taxable","13":"purchasable","14":"product-type-simple"},"yoast_head":"<!-- This site is optimized with the Yoast SEO plugin v27.3 - https:\/\/yoast.com\/product\/yoast-seo-wordpress\/ -->\n<title>Bonobo - Kehakreem, Apelsini &amp; porgandi, toidab &amp; annab s\u00e4rava jume, 60ml - RUUBY<\/title>\n<meta name=\"robots\" content=\"index, follow, max-snippet:-1, max-image-preview:large, max-video-preview:-1\" \/>\n<link rel=\"canonical\" href=\"http:\/\/ruuby.ee\/en\/pood\/kosmeetika\/kehahooldus\/bonobo-kehakreem-apelsini-porgandi-toidab-annab-sarava-jume-60ml\/\" \/>\n<meta property=\"og:locale\" content=\"en_GB\" \/>\n<meta property=\"og:type\" content=\"article\" \/>\n<meta property=\"og:title\" content=\"Bonobo - Kehakreem, Apelsini &amp; porgandi, toidab &amp; annab s\u00e4rava jume, 60ml - RUUBY\" \/>\n<meta property=\"og:description\" content=\"Oran\u017eika v\u00e4rvuse ja kergelt tsitruselise l\u00f5hnaga apelsini ja porgandi kehakreem toidab su nahka ja annab sellele s\u00e4rava jume. Apelsin on t\u00f5eline C-vitamiini allikas, mis t\u00f5stab keha vastupanuv\u00f5imet. Lisaks sellele leidub apelsinis ohtralt antioks\u00fcdante, mis aitavad nahal s\u00e4ilitada selle nooruslikkust ja s\u00e4ra. Porgandi\u00f5lilon aga pehmendav, noorendav ja kaitsev m\u00f5ju. T\u00e4nu beetakaroteenile ning rohke A-, B-, C-, [&hellip;]\" \/>\n<meta property=\"og:url\" content=\"http:\/\/ruuby.ee\/en\/pood\/kosmeetika\/kehahooldus\/bonobo-kehakreem-apelsini-porgandi-toidab-annab-sarava-jume-60ml\/\" \/>\n<meta property=\"og:site_name\" content=\"RUUBY\" \/>\n<meta property=\"article:publisher\" content=\"https:\/\/www.facebook.com\/ruubyconcept\" \/>\n<meta property=\"article:modified_time\" content=\"2026-04-07T22:28:38+00:00\" \/>\n<meta property=\"og:image\" content=\"http:\/\/ruuby.ee\/wp-content\/uploads\/2023\/10\/Screenshot-2023-10-25-at-16.06.45.png\" \/>\n\t<meta property=\"og:image:width\" content=\"1202\" \/>\n\t<meta property=\"og:image:height\" content=\"1196\" \/>\n\t<meta property=\"og:image:type\" content=\"image\/png\" \/>\n<meta name=\"twitter:card\" content=\"summary_large_image\" \/>\n<meta name=\"twitter:label1\" content=\"Estimated reading time\" \/>\n\t<meta name=\"twitter:data1\" content=\"2 minutes\" \/>\n<script type=\"application\/ld+json\" class=\"yoast-schema-graph\">{\"@context\":\"https:\\\/\\\/schema.org\",\"@graph\":[{\"@type\":[\"WebPage\",\"ItemPage\"],\"@id\":\"http:\\\/\\\/ruuby.ee\\\/pood\\\/kosmeetika\\\/kehahooldus\\\/bonobo-kehakreem-apelsini-porgandi-toidab-annab-sarava-jume-60ml\\\/\",\"url\":\"http:\\\/\\\/ruuby.ee\\\/pood\\\/kosmeetika\\\/kehahooldus\\\/bonobo-kehakreem-apelsini-porgandi-toidab-annab-sarava-jume-60ml\\\/\",\"name\":\"Bonobo - Kehakreem, Apelsini &amp; porgandi, toidab &amp; annab s\u00e4rava jume, 60ml - RUUBY\",\"isPartOf\":{\"@id\":\"http:\\\/\\\/ruuby.ee\\\/en\\\/#website\"},\"primaryImageOfPage\":{\"@id\":\"http:\\\/\\\/ruuby.ee\\\/pood\\\/kosmeetika\\\/kehahooldus\\\/bonobo-kehakreem-apelsini-porgandi-toidab-annab-sarava-jume-60ml\\\/#primaryimage\"},\"image\":{\"@id\":\"http:\\\/\\\/ruuby.ee\\\/pood\\\/kosmeetika\\\/kehahooldus\\\/bonobo-kehakreem-apelsini-porgandi-toidab-annab-sarava-jume-60ml\\\/#primaryimage\"},\"thumbnailUrl\":\"https:\\\/\\\/ruuby.ee\\\/wp-content\\\/uploads\\\/2023\\\/10\\\/Screenshot-2023-10-25-at-16.06.45.png\",\"datePublished\":\"2023-10-25T13:08:55+00:00\",\"dateModified\":\"2026-04-07T22:28:38+00:00\",\"breadcrumb\":{\"@id\":\"http:\\\/\\\/ruuby.ee\\\/pood\\\/kosmeetika\\\/kehahooldus\\\/bonobo-kehakreem-apelsini-porgandi-toidab-annab-sarava-jume-60ml\\\/#breadcrumb\"},\"inLanguage\":\"en-GB\",\"potentialAction\":[{\"@type\":\"ReadAction\",\"target\":[\"http:\\\/\\\/ruuby.ee\\\/pood\\\/kosmeetika\\\/kehahooldus\\\/bonobo-kehakreem-apelsini-porgandi-toidab-annab-sarava-jume-60ml\\\/\"]}]},{\"@type\":\"ImageObject\",\"inLanguage\":\"en-GB\",\"@id\":\"http:\\\/\\\/ruuby.ee\\\/pood\\\/kosmeetika\\\/kehahooldus\\\/bonobo-kehakreem-apelsini-porgandi-toidab-annab-sarava-jume-60ml\\\/#primaryimage\",\"url\":\"https:\\\/\\\/ruuby.ee\\\/wp-content\\\/uploads\\\/2023\\\/10\\\/Screenshot-2023-10-25-at-16.06.45.png\",\"contentUrl\":\"https:\\\/\\\/ruuby.ee\\\/wp-content\\\/uploads\\\/2023\\\/10\\\/Screenshot-2023-10-25-at-16.06.45.png\",\"width\":1202,\"height\":1196},{\"@type\":\"BreadcrumbList\",\"@id\":\"http:\\\/\\\/ruuby.ee\\\/pood\\\/kosmeetika\\\/kehahooldus\\\/bonobo-kehakreem-apelsini-porgandi-toidab-annab-sarava-jume-60ml\\\/#breadcrumb\",\"itemListElement\":[{\"@type\":\"ListItem\",\"position\":1,\"name\":\"Kdu\",\"item\":\"http:\\\/\\\/ruuby.ee\\\/en\\\/\"},{\"@type\":\"ListItem\",\"position\":2,\"name\":\"Pood\",\"item\":\"http:\\\/\\\/ruuby.ee\\\/en\\\/pood\\\/\"},{\"@type\":\"ListItem\",\"position\":3,\"name\":\"Bonobo &#8211; Kehakreem, Apelsini &amp; porgandi, toidab &amp; annab s\u00e4rava jume, 60ml\"}]},{\"@type\":\"WebSite\",\"@id\":\"http:\\\/\\\/ruuby.ee\\\/en\\\/#website\",\"url\":\"http:\\\/\\\/ruuby.ee\\\/en\\\/\",\"name\":\"RUUBY\",\"description\":\"Ruubys on \u00fchendatud elustiil ja disain\",\"publisher\":{\"@id\":\"http:\\\/\\\/ruuby.ee\\\/en\\\/#organization\"},\"alternateName\":\"Ruuby Disain\",\"potentialAction\":[{\"@type\":\"SearchAction\",\"target\":{\"@type\":\"EntryPoint\",\"urlTemplate\":\"http:\\\/\\\/ruuby.ee\\\/en\\\/?s={search_term_string}\"},\"query-input\":{\"@type\":\"PropertyValueSpecification\",\"valueRequired\":true,\"valueName\":\"search_term_string\"}}],\"inLanguage\":\"en-GB\"},{\"@type\":\"Organization\",\"@id\":\"http:\\\/\\\/ruuby.ee\\\/en\\\/#organization\",\"name\":\"Ruuby Disain O\u00dc\",\"alternateName\":\"Ruuby\",\"url\":\"http:\\\/\\\/ruuby.ee\\\/en\\\/\",\"logo\":{\"@type\":\"ImageObject\",\"inLanguage\":\"en-GB\",\"@id\":\"http:\\\/\\\/ruuby.ee\\\/en\\\/#\\\/schema\\\/logo\\\/image\\\/\",\"url\":\"https:\\\/\\\/ruuby.ee\\\/wp-content\\\/uploads\\\/2023\\\/06\\\/cropped-Black-White-Elegant-Circle-Signature-Fashion-Logo-12_large.png\",\"contentUrl\":\"https:\\\/\\\/ruuby.ee\\\/wp-content\\\/uploads\\\/2023\\\/06\\\/cropped-Black-White-Elegant-Circle-Signature-Fashion-Logo-12_large.png\",\"width\":1280,\"height\":747,\"caption\":\"Ruuby Disain O\u00dc\"},\"image\":{\"@id\":\"http:\\\/\\\/ruuby.ee\\\/en\\\/#\\\/schema\\\/logo\\\/image\\\/\"},\"sameAs\":[\"https:\\\/\\\/www.facebook.com\\\/ruubyconcept\",\"https:\\\/\\\/www.instagram.com\\\/ruuby_concept\\\/\"]}]}<\/script>\n<!-- \/ Yoast SEO plugin. -->","yoast_head_json":{"title":"Bonobo - Kehakreem, Apelsini &amp; porgandi, toidab &amp; annab s\u00e4rava jume, 60ml - RUUBY","robots":{"index":"index","follow":"follow","max-snippet":"max-snippet:-1","max-image-preview":"max-image-preview:large","max-video-preview":"max-video-preview:-1"},"canonical":"http:\/\/ruuby.ee\/en\/pood\/kosmeetika\/kehahooldus\/bonobo-kehakreem-apelsini-porgandi-toidab-annab-sarava-jume-60ml\/","og_locale":"en_GB","og_type":"article","og_title":"Bonobo - Kehakreem, Apelsini &amp; porgandi, toidab &amp; annab s\u00e4rava jume, 60ml - RUUBY","og_description":"Oran\u017eika v\u00e4rvuse ja kergelt tsitruselise l\u00f5hnaga apelsini ja porgandi kehakreem toidab su nahka ja annab sellele s\u00e4rava jume. Apelsin on t\u00f5eline C-vitamiini allikas, mis t\u00f5stab keha vastupanuv\u00f5imet. Lisaks sellele leidub apelsinis ohtralt antioks\u00fcdante, mis aitavad nahal s\u00e4ilitada selle nooruslikkust ja s\u00e4ra. Porgandi\u00f5lilon aga pehmendav, noorendav ja kaitsev m\u00f5ju. T\u00e4nu beetakaroteenile ning rohke A-, B-, C-, [&hellip;]","og_url":"http:\/\/ruuby.ee\/en\/pood\/kosmeetika\/kehahooldus\/bonobo-kehakreem-apelsini-porgandi-toidab-annab-sarava-jume-60ml\/","og_site_name":"RUUBY","article_publisher":"https:\/\/www.facebook.com\/ruubyconcept","article_modified_time":"2026-04-07T22:28:38+00:00","og_image":[{"width":1202,"height":1196,"url":"http:\/\/ruuby.ee\/wp-content\/uploads\/2023\/10\/Screenshot-2023-10-25-at-16.06.45.png","type":"image\/png"}],"twitter_card":"summary_large_image","twitter_misc":{"Estimated reading time":"2 minutes"},"schema":{"@context":"https:\/\/schema.org","@graph":[{"@type":["WebPage","ItemPage"],"@id":"http:\/\/ruuby.ee\/pood\/kosmeetika\/kehahooldus\/bonobo-kehakreem-apelsini-porgandi-toidab-annab-sarava-jume-60ml\/","url":"http:\/\/ruuby.ee\/pood\/kosmeetika\/kehahooldus\/bonobo-kehakreem-apelsini-porgandi-toidab-annab-sarava-jume-60ml\/","name":"Bonobo - Kehakreem, Apelsini &amp; porgandi, toidab &amp; annab s\u00e4rava jume, 60ml - RUUBY","isPartOf":{"@id":"http:\/\/ruuby.ee\/en\/#website"},"primaryImageOfPage":{"@id":"http:\/\/ruuby.ee\/pood\/kosmeetika\/kehahooldus\/bonobo-kehakreem-apelsini-porgandi-toidab-annab-sarava-jume-60ml\/#primaryimage"},"image":{"@id":"http:\/\/ruuby.ee\/pood\/kosmeetika\/kehahooldus\/bonobo-kehakreem-apelsini-porgandi-toidab-annab-sarava-jume-60ml\/#primaryimage"},"thumbnailUrl":"https:\/\/ruuby.ee\/wp-content\/uploads\/2023\/10\/Screenshot-2023-10-25-at-16.06.45.png","datePublished":"2023-10-25T13:08:55+00:00","dateModified":"2026-04-07T22:28:38+00:00","breadcrumb":{"@id":"http:\/\/ruuby.ee\/pood\/kosmeetika\/kehahooldus\/bonobo-kehakreem-apelsini-porgandi-toidab-annab-sarava-jume-60ml\/#breadcrumb"},"inLanguage":"en-GB","potentialAction":[{"@type":"ReadAction","target":["http:\/\/ruuby.ee\/pood\/kosmeetika\/kehahooldus\/bonobo-kehakreem-apelsini-porgandi-toidab-annab-sarava-jume-60ml\/"]}]},{"@type":"ImageObject","inLanguage":"en-GB","@id":"http:\/\/ruuby.ee\/pood\/kosmeetika\/kehahooldus\/bonobo-kehakreem-apelsini-porgandi-toidab-annab-sarava-jume-60ml\/#primaryimage","url":"https:\/\/ruuby.ee\/wp-content\/uploads\/2023\/10\/Screenshot-2023-10-25-at-16.06.45.png","contentUrl":"https:\/\/ruuby.ee\/wp-content\/uploads\/2023\/10\/Screenshot-2023-10-25-at-16.06.45.png","width":1202,"height":1196},{"@type":"BreadcrumbList","@id":"http:\/\/ruuby.ee\/pood\/kosmeetika\/kehahooldus\/bonobo-kehakreem-apelsini-porgandi-toidab-annab-sarava-jume-60ml\/#breadcrumb","itemListElement":[{"@type":"ListItem","position":1,"name":"Kdu","item":"http:\/\/ruuby.ee\/en\/"},{"@type":"ListItem","position":2,"name":"Pood","item":"http:\/\/ruuby.ee\/en\/pood\/"},{"@type":"ListItem","position":3,"name":"Bonobo &#8211; Kehakreem, Apelsini &amp; porgandi, toidab &amp; annab s\u00e4rava jume, 60ml"}]},{"@type":"WebSite","@id":"http:\/\/ruuby.ee\/en\/#website","url":"http:\/\/ruuby.ee\/en\/","name":"RUUBY","description":"Ruubys on \u00fchendatud elustiil ja disain","publisher":{"@id":"http:\/\/ruuby.ee\/en\/#organization"},"alternateName":"Ruuby Disain","potentialAction":[{"@type":"SearchAction","target":{"@type":"EntryPoint","urlTemplate":"http:\/\/ruuby.ee\/en\/?s={search_term_string}"},"query-input":{"@type":"PropertyValueSpecification","valueRequired":true,"valueName":"search_term_string"}}],"inLanguage":"en-GB"},{"@type":"Organization","@id":"http:\/\/ruuby.ee\/en\/#organization","name":"Ruuby Disain O\u00dc","alternateName":"Ruuby","url":"http:\/\/ruuby.ee\/en\/","logo":{"@type":"ImageObject","inLanguage":"en-GB","@id":"http:\/\/ruuby.ee\/en\/#\/schema\/logo\/image\/","url":"https:\/\/ruuby.ee\/wp-content\/uploads\/2023\/06\/cropped-Black-White-Elegant-Circle-Signature-Fashion-Logo-12_large.png","contentUrl":"https:\/\/ruuby.ee\/wp-content\/uploads\/2023\/06\/cropped-Black-White-Elegant-Circle-Signature-Fashion-Logo-12_large.png","width":1280,"height":747,"caption":"Ruuby Disain O\u00dc"},"image":{"@id":"http:\/\/ruuby.ee\/en\/#\/schema\/logo\/image\/"},"sameAs":["https:\/\/www.facebook.com\/ruubyconcept","https:\/\/www.instagram.com\/ruuby_concept\/"]}]}},"jetpack_sharing_enabled":true,"_links":{"self":[{"href":"https:\/\/ruuby.ee\/en\/wp-json\/wp\/v2\/product\/1840511","targetHints":{"allow":["GET"]}}],"collection":[{"href":"https:\/\/ruuby.ee\/en\/wp-json\/wp\/v2\/product"}],"about":[{"href":"https:\/\/ruuby.ee\/en\/wp-json\/wp\/v2\/types\/product"}],"replies":[{"embeddable":true,"href":"https:\/\/ruuby.ee\/en\/wp-json\/wp\/v2\/comments?post=1840511"}],"wp:featuredmedia":[{"embeddable":true,"href":"https:\/\/ruuby.ee\/en\/wp-json\/wp\/v2\/media\/1840515"}],"wp:attachment":[{"href":"https:\/\/ruuby.ee\/en\/wp-json\/wp\/v2\/media?parent=1840511"}],"wp:term":[{"taxonomy":"product_brand","embeddable":true,"href":"https:\/\/ruuby.ee\/en\/wp-json\/wp\/v2\/product_brand?post=1840511"},{"taxonomy":"product_cat","embeddable":true,"href":"https:\/\/ruuby.ee\/en\/wp-json\/wp\/v2\/product_cat?post=1840511"},{"taxonomy":"product_tag","embeddable":true,"href":"https:\/\/ruuby.ee\/en\/wp-json\/wp\/v2\/product_tag?post=1840511"}],"curies":[{"name":"wp","href":"https:\/\/api.w.org\/{rel}","templated":true}]}}