{"id":1840504,"date":"2023-10-25T16:01:46","date_gmt":"2023-10-25T13:01:46","guid":{"rendered":"http:\/\/ruuby.ee\/?post_type=product&#038;p=1840504"},"modified":"2026-04-08T01:28:38","modified_gmt":"2026-04-07T22:28:38","slug":"bonobo-kehakoorija-piparmundi-rosmariini-toidab-ja-varskendab-120ml","status":"publish","type":"product","link":"https:\/\/ruuby.ee\/en\/pood\/kosmeetika\/kehahooldus\/bonobo-kehakoorija-piparmundi-rosmariini-toidab-ja-varskendab-120ml\/","title":{"rendered":"Bonobo &#8211; Kehakoorija, Piparm\u00fcndi &amp; rosmariini, toidab ja v\u00e4rskendab, 120ml"},"content":{"rendered":"<p>Samblarohelise v\u00e4rvuse ja <em>piparm\u00fcndiselt<\/em> v\u00e4rske l\u00f5hnaga piparm\u00fcndi &amp; rosmariini kehakoorija on parim, mida saad oma naha jaoks teha! Kehakoorijale omase tekstuuriga, mis on saadud kasutades rafineerimata roosuhkrut, puhastab ta p\u00f5hjalikult su nahka ja katab selle siidise, niisutava ja toitva kihiga. Piparm\u00fcnt paneb su naha m\u00f5nusalt \u00f5hetama!<\/p>\n<p><strong>Nisuorase pulber<\/strong> sisaldab antioks\u00fcdante, A ja C vitamiini ning klorof\u00fclli, mis tugevdab immuunsust ja ergutab v\u00e4sinud organismi.<\/p>\n<p><strong>Rosmariin<\/strong> sisaldab samuti ohtralt antioks\u00fcdante ning omab p\u00f5letikuvastast toimet.<\/p>\n<p><strong>Piparm\u00fcndi<\/strong> v\u00e4rske l\u00f5hn m\u00f5jub ergutavalt, kuid samal ajal ka l\u00f5\u00f5gastab ja rahustab. Piparm\u00fcndil on antibakteriaalne toime.<\/p>\n<p>Ideaalne <em>igale <\/em>nahat\u00fc\u00fcbile.<\/p>\n<p><strong>\u00a0<\/strong><b>KASUTA:<\/b><\/p>\n<p>Keha kooritakse viimase protseduurina p\u00e4rast sauna, vannis v\u00f5i du\u0161i all k\u00e4imist. Kanda m\u00e4rjale nahale, masseerida ning seej\u00e4rel loputada veega.<\/p>\n<div class=\"jq-tabs tabs_wrapper tabs_ ui-tabs ui-corner-all ui-widget ui-widget-content\">\n<p>Koostis: Kookosrasv, shea-v\u00f5i, roosuhkur (rafineerimata), rosmariini ja piparm\u00fcndi eeterlik \u00f5li, nisuorase pulber ja E-vitamiin.<\/p>\n<p>S\u00e4ilib 3 kuud peale avamist.<\/p>\n<p>Hoia otsese p\u00e4ikesevalguse eest kaitstult. S\u00e4ilita toatemperatuuril.<\/p>\n<p>Koostisosad: Cocos Nucifera Oil, Butyrospermum Parkrii (Shea) Butter, Sucrose, Rosmarinus Officinalis Leaf Oil, Mentha Piperita Leaf Oil, Triticum Aestivum Fruit Extract, Maltodextrin, Citric Acid, Tocopherol, Limonene*, Citral* (*sisaldub naturaalselt eeterlikus \u00f5lis).<\/p>\n<\/div>","protected":false},"excerpt":{"rendered":"<p>Samblarohelise v\u00e4rvuse ja piparm\u00fcndiselt v\u00e4rske l\u00f5hnaga piparm\u00fcndi &amp; rosmariini kehakoorija on parim, mida saad oma naha jaoks teha! Kehakoorijale omase tekstuuriga, mis on saadud kasutades rafineerimata roosuhkrut, puhastab ta p\u00f5hjalikult su nahka ja katab selle siidise, niisutava ja toitva kihiga. Piparm\u00fcnt paneb su naha m\u00f5nusalt \u00f5hetama! Nisuorase pulber sisaldab antioks\u00fcdante, A ja C vitamiini ning [&hellip;]<\/p>\n","protected":false},"featured_media":1840506,"comment_status":"open","ping_status":"closed","template":"","meta":[],"product_brand":[],"product_cat":[690,25],"product_tag":[],"class_list":{"0":"post-1840504","1":"product","2":"type-product","3":"status-publish","4":"has-post-thumbnail","6":"product_cat-kehahooldus","7":"product_cat-kosmeetika","9":"first","10":"instock","11":"taxable","12":"shipping-taxable","13":"purchasable","14":"product-type-simple"},"yoast_head":"<!-- This site is optimized with the Yoast SEO plugin v27.3 - https:\/\/yoast.com\/product\/yoast-seo-wordpress\/ -->\n<title>Bonobo - Kehakoorija, Piparm\u00fcndi &amp; rosmariini, toidab ja v\u00e4rskendab, 120ml - RUUBY<\/title>\n<meta name=\"robots\" content=\"index, follow, max-snippet:-1, max-image-preview:large, max-video-preview:-1\" \/>\n<link rel=\"canonical\" href=\"http:\/\/ruuby.ee\/en\/pood\/kosmeetika\/kehahooldus\/bonobo-kehakoorija-piparmundi-rosmariini-toidab-ja-varskendab-120ml\/\" \/>\n<meta property=\"og:locale\" content=\"en_GB\" \/>\n<meta property=\"og:type\" content=\"article\" \/>\n<meta property=\"og:title\" content=\"Bonobo - Kehakoorija, Piparm\u00fcndi &amp; rosmariini, toidab ja v\u00e4rskendab, 120ml - RUUBY\" \/>\n<meta property=\"og:description\" content=\"Samblarohelise v\u00e4rvuse ja piparm\u00fcndiselt v\u00e4rske l\u00f5hnaga piparm\u00fcndi &amp; rosmariini kehakoorija on parim, mida saad oma naha jaoks teha! Kehakoorijale omase tekstuuriga, mis on saadud kasutades rafineerimata roosuhkrut, puhastab ta p\u00f5hjalikult su nahka ja katab selle siidise, niisutava ja toitva kihiga. Piparm\u00fcnt paneb su naha m\u00f5nusalt \u00f5hetama! Nisuorase pulber sisaldab antioks\u00fcdante, A ja C vitamiini ning [&hellip;]\" \/>\n<meta property=\"og:url\" content=\"http:\/\/ruuby.ee\/en\/pood\/kosmeetika\/kehahooldus\/bonobo-kehakoorija-piparmundi-rosmariini-toidab-ja-varskendab-120ml\/\" \/>\n<meta property=\"og:site_name\" content=\"RUUBY\" \/>\n<meta property=\"article:publisher\" content=\"https:\/\/www.facebook.com\/ruubyconcept\" \/>\n<meta property=\"article:modified_time\" content=\"2026-04-07T22:28:38+00:00\" \/>\n<meta property=\"og:image\" content=\"http:\/\/ruuby.ee\/wp-content\/uploads\/2023\/10\/Screenshot-2023-10-25-at-16.02.11-1024x678.png\" \/>\n\t<meta property=\"og:image:width\" content=\"1024\" \/>\n\t<meta property=\"og:image:height\" content=\"678\" \/>\n\t<meta property=\"og:image:type\" content=\"image\/png\" \/>\n<meta name=\"twitter:card\" content=\"summary_large_image\" \/>\n<meta name=\"twitter:label1\" content=\"Estimated reading time\" \/>\n\t<meta name=\"twitter:data1\" content=\"2 minutes\" \/>\n<script type=\"application\/ld+json\" class=\"yoast-schema-graph\">{\"@context\":\"https:\\\/\\\/schema.org\",\"@graph\":[{\"@type\":[\"WebPage\",\"ItemPage\"],\"@id\":\"http:\\\/\\\/ruuby.ee\\\/pood\\\/kosmeetika\\\/kehahooldus\\\/bonobo-kehakoorija-piparmundi-rosmariini-toidab-ja-varskendab-120ml\\\/\",\"url\":\"http:\\\/\\\/ruuby.ee\\\/pood\\\/kosmeetika\\\/kehahooldus\\\/bonobo-kehakoorija-piparmundi-rosmariini-toidab-ja-varskendab-120ml\\\/\",\"name\":\"Bonobo - Kehakoorija, Piparm\u00fcndi &amp; rosmariini, toidab ja v\u00e4rskendab, 120ml - RUUBY\",\"isPartOf\":{\"@id\":\"http:\\\/\\\/ruuby.ee\\\/en\\\/#website\"},\"primaryImageOfPage\":{\"@id\":\"http:\\\/\\\/ruuby.ee\\\/pood\\\/kosmeetika\\\/kehahooldus\\\/bonobo-kehakoorija-piparmundi-rosmariini-toidab-ja-varskendab-120ml\\\/#primaryimage\"},\"image\":{\"@id\":\"http:\\\/\\\/ruuby.ee\\\/pood\\\/kosmeetika\\\/kehahooldus\\\/bonobo-kehakoorija-piparmundi-rosmariini-toidab-ja-varskendab-120ml\\\/#primaryimage\"},\"thumbnailUrl\":\"https:\\\/\\\/ruuby.ee\\\/wp-content\\\/uploads\\\/2023\\\/10\\\/Screenshot-2023-10-25-at-16.02.11.png\",\"datePublished\":\"2023-10-25T13:01:46+00:00\",\"dateModified\":\"2026-04-07T22:28:38+00:00\",\"breadcrumb\":{\"@id\":\"http:\\\/\\\/ruuby.ee\\\/pood\\\/kosmeetika\\\/kehahooldus\\\/bonobo-kehakoorija-piparmundi-rosmariini-toidab-ja-varskendab-120ml\\\/#breadcrumb\"},\"inLanguage\":\"en-GB\",\"potentialAction\":[{\"@type\":\"ReadAction\",\"target\":[\"http:\\\/\\\/ruuby.ee\\\/pood\\\/kosmeetika\\\/kehahooldus\\\/bonobo-kehakoorija-piparmundi-rosmariini-toidab-ja-varskendab-120ml\\\/\"]}]},{\"@type\":\"ImageObject\",\"inLanguage\":\"en-GB\",\"@id\":\"http:\\\/\\\/ruuby.ee\\\/pood\\\/kosmeetika\\\/kehahooldus\\\/bonobo-kehakoorija-piparmundi-rosmariini-toidab-ja-varskendab-120ml\\\/#primaryimage\",\"url\":\"https:\\\/\\\/ruuby.ee\\\/wp-content\\\/uploads\\\/2023\\\/10\\\/Screenshot-2023-10-25-at-16.02.11.png\",\"contentUrl\":\"https:\\\/\\\/ruuby.ee\\\/wp-content\\\/uploads\\\/2023\\\/10\\\/Screenshot-2023-10-25-at-16.02.11.png\",\"width\":1806,\"height\":1196},{\"@type\":\"BreadcrumbList\",\"@id\":\"http:\\\/\\\/ruuby.ee\\\/pood\\\/kosmeetika\\\/kehahooldus\\\/bonobo-kehakoorija-piparmundi-rosmariini-toidab-ja-varskendab-120ml\\\/#breadcrumb\",\"itemListElement\":[{\"@type\":\"ListItem\",\"position\":1,\"name\":\"Kdu\",\"item\":\"http:\\\/\\\/ruuby.ee\\\/en\\\/\"},{\"@type\":\"ListItem\",\"position\":2,\"name\":\"Pood\",\"item\":\"http:\\\/\\\/ruuby.ee\\\/en\\\/pood\\\/\"},{\"@type\":\"ListItem\",\"position\":3,\"name\":\"Bonobo &#8211; Kehakoorija, Piparm\u00fcndi &amp; rosmariini, toidab ja v\u00e4rskendab, 120ml\"}]},{\"@type\":\"WebSite\",\"@id\":\"http:\\\/\\\/ruuby.ee\\\/en\\\/#website\",\"url\":\"http:\\\/\\\/ruuby.ee\\\/en\\\/\",\"name\":\"RUUBY\",\"description\":\"Ruubys on \u00fchendatud elustiil ja disain\",\"publisher\":{\"@id\":\"http:\\\/\\\/ruuby.ee\\\/en\\\/#organization\"},\"alternateName\":\"Ruuby Disain\",\"potentialAction\":[{\"@type\":\"SearchAction\",\"target\":{\"@type\":\"EntryPoint\",\"urlTemplate\":\"http:\\\/\\\/ruuby.ee\\\/en\\\/?s={search_term_string}\"},\"query-input\":{\"@type\":\"PropertyValueSpecification\",\"valueRequired\":true,\"valueName\":\"search_term_string\"}}],\"inLanguage\":\"en-GB\"},{\"@type\":\"Organization\",\"@id\":\"http:\\\/\\\/ruuby.ee\\\/en\\\/#organization\",\"name\":\"Ruuby Disain O\u00dc\",\"alternateName\":\"Ruuby\",\"url\":\"http:\\\/\\\/ruuby.ee\\\/en\\\/\",\"logo\":{\"@type\":\"ImageObject\",\"inLanguage\":\"en-GB\",\"@id\":\"http:\\\/\\\/ruuby.ee\\\/en\\\/#\\\/schema\\\/logo\\\/image\\\/\",\"url\":\"https:\\\/\\\/ruuby.ee\\\/wp-content\\\/uploads\\\/2023\\\/06\\\/cropped-Black-White-Elegant-Circle-Signature-Fashion-Logo-12_large.png\",\"contentUrl\":\"https:\\\/\\\/ruuby.ee\\\/wp-content\\\/uploads\\\/2023\\\/06\\\/cropped-Black-White-Elegant-Circle-Signature-Fashion-Logo-12_large.png\",\"width\":1280,\"height\":747,\"caption\":\"Ruuby Disain O\u00dc\"},\"image\":{\"@id\":\"http:\\\/\\\/ruuby.ee\\\/en\\\/#\\\/schema\\\/logo\\\/image\\\/\"},\"sameAs\":[\"https:\\\/\\\/www.facebook.com\\\/ruubyconcept\",\"https:\\\/\\\/www.instagram.com\\\/ruuby_concept\\\/\"]}]}<\/script>\n<!-- \/ Yoast SEO plugin. -->","yoast_head_json":{"title":"Bonobo - Kehakoorija, Piparm\u00fcndi &amp; rosmariini, toidab ja v\u00e4rskendab, 120ml - RUUBY","robots":{"index":"index","follow":"follow","max-snippet":"max-snippet:-1","max-image-preview":"max-image-preview:large","max-video-preview":"max-video-preview:-1"},"canonical":"http:\/\/ruuby.ee\/en\/pood\/kosmeetika\/kehahooldus\/bonobo-kehakoorija-piparmundi-rosmariini-toidab-ja-varskendab-120ml\/","og_locale":"en_GB","og_type":"article","og_title":"Bonobo - Kehakoorija, Piparm\u00fcndi &amp; rosmariini, toidab ja v\u00e4rskendab, 120ml - RUUBY","og_description":"Samblarohelise v\u00e4rvuse ja piparm\u00fcndiselt v\u00e4rske l\u00f5hnaga piparm\u00fcndi &amp; rosmariini kehakoorija on parim, mida saad oma naha jaoks teha! Kehakoorijale omase tekstuuriga, mis on saadud kasutades rafineerimata roosuhkrut, puhastab ta p\u00f5hjalikult su nahka ja katab selle siidise, niisutava ja toitva kihiga. Piparm\u00fcnt paneb su naha m\u00f5nusalt \u00f5hetama! Nisuorase pulber sisaldab antioks\u00fcdante, A ja C vitamiini ning [&hellip;]","og_url":"http:\/\/ruuby.ee\/en\/pood\/kosmeetika\/kehahooldus\/bonobo-kehakoorija-piparmundi-rosmariini-toidab-ja-varskendab-120ml\/","og_site_name":"RUUBY","article_publisher":"https:\/\/www.facebook.com\/ruubyconcept","article_modified_time":"2026-04-07T22:28:38+00:00","og_image":[{"width":1024,"height":678,"url":"http:\/\/ruuby.ee\/wp-content\/uploads\/2023\/10\/Screenshot-2023-10-25-at-16.02.11-1024x678.png","type":"image\/png"}],"twitter_card":"summary_large_image","twitter_misc":{"Estimated reading time":"2 minutes"},"schema":{"@context":"https:\/\/schema.org","@graph":[{"@type":["WebPage","ItemPage"],"@id":"http:\/\/ruuby.ee\/pood\/kosmeetika\/kehahooldus\/bonobo-kehakoorija-piparmundi-rosmariini-toidab-ja-varskendab-120ml\/","url":"http:\/\/ruuby.ee\/pood\/kosmeetika\/kehahooldus\/bonobo-kehakoorija-piparmundi-rosmariini-toidab-ja-varskendab-120ml\/","name":"Bonobo - Kehakoorija, Piparm\u00fcndi &amp; rosmariini, toidab ja v\u00e4rskendab, 120ml - RUUBY","isPartOf":{"@id":"http:\/\/ruuby.ee\/en\/#website"},"primaryImageOfPage":{"@id":"http:\/\/ruuby.ee\/pood\/kosmeetika\/kehahooldus\/bonobo-kehakoorija-piparmundi-rosmariini-toidab-ja-varskendab-120ml\/#primaryimage"},"image":{"@id":"http:\/\/ruuby.ee\/pood\/kosmeetika\/kehahooldus\/bonobo-kehakoorija-piparmundi-rosmariini-toidab-ja-varskendab-120ml\/#primaryimage"},"thumbnailUrl":"https:\/\/ruuby.ee\/wp-content\/uploads\/2023\/10\/Screenshot-2023-10-25-at-16.02.11.png","datePublished":"2023-10-25T13:01:46+00:00","dateModified":"2026-04-07T22:28:38+00:00","breadcrumb":{"@id":"http:\/\/ruuby.ee\/pood\/kosmeetika\/kehahooldus\/bonobo-kehakoorija-piparmundi-rosmariini-toidab-ja-varskendab-120ml\/#breadcrumb"},"inLanguage":"en-GB","potentialAction":[{"@type":"ReadAction","target":["http:\/\/ruuby.ee\/pood\/kosmeetika\/kehahooldus\/bonobo-kehakoorija-piparmundi-rosmariini-toidab-ja-varskendab-120ml\/"]}]},{"@type":"ImageObject","inLanguage":"en-GB","@id":"http:\/\/ruuby.ee\/pood\/kosmeetika\/kehahooldus\/bonobo-kehakoorija-piparmundi-rosmariini-toidab-ja-varskendab-120ml\/#primaryimage","url":"https:\/\/ruuby.ee\/wp-content\/uploads\/2023\/10\/Screenshot-2023-10-25-at-16.02.11.png","contentUrl":"https:\/\/ruuby.ee\/wp-content\/uploads\/2023\/10\/Screenshot-2023-10-25-at-16.02.11.png","width":1806,"height":1196},{"@type":"BreadcrumbList","@id":"http:\/\/ruuby.ee\/pood\/kosmeetika\/kehahooldus\/bonobo-kehakoorija-piparmundi-rosmariini-toidab-ja-varskendab-120ml\/#breadcrumb","itemListElement":[{"@type":"ListItem","position":1,"name":"Kdu","item":"http:\/\/ruuby.ee\/en\/"},{"@type":"ListItem","position":2,"name":"Pood","item":"http:\/\/ruuby.ee\/en\/pood\/"},{"@type":"ListItem","position":3,"name":"Bonobo &#8211; Kehakoorija, Piparm\u00fcndi &amp; rosmariini, toidab ja v\u00e4rskendab, 120ml"}]},{"@type":"WebSite","@id":"http:\/\/ruuby.ee\/en\/#website","url":"http:\/\/ruuby.ee\/en\/","name":"RUUBY","description":"Ruubys on \u00fchendatud elustiil ja disain","publisher":{"@id":"http:\/\/ruuby.ee\/en\/#organization"},"alternateName":"Ruuby Disain","potentialAction":[{"@type":"SearchAction","target":{"@type":"EntryPoint","urlTemplate":"http:\/\/ruuby.ee\/en\/?s={search_term_string}"},"query-input":{"@type":"PropertyValueSpecification","valueRequired":true,"valueName":"search_term_string"}}],"inLanguage":"en-GB"},{"@type":"Organization","@id":"http:\/\/ruuby.ee\/en\/#organization","name":"Ruuby Disain O\u00dc","alternateName":"Ruuby","url":"http:\/\/ruuby.ee\/en\/","logo":{"@type":"ImageObject","inLanguage":"en-GB","@id":"http:\/\/ruuby.ee\/en\/#\/schema\/logo\/image\/","url":"https:\/\/ruuby.ee\/wp-content\/uploads\/2023\/06\/cropped-Black-White-Elegant-Circle-Signature-Fashion-Logo-12_large.png","contentUrl":"https:\/\/ruuby.ee\/wp-content\/uploads\/2023\/06\/cropped-Black-White-Elegant-Circle-Signature-Fashion-Logo-12_large.png","width":1280,"height":747,"caption":"Ruuby Disain O\u00dc"},"image":{"@id":"http:\/\/ruuby.ee\/en\/#\/schema\/logo\/image\/"},"sameAs":["https:\/\/www.facebook.com\/ruubyconcept","https:\/\/www.instagram.com\/ruuby_concept\/"]}]}},"jetpack_sharing_enabled":true,"_links":{"self":[{"href":"https:\/\/ruuby.ee\/en\/wp-json\/wp\/v2\/product\/1840504","targetHints":{"allow":["GET"]}}],"collection":[{"href":"https:\/\/ruuby.ee\/en\/wp-json\/wp\/v2\/product"}],"about":[{"href":"https:\/\/ruuby.ee\/en\/wp-json\/wp\/v2\/types\/product"}],"replies":[{"embeddable":true,"href":"https:\/\/ruuby.ee\/en\/wp-json\/wp\/v2\/comments?post=1840504"}],"wp:featuredmedia":[{"embeddable":true,"href":"https:\/\/ruuby.ee\/en\/wp-json\/wp\/v2\/media\/1840506"}],"wp:attachment":[{"href":"https:\/\/ruuby.ee\/en\/wp-json\/wp\/v2\/media?parent=1840504"}],"wp:term":[{"taxonomy":"product_brand","embeddable":true,"href":"https:\/\/ruuby.ee\/en\/wp-json\/wp\/v2\/product_brand?post=1840504"},{"taxonomy":"product_cat","embeddable":true,"href":"https:\/\/ruuby.ee\/en\/wp-json\/wp\/v2\/product_cat?post=1840504"},{"taxonomy":"product_tag","embeddable":true,"href":"https:\/\/ruuby.ee\/en\/wp-json\/wp\/v2\/product_tag?post=1840504"}],"curies":[{"name":"wp","href":"https:\/\/api.w.org\/{rel}","templated":true}]}}