{"id":1840499,"date":"2023-10-25T15:58:32","date_gmt":"2023-10-25T12:58:32","guid":{"rendered":"http:\/\/ruuby.ee\/?post_type=product&#038;p=1840499"},"modified":"2026-04-05T01:25:31","modified_gmt":"2026-04-04T22:25:31","slug":"bonobo-kehakoorija-vaarika-greibi-roomustab-ja-rahustab-120ml","status":"publish","type":"product","link":"https:\/\/ruuby.ee\/en\/pood\/kosmeetika\/kehahooldus\/bonobo-kehakoorija-vaarika-greibi-roomustab-ja-rahustab-120ml\/","title":{"rendered":"Bonobo &#8211; Kehakoorija, Vaarika &amp; greibi, r\u00f5\u00f5mustab ja rahustab, 120ml"},"content":{"rendered":"<p>Vaarikaroosat v\u00e4rvi ja imeliselt suvise ja rahustava l\u00f5hnaga vaarika &amp; greibi kehakoorija teeb sinu nahaga imet!<\/p>\n<p>Kehakoorijale omase tekstuuriga, mis on saadud kasutades rafineerimata roosuhkrut, puhastab ta p\u00f5hjalikult su nahka ja katab selle siidise, niisutava ja toitva kihiga. Ja sa l\u00f5hnad nagu v\u00e4rske greip!<\/p>\n<p><strong>Vaarikapulber<\/strong> on rikas A ja C vitamiini, kaaliumi, raua, fosfori ja kaltsiumi poolest. <em>Vaarikal<\/em> on stimuleerivad omadused, mis aitavad leevendada punetavat ja \u00e4rritunud nahka.<\/p>\n<p><strong>Greip<\/strong> sisaldab ohtralt C-vitamiini, mis aitab nahal kollageeni toota, hoides selle pringi ja siledana. <em>Greibi eeterlik \u00f5li<\/em> lisab hapukat n\u00fcanssi vaarikaselt magusale l\u00f5hnale ja m\u00f5jub nahal v\u00e4rskendavalt.<\/p>\n<p>Ideaalne <em>igale <\/em>nahat\u00fc\u00fcbile.<\/p>\n<p><b>KASUTA:<\/b><\/p>\n<p>Keha kooritakse viimase protseduurina p\u00e4rast sauna, vannis v\u00f5i du\u0161i all k\u00e4imist. Kanda m\u00e4rjale nahale, masseerida ning seej\u00e4rel loputada veega.<\/p>\n<div class=\"jq-tabs tabs_wrapper tabs_ ui-tabs ui-corner-all ui-widget ui-widget-content\">\n<p>Koostis: Kookosrasv, shea-v\u00f5i, roosuhkur (rafineerimata), greibi eeterlik \u00f5li, vaarikapulber ja E-vitamiin.<\/p>\n<p>S\u00e4ilib 3 kuud peale avamist.<\/p>\n<p>Hoia otsese p\u00e4ikesevalguse eest kaitstult. S\u00e4ilita toatemperatuuril.<\/p>\n<p>Koostisosad: Cocos Nucifera Oil, Butyrospermum Parkrii (Shea) Butter, Sucrose, Tocopherol, Citrus Grandis Peel Oil, Rubus Idaeus Fruit Extract, Maltodextrin, Citric Acid, Limonene*, Citral* (*sisaldub naturaalselt eeterlikus \u00f5lis).<\/p>\n<\/div>","protected":false},"excerpt":{"rendered":"<p>Vaarikaroosat v\u00e4rvi ja imeliselt suvise ja rahustava l\u00f5hnaga vaarika &amp; greibi kehakoorija teeb sinu nahaga imet! Kehakoorijale omase tekstuuriga, mis on saadud kasutades rafineerimata roosuhkrut, puhastab ta p\u00f5hjalikult su nahka ja katab selle siidise, niisutava ja toitva kihiga. Ja sa l\u00f5hnad nagu v\u00e4rske greip! Vaarikapulber on rikas A ja C vitamiini, kaaliumi, raua, fosfori ja [&hellip;]<\/p>\n","protected":false},"featured_media":1840502,"comment_status":"open","ping_status":"closed","template":"","meta":[],"product_brand":[],"product_cat":[690,25],"product_tag":[],"class_list":{"0":"post-1840499","1":"product","2":"type-product","3":"status-publish","4":"has-post-thumbnail","6":"product_cat-kehahooldus","7":"product_cat-kosmeetika","9":"first","10":"instock","11":"taxable","12":"shipping-taxable","13":"purchasable","14":"product-type-simple"},"yoast_head":"<!-- This site is optimized with the Yoast SEO plugin v27.2 - https:\/\/yoast.com\/product\/yoast-seo-wordpress\/ -->\n<title>Bonobo - Kehakoorija, Vaarika &amp; greibi, r\u00f5\u00f5mustab ja rahustab, 120ml - RUUBY<\/title>\n<meta name=\"robots\" content=\"index, follow, max-snippet:-1, max-image-preview:large, max-video-preview:-1\" \/>\n<link rel=\"canonical\" href=\"https:\/\/ruuby.ee\/en\/pood\/kosmeetika\/kehahooldus\/bonobo-kehakoorija-vaarika-greibi-roomustab-ja-rahustab-120ml\/\" \/>\n<meta property=\"og:locale\" content=\"en_GB\" \/>\n<meta property=\"og:type\" content=\"article\" \/>\n<meta property=\"og:title\" content=\"Bonobo - Kehakoorija, Vaarika &amp; greibi, r\u00f5\u00f5mustab ja rahustab, 120ml - RUUBY\" \/>\n<meta property=\"og:description\" content=\"Vaarikaroosat v\u00e4rvi ja imeliselt suvise ja rahustava l\u00f5hnaga vaarika &amp; greibi kehakoorija teeb sinu nahaga imet! Kehakoorijale omase tekstuuriga, mis on saadud kasutades rafineerimata roosuhkrut, puhastab ta p\u00f5hjalikult su nahka ja katab selle siidise, niisutava ja toitva kihiga. Ja sa l\u00f5hnad nagu v\u00e4rske greip! Vaarikapulber on rikas A ja C vitamiini, kaaliumi, raua, fosfori ja [&hellip;]\" \/>\n<meta property=\"og:url\" content=\"https:\/\/ruuby.ee\/en\/pood\/kosmeetika\/kehahooldus\/bonobo-kehakoorija-vaarika-greibi-roomustab-ja-rahustab-120ml\/\" \/>\n<meta property=\"og:site_name\" content=\"RUUBY\" \/>\n<meta property=\"article:publisher\" content=\"https:\/\/www.facebook.com\/ruubyconcept\" \/>\n<meta property=\"article:modified_time\" content=\"2026-04-04T22:25:31+00:00\" \/>\n<meta property=\"og:image\" content=\"https:\/\/ruuby.ee\/wp-content\/uploads\/2023\/10\/Screenshot-2023-10-25-at-15.58.51-1024x676.png\" \/>\n\t<meta property=\"og:image:width\" content=\"1024\" \/>\n\t<meta property=\"og:image:height\" content=\"676\" \/>\n\t<meta property=\"og:image:type\" content=\"image\/png\" \/>\n<meta name=\"twitter:card\" content=\"summary_large_image\" \/>\n<meta name=\"twitter:label1\" content=\"Estimated reading time\" \/>\n\t<meta name=\"twitter:data1\" content=\"2 minutes\" \/>\n<script type=\"application\/ld+json\" class=\"yoast-schema-graph\">{\"@context\":\"https:\/\/schema.org\",\"@graph\":[{\"@type\":[\"WebPage\",\"ItemPage\"],\"@id\":\"https:\/\/ruuby.ee\/pood\/kosmeetika\/kehahooldus\/bonobo-kehakoorija-vaarika-greibi-roomustab-ja-rahustab-120ml\/\",\"url\":\"https:\/\/ruuby.ee\/pood\/kosmeetika\/kehahooldus\/bonobo-kehakoorija-vaarika-greibi-roomustab-ja-rahustab-120ml\/\",\"name\":\"Bonobo - Kehakoorija, Vaarika &amp; greibi, r\u00f5\u00f5mustab ja rahustab, 120ml - RUUBY\",\"isPartOf\":{\"@id\":\"http:\/\/ruuby.ee\/#website\"},\"primaryImageOfPage\":{\"@id\":\"https:\/\/ruuby.ee\/pood\/kosmeetika\/kehahooldus\/bonobo-kehakoorija-vaarika-greibi-roomustab-ja-rahustab-120ml\/#primaryimage\"},\"image\":{\"@id\":\"https:\/\/ruuby.ee\/pood\/kosmeetika\/kehahooldus\/bonobo-kehakoorija-vaarika-greibi-roomustab-ja-rahustab-120ml\/#primaryimage\"},\"thumbnailUrl\":\"https:\/\/ruuby.ee\/wp-content\/uploads\/2023\/10\/Screenshot-2023-10-25-at-15.58.51.png\",\"datePublished\":\"2023-10-25T12:58:32+00:00\",\"dateModified\":\"2026-04-04T22:25:31+00:00\",\"breadcrumb\":{\"@id\":\"https:\/\/ruuby.ee\/pood\/kosmeetika\/kehahooldus\/bonobo-kehakoorija-vaarika-greibi-roomustab-ja-rahustab-120ml\/#breadcrumb\"},\"inLanguage\":\"en-GB\",\"potentialAction\":[{\"@type\":\"ReadAction\",\"target\":[\"https:\/\/ruuby.ee\/pood\/kosmeetika\/kehahooldus\/bonobo-kehakoorija-vaarika-greibi-roomustab-ja-rahustab-120ml\/\"]}]},{\"@type\":\"ImageObject\",\"inLanguage\":\"en-GB\",\"@id\":\"https:\/\/ruuby.ee\/pood\/kosmeetika\/kehahooldus\/bonobo-kehakoorija-vaarika-greibi-roomustab-ja-rahustab-120ml\/#primaryimage\",\"url\":\"https:\/\/ruuby.ee\/wp-content\/uploads\/2023\/10\/Screenshot-2023-10-25-at-15.58.51.png\",\"contentUrl\":\"https:\/\/ruuby.ee\/wp-content\/uploads\/2023\/10\/Screenshot-2023-10-25-at-15.58.51.png\",\"width\":1802,\"height\":1190},{\"@type\":\"BreadcrumbList\",\"@id\":\"https:\/\/ruuby.ee\/pood\/kosmeetika\/kehahooldus\/bonobo-kehakoorija-vaarika-greibi-roomustab-ja-rahustab-120ml\/#breadcrumb\",\"itemListElement\":[{\"@type\":\"ListItem\",\"position\":1,\"name\":\"Kdu\",\"item\":\"http:\/\/ruuby.ee\/\"},{\"@type\":\"ListItem\",\"position\":2,\"name\":\"Pood\",\"item\":\"https:\/\/ruuby.ee\/en\/pood\/\"},{\"@type\":\"ListItem\",\"position\":3,\"name\":\"Bonobo &#8211; Kehakoorija, Vaarika &amp; greibi, r\u00f5\u00f5mustab ja rahustab, 120ml\"}]},{\"@type\":\"WebSite\",\"@id\":\"http:\/\/ruuby.ee\/#website\",\"url\":\"http:\/\/ruuby.ee\/\",\"name\":\"RUUBY\",\"description\":\"Ruubys on \u00fchendatud elustiil ja disain\",\"publisher\":{\"@id\":\"http:\/\/ruuby.ee\/#organization\"},\"alternateName\":\"Ruuby Disain\",\"potentialAction\":[{\"@type\":\"SearchAction\",\"target\":{\"@type\":\"EntryPoint\",\"urlTemplate\":\"http:\/\/ruuby.ee\/?s={search_term_string}\"},\"query-input\":{\"@type\":\"PropertyValueSpecification\",\"valueRequired\":true,\"valueName\":\"search_term_string\"}}],\"inLanguage\":\"en-GB\"},{\"@type\":\"Organization\",\"@id\":\"http:\/\/ruuby.ee\/#organization\",\"name\":\"Ruuby Disain O\u00dc\",\"alternateName\":\"Ruuby\",\"url\":\"http:\/\/ruuby.ee\/\",\"logo\":{\"@type\":\"ImageObject\",\"inLanguage\":\"en-GB\",\"@id\":\"http:\/\/ruuby.ee\/#\/schema\/logo\/image\/\",\"url\":\"https:\/\/ruuby.ee\/wp-content\/uploads\/2023\/06\/cropped-Black-White-Elegant-Circle-Signature-Fashion-Logo-12_large.png\",\"contentUrl\":\"https:\/\/ruuby.ee\/wp-content\/uploads\/2023\/06\/cropped-Black-White-Elegant-Circle-Signature-Fashion-Logo-12_large.png\",\"width\":1280,\"height\":747,\"caption\":\"Ruuby Disain O\u00dc\"},\"image\":{\"@id\":\"http:\/\/ruuby.ee\/#\/schema\/logo\/image\/\"},\"sameAs\":[\"https:\/\/www.facebook.com\/ruubyconcept\",\"https:\/\/www.instagram.com\/ruuby_concept\/\"]}]}<\/script>\n<!-- \/ Yoast SEO plugin. -->","yoast_head_json":{"title":"Bonobo - Kehakoorija, Vaarika &amp; greibi, r\u00f5\u00f5mustab ja rahustab, 120ml - RUUBY","robots":{"index":"index","follow":"follow","max-snippet":"max-snippet:-1","max-image-preview":"max-image-preview:large","max-video-preview":"max-video-preview:-1"},"canonical":"https:\/\/ruuby.ee\/en\/pood\/kosmeetika\/kehahooldus\/bonobo-kehakoorija-vaarika-greibi-roomustab-ja-rahustab-120ml\/","og_locale":"en_GB","og_type":"article","og_title":"Bonobo - Kehakoorija, Vaarika &amp; greibi, r\u00f5\u00f5mustab ja rahustab, 120ml - RUUBY","og_description":"Vaarikaroosat v\u00e4rvi ja imeliselt suvise ja rahustava l\u00f5hnaga vaarika &amp; greibi kehakoorija teeb sinu nahaga imet! Kehakoorijale omase tekstuuriga, mis on saadud kasutades rafineerimata roosuhkrut, puhastab ta p\u00f5hjalikult su nahka ja katab selle siidise, niisutava ja toitva kihiga. Ja sa l\u00f5hnad nagu v\u00e4rske greip! Vaarikapulber on rikas A ja C vitamiini, kaaliumi, raua, fosfori ja [&hellip;]","og_url":"https:\/\/ruuby.ee\/en\/pood\/kosmeetika\/kehahooldus\/bonobo-kehakoorija-vaarika-greibi-roomustab-ja-rahustab-120ml\/","og_site_name":"RUUBY","article_publisher":"https:\/\/www.facebook.com\/ruubyconcept","article_modified_time":"2026-04-04T22:25:31+00:00","og_image":[{"width":1024,"height":676,"url":"https:\/\/ruuby.ee\/wp-content\/uploads\/2023\/10\/Screenshot-2023-10-25-at-15.58.51-1024x676.png","type":"image\/png"}],"twitter_card":"summary_large_image","twitter_misc":{"Estimated reading time":"2 minutes"},"schema":{"@context":"https:\/\/schema.org","@graph":[{"@type":["WebPage","ItemPage"],"@id":"https:\/\/ruuby.ee\/pood\/kosmeetika\/kehahooldus\/bonobo-kehakoorija-vaarika-greibi-roomustab-ja-rahustab-120ml\/","url":"https:\/\/ruuby.ee\/pood\/kosmeetika\/kehahooldus\/bonobo-kehakoorija-vaarika-greibi-roomustab-ja-rahustab-120ml\/","name":"Bonobo - Kehakoorija, Vaarika &amp; greibi, r\u00f5\u00f5mustab ja rahustab, 120ml - RUUBY","isPartOf":{"@id":"http:\/\/ruuby.ee\/#website"},"primaryImageOfPage":{"@id":"https:\/\/ruuby.ee\/pood\/kosmeetika\/kehahooldus\/bonobo-kehakoorija-vaarika-greibi-roomustab-ja-rahustab-120ml\/#primaryimage"},"image":{"@id":"https:\/\/ruuby.ee\/pood\/kosmeetika\/kehahooldus\/bonobo-kehakoorija-vaarika-greibi-roomustab-ja-rahustab-120ml\/#primaryimage"},"thumbnailUrl":"https:\/\/ruuby.ee\/wp-content\/uploads\/2023\/10\/Screenshot-2023-10-25-at-15.58.51.png","datePublished":"2023-10-25T12:58:32+00:00","dateModified":"2026-04-04T22:25:31+00:00","breadcrumb":{"@id":"https:\/\/ruuby.ee\/pood\/kosmeetika\/kehahooldus\/bonobo-kehakoorija-vaarika-greibi-roomustab-ja-rahustab-120ml\/#breadcrumb"},"inLanguage":"en-GB","potentialAction":[{"@type":"ReadAction","target":["https:\/\/ruuby.ee\/pood\/kosmeetika\/kehahooldus\/bonobo-kehakoorija-vaarika-greibi-roomustab-ja-rahustab-120ml\/"]}]},{"@type":"ImageObject","inLanguage":"en-GB","@id":"https:\/\/ruuby.ee\/pood\/kosmeetika\/kehahooldus\/bonobo-kehakoorija-vaarika-greibi-roomustab-ja-rahustab-120ml\/#primaryimage","url":"https:\/\/ruuby.ee\/wp-content\/uploads\/2023\/10\/Screenshot-2023-10-25-at-15.58.51.png","contentUrl":"https:\/\/ruuby.ee\/wp-content\/uploads\/2023\/10\/Screenshot-2023-10-25-at-15.58.51.png","width":1802,"height":1190},{"@type":"BreadcrumbList","@id":"https:\/\/ruuby.ee\/pood\/kosmeetika\/kehahooldus\/bonobo-kehakoorija-vaarika-greibi-roomustab-ja-rahustab-120ml\/#breadcrumb","itemListElement":[{"@type":"ListItem","position":1,"name":"Kdu","item":"http:\/\/ruuby.ee\/"},{"@type":"ListItem","position":2,"name":"Pood","item":"https:\/\/ruuby.ee\/en\/pood\/"},{"@type":"ListItem","position":3,"name":"Bonobo &#8211; Kehakoorija, Vaarika &amp; greibi, r\u00f5\u00f5mustab ja rahustab, 120ml"}]},{"@type":"WebSite","@id":"http:\/\/ruuby.ee\/#website","url":"http:\/\/ruuby.ee\/","name":"RUUBY","description":"Ruubys on \u00fchendatud elustiil ja disain","publisher":{"@id":"http:\/\/ruuby.ee\/#organization"},"alternateName":"Ruuby Disain","potentialAction":[{"@type":"SearchAction","target":{"@type":"EntryPoint","urlTemplate":"http:\/\/ruuby.ee\/?s={search_term_string}"},"query-input":{"@type":"PropertyValueSpecification","valueRequired":true,"valueName":"search_term_string"}}],"inLanguage":"en-GB"},{"@type":"Organization","@id":"http:\/\/ruuby.ee\/#organization","name":"Ruuby Disain O\u00dc","alternateName":"Ruuby","url":"http:\/\/ruuby.ee\/","logo":{"@type":"ImageObject","inLanguage":"en-GB","@id":"http:\/\/ruuby.ee\/#\/schema\/logo\/image\/","url":"https:\/\/ruuby.ee\/wp-content\/uploads\/2023\/06\/cropped-Black-White-Elegant-Circle-Signature-Fashion-Logo-12_large.png","contentUrl":"https:\/\/ruuby.ee\/wp-content\/uploads\/2023\/06\/cropped-Black-White-Elegant-Circle-Signature-Fashion-Logo-12_large.png","width":1280,"height":747,"caption":"Ruuby Disain O\u00dc"},"image":{"@id":"http:\/\/ruuby.ee\/#\/schema\/logo\/image\/"},"sameAs":["https:\/\/www.facebook.com\/ruubyconcept","https:\/\/www.instagram.com\/ruuby_concept\/"]}]}},"jetpack_sharing_enabled":true,"_links":{"self":[{"href":"https:\/\/ruuby.ee\/en\/wp-json\/wp\/v2\/product\/1840499","targetHints":{"allow":["GET"]}}],"collection":[{"href":"https:\/\/ruuby.ee\/en\/wp-json\/wp\/v2\/product"}],"about":[{"href":"https:\/\/ruuby.ee\/en\/wp-json\/wp\/v2\/types\/product"}],"replies":[{"embeddable":true,"href":"https:\/\/ruuby.ee\/en\/wp-json\/wp\/v2\/comments?post=1840499"}],"wp:featuredmedia":[{"embeddable":true,"href":"https:\/\/ruuby.ee\/en\/wp-json\/wp\/v2\/media\/1840502"}],"wp:attachment":[{"href":"https:\/\/ruuby.ee\/en\/wp-json\/wp\/v2\/media?parent=1840499"}],"wp:term":[{"taxonomy":"product_brand","embeddable":true,"href":"https:\/\/ruuby.ee\/en\/wp-json\/wp\/v2\/product_brand?post=1840499"},{"taxonomy":"product_cat","embeddable":true,"href":"https:\/\/ruuby.ee\/en\/wp-json\/wp\/v2\/product_cat?post=1840499"},{"taxonomy":"product_tag","embeddable":true,"href":"https:\/\/ruuby.ee\/en\/wp-json\/wp\/v2\/product_tag?post=1840499"}],"curies":[{"name":"wp","href":"https:\/\/api.w.org\/{rel}","templated":true}]}}