{"id":1840494,"date":"2023-10-25T15:58:19","date_gmt":"2023-10-25T12:58:19","guid":{"rendered":"http:\/\/ruuby.ee\/?post_type=product&#038;p=1840494"},"modified":"2026-04-07T01:27:19","modified_gmt":"2026-04-06T22:27:19","slug":"bonobo-kehakoorija-apelsini-porgandi-roomustab-ja-leevendab-120ml","status":"publish","type":"product","link":"https:\/\/ruuby.ee\/en\/pood\/kosmeetika\/kehahooldus\/bonobo-kehakoorija-apelsini-porgandi-roomustab-ja-leevendab-120ml\/","title":{"rendered":"Bonobo &#8211; Kehakoorija, Apelsini &amp; porgandi, r\u00f5\u00f5mustab ja leevendab, 120ml"},"content":{"rendered":"<p>Tsitruseline apelsin l\u00f5hnab nagu troopikasaar keset pilkast pimedust. Selle ergutav ja turgutav aroom tekitab t\u00f5elise r\u00f5\u00f5mu- ja rahulolutunde. Porgand seevastu on nagu hoolitsev ema, kelle puudutus pehmendab iga mure ja leevendab iga valu. T\u00f5eliselt kuninglik kombo igale argisele supernaisele!<\/p>\n<p><strong>Apelsin <\/strong>on t\u00f5eline C-vitamiini allikas, mis t\u00f5stab keha vastupanuv\u00f5imet. Lisaks sellele leidub apelsinis veel hulgaliselt teisigi antioks\u00fcdante, mis aitavad nahal s\u00e4ilitada selle nooruslikkust ja s\u00e4ra.<\/p>\n<p><strong>Porgand <\/strong>sisaldab aga rohkelt beetakaroteeni ning A-, B-, C-, D-, E- ja F-vitamiine, t\u00e4nu millele on see suurep\u00e4rane nahatoonik, soodustades naha paranemist ja leevendades s\u00fcgelevat nahka.<\/p>\n<p><em>Ideaalne igale nahat\u00fc\u00fcbile.<\/em><\/p>\n<p><strong>\u00a0<\/strong><b>KASUTA:<\/b><\/p>\n<p>Keha kooritakse viimase protseduurina p\u00e4rast sauna, vannis v\u00f5i du\u0161i all k\u00e4imist. Kanda m\u00e4rjale nahale, masseerida ning seej\u00e4rel loputada veega.<\/p>\n<div class=\"jq-tabs tabs_wrapper tabs_ ui-tabs ui-corner-all ui-widget ui-widget-content\">\n<p>Koostis: Kookosrasv, shea-v\u00f5i, roosuhkur (rafineerimata), apelsini eeterlik \u00f5li, porgandi pulber ja E-vitamiin.<\/p>\n<p>S\u00e4ilib 3 kuud peale avamist.<\/p>\n<p>Hoia otsese p\u00e4ikesevalguse eest kaitstult. S\u00e4ilita toatemperatuuril.<\/p>\n<p>Koostisosad: Cocos Nucifera Oil, Butyrospermum Parkrii (Shea) Butter, Sucrose, Citrus Aurantium Dulcis (Orange) Peel Oil, Daucus Carota Sativa Root Extract, Maltodextrin, Citric Acid, Tocopherol, Limonene*, Citral* (*sisaldub naturaalselt eeterlikus \u00f5lis).<\/p>\n<\/div>","protected":false},"excerpt":{"rendered":"<p>Tsitruseline apelsin l\u00f5hnab nagu troopikasaar keset pilkast pimedust. Selle ergutav ja turgutav aroom tekitab t\u00f5elise r\u00f5\u00f5mu- ja rahulolutunde. Porgand seevastu on nagu hoolitsev ema, kelle puudutus pehmendab iga mure ja leevendab iga valu. T\u00f5eliselt kuninglik kombo igale argisele supernaisele! Apelsin on t\u00f5eline C-vitamiini allikas, mis t\u00f5stab keha vastupanuv\u00f5imet. Lisaks sellele leidub apelsinis veel hulgaliselt teisigi [&hellip;]<\/p>\n","protected":false},"featured_media":1840496,"comment_status":"open","ping_status":"closed","template":"","meta":[],"product_brand":[],"product_cat":[690,25],"product_tag":[],"class_list":{"0":"post-1840494","1":"product","2":"type-product","3":"status-publish","4":"has-post-thumbnail","6":"product_cat-kehahooldus","7":"product_cat-kosmeetika","9":"first","10":"instock","11":"taxable","12":"shipping-taxable","13":"purchasable","14":"product-type-simple"},"yoast_head":"<!-- This site is optimized with the Yoast SEO plugin v27.3 - https:\/\/yoast.com\/product\/yoast-seo-wordpress\/ -->\n<title>Bonobo - Kehakoorija, Apelsini &amp; porgandi, r\u00f5\u00f5mustab ja leevendab, 120ml - RUUBY<\/title>\n<meta name=\"robots\" content=\"index, follow, max-snippet:-1, max-image-preview:large, max-video-preview:-1\" \/>\n<link rel=\"canonical\" href=\"http:\/\/ruuby.ee\/en\/pood\/kosmeetika\/kehahooldus\/bonobo-kehakoorija-apelsini-porgandi-roomustab-ja-leevendab-120ml\/\" \/>\n<meta property=\"og:locale\" content=\"en_GB\" \/>\n<meta property=\"og:type\" content=\"article\" \/>\n<meta property=\"og:title\" content=\"Bonobo - Kehakoorija, Apelsini &amp; porgandi, r\u00f5\u00f5mustab ja leevendab, 120ml - RUUBY\" \/>\n<meta property=\"og:description\" content=\"Tsitruseline apelsin l\u00f5hnab nagu troopikasaar keset pilkast pimedust. Selle ergutav ja turgutav aroom tekitab t\u00f5elise r\u00f5\u00f5mu- ja rahulolutunde. Porgand seevastu on nagu hoolitsev ema, kelle puudutus pehmendab iga mure ja leevendab iga valu. T\u00f5eliselt kuninglik kombo igale argisele supernaisele! Apelsin on t\u00f5eline C-vitamiini allikas, mis t\u00f5stab keha vastupanuv\u00f5imet. Lisaks sellele leidub apelsinis veel hulgaliselt teisigi [&hellip;]\" \/>\n<meta property=\"og:url\" content=\"http:\/\/ruuby.ee\/en\/pood\/kosmeetika\/kehahooldus\/bonobo-kehakoorija-apelsini-porgandi-roomustab-ja-leevendab-120ml\/\" \/>\n<meta property=\"og:site_name\" content=\"RUUBY\" \/>\n<meta property=\"article:publisher\" content=\"https:\/\/www.facebook.com\/ruubyconcept\" \/>\n<meta property=\"article:modified_time\" content=\"2026-04-06T22:27:19+00:00\" \/>\n<meta property=\"og:image\" content=\"http:\/\/ruuby.ee\/wp-content\/uploads\/2023\/10\/Screenshot-2023-10-25-at-15.55.10.png\" \/>\n\t<meta property=\"og:image:width\" content=\"1808\" \/>\n\t<meta property=\"og:image:height\" content=\"1196\" \/>\n\t<meta property=\"og:image:type\" content=\"image\/png\" \/>\n<meta name=\"twitter:card\" content=\"summary_large_image\" \/>\n<meta name=\"twitter:label1\" content=\"Estimated reading time\" \/>\n\t<meta name=\"twitter:data1\" content=\"2 minutes\" \/>\n<script type=\"application\/ld+json\" class=\"yoast-schema-graph\">{\"@context\":\"https:\\\/\\\/schema.org\",\"@graph\":[{\"@type\":[\"WebPage\",\"ItemPage\"],\"@id\":\"http:\\\/\\\/ruuby.ee\\\/pood\\\/kosmeetika\\\/kehahooldus\\\/bonobo-kehakoorija-apelsini-porgandi-roomustab-ja-leevendab-120ml\\\/\",\"url\":\"http:\\\/\\\/ruuby.ee\\\/pood\\\/kosmeetika\\\/kehahooldus\\\/bonobo-kehakoorija-apelsini-porgandi-roomustab-ja-leevendab-120ml\\\/\",\"name\":\"Bonobo - Kehakoorija, Apelsini &amp; porgandi, r\u00f5\u00f5mustab ja leevendab, 120ml - RUUBY\",\"isPartOf\":{\"@id\":\"http:\\\/\\\/ruuby.ee\\\/en\\\/#website\"},\"primaryImageOfPage\":{\"@id\":\"http:\\\/\\\/ruuby.ee\\\/pood\\\/kosmeetika\\\/kehahooldus\\\/bonobo-kehakoorija-apelsini-porgandi-roomustab-ja-leevendab-120ml\\\/#primaryimage\"},\"image\":{\"@id\":\"http:\\\/\\\/ruuby.ee\\\/pood\\\/kosmeetika\\\/kehahooldus\\\/bonobo-kehakoorija-apelsini-porgandi-roomustab-ja-leevendab-120ml\\\/#primaryimage\"},\"thumbnailUrl\":\"https:\\\/\\\/ruuby.ee\\\/wp-content\\\/uploads\\\/2023\\\/10\\\/Screenshot-2023-10-25-at-15.55.10.png\",\"datePublished\":\"2023-10-25T12:58:19+00:00\",\"dateModified\":\"2026-04-06T22:27:19+00:00\",\"breadcrumb\":{\"@id\":\"http:\\\/\\\/ruuby.ee\\\/pood\\\/kosmeetika\\\/kehahooldus\\\/bonobo-kehakoorija-apelsini-porgandi-roomustab-ja-leevendab-120ml\\\/#breadcrumb\"},\"inLanguage\":\"en-GB\",\"potentialAction\":[{\"@type\":\"ReadAction\",\"target\":[\"http:\\\/\\\/ruuby.ee\\\/pood\\\/kosmeetika\\\/kehahooldus\\\/bonobo-kehakoorija-apelsini-porgandi-roomustab-ja-leevendab-120ml\\\/\"]}]},{\"@type\":\"ImageObject\",\"inLanguage\":\"en-GB\",\"@id\":\"http:\\\/\\\/ruuby.ee\\\/pood\\\/kosmeetika\\\/kehahooldus\\\/bonobo-kehakoorija-apelsini-porgandi-roomustab-ja-leevendab-120ml\\\/#primaryimage\",\"url\":\"https:\\\/\\\/ruuby.ee\\\/wp-content\\\/uploads\\\/2023\\\/10\\\/Screenshot-2023-10-25-at-15.55.10.png\",\"contentUrl\":\"https:\\\/\\\/ruuby.ee\\\/wp-content\\\/uploads\\\/2023\\\/10\\\/Screenshot-2023-10-25-at-15.55.10.png\",\"width\":1808,\"height\":1196},{\"@type\":\"BreadcrumbList\",\"@id\":\"http:\\\/\\\/ruuby.ee\\\/pood\\\/kosmeetika\\\/kehahooldus\\\/bonobo-kehakoorija-apelsini-porgandi-roomustab-ja-leevendab-120ml\\\/#breadcrumb\",\"itemListElement\":[{\"@type\":\"ListItem\",\"position\":1,\"name\":\"Kdu\",\"item\":\"http:\\\/\\\/ruuby.ee\\\/en\\\/\"},{\"@type\":\"ListItem\",\"position\":2,\"name\":\"Pood\",\"item\":\"http:\\\/\\\/ruuby.ee\\\/en\\\/pood\\\/\"},{\"@type\":\"ListItem\",\"position\":3,\"name\":\"Bonobo &#8211; Kehakoorija, Apelsini &amp; porgandi, r\u00f5\u00f5mustab ja leevendab, 120ml\"}]},{\"@type\":\"WebSite\",\"@id\":\"http:\\\/\\\/ruuby.ee\\\/en\\\/#website\",\"url\":\"http:\\\/\\\/ruuby.ee\\\/en\\\/\",\"name\":\"RUUBY\",\"description\":\"Ruubys on \u00fchendatud elustiil ja disain\",\"publisher\":{\"@id\":\"http:\\\/\\\/ruuby.ee\\\/en\\\/#organization\"},\"alternateName\":\"Ruuby Disain\",\"potentialAction\":[{\"@type\":\"SearchAction\",\"target\":{\"@type\":\"EntryPoint\",\"urlTemplate\":\"http:\\\/\\\/ruuby.ee\\\/en\\\/?s={search_term_string}\"},\"query-input\":{\"@type\":\"PropertyValueSpecification\",\"valueRequired\":true,\"valueName\":\"search_term_string\"}}],\"inLanguage\":\"en-GB\"},{\"@type\":\"Organization\",\"@id\":\"http:\\\/\\\/ruuby.ee\\\/en\\\/#organization\",\"name\":\"Ruuby Disain O\u00dc\",\"alternateName\":\"Ruuby\",\"url\":\"http:\\\/\\\/ruuby.ee\\\/en\\\/\",\"logo\":{\"@type\":\"ImageObject\",\"inLanguage\":\"en-GB\",\"@id\":\"http:\\\/\\\/ruuby.ee\\\/en\\\/#\\\/schema\\\/logo\\\/image\\\/\",\"url\":\"https:\\\/\\\/ruuby.ee\\\/wp-content\\\/uploads\\\/2023\\\/06\\\/cropped-Black-White-Elegant-Circle-Signature-Fashion-Logo-12_large.png\",\"contentUrl\":\"https:\\\/\\\/ruuby.ee\\\/wp-content\\\/uploads\\\/2023\\\/06\\\/cropped-Black-White-Elegant-Circle-Signature-Fashion-Logo-12_large.png\",\"width\":1280,\"height\":747,\"caption\":\"Ruuby Disain O\u00dc\"},\"image\":{\"@id\":\"http:\\\/\\\/ruuby.ee\\\/en\\\/#\\\/schema\\\/logo\\\/image\\\/\"},\"sameAs\":[\"https:\\\/\\\/www.facebook.com\\\/ruubyconcept\",\"https:\\\/\\\/www.instagram.com\\\/ruuby_concept\\\/\"]}]}<\/script>\n<!-- \/ Yoast SEO plugin. -->","yoast_head_json":{"title":"Bonobo - Kehakoorija, Apelsini &amp; porgandi, r\u00f5\u00f5mustab ja leevendab, 120ml - RUUBY","robots":{"index":"index","follow":"follow","max-snippet":"max-snippet:-1","max-image-preview":"max-image-preview:large","max-video-preview":"max-video-preview:-1"},"canonical":"http:\/\/ruuby.ee\/en\/pood\/kosmeetika\/kehahooldus\/bonobo-kehakoorija-apelsini-porgandi-roomustab-ja-leevendab-120ml\/","og_locale":"en_GB","og_type":"article","og_title":"Bonobo - Kehakoorija, Apelsini &amp; porgandi, r\u00f5\u00f5mustab ja leevendab, 120ml - RUUBY","og_description":"Tsitruseline apelsin l\u00f5hnab nagu troopikasaar keset pilkast pimedust. Selle ergutav ja turgutav aroom tekitab t\u00f5elise r\u00f5\u00f5mu- ja rahulolutunde. Porgand seevastu on nagu hoolitsev ema, kelle puudutus pehmendab iga mure ja leevendab iga valu. T\u00f5eliselt kuninglik kombo igale argisele supernaisele! Apelsin on t\u00f5eline C-vitamiini allikas, mis t\u00f5stab keha vastupanuv\u00f5imet. Lisaks sellele leidub apelsinis veel hulgaliselt teisigi [&hellip;]","og_url":"http:\/\/ruuby.ee\/en\/pood\/kosmeetika\/kehahooldus\/bonobo-kehakoorija-apelsini-porgandi-roomustab-ja-leevendab-120ml\/","og_site_name":"RUUBY","article_publisher":"https:\/\/www.facebook.com\/ruubyconcept","article_modified_time":"2026-04-06T22:27:19+00:00","og_image":[{"width":1808,"height":1196,"url":"http:\/\/ruuby.ee\/wp-content\/uploads\/2023\/10\/Screenshot-2023-10-25-at-15.55.10.png","type":"image\/png"}],"twitter_card":"summary_large_image","twitter_misc":{"Estimated reading time":"2 minutes"},"schema":{"@context":"https:\/\/schema.org","@graph":[{"@type":["WebPage","ItemPage"],"@id":"http:\/\/ruuby.ee\/pood\/kosmeetika\/kehahooldus\/bonobo-kehakoorija-apelsini-porgandi-roomustab-ja-leevendab-120ml\/","url":"http:\/\/ruuby.ee\/pood\/kosmeetika\/kehahooldus\/bonobo-kehakoorija-apelsini-porgandi-roomustab-ja-leevendab-120ml\/","name":"Bonobo - Kehakoorija, Apelsini &amp; porgandi, r\u00f5\u00f5mustab ja leevendab, 120ml - RUUBY","isPartOf":{"@id":"http:\/\/ruuby.ee\/en\/#website"},"primaryImageOfPage":{"@id":"http:\/\/ruuby.ee\/pood\/kosmeetika\/kehahooldus\/bonobo-kehakoorija-apelsini-porgandi-roomustab-ja-leevendab-120ml\/#primaryimage"},"image":{"@id":"http:\/\/ruuby.ee\/pood\/kosmeetika\/kehahooldus\/bonobo-kehakoorija-apelsini-porgandi-roomustab-ja-leevendab-120ml\/#primaryimage"},"thumbnailUrl":"https:\/\/ruuby.ee\/wp-content\/uploads\/2023\/10\/Screenshot-2023-10-25-at-15.55.10.png","datePublished":"2023-10-25T12:58:19+00:00","dateModified":"2026-04-06T22:27:19+00:00","breadcrumb":{"@id":"http:\/\/ruuby.ee\/pood\/kosmeetika\/kehahooldus\/bonobo-kehakoorija-apelsini-porgandi-roomustab-ja-leevendab-120ml\/#breadcrumb"},"inLanguage":"en-GB","potentialAction":[{"@type":"ReadAction","target":["http:\/\/ruuby.ee\/pood\/kosmeetika\/kehahooldus\/bonobo-kehakoorija-apelsini-porgandi-roomustab-ja-leevendab-120ml\/"]}]},{"@type":"ImageObject","inLanguage":"en-GB","@id":"http:\/\/ruuby.ee\/pood\/kosmeetika\/kehahooldus\/bonobo-kehakoorija-apelsini-porgandi-roomustab-ja-leevendab-120ml\/#primaryimage","url":"https:\/\/ruuby.ee\/wp-content\/uploads\/2023\/10\/Screenshot-2023-10-25-at-15.55.10.png","contentUrl":"https:\/\/ruuby.ee\/wp-content\/uploads\/2023\/10\/Screenshot-2023-10-25-at-15.55.10.png","width":1808,"height":1196},{"@type":"BreadcrumbList","@id":"http:\/\/ruuby.ee\/pood\/kosmeetika\/kehahooldus\/bonobo-kehakoorija-apelsini-porgandi-roomustab-ja-leevendab-120ml\/#breadcrumb","itemListElement":[{"@type":"ListItem","position":1,"name":"Kdu","item":"http:\/\/ruuby.ee\/en\/"},{"@type":"ListItem","position":2,"name":"Pood","item":"http:\/\/ruuby.ee\/en\/pood\/"},{"@type":"ListItem","position":3,"name":"Bonobo &#8211; Kehakoorija, Apelsini &amp; porgandi, r\u00f5\u00f5mustab ja leevendab, 120ml"}]},{"@type":"WebSite","@id":"http:\/\/ruuby.ee\/en\/#website","url":"http:\/\/ruuby.ee\/en\/","name":"RUUBY","description":"Ruubys on \u00fchendatud elustiil ja disain","publisher":{"@id":"http:\/\/ruuby.ee\/en\/#organization"},"alternateName":"Ruuby Disain","potentialAction":[{"@type":"SearchAction","target":{"@type":"EntryPoint","urlTemplate":"http:\/\/ruuby.ee\/en\/?s={search_term_string}"},"query-input":{"@type":"PropertyValueSpecification","valueRequired":true,"valueName":"search_term_string"}}],"inLanguage":"en-GB"},{"@type":"Organization","@id":"http:\/\/ruuby.ee\/en\/#organization","name":"Ruuby Disain O\u00dc","alternateName":"Ruuby","url":"http:\/\/ruuby.ee\/en\/","logo":{"@type":"ImageObject","inLanguage":"en-GB","@id":"http:\/\/ruuby.ee\/en\/#\/schema\/logo\/image\/","url":"https:\/\/ruuby.ee\/wp-content\/uploads\/2023\/06\/cropped-Black-White-Elegant-Circle-Signature-Fashion-Logo-12_large.png","contentUrl":"https:\/\/ruuby.ee\/wp-content\/uploads\/2023\/06\/cropped-Black-White-Elegant-Circle-Signature-Fashion-Logo-12_large.png","width":1280,"height":747,"caption":"Ruuby Disain O\u00dc"},"image":{"@id":"http:\/\/ruuby.ee\/en\/#\/schema\/logo\/image\/"},"sameAs":["https:\/\/www.facebook.com\/ruubyconcept","https:\/\/www.instagram.com\/ruuby_concept\/"]}]}},"jetpack_sharing_enabled":true,"_links":{"self":[{"href":"https:\/\/ruuby.ee\/en\/wp-json\/wp\/v2\/product\/1840494","targetHints":{"allow":["GET"]}}],"collection":[{"href":"https:\/\/ruuby.ee\/en\/wp-json\/wp\/v2\/product"}],"about":[{"href":"https:\/\/ruuby.ee\/en\/wp-json\/wp\/v2\/types\/product"}],"replies":[{"embeddable":true,"href":"https:\/\/ruuby.ee\/en\/wp-json\/wp\/v2\/comments?post=1840494"}],"wp:featuredmedia":[{"embeddable":true,"href":"https:\/\/ruuby.ee\/en\/wp-json\/wp\/v2\/media\/1840496"}],"wp:attachment":[{"href":"https:\/\/ruuby.ee\/en\/wp-json\/wp\/v2\/media?parent=1840494"}],"wp:term":[{"taxonomy":"product_brand","embeddable":true,"href":"https:\/\/ruuby.ee\/en\/wp-json\/wp\/v2\/product_brand?post=1840494"},{"taxonomy":"product_cat","embeddable":true,"href":"https:\/\/ruuby.ee\/en\/wp-json\/wp\/v2\/product_cat?post=1840494"},{"taxonomy":"product_tag","embeddable":true,"href":"https:\/\/ruuby.ee\/en\/wp-json\/wp\/v2\/product_tag?post=1840494"}],"curies":[{"name":"wp","href":"https:\/\/api.w.org\/{rel}","templated":true}]}}