{"id":1840491,"date":"2023-10-25T15:52:21","date_gmt":"2023-10-25T12:52:21","guid":{"rendered":"http:\/\/ruuby.ee\/?post_type=product&#038;p=1840491"},"modified":"2026-04-08T01:28:38","modified_gmt":"2026-04-07T22:28:38","slug":"bonobo-huulepalsam-astelpaju-saialille-pehmendab-niisutab-5-ml","status":"publish","type":"product","link":"https:\/\/ruuby.ee\/en\/pood\/kosmeetika\/huuled\/bonobo-huulepalsam-astelpaju-saialille-pehmendab-niisutab-5-ml\/","title":{"rendered":"Bonobo &#8211; Huulepalsam, Astelpaju &amp; saialille, pehmendab &amp; niisutab \/ 5 ml"},"content":{"rendered":"<p><strong>Astelpajumarjad<\/strong> on \u00fcks t\u00e4iuslikumaid taimsete vitamiinide allikaid. Selle marju, varsi, juuri ja lehti on kasutatud juba aastatuhandeid. V\u00e4lispidiselt kasutatuna aitab astelpaju korrastada naha ainevahetust ning kiirendada haavade paranemispotsessi. <strong>Saialill<\/strong> on nagu v\u00e4ike p\u00e4ike, mis toob s\u00e4ra Su p\u00e4evadesse. Lisaks on ta p\u00f5letikuvastane ja antibakteriaalse toimega.<\/p>\n<p><strong>Kakaov\u00f5is<\/strong> on ohtralt A-, C- ja E-vitamiini. See on suurep\u00e4rane niisutaja, kaitstes nahka kuivamise eest.<\/p>\n<p><strong>Kookos\u00f5li<\/strong> on antimikroobne ja p\u00f5letikuvastane ning \u00fclimalt niisutav.<\/p>\n<p><strong>Mesilasvaha<\/strong> toidab, pehmendab ja taaselustab nahka ning tekitab sellele kaitsva kihi. Mesilasvahal on ka p\u00f5letikuvastane toime.<\/p>\n<p><strong>Astelpaju \u00f5li<\/strong> on t\u00f5sine vitamiinipomm Su nahale ning aitab paranda naha toonust.<\/p>\n<p><strong>Saialill<\/strong> pehmendab nahka ja leevendab \u00e4rritust.<\/p>\n<p>Koostis: Kakaov\u00f5i, mesilasvaha, astelpaju\u00f5li, saialillet\u00f5mmis, kookos\u00f5li, saialille ekstrakt, rooma kummeli eeterlik \u00f5li.<\/p>\n<p>S\u00e4ilib 6 kuud peale avamist.<\/p>\n<p>Hoia otsese p\u00e4ikesevalguse eest kaitstult.<\/p>\n<p>Koostisosad:Theobroma Cacao (Cocoa) Seed Butter, Cera Alba, Hippophae Rhamnoides (Sea Buckthorn) Fruit\u00a0Oil, Cocos Nucifera (Coconut) Oil, Calendula officinalis (Calendula) CO2 extract, Anthemis Nobilis (Roman Chamomile) Oil.<\/p>","protected":false},"excerpt":{"rendered":"<p>Astelpajumarjad on \u00fcks t\u00e4iuslikumaid taimsete vitamiinide allikaid. Selle marju, varsi, juuri ja lehti on kasutatud juba aastatuhandeid. V\u00e4lispidiselt kasutatuna aitab astelpaju korrastada naha ainevahetust ning kiirendada haavade paranemispotsessi. Saialill on nagu v\u00e4ike p\u00e4ike, mis toob s\u00e4ra Su p\u00e4evadesse. Lisaks on ta p\u00f5letikuvastane ja antibakteriaalse toimega. Kakaov\u00f5is on ohtralt A-, C- ja E-vitamiini. See on suurep\u00e4rane [&hellip;]<\/p>\n","protected":false},"featured_media":1840492,"comment_status":"open","ping_status":"closed","template":"","meta":[],"product_brand":[],"product_cat":[687,25],"product_tag":[],"class_list":{"0":"post-1840491","1":"product","2":"type-product","3":"status-publish","4":"has-post-thumbnail","6":"product_cat-huuled","7":"product_cat-kosmeetika","9":"first","10":"instock","11":"taxable","12":"shipping-taxable","13":"purchasable","14":"product-type-simple"},"yoast_head":"<!-- This site is optimized with the Yoast SEO plugin v27.3 - https:\/\/yoast.com\/product\/yoast-seo-wordpress\/ -->\n<title>Bonobo - Huulepalsam, Astelpaju &amp; saialille, pehmendab &amp; niisutab \/ 5 ml - RUUBY<\/title>\n<meta name=\"robots\" content=\"index, follow, max-snippet:-1, max-image-preview:large, max-video-preview:-1\" \/>\n<link rel=\"canonical\" href=\"https:\/\/ruuby.ee\/en\/pood\/kosmeetika\/huuled\/bonobo-huulepalsam-astelpaju-saialille-pehmendab-niisutab-5-ml\/\" \/>\n<meta property=\"og:locale\" content=\"en_GB\" \/>\n<meta property=\"og:type\" content=\"article\" \/>\n<meta property=\"og:title\" content=\"Bonobo - Huulepalsam, Astelpaju &amp; saialille, pehmendab &amp; niisutab \/ 5 ml - RUUBY\" \/>\n<meta property=\"og:description\" content=\"Astelpajumarjad on \u00fcks t\u00e4iuslikumaid taimsete vitamiinide allikaid. Selle marju, varsi, juuri ja lehti on kasutatud juba aastatuhandeid. V\u00e4lispidiselt kasutatuna aitab astelpaju korrastada naha ainevahetust ning kiirendada haavade paranemispotsessi. Saialill on nagu v\u00e4ike p\u00e4ike, mis toob s\u00e4ra Su p\u00e4evadesse. Lisaks on ta p\u00f5letikuvastane ja antibakteriaalse toimega. Kakaov\u00f5is on ohtralt A-, C- ja E-vitamiini. See on suurep\u00e4rane [&hellip;]\" \/>\n<meta property=\"og:url\" content=\"https:\/\/ruuby.ee\/en\/pood\/kosmeetika\/huuled\/bonobo-huulepalsam-astelpaju-saialille-pehmendab-niisutab-5-ml\/\" \/>\n<meta property=\"og:site_name\" content=\"RUUBY\" \/>\n<meta property=\"article:publisher\" content=\"https:\/\/www.facebook.com\/ruubyconcept\" \/>\n<meta property=\"article:modified_time\" content=\"2026-04-07T22:28:38+00:00\" \/>\n<meta property=\"og:image\" content=\"https:\/\/ruuby.ee\/wp-content\/uploads\/2023\/10\/Screenshot-2023-10-25-at-15.52.58.png\" \/>\n\t<meta property=\"og:image:width\" content=\"1200\" \/>\n\t<meta property=\"og:image:height\" content=\"1192\" \/>\n\t<meta property=\"og:image:type\" content=\"image\/png\" \/>\n<meta name=\"twitter:card\" content=\"summary_large_image\" \/>\n<meta name=\"twitter:label1\" content=\"Estimated reading time\" \/>\n\t<meta name=\"twitter:data1\" content=\"2 minutes\" \/>\n<script type=\"application\/ld+json\" class=\"yoast-schema-graph\">{\"@context\":\"https:\\\/\\\/schema.org\",\"@graph\":[{\"@type\":[\"WebPage\",\"ItemPage\"],\"@id\":\"https:\\\/\\\/ruuby.ee\\\/pood\\\/kosmeetika\\\/huuled\\\/bonobo-huulepalsam-astelpaju-saialille-pehmendab-niisutab-5-ml\\\/\",\"url\":\"https:\\\/\\\/ruuby.ee\\\/pood\\\/kosmeetika\\\/huuled\\\/bonobo-huulepalsam-astelpaju-saialille-pehmendab-niisutab-5-ml\\\/\",\"name\":\"Bonobo - Huulepalsam, Astelpaju &amp; saialille, pehmendab &amp; niisutab \\\/ 5 ml - RUUBY\",\"isPartOf\":{\"@id\":\"http:\\\/\\\/ruuby.ee\\\/en\\\/#website\"},\"primaryImageOfPage\":{\"@id\":\"https:\\\/\\\/ruuby.ee\\\/pood\\\/kosmeetika\\\/huuled\\\/bonobo-huulepalsam-astelpaju-saialille-pehmendab-niisutab-5-ml\\\/#primaryimage\"},\"image\":{\"@id\":\"https:\\\/\\\/ruuby.ee\\\/pood\\\/kosmeetika\\\/huuled\\\/bonobo-huulepalsam-astelpaju-saialille-pehmendab-niisutab-5-ml\\\/#primaryimage\"},\"thumbnailUrl\":\"https:\\\/\\\/ruuby.ee\\\/wp-content\\\/uploads\\\/2023\\\/10\\\/Screenshot-2023-10-25-at-15.52.58.png\",\"datePublished\":\"2023-10-25T12:52:21+00:00\",\"dateModified\":\"2026-04-07T22:28:38+00:00\",\"breadcrumb\":{\"@id\":\"https:\\\/\\\/ruuby.ee\\\/pood\\\/kosmeetika\\\/huuled\\\/bonobo-huulepalsam-astelpaju-saialille-pehmendab-niisutab-5-ml\\\/#breadcrumb\"},\"inLanguage\":\"en-GB\",\"potentialAction\":[{\"@type\":\"ReadAction\",\"target\":[\"https:\\\/\\\/ruuby.ee\\\/pood\\\/kosmeetika\\\/huuled\\\/bonobo-huulepalsam-astelpaju-saialille-pehmendab-niisutab-5-ml\\\/\"]}]},{\"@type\":\"ImageObject\",\"inLanguage\":\"en-GB\",\"@id\":\"https:\\\/\\\/ruuby.ee\\\/pood\\\/kosmeetika\\\/huuled\\\/bonobo-huulepalsam-astelpaju-saialille-pehmendab-niisutab-5-ml\\\/#primaryimage\",\"url\":\"https:\\\/\\\/ruuby.ee\\\/wp-content\\\/uploads\\\/2023\\\/10\\\/Screenshot-2023-10-25-at-15.52.58.png\",\"contentUrl\":\"https:\\\/\\\/ruuby.ee\\\/wp-content\\\/uploads\\\/2023\\\/10\\\/Screenshot-2023-10-25-at-15.52.58.png\",\"width\":1200,\"height\":1192},{\"@type\":\"BreadcrumbList\",\"@id\":\"https:\\\/\\\/ruuby.ee\\\/pood\\\/kosmeetika\\\/huuled\\\/bonobo-huulepalsam-astelpaju-saialille-pehmendab-niisutab-5-ml\\\/#breadcrumb\",\"itemListElement\":[{\"@type\":\"ListItem\",\"position\":1,\"name\":\"Kdu\",\"item\":\"http:\\\/\\\/ruuby.ee\\\/en\\\/\"},{\"@type\":\"ListItem\",\"position\":2,\"name\":\"Pood\",\"item\":\"http:\\\/\\\/ruuby.ee\\\/en\\\/pood\\\/\"},{\"@type\":\"ListItem\",\"position\":3,\"name\":\"Bonobo &#8211; Huulepalsam, Astelpaju &amp; saialille, pehmendab &amp; niisutab \\\/ 5 ml\"}]},{\"@type\":\"WebSite\",\"@id\":\"http:\\\/\\\/ruuby.ee\\\/en\\\/#website\",\"url\":\"http:\\\/\\\/ruuby.ee\\\/en\\\/\",\"name\":\"RUUBY\",\"description\":\"Ruubys on \u00fchendatud elustiil ja disain\",\"publisher\":{\"@id\":\"http:\\\/\\\/ruuby.ee\\\/en\\\/#organization\"},\"alternateName\":\"Ruuby Disain\",\"potentialAction\":[{\"@type\":\"SearchAction\",\"target\":{\"@type\":\"EntryPoint\",\"urlTemplate\":\"http:\\\/\\\/ruuby.ee\\\/en\\\/?s={search_term_string}\"},\"query-input\":{\"@type\":\"PropertyValueSpecification\",\"valueRequired\":true,\"valueName\":\"search_term_string\"}}],\"inLanguage\":\"en-GB\"},{\"@type\":\"Organization\",\"@id\":\"http:\\\/\\\/ruuby.ee\\\/en\\\/#organization\",\"name\":\"Ruuby Disain O\u00dc\",\"alternateName\":\"Ruuby\",\"url\":\"http:\\\/\\\/ruuby.ee\\\/en\\\/\",\"logo\":{\"@type\":\"ImageObject\",\"inLanguage\":\"en-GB\",\"@id\":\"http:\\\/\\\/ruuby.ee\\\/en\\\/#\\\/schema\\\/logo\\\/image\\\/\",\"url\":\"https:\\\/\\\/ruuby.ee\\\/wp-content\\\/uploads\\\/2023\\\/06\\\/cropped-Black-White-Elegant-Circle-Signature-Fashion-Logo-12_large.png\",\"contentUrl\":\"https:\\\/\\\/ruuby.ee\\\/wp-content\\\/uploads\\\/2023\\\/06\\\/cropped-Black-White-Elegant-Circle-Signature-Fashion-Logo-12_large.png\",\"width\":1280,\"height\":747,\"caption\":\"Ruuby Disain O\u00dc\"},\"image\":{\"@id\":\"http:\\\/\\\/ruuby.ee\\\/en\\\/#\\\/schema\\\/logo\\\/image\\\/\"},\"sameAs\":[\"https:\\\/\\\/www.facebook.com\\\/ruubyconcept\",\"https:\\\/\\\/www.instagram.com\\\/ruuby_concept\\\/\"]}]}<\/script>\n<!-- \/ Yoast SEO plugin. -->","yoast_head_json":{"title":"Bonobo - Huulepalsam, Astelpaju &amp; saialille, pehmendab &amp; niisutab \/ 5 ml - RUUBY","robots":{"index":"index","follow":"follow","max-snippet":"max-snippet:-1","max-image-preview":"max-image-preview:large","max-video-preview":"max-video-preview:-1"},"canonical":"https:\/\/ruuby.ee\/en\/pood\/kosmeetika\/huuled\/bonobo-huulepalsam-astelpaju-saialille-pehmendab-niisutab-5-ml\/","og_locale":"en_GB","og_type":"article","og_title":"Bonobo - Huulepalsam, Astelpaju &amp; saialille, pehmendab &amp; niisutab \/ 5 ml - RUUBY","og_description":"Astelpajumarjad on \u00fcks t\u00e4iuslikumaid taimsete vitamiinide allikaid. Selle marju, varsi, juuri ja lehti on kasutatud juba aastatuhandeid. V\u00e4lispidiselt kasutatuna aitab astelpaju korrastada naha ainevahetust ning kiirendada haavade paranemispotsessi. Saialill on nagu v\u00e4ike p\u00e4ike, mis toob s\u00e4ra Su p\u00e4evadesse. Lisaks on ta p\u00f5letikuvastane ja antibakteriaalse toimega. Kakaov\u00f5is on ohtralt A-, C- ja E-vitamiini. See on suurep\u00e4rane [&hellip;]","og_url":"https:\/\/ruuby.ee\/en\/pood\/kosmeetika\/huuled\/bonobo-huulepalsam-astelpaju-saialille-pehmendab-niisutab-5-ml\/","og_site_name":"RUUBY","article_publisher":"https:\/\/www.facebook.com\/ruubyconcept","article_modified_time":"2026-04-07T22:28:38+00:00","og_image":[{"width":1200,"height":1192,"url":"https:\/\/ruuby.ee\/wp-content\/uploads\/2023\/10\/Screenshot-2023-10-25-at-15.52.58.png","type":"image\/png"}],"twitter_card":"summary_large_image","twitter_misc":{"Estimated reading time":"2 minutes"},"schema":{"@context":"https:\/\/schema.org","@graph":[{"@type":["WebPage","ItemPage"],"@id":"https:\/\/ruuby.ee\/pood\/kosmeetika\/huuled\/bonobo-huulepalsam-astelpaju-saialille-pehmendab-niisutab-5-ml\/","url":"https:\/\/ruuby.ee\/pood\/kosmeetika\/huuled\/bonobo-huulepalsam-astelpaju-saialille-pehmendab-niisutab-5-ml\/","name":"Bonobo - Huulepalsam, Astelpaju &amp; saialille, pehmendab &amp; niisutab \/ 5 ml - RUUBY","isPartOf":{"@id":"http:\/\/ruuby.ee\/en\/#website"},"primaryImageOfPage":{"@id":"https:\/\/ruuby.ee\/pood\/kosmeetika\/huuled\/bonobo-huulepalsam-astelpaju-saialille-pehmendab-niisutab-5-ml\/#primaryimage"},"image":{"@id":"https:\/\/ruuby.ee\/pood\/kosmeetika\/huuled\/bonobo-huulepalsam-astelpaju-saialille-pehmendab-niisutab-5-ml\/#primaryimage"},"thumbnailUrl":"https:\/\/ruuby.ee\/wp-content\/uploads\/2023\/10\/Screenshot-2023-10-25-at-15.52.58.png","datePublished":"2023-10-25T12:52:21+00:00","dateModified":"2026-04-07T22:28:38+00:00","breadcrumb":{"@id":"https:\/\/ruuby.ee\/pood\/kosmeetika\/huuled\/bonobo-huulepalsam-astelpaju-saialille-pehmendab-niisutab-5-ml\/#breadcrumb"},"inLanguage":"en-GB","potentialAction":[{"@type":"ReadAction","target":["https:\/\/ruuby.ee\/pood\/kosmeetika\/huuled\/bonobo-huulepalsam-astelpaju-saialille-pehmendab-niisutab-5-ml\/"]}]},{"@type":"ImageObject","inLanguage":"en-GB","@id":"https:\/\/ruuby.ee\/pood\/kosmeetika\/huuled\/bonobo-huulepalsam-astelpaju-saialille-pehmendab-niisutab-5-ml\/#primaryimage","url":"https:\/\/ruuby.ee\/wp-content\/uploads\/2023\/10\/Screenshot-2023-10-25-at-15.52.58.png","contentUrl":"https:\/\/ruuby.ee\/wp-content\/uploads\/2023\/10\/Screenshot-2023-10-25-at-15.52.58.png","width":1200,"height":1192},{"@type":"BreadcrumbList","@id":"https:\/\/ruuby.ee\/pood\/kosmeetika\/huuled\/bonobo-huulepalsam-astelpaju-saialille-pehmendab-niisutab-5-ml\/#breadcrumb","itemListElement":[{"@type":"ListItem","position":1,"name":"Kdu","item":"http:\/\/ruuby.ee\/en\/"},{"@type":"ListItem","position":2,"name":"Pood","item":"http:\/\/ruuby.ee\/en\/pood\/"},{"@type":"ListItem","position":3,"name":"Bonobo &#8211; Huulepalsam, Astelpaju &amp; saialille, pehmendab &amp; niisutab \/ 5 ml"}]},{"@type":"WebSite","@id":"http:\/\/ruuby.ee\/en\/#website","url":"http:\/\/ruuby.ee\/en\/","name":"RUUBY","description":"Ruubys on \u00fchendatud elustiil ja disain","publisher":{"@id":"http:\/\/ruuby.ee\/en\/#organization"},"alternateName":"Ruuby Disain","potentialAction":[{"@type":"SearchAction","target":{"@type":"EntryPoint","urlTemplate":"http:\/\/ruuby.ee\/en\/?s={search_term_string}"},"query-input":{"@type":"PropertyValueSpecification","valueRequired":true,"valueName":"search_term_string"}}],"inLanguage":"en-GB"},{"@type":"Organization","@id":"http:\/\/ruuby.ee\/en\/#organization","name":"Ruuby Disain O\u00dc","alternateName":"Ruuby","url":"http:\/\/ruuby.ee\/en\/","logo":{"@type":"ImageObject","inLanguage":"en-GB","@id":"http:\/\/ruuby.ee\/en\/#\/schema\/logo\/image\/","url":"https:\/\/ruuby.ee\/wp-content\/uploads\/2023\/06\/cropped-Black-White-Elegant-Circle-Signature-Fashion-Logo-12_large.png","contentUrl":"https:\/\/ruuby.ee\/wp-content\/uploads\/2023\/06\/cropped-Black-White-Elegant-Circle-Signature-Fashion-Logo-12_large.png","width":1280,"height":747,"caption":"Ruuby Disain O\u00dc"},"image":{"@id":"http:\/\/ruuby.ee\/en\/#\/schema\/logo\/image\/"},"sameAs":["https:\/\/www.facebook.com\/ruubyconcept","https:\/\/www.instagram.com\/ruuby_concept\/"]}]}},"jetpack_sharing_enabled":true,"_links":{"self":[{"href":"https:\/\/ruuby.ee\/en\/wp-json\/wp\/v2\/product\/1840491","targetHints":{"allow":["GET"]}}],"collection":[{"href":"https:\/\/ruuby.ee\/en\/wp-json\/wp\/v2\/product"}],"about":[{"href":"https:\/\/ruuby.ee\/en\/wp-json\/wp\/v2\/types\/product"}],"replies":[{"embeddable":true,"href":"https:\/\/ruuby.ee\/en\/wp-json\/wp\/v2\/comments?post=1840491"}],"wp:featuredmedia":[{"embeddable":true,"href":"https:\/\/ruuby.ee\/en\/wp-json\/wp\/v2\/media\/1840492"}],"wp:attachment":[{"href":"https:\/\/ruuby.ee\/en\/wp-json\/wp\/v2\/media?parent=1840491"}],"wp:term":[{"taxonomy":"product_brand","embeddable":true,"href":"https:\/\/ruuby.ee\/en\/wp-json\/wp\/v2\/product_brand?post=1840491"},{"taxonomy":"product_cat","embeddable":true,"href":"https:\/\/ruuby.ee\/en\/wp-json\/wp\/v2\/product_cat?post=1840491"},{"taxonomy":"product_tag","embeddable":true,"href":"https:\/\/ruuby.ee\/en\/wp-json\/wp\/v2\/product_tag?post=1840491"}],"curies":[{"name":"wp","href":"https:\/\/api.w.org\/{rel}","templated":true}]}}