{"id":1840490,"date":"2023-10-25T15:52:11","date_gmt":"2023-10-25T12:52:11","guid":{"rendered":"http:\/\/ruuby.ee\/?post_type=product&#038;p=1840490"},"modified":"2026-04-06T01:26:28","modified_gmt":"2026-04-05T22:26:28","slug":"bonobo-huulepalsam-piparmundi-pehmendab-hooldab-5-ml-kopeeri","status":"publish","type":"product","link":"https:\/\/ruuby.ee\/en\/pood\/kosmeetika\/bonobo-huulepalsam-piparmundi-pehmendab-hooldab-5-ml-kopeeri\/","title":{"rendered":"Bonobo &#8211; Huulepalsam, Piparm\u00fcndi, pehmendab &amp; hooldab \/ 5 ml (kopeeri)"},"content":{"rendered":"<p>Helevalget tooni ja m\u00f5nus piparm\u00fcndil\u00f5hnaline huulepalsam pehmendab ja hooldab sinu huuli. Piparm\u00fcndi v\u00e4rske l\u00f5hn m\u00f5jub ergutavalt, kuid samal ajal ka l\u00f5\u00f5gastab ja rahustab. Piparm\u00fcndil on antibakteriaalne toime ning ta kaitseb p\u00e4ikesekiirguse eest.<\/p>\n<p><strong>Kakaov\u00f5is<\/strong> on ohtralt A-, C- ja E-vitamiini. See on suurep\u00e4rane niisutaja, kaitstes nahka kuivamise eest.<\/p>\n<p><strong>Mesilasvaha<\/strong> toidab, pehmendab ja taaselustab nahka ning tekitab sellele kaitsva kihi. Mesilasvahal on ka p\u00f5letikuvastane toime.<\/p>\n<p><strong>Magusa mandli \u00f5li<\/strong> toidab, rahustab ja silub nahka ning on rikas E-vitamiini, kaltsiumi ja magneesiumi poolest.<\/p>\n<p><strong>Kookos\u00f5li<\/strong> kaitseb nahka ultraviolettkiirguse eest, niisutab, omab p\u00f5letikuvastast toimet, leevendab ekseemi, psoriaasi, dermatiiti.<\/p>\n<p><strong>Kuningakepi\u00f5lis<\/strong> peituv gamma-linoleenhape aitab reguleerida hormonaalset tasakaalu, parandades ka n\u00e4rvide funktsioone ja naha elastsust.<\/p>\n<p>Koostis: Kakaov\u00f5i, mesilasvaha, kuningkepi\u00f5li, magusa mandli \u00f5li, kookos\u00f5li ja piparm\u00fcndi eeterlik \u00f5li.<\/p>\n<p>S\u00e4ilib 6 kuud peale avamist.<\/p>\n<p>Hoia otsese p\u00e4ikesevalguse eest kaitstult.<\/p>\n<p>Koostisosad:Theobroma Cacao (Cocoa) Seed Butter, Cera Alba, Oenothera Biennis (Evening Primrose) oOil, Cocos Nucifera (Coconut) Oil, Prunus Amygdalus Dulcis (Sweet Almond) Oil, Menthe Piperita (Peppermint) Oil.<\/p>","protected":false},"excerpt":{"rendered":"<p>Helevalget tooni ja m\u00f5nus piparm\u00fcndil\u00f5hnaline huulepalsam pehmendab ja hooldab sinu huuli. Piparm\u00fcndi v\u00e4rske l\u00f5hn m\u00f5jub ergutavalt, kuid samal ajal ka l\u00f5\u00f5gastab ja rahustab. Piparm\u00fcndil on antibakteriaalne toime ning ta kaitseb p\u00e4ikesekiirguse eest. Kakaov\u00f5is on ohtralt A-, C- ja E-vitamiini. See on suurep\u00e4rane niisutaja, kaitstes nahka kuivamise eest. Mesilasvaha toidab, pehmendab ja taaselustab nahka ning tekitab [&hellip;]<\/p>\n","protected":false},"featured_media":1840489,"comment_status":"open","ping_status":"closed","template":"","meta":[],"product_brand":[],"product_cat":[25],"product_tag":[],"class_list":{"0":"post-1840490","1":"product","2":"type-product","3":"status-publish","4":"has-post-thumbnail","6":"product_cat-kosmeetika","8":"first","9":"outofstock","10":"taxable","11":"shipping-taxable","12":"purchasable","13":"product-type-simple"},"yoast_head":"<!-- This site is optimized with the Yoast SEO plugin v27.2 - https:\/\/yoast.com\/product\/yoast-seo-wordpress\/ -->\n<title>Bonobo - Huulepalsam, Piparm\u00fcndi, pehmendab &amp; hooldab \/ 5 ml (kopeeri) - RUUBY<\/title>\n<meta name=\"robots\" content=\"index, follow, max-snippet:-1, max-image-preview:large, max-video-preview:-1\" \/>\n<link rel=\"canonical\" href=\"https:\/\/ruuby.ee\/en\/pood\/kosmeetika\/bonobo-huulepalsam-piparmundi-pehmendab-hooldab-5-ml-kopeeri\/\" \/>\n<meta property=\"og:locale\" content=\"en_GB\" \/>\n<meta property=\"og:type\" content=\"article\" \/>\n<meta property=\"og:title\" content=\"Bonobo - Huulepalsam, Piparm\u00fcndi, pehmendab &amp; hooldab \/ 5 ml (kopeeri) - RUUBY\" \/>\n<meta property=\"og:description\" content=\"Helevalget tooni ja m\u00f5nus piparm\u00fcndil\u00f5hnaline huulepalsam pehmendab ja hooldab sinu huuli. Piparm\u00fcndi v\u00e4rske l\u00f5hn m\u00f5jub ergutavalt, kuid samal ajal ka l\u00f5\u00f5gastab ja rahustab. Piparm\u00fcndil on antibakteriaalne toime ning ta kaitseb p\u00e4ikesekiirguse eest. Kakaov\u00f5is on ohtralt A-, C- ja E-vitamiini. See on suurep\u00e4rane niisutaja, kaitstes nahka kuivamise eest. Mesilasvaha toidab, pehmendab ja taaselustab nahka ning tekitab [&hellip;]\" \/>\n<meta property=\"og:url\" content=\"https:\/\/ruuby.ee\/en\/pood\/kosmeetika\/bonobo-huulepalsam-piparmundi-pehmendab-hooldab-5-ml-kopeeri\/\" \/>\n<meta property=\"og:site_name\" content=\"RUUBY\" \/>\n<meta property=\"article:publisher\" content=\"https:\/\/www.facebook.com\/ruubyconcept\" \/>\n<meta property=\"article:modified_time\" content=\"2026-04-05T22:26:28+00:00\" \/>\n<meta property=\"og:image\" content=\"https:\/\/ruuby.ee\/wp-content\/uploads\/2023\/10\/Screenshot-2023-10-25-at-15.50.24.png\" \/>\n\t<meta property=\"og:image:width\" content=\"1196\" \/>\n\t<meta property=\"og:image:height\" content=\"1198\" \/>\n\t<meta property=\"og:image:type\" content=\"image\/png\" \/>\n<meta name=\"twitter:card\" content=\"summary_large_image\" \/>\n<meta name=\"twitter:label1\" content=\"Estimated reading time\" \/>\n\t<meta name=\"twitter:data1\" content=\"1 minute\" \/>\n<script type=\"application\/ld+json\" class=\"yoast-schema-graph\">{\"@context\":\"https:\/\/schema.org\",\"@graph\":[{\"@type\":[\"WebPage\",\"ItemPage\"],\"@id\":\"https:\/\/ruuby.ee\/en\/pood\/kosmeetika\/bonobo-huulepalsam-piparmundi-pehmendab-hooldab-5-ml-kopeeri\/\",\"url\":\"https:\/\/ruuby.ee\/en\/pood\/kosmeetika\/bonobo-huulepalsam-piparmundi-pehmendab-hooldab-5-ml-kopeeri\/\",\"name\":\"Bonobo - Huulepalsam, Piparm\u00fcndi, pehmendab &amp; hooldab \/ 5 ml (kopeeri) - RUUBY\",\"isPartOf\":{\"@id\":\"http:\/\/ruuby.ee\/#website\"},\"primaryImageOfPage\":{\"@id\":\"https:\/\/ruuby.ee\/en\/pood\/kosmeetika\/bonobo-huulepalsam-piparmundi-pehmendab-hooldab-5-ml-kopeeri\/#primaryimage\"},\"image\":{\"@id\":\"https:\/\/ruuby.ee\/en\/pood\/kosmeetika\/bonobo-huulepalsam-piparmundi-pehmendab-hooldab-5-ml-kopeeri\/#primaryimage\"},\"thumbnailUrl\":\"https:\/\/ruuby.ee\/wp-content\/uploads\/2023\/10\/Screenshot-2023-10-25-at-15.50.24.png\",\"datePublished\":\"2023-10-25T12:52:11+00:00\",\"dateModified\":\"2026-04-05T22:26:28+00:00\",\"breadcrumb\":{\"@id\":\"https:\/\/ruuby.ee\/en\/pood\/kosmeetika\/bonobo-huulepalsam-piparmundi-pehmendab-hooldab-5-ml-kopeeri\/#breadcrumb\"},\"inLanguage\":\"en-GB\",\"potentialAction\":[{\"@type\":\"ReadAction\",\"target\":[\"https:\/\/ruuby.ee\/en\/pood\/kosmeetika\/bonobo-huulepalsam-piparmundi-pehmendab-hooldab-5-ml-kopeeri\/\"]}]},{\"@type\":\"ImageObject\",\"inLanguage\":\"en-GB\",\"@id\":\"https:\/\/ruuby.ee\/en\/pood\/kosmeetika\/bonobo-huulepalsam-piparmundi-pehmendab-hooldab-5-ml-kopeeri\/#primaryimage\",\"url\":\"https:\/\/ruuby.ee\/wp-content\/uploads\/2023\/10\/Screenshot-2023-10-25-at-15.50.24.png\",\"contentUrl\":\"https:\/\/ruuby.ee\/wp-content\/uploads\/2023\/10\/Screenshot-2023-10-25-at-15.50.24.png\",\"width\":1196,\"height\":1198},{\"@type\":\"BreadcrumbList\",\"@id\":\"https:\/\/ruuby.ee\/en\/pood\/kosmeetika\/bonobo-huulepalsam-piparmundi-pehmendab-hooldab-5-ml-kopeeri\/#breadcrumb\",\"itemListElement\":[{\"@type\":\"ListItem\",\"position\":1,\"name\":\"Kdu\",\"item\":\"http:\/\/ruuby.ee\/\"},{\"@type\":\"ListItem\",\"position\":2,\"name\":\"Pood\",\"item\":\"https:\/\/ruuby.ee\/en\/pood\/\"},{\"@type\":\"ListItem\",\"position\":3,\"name\":\"Bonobo &#8211; Huulepalsam, Piparm\u00fcndi, pehmendab &amp; hooldab \/ 5 ml (kopeeri)\"}]},{\"@type\":\"WebSite\",\"@id\":\"http:\/\/ruuby.ee\/#website\",\"url\":\"http:\/\/ruuby.ee\/\",\"name\":\"RUUBY\",\"description\":\"Ruubys on \u00fchendatud elustiil ja disain\",\"publisher\":{\"@id\":\"http:\/\/ruuby.ee\/#organization\"},\"alternateName\":\"Ruuby Disain\",\"potentialAction\":[{\"@type\":\"SearchAction\",\"target\":{\"@type\":\"EntryPoint\",\"urlTemplate\":\"http:\/\/ruuby.ee\/?s={search_term_string}\"},\"query-input\":{\"@type\":\"PropertyValueSpecification\",\"valueRequired\":true,\"valueName\":\"search_term_string\"}}],\"inLanguage\":\"en-GB\"},{\"@type\":\"Organization\",\"@id\":\"http:\/\/ruuby.ee\/#organization\",\"name\":\"Ruuby Disain O\u00dc\",\"alternateName\":\"Ruuby\",\"url\":\"http:\/\/ruuby.ee\/\",\"logo\":{\"@type\":\"ImageObject\",\"inLanguage\":\"en-GB\",\"@id\":\"http:\/\/ruuby.ee\/#\/schema\/logo\/image\/\",\"url\":\"https:\/\/ruuby.ee\/wp-content\/uploads\/2023\/06\/cropped-Black-White-Elegant-Circle-Signature-Fashion-Logo-12_large.png\",\"contentUrl\":\"https:\/\/ruuby.ee\/wp-content\/uploads\/2023\/06\/cropped-Black-White-Elegant-Circle-Signature-Fashion-Logo-12_large.png\",\"width\":1280,\"height\":747,\"caption\":\"Ruuby Disain O\u00dc\"},\"image\":{\"@id\":\"http:\/\/ruuby.ee\/#\/schema\/logo\/image\/\"},\"sameAs\":[\"https:\/\/www.facebook.com\/ruubyconcept\",\"https:\/\/www.instagram.com\/ruuby_concept\/\"]}]}<\/script>\n<!-- \/ Yoast SEO plugin. -->","yoast_head_json":{"title":"Bonobo - Huulepalsam, Piparm\u00fcndi, pehmendab &amp; hooldab \/ 5 ml (kopeeri) - RUUBY","robots":{"index":"index","follow":"follow","max-snippet":"max-snippet:-1","max-image-preview":"max-image-preview:large","max-video-preview":"max-video-preview:-1"},"canonical":"https:\/\/ruuby.ee\/en\/pood\/kosmeetika\/bonobo-huulepalsam-piparmundi-pehmendab-hooldab-5-ml-kopeeri\/","og_locale":"en_GB","og_type":"article","og_title":"Bonobo - Huulepalsam, Piparm\u00fcndi, pehmendab &amp; hooldab \/ 5 ml (kopeeri) - RUUBY","og_description":"Helevalget tooni ja m\u00f5nus piparm\u00fcndil\u00f5hnaline huulepalsam pehmendab ja hooldab sinu huuli. Piparm\u00fcndi v\u00e4rske l\u00f5hn m\u00f5jub ergutavalt, kuid samal ajal ka l\u00f5\u00f5gastab ja rahustab. Piparm\u00fcndil on antibakteriaalne toime ning ta kaitseb p\u00e4ikesekiirguse eest. Kakaov\u00f5is on ohtralt A-, C- ja E-vitamiini. See on suurep\u00e4rane niisutaja, kaitstes nahka kuivamise eest. Mesilasvaha toidab, pehmendab ja taaselustab nahka ning tekitab [&hellip;]","og_url":"https:\/\/ruuby.ee\/en\/pood\/kosmeetika\/bonobo-huulepalsam-piparmundi-pehmendab-hooldab-5-ml-kopeeri\/","og_site_name":"RUUBY","article_publisher":"https:\/\/www.facebook.com\/ruubyconcept","article_modified_time":"2026-04-05T22:26:28+00:00","og_image":[{"width":1196,"height":1198,"url":"https:\/\/ruuby.ee\/wp-content\/uploads\/2023\/10\/Screenshot-2023-10-25-at-15.50.24.png","type":"image\/png"}],"twitter_card":"summary_large_image","twitter_misc":{"Estimated reading time":"1 minute"},"schema":{"@context":"https:\/\/schema.org","@graph":[{"@type":["WebPage","ItemPage"],"@id":"https:\/\/ruuby.ee\/en\/pood\/kosmeetika\/bonobo-huulepalsam-piparmundi-pehmendab-hooldab-5-ml-kopeeri\/","url":"https:\/\/ruuby.ee\/en\/pood\/kosmeetika\/bonobo-huulepalsam-piparmundi-pehmendab-hooldab-5-ml-kopeeri\/","name":"Bonobo - Huulepalsam, Piparm\u00fcndi, pehmendab &amp; hooldab \/ 5 ml (kopeeri) - RUUBY","isPartOf":{"@id":"http:\/\/ruuby.ee\/#website"},"primaryImageOfPage":{"@id":"https:\/\/ruuby.ee\/en\/pood\/kosmeetika\/bonobo-huulepalsam-piparmundi-pehmendab-hooldab-5-ml-kopeeri\/#primaryimage"},"image":{"@id":"https:\/\/ruuby.ee\/en\/pood\/kosmeetika\/bonobo-huulepalsam-piparmundi-pehmendab-hooldab-5-ml-kopeeri\/#primaryimage"},"thumbnailUrl":"https:\/\/ruuby.ee\/wp-content\/uploads\/2023\/10\/Screenshot-2023-10-25-at-15.50.24.png","datePublished":"2023-10-25T12:52:11+00:00","dateModified":"2026-04-05T22:26:28+00:00","breadcrumb":{"@id":"https:\/\/ruuby.ee\/en\/pood\/kosmeetika\/bonobo-huulepalsam-piparmundi-pehmendab-hooldab-5-ml-kopeeri\/#breadcrumb"},"inLanguage":"en-GB","potentialAction":[{"@type":"ReadAction","target":["https:\/\/ruuby.ee\/en\/pood\/kosmeetika\/bonobo-huulepalsam-piparmundi-pehmendab-hooldab-5-ml-kopeeri\/"]}]},{"@type":"ImageObject","inLanguage":"en-GB","@id":"https:\/\/ruuby.ee\/en\/pood\/kosmeetika\/bonobo-huulepalsam-piparmundi-pehmendab-hooldab-5-ml-kopeeri\/#primaryimage","url":"https:\/\/ruuby.ee\/wp-content\/uploads\/2023\/10\/Screenshot-2023-10-25-at-15.50.24.png","contentUrl":"https:\/\/ruuby.ee\/wp-content\/uploads\/2023\/10\/Screenshot-2023-10-25-at-15.50.24.png","width":1196,"height":1198},{"@type":"BreadcrumbList","@id":"https:\/\/ruuby.ee\/en\/pood\/kosmeetika\/bonobo-huulepalsam-piparmundi-pehmendab-hooldab-5-ml-kopeeri\/#breadcrumb","itemListElement":[{"@type":"ListItem","position":1,"name":"Kdu","item":"http:\/\/ruuby.ee\/"},{"@type":"ListItem","position":2,"name":"Pood","item":"https:\/\/ruuby.ee\/en\/pood\/"},{"@type":"ListItem","position":3,"name":"Bonobo &#8211; Huulepalsam, Piparm\u00fcndi, pehmendab &amp; hooldab \/ 5 ml (kopeeri)"}]},{"@type":"WebSite","@id":"http:\/\/ruuby.ee\/#website","url":"http:\/\/ruuby.ee\/","name":"RUUBY","description":"Ruubys on \u00fchendatud elustiil ja disain","publisher":{"@id":"http:\/\/ruuby.ee\/#organization"},"alternateName":"Ruuby Disain","potentialAction":[{"@type":"SearchAction","target":{"@type":"EntryPoint","urlTemplate":"http:\/\/ruuby.ee\/?s={search_term_string}"},"query-input":{"@type":"PropertyValueSpecification","valueRequired":true,"valueName":"search_term_string"}}],"inLanguage":"en-GB"},{"@type":"Organization","@id":"http:\/\/ruuby.ee\/#organization","name":"Ruuby Disain O\u00dc","alternateName":"Ruuby","url":"http:\/\/ruuby.ee\/","logo":{"@type":"ImageObject","inLanguage":"en-GB","@id":"http:\/\/ruuby.ee\/#\/schema\/logo\/image\/","url":"https:\/\/ruuby.ee\/wp-content\/uploads\/2023\/06\/cropped-Black-White-Elegant-Circle-Signature-Fashion-Logo-12_large.png","contentUrl":"https:\/\/ruuby.ee\/wp-content\/uploads\/2023\/06\/cropped-Black-White-Elegant-Circle-Signature-Fashion-Logo-12_large.png","width":1280,"height":747,"caption":"Ruuby Disain O\u00dc"},"image":{"@id":"http:\/\/ruuby.ee\/#\/schema\/logo\/image\/"},"sameAs":["https:\/\/www.facebook.com\/ruubyconcept","https:\/\/www.instagram.com\/ruuby_concept\/"]}]}},"jetpack_sharing_enabled":true,"_links":{"self":[{"href":"https:\/\/ruuby.ee\/en\/wp-json\/wp\/v2\/product\/1840490","targetHints":{"allow":["GET"]}}],"collection":[{"href":"https:\/\/ruuby.ee\/en\/wp-json\/wp\/v2\/product"}],"about":[{"href":"https:\/\/ruuby.ee\/en\/wp-json\/wp\/v2\/types\/product"}],"replies":[{"embeddable":true,"href":"https:\/\/ruuby.ee\/en\/wp-json\/wp\/v2\/comments?post=1840490"}],"wp:featuredmedia":[{"embeddable":true,"href":"https:\/\/ruuby.ee\/en\/wp-json\/wp\/v2\/media\/1840489"}],"wp:attachment":[{"href":"https:\/\/ruuby.ee\/en\/wp-json\/wp\/v2\/media?parent=1840490"}],"wp:term":[{"taxonomy":"product_brand","embeddable":true,"href":"https:\/\/ruuby.ee\/en\/wp-json\/wp\/v2\/product_brand?post=1840490"},{"taxonomy":"product_cat","embeddable":true,"href":"https:\/\/ruuby.ee\/en\/wp-json\/wp\/v2\/product_cat?post=1840490"},{"taxonomy":"product_tag","embeddable":true,"href":"https:\/\/ruuby.ee\/en\/wp-json\/wp\/v2\/product_tag?post=1840490"}],"curies":[{"name":"wp","href":"https:\/\/api.w.org\/{rel}","templated":true}]}}