{"id":1840484,"date":"2023-10-25T15:48:17","date_gmt":"2023-10-25T12:48:17","guid":{"rendered":"http:\/\/ruuby.ee\/?post_type=product&#038;p=1840484"},"modified":"2026-04-05T01:25:31","modified_gmt":"2026-04-04T22:25:31","slug":"bonobo-huulepalsam-avokaado-sidruni-rahustab-niisutab-5-ml","status":"publish","type":"product","link":"https:\/\/ruuby.ee\/en\/pood\/kosmeetika\/huuled\/bonobo-huulepalsam-avokaado-sidruni-rahustab-niisutab-5-ml\/","title":{"rendered":"Bonobo &#8211; Huulepalsam, Avokaado &amp; sidruni, rahustab &amp; niisutab \/ 5 ml"},"content":{"rendered":"<p>Helerohelist tooni ja kergelt tsitruselise l\u00f5hnaga avokaado ja sidruni huulepalsam rahustab ning niisutab. Eriti sobilik variant tundlikule nahale.<\/p>\n<p><strong>Avokaado\u00f5li <\/strong>on rikkalikult niisutav, sisaldab palju B-vitamiini ja antioks\u00fcdante (C- ja A-vitamiini).<\/p>\n<p><strong>Sidrun<\/strong> sisaldab k\u00fclluslikult C-vitamiini, mis on oluline naha pringina hoidva kollageeni s\u00fcnteesiks.<\/p>\n<p><strong>Kakaov\u00f5is<\/strong> on ohtralt A-, C- ja E-vitamiini. See on suurep\u00e4rane niisutaja, kaitstes nahka kuivamise eest.<\/p>\n<p><strong>Mesilasvaha<\/strong> toidab, pehmendab ja taaselustab nahka ning tekitab sellele kaitsva kihi. Mesilasvahal on ka p\u00f5letikuvastane toime.<\/p>\n<p><strong>Kanepiseemne\u00f5lis<\/strong> on ohtralt E- ja A-vitamiini ning antioks\u00fcdante, pidurdades seel\u00e4bi naha vananemisprotsesse.<\/p>\n<p>Koostis: Kakaov\u00f5i, mesilasvaha, avokaado\u00f5li, orgaaniline kanepiseemne\u00f5li, kookos\u00f5li, sidruni ja greibi eeterlik \u00f5li.<\/p>\n<p>S\u00e4ilib 6 kuud peale avamist.<\/p>\n<p>Hoia otsese p\u00e4ikesevalguse eest kaitstult.<\/p>\n<p>Koostisosad:Theobroma Cacao (Cocoa) Seed Butter, Cera Alba, Persea Gratissima (Avocado) Oil, Cocos Nucifera (Coconut) Oil, Cannabis Sativa (Hemp) Seed Oil, Citrus Medica Limonum (Lemon) Peel Oil, Citrus Grandis (Grapefruit) Peel Oil.<\/p>","protected":false},"excerpt":{"rendered":"<p>Helerohelist tooni ja kergelt tsitruselise l\u00f5hnaga avokaado ja sidruni huulepalsam rahustab ning niisutab. Eriti sobilik variant tundlikule nahale. Avokaado\u00f5li on rikkalikult niisutav, sisaldab palju B-vitamiini ja antioks\u00fcdante (C- ja A-vitamiini). Sidrun sisaldab k\u00fclluslikult C-vitamiini, mis on oluline naha pringina hoidva kollageeni s\u00fcnteesiks. Kakaov\u00f5is on ohtralt A-, C- ja E-vitamiini. See on suurep\u00e4rane niisutaja, kaitstes nahka [&hellip;]<\/p>\n","protected":false},"featured_media":1840486,"comment_status":"open","ping_status":"closed","template":"","meta":[],"product_brand":[],"product_cat":[687,25],"product_tag":[],"class_list":{"0":"post-1840484","1":"product","2":"type-product","3":"status-publish","4":"has-post-thumbnail","6":"product_cat-huuled","7":"product_cat-kosmeetika","9":"first","10":"instock","11":"taxable","12":"shipping-taxable","13":"purchasable","14":"product-type-simple"},"yoast_head":"<!-- This site is optimized with the Yoast SEO plugin v27.2 - https:\/\/yoast.com\/product\/yoast-seo-wordpress\/ -->\n<title>Bonobo - Huulepalsam, Avokaado &amp; sidruni, rahustab &amp; niisutab \/ 5 ml - RUUBY<\/title>\n<meta name=\"robots\" content=\"index, follow, max-snippet:-1, max-image-preview:large, max-video-preview:-1\" \/>\n<link rel=\"canonical\" href=\"https:\/\/ruuby.ee\/en\/pood\/kosmeetika\/huuled\/bonobo-huulepalsam-avokaado-sidruni-rahustab-niisutab-5-ml\/\" \/>\n<meta property=\"og:locale\" content=\"en_GB\" \/>\n<meta property=\"og:type\" content=\"article\" \/>\n<meta property=\"og:title\" content=\"Bonobo - Huulepalsam, Avokaado &amp; sidruni, rahustab &amp; niisutab \/ 5 ml - RUUBY\" \/>\n<meta property=\"og:description\" content=\"Helerohelist tooni ja kergelt tsitruselise l\u00f5hnaga avokaado ja sidruni huulepalsam rahustab ning niisutab. Eriti sobilik variant tundlikule nahale. Avokaado\u00f5li on rikkalikult niisutav, sisaldab palju B-vitamiini ja antioks\u00fcdante (C- ja A-vitamiini). Sidrun sisaldab k\u00fclluslikult C-vitamiini, mis on oluline naha pringina hoidva kollageeni s\u00fcnteesiks. Kakaov\u00f5is on ohtralt A-, C- ja E-vitamiini. See on suurep\u00e4rane niisutaja, kaitstes nahka [&hellip;]\" \/>\n<meta property=\"og:url\" content=\"https:\/\/ruuby.ee\/en\/pood\/kosmeetika\/huuled\/bonobo-huulepalsam-avokaado-sidruni-rahustab-niisutab-5-ml\/\" \/>\n<meta property=\"og:site_name\" content=\"RUUBY\" \/>\n<meta property=\"article:publisher\" content=\"https:\/\/www.facebook.com\/ruubyconcept\" \/>\n<meta property=\"article:modified_time\" content=\"2026-04-04T22:25:31+00:00\" \/>\n<meta property=\"og:image\" content=\"https:\/\/ruuby.ee\/wp-content\/uploads\/2023\/10\/Screenshot-2023-10-25-at-15.48.01.png\" \/>\n\t<meta property=\"og:image:width\" content=\"1198\" \/>\n\t<meta property=\"og:image:height\" content=\"1200\" \/>\n\t<meta property=\"og:image:type\" content=\"image\/png\" \/>\n<meta name=\"twitter:card\" content=\"summary_large_image\" \/>\n<meta name=\"twitter:label1\" content=\"Estimated reading time\" \/>\n\t<meta name=\"twitter:data1\" content=\"1 minute\" \/>\n<script type=\"application\/ld+json\" class=\"yoast-schema-graph\">{\"@context\":\"https:\/\/schema.org\",\"@graph\":[{\"@type\":[\"WebPage\",\"ItemPage\"],\"@id\":\"https:\/\/ruuby.ee\/en\/pood\/kosmeetika\/huuled\/bonobo-huulepalsam-avokaado-sidruni-rahustab-niisutab-5-ml\/\",\"url\":\"https:\/\/ruuby.ee\/en\/pood\/kosmeetika\/huuled\/bonobo-huulepalsam-avokaado-sidruni-rahustab-niisutab-5-ml\/\",\"name\":\"Bonobo - Huulepalsam, Avokaado &amp; sidruni, rahustab &amp; niisutab \/ 5 ml - RUUBY\",\"isPartOf\":{\"@id\":\"http:\/\/ruuby.ee\/#website\"},\"primaryImageOfPage\":{\"@id\":\"https:\/\/ruuby.ee\/en\/pood\/kosmeetika\/huuled\/bonobo-huulepalsam-avokaado-sidruni-rahustab-niisutab-5-ml\/#primaryimage\"},\"image\":{\"@id\":\"https:\/\/ruuby.ee\/en\/pood\/kosmeetika\/huuled\/bonobo-huulepalsam-avokaado-sidruni-rahustab-niisutab-5-ml\/#primaryimage\"},\"thumbnailUrl\":\"https:\/\/ruuby.ee\/wp-content\/uploads\/2023\/10\/Screenshot-2023-10-25-at-15.48.01.png\",\"datePublished\":\"2023-10-25T12:48:17+00:00\",\"dateModified\":\"2026-04-04T22:25:31+00:00\",\"breadcrumb\":{\"@id\":\"https:\/\/ruuby.ee\/en\/pood\/kosmeetika\/huuled\/bonobo-huulepalsam-avokaado-sidruni-rahustab-niisutab-5-ml\/#breadcrumb\"},\"inLanguage\":\"en-GB\",\"potentialAction\":[{\"@type\":\"ReadAction\",\"target\":[\"https:\/\/ruuby.ee\/en\/pood\/kosmeetika\/huuled\/bonobo-huulepalsam-avokaado-sidruni-rahustab-niisutab-5-ml\/\"]}]},{\"@type\":\"ImageObject\",\"inLanguage\":\"en-GB\",\"@id\":\"https:\/\/ruuby.ee\/en\/pood\/kosmeetika\/huuled\/bonobo-huulepalsam-avokaado-sidruni-rahustab-niisutab-5-ml\/#primaryimage\",\"url\":\"https:\/\/ruuby.ee\/wp-content\/uploads\/2023\/10\/Screenshot-2023-10-25-at-15.48.01.png\",\"contentUrl\":\"https:\/\/ruuby.ee\/wp-content\/uploads\/2023\/10\/Screenshot-2023-10-25-at-15.48.01.png\",\"width\":1198,\"height\":1200},{\"@type\":\"BreadcrumbList\",\"@id\":\"https:\/\/ruuby.ee\/en\/pood\/kosmeetika\/huuled\/bonobo-huulepalsam-avokaado-sidruni-rahustab-niisutab-5-ml\/#breadcrumb\",\"itemListElement\":[{\"@type\":\"ListItem\",\"position\":1,\"name\":\"Kdu\",\"item\":\"http:\/\/ruuby.ee\/\"},{\"@type\":\"ListItem\",\"position\":2,\"name\":\"Pood\",\"item\":\"https:\/\/ruuby.ee\/en\/pood\/\"},{\"@type\":\"ListItem\",\"position\":3,\"name\":\"Bonobo &#8211; Huulepalsam, Avokaado &amp; sidruni, rahustab &amp; niisutab \/ 5 ml\"}]},{\"@type\":\"WebSite\",\"@id\":\"http:\/\/ruuby.ee\/#website\",\"url\":\"http:\/\/ruuby.ee\/\",\"name\":\"RUUBY\",\"description\":\"Ruubys on \u00fchendatud elustiil ja disain\",\"publisher\":{\"@id\":\"http:\/\/ruuby.ee\/#organization\"},\"alternateName\":\"Ruuby Disain\",\"potentialAction\":[{\"@type\":\"SearchAction\",\"target\":{\"@type\":\"EntryPoint\",\"urlTemplate\":\"http:\/\/ruuby.ee\/?s={search_term_string}\"},\"query-input\":{\"@type\":\"PropertyValueSpecification\",\"valueRequired\":true,\"valueName\":\"search_term_string\"}}],\"inLanguage\":\"en-GB\"},{\"@type\":\"Organization\",\"@id\":\"http:\/\/ruuby.ee\/#organization\",\"name\":\"Ruuby Disain O\u00dc\",\"alternateName\":\"Ruuby\",\"url\":\"http:\/\/ruuby.ee\/\",\"logo\":{\"@type\":\"ImageObject\",\"inLanguage\":\"en-GB\",\"@id\":\"http:\/\/ruuby.ee\/#\/schema\/logo\/image\/\",\"url\":\"https:\/\/ruuby.ee\/wp-content\/uploads\/2023\/06\/cropped-Black-White-Elegant-Circle-Signature-Fashion-Logo-12_large.png\",\"contentUrl\":\"https:\/\/ruuby.ee\/wp-content\/uploads\/2023\/06\/cropped-Black-White-Elegant-Circle-Signature-Fashion-Logo-12_large.png\",\"width\":1280,\"height\":747,\"caption\":\"Ruuby Disain O\u00dc\"},\"image\":{\"@id\":\"http:\/\/ruuby.ee\/#\/schema\/logo\/image\/\"},\"sameAs\":[\"https:\/\/www.facebook.com\/ruubyconcept\",\"https:\/\/www.instagram.com\/ruuby_concept\/\"]}]}<\/script>\n<!-- \/ Yoast SEO plugin. -->","yoast_head_json":{"title":"Bonobo - Huulepalsam, Avokaado &amp; sidruni, rahustab &amp; niisutab \/ 5 ml - RUUBY","robots":{"index":"index","follow":"follow","max-snippet":"max-snippet:-1","max-image-preview":"max-image-preview:large","max-video-preview":"max-video-preview:-1"},"canonical":"https:\/\/ruuby.ee\/en\/pood\/kosmeetika\/huuled\/bonobo-huulepalsam-avokaado-sidruni-rahustab-niisutab-5-ml\/","og_locale":"en_GB","og_type":"article","og_title":"Bonobo - Huulepalsam, Avokaado &amp; sidruni, rahustab &amp; niisutab \/ 5 ml - RUUBY","og_description":"Helerohelist tooni ja kergelt tsitruselise l\u00f5hnaga avokaado ja sidruni huulepalsam rahustab ning niisutab. Eriti sobilik variant tundlikule nahale. Avokaado\u00f5li on rikkalikult niisutav, sisaldab palju B-vitamiini ja antioks\u00fcdante (C- ja A-vitamiini). Sidrun sisaldab k\u00fclluslikult C-vitamiini, mis on oluline naha pringina hoidva kollageeni s\u00fcnteesiks. Kakaov\u00f5is on ohtralt A-, C- ja E-vitamiini. See on suurep\u00e4rane niisutaja, kaitstes nahka [&hellip;]","og_url":"https:\/\/ruuby.ee\/en\/pood\/kosmeetika\/huuled\/bonobo-huulepalsam-avokaado-sidruni-rahustab-niisutab-5-ml\/","og_site_name":"RUUBY","article_publisher":"https:\/\/www.facebook.com\/ruubyconcept","article_modified_time":"2026-04-04T22:25:31+00:00","og_image":[{"width":1198,"height":1200,"url":"https:\/\/ruuby.ee\/wp-content\/uploads\/2023\/10\/Screenshot-2023-10-25-at-15.48.01.png","type":"image\/png"}],"twitter_card":"summary_large_image","twitter_misc":{"Estimated reading time":"1 minute"},"schema":{"@context":"https:\/\/schema.org","@graph":[{"@type":["WebPage","ItemPage"],"@id":"https:\/\/ruuby.ee\/en\/pood\/kosmeetika\/huuled\/bonobo-huulepalsam-avokaado-sidruni-rahustab-niisutab-5-ml\/","url":"https:\/\/ruuby.ee\/en\/pood\/kosmeetika\/huuled\/bonobo-huulepalsam-avokaado-sidruni-rahustab-niisutab-5-ml\/","name":"Bonobo - Huulepalsam, Avokaado &amp; sidruni, rahustab &amp; niisutab \/ 5 ml - RUUBY","isPartOf":{"@id":"http:\/\/ruuby.ee\/#website"},"primaryImageOfPage":{"@id":"https:\/\/ruuby.ee\/en\/pood\/kosmeetika\/huuled\/bonobo-huulepalsam-avokaado-sidruni-rahustab-niisutab-5-ml\/#primaryimage"},"image":{"@id":"https:\/\/ruuby.ee\/en\/pood\/kosmeetika\/huuled\/bonobo-huulepalsam-avokaado-sidruni-rahustab-niisutab-5-ml\/#primaryimage"},"thumbnailUrl":"https:\/\/ruuby.ee\/wp-content\/uploads\/2023\/10\/Screenshot-2023-10-25-at-15.48.01.png","datePublished":"2023-10-25T12:48:17+00:00","dateModified":"2026-04-04T22:25:31+00:00","breadcrumb":{"@id":"https:\/\/ruuby.ee\/en\/pood\/kosmeetika\/huuled\/bonobo-huulepalsam-avokaado-sidruni-rahustab-niisutab-5-ml\/#breadcrumb"},"inLanguage":"en-GB","potentialAction":[{"@type":"ReadAction","target":["https:\/\/ruuby.ee\/en\/pood\/kosmeetika\/huuled\/bonobo-huulepalsam-avokaado-sidruni-rahustab-niisutab-5-ml\/"]}]},{"@type":"ImageObject","inLanguage":"en-GB","@id":"https:\/\/ruuby.ee\/en\/pood\/kosmeetika\/huuled\/bonobo-huulepalsam-avokaado-sidruni-rahustab-niisutab-5-ml\/#primaryimage","url":"https:\/\/ruuby.ee\/wp-content\/uploads\/2023\/10\/Screenshot-2023-10-25-at-15.48.01.png","contentUrl":"https:\/\/ruuby.ee\/wp-content\/uploads\/2023\/10\/Screenshot-2023-10-25-at-15.48.01.png","width":1198,"height":1200},{"@type":"BreadcrumbList","@id":"https:\/\/ruuby.ee\/en\/pood\/kosmeetika\/huuled\/bonobo-huulepalsam-avokaado-sidruni-rahustab-niisutab-5-ml\/#breadcrumb","itemListElement":[{"@type":"ListItem","position":1,"name":"Kdu","item":"http:\/\/ruuby.ee\/"},{"@type":"ListItem","position":2,"name":"Pood","item":"https:\/\/ruuby.ee\/en\/pood\/"},{"@type":"ListItem","position":3,"name":"Bonobo &#8211; Huulepalsam, Avokaado &amp; sidruni, rahustab &amp; niisutab \/ 5 ml"}]},{"@type":"WebSite","@id":"http:\/\/ruuby.ee\/#website","url":"http:\/\/ruuby.ee\/","name":"RUUBY","description":"Ruubys on \u00fchendatud elustiil ja disain","publisher":{"@id":"http:\/\/ruuby.ee\/#organization"},"alternateName":"Ruuby Disain","potentialAction":[{"@type":"SearchAction","target":{"@type":"EntryPoint","urlTemplate":"http:\/\/ruuby.ee\/?s={search_term_string}"},"query-input":{"@type":"PropertyValueSpecification","valueRequired":true,"valueName":"search_term_string"}}],"inLanguage":"en-GB"},{"@type":"Organization","@id":"http:\/\/ruuby.ee\/#organization","name":"Ruuby Disain O\u00dc","alternateName":"Ruuby","url":"http:\/\/ruuby.ee\/","logo":{"@type":"ImageObject","inLanguage":"en-GB","@id":"http:\/\/ruuby.ee\/#\/schema\/logo\/image\/","url":"https:\/\/ruuby.ee\/wp-content\/uploads\/2023\/06\/cropped-Black-White-Elegant-Circle-Signature-Fashion-Logo-12_large.png","contentUrl":"https:\/\/ruuby.ee\/wp-content\/uploads\/2023\/06\/cropped-Black-White-Elegant-Circle-Signature-Fashion-Logo-12_large.png","width":1280,"height":747,"caption":"Ruuby Disain O\u00dc"},"image":{"@id":"http:\/\/ruuby.ee\/#\/schema\/logo\/image\/"},"sameAs":["https:\/\/www.facebook.com\/ruubyconcept","https:\/\/www.instagram.com\/ruuby_concept\/"]}]}},"jetpack_sharing_enabled":true,"_links":{"self":[{"href":"https:\/\/ruuby.ee\/en\/wp-json\/wp\/v2\/product\/1840484","targetHints":{"allow":["GET"]}}],"collection":[{"href":"https:\/\/ruuby.ee\/en\/wp-json\/wp\/v2\/product"}],"about":[{"href":"https:\/\/ruuby.ee\/en\/wp-json\/wp\/v2\/types\/product"}],"replies":[{"embeddable":true,"href":"https:\/\/ruuby.ee\/en\/wp-json\/wp\/v2\/comments?post=1840484"}],"wp:featuredmedia":[{"embeddable":true,"href":"https:\/\/ruuby.ee\/en\/wp-json\/wp\/v2\/media\/1840486"}],"wp:attachment":[{"href":"https:\/\/ruuby.ee\/en\/wp-json\/wp\/v2\/media?parent=1840484"}],"wp:term":[{"taxonomy":"product_brand","embeddable":true,"href":"https:\/\/ruuby.ee\/en\/wp-json\/wp\/v2\/product_brand?post=1840484"},{"taxonomy":"product_cat","embeddable":true,"href":"https:\/\/ruuby.ee\/en\/wp-json\/wp\/v2\/product_cat?post=1840484"},{"taxonomy":"product_tag","embeddable":true,"href":"https:\/\/ruuby.ee\/en\/wp-json\/wp\/v2\/product_tag?post=1840484"}],"curies":[{"name":"wp","href":"https:\/\/api.w.org\/{rel}","templated":true}]}}