{"id":1840478,"date":"2023-10-25T15:45:14","date_gmt":"2023-10-25T12:45:14","guid":{"rendered":"http:\/\/ruuby.ee\/?post_type=product&#038;p=1840478"},"modified":"2026-04-08T01:28:38","modified_gmt":"2026-04-07T22:28:38","slug":"bonobo-huulepalsam-apelsini-porgandi-niisutab-annab-oranzika-tooni-5-ml","status":"publish","type":"product","link":"https:\/\/ruuby.ee\/en\/pood\/kosmeetika\/huuled\/bonobo-huulepalsam-apelsini-porgandi-niisutab-annab-oranzika-tooni-5-ml\/","title":{"rendered":"Bonobo &#8211; Huulepalsam, Apelsini &amp; porgandi, niisutab &amp; annab oran\u017eika tooni \/ 5 ml"},"content":{"rendered":"<p>Apelsini ja porgandi huulepalsam pehmendab, noorendab ja kaitseb huuli.<\/p>\n<p><strong>Apelsin<\/strong> on t\u00f5eline C-vitamiini allikas, mis t\u00f5stab keha vastupanuv\u00f5imet. Lisaks sellele leidub apelsinis ohtralt antioks\u00fcdante, mis aitavad nahal s\u00e4ilitada selle nooruslikkust ja s\u00e4ra. Apelsin annab huulepalsamile selle kergelt tsitruselise l\u00f5hna.<\/p>\n<p><strong>Porgandi\u00f5lil<\/strong> on aga pehmendav, noorendav ja kaitsev m\u00f5ju. T\u00e4nu beetakaroteenile ning rohke A-, B-, C-, D-, E- ja F-vitamiinide sisaldusele on porgandi\u00f5li suurep\u00e4rane nahatoonik, mis soodustab naha paranemist, leevendab s\u00fcgelevat nahka ning kaitseb seda p\u00e4ikesekiirguse eest. Porgandi\u00f5li annab huultele kergelt oran\u017eika tooni.<\/p>\n<p><strong>Kakaov\u00f5is<\/strong> on ohtralt A-, C- ja E-vitamiini. See on suurep\u00e4rane niisutaja, kaitstes nahka kuivamise eest.<\/p>\n<p><strong>Mesilasvaha<\/strong> toidab, pehmendab ja taaselustab nahka ning tekitab sellele kaitsva kihi. Mesilasvahal on ka p\u00f5letikuvastane toime.<\/p>\n<p><strong>Nisuidu\u00f5li<\/strong> sisaldab rohkelt E-vitamiini, mis soodustab uute naharakkude teket, h\u00f5lbustab naharakkude varustamist hapnikuga ning parandab naha verevarustust.<\/p>\n<p>Koostis: Kakaov\u00f5i, mesilasvaha, nisuidu\u00f5li, porgandi\u00f5li, kookos\u00f5li ja metsiku apelsini eeterlik \u00f5li.<\/p>\n<p>S\u00e4ilib 6 kuud peale avamist.<\/p>\n<p>Hoia otsese p\u00e4ikesevalguse eest kaitstult.<\/p>\n<p>Koostisosad: Theobroma Cacao (Cocoa) Seed Butter, Cera Alba, Triticum Vulgare (Wheat) Germ Oil, Cocos Nucifera (Coconut) Oil, Helianthus Annuus (Carrot) Seed Oil, Citrus Aurantium Dulcis (Orange) Peel Oil.<\/p>","protected":false},"excerpt":{"rendered":"<p>Apelsini ja porgandi huulepalsam pehmendab, noorendab ja kaitseb huuli. Apelsin on t\u00f5eline C-vitamiini allikas, mis t\u00f5stab keha vastupanuv\u00f5imet. Lisaks sellele leidub apelsinis ohtralt antioks\u00fcdante, mis aitavad nahal s\u00e4ilitada selle nooruslikkust ja s\u00e4ra. Apelsin annab huulepalsamile selle kergelt tsitruselise l\u00f5hna. Porgandi\u00f5lil on aga pehmendav, noorendav ja kaitsev m\u00f5ju. T\u00e4nu beetakaroteenile ning rohke A-, B-, C-, D-, [&hellip;]<\/p>\n","protected":false},"featured_media":1840481,"comment_status":"open","ping_status":"closed","template":"","meta":[],"product_brand":[],"product_cat":[687,25],"product_tag":[],"class_list":{"0":"post-1840478","1":"product","2":"type-product","3":"status-publish","4":"has-post-thumbnail","6":"product_cat-huuled","7":"product_cat-kosmeetika","9":"first","10":"instock","11":"taxable","12":"shipping-taxable","13":"purchasable","14":"product-type-simple"},"yoast_head":"<!-- This site is optimized with the Yoast SEO plugin v27.3 - https:\/\/yoast.com\/product\/yoast-seo-wordpress\/ -->\n<title>Bonobo - Huulepalsam, Apelsini &amp; porgandi, niisutab &amp; annab oran\u017eika tooni \/ 5 ml - RUUBY<\/title>\n<meta name=\"robots\" content=\"index, follow, max-snippet:-1, max-image-preview:large, max-video-preview:-1\" \/>\n<link rel=\"canonical\" href=\"http:\/\/ruuby.ee\/en\/pood\/kosmeetika\/huuled\/bonobo-huulepalsam-apelsini-porgandi-niisutab-annab-oranzika-tooni-5-ml\/\" \/>\n<meta property=\"og:locale\" content=\"en_GB\" \/>\n<meta property=\"og:type\" content=\"article\" \/>\n<meta property=\"og:title\" content=\"Bonobo - Huulepalsam, Apelsini &amp; porgandi, niisutab &amp; annab oran\u017eika tooni \/ 5 ml - RUUBY\" \/>\n<meta property=\"og:description\" content=\"Apelsini ja porgandi huulepalsam pehmendab, noorendab ja kaitseb huuli. Apelsin on t\u00f5eline C-vitamiini allikas, mis t\u00f5stab keha vastupanuv\u00f5imet. Lisaks sellele leidub apelsinis ohtralt antioks\u00fcdante, mis aitavad nahal s\u00e4ilitada selle nooruslikkust ja s\u00e4ra. Apelsin annab huulepalsamile selle kergelt tsitruselise l\u00f5hna. Porgandi\u00f5lil on aga pehmendav, noorendav ja kaitsev m\u00f5ju. T\u00e4nu beetakaroteenile ning rohke A-, B-, C-, D-, [&hellip;]\" \/>\n<meta property=\"og:url\" content=\"http:\/\/ruuby.ee\/en\/pood\/kosmeetika\/huuled\/bonobo-huulepalsam-apelsini-porgandi-niisutab-annab-oranzika-tooni-5-ml\/\" \/>\n<meta property=\"og:site_name\" content=\"RUUBY\" \/>\n<meta property=\"article:publisher\" content=\"https:\/\/www.facebook.com\/ruubyconcept\" \/>\n<meta property=\"article:modified_time\" content=\"2026-04-07T22:28:38+00:00\" \/>\n<meta property=\"og:image\" content=\"http:\/\/ruuby.ee\/wp-content\/uploads\/2023\/10\/Screenshot-2023-10-25-at-15.43.44.png\" \/>\n\t<meta property=\"og:image:width\" content=\"1204\" \/>\n\t<meta property=\"og:image:height\" content=\"1202\" \/>\n\t<meta property=\"og:image:type\" content=\"image\/png\" \/>\n<meta name=\"twitter:card\" content=\"summary_large_image\" \/>\n<meta name=\"twitter:label1\" content=\"Estimated reading time\" \/>\n\t<meta name=\"twitter:data1\" content=\"2 minutes\" \/>\n<script type=\"application\/ld+json\" class=\"yoast-schema-graph\">{\"@context\":\"https:\\\/\\\/schema.org\",\"@graph\":[{\"@type\":[\"WebPage\",\"ItemPage\"],\"@id\":\"http:\\\/\\\/ruuby.ee\\\/pood\\\/kosmeetika\\\/huuled\\\/bonobo-huulepalsam-apelsini-porgandi-niisutab-annab-oranzika-tooni-5-ml\\\/\",\"url\":\"http:\\\/\\\/ruuby.ee\\\/pood\\\/kosmeetika\\\/huuled\\\/bonobo-huulepalsam-apelsini-porgandi-niisutab-annab-oranzika-tooni-5-ml\\\/\",\"name\":\"Bonobo - Huulepalsam, Apelsini &amp; porgandi, niisutab &amp; annab oran\u017eika tooni \\\/ 5 ml - RUUBY\",\"isPartOf\":{\"@id\":\"http:\\\/\\\/ruuby.ee\\\/en\\\/#website\"},\"primaryImageOfPage\":{\"@id\":\"http:\\\/\\\/ruuby.ee\\\/pood\\\/kosmeetika\\\/huuled\\\/bonobo-huulepalsam-apelsini-porgandi-niisutab-annab-oranzika-tooni-5-ml\\\/#primaryimage\"},\"image\":{\"@id\":\"http:\\\/\\\/ruuby.ee\\\/pood\\\/kosmeetika\\\/huuled\\\/bonobo-huulepalsam-apelsini-porgandi-niisutab-annab-oranzika-tooni-5-ml\\\/#primaryimage\"},\"thumbnailUrl\":\"https:\\\/\\\/ruuby.ee\\\/wp-content\\\/uploads\\\/2023\\\/10\\\/Screenshot-2023-10-25-at-15.43.44.png\",\"datePublished\":\"2023-10-25T12:45:14+00:00\",\"dateModified\":\"2026-04-07T22:28:38+00:00\",\"breadcrumb\":{\"@id\":\"http:\\\/\\\/ruuby.ee\\\/pood\\\/kosmeetika\\\/huuled\\\/bonobo-huulepalsam-apelsini-porgandi-niisutab-annab-oranzika-tooni-5-ml\\\/#breadcrumb\"},\"inLanguage\":\"en-GB\",\"potentialAction\":[{\"@type\":\"ReadAction\",\"target\":[\"http:\\\/\\\/ruuby.ee\\\/pood\\\/kosmeetika\\\/huuled\\\/bonobo-huulepalsam-apelsini-porgandi-niisutab-annab-oranzika-tooni-5-ml\\\/\"]}]},{\"@type\":\"ImageObject\",\"inLanguage\":\"en-GB\",\"@id\":\"http:\\\/\\\/ruuby.ee\\\/pood\\\/kosmeetika\\\/huuled\\\/bonobo-huulepalsam-apelsini-porgandi-niisutab-annab-oranzika-tooni-5-ml\\\/#primaryimage\",\"url\":\"https:\\\/\\\/ruuby.ee\\\/wp-content\\\/uploads\\\/2023\\\/10\\\/Screenshot-2023-10-25-at-15.43.44.png\",\"contentUrl\":\"https:\\\/\\\/ruuby.ee\\\/wp-content\\\/uploads\\\/2023\\\/10\\\/Screenshot-2023-10-25-at-15.43.44.png\",\"width\":1204,\"height\":1202},{\"@type\":\"BreadcrumbList\",\"@id\":\"http:\\\/\\\/ruuby.ee\\\/pood\\\/kosmeetika\\\/huuled\\\/bonobo-huulepalsam-apelsini-porgandi-niisutab-annab-oranzika-tooni-5-ml\\\/#breadcrumb\",\"itemListElement\":[{\"@type\":\"ListItem\",\"position\":1,\"name\":\"Kdu\",\"item\":\"http:\\\/\\\/ruuby.ee\\\/en\\\/\"},{\"@type\":\"ListItem\",\"position\":2,\"name\":\"Pood\",\"item\":\"http:\\\/\\\/ruuby.ee\\\/en\\\/pood\\\/\"},{\"@type\":\"ListItem\",\"position\":3,\"name\":\"Bonobo &#8211; Huulepalsam, Apelsini &amp; porgandi, niisutab &amp; annab oran\u017eika tooni \\\/ 5 ml\"}]},{\"@type\":\"WebSite\",\"@id\":\"http:\\\/\\\/ruuby.ee\\\/en\\\/#website\",\"url\":\"http:\\\/\\\/ruuby.ee\\\/en\\\/\",\"name\":\"RUUBY\",\"description\":\"Ruubys on \u00fchendatud elustiil ja disain\",\"publisher\":{\"@id\":\"http:\\\/\\\/ruuby.ee\\\/en\\\/#organization\"},\"alternateName\":\"Ruuby Disain\",\"potentialAction\":[{\"@type\":\"SearchAction\",\"target\":{\"@type\":\"EntryPoint\",\"urlTemplate\":\"http:\\\/\\\/ruuby.ee\\\/en\\\/?s={search_term_string}\"},\"query-input\":{\"@type\":\"PropertyValueSpecification\",\"valueRequired\":true,\"valueName\":\"search_term_string\"}}],\"inLanguage\":\"en-GB\"},{\"@type\":\"Organization\",\"@id\":\"http:\\\/\\\/ruuby.ee\\\/en\\\/#organization\",\"name\":\"Ruuby Disain O\u00dc\",\"alternateName\":\"Ruuby\",\"url\":\"http:\\\/\\\/ruuby.ee\\\/en\\\/\",\"logo\":{\"@type\":\"ImageObject\",\"inLanguage\":\"en-GB\",\"@id\":\"http:\\\/\\\/ruuby.ee\\\/en\\\/#\\\/schema\\\/logo\\\/image\\\/\",\"url\":\"https:\\\/\\\/ruuby.ee\\\/wp-content\\\/uploads\\\/2023\\\/06\\\/cropped-Black-White-Elegant-Circle-Signature-Fashion-Logo-12_large.png\",\"contentUrl\":\"https:\\\/\\\/ruuby.ee\\\/wp-content\\\/uploads\\\/2023\\\/06\\\/cropped-Black-White-Elegant-Circle-Signature-Fashion-Logo-12_large.png\",\"width\":1280,\"height\":747,\"caption\":\"Ruuby Disain O\u00dc\"},\"image\":{\"@id\":\"http:\\\/\\\/ruuby.ee\\\/en\\\/#\\\/schema\\\/logo\\\/image\\\/\"},\"sameAs\":[\"https:\\\/\\\/www.facebook.com\\\/ruubyconcept\",\"https:\\\/\\\/www.instagram.com\\\/ruuby_concept\\\/\"]}]}<\/script>\n<!-- \/ Yoast SEO plugin. -->","yoast_head_json":{"title":"Bonobo - Huulepalsam, Apelsini &amp; porgandi, niisutab &amp; annab oran\u017eika tooni \/ 5 ml - RUUBY","robots":{"index":"index","follow":"follow","max-snippet":"max-snippet:-1","max-image-preview":"max-image-preview:large","max-video-preview":"max-video-preview:-1"},"canonical":"http:\/\/ruuby.ee\/en\/pood\/kosmeetika\/huuled\/bonobo-huulepalsam-apelsini-porgandi-niisutab-annab-oranzika-tooni-5-ml\/","og_locale":"en_GB","og_type":"article","og_title":"Bonobo - Huulepalsam, Apelsini &amp; porgandi, niisutab &amp; annab oran\u017eika tooni \/ 5 ml - RUUBY","og_description":"Apelsini ja porgandi huulepalsam pehmendab, noorendab ja kaitseb huuli. Apelsin on t\u00f5eline C-vitamiini allikas, mis t\u00f5stab keha vastupanuv\u00f5imet. Lisaks sellele leidub apelsinis ohtralt antioks\u00fcdante, mis aitavad nahal s\u00e4ilitada selle nooruslikkust ja s\u00e4ra. Apelsin annab huulepalsamile selle kergelt tsitruselise l\u00f5hna. Porgandi\u00f5lil on aga pehmendav, noorendav ja kaitsev m\u00f5ju. T\u00e4nu beetakaroteenile ning rohke A-, B-, C-, D-, [&hellip;]","og_url":"http:\/\/ruuby.ee\/en\/pood\/kosmeetika\/huuled\/bonobo-huulepalsam-apelsini-porgandi-niisutab-annab-oranzika-tooni-5-ml\/","og_site_name":"RUUBY","article_publisher":"https:\/\/www.facebook.com\/ruubyconcept","article_modified_time":"2026-04-07T22:28:38+00:00","og_image":[{"width":1204,"height":1202,"url":"http:\/\/ruuby.ee\/wp-content\/uploads\/2023\/10\/Screenshot-2023-10-25-at-15.43.44.png","type":"image\/png"}],"twitter_card":"summary_large_image","twitter_misc":{"Estimated reading time":"2 minutes"},"schema":{"@context":"https:\/\/schema.org","@graph":[{"@type":["WebPage","ItemPage"],"@id":"http:\/\/ruuby.ee\/pood\/kosmeetika\/huuled\/bonobo-huulepalsam-apelsini-porgandi-niisutab-annab-oranzika-tooni-5-ml\/","url":"http:\/\/ruuby.ee\/pood\/kosmeetika\/huuled\/bonobo-huulepalsam-apelsini-porgandi-niisutab-annab-oranzika-tooni-5-ml\/","name":"Bonobo - Huulepalsam, Apelsini &amp; porgandi, niisutab &amp; annab oran\u017eika tooni \/ 5 ml - RUUBY","isPartOf":{"@id":"http:\/\/ruuby.ee\/en\/#website"},"primaryImageOfPage":{"@id":"http:\/\/ruuby.ee\/pood\/kosmeetika\/huuled\/bonobo-huulepalsam-apelsini-porgandi-niisutab-annab-oranzika-tooni-5-ml\/#primaryimage"},"image":{"@id":"http:\/\/ruuby.ee\/pood\/kosmeetika\/huuled\/bonobo-huulepalsam-apelsini-porgandi-niisutab-annab-oranzika-tooni-5-ml\/#primaryimage"},"thumbnailUrl":"https:\/\/ruuby.ee\/wp-content\/uploads\/2023\/10\/Screenshot-2023-10-25-at-15.43.44.png","datePublished":"2023-10-25T12:45:14+00:00","dateModified":"2026-04-07T22:28:38+00:00","breadcrumb":{"@id":"http:\/\/ruuby.ee\/pood\/kosmeetika\/huuled\/bonobo-huulepalsam-apelsini-porgandi-niisutab-annab-oranzika-tooni-5-ml\/#breadcrumb"},"inLanguage":"en-GB","potentialAction":[{"@type":"ReadAction","target":["http:\/\/ruuby.ee\/pood\/kosmeetika\/huuled\/bonobo-huulepalsam-apelsini-porgandi-niisutab-annab-oranzika-tooni-5-ml\/"]}]},{"@type":"ImageObject","inLanguage":"en-GB","@id":"http:\/\/ruuby.ee\/pood\/kosmeetika\/huuled\/bonobo-huulepalsam-apelsini-porgandi-niisutab-annab-oranzika-tooni-5-ml\/#primaryimage","url":"https:\/\/ruuby.ee\/wp-content\/uploads\/2023\/10\/Screenshot-2023-10-25-at-15.43.44.png","contentUrl":"https:\/\/ruuby.ee\/wp-content\/uploads\/2023\/10\/Screenshot-2023-10-25-at-15.43.44.png","width":1204,"height":1202},{"@type":"BreadcrumbList","@id":"http:\/\/ruuby.ee\/pood\/kosmeetika\/huuled\/bonobo-huulepalsam-apelsini-porgandi-niisutab-annab-oranzika-tooni-5-ml\/#breadcrumb","itemListElement":[{"@type":"ListItem","position":1,"name":"Kdu","item":"http:\/\/ruuby.ee\/en\/"},{"@type":"ListItem","position":2,"name":"Pood","item":"http:\/\/ruuby.ee\/en\/pood\/"},{"@type":"ListItem","position":3,"name":"Bonobo &#8211; Huulepalsam, Apelsini &amp; porgandi, niisutab &amp; annab oran\u017eika tooni \/ 5 ml"}]},{"@type":"WebSite","@id":"http:\/\/ruuby.ee\/en\/#website","url":"http:\/\/ruuby.ee\/en\/","name":"RUUBY","description":"Ruubys on \u00fchendatud elustiil ja disain","publisher":{"@id":"http:\/\/ruuby.ee\/en\/#organization"},"alternateName":"Ruuby Disain","potentialAction":[{"@type":"SearchAction","target":{"@type":"EntryPoint","urlTemplate":"http:\/\/ruuby.ee\/en\/?s={search_term_string}"},"query-input":{"@type":"PropertyValueSpecification","valueRequired":true,"valueName":"search_term_string"}}],"inLanguage":"en-GB"},{"@type":"Organization","@id":"http:\/\/ruuby.ee\/en\/#organization","name":"Ruuby Disain O\u00dc","alternateName":"Ruuby","url":"http:\/\/ruuby.ee\/en\/","logo":{"@type":"ImageObject","inLanguage":"en-GB","@id":"http:\/\/ruuby.ee\/en\/#\/schema\/logo\/image\/","url":"https:\/\/ruuby.ee\/wp-content\/uploads\/2023\/06\/cropped-Black-White-Elegant-Circle-Signature-Fashion-Logo-12_large.png","contentUrl":"https:\/\/ruuby.ee\/wp-content\/uploads\/2023\/06\/cropped-Black-White-Elegant-Circle-Signature-Fashion-Logo-12_large.png","width":1280,"height":747,"caption":"Ruuby Disain O\u00dc"},"image":{"@id":"http:\/\/ruuby.ee\/en\/#\/schema\/logo\/image\/"},"sameAs":["https:\/\/www.facebook.com\/ruubyconcept","https:\/\/www.instagram.com\/ruuby_concept\/"]}]}},"jetpack_sharing_enabled":true,"_links":{"self":[{"href":"https:\/\/ruuby.ee\/en\/wp-json\/wp\/v2\/product\/1840478","targetHints":{"allow":["GET"]}}],"collection":[{"href":"https:\/\/ruuby.ee\/en\/wp-json\/wp\/v2\/product"}],"about":[{"href":"https:\/\/ruuby.ee\/en\/wp-json\/wp\/v2\/types\/product"}],"replies":[{"embeddable":true,"href":"https:\/\/ruuby.ee\/en\/wp-json\/wp\/v2\/comments?post=1840478"}],"wp:featuredmedia":[{"embeddable":true,"href":"https:\/\/ruuby.ee\/en\/wp-json\/wp\/v2\/media\/1840481"}],"wp:attachment":[{"href":"https:\/\/ruuby.ee\/en\/wp-json\/wp\/v2\/media?parent=1840478"}],"wp:term":[{"taxonomy":"product_brand","embeddable":true,"href":"https:\/\/ruuby.ee\/en\/wp-json\/wp\/v2\/product_brand?post=1840478"},{"taxonomy":"product_cat","embeddable":true,"href":"https:\/\/ruuby.ee\/en\/wp-json\/wp\/v2\/product_cat?post=1840478"},{"taxonomy":"product_tag","embeddable":true,"href":"https:\/\/ruuby.ee\/en\/wp-json\/wp\/v2\/product_tag?post=1840478"}],"curies":[{"name":"wp","href":"https:\/\/api.w.org\/{rel}","templated":true}]}}