{"id":1840436,"date":"2023-10-25T15:13:04","date_gmt":"2023-10-25T12:13:04","guid":{"rendered":"http:\/\/ruuby.ee\/?post_type=product&#038;p=1840436"},"modified":"2026-04-08T01:28:38","modified_gmt":"2026-04-07T22:28:38","slug":"bonobo-kortslehe-naovesi-toniseerib-tervendab-50ml","status":"publish","type":"product","link":"https:\/\/ruuby.ee\/en\/pood\/kosmeetika\/naohooldus\/bonobo-kortslehe-naovesi-toniseerib-tervendab-50ml\/","title":{"rendered":"Bonobo &#8211; Kortslehe n\u00e4ovesi, toniseerib &amp; tervendab, 50ml"},"content":{"rendered":"<div>\n<div>\n<p><em>N\u00e4ovesi allikavee ja k\u00e4sitsi korjatud taimedega.<\/em><\/p>\n<\/div>\n<p><strong>Kortsleht<\/strong> on s\u00fcdant avava v\u00e4ega v\u00f5imas naiste taim. Ta aitab l\u00f5\u00f5gastuda, nahal v\u00e4rskust endasse imeda ning seda seal talletada. Kortslehe lehtedele kogunenud kastepiiskasid on peetud taevaseks v\u00f5luveeks, mis v\u00e4rskendab ja aitab maailma n\u00e4ha teise nurga alt.<\/p>\n<p><strong>Kortsleht\u00a0<\/strong>toob meeltesse v\u00e4rsked ja kastesed hommikud ning viib Su maagilisse haldjate maailma. Sealt leiad igavese nooruse saladuse. V\u00e4eka naiste taimena n\u00e4itab kortsleht teed naiselikkuse s\u00fcgavaimatesse soppidesse.<\/p>\n<div>\n<p><strong>Kortslehe<\/strong> n\u00e4ovesi on toniseeriva ja tervendava toimega. Toob leevendust akne ja vistrikulise naha korral.<\/p>\n<p><strong>KASUTA <\/strong>n\u00e4ovett hommikuti ja \u00f5htuti. Hommikul v\u00e4rskendab ta Su n\u00e4onahka enne kreemi pealekandmist ja \u00f5htul puhastab \u00f5rnalt p\u00e4evasest mustusest. Kanna n\u00e4ovesi vatipadjale ja paita \u00f5rnalt n\u00e4onahka v\u00f5i pihusta n\u00e4ovett otse nahale. Kergeks naha ja meelte turgutuseks sobilik terve p\u00e4eva kestel!<\/p>\n<\/div>\n<\/div>\n<div>\n<p>Koostis: V\u00e4rskete piparm\u00fcndi taimede destilleerimisel allikavee auruga tekkinud puhas destillaat.<\/p>\n<p>S\u00e4ilib 6 kuud peale avamist.<\/p>\n<p>Hoia otsese p\u00e4ikesevalguse eest kaitstult.<\/p>\n<\/div>","protected":false},"excerpt":{"rendered":"<p>N\u00e4ovesi allikavee ja k\u00e4sitsi korjatud taimedega. Kortsleht on s\u00fcdant avava v\u00e4ega v\u00f5imas naiste taim. Ta aitab l\u00f5\u00f5gastuda, nahal v\u00e4rskust endasse imeda ning seda seal talletada. Kortslehe lehtedele kogunenud kastepiiskasid on peetud taevaseks v\u00f5luveeks, mis v\u00e4rskendab ja aitab maailma n\u00e4ha teise nurga alt. Kortsleht\u00a0toob meeltesse v\u00e4rsked ja kastesed hommikud ning viib Su maagilisse haldjate maailma. Sealt [&hellip;]<\/p>\n","protected":false},"featured_media":1840432,"comment_status":"open","ping_status":"closed","template":"","meta":[],"product_brand":[],"product_cat":[25,691],"product_tag":[],"class_list":{"0":"post-1840436","1":"product","2":"type-product","3":"status-publish","4":"has-post-thumbnail","6":"product_cat-kosmeetika","7":"product_cat-naohooldus","9":"first","10":"outofstock","11":"taxable","12":"shipping-taxable","13":"purchasable","14":"product-type-simple"},"yoast_head":"<!-- This site is optimized with the Yoast SEO plugin v27.3 - https:\/\/yoast.com\/product\/yoast-seo-wordpress\/ -->\n<title>Bonobo - Kortslehe n\u00e4ovesi, toniseerib &amp; tervendab, 50ml - RUUBY<\/title>\n<meta name=\"robots\" content=\"index, follow, max-snippet:-1, max-image-preview:large, max-video-preview:-1\" \/>\n<link rel=\"canonical\" href=\"http:\/\/ruuby.ee\/en\/pood\/kosmeetika\/naohooldus\/bonobo-kortslehe-naovesi-toniseerib-tervendab-50ml\/\" \/>\n<meta property=\"og:locale\" content=\"en_GB\" \/>\n<meta property=\"og:type\" content=\"article\" \/>\n<meta property=\"og:title\" content=\"Bonobo - Kortslehe n\u00e4ovesi, toniseerib &amp; tervendab, 50ml - RUUBY\" \/>\n<meta property=\"og:description\" content=\"N\u00e4ovesi allikavee ja k\u00e4sitsi korjatud taimedega. Kortsleht on s\u00fcdant avava v\u00e4ega v\u00f5imas naiste taim. Ta aitab l\u00f5\u00f5gastuda, nahal v\u00e4rskust endasse imeda ning seda seal talletada. Kortslehe lehtedele kogunenud kastepiiskasid on peetud taevaseks v\u00f5luveeks, mis v\u00e4rskendab ja aitab maailma n\u00e4ha teise nurga alt. Kortsleht\u00a0toob meeltesse v\u00e4rsked ja kastesed hommikud ning viib Su maagilisse haldjate maailma. Sealt [&hellip;]\" \/>\n<meta property=\"og:url\" content=\"http:\/\/ruuby.ee\/en\/pood\/kosmeetika\/naohooldus\/bonobo-kortslehe-naovesi-toniseerib-tervendab-50ml\/\" \/>\n<meta property=\"og:site_name\" content=\"RUUBY\" \/>\n<meta property=\"article:publisher\" content=\"https:\/\/www.facebook.com\/ruubyconcept\" \/>\n<meta property=\"article:modified_time\" content=\"2026-04-07T22:28:38+00:00\" \/>\n<meta property=\"og:image\" content=\"http:\/\/ruuby.ee\/wp-content\/uploads\/2023\/10\/Screenshot-2023-10-25-at-15.08.38.png\" \/>\n\t<meta property=\"og:image:width\" content=\"1202\" \/>\n\t<meta property=\"og:image:height\" content=\"1204\" \/>\n\t<meta property=\"og:image:type\" content=\"image\/png\" \/>\n<meta name=\"twitter:card\" content=\"summary_large_image\" \/>\n<meta name=\"twitter:label1\" content=\"Estimated reading time\" \/>\n\t<meta name=\"twitter:data1\" content=\"1 minute\" \/>\n<script type=\"application\/ld+json\" class=\"yoast-schema-graph\">{\"@context\":\"https:\\\/\\\/schema.org\",\"@graph\":[{\"@type\":[\"WebPage\",\"ItemPage\"],\"@id\":\"http:\\\/\\\/ruuby.ee\\\/pood\\\/kosmeetika\\\/naohooldus\\\/bonobo-kortslehe-naovesi-toniseerib-tervendab-50ml\\\/\",\"url\":\"http:\\\/\\\/ruuby.ee\\\/pood\\\/kosmeetika\\\/naohooldus\\\/bonobo-kortslehe-naovesi-toniseerib-tervendab-50ml\\\/\",\"name\":\"Bonobo - Kortslehe n\u00e4ovesi, toniseerib &amp; tervendab, 50ml - RUUBY\",\"isPartOf\":{\"@id\":\"http:\\\/\\\/ruuby.ee\\\/en\\\/#website\"},\"primaryImageOfPage\":{\"@id\":\"http:\\\/\\\/ruuby.ee\\\/pood\\\/kosmeetika\\\/naohooldus\\\/bonobo-kortslehe-naovesi-toniseerib-tervendab-50ml\\\/#primaryimage\"},\"image\":{\"@id\":\"http:\\\/\\\/ruuby.ee\\\/pood\\\/kosmeetika\\\/naohooldus\\\/bonobo-kortslehe-naovesi-toniseerib-tervendab-50ml\\\/#primaryimage\"},\"thumbnailUrl\":\"https:\\\/\\\/ruuby.ee\\\/wp-content\\\/uploads\\\/2023\\\/10\\\/Screenshot-2023-10-25-at-15.08.38.png\",\"datePublished\":\"2023-10-25T12:13:04+00:00\",\"dateModified\":\"2026-04-07T22:28:38+00:00\",\"breadcrumb\":{\"@id\":\"http:\\\/\\\/ruuby.ee\\\/pood\\\/kosmeetika\\\/naohooldus\\\/bonobo-kortslehe-naovesi-toniseerib-tervendab-50ml\\\/#breadcrumb\"},\"inLanguage\":\"en-GB\",\"potentialAction\":[{\"@type\":\"ReadAction\",\"target\":[\"http:\\\/\\\/ruuby.ee\\\/pood\\\/kosmeetika\\\/naohooldus\\\/bonobo-kortslehe-naovesi-toniseerib-tervendab-50ml\\\/\"]}]},{\"@type\":\"ImageObject\",\"inLanguage\":\"en-GB\",\"@id\":\"http:\\\/\\\/ruuby.ee\\\/pood\\\/kosmeetika\\\/naohooldus\\\/bonobo-kortslehe-naovesi-toniseerib-tervendab-50ml\\\/#primaryimage\",\"url\":\"https:\\\/\\\/ruuby.ee\\\/wp-content\\\/uploads\\\/2023\\\/10\\\/Screenshot-2023-10-25-at-15.08.38.png\",\"contentUrl\":\"https:\\\/\\\/ruuby.ee\\\/wp-content\\\/uploads\\\/2023\\\/10\\\/Screenshot-2023-10-25-at-15.08.38.png\",\"width\":1202,\"height\":1204},{\"@type\":\"BreadcrumbList\",\"@id\":\"http:\\\/\\\/ruuby.ee\\\/pood\\\/kosmeetika\\\/naohooldus\\\/bonobo-kortslehe-naovesi-toniseerib-tervendab-50ml\\\/#breadcrumb\",\"itemListElement\":[{\"@type\":\"ListItem\",\"position\":1,\"name\":\"Kdu\",\"item\":\"http:\\\/\\\/ruuby.ee\\\/en\\\/\"},{\"@type\":\"ListItem\",\"position\":2,\"name\":\"Pood\",\"item\":\"http:\\\/\\\/ruuby.ee\\\/en\\\/pood\\\/\"},{\"@type\":\"ListItem\",\"position\":3,\"name\":\"Bonobo &#8211; Kortslehe n\u00e4ovesi, toniseerib &amp; tervendab, 50ml\"}]},{\"@type\":\"WebSite\",\"@id\":\"http:\\\/\\\/ruuby.ee\\\/en\\\/#website\",\"url\":\"http:\\\/\\\/ruuby.ee\\\/en\\\/\",\"name\":\"RUUBY\",\"description\":\"Ruubys on \u00fchendatud elustiil ja disain\",\"publisher\":{\"@id\":\"http:\\\/\\\/ruuby.ee\\\/en\\\/#organization\"},\"alternateName\":\"Ruuby Disain\",\"potentialAction\":[{\"@type\":\"SearchAction\",\"target\":{\"@type\":\"EntryPoint\",\"urlTemplate\":\"http:\\\/\\\/ruuby.ee\\\/en\\\/?s={search_term_string}\"},\"query-input\":{\"@type\":\"PropertyValueSpecification\",\"valueRequired\":true,\"valueName\":\"search_term_string\"}}],\"inLanguage\":\"en-GB\"},{\"@type\":\"Organization\",\"@id\":\"http:\\\/\\\/ruuby.ee\\\/en\\\/#organization\",\"name\":\"Ruuby Disain O\u00dc\",\"alternateName\":\"Ruuby\",\"url\":\"http:\\\/\\\/ruuby.ee\\\/en\\\/\",\"logo\":{\"@type\":\"ImageObject\",\"inLanguage\":\"en-GB\",\"@id\":\"http:\\\/\\\/ruuby.ee\\\/en\\\/#\\\/schema\\\/logo\\\/image\\\/\",\"url\":\"https:\\\/\\\/ruuby.ee\\\/wp-content\\\/uploads\\\/2023\\\/06\\\/cropped-Black-White-Elegant-Circle-Signature-Fashion-Logo-12_large.png\",\"contentUrl\":\"https:\\\/\\\/ruuby.ee\\\/wp-content\\\/uploads\\\/2023\\\/06\\\/cropped-Black-White-Elegant-Circle-Signature-Fashion-Logo-12_large.png\",\"width\":1280,\"height\":747,\"caption\":\"Ruuby Disain O\u00dc\"},\"image\":{\"@id\":\"http:\\\/\\\/ruuby.ee\\\/en\\\/#\\\/schema\\\/logo\\\/image\\\/\"},\"sameAs\":[\"https:\\\/\\\/www.facebook.com\\\/ruubyconcept\",\"https:\\\/\\\/www.instagram.com\\\/ruuby_concept\\\/\"]}]}<\/script>\n<!-- \/ Yoast SEO plugin. -->","yoast_head_json":{"title":"Bonobo - Kortslehe n\u00e4ovesi, toniseerib &amp; tervendab, 50ml - RUUBY","robots":{"index":"index","follow":"follow","max-snippet":"max-snippet:-1","max-image-preview":"max-image-preview:large","max-video-preview":"max-video-preview:-1"},"canonical":"http:\/\/ruuby.ee\/en\/pood\/kosmeetika\/naohooldus\/bonobo-kortslehe-naovesi-toniseerib-tervendab-50ml\/","og_locale":"en_GB","og_type":"article","og_title":"Bonobo - Kortslehe n\u00e4ovesi, toniseerib &amp; tervendab, 50ml - RUUBY","og_description":"N\u00e4ovesi allikavee ja k\u00e4sitsi korjatud taimedega. Kortsleht on s\u00fcdant avava v\u00e4ega v\u00f5imas naiste taim. Ta aitab l\u00f5\u00f5gastuda, nahal v\u00e4rskust endasse imeda ning seda seal talletada. Kortslehe lehtedele kogunenud kastepiiskasid on peetud taevaseks v\u00f5luveeks, mis v\u00e4rskendab ja aitab maailma n\u00e4ha teise nurga alt. Kortsleht\u00a0toob meeltesse v\u00e4rsked ja kastesed hommikud ning viib Su maagilisse haldjate maailma. Sealt [&hellip;]","og_url":"http:\/\/ruuby.ee\/en\/pood\/kosmeetika\/naohooldus\/bonobo-kortslehe-naovesi-toniseerib-tervendab-50ml\/","og_site_name":"RUUBY","article_publisher":"https:\/\/www.facebook.com\/ruubyconcept","article_modified_time":"2026-04-07T22:28:38+00:00","og_image":[{"width":1202,"height":1204,"url":"http:\/\/ruuby.ee\/wp-content\/uploads\/2023\/10\/Screenshot-2023-10-25-at-15.08.38.png","type":"image\/png"}],"twitter_card":"summary_large_image","twitter_misc":{"Estimated reading time":"1 minute"},"schema":{"@context":"https:\/\/schema.org","@graph":[{"@type":["WebPage","ItemPage"],"@id":"http:\/\/ruuby.ee\/pood\/kosmeetika\/naohooldus\/bonobo-kortslehe-naovesi-toniseerib-tervendab-50ml\/","url":"http:\/\/ruuby.ee\/pood\/kosmeetika\/naohooldus\/bonobo-kortslehe-naovesi-toniseerib-tervendab-50ml\/","name":"Bonobo - Kortslehe n\u00e4ovesi, toniseerib &amp; tervendab, 50ml - RUUBY","isPartOf":{"@id":"http:\/\/ruuby.ee\/en\/#website"},"primaryImageOfPage":{"@id":"http:\/\/ruuby.ee\/pood\/kosmeetika\/naohooldus\/bonobo-kortslehe-naovesi-toniseerib-tervendab-50ml\/#primaryimage"},"image":{"@id":"http:\/\/ruuby.ee\/pood\/kosmeetika\/naohooldus\/bonobo-kortslehe-naovesi-toniseerib-tervendab-50ml\/#primaryimage"},"thumbnailUrl":"https:\/\/ruuby.ee\/wp-content\/uploads\/2023\/10\/Screenshot-2023-10-25-at-15.08.38.png","datePublished":"2023-10-25T12:13:04+00:00","dateModified":"2026-04-07T22:28:38+00:00","breadcrumb":{"@id":"http:\/\/ruuby.ee\/pood\/kosmeetika\/naohooldus\/bonobo-kortslehe-naovesi-toniseerib-tervendab-50ml\/#breadcrumb"},"inLanguage":"en-GB","potentialAction":[{"@type":"ReadAction","target":["http:\/\/ruuby.ee\/pood\/kosmeetika\/naohooldus\/bonobo-kortslehe-naovesi-toniseerib-tervendab-50ml\/"]}]},{"@type":"ImageObject","inLanguage":"en-GB","@id":"http:\/\/ruuby.ee\/pood\/kosmeetika\/naohooldus\/bonobo-kortslehe-naovesi-toniseerib-tervendab-50ml\/#primaryimage","url":"https:\/\/ruuby.ee\/wp-content\/uploads\/2023\/10\/Screenshot-2023-10-25-at-15.08.38.png","contentUrl":"https:\/\/ruuby.ee\/wp-content\/uploads\/2023\/10\/Screenshot-2023-10-25-at-15.08.38.png","width":1202,"height":1204},{"@type":"BreadcrumbList","@id":"http:\/\/ruuby.ee\/pood\/kosmeetika\/naohooldus\/bonobo-kortslehe-naovesi-toniseerib-tervendab-50ml\/#breadcrumb","itemListElement":[{"@type":"ListItem","position":1,"name":"Kdu","item":"http:\/\/ruuby.ee\/en\/"},{"@type":"ListItem","position":2,"name":"Pood","item":"http:\/\/ruuby.ee\/en\/pood\/"},{"@type":"ListItem","position":3,"name":"Bonobo &#8211; Kortslehe n\u00e4ovesi, toniseerib &amp; tervendab, 50ml"}]},{"@type":"WebSite","@id":"http:\/\/ruuby.ee\/en\/#website","url":"http:\/\/ruuby.ee\/en\/","name":"RUUBY","description":"Ruubys on \u00fchendatud elustiil ja disain","publisher":{"@id":"http:\/\/ruuby.ee\/en\/#organization"},"alternateName":"Ruuby Disain","potentialAction":[{"@type":"SearchAction","target":{"@type":"EntryPoint","urlTemplate":"http:\/\/ruuby.ee\/en\/?s={search_term_string}"},"query-input":{"@type":"PropertyValueSpecification","valueRequired":true,"valueName":"search_term_string"}}],"inLanguage":"en-GB"},{"@type":"Organization","@id":"http:\/\/ruuby.ee\/en\/#organization","name":"Ruuby Disain O\u00dc","alternateName":"Ruuby","url":"http:\/\/ruuby.ee\/en\/","logo":{"@type":"ImageObject","inLanguage":"en-GB","@id":"http:\/\/ruuby.ee\/en\/#\/schema\/logo\/image\/","url":"https:\/\/ruuby.ee\/wp-content\/uploads\/2023\/06\/cropped-Black-White-Elegant-Circle-Signature-Fashion-Logo-12_large.png","contentUrl":"https:\/\/ruuby.ee\/wp-content\/uploads\/2023\/06\/cropped-Black-White-Elegant-Circle-Signature-Fashion-Logo-12_large.png","width":1280,"height":747,"caption":"Ruuby Disain O\u00dc"},"image":{"@id":"http:\/\/ruuby.ee\/en\/#\/schema\/logo\/image\/"},"sameAs":["https:\/\/www.facebook.com\/ruubyconcept","https:\/\/www.instagram.com\/ruuby_concept\/"]}]}},"jetpack_sharing_enabled":true,"_links":{"self":[{"href":"https:\/\/ruuby.ee\/en\/wp-json\/wp\/v2\/product\/1840436","targetHints":{"allow":["GET"]}}],"collection":[{"href":"https:\/\/ruuby.ee\/en\/wp-json\/wp\/v2\/product"}],"about":[{"href":"https:\/\/ruuby.ee\/en\/wp-json\/wp\/v2\/types\/product"}],"replies":[{"embeddable":true,"href":"https:\/\/ruuby.ee\/en\/wp-json\/wp\/v2\/comments?post=1840436"}],"wp:featuredmedia":[{"embeddable":true,"href":"https:\/\/ruuby.ee\/en\/wp-json\/wp\/v2\/media\/1840432"}],"wp:attachment":[{"href":"https:\/\/ruuby.ee\/en\/wp-json\/wp\/v2\/media?parent=1840436"}],"wp:term":[{"taxonomy":"product_brand","embeddable":true,"href":"https:\/\/ruuby.ee\/en\/wp-json\/wp\/v2\/product_brand?post=1840436"},{"taxonomy":"product_cat","embeddable":true,"href":"https:\/\/ruuby.ee\/en\/wp-json\/wp\/v2\/product_cat?post=1840436"},{"taxonomy":"product_tag","embeddable":true,"href":"https:\/\/ruuby.ee\/en\/wp-json\/wp\/v2\/product_tag?post=1840436"}],"curies":[{"name":"wp","href":"https:\/\/api.w.org\/{rel}","templated":true}]}}