{"id":1840431,"date":"2023-10-25T15:10:34","date_gmt":"2023-10-25T12:10:34","guid":{"rendered":"http:\/\/ruuby.ee\/?post_type=product&#038;p=1840431"},"modified":"2026-04-05T01:25:31","modified_gmt":"2026-04-04T22:25:31","slug":"bonobo-pojengi-naovesi-noorendab-niisutab-50ml","status":"publish","type":"product","link":"https:\/\/ruuby.ee\/en\/pood\/kosmeetika\/naohooldus\/bonobo-pojengi-naovesi-noorendab-niisutab-50ml\/","title":{"rendered":"Bonobo &#8211; Pojengi n\u00e4ovesi, noorendab &amp; niisutab, 50ml"},"content":{"rendered":"<div>\n<p><em>N\u00e4ovesi allikavee ja k\u00e4sitsi korjatud taimedega.<\/em><\/p>\n<\/div>\n<p><strong>Pojeng<\/strong> s\u00fcmboliseerib oma rikkalike \u00f5itega k\u00fcllust ja head \u00f5nne. Peida n\u00e4gu pojengi lopsakate ja kastem\u00e4rgade kroonlehtede sisse, hingates sisse hurmava \u00f5ienektari l\u00f5hna! <strong>Pojeng<\/strong> vaigistab valu, omab p\u00f5letikuvastast toimet ning pojengi l\u00f5hn soodustab loometegevust ja vaimset t\u00f6\u00f6d.<\/p>\n<p><strong>Pojengi<\/strong> n\u00e4ovesi on noorendava ja nahka niisutava toimega.<\/p>\n<p><strong>KASUTA<\/strong> n\u00e4ovett hommikuti ja \u00f5htuti. Hommikul v\u00e4rskendab ta Su n\u00e4onahka enne kreemi pealekandmist ja \u00f5htul puhastab \u00f5rnalt p\u00e4evasest mustusest. Kanna n\u00e4ovesi vatipadjale ja paita \u00f5rnalt n\u00e4onahka v\u00f5i pihusta n\u00e4ovett otse nahale. Kergeks naha ja meelte turgutuseks sobilik terve p\u00e4eva kestel!<\/p>\n<p>Koostid: V\u00e4rskete pojengi \u00f5ite destilleerimisel allikavee auruga tekkinud puhas destillaat.<\/p>\n<p>S\u00e4ilib 6 kuud peale avamist.<\/p>\n<p>Hoia otsese p\u00e4ikesevalguse eest kaitstult.<\/p>","protected":false},"excerpt":{"rendered":"<p>N\u00e4ovesi allikavee ja k\u00e4sitsi korjatud taimedega. Pojeng s\u00fcmboliseerib oma rikkalike \u00f5itega k\u00fcllust ja head \u00f5nne. Peida n\u00e4gu pojengi lopsakate ja kastem\u00e4rgade kroonlehtede sisse, hingates sisse hurmava \u00f5ienektari l\u00f5hna! Pojeng vaigistab valu, omab p\u00f5letikuvastast toimet ning pojengi l\u00f5hn soodustab loometegevust ja vaimset t\u00f6\u00f6d. Pojengi n\u00e4ovesi on noorendava ja nahka niisutava toimega. KASUTA n\u00e4ovett hommikuti ja \u00f5htuti. [&hellip;]<\/p>\n","protected":false},"featured_media":1840432,"comment_status":"open","ping_status":"closed","template":"","meta":[],"product_brand":[],"product_cat":[25,691],"product_tag":[],"class_list":{"0":"post-1840431","1":"product","2":"type-product","3":"status-publish","4":"has-post-thumbnail","6":"product_cat-kosmeetika","7":"product_cat-naohooldus","9":"first","10":"outofstock","11":"taxable","12":"shipping-taxable","13":"purchasable","14":"product-type-simple"},"yoast_head":"<!-- This site is optimized with the Yoast SEO plugin v27.2 - https:\/\/yoast.com\/product\/yoast-seo-wordpress\/ -->\n<title>Bonobo - Pojengi n\u00e4ovesi, noorendab &amp; niisutab, 50ml - RUUBY<\/title>\n<meta name=\"robots\" content=\"index, follow, max-snippet:-1, max-image-preview:large, max-video-preview:-1\" \/>\n<link rel=\"canonical\" href=\"https:\/\/ruuby.ee\/en\/pood\/kosmeetika\/naohooldus\/bonobo-pojengi-naovesi-noorendab-niisutab-50ml\/\" \/>\n<meta property=\"og:locale\" content=\"en_GB\" \/>\n<meta property=\"og:type\" content=\"article\" \/>\n<meta property=\"og:title\" content=\"Bonobo - Pojengi n\u00e4ovesi, noorendab &amp; niisutab, 50ml - RUUBY\" \/>\n<meta property=\"og:description\" content=\"N\u00e4ovesi allikavee ja k\u00e4sitsi korjatud taimedega. Pojeng s\u00fcmboliseerib oma rikkalike \u00f5itega k\u00fcllust ja head \u00f5nne. Peida n\u00e4gu pojengi lopsakate ja kastem\u00e4rgade kroonlehtede sisse, hingates sisse hurmava \u00f5ienektari l\u00f5hna! Pojeng vaigistab valu, omab p\u00f5letikuvastast toimet ning pojengi l\u00f5hn soodustab loometegevust ja vaimset t\u00f6\u00f6d. Pojengi n\u00e4ovesi on noorendava ja nahka niisutava toimega. KASUTA n\u00e4ovett hommikuti ja \u00f5htuti. [&hellip;]\" \/>\n<meta property=\"og:url\" content=\"https:\/\/ruuby.ee\/en\/pood\/kosmeetika\/naohooldus\/bonobo-pojengi-naovesi-noorendab-niisutab-50ml\/\" \/>\n<meta property=\"og:site_name\" content=\"RUUBY\" \/>\n<meta property=\"article:publisher\" content=\"https:\/\/www.facebook.com\/ruubyconcept\" \/>\n<meta property=\"article:modified_time\" content=\"2026-04-04T22:25:31+00:00\" \/>\n<meta property=\"og:image\" content=\"https:\/\/ruuby.ee\/wp-content\/uploads\/2023\/10\/Screenshot-2023-10-25-at-15.08.38.png\" \/>\n\t<meta property=\"og:image:width\" content=\"1202\" \/>\n\t<meta property=\"og:image:height\" content=\"1204\" \/>\n\t<meta property=\"og:image:type\" content=\"image\/png\" \/>\n<meta name=\"twitter:card\" content=\"summary_large_image\" \/>\n<meta name=\"twitter:label1\" content=\"Estimated reading time\" \/>\n\t<meta name=\"twitter:data1\" content=\"1 minute\" \/>\n<script type=\"application\/ld+json\" class=\"yoast-schema-graph\">{\"@context\":\"https:\/\/schema.org\",\"@graph\":[{\"@type\":[\"WebPage\",\"ItemPage\"],\"@id\":\"https:\/\/ruuby.ee\/pood\/kosmeetika\/naohooldus\/bonobo-pojengi-naovesi-noorendab-niisutab-50ml\/\",\"url\":\"https:\/\/ruuby.ee\/pood\/kosmeetika\/naohooldus\/bonobo-pojengi-naovesi-noorendab-niisutab-50ml\/\",\"name\":\"Bonobo - Pojengi n\u00e4ovesi, noorendab &amp; niisutab, 50ml - RUUBY\",\"isPartOf\":{\"@id\":\"http:\/\/ruuby.ee\/#website\"},\"primaryImageOfPage\":{\"@id\":\"https:\/\/ruuby.ee\/pood\/kosmeetika\/naohooldus\/bonobo-pojengi-naovesi-noorendab-niisutab-50ml\/#primaryimage\"},\"image\":{\"@id\":\"https:\/\/ruuby.ee\/pood\/kosmeetika\/naohooldus\/bonobo-pojengi-naovesi-noorendab-niisutab-50ml\/#primaryimage\"},\"thumbnailUrl\":\"https:\/\/ruuby.ee\/wp-content\/uploads\/2023\/10\/Screenshot-2023-10-25-at-15.08.38.png\",\"datePublished\":\"2023-10-25T12:10:34+00:00\",\"dateModified\":\"2026-04-04T22:25:31+00:00\",\"breadcrumb\":{\"@id\":\"https:\/\/ruuby.ee\/pood\/kosmeetika\/naohooldus\/bonobo-pojengi-naovesi-noorendab-niisutab-50ml\/#breadcrumb\"},\"inLanguage\":\"en-GB\",\"potentialAction\":[{\"@type\":\"ReadAction\",\"target\":[\"https:\/\/ruuby.ee\/pood\/kosmeetika\/naohooldus\/bonobo-pojengi-naovesi-noorendab-niisutab-50ml\/\"]}]},{\"@type\":\"ImageObject\",\"inLanguage\":\"en-GB\",\"@id\":\"https:\/\/ruuby.ee\/pood\/kosmeetika\/naohooldus\/bonobo-pojengi-naovesi-noorendab-niisutab-50ml\/#primaryimage\",\"url\":\"https:\/\/ruuby.ee\/wp-content\/uploads\/2023\/10\/Screenshot-2023-10-25-at-15.08.38.png\",\"contentUrl\":\"https:\/\/ruuby.ee\/wp-content\/uploads\/2023\/10\/Screenshot-2023-10-25-at-15.08.38.png\",\"width\":1202,\"height\":1204},{\"@type\":\"BreadcrumbList\",\"@id\":\"https:\/\/ruuby.ee\/pood\/kosmeetika\/naohooldus\/bonobo-pojengi-naovesi-noorendab-niisutab-50ml\/#breadcrumb\",\"itemListElement\":[{\"@type\":\"ListItem\",\"position\":1,\"name\":\"Kdu\",\"item\":\"http:\/\/ruuby.ee\/\"},{\"@type\":\"ListItem\",\"position\":2,\"name\":\"Pood\",\"item\":\"https:\/\/ruuby.ee\/en\/pood\/\"},{\"@type\":\"ListItem\",\"position\":3,\"name\":\"Bonobo &#8211; Pojengi n\u00e4ovesi, noorendab &amp; niisutab, 50ml\"}]},{\"@type\":\"WebSite\",\"@id\":\"http:\/\/ruuby.ee\/#website\",\"url\":\"http:\/\/ruuby.ee\/\",\"name\":\"RUUBY\",\"description\":\"Ruubys on \u00fchendatud elustiil ja disain\",\"publisher\":{\"@id\":\"http:\/\/ruuby.ee\/#organization\"},\"alternateName\":\"Ruuby Disain\",\"potentialAction\":[{\"@type\":\"SearchAction\",\"target\":{\"@type\":\"EntryPoint\",\"urlTemplate\":\"http:\/\/ruuby.ee\/?s={search_term_string}\"},\"query-input\":{\"@type\":\"PropertyValueSpecification\",\"valueRequired\":true,\"valueName\":\"search_term_string\"}}],\"inLanguage\":\"en-GB\"},{\"@type\":\"Organization\",\"@id\":\"http:\/\/ruuby.ee\/#organization\",\"name\":\"Ruuby Disain O\u00dc\",\"alternateName\":\"Ruuby\",\"url\":\"http:\/\/ruuby.ee\/\",\"logo\":{\"@type\":\"ImageObject\",\"inLanguage\":\"en-GB\",\"@id\":\"http:\/\/ruuby.ee\/#\/schema\/logo\/image\/\",\"url\":\"https:\/\/ruuby.ee\/wp-content\/uploads\/2023\/06\/cropped-Black-White-Elegant-Circle-Signature-Fashion-Logo-12_large.png\",\"contentUrl\":\"https:\/\/ruuby.ee\/wp-content\/uploads\/2023\/06\/cropped-Black-White-Elegant-Circle-Signature-Fashion-Logo-12_large.png\",\"width\":1280,\"height\":747,\"caption\":\"Ruuby Disain O\u00dc\"},\"image\":{\"@id\":\"http:\/\/ruuby.ee\/#\/schema\/logo\/image\/\"},\"sameAs\":[\"https:\/\/www.facebook.com\/ruubyconcept\",\"https:\/\/www.instagram.com\/ruuby_concept\/\"]}]}<\/script>\n<!-- \/ Yoast SEO plugin. -->","yoast_head_json":{"title":"Bonobo - Pojengi n\u00e4ovesi, noorendab &amp; niisutab, 50ml - RUUBY","robots":{"index":"index","follow":"follow","max-snippet":"max-snippet:-1","max-image-preview":"max-image-preview:large","max-video-preview":"max-video-preview:-1"},"canonical":"https:\/\/ruuby.ee\/en\/pood\/kosmeetika\/naohooldus\/bonobo-pojengi-naovesi-noorendab-niisutab-50ml\/","og_locale":"en_GB","og_type":"article","og_title":"Bonobo - Pojengi n\u00e4ovesi, noorendab &amp; niisutab, 50ml - RUUBY","og_description":"N\u00e4ovesi allikavee ja k\u00e4sitsi korjatud taimedega. Pojeng s\u00fcmboliseerib oma rikkalike \u00f5itega k\u00fcllust ja head \u00f5nne. Peida n\u00e4gu pojengi lopsakate ja kastem\u00e4rgade kroonlehtede sisse, hingates sisse hurmava \u00f5ienektari l\u00f5hna! Pojeng vaigistab valu, omab p\u00f5letikuvastast toimet ning pojengi l\u00f5hn soodustab loometegevust ja vaimset t\u00f6\u00f6d. Pojengi n\u00e4ovesi on noorendava ja nahka niisutava toimega. KASUTA n\u00e4ovett hommikuti ja \u00f5htuti. [&hellip;]","og_url":"https:\/\/ruuby.ee\/en\/pood\/kosmeetika\/naohooldus\/bonobo-pojengi-naovesi-noorendab-niisutab-50ml\/","og_site_name":"RUUBY","article_publisher":"https:\/\/www.facebook.com\/ruubyconcept","article_modified_time":"2026-04-04T22:25:31+00:00","og_image":[{"width":1202,"height":1204,"url":"https:\/\/ruuby.ee\/wp-content\/uploads\/2023\/10\/Screenshot-2023-10-25-at-15.08.38.png","type":"image\/png"}],"twitter_card":"summary_large_image","twitter_misc":{"Estimated reading time":"1 minute"},"schema":{"@context":"https:\/\/schema.org","@graph":[{"@type":["WebPage","ItemPage"],"@id":"https:\/\/ruuby.ee\/pood\/kosmeetika\/naohooldus\/bonobo-pojengi-naovesi-noorendab-niisutab-50ml\/","url":"https:\/\/ruuby.ee\/pood\/kosmeetika\/naohooldus\/bonobo-pojengi-naovesi-noorendab-niisutab-50ml\/","name":"Bonobo - Pojengi n\u00e4ovesi, noorendab &amp; niisutab, 50ml - RUUBY","isPartOf":{"@id":"http:\/\/ruuby.ee\/#website"},"primaryImageOfPage":{"@id":"https:\/\/ruuby.ee\/pood\/kosmeetika\/naohooldus\/bonobo-pojengi-naovesi-noorendab-niisutab-50ml\/#primaryimage"},"image":{"@id":"https:\/\/ruuby.ee\/pood\/kosmeetika\/naohooldus\/bonobo-pojengi-naovesi-noorendab-niisutab-50ml\/#primaryimage"},"thumbnailUrl":"https:\/\/ruuby.ee\/wp-content\/uploads\/2023\/10\/Screenshot-2023-10-25-at-15.08.38.png","datePublished":"2023-10-25T12:10:34+00:00","dateModified":"2026-04-04T22:25:31+00:00","breadcrumb":{"@id":"https:\/\/ruuby.ee\/pood\/kosmeetika\/naohooldus\/bonobo-pojengi-naovesi-noorendab-niisutab-50ml\/#breadcrumb"},"inLanguage":"en-GB","potentialAction":[{"@type":"ReadAction","target":["https:\/\/ruuby.ee\/pood\/kosmeetika\/naohooldus\/bonobo-pojengi-naovesi-noorendab-niisutab-50ml\/"]}]},{"@type":"ImageObject","inLanguage":"en-GB","@id":"https:\/\/ruuby.ee\/pood\/kosmeetika\/naohooldus\/bonobo-pojengi-naovesi-noorendab-niisutab-50ml\/#primaryimage","url":"https:\/\/ruuby.ee\/wp-content\/uploads\/2023\/10\/Screenshot-2023-10-25-at-15.08.38.png","contentUrl":"https:\/\/ruuby.ee\/wp-content\/uploads\/2023\/10\/Screenshot-2023-10-25-at-15.08.38.png","width":1202,"height":1204},{"@type":"BreadcrumbList","@id":"https:\/\/ruuby.ee\/pood\/kosmeetika\/naohooldus\/bonobo-pojengi-naovesi-noorendab-niisutab-50ml\/#breadcrumb","itemListElement":[{"@type":"ListItem","position":1,"name":"Kdu","item":"http:\/\/ruuby.ee\/"},{"@type":"ListItem","position":2,"name":"Pood","item":"https:\/\/ruuby.ee\/en\/pood\/"},{"@type":"ListItem","position":3,"name":"Bonobo &#8211; Pojengi n\u00e4ovesi, noorendab &amp; niisutab, 50ml"}]},{"@type":"WebSite","@id":"http:\/\/ruuby.ee\/#website","url":"http:\/\/ruuby.ee\/","name":"RUUBY","description":"Ruubys on \u00fchendatud elustiil ja disain","publisher":{"@id":"http:\/\/ruuby.ee\/#organization"},"alternateName":"Ruuby Disain","potentialAction":[{"@type":"SearchAction","target":{"@type":"EntryPoint","urlTemplate":"http:\/\/ruuby.ee\/?s={search_term_string}"},"query-input":{"@type":"PropertyValueSpecification","valueRequired":true,"valueName":"search_term_string"}}],"inLanguage":"en-GB"},{"@type":"Organization","@id":"http:\/\/ruuby.ee\/#organization","name":"Ruuby Disain O\u00dc","alternateName":"Ruuby","url":"http:\/\/ruuby.ee\/","logo":{"@type":"ImageObject","inLanguage":"en-GB","@id":"http:\/\/ruuby.ee\/#\/schema\/logo\/image\/","url":"https:\/\/ruuby.ee\/wp-content\/uploads\/2023\/06\/cropped-Black-White-Elegant-Circle-Signature-Fashion-Logo-12_large.png","contentUrl":"https:\/\/ruuby.ee\/wp-content\/uploads\/2023\/06\/cropped-Black-White-Elegant-Circle-Signature-Fashion-Logo-12_large.png","width":1280,"height":747,"caption":"Ruuby Disain O\u00dc"},"image":{"@id":"http:\/\/ruuby.ee\/#\/schema\/logo\/image\/"},"sameAs":["https:\/\/www.facebook.com\/ruubyconcept","https:\/\/www.instagram.com\/ruuby_concept\/"]}]}},"jetpack_sharing_enabled":true,"_links":{"self":[{"href":"https:\/\/ruuby.ee\/en\/wp-json\/wp\/v2\/product\/1840431","targetHints":{"allow":["GET"]}}],"collection":[{"href":"https:\/\/ruuby.ee\/en\/wp-json\/wp\/v2\/product"}],"about":[{"href":"https:\/\/ruuby.ee\/en\/wp-json\/wp\/v2\/types\/product"}],"replies":[{"embeddable":true,"href":"https:\/\/ruuby.ee\/en\/wp-json\/wp\/v2\/comments?post=1840431"}],"wp:featuredmedia":[{"embeddable":true,"href":"https:\/\/ruuby.ee\/en\/wp-json\/wp\/v2\/media\/1840432"}],"wp:attachment":[{"href":"https:\/\/ruuby.ee\/en\/wp-json\/wp\/v2\/media?parent=1840431"}],"wp:term":[{"taxonomy":"product_brand","embeddable":true,"href":"https:\/\/ruuby.ee\/en\/wp-json\/wp\/v2\/product_brand?post=1840431"},{"taxonomy":"product_cat","embeddable":true,"href":"https:\/\/ruuby.ee\/en\/wp-json\/wp\/v2\/product_cat?post=1840431"},{"taxonomy":"product_tag","embeddable":true,"href":"https:\/\/ruuby.ee\/en\/wp-json\/wp\/v2\/product_tag?post=1840431"}],"curies":[{"name":"wp","href":"https:\/\/api.w.org\/{rel}","templated":true}]}}