{"id":1840310,"date":"2023-11-01T07:00:26","date_gmt":"2023-11-01T05:00:26","guid":{"rendered":"http:\/\/ruuby.ee\/?post_type=product&#038;p=1840310"},"modified":"2026-04-06T01:26:27","modified_gmt":"2026-04-05T22:26:27","slug":"lubech-living-3-okovildist-pohjapotra-puidust-alusel-hall","status":"publish","type":"product","link":"https:\/\/ruuby.ee\/en\/pood\/joulueri\/jouluehted\/lubech-living-3-okovildist-pohjapotra-puidust-alusel-hall\/","title":{"rendered":"L\u00fcbech Living &#8211; 3 \u00f6kovildist p\u00f5hjap\u00f5tra puidust alusel, hall"},"content":{"rendered":"<p>Valige j\u00e4tkusuutlikud j\u00f5ulud selle suurep\u00e4rase kolmest p\u00f5hjap\u00f5drast koosneva \u00f6kovildist materjalist puidust alusel komplektiga.<\/p>\n<p>\u00d6kovilt on valmistatud taaskasutatud plastpudelitest ja kilekottidest. OOhh p\u00f5hjap\u00f5trade komplekt on suurep\u00e4rane kaunistuseks teie j\u00f5ululaual, j\u00f5ulukaunistusega v\u00f5i iseseisvalt mis tahes riiulil, nagil jne. P\u00f5hjap\u00f5trade komplekt on ideaalne ka perenaise kingituseks.<\/p>\n<ul>\n<li>Valmistatud Eco-vildist, mis on 100% taaskasutatud plastik<\/li>\n<li>\u00d5iglase kaubanduse naiste projekt Sri Lankal<\/li>\n<li>S\u00e4\u00e4stev tootmine ja j\u00e4tkusuutlik materjal<\/li>\n<li>Disainer Susanne Frost L\u00fcbech<\/li>\n<\/ul>\n<p>M\u00f5\u00f5dud: H: 9,5 \/ 12,5 \/ 15,5 cm<\/p>","protected":false},"excerpt":{"rendered":"<p>Valige j\u00e4tkusuutlikud j\u00f5ulud selle suurep\u00e4rase kolmest p\u00f5hjap\u00f5drast koosneva \u00f6kovildist materjalist puidust alusel komplektiga. \u00d6kovilt on valmistatud taaskasutatud plastpudelitest ja kilekottidest. OOhh p\u00f5hjap\u00f5trade komplekt on suurep\u00e4rane kaunistuseks teie j\u00f5ululaual, j\u00f5ulukaunistusega v\u00f5i iseseisvalt mis tahes riiulil, nagil jne. P\u00f5hjap\u00f5trade komplekt on ideaalne ka perenaise kingituseks. Valmistatud Eco-vildist, mis on 100% taaskasutatud plastik \u00d5iglase kaubanduse naiste projekt Sri [&hellip;]<\/p>\n","protected":false},"featured_media":1840311,"comment_status":"open","ping_status":"closed","template":"","meta":[],"product_brand":[],"product_cat":[949,491],"product_tag":[],"class_list":{"0":"post-1840310","1":"product","2":"type-product","3":"status-publish","4":"has-post-thumbnail","6":"product_cat-jouluehted","7":"product_cat-joulueri","9":"first","10":"instock","11":"taxable","12":"shipping-taxable","13":"purchasable","14":"product-type-simple"},"yoast_head":"<!-- This site is optimized with the Yoast SEO plugin v27.2 - https:\/\/yoast.com\/product\/yoast-seo-wordpress\/ -->\n<title>L\u00fcbech Living - 3 \u00f6kovildist p\u00f5hjap\u00f5tra puidust alusel, hall - RUUBY<\/title>\n<meta name=\"robots\" content=\"index, follow, max-snippet:-1, max-image-preview:large, max-video-preview:-1\" \/>\n<link rel=\"canonical\" href=\"http:\/\/ruuby.ee\/en\/pood\/joulueri\/jouluehted\/lubech-living-3-okovildist-pohjapotra-puidust-alusel-hall\/\" \/>\n<meta property=\"og:locale\" content=\"en_GB\" \/>\n<meta property=\"og:type\" content=\"article\" \/>\n<meta property=\"og:title\" content=\"L\u00fcbech Living - 3 \u00f6kovildist p\u00f5hjap\u00f5tra puidust alusel, hall - RUUBY\" \/>\n<meta property=\"og:description\" content=\"Valige j\u00e4tkusuutlikud j\u00f5ulud selle suurep\u00e4rase kolmest p\u00f5hjap\u00f5drast koosneva \u00f6kovildist materjalist puidust alusel komplektiga. \u00d6kovilt on valmistatud taaskasutatud plastpudelitest ja kilekottidest. OOhh p\u00f5hjap\u00f5trade komplekt on suurep\u00e4rane kaunistuseks teie j\u00f5ululaual, j\u00f5ulukaunistusega v\u00f5i iseseisvalt mis tahes riiulil, nagil jne. P\u00f5hjap\u00f5trade komplekt on ideaalne ka perenaise kingituseks. Valmistatud Eco-vildist, mis on 100% taaskasutatud plastik \u00d5iglase kaubanduse naiste projekt Sri [&hellip;]\" \/>\n<meta property=\"og:url\" content=\"http:\/\/ruuby.ee\/en\/pood\/joulueri\/jouluehted\/lubech-living-3-okovildist-pohjapotra-puidust-alusel-hall\/\" \/>\n<meta property=\"og:site_name\" content=\"RUUBY\" \/>\n<meta property=\"article:publisher\" content=\"https:\/\/www.facebook.com\/ruubyconcept\" \/>\n<meta property=\"article:modified_time\" content=\"2026-04-05T22:26:27+00:00\" \/>\n<meta property=\"og:image\" content=\"http:\/\/ruuby.ee\/wp-content\/uploads\/2023\/10\/Screenshot-2023-10-20-at-16.12.12.png\" \/>\n\t<meta property=\"og:image:width\" content=\"792\" \/>\n\t<meta property=\"og:image:height\" content=\"852\" \/>\n\t<meta property=\"og:image:type\" content=\"image\/png\" \/>\n<meta name=\"twitter:card\" content=\"summary_large_image\" \/>\n<meta name=\"twitter:label1\" content=\"Estimated reading time\" \/>\n\t<meta name=\"twitter:data1\" content=\"1 minute\" \/>\n<script type=\"application\/ld+json\" class=\"yoast-schema-graph\">{\"@context\":\"https:\/\/schema.org\",\"@graph\":[{\"@type\":[\"WebPage\",\"ItemPage\"],\"@id\":\"http:\/\/ruuby.ee\/en\/pood\/joulueri\/jouluehted\/lubech-living-3-okovildist-pohjapotra-puidust-alusel-hall\/\",\"url\":\"http:\/\/ruuby.ee\/en\/pood\/joulueri\/jouluehted\/lubech-living-3-okovildist-pohjapotra-puidust-alusel-hall\/\",\"name\":\"L\u00fcbech Living - 3 \u00f6kovildist p\u00f5hjap\u00f5tra puidust alusel, hall - RUUBY\",\"isPartOf\":{\"@id\":\"http:\/\/ruuby.ee\/#website\"},\"primaryImageOfPage\":{\"@id\":\"http:\/\/ruuby.ee\/en\/pood\/joulueri\/jouluehted\/lubech-living-3-okovildist-pohjapotra-puidust-alusel-hall\/#primaryimage\"},\"image\":{\"@id\":\"http:\/\/ruuby.ee\/en\/pood\/joulueri\/jouluehted\/lubech-living-3-okovildist-pohjapotra-puidust-alusel-hall\/#primaryimage\"},\"thumbnailUrl\":\"https:\/\/ruuby.ee\/wp-content\/uploads\/2023\/10\/Screenshot-2023-10-20-at-16.12.12.png\",\"datePublished\":\"2023-11-01T05:00:26+00:00\",\"dateModified\":\"2026-04-05T22:26:27+00:00\",\"breadcrumb\":{\"@id\":\"http:\/\/ruuby.ee\/en\/pood\/joulueri\/jouluehted\/lubech-living-3-okovildist-pohjapotra-puidust-alusel-hall\/#breadcrumb\"},\"inLanguage\":\"en-GB\",\"potentialAction\":[{\"@type\":\"ReadAction\",\"target\":[\"http:\/\/ruuby.ee\/en\/pood\/joulueri\/jouluehted\/lubech-living-3-okovildist-pohjapotra-puidust-alusel-hall\/\"]}]},{\"@type\":\"ImageObject\",\"inLanguage\":\"en-GB\",\"@id\":\"http:\/\/ruuby.ee\/en\/pood\/joulueri\/jouluehted\/lubech-living-3-okovildist-pohjapotra-puidust-alusel-hall\/#primaryimage\",\"url\":\"https:\/\/ruuby.ee\/wp-content\/uploads\/2023\/10\/Screenshot-2023-10-20-at-16.12.12.png\",\"contentUrl\":\"https:\/\/ruuby.ee\/wp-content\/uploads\/2023\/10\/Screenshot-2023-10-20-at-16.12.12.png\",\"width\":792,\"height\":852},{\"@type\":\"BreadcrumbList\",\"@id\":\"http:\/\/ruuby.ee\/en\/pood\/joulueri\/jouluehted\/lubech-living-3-okovildist-pohjapotra-puidust-alusel-hall\/#breadcrumb\",\"itemListElement\":[{\"@type\":\"ListItem\",\"position\":1,\"name\":\"Kdu\",\"item\":\"http:\/\/ruuby.ee\/\"},{\"@type\":\"ListItem\",\"position\":2,\"name\":\"Pood\",\"item\":\"https:\/\/ruuby.ee\/en\/pood\/\"},{\"@type\":\"ListItem\",\"position\":3,\"name\":\"L\u00fcbech Living &#8211; 3 \u00f6kovildist p\u00f5hjap\u00f5tra puidust alusel, hall\"}]},{\"@type\":\"WebSite\",\"@id\":\"http:\/\/ruuby.ee\/#website\",\"url\":\"http:\/\/ruuby.ee\/\",\"name\":\"RUUBY\",\"description\":\"Ruubys on \u00fchendatud elustiil ja disain\",\"publisher\":{\"@id\":\"http:\/\/ruuby.ee\/#organization\"},\"alternateName\":\"Ruuby Disain\",\"potentialAction\":[{\"@type\":\"SearchAction\",\"target\":{\"@type\":\"EntryPoint\",\"urlTemplate\":\"http:\/\/ruuby.ee\/?s={search_term_string}\"},\"query-input\":{\"@type\":\"PropertyValueSpecification\",\"valueRequired\":true,\"valueName\":\"search_term_string\"}}],\"inLanguage\":\"en-GB\"},{\"@type\":\"Organization\",\"@id\":\"http:\/\/ruuby.ee\/#organization\",\"name\":\"Ruuby Disain O\u00dc\",\"alternateName\":\"Ruuby\",\"url\":\"http:\/\/ruuby.ee\/\",\"logo\":{\"@type\":\"ImageObject\",\"inLanguage\":\"en-GB\",\"@id\":\"http:\/\/ruuby.ee\/#\/schema\/logo\/image\/\",\"url\":\"https:\/\/ruuby.ee\/wp-content\/uploads\/2023\/06\/cropped-Black-White-Elegant-Circle-Signature-Fashion-Logo-12_large.png\",\"contentUrl\":\"https:\/\/ruuby.ee\/wp-content\/uploads\/2023\/06\/cropped-Black-White-Elegant-Circle-Signature-Fashion-Logo-12_large.png\",\"width\":1280,\"height\":747,\"caption\":\"Ruuby Disain O\u00dc\"},\"image\":{\"@id\":\"http:\/\/ruuby.ee\/#\/schema\/logo\/image\/\"},\"sameAs\":[\"https:\/\/www.facebook.com\/ruubyconcept\",\"https:\/\/www.instagram.com\/ruuby_concept\/\"]}]}<\/script>\n<!-- \/ Yoast SEO plugin. -->","yoast_head_json":{"title":"L\u00fcbech Living - 3 \u00f6kovildist p\u00f5hjap\u00f5tra puidust alusel, hall - RUUBY","robots":{"index":"index","follow":"follow","max-snippet":"max-snippet:-1","max-image-preview":"max-image-preview:large","max-video-preview":"max-video-preview:-1"},"canonical":"http:\/\/ruuby.ee\/en\/pood\/joulueri\/jouluehted\/lubech-living-3-okovildist-pohjapotra-puidust-alusel-hall\/","og_locale":"en_GB","og_type":"article","og_title":"L\u00fcbech Living - 3 \u00f6kovildist p\u00f5hjap\u00f5tra puidust alusel, hall - RUUBY","og_description":"Valige j\u00e4tkusuutlikud j\u00f5ulud selle suurep\u00e4rase kolmest p\u00f5hjap\u00f5drast koosneva \u00f6kovildist materjalist puidust alusel komplektiga. \u00d6kovilt on valmistatud taaskasutatud plastpudelitest ja kilekottidest. OOhh p\u00f5hjap\u00f5trade komplekt on suurep\u00e4rane kaunistuseks teie j\u00f5ululaual, j\u00f5ulukaunistusega v\u00f5i iseseisvalt mis tahes riiulil, nagil jne. P\u00f5hjap\u00f5trade komplekt on ideaalne ka perenaise kingituseks. Valmistatud Eco-vildist, mis on 100% taaskasutatud plastik \u00d5iglase kaubanduse naiste projekt Sri [&hellip;]","og_url":"http:\/\/ruuby.ee\/en\/pood\/joulueri\/jouluehted\/lubech-living-3-okovildist-pohjapotra-puidust-alusel-hall\/","og_site_name":"RUUBY","article_publisher":"https:\/\/www.facebook.com\/ruubyconcept","article_modified_time":"2026-04-05T22:26:27+00:00","og_image":[{"width":792,"height":852,"url":"http:\/\/ruuby.ee\/wp-content\/uploads\/2023\/10\/Screenshot-2023-10-20-at-16.12.12.png","type":"image\/png"}],"twitter_card":"summary_large_image","twitter_misc":{"Estimated reading time":"1 minute"},"schema":{"@context":"https:\/\/schema.org","@graph":[{"@type":["WebPage","ItemPage"],"@id":"http:\/\/ruuby.ee\/en\/pood\/joulueri\/jouluehted\/lubech-living-3-okovildist-pohjapotra-puidust-alusel-hall\/","url":"http:\/\/ruuby.ee\/en\/pood\/joulueri\/jouluehted\/lubech-living-3-okovildist-pohjapotra-puidust-alusel-hall\/","name":"L\u00fcbech Living - 3 \u00f6kovildist p\u00f5hjap\u00f5tra puidust alusel, hall - RUUBY","isPartOf":{"@id":"http:\/\/ruuby.ee\/#website"},"primaryImageOfPage":{"@id":"http:\/\/ruuby.ee\/en\/pood\/joulueri\/jouluehted\/lubech-living-3-okovildist-pohjapotra-puidust-alusel-hall\/#primaryimage"},"image":{"@id":"http:\/\/ruuby.ee\/en\/pood\/joulueri\/jouluehted\/lubech-living-3-okovildist-pohjapotra-puidust-alusel-hall\/#primaryimage"},"thumbnailUrl":"https:\/\/ruuby.ee\/wp-content\/uploads\/2023\/10\/Screenshot-2023-10-20-at-16.12.12.png","datePublished":"2023-11-01T05:00:26+00:00","dateModified":"2026-04-05T22:26:27+00:00","breadcrumb":{"@id":"http:\/\/ruuby.ee\/en\/pood\/joulueri\/jouluehted\/lubech-living-3-okovildist-pohjapotra-puidust-alusel-hall\/#breadcrumb"},"inLanguage":"en-GB","potentialAction":[{"@type":"ReadAction","target":["http:\/\/ruuby.ee\/en\/pood\/joulueri\/jouluehted\/lubech-living-3-okovildist-pohjapotra-puidust-alusel-hall\/"]}]},{"@type":"ImageObject","inLanguage":"en-GB","@id":"http:\/\/ruuby.ee\/en\/pood\/joulueri\/jouluehted\/lubech-living-3-okovildist-pohjapotra-puidust-alusel-hall\/#primaryimage","url":"https:\/\/ruuby.ee\/wp-content\/uploads\/2023\/10\/Screenshot-2023-10-20-at-16.12.12.png","contentUrl":"https:\/\/ruuby.ee\/wp-content\/uploads\/2023\/10\/Screenshot-2023-10-20-at-16.12.12.png","width":792,"height":852},{"@type":"BreadcrumbList","@id":"http:\/\/ruuby.ee\/en\/pood\/joulueri\/jouluehted\/lubech-living-3-okovildist-pohjapotra-puidust-alusel-hall\/#breadcrumb","itemListElement":[{"@type":"ListItem","position":1,"name":"Kdu","item":"http:\/\/ruuby.ee\/"},{"@type":"ListItem","position":2,"name":"Pood","item":"https:\/\/ruuby.ee\/en\/pood\/"},{"@type":"ListItem","position":3,"name":"L\u00fcbech Living &#8211; 3 \u00f6kovildist p\u00f5hjap\u00f5tra puidust alusel, hall"}]},{"@type":"WebSite","@id":"http:\/\/ruuby.ee\/#website","url":"http:\/\/ruuby.ee\/","name":"RUUBY","description":"Ruubys on \u00fchendatud elustiil ja disain","publisher":{"@id":"http:\/\/ruuby.ee\/#organization"},"alternateName":"Ruuby Disain","potentialAction":[{"@type":"SearchAction","target":{"@type":"EntryPoint","urlTemplate":"http:\/\/ruuby.ee\/?s={search_term_string}"},"query-input":{"@type":"PropertyValueSpecification","valueRequired":true,"valueName":"search_term_string"}}],"inLanguage":"en-GB"},{"@type":"Organization","@id":"http:\/\/ruuby.ee\/#organization","name":"Ruuby Disain O\u00dc","alternateName":"Ruuby","url":"http:\/\/ruuby.ee\/","logo":{"@type":"ImageObject","inLanguage":"en-GB","@id":"http:\/\/ruuby.ee\/#\/schema\/logo\/image\/","url":"https:\/\/ruuby.ee\/wp-content\/uploads\/2023\/06\/cropped-Black-White-Elegant-Circle-Signature-Fashion-Logo-12_large.png","contentUrl":"https:\/\/ruuby.ee\/wp-content\/uploads\/2023\/06\/cropped-Black-White-Elegant-Circle-Signature-Fashion-Logo-12_large.png","width":1280,"height":747,"caption":"Ruuby Disain O\u00dc"},"image":{"@id":"http:\/\/ruuby.ee\/#\/schema\/logo\/image\/"},"sameAs":["https:\/\/www.facebook.com\/ruubyconcept","https:\/\/www.instagram.com\/ruuby_concept\/"]}]}},"jetpack_sharing_enabled":true,"_links":{"self":[{"href":"https:\/\/ruuby.ee\/en\/wp-json\/wp\/v2\/product\/1840310","targetHints":{"allow":["GET"]}}],"collection":[{"href":"https:\/\/ruuby.ee\/en\/wp-json\/wp\/v2\/product"}],"about":[{"href":"https:\/\/ruuby.ee\/en\/wp-json\/wp\/v2\/types\/product"}],"replies":[{"embeddable":true,"href":"https:\/\/ruuby.ee\/en\/wp-json\/wp\/v2\/comments?post=1840310"}],"wp:featuredmedia":[{"embeddable":true,"href":"https:\/\/ruuby.ee\/en\/wp-json\/wp\/v2\/media\/1840311"}],"wp:attachment":[{"href":"https:\/\/ruuby.ee\/en\/wp-json\/wp\/v2\/media?parent=1840310"}],"wp:term":[{"taxonomy":"product_brand","embeddable":true,"href":"https:\/\/ruuby.ee\/en\/wp-json\/wp\/v2\/product_brand?post=1840310"},{"taxonomy":"product_cat","embeddable":true,"href":"https:\/\/ruuby.ee\/en\/wp-json\/wp\/v2\/product_cat?post=1840310"},{"taxonomy":"product_tag","embeddable":true,"href":"https:\/\/ruuby.ee\/en\/wp-json\/wp\/v2\/product_tag?post=1840310"}],"curies":[{"name":"wp","href":"https:\/\/api.w.org\/{rel}","templated":true}]}}