{"id":1840238,"date":"2023-10-18T15:28:15","date_gmt":"2023-10-18T12:28:15","guid":{"rendered":"http:\/\/ruuby.ee\/?post_type=product&#038;p=1840238"},"modified":"2026-04-06T01:26:28","modified_gmt":"2026-04-05T22:26:28","slug":"umage-seinalamp-asteria-wall","status":"publish","type":"product","link":"https:\/\/ruuby.ee\/en\/pood\/kodusisustus\/valgustus\/seinalambid\/umage-seinalamp-asteria-wall\/","title":{"rendered":"UMAGE &#8211; seinalamp, Asteria Wall"},"content":{"rendered":"<p>Suurt t\u00e4helepanu p\u00f6\u00f6rates detailidele on Asteria seinalamp saadaval kahes suuruses \u2013 pikas ja l\u00fchikeses \u2013, pakkudes v\u00f5imalust kohandada valgustuskogemust iga ainulaadse ruumi jaoks. Asteria seinalamp on h\u00e4mardatav, seda juhitakse lambi ekraanil oleva diskreetse nupuga.<\/p>\n<p>Pikk mudel suurendab mitmek\u00fclgsust veelgi, v\u00f5imaldades liikuda k\u00fcljelt k\u00fcljele, pakkudes t\u00e4iustatud funktsionaalsust, s\u00e4ilitades samal ajal oma graatsilise kohaloleku. Need funktsioonid v\u00f5imaldavad valgustust h\u00f5lpsalt reguleerida, et see sobiks igaks juhuks, olgu selleks siis rahulik hetk magamamineku lugemiseks, nurga valgustamine hubaseks lugemisnurgaks v\u00f5i koridoris tervitatava embuse loomine.<\/p>\n<p>Asteria sein, mis on saadaval musta ja p\u00e4rlvalge ning meie n\u00fcansiv\u00e4rvide nelja k\u00fctkestava tooniga, sulandub sujuvalt mis tahes sisekujundusega, lisades keskkonda rafineeritud elegantsi.<\/p>\n<p>M\u00f5\u00f5dud:<\/p>\n<p>Pikk: \u00d8: 15 cm, H: 9 cm, D: 42 cm<br \/>\nL\u00fchike: \u00d8: 15 cm, H: 9 cm, D: 25 cm<\/p>\n<p>Materjal: Teras, alumiinium ja akr\u00fc\u00fcl: sh. 2,2 m must juhe.<\/p>\n<p>H\u00e4mardatav valgusti, sisseehitatud 12W LED-paneel, \u226550 000 valgustundi, 2700 k, 500 lm, CRI 91.<\/p>\n<p>&nbsp;<\/p>","protected":false},"excerpt":{"rendered":"<p>Suurep\u00e4rane v\u00f5imalus kasutada \u00f6\u00f6kapi valgustina voodi k\u00f5rval, lugemislambina v\u00f5i hoopiski kirjutuslaua valgustina. Saad \u00fchendada otse seina kaablisse v\u00f5i hoopiski pistikusse koos kaasasoleva adapteri ja juhtmega.<\/p>","protected":false},"featured_media":1840243,"comment_status":"open","ping_status":"closed","template":"","meta":[],"product_brand":[],"product_cat":[799,59],"product_tag":[805,522,150,256],"class_list":{"0":"post-1840238","1":"product","2":"type-product","3":"status-publish","4":"has-post-thumbnail","6":"product_cat-seinalambid","7":"product_cat-valgustus","8":"product_tag-asteria","9":"product_tag-seinalamp","10":"product_tag-umage","11":"product_tag-valgusti","13":"first","14":"onbackorder","15":"taxable","16":"shipping-taxable","17":"purchasable","18":"product-type-variable","19":"rtwpvs-product"},"yoast_head":"<!-- This site is optimized with the Yoast SEO plugin v27.2 - https:\/\/yoast.com\/product\/yoast-seo-wordpress\/ -->\n<title>UMAGE - seinalamp, Asteria Wall - RUUBY<\/title>\n<meta name=\"robots\" content=\"index, follow, max-snippet:-1, max-image-preview:large, max-video-preview:-1\" \/>\n<link rel=\"canonical\" href=\"https:\/\/ruuby.ee\/en\/pood\/kodusisustus\/valgustus\/seinalambid\/umage-seinalamp-asteria-wall\/\" \/>\n<meta property=\"og:locale\" content=\"en_GB\" \/>\n<meta property=\"og:type\" content=\"article\" \/>\n<meta property=\"og:title\" content=\"UMAGE - seinalamp, Asteria Wall - RUUBY\" \/>\n<meta property=\"og:description\" content=\"Suurep\u00e4rane v\u00f5imalus kasutada \u00f6\u00f6kapi valgustina voodi k\u00f5rval, lugemislambina v\u00f5i hoopiski kirjutuslaua valgustina. Saad \u00fchendada otse seina kaablisse v\u00f5i hoopiski pistikusse koos kaasasoleva adapteri ja juhtmega.\" \/>\n<meta property=\"og:url\" content=\"https:\/\/ruuby.ee\/en\/pood\/kodusisustus\/valgustus\/seinalambid\/umage-seinalamp-asteria-wall\/\" \/>\n<meta property=\"og:site_name\" content=\"RUUBY\" \/>\n<meta property=\"article:publisher\" content=\"https:\/\/www.facebook.com\/ruubyconcept\" \/>\n<meta property=\"article:modified_time\" content=\"2026-04-05T22:26:28+00:00\" \/>\n<meta property=\"og:image\" content=\"https:\/\/ruuby.ee\/wp-content\/uploads\/2023\/10\/Screenshot-2023-10-18-at-15.11.44.png\" \/>\n\t<meta property=\"og:image:width\" content=\"1048\" \/>\n\t<meta property=\"og:image:height\" content=\"946\" \/>\n\t<meta property=\"og:image:type\" content=\"image\/png\" \/>\n<meta name=\"twitter:card\" content=\"summary_large_image\" \/>\n<meta name=\"twitter:label1\" content=\"Estimated reading time\" \/>\n\t<meta name=\"twitter:data1\" content=\"1 minute\" \/>\n<script type=\"application\/ld+json\" class=\"yoast-schema-graph\">{\"@context\":\"https:\/\/schema.org\",\"@graph\":[{\"@type\":[\"WebPage\",\"ItemPage\"],\"@id\":\"https:\/\/ruuby.ee\/en\/pood\/kodusisustus\/valgustus\/seinalambid\/umage-seinalamp-asteria-wall\/\",\"url\":\"https:\/\/ruuby.ee\/en\/pood\/kodusisustus\/valgustus\/seinalambid\/umage-seinalamp-asteria-wall\/\",\"name\":\"UMAGE - seinalamp, Asteria Wall - RUUBY\",\"isPartOf\":{\"@id\":\"http:\/\/ruuby.ee\/#website\"},\"primaryImageOfPage\":{\"@id\":\"https:\/\/ruuby.ee\/en\/pood\/kodusisustus\/valgustus\/seinalambid\/umage-seinalamp-asteria-wall\/#primaryimage\"},\"image\":{\"@id\":\"https:\/\/ruuby.ee\/en\/pood\/kodusisustus\/valgustus\/seinalambid\/umage-seinalamp-asteria-wall\/#primaryimage\"},\"thumbnailUrl\":\"https:\/\/ruuby.ee\/wp-content\/uploads\/2023\/10\/Screenshot-2023-10-18-at-15.11.44.png\",\"datePublished\":\"2023-10-18T12:28:15+00:00\",\"dateModified\":\"2026-04-05T22:26:28+00:00\",\"breadcrumb\":{\"@id\":\"https:\/\/ruuby.ee\/en\/pood\/kodusisustus\/valgustus\/seinalambid\/umage-seinalamp-asteria-wall\/#breadcrumb\"},\"inLanguage\":\"en-GB\",\"potentialAction\":[{\"@type\":\"ReadAction\",\"target\":[\"https:\/\/ruuby.ee\/en\/pood\/kodusisustus\/valgustus\/seinalambid\/umage-seinalamp-asteria-wall\/\"]}]},{\"@type\":\"ImageObject\",\"inLanguage\":\"en-GB\",\"@id\":\"https:\/\/ruuby.ee\/en\/pood\/kodusisustus\/valgustus\/seinalambid\/umage-seinalamp-asteria-wall\/#primaryimage\",\"url\":\"https:\/\/ruuby.ee\/wp-content\/uploads\/2023\/10\/Screenshot-2023-10-18-at-15.11.44.png\",\"contentUrl\":\"https:\/\/ruuby.ee\/wp-content\/uploads\/2023\/10\/Screenshot-2023-10-18-at-15.11.44.png\",\"width\":1048,\"height\":946},{\"@type\":\"BreadcrumbList\",\"@id\":\"https:\/\/ruuby.ee\/en\/pood\/kodusisustus\/valgustus\/seinalambid\/umage-seinalamp-asteria-wall\/#breadcrumb\",\"itemListElement\":[{\"@type\":\"ListItem\",\"position\":1,\"name\":\"Kdu\",\"item\":\"http:\/\/ruuby.ee\/\"},{\"@type\":\"ListItem\",\"position\":2,\"name\":\"Pood\",\"item\":\"https:\/\/ruuby.ee\/en\/pood\/\"},{\"@type\":\"ListItem\",\"position\":3,\"name\":\"UMAGE &#8211; seinalamp, Asteria Wall\"}]},{\"@type\":\"WebSite\",\"@id\":\"http:\/\/ruuby.ee\/#website\",\"url\":\"http:\/\/ruuby.ee\/\",\"name\":\"RUUBY\",\"description\":\"Ruubys on \u00fchendatud elustiil ja disain\",\"publisher\":{\"@id\":\"http:\/\/ruuby.ee\/#organization\"},\"alternateName\":\"Ruuby Disain\",\"potentialAction\":[{\"@type\":\"SearchAction\",\"target\":{\"@type\":\"EntryPoint\",\"urlTemplate\":\"http:\/\/ruuby.ee\/?s={search_term_string}\"},\"query-input\":{\"@type\":\"PropertyValueSpecification\",\"valueRequired\":true,\"valueName\":\"search_term_string\"}}],\"inLanguage\":\"en-GB\"},{\"@type\":\"Organization\",\"@id\":\"http:\/\/ruuby.ee\/#organization\",\"name\":\"Ruuby Disain O\u00dc\",\"alternateName\":\"Ruuby\",\"url\":\"http:\/\/ruuby.ee\/\",\"logo\":{\"@type\":\"ImageObject\",\"inLanguage\":\"en-GB\",\"@id\":\"http:\/\/ruuby.ee\/#\/schema\/logo\/image\/\",\"url\":\"https:\/\/ruuby.ee\/wp-content\/uploads\/2023\/06\/cropped-Black-White-Elegant-Circle-Signature-Fashion-Logo-12_large.png\",\"contentUrl\":\"https:\/\/ruuby.ee\/wp-content\/uploads\/2023\/06\/cropped-Black-White-Elegant-Circle-Signature-Fashion-Logo-12_large.png\",\"width\":1280,\"height\":747,\"caption\":\"Ruuby Disain O\u00dc\"},\"image\":{\"@id\":\"http:\/\/ruuby.ee\/#\/schema\/logo\/image\/\"},\"sameAs\":[\"https:\/\/www.facebook.com\/ruubyconcept\",\"https:\/\/www.instagram.com\/ruuby_concept\/\"]}]}<\/script>\n<!-- \/ Yoast SEO plugin. -->","yoast_head_json":{"title":"UMAGE - seinalamp, Asteria Wall - RUUBY","robots":{"index":"index","follow":"follow","max-snippet":"max-snippet:-1","max-image-preview":"max-image-preview:large","max-video-preview":"max-video-preview:-1"},"canonical":"https:\/\/ruuby.ee\/en\/pood\/kodusisustus\/valgustus\/seinalambid\/umage-seinalamp-asteria-wall\/","og_locale":"en_GB","og_type":"article","og_title":"UMAGE - seinalamp, Asteria Wall - RUUBY","og_description":"Suurep\u00e4rane v\u00f5imalus kasutada \u00f6\u00f6kapi valgustina voodi k\u00f5rval, lugemislambina v\u00f5i hoopiski kirjutuslaua valgustina. Saad \u00fchendada otse seina kaablisse v\u00f5i hoopiski pistikusse koos kaasasoleva adapteri ja juhtmega.","og_url":"https:\/\/ruuby.ee\/en\/pood\/kodusisustus\/valgustus\/seinalambid\/umage-seinalamp-asteria-wall\/","og_site_name":"RUUBY","article_publisher":"https:\/\/www.facebook.com\/ruubyconcept","article_modified_time":"2026-04-05T22:26:28+00:00","og_image":[{"width":1048,"height":946,"url":"https:\/\/ruuby.ee\/wp-content\/uploads\/2023\/10\/Screenshot-2023-10-18-at-15.11.44.png","type":"image\/png"}],"twitter_card":"summary_large_image","twitter_misc":{"Estimated reading time":"1 minute"},"schema":{"@context":"https:\/\/schema.org","@graph":[{"@type":["WebPage","ItemPage"],"@id":"https:\/\/ruuby.ee\/en\/pood\/kodusisustus\/valgustus\/seinalambid\/umage-seinalamp-asteria-wall\/","url":"https:\/\/ruuby.ee\/en\/pood\/kodusisustus\/valgustus\/seinalambid\/umage-seinalamp-asteria-wall\/","name":"UMAGE - seinalamp, Asteria Wall - RUUBY","isPartOf":{"@id":"http:\/\/ruuby.ee\/#website"},"primaryImageOfPage":{"@id":"https:\/\/ruuby.ee\/en\/pood\/kodusisustus\/valgustus\/seinalambid\/umage-seinalamp-asteria-wall\/#primaryimage"},"image":{"@id":"https:\/\/ruuby.ee\/en\/pood\/kodusisustus\/valgustus\/seinalambid\/umage-seinalamp-asteria-wall\/#primaryimage"},"thumbnailUrl":"https:\/\/ruuby.ee\/wp-content\/uploads\/2023\/10\/Screenshot-2023-10-18-at-15.11.44.png","datePublished":"2023-10-18T12:28:15+00:00","dateModified":"2026-04-05T22:26:28+00:00","breadcrumb":{"@id":"https:\/\/ruuby.ee\/en\/pood\/kodusisustus\/valgustus\/seinalambid\/umage-seinalamp-asteria-wall\/#breadcrumb"},"inLanguage":"en-GB","potentialAction":[{"@type":"ReadAction","target":["https:\/\/ruuby.ee\/en\/pood\/kodusisustus\/valgustus\/seinalambid\/umage-seinalamp-asteria-wall\/"]}]},{"@type":"ImageObject","inLanguage":"en-GB","@id":"https:\/\/ruuby.ee\/en\/pood\/kodusisustus\/valgustus\/seinalambid\/umage-seinalamp-asteria-wall\/#primaryimage","url":"https:\/\/ruuby.ee\/wp-content\/uploads\/2023\/10\/Screenshot-2023-10-18-at-15.11.44.png","contentUrl":"https:\/\/ruuby.ee\/wp-content\/uploads\/2023\/10\/Screenshot-2023-10-18-at-15.11.44.png","width":1048,"height":946},{"@type":"BreadcrumbList","@id":"https:\/\/ruuby.ee\/en\/pood\/kodusisustus\/valgustus\/seinalambid\/umage-seinalamp-asteria-wall\/#breadcrumb","itemListElement":[{"@type":"ListItem","position":1,"name":"Kdu","item":"http:\/\/ruuby.ee\/"},{"@type":"ListItem","position":2,"name":"Pood","item":"https:\/\/ruuby.ee\/en\/pood\/"},{"@type":"ListItem","position":3,"name":"UMAGE &#8211; seinalamp, Asteria Wall"}]},{"@type":"WebSite","@id":"http:\/\/ruuby.ee\/#website","url":"http:\/\/ruuby.ee\/","name":"RUUBY","description":"Ruubys on \u00fchendatud elustiil ja disain","publisher":{"@id":"http:\/\/ruuby.ee\/#organization"},"alternateName":"Ruuby Disain","potentialAction":[{"@type":"SearchAction","target":{"@type":"EntryPoint","urlTemplate":"http:\/\/ruuby.ee\/?s={search_term_string}"},"query-input":{"@type":"PropertyValueSpecification","valueRequired":true,"valueName":"search_term_string"}}],"inLanguage":"en-GB"},{"@type":"Organization","@id":"http:\/\/ruuby.ee\/#organization","name":"Ruuby Disain O\u00dc","alternateName":"Ruuby","url":"http:\/\/ruuby.ee\/","logo":{"@type":"ImageObject","inLanguage":"en-GB","@id":"http:\/\/ruuby.ee\/#\/schema\/logo\/image\/","url":"https:\/\/ruuby.ee\/wp-content\/uploads\/2023\/06\/cropped-Black-White-Elegant-Circle-Signature-Fashion-Logo-12_large.png","contentUrl":"https:\/\/ruuby.ee\/wp-content\/uploads\/2023\/06\/cropped-Black-White-Elegant-Circle-Signature-Fashion-Logo-12_large.png","width":1280,"height":747,"caption":"Ruuby Disain O\u00dc"},"image":{"@id":"http:\/\/ruuby.ee\/#\/schema\/logo\/image\/"},"sameAs":["https:\/\/www.facebook.com\/ruubyconcept","https:\/\/www.instagram.com\/ruuby_concept\/"]}]}},"jetpack_sharing_enabled":true,"_links":{"self":[{"href":"https:\/\/ruuby.ee\/en\/wp-json\/wp\/v2\/product\/1840238","targetHints":{"allow":["GET"]}}],"collection":[{"href":"https:\/\/ruuby.ee\/en\/wp-json\/wp\/v2\/product"}],"about":[{"href":"https:\/\/ruuby.ee\/en\/wp-json\/wp\/v2\/types\/product"}],"replies":[{"embeddable":true,"href":"https:\/\/ruuby.ee\/en\/wp-json\/wp\/v2\/comments?post=1840238"}],"wp:featuredmedia":[{"embeddable":true,"href":"https:\/\/ruuby.ee\/en\/wp-json\/wp\/v2\/media\/1840243"}],"wp:attachment":[{"href":"https:\/\/ruuby.ee\/en\/wp-json\/wp\/v2\/media?parent=1840238"}],"wp:term":[{"taxonomy":"product_brand","embeddable":true,"href":"https:\/\/ruuby.ee\/en\/wp-json\/wp\/v2\/product_brand?post=1840238"},{"taxonomy":"product_cat","embeddable":true,"href":"https:\/\/ruuby.ee\/en\/wp-json\/wp\/v2\/product_cat?post=1840238"},{"taxonomy":"product_tag","embeddable":true,"href":"https:\/\/ruuby.ee\/en\/wp-json\/wp\/v2\/product_tag?post=1840238"}],"curies":[{"name":"wp","href":"https:\/\/api.w.org\/{rel}","templated":true}]}}