{"id":1840219,"date":"2023-10-17T13:43:55","date_gmt":"2023-10-17T10:43:55","guid":{"rendered":"http:\/\/ruuby.ee\/?post_type=product&#038;p=1840219"},"modified":"2026-04-08T01:28:39","modified_gmt":"2026-04-07T22:28:39","slug":"tea-top-klassikaline-tee","status":"publish","type":"product","link":"https:\/\/ruuby.ee\/en\/pood\/joulueri\/joulugurmee\/tea-top-klassikaline-tee\/","title":{"rendered":"Tea-Top klassikaline tee"},"content":{"rendered":"<p>Pakend sisaldab 3 maitsvat segu (6 teepulka paki kohta).<\/p>\n<p>Lahustub t\u00e4ielikult kuumas vees t\u00e4iusliku joogi saamiseks. Sisaldab rikkalikult antioks\u00fcdante, vitamiine ja kogu tee looduslikku headust.<\/p>\n<p>Inglise hommikus\u00f6\u00f6k \u2013 tugev aroom, mis plahvatab piparm\u00fcndi igal lonksul.<br \/>\nEarl Grey &#8211; tugev aroom koos elava magusa puuvilja ja lillelise maitsega.<br \/>\nJasmiini roheline tee \u2013 rikkalik, v\u00f5ine Oolong tee, mida t\u00f5stavad karamelline magusus ja peened lillenoodid.<\/p>\n<p>See klassikaline kollektsioon lihtsalt r\u00f5\u00f5mustab kaasaegseid teejoojaid oma v\u00e4rvilise v\u00e4limuse, intensiivse aroomi ja maitsega.<\/p>\n<p>Tea-Pop on teelehtede\/puuviljade\/lillede ja v\u00fcrtside kogu nende headuses looduslik ekstraktsioon, mis on moodustatud individuaalseks kristallpopiks, mis kuuma vee lisamisel lahustub.<\/p>\n<p>Iga teejook on v\u00f5imaluse korral valmistatud hoolikalt valitud v\u00e4rsketest koostisosadest ja k\u00e4sit\u00f6\u00f6na, et tagada tervise ja heaolu parim tasakaal \u2013 k\u00f5ik suurep\u00e4rase maitsega.<\/p>","protected":false},"excerpt":{"rendered":"<p>Pakend sisaldab 3 maitsvat segu (6 teepulka paki kohta). Lahustub t\u00e4ielikult kuumas vees t\u00e4iusliku joogi saamiseks. Sisaldab rikkalikult antioks\u00fcdante, vitamiine ja kogu tee looduslikku headust. Inglise hommikus\u00f6\u00f6k \u2013 tugev aroom, mis plahvatab piparm\u00fcndi igal lonksul. Earl Grey &#8211; tugev aroom koos elava magusa puuvilja ja lillelise maitsega. Jasmiini roheline tee \u2013 rikkalik, v\u00f5ine Oolong tee, [&hellip;]<\/p>\n","protected":false},"featured_media":1840223,"comment_status":"open","ping_status":"closed","template":"","meta":[],"product_brand":[],"product_cat":[26,954,491,952,643],"product_tag":[],"class_list":{"0":"post-1840219","1":"product","2":"type-product","3":"status-publish","4":"has-post-thumbnail","6":"product_cat-gurmee","7":"product_cat-joulu-kinkekomplektid","8":"product_cat-joulueri","9":"product_cat-joulugurmee","10":"product_cat-tee","12":"first","13":"instock","14":"taxable","15":"shipping-taxable","16":"purchasable","17":"product-type-simple"},"yoast_head":"<!-- This site is optimized with the Yoast SEO plugin v27.3 - https:\/\/yoast.com\/product\/yoast-seo-wordpress\/ -->\n<title>Tea-Top klassikaline tee - RUUBY<\/title>\n<meta name=\"robots\" content=\"index, follow, max-snippet:-1, max-image-preview:large, max-video-preview:-1\" \/>\n<link rel=\"canonical\" href=\"https:\/\/ruuby.ee\/en\/pood\/joulueri\/joulugurmee\/tea-top-klassikaline-tee\/\" \/>\n<meta property=\"og:locale\" content=\"en_GB\" \/>\n<meta property=\"og:type\" content=\"article\" \/>\n<meta property=\"og:title\" content=\"Tea-Top klassikaline tee - RUUBY\" \/>\n<meta property=\"og:description\" content=\"Pakend sisaldab 3 maitsvat segu (6 teepulka paki kohta). Lahustub t\u00e4ielikult kuumas vees t\u00e4iusliku joogi saamiseks. Sisaldab rikkalikult antioks\u00fcdante, vitamiine ja kogu tee looduslikku headust. Inglise hommikus\u00f6\u00f6k \u2013 tugev aroom, mis plahvatab piparm\u00fcndi igal lonksul. Earl Grey &#8211; tugev aroom koos elava magusa puuvilja ja lillelise maitsega. Jasmiini roheline tee \u2013 rikkalik, v\u00f5ine Oolong tee, [&hellip;]\" \/>\n<meta property=\"og:url\" content=\"https:\/\/ruuby.ee\/en\/pood\/joulueri\/joulugurmee\/tea-top-klassikaline-tee\/\" \/>\n<meta property=\"og:site_name\" content=\"RUUBY\" \/>\n<meta property=\"article:publisher\" content=\"https:\/\/www.facebook.com\/ruubyconcept\" \/>\n<meta property=\"article:modified_time\" content=\"2026-04-07T22:28:39+00:00\" \/>\n<meta property=\"og:image\" content=\"https:\/\/ruuby.ee\/wp-content\/uploads\/2023\/10\/Screenshot-2023-10-17-at-13.43.22.png\" \/>\n\t<meta property=\"og:image:width\" content=\"1352\" \/>\n\t<meta property=\"og:image:height\" content=\"1446\" \/>\n\t<meta property=\"og:image:type\" content=\"image\/png\" \/>\n<meta name=\"twitter:card\" content=\"summary_large_image\" \/>\n<meta name=\"twitter:label1\" content=\"Estimated reading time\" \/>\n\t<meta name=\"twitter:data1\" content=\"1 minute\" \/>\n<script type=\"application\/ld+json\" class=\"yoast-schema-graph\">{\"@context\":\"https:\\\/\\\/schema.org\",\"@graph\":[{\"@type\":[\"WebPage\",\"ItemPage\"],\"@id\":\"https:\\\/\\\/ruuby.ee\\\/en\\\/pood\\\/joulueri\\\/joulugurmee\\\/tea-top-klassikaline-tee\\\/\",\"url\":\"https:\\\/\\\/ruuby.ee\\\/en\\\/pood\\\/joulueri\\\/joulugurmee\\\/tea-top-klassikaline-tee\\\/\",\"name\":\"Tea-Top klassikaline tee - RUUBY\",\"isPartOf\":{\"@id\":\"http:\\\/\\\/ruuby.ee\\\/en\\\/#website\"},\"primaryImageOfPage\":{\"@id\":\"https:\\\/\\\/ruuby.ee\\\/en\\\/pood\\\/joulueri\\\/joulugurmee\\\/tea-top-klassikaline-tee\\\/#primaryimage\"},\"image\":{\"@id\":\"https:\\\/\\\/ruuby.ee\\\/en\\\/pood\\\/joulueri\\\/joulugurmee\\\/tea-top-klassikaline-tee\\\/#primaryimage\"},\"thumbnailUrl\":\"https:\\\/\\\/ruuby.ee\\\/wp-content\\\/uploads\\\/2023\\\/10\\\/Screenshot-2023-10-17-at-13.43.22.png\",\"datePublished\":\"2023-10-17T10:43:55+00:00\",\"dateModified\":\"2026-04-07T22:28:39+00:00\",\"breadcrumb\":{\"@id\":\"https:\\\/\\\/ruuby.ee\\\/en\\\/pood\\\/joulueri\\\/joulugurmee\\\/tea-top-klassikaline-tee\\\/#breadcrumb\"},\"inLanguage\":\"en-GB\",\"potentialAction\":[{\"@type\":\"ReadAction\",\"target\":[\"https:\\\/\\\/ruuby.ee\\\/en\\\/pood\\\/joulueri\\\/joulugurmee\\\/tea-top-klassikaline-tee\\\/\"]}]},{\"@type\":\"ImageObject\",\"inLanguage\":\"en-GB\",\"@id\":\"https:\\\/\\\/ruuby.ee\\\/en\\\/pood\\\/joulueri\\\/joulugurmee\\\/tea-top-klassikaline-tee\\\/#primaryimage\",\"url\":\"https:\\\/\\\/ruuby.ee\\\/wp-content\\\/uploads\\\/2023\\\/10\\\/Screenshot-2023-10-17-at-13.43.22.png\",\"contentUrl\":\"https:\\\/\\\/ruuby.ee\\\/wp-content\\\/uploads\\\/2023\\\/10\\\/Screenshot-2023-10-17-at-13.43.22.png\",\"width\":1352,\"height\":1446},{\"@type\":\"BreadcrumbList\",\"@id\":\"https:\\\/\\\/ruuby.ee\\\/en\\\/pood\\\/joulueri\\\/joulugurmee\\\/tea-top-klassikaline-tee\\\/#breadcrumb\",\"itemListElement\":[{\"@type\":\"ListItem\",\"position\":1,\"name\":\"Kdu\",\"item\":\"http:\\\/\\\/ruuby.ee\\\/en\\\/\"},{\"@type\":\"ListItem\",\"position\":2,\"name\":\"Pood\",\"item\":\"http:\\\/\\\/ruuby.ee\\\/en\\\/pood\\\/\"},{\"@type\":\"ListItem\",\"position\":3,\"name\":\"Tea-Top klassikaline tee\"}]},{\"@type\":\"WebSite\",\"@id\":\"http:\\\/\\\/ruuby.ee\\\/en\\\/#website\",\"url\":\"http:\\\/\\\/ruuby.ee\\\/en\\\/\",\"name\":\"RUUBY\",\"description\":\"Ruubys on \u00fchendatud elustiil ja disain\",\"publisher\":{\"@id\":\"http:\\\/\\\/ruuby.ee\\\/en\\\/#organization\"},\"alternateName\":\"Ruuby Disain\",\"potentialAction\":[{\"@type\":\"SearchAction\",\"target\":{\"@type\":\"EntryPoint\",\"urlTemplate\":\"http:\\\/\\\/ruuby.ee\\\/en\\\/?s={search_term_string}\"},\"query-input\":{\"@type\":\"PropertyValueSpecification\",\"valueRequired\":true,\"valueName\":\"search_term_string\"}}],\"inLanguage\":\"en-GB\"},{\"@type\":\"Organization\",\"@id\":\"http:\\\/\\\/ruuby.ee\\\/en\\\/#organization\",\"name\":\"Ruuby Disain O\u00dc\",\"alternateName\":\"Ruuby\",\"url\":\"http:\\\/\\\/ruuby.ee\\\/en\\\/\",\"logo\":{\"@type\":\"ImageObject\",\"inLanguage\":\"en-GB\",\"@id\":\"http:\\\/\\\/ruuby.ee\\\/en\\\/#\\\/schema\\\/logo\\\/image\\\/\",\"url\":\"https:\\\/\\\/ruuby.ee\\\/wp-content\\\/uploads\\\/2023\\\/06\\\/cropped-Black-White-Elegant-Circle-Signature-Fashion-Logo-12_large.png\",\"contentUrl\":\"https:\\\/\\\/ruuby.ee\\\/wp-content\\\/uploads\\\/2023\\\/06\\\/cropped-Black-White-Elegant-Circle-Signature-Fashion-Logo-12_large.png\",\"width\":1280,\"height\":747,\"caption\":\"Ruuby Disain O\u00dc\"},\"image\":{\"@id\":\"http:\\\/\\\/ruuby.ee\\\/en\\\/#\\\/schema\\\/logo\\\/image\\\/\"},\"sameAs\":[\"https:\\\/\\\/www.facebook.com\\\/ruubyconcept\",\"https:\\\/\\\/www.instagram.com\\\/ruuby_concept\\\/\"]}]}<\/script>\n<!-- \/ Yoast SEO plugin. -->","yoast_head_json":{"title":"Tea-Top klassikaline tee - RUUBY","robots":{"index":"index","follow":"follow","max-snippet":"max-snippet:-1","max-image-preview":"max-image-preview:large","max-video-preview":"max-video-preview:-1"},"canonical":"https:\/\/ruuby.ee\/en\/pood\/joulueri\/joulugurmee\/tea-top-klassikaline-tee\/","og_locale":"en_GB","og_type":"article","og_title":"Tea-Top klassikaline tee - RUUBY","og_description":"Pakend sisaldab 3 maitsvat segu (6 teepulka paki kohta). Lahustub t\u00e4ielikult kuumas vees t\u00e4iusliku joogi saamiseks. Sisaldab rikkalikult antioks\u00fcdante, vitamiine ja kogu tee looduslikku headust. Inglise hommikus\u00f6\u00f6k \u2013 tugev aroom, mis plahvatab piparm\u00fcndi igal lonksul. Earl Grey &#8211; tugev aroom koos elava magusa puuvilja ja lillelise maitsega. Jasmiini roheline tee \u2013 rikkalik, v\u00f5ine Oolong tee, [&hellip;]","og_url":"https:\/\/ruuby.ee\/en\/pood\/joulueri\/joulugurmee\/tea-top-klassikaline-tee\/","og_site_name":"RUUBY","article_publisher":"https:\/\/www.facebook.com\/ruubyconcept","article_modified_time":"2026-04-07T22:28:39+00:00","og_image":[{"width":1352,"height":1446,"url":"https:\/\/ruuby.ee\/wp-content\/uploads\/2023\/10\/Screenshot-2023-10-17-at-13.43.22.png","type":"image\/png"}],"twitter_card":"summary_large_image","twitter_misc":{"Estimated reading time":"1 minute"},"schema":{"@context":"https:\/\/schema.org","@graph":[{"@type":["WebPage","ItemPage"],"@id":"https:\/\/ruuby.ee\/en\/pood\/joulueri\/joulugurmee\/tea-top-klassikaline-tee\/","url":"https:\/\/ruuby.ee\/en\/pood\/joulueri\/joulugurmee\/tea-top-klassikaline-tee\/","name":"Tea-Top klassikaline tee - RUUBY","isPartOf":{"@id":"http:\/\/ruuby.ee\/en\/#website"},"primaryImageOfPage":{"@id":"https:\/\/ruuby.ee\/en\/pood\/joulueri\/joulugurmee\/tea-top-klassikaline-tee\/#primaryimage"},"image":{"@id":"https:\/\/ruuby.ee\/en\/pood\/joulueri\/joulugurmee\/tea-top-klassikaline-tee\/#primaryimage"},"thumbnailUrl":"https:\/\/ruuby.ee\/wp-content\/uploads\/2023\/10\/Screenshot-2023-10-17-at-13.43.22.png","datePublished":"2023-10-17T10:43:55+00:00","dateModified":"2026-04-07T22:28:39+00:00","breadcrumb":{"@id":"https:\/\/ruuby.ee\/en\/pood\/joulueri\/joulugurmee\/tea-top-klassikaline-tee\/#breadcrumb"},"inLanguage":"en-GB","potentialAction":[{"@type":"ReadAction","target":["https:\/\/ruuby.ee\/en\/pood\/joulueri\/joulugurmee\/tea-top-klassikaline-tee\/"]}]},{"@type":"ImageObject","inLanguage":"en-GB","@id":"https:\/\/ruuby.ee\/en\/pood\/joulueri\/joulugurmee\/tea-top-klassikaline-tee\/#primaryimage","url":"https:\/\/ruuby.ee\/wp-content\/uploads\/2023\/10\/Screenshot-2023-10-17-at-13.43.22.png","contentUrl":"https:\/\/ruuby.ee\/wp-content\/uploads\/2023\/10\/Screenshot-2023-10-17-at-13.43.22.png","width":1352,"height":1446},{"@type":"BreadcrumbList","@id":"https:\/\/ruuby.ee\/en\/pood\/joulueri\/joulugurmee\/tea-top-klassikaline-tee\/#breadcrumb","itemListElement":[{"@type":"ListItem","position":1,"name":"Kdu","item":"http:\/\/ruuby.ee\/en\/"},{"@type":"ListItem","position":2,"name":"Pood","item":"http:\/\/ruuby.ee\/en\/pood\/"},{"@type":"ListItem","position":3,"name":"Tea-Top klassikaline tee"}]},{"@type":"WebSite","@id":"http:\/\/ruuby.ee\/en\/#website","url":"http:\/\/ruuby.ee\/en\/","name":"RUUBY","description":"Ruubys on \u00fchendatud elustiil ja disain","publisher":{"@id":"http:\/\/ruuby.ee\/en\/#organization"},"alternateName":"Ruuby Disain","potentialAction":[{"@type":"SearchAction","target":{"@type":"EntryPoint","urlTemplate":"http:\/\/ruuby.ee\/en\/?s={search_term_string}"},"query-input":{"@type":"PropertyValueSpecification","valueRequired":true,"valueName":"search_term_string"}}],"inLanguage":"en-GB"},{"@type":"Organization","@id":"http:\/\/ruuby.ee\/en\/#organization","name":"Ruuby Disain O\u00dc","alternateName":"Ruuby","url":"http:\/\/ruuby.ee\/en\/","logo":{"@type":"ImageObject","inLanguage":"en-GB","@id":"http:\/\/ruuby.ee\/en\/#\/schema\/logo\/image\/","url":"https:\/\/ruuby.ee\/wp-content\/uploads\/2023\/06\/cropped-Black-White-Elegant-Circle-Signature-Fashion-Logo-12_large.png","contentUrl":"https:\/\/ruuby.ee\/wp-content\/uploads\/2023\/06\/cropped-Black-White-Elegant-Circle-Signature-Fashion-Logo-12_large.png","width":1280,"height":747,"caption":"Ruuby Disain O\u00dc"},"image":{"@id":"http:\/\/ruuby.ee\/en\/#\/schema\/logo\/image\/"},"sameAs":["https:\/\/www.facebook.com\/ruubyconcept","https:\/\/www.instagram.com\/ruuby_concept\/"]}]}},"jetpack_sharing_enabled":true,"_links":{"self":[{"href":"https:\/\/ruuby.ee\/en\/wp-json\/wp\/v2\/product\/1840219","targetHints":{"allow":["GET"]}}],"collection":[{"href":"https:\/\/ruuby.ee\/en\/wp-json\/wp\/v2\/product"}],"about":[{"href":"https:\/\/ruuby.ee\/en\/wp-json\/wp\/v2\/types\/product"}],"replies":[{"embeddable":true,"href":"https:\/\/ruuby.ee\/en\/wp-json\/wp\/v2\/comments?post=1840219"}],"wp:featuredmedia":[{"embeddable":true,"href":"https:\/\/ruuby.ee\/en\/wp-json\/wp\/v2\/media\/1840223"}],"wp:attachment":[{"href":"https:\/\/ruuby.ee\/en\/wp-json\/wp\/v2\/media?parent=1840219"}],"wp:term":[{"taxonomy":"product_brand","embeddable":true,"href":"https:\/\/ruuby.ee\/en\/wp-json\/wp\/v2\/product_brand?post=1840219"},{"taxonomy":"product_cat","embeddable":true,"href":"https:\/\/ruuby.ee\/en\/wp-json\/wp\/v2\/product_cat?post=1840219"},{"taxonomy":"product_tag","embeddable":true,"href":"https:\/\/ruuby.ee\/en\/wp-json\/wp\/v2\/product_tag?post=1840219"}],"curies":[{"name":"wp","href":"https:\/\/api.w.org\/{rel}","templated":true}]}}