{"id":1839912,"date":"2023-10-06T15:23:24","date_gmt":"2023-10-06T12:23:24","guid":{"rendered":"http:\/\/ruuby.ee\/?post_type=product&#038;p=1839912"},"modified":"2026-04-06T01:26:28","modified_gmt":"2026-04-05T22:26:28","slug":"ekta-living-votmehoidja-kott-must","status":"publish","type":"product","link":"https:\/\/ruuby.ee\/en\/pood\/aksessuaarid\/ekta-living-votmehoidja-kott-must\/","title":{"rendered":"Ekta Living &#8211; v\u00f5tmehoidja kott, must"},"content":{"rendered":"<p>V\u00f5tmed v\u00f5ivad alati endaga kaasas olla ja need ikkagi \u00e4ra peita \u2013 elegantsel moel.<\/p>\n<p>V\u00f5tmehoidja kott on saadaval musta ja naturaalse nahaga. V\u00f5tmekott on hea \u00fcmbris sinu v\u00f5tmetele, et mitte \u00e4ra kraapida telefoni vms. pindasid. Kaunis kingitus!<\/p>\n<p>Materjalid: nahk ja metall.<\/p>\n<p>Pikkus: 10+25cm, s\u00fcgavus 2,8cm ja k\u00f5rgus 4,5cm.<\/p>","protected":false},"excerpt":{"rendered":"<p>V\u00f5tmed v\u00f5ivad alati endaga kaasas olla ja need ikkagi \u00e4ra peita \u2013 elegantsel moel. V\u00f5tmehoidja kott on saadaval musta ja naturaalse nahaga. V\u00f5tmekott on hea \u00fcmbris sinu v\u00f5tmetele, et mitte \u00e4ra kraapida telefoni vms. pindasid. Kaunis kingitus! Materjalid: nahk ja metall. Pikkus: 10+25cm, s\u00fcgavus 2,8cm ja k\u00f5rgus 4,5cm.<\/p>","protected":false},"featured_media":1839914,"comment_status":"open","ping_status":"closed","template":"","meta":[],"product_brand":[],"product_cat":[43,636],"product_tag":[],"class_list":{"0":"post-1839912","1":"product","2":"type-product","3":"status-publish","4":"has-post-thumbnail","6":"product_cat-aksessuaarid","7":"product_cat-votmehoidjad","9":"first","10":"instock","11":"taxable","12":"shipping-taxable","13":"purchasable","14":"product-type-simple"},"yoast_head":"<!-- This site is optimized with the Yoast SEO plugin v27.2 - https:\/\/yoast.com\/product\/yoast-seo-wordpress\/ -->\n<title>Ekta Living - v\u00f5tmehoidja kott, must - RUUBY<\/title>\n<meta name=\"robots\" content=\"index, follow, max-snippet:-1, max-image-preview:large, max-video-preview:-1\" \/>\n<link rel=\"canonical\" href=\"https:\/\/ruuby.ee\/en\/pood\/aksessuaarid\/ekta-living-votmehoidja-kott-must\/\" \/>\n<meta property=\"og:locale\" content=\"en_GB\" \/>\n<meta property=\"og:type\" content=\"article\" \/>\n<meta property=\"og:title\" content=\"Ekta Living - v\u00f5tmehoidja kott, must - RUUBY\" \/>\n<meta property=\"og:description\" content=\"V\u00f5tmed v\u00f5ivad alati endaga kaasas olla ja need ikkagi \u00e4ra peita \u2013 elegantsel moel. V\u00f5tmehoidja kott on saadaval musta ja naturaalse nahaga. V\u00f5tmekott on hea \u00fcmbris sinu v\u00f5tmetele, et mitte \u00e4ra kraapida telefoni vms. pindasid. Kaunis kingitus! Materjalid: nahk ja metall. Pikkus: 10+25cm, s\u00fcgavus 2,8cm ja k\u00f5rgus 4,5cm.\" \/>\n<meta property=\"og:url\" content=\"https:\/\/ruuby.ee\/en\/pood\/aksessuaarid\/ekta-living-votmehoidja-kott-must\/\" \/>\n<meta property=\"og:site_name\" content=\"RUUBY\" \/>\n<meta property=\"article:publisher\" content=\"https:\/\/www.facebook.com\/ruubyconcept\" \/>\n<meta property=\"article:modified_time\" content=\"2026-04-05T22:26:28+00:00\" \/>\n<meta property=\"og:image\" content=\"https:\/\/ruuby.ee\/wp-content\/uploads\/2023\/10\/Screenshot-2023-10-06-at-15.16.39.png\" \/>\n\t<meta property=\"og:image:width\" content=\"1578\" \/>\n\t<meta property=\"og:image:height\" content=\"1280\" \/>\n\t<meta property=\"og:image:type\" content=\"image\/png\" \/>\n<meta name=\"twitter:card\" content=\"summary_large_image\" \/>\n<meta name=\"twitter:label1\" content=\"Estimated reading time\" \/>\n\t<meta name=\"twitter:data1\" content=\"1 minute\" \/>\n<script type=\"application\/ld+json\" class=\"yoast-schema-graph\">{\"@context\":\"https:\/\/schema.org\",\"@graph\":[{\"@type\":[\"WebPage\",\"ItemPage\"],\"@id\":\"https:\/\/ruuby.ee\/pood\/aksessuaarid\/ekta-living-votmehoidja-kott-must\/\",\"url\":\"https:\/\/ruuby.ee\/pood\/aksessuaarid\/ekta-living-votmehoidja-kott-must\/\",\"name\":\"Ekta Living - v\u00f5tmehoidja kott, must - RUUBY\",\"isPartOf\":{\"@id\":\"http:\/\/ruuby.ee\/#website\"},\"primaryImageOfPage\":{\"@id\":\"https:\/\/ruuby.ee\/pood\/aksessuaarid\/ekta-living-votmehoidja-kott-must\/#primaryimage\"},\"image\":{\"@id\":\"https:\/\/ruuby.ee\/pood\/aksessuaarid\/ekta-living-votmehoidja-kott-must\/#primaryimage\"},\"thumbnailUrl\":\"https:\/\/ruuby.ee\/wp-content\/uploads\/2023\/10\/Screenshot-2023-10-06-at-15.16.39.png\",\"datePublished\":\"2023-10-06T12:23:24+00:00\",\"dateModified\":\"2026-04-05T22:26:28+00:00\",\"breadcrumb\":{\"@id\":\"https:\/\/ruuby.ee\/pood\/aksessuaarid\/ekta-living-votmehoidja-kott-must\/#breadcrumb\"},\"inLanguage\":\"en-GB\",\"potentialAction\":[{\"@type\":\"ReadAction\",\"target\":[\"https:\/\/ruuby.ee\/pood\/aksessuaarid\/ekta-living-votmehoidja-kott-must\/\"]}]},{\"@type\":\"ImageObject\",\"inLanguage\":\"en-GB\",\"@id\":\"https:\/\/ruuby.ee\/pood\/aksessuaarid\/ekta-living-votmehoidja-kott-must\/#primaryimage\",\"url\":\"https:\/\/ruuby.ee\/wp-content\/uploads\/2023\/10\/Screenshot-2023-10-06-at-15.16.39.png\",\"contentUrl\":\"https:\/\/ruuby.ee\/wp-content\/uploads\/2023\/10\/Screenshot-2023-10-06-at-15.16.39.png\",\"width\":1578,\"height\":1280},{\"@type\":\"BreadcrumbList\",\"@id\":\"https:\/\/ruuby.ee\/pood\/aksessuaarid\/ekta-living-votmehoidja-kott-must\/#breadcrumb\",\"itemListElement\":[{\"@type\":\"ListItem\",\"position\":1,\"name\":\"Kdu\",\"item\":\"http:\/\/ruuby.ee\/\"},{\"@type\":\"ListItem\",\"position\":2,\"name\":\"Pood\",\"item\":\"https:\/\/ruuby.ee\/en\/pood\/\"},{\"@type\":\"ListItem\",\"position\":3,\"name\":\"Ekta Living &#8211; v\u00f5tmehoidja kott, must\"}]},{\"@type\":\"WebSite\",\"@id\":\"http:\/\/ruuby.ee\/#website\",\"url\":\"http:\/\/ruuby.ee\/\",\"name\":\"RUUBY\",\"description\":\"Ruubys on \u00fchendatud elustiil ja disain\",\"publisher\":{\"@id\":\"http:\/\/ruuby.ee\/#organization\"},\"alternateName\":\"Ruuby Disain\",\"potentialAction\":[{\"@type\":\"SearchAction\",\"target\":{\"@type\":\"EntryPoint\",\"urlTemplate\":\"http:\/\/ruuby.ee\/?s={search_term_string}\"},\"query-input\":{\"@type\":\"PropertyValueSpecification\",\"valueRequired\":true,\"valueName\":\"search_term_string\"}}],\"inLanguage\":\"en-GB\"},{\"@type\":\"Organization\",\"@id\":\"http:\/\/ruuby.ee\/#organization\",\"name\":\"Ruuby Disain O\u00dc\",\"alternateName\":\"Ruuby\",\"url\":\"http:\/\/ruuby.ee\/\",\"logo\":{\"@type\":\"ImageObject\",\"inLanguage\":\"en-GB\",\"@id\":\"http:\/\/ruuby.ee\/#\/schema\/logo\/image\/\",\"url\":\"https:\/\/ruuby.ee\/wp-content\/uploads\/2023\/06\/cropped-Black-White-Elegant-Circle-Signature-Fashion-Logo-12_large.png\",\"contentUrl\":\"https:\/\/ruuby.ee\/wp-content\/uploads\/2023\/06\/cropped-Black-White-Elegant-Circle-Signature-Fashion-Logo-12_large.png\",\"width\":1280,\"height\":747,\"caption\":\"Ruuby Disain O\u00dc\"},\"image\":{\"@id\":\"http:\/\/ruuby.ee\/#\/schema\/logo\/image\/\"},\"sameAs\":[\"https:\/\/www.facebook.com\/ruubyconcept\",\"https:\/\/www.instagram.com\/ruuby_concept\/\"]}]}<\/script>\n<!-- \/ Yoast SEO plugin. -->","yoast_head_json":{"title":"Ekta Living - v\u00f5tmehoidja kott, must - RUUBY","robots":{"index":"index","follow":"follow","max-snippet":"max-snippet:-1","max-image-preview":"max-image-preview:large","max-video-preview":"max-video-preview:-1"},"canonical":"https:\/\/ruuby.ee\/en\/pood\/aksessuaarid\/ekta-living-votmehoidja-kott-must\/","og_locale":"en_GB","og_type":"article","og_title":"Ekta Living - v\u00f5tmehoidja kott, must - RUUBY","og_description":"V\u00f5tmed v\u00f5ivad alati endaga kaasas olla ja need ikkagi \u00e4ra peita \u2013 elegantsel moel. V\u00f5tmehoidja kott on saadaval musta ja naturaalse nahaga. V\u00f5tmekott on hea \u00fcmbris sinu v\u00f5tmetele, et mitte \u00e4ra kraapida telefoni vms. pindasid. Kaunis kingitus! Materjalid: nahk ja metall. Pikkus: 10+25cm, s\u00fcgavus 2,8cm ja k\u00f5rgus 4,5cm.","og_url":"https:\/\/ruuby.ee\/en\/pood\/aksessuaarid\/ekta-living-votmehoidja-kott-must\/","og_site_name":"RUUBY","article_publisher":"https:\/\/www.facebook.com\/ruubyconcept","article_modified_time":"2026-04-05T22:26:28+00:00","og_image":[{"width":1578,"height":1280,"url":"https:\/\/ruuby.ee\/wp-content\/uploads\/2023\/10\/Screenshot-2023-10-06-at-15.16.39.png","type":"image\/png"}],"twitter_card":"summary_large_image","twitter_misc":{"Estimated reading time":"1 minute"},"schema":{"@context":"https:\/\/schema.org","@graph":[{"@type":["WebPage","ItemPage"],"@id":"https:\/\/ruuby.ee\/pood\/aksessuaarid\/ekta-living-votmehoidja-kott-must\/","url":"https:\/\/ruuby.ee\/pood\/aksessuaarid\/ekta-living-votmehoidja-kott-must\/","name":"Ekta Living - v\u00f5tmehoidja kott, must - RUUBY","isPartOf":{"@id":"http:\/\/ruuby.ee\/#website"},"primaryImageOfPage":{"@id":"https:\/\/ruuby.ee\/pood\/aksessuaarid\/ekta-living-votmehoidja-kott-must\/#primaryimage"},"image":{"@id":"https:\/\/ruuby.ee\/pood\/aksessuaarid\/ekta-living-votmehoidja-kott-must\/#primaryimage"},"thumbnailUrl":"https:\/\/ruuby.ee\/wp-content\/uploads\/2023\/10\/Screenshot-2023-10-06-at-15.16.39.png","datePublished":"2023-10-06T12:23:24+00:00","dateModified":"2026-04-05T22:26:28+00:00","breadcrumb":{"@id":"https:\/\/ruuby.ee\/pood\/aksessuaarid\/ekta-living-votmehoidja-kott-must\/#breadcrumb"},"inLanguage":"en-GB","potentialAction":[{"@type":"ReadAction","target":["https:\/\/ruuby.ee\/pood\/aksessuaarid\/ekta-living-votmehoidja-kott-must\/"]}]},{"@type":"ImageObject","inLanguage":"en-GB","@id":"https:\/\/ruuby.ee\/pood\/aksessuaarid\/ekta-living-votmehoidja-kott-must\/#primaryimage","url":"https:\/\/ruuby.ee\/wp-content\/uploads\/2023\/10\/Screenshot-2023-10-06-at-15.16.39.png","contentUrl":"https:\/\/ruuby.ee\/wp-content\/uploads\/2023\/10\/Screenshot-2023-10-06-at-15.16.39.png","width":1578,"height":1280},{"@type":"BreadcrumbList","@id":"https:\/\/ruuby.ee\/pood\/aksessuaarid\/ekta-living-votmehoidja-kott-must\/#breadcrumb","itemListElement":[{"@type":"ListItem","position":1,"name":"Kdu","item":"http:\/\/ruuby.ee\/"},{"@type":"ListItem","position":2,"name":"Pood","item":"https:\/\/ruuby.ee\/en\/pood\/"},{"@type":"ListItem","position":3,"name":"Ekta Living &#8211; v\u00f5tmehoidja kott, must"}]},{"@type":"WebSite","@id":"http:\/\/ruuby.ee\/#website","url":"http:\/\/ruuby.ee\/","name":"RUUBY","description":"Ruubys on \u00fchendatud elustiil ja disain","publisher":{"@id":"http:\/\/ruuby.ee\/#organization"},"alternateName":"Ruuby Disain","potentialAction":[{"@type":"SearchAction","target":{"@type":"EntryPoint","urlTemplate":"http:\/\/ruuby.ee\/?s={search_term_string}"},"query-input":{"@type":"PropertyValueSpecification","valueRequired":true,"valueName":"search_term_string"}}],"inLanguage":"en-GB"},{"@type":"Organization","@id":"http:\/\/ruuby.ee\/#organization","name":"Ruuby Disain O\u00dc","alternateName":"Ruuby","url":"http:\/\/ruuby.ee\/","logo":{"@type":"ImageObject","inLanguage":"en-GB","@id":"http:\/\/ruuby.ee\/#\/schema\/logo\/image\/","url":"https:\/\/ruuby.ee\/wp-content\/uploads\/2023\/06\/cropped-Black-White-Elegant-Circle-Signature-Fashion-Logo-12_large.png","contentUrl":"https:\/\/ruuby.ee\/wp-content\/uploads\/2023\/06\/cropped-Black-White-Elegant-Circle-Signature-Fashion-Logo-12_large.png","width":1280,"height":747,"caption":"Ruuby Disain O\u00dc"},"image":{"@id":"http:\/\/ruuby.ee\/#\/schema\/logo\/image\/"},"sameAs":["https:\/\/www.facebook.com\/ruubyconcept","https:\/\/www.instagram.com\/ruuby_concept\/"]}]}},"jetpack_sharing_enabled":true,"_links":{"self":[{"href":"https:\/\/ruuby.ee\/en\/wp-json\/wp\/v2\/product\/1839912","targetHints":{"allow":["GET"]}}],"collection":[{"href":"https:\/\/ruuby.ee\/en\/wp-json\/wp\/v2\/product"}],"about":[{"href":"https:\/\/ruuby.ee\/en\/wp-json\/wp\/v2\/types\/product"}],"replies":[{"embeddable":true,"href":"https:\/\/ruuby.ee\/en\/wp-json\/wp\/v2\/comments?post=1839912"}],"wp:featuredmedia":[{"embeddable":true,"href":"https:\/\/ruuby.ee\/en\/wp-json\/wp\/v2\/media\/1839914"}],"wp:attachment":[{"href":"https:\/\/ruuby.ee\/en\/wp-json\/wp\/v2\/media?parent=1839912"}],"wp:term":[{"taxonomy":"product_brand","embeddable":true,"href":"https:\/\/ruuby.ee\/en\/wp-json\/wp\/v2\/product_brand?post=1839912"},{"taxonomy":"product_cat","embeddable":true,"href":"https:\/\/ruuby.ee\/en\/wp-json\/wp\/v2\/product_cat?post=1839912"},{"taxonomy":"product_tag","embeddable":true,"href":"https:\/\/ruuby.ee\/en\/wp-json\/wp\/v2\/product_tag?post=1839912"}],"curies":[{"name":"wp","href":"https:\/\/api.w.org\/{rel}","templated":true}]}}