{"id":1839122,"date":"2023-09-08T17:43:50","date_gmt":"2023-09-08T14:43:50","guid":{"rendered":"http:\/\/ruuby.ee\/?post_type=product&#038;p=1839122"},"modified":"2026-04-07T01:27:21","modified_gmt":"2026-04-06T22:27:21","slug":"helge-kuu-alus-cloud-m-2","status":"publish","type":"product","link":"https:\/\/ruuby.ee\/en\/pood\/kodusisustus\/kuunlad\/kipsist-alused\/helge-kuu-alus-cloud-m-2\/","title":{"rendered":"Helge Kuu &#8211; Alus Cloud M"},"content":{"rendered":"<p>Helge Kuu kipsist alus Cloud on efektne koduaksessuaar, mis sobib nii k\u00fc\u00fcnalde- kui ka ehete, viirukite v\u00f5i meigitoodete aluseks! Iga toode on ainulaadne ning valmib tellimuse peale.<\/p>\n<ul>\n<li>Sobib k\u00fc\u00fcnalde, ehete, taimede jms aluseks<\/li>\n<li>Kaal:\u00a0 umb. 360 grammi<\/li>\n<li>Suurus: pikkus 19 cm, laius 18,5 cm, k\u00f5rgus 1,5 cm<\/li>\n<li>K\u00e4sitsi valatud Eestis<\/li>\n<li>Puhastada kerge seebi ja sooja veega, mitte pesta n\u00f5udepesumasinas.<\/li>\n<li>Toote p\u00f5hjas kaitsvad silikoonist \u2018mummud\u2019<\/li>\n<li>Iga alus valmib spetsiaalselt tellimusena, seega v\u00f5ib erineda pildil olevast.<\/li>\n<\/ul>","protected":false},"excerpt":{"rendered":"<p>Helge Kuu kipsist alus Cloud on efektne koduaksessuaar, mis sobib nii k\u00fc\u00fcnalde- kui ka ehete, viirukite v\u00f5i meigitoodete aluseks! Iga toode on ainulaadne ning valmib tellimuse peale. Sobib k\u00fc\u00fcnalde, ehete, taimede jms aluseks Kaal:\u00a0 umb. 360 grammi Suurus: pikkus 19 cm, laius 18,5 cm, k\u00f5rgus 1,5 cm K\u00e4sitsi valatud Eestis Puhastada kerge seebi ja sooja [&hellip;]<\/p>\n","protected":false},"featured_media":1839115,"comment_status":"open","ping_status":"closed","template":"","meta":[],"product_brand":[],"product_cat":[742,54],"product_tag":[],"class_list":{"0":"post-1839122","1":"product","2":"type-product","3":"status-publish","4":"has-post-thumbnail","6":"product_cat-kipsist-alused","7":"product_cat-kuunlad","9":"first","10":"instock","11":"taxable","12":"shipping-taxable","13":"purchasable","14":"product-type-variable","15":"rtwpvs-product"},"yoast_head":"<!-- This site is optimized with the Yoast SEO plugin v27.3 - https:\/\/yoast.com\/product\/yoast-seo-wordpress\/ -->\n<title>Helge Kuu - Alus Cloud M - RUUBY<\/title>\n<meta name=\"robots\" content=\"index, follow, max-snippet:-1, max-image-preview:large, max-video-preview:-1\" \/>\n<link rel=\"canonical\" href=\"https:\/\/ruuby.ee\/en\/pood\/kodusisustus\/kuunlad\/kipsist-alused\/helge-kuu-alus-cloud-m-2\/\" \/>\n<meta property=\"og:locale\" content=\"en_GB\" \/>\n<meta property=\"og:type\" content=\"article\" \/>\n<meta property=\"og:title\" content=\"Helge Kuu - Alus Cloud M - RUUBY\" \/>\n<meta property=\"og:description\" content=\"Helge Kuu kipsist alus Cloud on efektne koduaksessuaar, mis sobib nii k\u00fc\u00fcnalde- kui ka ehete, viirukite v\u00f5i meigitoodete aluseks! Iga toode on ainulaadne ning valmib tellimuse peale. Sobib k\u00fc\u00fcnalde, ehete, taimede jms aluseks Kaal:\u00a0 umb. 360 grammi Suurus: pikkus 19 cm, laius 18,5 cm, k\u00f5rgus 1,5 cm K\u00e4sitsi valatud Eestis Puhastada kerge seebi ja sooja [&hellip;]\" \/>\n<meta property=\"og:url\" content=\"https:\/\/ruuby.ee\/en\/pood\/kodusisustus\/kuunlad\/kipsist-alused\/helge-kuu-alus-cloud-m-2\/\" \/>\n<meta property=\"og:site_name\" content=\"RUUBY\" \/>\n<meta property=\"article:publisher\" content=\"https:\/\/www.facebook.com\/ruubyconcept\" \/>\n<meta property=\"article:modified_time\" content=\"2026-04-06T22:27:21+00:00\" \/>\n<meta property=\"og:image\" content=\"https:\/\/ruuby.ee\/wp-content\/uploads\/2023\/09\/alus-cloud-M.jpg\" \/>\n\t<meta property=\"og:image:width\" content=\"1024\" \/>\n\t<meta property=\"og:image:height\" content=\"1365\" \/>\n\t<meta property=\"og:image:type\" content=\"image\/jpeg\" \/>\n<meta name=\"twitter:card\" content=\"summary_large_image\" \/>\n<meta name=\"twitter:label1\" content=\"Estimated reading time\" \/>\n\t<meta name=\"twitter:data1\" content=\"1 minute\" \/>\n<script type=\"application\/ld+json\" class=\"yoast-schema-graph\">{\"@context\":\"https:\\\/\\\/schema.org\",\"@graph\":[{\"@type\":[\"WebPage\",\"ItemPage\"],\"@id\":\"https:\\\/\\\/ruuby.ee\\\/en\\\/pood\\\/kodusisustus\\\/kuunlad\\\/kipsist-alused\\\/helge-kuu-alus-cloud-m-2\\\/\",\"url\":\"https:\\\/\\\/ruuby.ee\\\/en\\\/pood\\\/kodusisustus\\\/kuunlad\\\/kipsist-alused\\\/helge-kuu-alus-cloud-m-2\\\/\",\"name\":\"Helge Kuu - Alus Cloud M - RUUBY\",\"isPartOf\":{\"@id\":\"http:\\\/\\\/ruuby.ee\\\/en\\\/#website\"},\"primaryImageOfPage\":{\"@id\":\"https:\\\/\\\/ruuby.ee\\\/en\\\/pood\\\/kodusisustus\\\/kuunlad\\\/kipsist-alused\\\/helge-kuu-alus-cloud-m-2\\\/#primaryimage\"},\"image\":{\"@id\":\"https:\\\/\\\/ruuby.ee\\\/en\\\/pood\\\/kodusisustus\\\/kuunlad\\\/kipsist-alused\\\/helge-kuu-alus-cloud-m-2\\\/#primaryimage\"},\"thumbnailUrl\":\"https:\\\/\\\/ruuby.ee\\\/wp-content\\\/uploads\\\/2023\\\/09\\\/alus-cloud-M.jpg\",\"datePublished\":\"2023-09-08T14:43:50+00:00\",\"dateModified\":\"2026-04-06T22:27:21+00:00\",\"breadcrumb\":{\"@id\":\"https:\\\/\\\/ruuby.ee\\\/en\\\/pood\\\/kodusisustus\\\/kuunlad\\\/kipsist-alused\\\/helge-kuu-alus-cloud-m-2\\\/#breadcrumb\"},\"inLanguage\":\"en-GB\",\"potentialAction\":[{\"@type\":\"ReadAction\",\"target\":[\"https:\\\/\\\/ruuby.ee\\\/en\\\/pood\\\/kodusisustus\\\/kuunlad\\\/kipsist-alused\\\/helge-kuu-alus-cloud-m-2\\\/\"]}]},{\"@type\":\"ImageObject\",\"inLanguage\":\"en-GB\",\"@id\":\"https:\\\/\\\/ruuby.ee\\\/en\\\/pood\\\/kodusisustus\\\/kuunlad\\\/kipsist-alused\\\/helge-kuu-alus-cloud-m-2\\\/#primaryimage\",\"url\":\"https:\\\/\\\/ruuby.ee\\\/wp-content\\\/uploads\\\/2023\\\/09\\\/alus-cloud-M.jpg\",\"contentUrl\":\"https:\\\/\\\/ruuby.ee\\\/wp-content\\\/uploads\\\/2023\\\/09\\\/alus-cloud-M.jpg\",\"width\":1024,\"height\":1365},{\"@type\":\"BreadcrumbList\",\"@id\":\"https:\\\/\\\/ruuby.ee\\\/en\\\/pood\\\/kodusisustus\\\/kuunlad\\\/kipsist-alused\\\/helge-kuu-alus-cloud-m-2\\\/#breadcrumb\",\"itemListElement\":[{\"@type\":\"ListItem\",\"position\":1,\"name\":\"Kdu\",\"item\":\"http:\\\/\\\/ruuby.ee\\\/en\\\/\"},{\"@type\":\"ListItem\",\"position\":2,\"name\":\"Pood\",\"item\":\"http:\\\/\\\/ruuby.ee\\\/en\\\/pood\\\/\"},{\"@type\":\"ListItem\",\"position\":3,\"name\":\"Helge Kuu &#8211; Alus Cloud M\"}]},{\"@type\":\"WebSite\",\"@id\":\"http:\\\/\\\/ruuby.ee\\\/en\\\/#website\",\"url\":\"http:\\\/\\\/ruuby.ee\\\/en\\\/\",\"name\":\"RUUBY\",\"description\":\"Ruubys on \u00fchendatud elustiil ja disain\",\"publisher\":{\"@id\":\"http:\\\/\\\/ruuby.ee\\\/en\\\/#organization\"},\"alternateName\":\"Ruuby Disain\",\"potentialAction\":[{\"@type\":\"SearchAction\",\"target\":{\"@type\":\"EntryPoint\",\"urlTemplate\":\"http:\\\/\\\/ruuby.ee\\\/en\\\/?s={search_term_string}\"},\"query-input\":{\"@type\":\"PropertyValueSpecification\",\"valueRequired\":true,\"valueName\":\"search_term_string\"}}],\"inLanguage\":\"en-GB\"},{\"@type\":\"Organization\",\"@id\":\"http:\\\/\\\/ruuby.ee\\\/en\\\/#organization\",\"name\":\"Ruuby Disain O\u00dc\",\"alternateName\":\"Ruuby\",\"url\":\"http:\\\/\\\/ruuby.ee\\\/en\\\/\",\"logo\":{\"@type\":\"ImageObject\",\"inLanguage\":\"en-GB\",\"@id\":\"http:\\\/\\\/ruuby.ee\\\/en\\\/#\\\/schema\\\/logo\\\/image\\\/\",\"url\":\"https:\\\/\\\/ruuby.ee\\\/wp-content\\\/uploads\\\/2023\\\/06\\\/cropped-Black-White-Elegant-Circle-Signature-Fashion-Logo-12_large.png\",\"contentUrl\":\"https:\\\/\\\/ruuby.ee\\\/wp-content\\\/uploads\\\/2023\\\/06\\\/cropped-Black-White-Elegant-Circle-Signature-Fashion-Logo-12_large.png\",\"width\":1280,\"height\":747,\"caption\":\"Ruuby Disain O\u00dc\"},\"image\":{\"@id\":\"http:\\\/\\\/ruuby.ee\\\/en\\\/#\\\/schema\\\/logo\\\/image\\\/\"},\"sameAs\":[\"https:\\\/\\\/www.facebook.com\\\/ruubyconcept\",\"https:\\\/\\\/www.instagram.com\\\/ruuby_concept\\\/\"]}]}<\/script>\n<!-- \/ Yoast SEO plugin. -->","yoast_head_json":{"title":"Helge Kuu - Alus Cloud M - RUUBY","robots":{"index":"index","follow":"follow","max-snippet":"max-snippet:-1","max-image-preview":"max-image-preview:large","max-video-preview":"max-video-preview:-1"},"canonical":"https:\/\/ruuby.ee\/en\/pood\/kodusisustus\/kuunlad\/kipsist-alused\/helge-kuu-alus-cloud-m-2\/","og_locale":"en_GB","og_type":"article","og_title":"Helge Kuu - Alus Cloud M - RUUBY","og_description":"Helge Kuu kipsist alus Cloud on efektne koduaksessuaar, mis sobib nii k\u00fc\u00fcnalde- kui ka ehete, viirukite v\u00f5i meigitoodete aluseks! Iga toode on ainulaadne ning valmib tellimuse peale. Sobib k\u00fc\u00fcnalde, ehete, taimede jms aluseks Kaal:\u00a0 umb. 360 grammi Suurus: pikkus 19 cm, laius 18,5 cm, k\u00f5rgus 1,5 cm K\u00e4sitsi valatud Eestis Puhastada kerge seebi ja sooja [&hellip;]","og_url":"https:\/\/ruuby.ee\/en\/pood\/kodusisustus\/kuunlad\/kipsist-alused\/helge-kuu-alus-cloud-m-2\/","og_site_name":"RUUBY","article_publisher":"https:\/\/www.facebook.com\/ruubyconcept","article_modified_time":"2026-04-06T22:27:21+00:00","og_image":[{"width":1024,"height":1365,"url":"https:\/\/ruuby.ee\/wp-content\/uploads\/2023\/09\/alus-cloud-M.jpg","type":"image\/jpeg"}],"twitter_card":"summary_large_image","twitter_misc":{"Estimated reading time":"1 minute"},"schema":{"@context":"https:\/\/schema.org","@graph":[{"@type":["WebPage","ItemPage"],"@id":"https:\/\/ruuby.ee\/en\/pood\/kodusisustus\/kuunlad\/kipsist-alused\/helge-kuu-alus-cloud-m-2\/","url":"https:\/\/ruuby.ee\/en\/pood\/kodusisustus\/kuunlad\/kipsist-alused\/helge-kuu-alus-cloud-m-2\/","name":"Helge Kuu - Alus Cloud M - RUUBY","isPartOf":{"@id":"http:\/\/ruuby.ee\/en\/#website"},"primaryImageOfPage":{"@id":"https:\/\/ruuby.ee\/en\/pood\/kodusisustus\/kuunlad\/kipsist-alused\/helge-kuu-alus-cloud-m-2\/#primaryimage"},"image":{"@id":"https:\/\/ruuby.ee\/en\/pood\/kodusisustus\/kuunlad\/kipsist-alused\/helge-kuu-alus-cloud-m-2\/#primaryimage"},"thumbnailUrl":"https:\/\/ruuby.ee\/wp-content\/uploads\/2023\/09\/alus-cloud-M.jpg","datePublished":"2023-09-08T14:43:50+00:00","dateModified":"2026-04-06T22:27:21+00:00","breadcrumb":{"@id":"https:\/\/ruuby.ee\/en\/pood\/kodusisustus\/kuunlad\/kipsist-alused\/helge-kuu-alus-cloud-m-2\/#breadcrumb"},"inLanguage":"en-GB","potentialAction":[{"@type":"ReadAction","target":["https:\/\/ruuby.ee\/en\/pood\/kodusisustus\/kuunlad\/kipsist-alused\/helge-kuu-alus-cloud-m-2\/"]}]},{"@type":"ImageObject","inLanguage":"en-GB","@id":"https:\/\/ruuby.ee\/en\/pood\/kodusisustus\/kuunlad\/kipsist-alused\/helge-kuu-alus-cloud-m-2\/#primaryimage","url":"https:\/\/ruuby.ee\/wp-content\/uploads\/2023\/09\/alus-cloud-M.jpg","contentUrl":"https:\/\/ruuby.ee\/wp-content\/uploads\/2023\/09\/alus-cloud-M.jpg","width":1024,"height":1365},{"@type":"BreadcrumbList","@id":"https:\/\/ruuby.ee\/en\/pood\/kodusisustus\/kuunlad\/kipsist-alused\/helge-kuu-alus-cloud-m-2\/#breadcrumb","itemListElement":[{"@type":"ListItem","position":1,"name":"Kdu","item":"http:\/\/ruuby.ee\/en\/"},{"@type":"ListItem","position":2,"name":"Pood","item":"http:\/\/ruuby.ee\/en\/pood\/"},{"@type":"ListItem","position":3,"name":"Helge Kuu &#8211; Alus Cloud M"}]},{"@type":"WebSite","@id":"http:\/\/ruuby.ee\/en\/#website","url":"http:\/\/ruuby.ee\/en\/","name":"RUUBY","description":"Ruubys on \u00fchendatud elustiil ja disain","publisher":{"@id":"http:\/\/ruuby.ee\/en\/#organization"},"alternateName":"Ruuby Disain","potentialAction":[{"@type":"SearchAction","target":{"@type":"EntryPoint","urlTemplate":"http:\/\/ruuby.ee\/en\/?s={search_term_string}"},"query-input":{"@type":"PropertyValueSpecification","valueRequired":true,"valueName":"search_term_string"}}],"inLanguage":"en-GB"},{"@type":"Organization","@id":"http:\/\/ruuby.ee\/en\/#organization","name":"Ruuby Disain O\u00dc","alternateName":"Ruuby","url":"http:\/\/ruuby.ee\/en\/","logo":{"@type":"ImageObject","inLanguage":"en-GB","@id":"http:\/\/ruuby.ee\/en\/#\/schema\/logo\/image\/","url":"https:\/\/ruuby.ee\/wp-content\/uploads\/2023\/06\/cropped-Black-White-Elegant-Circle-Signature-Fashion-Logo-12_large.png","contentUrl":"https:\/\/ruuby.ee\/wp-content\/uploads\/2023\/06\/cropped-Black-White-Elegant-Circle-Signature-Fashion-Logo-12_large.png","width":1280,"height":747,"caption":"Ruuby Disain O\u00dc"},"image":{"@id":"http:\/\/ruuby.ee\/en\/#\/schema\/logo\/image\/"},"sameAs":["https:\/\/www.facebook.com\/ruubyconcept","https:\/\/www.instagram.com\/ruuby_concept\/"]}]}},"jetpack_sharing_enabled":true,"_links":{"self":[{"href":"https:\/\/ruuby.ee\/en\/wp-json\/wp\/v2\/product\/1839122","targetHints":{"allow":["GET"]}}],"collection":[{"href":"https:\/\/ruuby.ee\/en\/wp-json\/wp\/v2\/product"}],"about":[{"href":"https:\/\/ruuby.ee\/en\/wp-json\/wp\/v2\/types\/product"}],"replies":[{"embeddable":true,"href":"https:\/\/ruuby.ee\/en\/wp-json\/wp\/v2\/comments?post=1839122"}],"wp:featuredmedia":[{"embeddable":true,"href":"https:\/\/ruuby.ee\/en\/wp-json\/wp\/v2\/media\/1839115"}],"wp:attachment":[{"href":"https:\/\/ruuby.ee\/en\/wp-json\/wp\/v2\/media?parent=1839122"}],"wp:term":[{"taxonomy":"product_brand","embeddable":true,"href":"https:\/\/ruuby.ee\/en\/wp-json\/wp\/v2\/product_brand?post=1839122"},{"taxonomy":"product_cat","embeddable":true,"href":"https:\/\/ruuby.ee\/en\/wp-json\/wp\/v2\/product_cat?post=1839122"},{"taxonomy":"product_tag","embeddable":true,"href":"https:\/\/ruuby.ee\/en\/wp-json\/wp\/v2\/product_tag?post=1839122"}],"curies":[{"name":"wp","href":"https:\/\/api.w.org\/{rel}","templated":true}]}}