{"id":1839101,"date":"2023-09-07T20:06:58","date_gmt":"2023-09-07T17:06:58","guid":{"rendered":"http:\/\/ruuby.ee\/?post_type=product&#038;p=1839101"},"modified":"2026-04-08T01:28:40","modified_gmt":"2026-04-07T22:28:40","slug":"sticky-lemon-kummikud-2","status":"publish","type":"product","link":"https:\/\/ruuby.ee\/en\/pood\/jalanoud\/kummikud\/sticky-lemon-kummikud-2\/","title":{"rendered":"Sticky Lemon &#8211; kummikud"},"content":{"rendered":"<p>Need Sticky Lemoni kummikud on loodud vihmasteks ilmadeks. Nende kummikutega ei pea sa muretsema, et laps ei taha kummikuid jalga panna. Need l\u00f5busad v\u00e4rvid ja kujundus toovad naeru suule.<\/p>\n<p>Kerged jalas ja h\u00e4sti hooldatavad \u2013 peale \u00f5ues k\u00e4iku lase veega \u00fcle ja j\u00e4lle nagu uued.<\/p>\n<p>Vihmane pidu teie jalgadel, valmis m\u00e4ngima metsas, m\u00e4\u00e4rides oma k\u00e4ed ja jalad aias, kasutades samal ajal oma rohelisi s\u00f5rmi puu- ja k\u00f6\u00f6giviljade istutamisel.<\/p>\n<p>Vihmasaabastel on seest pirnimuster.<\/p>\n<p>Materjal:\u00a0looduslik kumm,\u00a0need vihmasaapad on k\u00e4sitsi valmistatud | iga paar on unikaalne.<\/p>\n<p>Toote hooldus: puhastage niiske lapiga.<\/p>\n<p>&nbsp;<\/p>\n<p>Soovi korral saab sobivat suurust juurde tellida, kui seda Ruuby laos ei ole.<\/p>\n<p>Suurused:<\/p>\n<p>EU \u2013 UK \u2013 CM<br \/>\n22 \u2013 5,5 \u2013 14,6<br \/>\n23 \u2013 6 \u2013 15,3<br \/>\n24 \u2013 7 \u2013 16<br \/>\n25 \u2013 8 -16,7<br \/>\n26 \u2013 8,5 \u2013 17,2<br \/>\n27 \u2013 9 \u2013 17,8<br \/>\n28 \u2013 10 \u2013 18,5<br \/>\n29 \u2013 10,5 \u2013 19,2<br \/>\n30 \u2013 11,5 \u2013 20<br \/>\n31 \u2013 12 \u2013 20,6<br \/>\n32 \u2013 13 \u2013 21,2<br \/>\n33 \u2013 1 \u2013 22<br \/>\n34 \u2013 2 \u2013 22,7<br \/>\n35 \u2013 3 \u2013 23,2<\/p>","protected":false},"excerpt":{"rendered":"<p>Soovi korral saab sobivat suurust juurde tellida, kui seda Ruuby laos ei ole.<\/p>\n<p>Kirjuta tellimuse soovi korral info@ruuby.ee ning lisa toote nimi ja suurus.<\/p>","protected":false},"featured_media":1839103,"comment_status":"open","ping_status":"closed","template":"","meta":[],"product_brand":[],"product_cat":[39,651],"product_tag":[460,438],"class_list":{"0":"post-1839101","1":"product","2":"type-product","3":"status-publish","4":"has-post-thumbnail","6":"product_cat-jalanoud","7":"product_cat-kummikud","8":"product_tag-kummikud","9":"product_tag-sticky-lemon","11":"first","12":"outofstock","13":"taxable","14":"shipping-taxable","15":"purchasable","16":"product-type-variable","17":"rtwpvs-product"},"yoast_head":"<!-- This site is optimized with the Yoast SEO plugin v27.3 - https:\/\/yoast.com\/product\/yoast-seo-wordpress\/ -->\n<title>Sticky Lemon - kummikud - RUUBY<\/title>\n<meta name=\"robots\" content=\"index, follow, max-snippet:-1, max-image-preview:large, max-video-preview:-1\" \/>\n<link rel=\"canonical\" href=\"http:\/\/ruuby.ee\/en\/pood\/jalanoud\/kummikud\/sticky-lemon-kummikud-2\/\" \/>\n<meta property=\"og:locale\" content=\"en_GB\" \/>\n<meta property=\"og:type\" content=\"article\" \/>\n<meta property=\"og:title\" content=\"Sticky Lemon - kummikud - RUUBY\" \/>\n<meta property=\"og:description\" content=\"Soovi korral saab sobivat suurust juurde tellida, kui seda Ruuby laos ei ole.  Kirjuta tellimuse soovi korral info@ruuby.ee ning lisa toote nimi ja suurus.\" \/>\n<meta property=\"og:url\" content=\"http:\/\/ruuby.ee\/en\/pood\/jalanoud\/kummikud\/sticky-lemon-kummikud-2\/\" \/>\n<meta property=\"og:site_name\" content=\"RUUBY\" \/>\n<meta property=\"article:publisher\" content=\"https:\/\/www.facebook.com\/ruubyconcept\" \/>\n<meta property=\"article:modified_time\" content=\"2026-04-07T22:28:40+00:00\" \/>\n<meta property=\"og:image\" content=\"http:\/\/ruuby.ee\/wp-content\/uploads\/2023\/09\/IMG_7477.webp\" \/>\n\t<meta property=\"og:image:width\" content=\"528\" \/>\n\t<meta property=\"og:image:height\" content=\"792\" \/>\n\t<meta property=\"og:image:type\" content=\"image\/webp\" \/>\n<meta name=\"twitter:card\" content=\"summary_large_image\" \/>\n<meta name=\"twitter:label1\" content=\"Estimated reading time\" \/>\n\t<meta name=\"twitter:data1\" content=\"2 minutes\" \/>\n<script type=\"application\/ld+json\" class=\"yoast-schema-graph\">{\"@context\":\"https:\\\/\\\/schema.org\",\"@graph\":[{\"@type\":[\"WebPage\",\"ItemPage\"],\"@id\":\"http:\\\/\\\/ruuby.ee\\\/pood\\\/jalanoud\\\/kummikud\\\/sticky-lemon-kummikud-2\\\/\",\"url\":\"http:\\\/\\\/ruuby.ee\\\/pood\\\/jalanoud\\\/kummikud\\\/sticky-lemon-kummikud-2\\\/\",\"name\":\"Sticky Lemon - kummikud - RUUBY\",\"isPartOf\":{\"@id\":\"http:\\\/\\\/ruuby.ee\\\/en\\\/#website\"},\"primaryImageOfPage\":{\"@id\":\"http:\\\/\\\/ruuby.ee\\\/pood\\\/jalanoud\\\/kummikud\\\/sticky-lemon-kummikud-2\\\/#primaryimage\"},\"image\":{\"@id\":\"http:\\\/\\\/ruuby.ee\\\/pood\\\/jalanoud\\\/kummikud\\\/sticky-lemon-kummikud-2\\\/#primaryimage\"},\"thumbnailUrl\":\"https:\\\/\\\/ruuby.ee\\\/wp-content\\\/uploads\\\/2023\\\/09\\\/IMG_7477.webp\",\"datePublished\":\"2023-09-07T17:06:58+00:00\",\"dateModified\":\"2026-04-07T22:28:40+00:00\",\"breadcrumb\":{\"@id\":\"http:\\\/\\\/ruuby.ee\\\/pood\\\/jalanoud\\\/kummikud\\\/sticky-lemon-kummikud-2\\\/#breadcrumb\"},\"inLanguage\":\"en-GB\",\"potentialAction\":[{\"@type\":\"ReadAction\",\"target\":[\"http:\\\/\\\/ruuby.ee\\\/pood\\\/jalanoud\\\/kummikud\\\/sticky-lemon-kummikud-2\\\/\"]}]},{\"@type\":\"ImageObject\",\"inLanguage\":\"en-GB\",\"@id\":\"http:\\\/\\\/ruuby.ee\\\/pood\\\/jalanoud\\\/kummikud\\\/sticky-lemon-kummikud-2\\\/#primaryimage\",\"url\":\"https:\\\/\\\/ruuby.ee\\\/wp-content\\\/uploads\\\/2023\\\/09\\\/IMG_7477.webp\",\"contentUrl\":\"https:\\\/\\\/ruuby.ee\\\/wp-content\\\/uploads\\\/2023\\\/09\\\/IMG_7477.webp\",\"width\":528,\"height\":792},{\"@type\":\"BreadcrumbList\",\"@id\":\"http:\\\/\\\/ruuby.ee\\\/pood\\\/jalanoud\\\/kummikud\\\/sticky-lemon-kummikud-2\\\/#breadcrumb\",\"itemListElement\":[{\"@type\":\"ListItem\",\"position\":1,\"name\":\"Kdu\",\"item\":\"http:\\\/\\\/ruuby.ee\\\/en\\\/\"},{\"@type\":\"ListItem\",\"position\":2,\"name\":\"Pood\",\"item\":\"http:\\\/\\\/ruuby.ee\\\/en\\\/pood\\\/\"},{\"@type\":\"ListItem\",\"position\":3,\"name\":\"Sticky Lemon &#8211; kummikud\"}]},{\"@type\":\"WebSite\",\"@id\":\"http:\\\/\\\/ruuby.ee\\\/en\\\/#website\",\"url\":\"http:\\\/\\\/ruuby.ee\\\/en\\\/\",\"name\":\"RUUBY\",\"description\":\"Ruubys on \u00fchendatud elustiil ja disain\",\"publisher\":{\"@id\":\"http:\\\/\\\/ruuby.ee\\\/en\\\/#organization\"},\"alternateName\":\"Ruuby Disain\",\"potentialAction\":[{\"@type\":\"SearchAction\",\"target\":{\"@type\":\"EntryPoint\",\"urlTemplate\":\"http:\\\/\\\/ruuby.ee\\\/en\\\/?s={search_term_string}\"},\"query-input\":{\"@type\":\"PropertyValueSpecification\",\"valueRequired\":true,\"valueName\":\"search_term_string\"}}],\"inLanguage\":\"en-GB\"},{\"@type\":\"Organization\",\"@id\":\"http:\\\/\\\/ruuby.ee\\\/en\\\/#organization\",\"name\":\"Ruuby Disain O\u00dc\",\"alternateName\":\"Ruuby\",\"url\":\"http:\\\/\\\/ruuby.ee\\\/en\\\/\",\"logo\":{\"@type\":\"ImageObject\",\"inLanguage\":\"en-GB\",\"@id\":\"http:\\\/\\\/ruuby.ee\\\/en\\\/#\\\/schema\\\/logo\\\/image\\\/\",\"url\":\"https:\\\/\\\/ruuby.ee\\\/wp-content\\\/uploads\\\/2023\\\/06\\\/cropped-Black-White-Elegant-Circle-Signature-Fashion-Logo-12_large.png\",\"contentUrl\":\"https:\\\/\\\/ruuby.ee\\\/wp-content\\\/uploads\\\/2023\\\/06\\\/cropped-Black-White-Elegant-Circle-Signature-Fashion-Logo-12_large.png\",\"width\":1280,\"height\":747,\"caption\":\"Ruuby Disain O\u00dc\"},\"image\":{\"@id\":\"http:\\\/\\\/ruuby.ee\\\/en\\\/#\\\/schema\\\/logo\\\/image\\\/\"},\"sameAs\":[\"https:\\\/\\\/www.facebook.com\\\/ruubyconcept\",\"https:\\\/\\\/www.instagram.com\\\/ruuby_concept\\\/\"]}]}<\/script>\n<!-- \/ Yoast SEO plugin. -->","yoast_head_json":{"title":"Sticky Lemon - kummikud - RUUBY","robots":{"index":"index","follow":"follow","max-snippet":"max-snippet:-1","max-image-preview":"max-image-preview:large","max-video-preview":"max-video-preview:-1"},"canonical":"http:\/\/ruuby.ee\/en\/pood\/jalanoud\/kummikud\/sticky-lemon-kummikud-2\/","og_locale":"en_GB","og_type":"article","og_title":"Sticky Lemon - kummikud - RUUBY","og_description":"Soovi korral saab sobivat suurust juurde tellida, kui seda Ruuby laos ei ole.  Kirjuta tellimuse soovi korral info@ruuby.ee ning lisa toote nimi ja suurus.","og_url":"http:\/\/ruuby.ee\/en\/pood\/jalanoud\/kummikud\/sticky-lemon-kummikud-2\/","og_site_name":"RUUBY","article_publisher":"https:\/\/www.facebook.com\/ruubyconcept","article_modified_time":"2026-04-07T22:28:40+00:00","og_image":[{"width":528,"height":792,"url":"http:\/\/ruuby.ee\/wp-content\/uploads\/2023\/09\/IMG_7477.webp","type":"image\/webp"}],"twitter_card":"summary_large_image","twitter_misc":{"Estimated reading time":"2 minutes"},"schema":{"@context":"https:\/\/schema.org","@graph":[{"@type":["WebPage","ItemPage"],"@id":"http:\/\/ruuby.ee\/pood\/jalanoud\/kummikud\/sticky-lemon-kummikud-2\/","url":"http:\/\/ruuby.ee\/pood\/jalanoud\/kummikud\/sticky-lemon-kummikud-2\/","name":"Sticky Lemon - kummikud - RUUBY","isPartOf":{"@id":"http:\/\/ruuby.ee\/en\/#website"},"primaryImageOfPage":{"@id":"http:\/\/ruuby.ee\/pood\/jalanoud\/kummikud\/sticky-lemon-kummikud-2\/#primaryimage"},"image":{"@id":"http:\/\/ruuby.ee\/pood\/jalanoud\/kummikud\/sticky-lemon-kummikud-2\/#primaryimage"},"thumbnailUrl":"https:\/\/ruuby.ee\/wp-content\/uploads\/2023\/09\/IMG_7477.webp","datePublished":"2023-09-07T17:06:58+00:00","dateModified":"2026-04-07T22:28:40+00:00","breadcrumb":{"@id":"http:\/\/ruuby.ee\/pood\/jalanoud\/kummikud\/sticky-lemon-kummikud-2\/#breadcrumb"},"inLanguage":"en-GB","potentialAction":[{"@type":"ReadAction","target":["http:\/\/ruuby.ee\/pood\/jalanoud\/kummikud\/sticky-lemon-kummikud-2\/"]}]},{"@type":"ImageObject","inLanguage":"en-GB","@id":"http:\/\/ruuby.ee\/pood\/jalanoud\/kummikud\/sticky-lemon-kummikud-2\/#primaryimage","url":"https:\/\/ruuby.ee\/wp-content\/uploads\/2023\/09\/IMG_7477.webp","contentUrl":"https:\/\/ruuby.ee\/wp-content\/uploads\/2023\/09\/IMG_7477.webp","width":528,"height":792},{"@type":"BreadcrumbList","@id":"http:\/\/ruuby.ee\/pood\/jalanoud\/kummikud\/sticky-lemon-kummikud-2\/#breadcrumb","itemListElement":[{"@type":"ListItem","position":1,"name":"Kdu","item":"http:\/\/ruuby.ee\/en\/"},{"@type":"ListItem","position":2,"name":"Pood","item":"http:\/\/ruuby.ee\/en\/pood\/"},{"@type":"ListItem","position":3,"name":"Sticky Lemon &#8211; kummikud"}]},{"@type":"WebSite","@id":"http:\/\/ruuby.ee\/en\/#website","url":"http:\/\/ruuby.ee\/en\/","name":"RUUBY","description":"Ruubys on \u00fchendatud elustiil ja disain","publisher":{"@id":"http:\/\/ruuby.ee\/en\/#organization"},"alternateName":"Ruuby Disain","potentialAction":[{"@type":"SearchAction","target":{"@type":"EntryPoint","urlTemplate":"http:\/\/ruuby.ee\/en\/?s={search_term_string}"},"query-input":{"@type":"PropertyValueSpecification","valueRequired":true,"valueName":"search_term_string"}}],"inLanguage":"en-GB"},{"@type":"Organization","@id":"http:\/\/ruuby.ee\/en\/#organization","name":"Ruuby Disain O\u00dc","alternateName":"Ruuby","url":"http:\/\/ruuby.ee\/en\/","logo":{"@type":"ImageObject","inLanguage":"en-GB","@id":"http:\/\/ruuby.ee\/en\/#\/schema\/logo\/image\/","url":"https:\/\/ruuby.ee\/wp-content\/uploads\/2023\/06\/cropped-Black-White-Elegant-Circle-Signature-Fashion-Logo-12_large.png","contentUrl":"https:\/\/ruuby.ee\/wp-content\/uploads\/2023\/06\/cropped-Black-White-Elegant-Circle-Signature-Fashion-Logo-12_large.png","width":1280,"height":747,"caption":"Ruuby Disain O\u00dc"},"image":{"@id":"http:\/\/ruuby.ee\/en\/#\/schema\/logo\/image\/"},"sameAs":["https:\/\/www.facebook.com\/ruubyconcept","https:\/\/www.instagram.com\/ruuby_concept\/"]}]}},"jetpack_sharing_enabled":true,"_links":{"self":[{"href":"https:\/\/ruuby.ee\/en\/wp-json\/wp\/v2\/product\/1839101","targetHints":{"allow":["GET"]}}],"collection":[{"href":"https:\/\/ruuby.ee\/en\/wp-json\/wp\/v2\/product"}],"about":[{"href":"https:\/\/ruuby.ee\/en\/wp-json\/wp\/v2\/types\/product"}],"replies":[{"embeddable":true,"href":"https:\/\/ruuby.ee\/en\/wp-json\/wp\/v2\/comments?post=1839101"}],"wp:featuredmedia":[{"embeddable":true,"href":"https:\/\/ruuby.ee\/en\/wp-json\/wp\/v2\/media\/1839103"}],"wp:attachment":[{"href":"https:\/\/ruuby.ee\/en\/wp-json\/wp\/v2\/media?parent=1839101"}],"wp:term":[{"taxonomy":"product_brand","embeddable":true,"href":"https:\/\/ruuby.ee\/en\/wp-json\/wp\/v2\/product_brand?post=1839101"},{"taxonomy":"product_cat","embeddable":true,"href":"https:\/\/ruuby.ee\/en\/wp-json\/wp\/v2\/product_cat?post=1839101"},{"taxonomy":"product_tag","embeddable":true,"href":"https:\/\/ruuby.ee\/en\/wp-json\/wp\/v2\/product_tag?post=1839101"}],"curies":[{"name":"wp","href":"https:\/\/api.w.org\/{rel}","templated":true}]}}