{"id":1838952,"date":"2023-09-01T17:29:43","date_gmt":"2023-09-01T14:29:43","guid":{"rendered":"http:\/\/ruuby.ee\/?post_type=product&#038;p=1838952"},"modified":"2026-04-05T01:25:32","modified_gmt":"2026-04-04T22:25:32","slug":"ayaida-joogipudeli-kaepide-matte-black","status":"publish","type":"product","link":"https:\/\/ruuby.ee\/en\/pood\/aksessuaarid\/joogipudelid-ja-haara-kaasa-valik\/lisad-joogipudelid-ja-haara-kaasa-valik\/ayaida-joogipudeli-kaepide-matte-black\/","title":{"rendered":"AYA&amp;IDA &#8211; joogipudeli k\u00e4epide, Matte Black"},"content":{"rendered":"<p>AYA&amp;IDA pudelik\u00e4epidemed sobivad k\u00f5ikidele meie pudelitele ja h\u00f5lbustavad pudeli kaasaskandmist. Toodetud plaatina silikoonist.<\/p>","protected":false},"excerpt":{"rendered":"<p>AYA&amp;IDA pudelik\u00e4epidemed sobivad k\u00f5ikidele meie pudelitele ja h\u00f5lbustavad pudeli kaasaskandmist. Toodetud plaatina silikoonist.<\/p>","protected":false},"featured_media":1838948,"comment_status":"open","ping_status":"closed","template":"","meta":[],"product_brand":[],"product_cat":[463,841],"product_tag":[],"class_list":{"0":"post-1838952","1":"product","2":"type-product","3":"status-publish","4":"has-post-thumbnail","6":"product_cat-joogipudelid-ja-haara-kaasa-valik","7":"product_cat-lisad-joogipudelid-ja-haara-kaasa-valik","9":"first","10":"outofstock","11":"taxable","12":"shipping-taxable","13":"purchasable","14":"product-type-simple"},"yoast_head":"<!-- This site is optimized with the Yoast SEO plugin v27.2 - https:\/\/yoast.com\/product\/yoast-seo-wordpress\/ -->\n<title>AYA&amp;IDA - joogipudeli k\u00e4epide, Matte Black - RUUBY<\/title>\n<meta name=\"robots\" content=\"index, follow, max-snippet:-1, max-image-preview:large, max-video-preview:-1\" \/>\n<link rel=\"canonical\" href=\"http:\/\/ruuby.ee\/en\/pood\/aksessuaarid\/joogipudelid-ja-haara-kaasa-valik\/lisad-joogipudelid-ja-haara-kaasa-valik\/ayaida-joogipudeli-kaepide-matte-black\/\" \/>\n<meta property=\"og:locale\" content=\"en_GB\" \/>\n<meta property=\"og:type\" content=\"article\" \/>\n<meta property=\"og:title\" content=\"AYA&amp;IDA - joogipudeli k\u00e4epide, Matte Black - RUUBY\" \/>\n<meta property=\"og:description\" content=\"AYA&amp;IDA pudelik\u00e4epidemed sobivad k\u00f5ikidele meie pudelitele ja h\u00f5lbustavad pudeli kaasaskandmist. Toodetud plaatina silikoonist.\" \/>\n<meta property=\"og:url\" content=\"http:\/\/ruuby.ee\/en\/pood\/aksessuaarid\/joogipudelid-ja-haara-kaasa-valik\/lisad-joogipudelid-ja-haara-kaasa-valik\/ayaida-joogipudeli-kaepide-matte-black\/\" \/>\n<meta property=\"og:site_name\" content=\"RUUBY\" \/>\n<meta property=\"article:publisher\" content=\"https:\/\/www.facebook.com\/ruubyconcept\" \/>\n<meta property=\"article:modified_time\" content=\"2026-04-04T22:25:32+00:00\" \/>\n<meta property=\"og:image\" content=\"http:\/\/ruuby.ee\/wp-content\/uploads\/2023\/09\/Screenshot-2023-09-01-at-17.26.15.png\" \/>\n\t<meta property=\"og:image:width\" content=\"972\" \/>\n\t<meta property=\"og:image:height\" content=\"752\" \/>\n\t<meta property=\"og:image:type\" content=\"image\/png\" \/>\n<meta name=\"twitter:card\" content=\"summary_large_image\" \/>\n<meta name=\"twitter:label1\" content=\"Estimated reading time\" \/>\n\t<meta name=\"twitter:data1\" content=\"1 minute\" \/>\n<script type=\"application\/ld+json\" class=\"yoast-schema-graph\">{\"@context\":\"https:\/\/schema.org\",\"@graph\":[{\"@type\":[\"WebPage\",\"ItemPage\"],\"@id\":\"http:\/\/ruuby.ee\/pood\/aksessuaarid\/joogipudelid-ja-haara-kaasa-valik\/lisad-joogipudelid-ja-haara-kaasa-valik\/ayaida-joogipudeli-kaepide-matte-black\/\",\"url\":\"http:\/\/ruuby.ee\/pood\/aksessuaarid\/joogipudelid-ja-haara-kaasa-valik\/lisad-joogipudelid-ja-haara-kaasa-valik\/ayaida-joogipudeli-kaepide-matte-black\/\",\"name\":\"AYA&amp;IDA - joogipudeli k\u00e4epide, Matte Black - RUUBY\",\"isPartOf\":{\"@id\":\"http:\/\/ruuby.ee\/#website\"},\"primaryImageOfPage\":{\"@id\":\"http:\/\/ruuby.ee\/pood\/aksessuaarid\/joogipudelid-ja-haara-kaasa-valik\/lisad-joogipudelid-ja-haara-kaasa-valik\/ayaida-joogipudeli-kaepide-matte-black\/#primaryimage\"},\"image\":{\"@id\":\"http:\/\/ruuby.ee\/pood\/aksessuaarid\/joogipudelid-ja-haara-kaasa-valik\/lisad-joogipudelid-ja-haara-kaasa-valik\/ayaida-joogipudeli-kaepide-matte-black\/#primaryimage\"},\"thumbnailUrl\":\"https:\/\/ruuby.ee\/wp-content\/uploads\/2023\/09\/Screenshot-2023-09-01-at-17.26.15.png\",\"datePublished\":\"2023-09-01T14:29:43+00:00\",\"dateModified\":\"2026-04-04T22:25:32+00:00\",\"breadcrumb\":{\"@id\":\"http:\/\/ruuby.ee\/pood\/aksessuaarid\/joogipudelid-ja-haara-kaasa-valik\/lisad-joogipudelid-ja-haara-kaasa-valik\/ayaida-joogipudeli-kaepide-matte-black\/#breadcrumb\"},\"inLanguage\":\"en-GB\",\"potentialAction\":[{\"@type\":\"ReadAction\",\"target\":[\"http:\/\/ruuby.ee\/pood\/aksessuaarid\/joogipudelid-ja-haara-kaasa-valik\/lisad-joogipudelid-ja-haara-kaasa-valik\/ayaida-joogipudeli-kaepide-matte-black\/\"]}]},{\"@type\":\"ImageObject\",\"inLanguage\":\"en-GB\",\"@id\":\"http:\/\/ruuby.ee\/pood\/aksessuaarid\/joogipudelid-ja-haara-kaasa-valik\/lisad-joogipudelid-ja-haara-kaasa-valik\/ayaida-joogipudeli-kaepide-matte-black\/#primaryimage\",\"url\":\"https:\/\/ruuby.ee\/wp-content\/uploads\/2023\/09\/Screenshot-2023-09-01-at-17.26.15.png\",\"contentUrl\":\"https:\/\/ruuby.ee\/wp-content\/uploads\/2023\/09\/Screenshot-2023-09-01-at-17.26.15.png\",\"width\":972,\"height\":752},{\"@type\":\"BreadcrumbList\",\"@id\":\"http:\/\/ruuby.ee\/pood\/aksessuaarid\/joogipudelid-ja-haara-kaasa-valik\/lisad-joogipudelid-ja-haara-kaasa-valik\/ayaida-joogipudeli-kaepide-matte-black\/#breadcrumb\",\"itemListElement\":[{\"@type\":\"ListItem\",\"position\":1,\"name\":\"Kdu\",\"item\":\"http:\/\/ruuby.ee\/\"},{\"@type\":\"ListItem\",\"position\":2,\"name\":\"Pood\",\"item\":\"https:\/\/ruuby.ee\/en\/pood\/\"},{\"@type\":\"ListItem\",\"position\":3,\"name\":\"AYA&amp;IDA &#8211; joogipudeli k\u00e4epide, Matte Black\"}]},{\"@type\":\"WebSite\",\"@id\":\"http:\/\/ruuby.ee\/#website\",\"url\":\"http:\/\/ruuby.ee\/\",\"name\":\"RUUBY\",\"description\":\"Ruubys on \u00fchendatud elustiil ja disain\",\"publisher\":{\"@id\":\"http:\/\/ruuby.ee\/#organization\"},\"alternateName\":\"Ruuby Disain\",\"potentialAction\":[{\"@type\":\"SearchAction\",\"target\":{\"@type\":\"EntryPoint\",\"urlTemplate\":\"http:\/\/ruuby.ee\/?s={search_term_string}\"},\"query-input\":{\"@type\":\"PropertyValueSpecification\",\"valueRequired\":true,\"valueName\":\"search_term_string\"}}],\"inLanguage\":\"en-GB\"},{\"@type\":\"Organization\",\"@id\":\"http:\/\/ruuby.ee\/#organization\",\"name\":\"Ruuby Disain O\u00dc\",\"alternateName\":\"Ruuby\",\"url\":\"http:\/\/ruuby.ee\/\",\"logo\":{\"@type\":\"ImageObject\",\"inLanguage\":\"en-GB\",\"@id\":\"http:\/\/ruuby.ee\/#\/schema\/logo\/image\/\",\"url\":\"https:\/\/ruuby.ee\/wp-content\/uploads\/2023\/06\/cropped-Black-White-Elegant-Circle-Signature-Fashion-Logo-12_large.png\",\"contentUrl\":\"https:\/\/ruuby.ee\/wp-content\/uploads\/2023\/06\/cropped-Black-White-Elegant-Circle-Signature-Fashion-Logo-12_large.png\",\"width\":1280,\"height\":747,\"caption\":\"Ruuby Disain O\u00dc\"},\"image\":{\"@id\":\"http:\/\/ruuby.ee\/#\/schema\/logo\/image\/\"},\"sameAs\":[\"https:\/\/www.facebook.com\/ruubyconcept\",\"https:\/\/www.instagram.com\/ruuby_concept\/\"]}]}<\/script>\n<!-- \/ Yoast SEO plugin. -->","yoast_head_json":{"title":"AYA&amp;IDA - joogipudeli k\u00e4epide, Matte Black - RUUBY","robots":{"index":"index","follow":"follow","max-snippet":"max-snippet:-1","max-image-preview":"max-image-preview:large","max-video-preview":"max-video-preview:-1"},"canonical":"http:\/\/ruuby.ee\/en\/pood\/aksessuaarid\/joogipudelid-ja-haara-kaasa-valik\/lisad-joogipudelid-ja-haara-kaasa-valik\/ayaida-joogipudeli-kaepide-matte-black\/","og_locale":"en_GB","og_type":"article","og_title":"AYA&amp;IDA - joogipudeli k\u00e4epide, Matte Black - RUUBY","og_description":"AYA&amp;IDA pudelik\u00e4epidemed sobivad k\u00f5ikidele meie pudelitele ja h\u00f5lbustavad pudeli kaasaskandmist. Toodetud plaatina silikoonist.","og_url":"http:\/\/ruuby.ee\/en\/pood\/aksessuaarid\/joogipudelid-ja-haara-kaasa-valik\/lisad-joogipudelid-ja-haara-kaasa-valik\/ayaida-joogipudeli-kaepide-matte-black\/","og_site_name":"RUUBY","article_publisher":"https:\/\/www.facebook.com\/ruubyconcept","article_modified_time":"2026-04-04T22:25:32+00:00","og_image":[{"width":972,"height":752,"url":"http:\/\/ruuby.ee\/wp-content\/uploads\/2023\/09\/Screenshot-2023-09-01-at-17.26.15.png","type":"image\/png"}],"twitter_card":"summary_large_image","twitter_misc":{"Estimated reading time":"1 minute"},"schema":{"@context":"https:\/\/schema.org","@graph":[{"@type":["WebPage","ItemPage"],"@id":"http:\/\/ruuby.ee\/pood\/aksessuaarid\/joogipudelid-ja-haara-kaasa-valik\/lisad-joogipudelid-ja-haara-kaasa-valik\/ayaida-joogipudeli-kaepide-matte-black\/","url":"http:\/\/ruuby.ee\/pood\/aksessuaarid\/joogipudelid-ja-haara-kaasa-valik\/lisad-joogipudelid-ja-haara-kaasa-valik\/ayaida-joogipudeli-kaepide-matte-black\/","name":"AYA&amp;IDA - joogipudeli k\u00e4epide, Matte Black - RUUBY","isPartOf":{"@id":"http:\/\/ruuby.ee\/#website"},"primaryImageOfPage":{"@id":"http:\/\/ruuby.ee\/pood\/aksessuaarid\/joogipudelid-ja-haara-kaasa-valik\/lisad-joogipudelid-ja-haara-kaasa-valik\/ayaida-joogipudeli-kaepide-matte-black\/#primaryimage"},"image":{"@id":"http:\/\/ruuby.ee\/pood\/aksessuaarid\/joogipudelid-ja-haara-kaasa-valik\/lisad-joogipudelid-ja-haara-kaasa-valik\/ayaida-joogipudeli-kaepide-matte-black\/#primaryimage"},"thumbnailUrl":"https:\/\/ruuby.ee\/wp-content\/uploads\/2023\/09\/Screenshot-2023-09-01-at-17.26.15.png","datePublished":"2023-09-01T14:29:43+00:00","dateModified":"2026-04-04T22:25:32+00:00","breadcrumb":{"@id":"http:\/\/ruuby.ee\/pood\/aksessuaarid\/joogipudelid-ja-haara-kaasa-valik\/lisad-joogipudelid-ja-haara-kaasa-valik\/ayaida-joogipudeli-kaepide-matte-black\/#breadcrumb"},"inLanguage":"en-GB","potentialAction":[{"@type":"ReadAction","target":["http:\/\/ruuby.ee\/pood\/aksessuaarid\/joogipudelid-ja-haara-kaasa-valik\/lisad-joogipudelid-ja-haara-kaasa-valik\/ayaida-joogipudeli-kaepide-matte-black\/"]}]},{"@type":"ImageObject","inLanguage":"en-GB","@id":"http:\/\/ruuby.ee\/pood\/aksessuaarid\/joogipudelid-ja-haara-kaasa-valik\/lisad-joogipudelid-ja-haara-kaasa-valik\/ayaida-joogipudeli-kaepide-matte-black\/#primaryimage","url":"https:\/\/ruuby.ee\/wp-content\/uploads\/2023\/09\/Screenshot-2023-09-01-at-17.26.15.png","contentUrl":"https:\/\/ruuby.ee\/wp-content\/uploads\/2023\/09\/Screenshot-2023-09-01-at-17.26.15.png","width":972,"height":752},{"@type":"BreadcrumbList","@id":"http:\/\/ruuby.ee\/pood\/aksessuaarid\/joogipudelid-ja-haara-kaasa-valik\/lisad-joogipudelid-ja-haara-kaasa-valik\/ayaida-joogipudeli-kaepide-matte-black\/#breadcrumb","itemListElement":[{"@type":"ListItem","position":1,"name":"Kdu","item":"http:\/\/ruuby.ee\/"},{"@type":"ListItem","position":2,"name":"Pood","item":"https:\/\/ruuby.ee\/en\/pood\/"},{"@type":"ListItem","position":3,"name":"AYA&amp;IDA &#8211; joogipudeli k\u00e4epide, Matte Black"}]},{"@type":"WebSite","@id":"http:\/\/ruuby.ee\/#website","url":"http:\/\/ruuby.ee\/","name":"RUUBY","description":"Ruubys on \u00fchendatud elustiil ja disain","publisher":{"@id":"http:\/\/ruuby.ee\/#organization"},"alternateName":"Ruuby Disain","potentialAction":[{"@type":"SearchAction","target":{"@type":"EntryPoint","urlTemplate":"http:\/\/ruuby.ee\/?s={search_term_string}"},"query-input":{"@type":"PropertyValueSpecification","valueRequired":true,"valueName":"search_term_string"}}],"inLanguage":"en-GB"},{"@type":"Organization","@id":"http:\/\/ruuby.ee\/#organization","name":"Ruuby Disain O\u00dc","alternateName":"Ruuby","url":"http:\/\/ruuby.ee\/","logo":{"@type":"ImageObject","inLanguage":"en-GB","@id":"http:\/\/ruuby.ee\/#\/schema\/logo\/image\/","url":"https:\/\/ruuby.ee\/wp-content\/uploads\/2023\/06\/cropped-Black-White-Elegant-Circle-Signature-Fashion-Logo-12_large.png","contentUrl":"https:\/\/ruuby.ee\/wp-content\/uploads\/2023\/06\/cropped-Black-White-Elegant-Circle-Signature-Fashion-Logo-12_large.png","width":1280,"height":747,"caption":"Ruuby Disain O\u00dc"},"image":{"@id":"http:\/\/ruuby.ee\/#\/schema\/logo\/image\/"},"sameAs":["https:\/\/www.facebook.com\/ruubyconcept","https:\/\/www.instagram.com\/ruuby_concept\/"]}]}},"jetpack_sharing_enabled":true,"_links":{"self":[{"href":"https:\/\/ruuby.ee\/en\/wp-json\/wp\/v2\/product\/1838952","targetHints":{"allow":["GET"]}}],"collection":[{"href":"https:\/\/ruuby.ee\/en\/wp-json\/wp\/v2\/product"}],"about":[{"href":"https:\/\/ruuby.ee\/en\/wp-json\/wp\/v2\/types\/product"}],"replies":[{"embeddable":true,"href":"https:\/\/ruuby.ee\/en\/wp-json\/wp\/v2\/comments?post=1838952"}],"wp:featuredmedia":[{"embeddable":true,"href":"https:\/\/ruuby.ee\/en\/wp-json\/wp\/v2\/media\/1838948"}],"wp:attachment":[{"href":"https:\/\/ruuby.ee\/en\/wp-json\/wp\/v2\/media?parent=1838952"}],"wp:term":[{"taxonomy":"product_brand","embeddable":true,"href":"https:\/\/ruuby.ee\/en\/wp-json\/wp\/v2\/product_brand?post=1838952"},{"taxonomy":"product_cat","embeddable":true,"href":"https:\/\/ruuby.ee\/en\/wp-json\/wp\/v2\/product_cat?post=1838952"},{"taxonomy":"product_tag","embeddable":true,"href":"https:\/\/ruuby.ee\/en\/wp-json\/wp\/v2\/product_tag?post=1838952"}],"curies":[{"name":"wp","href":"https:\/\/api.w.org\/{rel}","templated":true}]}}