{"id":1838912,"date":"2023-09-01T15:24:59","date_gmt":"2023-09-01T12:24:59","guid":{"rendered":"http:\/\/ruuby.ee\/?post_type=product&#038;p=1838912"},"modified":"2026-04-08T01:28:40","modified_gmt":"2026-04-07T22:28:40","slug":"ayaida-lounasoogikarp-soft-rose-1000ml","status":"publish","type":"product","link":"https:\/\/ruuby.ee\/en\/pood\/aksessuaarid\/joogipudelid-ja-haara-kaasa-valik\/soogitarvikud\/ayaida-lounasoogikarp-soft-rose-1000ml\/","title":{"rendered":"AYA&amp;IDA &#8211; l\u00f5unas\u00f6\u00f6gikarp, Soft Rose, 1000ml"},"content":{"rendered":"<p>L\u00f5unas\u00f6\u00f6gikarp sobib suurep\u00e4raselt kooli, kontorisse v\u00f5i liikvel olles kaasa. T\u00e4ielikult suletuna 100% lekkekindel. Valmistatud toidukvaliteediga 18\/8 roostevabast terasest ja plaatina silikoonist. \u00c4rge unustage kaant korralikul sulgeda. \u00dcmbrisrihm annab lisa kindluse, et kaan ei saaks lahti minna. Et karp avada &#8211; eemalda silikoonist \u00fcmbris ja t\u00f5sta kaan \u00fclesse ning kasuta seda j\u00e4lle ja j\u00e4lle!<\/p>\n<p>Hoiab sinu toidu v\u00e4rskena!<\/p>\n<p>&nbsp;<\/p>\n<p>Komplekti kuulud jaotur, millega saad eraldada karbis s\u00f6\u00f6gi sisu.<\/p>\n<p>Juurde on v\u00f5imalik osta s\u00f6\u00f6miseks AYA&amp;IDA kahvel ja lisa jaotur.<\/p>\n<p>AYA&amp;IDA on 2018. aastal asutatud Taani pereettev\u00f5te. AYA &amp; IDA on nende t\u00fctarde nimede kombinatsioon ning AYA&amp;IDA \u00fcldine m\u00f5te on m\u00f5elda j\u00e4rgmistele p\u00f5lvkondadele ja arvestada iga kasutusega.<\/p>\n<p>\u00dchendatud on disain, funktsionaalsus ja elegants k\u00f5ikides toodetes ja k\u00f5ik on seotud missiooniga \u2013 vabastada planeet liialdatud plastikogusest, muutes samal ajal inimesi, kellel ei ole samasuguseid v\u00f5imalusi kui meil Euroopas.<\/p>\n<p>J\u00e4reltellitava toote tarne 10 t\u00f6\u00f6p\u00e4eva.<\/p>","protected":false},"excerpt":{"rendered":"<p>L\u00f5unas\u00f6\u00f6gikarp sobib suurep\u00e4raselt kooli, kontorisse v\u00f5i liikvel olles kaasa. T\u00e4ielikult suletuna 100% lekkekindel. Valmistatud toidukvaliteediga 18\/8 roostevabast terasest ja plaatina silikoonist. \u00c4rge unustage kaant korralikul sulgeda. \u00dcmbrisrihm annab lisa kindluse, et kaan ei saaks lahti minna. Et karp avada &#8211; eemalda silikoonist \u00fcmbris ja t\u00f5sta kaan \u00fclesse ning kasuta seda j\u00e4lle ja j\u00e4lle! Hoiab sinu [&hellip;]<\/p>\n","protected":false},"featured_media":1838913,"comment_status":"open","ping_status":"closed","template":"","meta":[],"product_brand":[],"product_cat":[463,393,842],"product_tag":[],"class_list":{"0":"post-1838912","1":"product","2":"type-product","3":"status-publish","4":"has-post-thumbnail","6":"product_cat-joogipudelid-ja-haara-kaasa-valik","7":"product_cat-lastetoidud","8":"product_cat-soogitarvikud","10":"first","11":"outofstock","12":"taxable","13":"shipping-taxable","14":"purchasable","15":"product-type-simple"},"yoast_head":"<!-- This site is optimized with the Yoast SEO plugin v27.3 - https:\/\/yoast.com\/product\/yoast-seo-wordpress\/ -->\n<title>AYA&amp;IDA - l\u00f5unas\u00f6\u00f6gikarp, Soft Rose, 1000ml - RUUBY<\/title>\n<meta name=\"robots\" content=\"index, follow, max-snippet:-1, max-image-preview:large, max-video-preview:-1\" \/>\n<link rel=\"canonical\" href=\"https:\/\/ruuby.ee\/en\/pood\/aksessuaarid\/joogipudelid-ja-haara-kaasa-valik\/soogitarvikud\/ayaida-lounasoogikarp-soft-rose-1000ml\/\" \/>\n<meta property=\"og:locale\" content=\"en_GB\" \/>\n<meta property=\"og:type\" content=\"article\" \/>\n<meta property=\"og:title\" content=\"AYA&amp;IDA - l\u00f5unas\u00f6\u00f6gikarp, Soft Rose, 1000ml - RUUBY\" \/>\n<meta property=\"og:description\" content=\"L\u00f5unas\u00f6\u00f6gikarp sobib suurep\u00e4raselt kooli, kontorisse v\u00f5i liikvel olles kaasa. T\u00e4ielikult suletuna 100% lekkekindel. Valmistatud toidukvaliteediga 18\/8 roostevabast terasest ja plaatina silikoonist. \u00c4rge unustage kaant korralikul sulgeda. \u00dcmbrisrihm annab lisa kindluse, et kaan ei saaks lahti minna. Et karp avada &#8211; eemalda silikoonist \u00fcmbris ja t\u00f5sta kaan \u00fclesse ning kasuta seda j\u00e4lle ja j\u00e4lle! Hoiab sinu [&hellip;]\" \/>\n<meta property=\"og:url\" content=\"https:\/\/ruuby.ee\/en\/pood\/aksessuaarid\/joogipudelid-ja-haara-kaasa-valik\/soogitarvikud\/ayaida-lounasoogikarp-soft-rose-1000ml\/\" \/>\n<meta property=\"og:site_name\" content=\"RUUBY\" \/>\n<meta property=\"article:publisher\" content=\"https:\/\/www.facebook.com\/ruubyconcept\" \/>\n<meta property=\"article:modified_time\" content=\"2026-04-07T22:28:40+00:00\" \/>\n<meta property=\"og:image\" content=\"https:\/\/ruuby.ee\/wp-content\/uploads\/2023\/09\/Screenshot-2023-09-01-at-15.10.20.png\" \/>\n\t<meta property=\"og:image:width\" content=\"680\" \/>\n\t<meta property=\"og:image:height\" content=\"546\" \/>\n\t<meta property=\"og:image:type\" content=\"image\/png\" \/>\n<meta name=\"twitter:card\" content=\"summary_large_image\" \/>\n<meta name=\"twitter:label1\" content=\"Estimated reading time\" \/>\n\t<meta name=\"twitter:data1\" content=\"1 minute\" \/>\n<script type=\"application\/ld+json\" class=\"yoast-schema-graph\">{\"@context\":\"https:\\\/\\\/schema.org\",\"@graph\":[{\"@type\":[\"WebPage\",\"ItemPage\"],\"@id\":\"https:\\\/\\\/ruuby.ee\\\/pood\\\/aksessuaarid\\\/joogipudelid-ja-haara-kaasa-valik\\\/soogitarvikud\\\/ayaida-lounasoogikarp-soft-rose-1000ml\\\/\",\"url\":\"https:\\\/\\\/ruuby.ee\\\/pood\\\/aksessuaarid\\\/joogipudelid-ja-haara-kaasa-valik\\\/soogitarvikud\\\/ayaida-lounasoogikarp-soft-rose-1000ml\\\/\",\"name\":\"AYA&amp;IDA - l\u00f5unas\u00f6\u00f6gikarp, Soft Rose, 1000ml - RUUBY\",\"isPartOf\":{\"@id\":\"http:\\\/\\\/ruuby.ee\\\/en\\\/#website\"},\"primaryImageOfPage\":{\"@id\":\"https:\\\/\\\/ruuby.ee\\\/pood\\\/aksessuaarid\\\/joogipudelid-ja-haara-kaasa-valik\\\/soogitarvikud\\\/ayaida-lounasoogikarp-soft-rose-1000ml\\\/#primaryimage\"},\"image\":{\"@id\":\"https:\\\/\\\/ruuby.ee\\\/pood\\\/aksessuaarid\\\/joogipudelid-ja-haara-kaasa-valik\\\/soogitarvikud\\\/ayaida-lounasoogikarp-soft-rose-1000ml\\\/#primaryimage\"},\"thumbnailUrl\":\"https:\\\/\\\/ruuby.ee\\\/wp-content\\\/uploads\\\/2023\\\/09\\\/Screenshot-2023-09-01-at-15.10.20.png\",\"datePublished\":\"2023-09-01T12:24:59+00:00\",\"dateModified\":\"2026-04-07T22:28:40+00:00\",\"breadcrumb\":{\"@id\":\"https:\\\/\\\/ruuby.ee\\\/pood\\\/aksessuaarid\\\/joogipudelid-ja-haara-kaasa-valik\\\/soogitarvikud\\\/ayaida-lounasoogikarp-soft-rose-1000ml\\\/#breadcrumb\"},\"inLanguage\":\"en-GB\",\"potentialAction\":[{\"@type\":\"ReadAction\",\"target\":[\"https:\\\/\\\/ruuby.ee\\\/pood\\\/aksessuaarid\\\/joogipudelid-ja-haara-kaasa-valik\\\/soogitarvikud\\\/ayaida-lounasoogikarp-soft-rose-1000ml\\\/\"]}]},{\"@type\":\"ImageObject\",\"inLanguage\":\"en-GB\",\"@id\":\"https:\\\/\\\/ruuby.ee\\\/pood\\\/aksessuaarid\\\/joogipudelid-ja-haara-kaasa-valik\\\/soogitarvikud\\\/ayaida-lounasoogikarp-soft-rose-1000ml\\\/#primaryimage\",\"url\":\"https:\\\/\\\/ruuby.ee\\\/wp-content\\\/uploads\\\/2023\\\/09\\\/Screenshot-2023-09-01-at-15.10.20.png\",\"contentUrl\":\"https:\\\/\\\/ruuby.ee\\\/wp-content\\\/uploads\\\/2023\\\/09\\\/Screenshot-2023-09-01-at-15.10.20.png\",\"width\":680,\"height\":546},{\"@type\":\"BreadcrumbList\",\"@id\":\"https:\\\/\\\/ruuby.ee\\\/pood\\\/aksessuaarid\\\/joogipudelid-ja-haara-kaasa-valik\\\/soogitarvikud\\\/ayaida-lounasoogikarp-soft-rose-1000ml\\\/#breadcrumb\",\"itemListElement\":[{\"@type\":\"ListItem\",\"position\":1,\"name\":\"Kdu\",\"item\":\"http:\\\/\\\/ruuby.ee\\\/en\\\/\"},{\"@type\":\"ListItem\",\"position\":2,\"name\":\"Pood\",\"item\":\"http:\\\/\\\/ruuby.ee\\\/en\\\/pood\\\/\"},{\"@type\":\"ListItem\",\"position\":3,\"name\":\"AYA&amp;IDA &#8211; l\u00f5unas\u00f6\u00f6gikarp, Soft Rose, 1000ml\"}]},{\"@type\":\"WebSite\",\"@id\":\"http:\\\/\\\/ruuby.ee\\\/en\\\/#website\",\"url\":\"http:\\\/\\\/ruuby.ee\\\/en\\\/\",\"name\":\"RUUBY\",\"description\":\"Ruubys on \u00fchendatud elustiil ja disain\",\"publisher\":{\"@id\":\"http:\\\/\\\/ruuby.ee\\\/en\\\/#organization\"},\"alternateName\":\"Ruuby Disain\",\"potentialAction\":[{\"@type\":\"SearchAction\",\"target\":{\"@type\":\"EntryPoint\",\"urlTemplate\":\"http:\\\/\\\/ruuby.ee\\\/en\\\/?s={search_term_string}\"},\"query-input\":{\"@type\":\"PropertyValueSpecification\",\"valueRequired\":true,\"valueName\":\"search_term_string\"}}],\"inLanguage\":\"en-GB\"},{\"@type\":\"Organization\",\"@id\":\"http:\\\/\\\/ruuby.ee\\\/en\\\/#organization\",\"name\":\"Ruuby Disain O\u00dc\",\"alternateName\":\"Ruuby\",\"url\":\"http:\\\/\\\/ruuby.ee\\\/en\\\/\",\"logo\":{\"@type\":\"ImageObject\",\"inLanguage\":\"en-GB\",\"@id\":\"http:\\\/\\\/ruuby.ee\\\/en\\\/#\\\/schema\\\/logo\\\/image\\\/\",\"url\":\"https:\\\/\\\/ruuby.ee\\\/wp-content\\\/uploads\\\/2023\\\/06\\\/cropped-Black-White-Elegant-Circle-Signature-Fashion-Logo-12_large.png\",\"contentUrl\":\"https:\\\/\\\/ruuby.ee\\\/wp-content\\\/uploads\\\/2023\\\/06\\\/cropped-Black-White-Elegant-Circle-Signature-Fashion-Logo-12_large.png\",\"width\":1280,\"height\":747,\"caption\":\"Ruuby Disain O\u00dc\"},\"image\":{\"@id\":\"http:\\\/\\\/ruuby.ee\\\/en\\\/#\\\/schema\\\/logo\\\/image\\\/\"},\"sameAs\":[\"https:\\\/\\\/www.facebook.com\\\/ruubyconcept\",\"https:\\\/\\\/www.instagram.com\\\/ruuby_concept\\\/\"]}]}<\/script>\n<!-- \/ Yoast SEO plugin. -->","yoast_head_json":{"title":"AYA&amp;IDA - l\u00f5unas\u00f6\u00f6gikarp, Soft Rose, 1000ml - RUUBY","robots":{"index":"index","follow":"follow","max-snippet":"max-snippet:-1","max-image-preview":"max-image-preview:large","max-video-preview":"max-video-preview:-1"},"canonical":"https:\/\/ruuby.ee\/en\/pood\/aksessuaarid\/joogipudelid-ja-haara-kaasa-valik\/soogitarvikud\/ayaida-lounasoogikarp-soft-rose-1000ml\/","og_locale":"en_GB","og_type":"article","og_title":"AYA&amp;IDA - l\u00f5unas\u00f6\u00f6gikarp, Soft Rose, 1000ml - RUUBY","og_description":"L\u00f5unas\u00f6\u00f6gikarp sobib suurep\u00e4raselt kooli, kontorisse v\u00f5i liikvel olles kaasa. T\u00e4ielikult suletuna 100% lekkekindel. Valmistatud toidukvaliteediga 18\/8 roostevabast terasest ja plaatina silikoonist. \u00c4rge unustage kaant korralikul sulgeda. \u00dcmbrisrihm annab lisa kindluse, et kaan ei saaks lahti minna. Et karp avada &#8211; eemalda silikoonist \u00fcmbris ja t\u00f5sta kaan \u00fclesse ning kasuta seda j\u00e4lle ja j\u00e4lle! Hoiab sinu [&hellip;]","og_url":"https:\/\/ruuby.ee\/en\/pood\/aksessuaarid\/joogipudelid-ja-haara-kaasa-valik\/soogitarvikud\/ayaida-lounasoogikarp-soft-rose-1000ml\/","og_site_name":"RUUBY","article_publisher":"https:\/\/www.facebook.com\/ruubyconcept","article_modified_time":"2026-04-07T22:28:40+00:00","og_image":[{"width":680,"height":546,"url":"https:\/\/ruuby.ee\/wp-content\/uploads\/2023\/09\/Screenshot-2023-09-01-at-15.10.20.png","type":"image\/png"}],"twitter_card":"summary_large_image","twitter_misc":{"Estimated reading time":"1 minute"},"schema":{"@context":"https:\/\/schema.org","@graph":[{"@type":["WebPage","ItemPage"],"@id":"https:\/\/ruuby.ee\/pood\/aksessuaarid\/joogipudelid-ja-haara-kaasa-valik\/soogitarvikud\/ayaida-lounasoogikarp-soft-rose-1000ml\/","url":"https:\/\/ruuby.ee\/pood\/aksessuaarid\/joogipudelid-ja-haara-kaasa-valik\/soogitarvikud\/ayaida-lounasoogikarp-soft-rose-1000ml\/","name":"AYA&amp;IDA - l\u00f5unas\u00f6\u00f6gikarp, Soft Rose, 1000ml - RUUBY","isPartOf":{"@id":"http:\/\/ruuby.ee\/en\/#website"},"primaryImageOfPage":{"@id":"https:\/\/ruuby.ee\/pood\/aksessuaarid\/joogipudelid-ja-haara-kaasa-valik\/soogitarvikud\/ayaida-lounasoogikarp-soft-rose-1000ml\/#primaryimage"},"image":{"@id":"https:\/\/ruuby.ee\/pood\/aksessuaarid\/joogipudelid-ja-haara-kaasa-valik\/soogitarvikud\/ayaida-lounasoogikarp-soft-rose-1000ml\/#primaryimage"},"thumbnailUrl":"https:\/\/ruuby.ee\/wp-content\/uploads\/2023\/09\/Screenshot-2023-09-01-at-15.10.20.png","datePublished":"2023-09-01T12:24:59+00:00","dateModified":"2026-04-07T22:28:40+00:00","breadcrumb":{"@id":"https:\/\/ruuby.ee\/pood\/aksessuaarid\/joogipudelid-ja-haara-kaasa-valik\/soogitarvikud\/ayaida-lounasoogikarp-soft-rose-1000ml\/#breadcrumb"},"inLanguage":"en-GB","potentialAction":[{"@type":"ReadAction","target":["https:\/\/ruuby.ee\/pood\/aksessuaarid\/joogipudelid-ja-haara-kaasa-valik\/soogitarvikud\/ayaida-lounasoogikarp-soft-rose-1000ml\/"]}]},{"@type":"ImageObject","inLanguage":"en-GB","@id":"https:\/\/ruuby.ee\/pood\/aksessuaarid\/joogipudelid-ja-haara-kaasa-valik\/soogitarvikud\/ayaida-lounasoogikarp-soft-rose-1000ml\/#primaryimage","url":"https:\/\/ruuby.ee\/wp-content\/uploads\/2023\/09\/Screenshot-2023-09-01-at-15.10.20.png","contentUrl":"https:\/\/ruuby.ee\/wp-content\/uploads\/2023\/09\/Screenshot-2023-09-01-at-15.10.20.png","width":680,"height":546},{"@type":"BreadcrumbList","@id":"https:\/\/ruuby.ee\/pood\/aksessuaarid\/joogipudelid-ja-haara-kaasa-valik\/soogitarvikud\/ayaida-lounasoogikarp-soft-rose-1000ml\/#breadcrumb","itemListElement":[{"@type":"ListItem","position":1,"name":"Kdu","item":"http:\/\/ruuby.ee\/en\/"},{"@type":"ListItem","position":2,"name":"Pood","item":"http:\/\/ruuby.ee\/en\/pood\/"},{"@type":"ListItem","position":3,"name":"AYA&amp;IDA &#8211; l\u00f5unas\u00f6\u00f6gikarp, Soft Rose, 1000ml"}]},{"@type":"WebSite","@id":"http:\/\/ruuby.ee\/en\/#website","url":"http:\/\/ruuby.ee\/en\/","name":"RUUBY","description":"Ruubys on \u00fchendatud elustiil ja disain","publisher":{"@id":"http:\/\/ruuby.ee\/en\/#organization"},"alternateName":"Ruuby Disain","potentialAction":[{"@type":"SearchAction","target":{"@type":"EntryPoint","urlTemplate":"http:\/\/ruuby.ee\/en\/?s={search_term_string}"},"query-input":{"@type":"PropertyValueSpecification","valueRequired":true,"valueName":"search_term_string"}}],"inLanguage":"en-GB"},{"@type":"Organization","@id":"http:\/\/ruuby.ee\/en\/#organization","name":"Ruuby Disain O\u00dc","alternateName":"Ruuby","url":"http:\/\/ruuby.ee\/en\/","logo":{"@type":"ImageObject","inLanguage":"en-GB","@id":"http:\/\/ruuby.ee\/en\/#\/schema\/logo\/image\/","url":"https:\/\/ruuby.ee\/wp-content\/uploads\/2023\/06\/cropped-Black-White-Elegant-Circle-Signature-Fashion-Logo-12_large.png","contentUrl":"https:\/\/ruuby.ee\/wp-content\/uploads\/2023\/06\/cropped-Black-White-Elegant-Circle-Signature-Fashion-Logo-12_large.png","width":1280,"height":747,"caption":"Ruuby Disain O\u00dc"},"image":{"@id":"http:\/\/ruuby.ee\/en\/#\/schema\/logo\/image\/"},"sameAs":["https:\/\/www.facebook.com\/ruubyconcept","https:\/\/www.instagram.com\/ruuby_concept\/"]}]}},"jetpack_sharing_enabled":true,"_links":{"self":[{"href":"https:\/\/ruuby.ee\/en\/wp-json\/wp\/v2\/product\/1838912","targetHints":{"allow":["GET"]}}],"collection":[{"href":"https:\/\/ruuby.ee\/en\/wp-json\/wp\/v2\/product"}],"about":[{"href":"https:\/\/ruuby.ee\/en\/wp-json\/wp\/v2\/types\/product"}],"replies":[{"embeddable":true,"href":"https:\/\/ruuby.ee\/en\/wp-json\/wp\/v2\/comments?post=1838912"}],"wp:featuredmedia":[{"embeddable":true,"href":"https:\/\/ruuby.ee\/en\/wp-json\/wp\/v2\/media\/1838913"}],"wp:attachment":[{"href":"https:\/\/ruuby.ee\/en\/wp-json\/wp\/v2\/media?parent=1838912"}],"wp:term":[{"taxonomy":"product_brand","embeddable":true,"href":"https:\/\/ruuby.ee\/en\/wp-json\/wp\/v2\/product_brand?post=1838912"},{"taxonomy":"product_cat","embeddable":true,"href":"https:\/\/ruuby.ee\/en\/wp-json\/wp\/v2\/product_cat?post=1838912"},{"taxonomy":"product_tag","embeddable":true,"href":"https:\/\/ruuby.ee\/en\/wp-json\/wp\/v2\/product_tag?post=1838912"}],"curies":[{"name":"wp","href":"https:\/\/api.w.org\/{rel}","templated":true}]}}